{"id":12872,"date":"2021-06-11T23:35:06","date_gmt":"2021-06-11T20:35:06","guid":{"rendered":"https:\/\/sachviet.eu\/shop\/lam-cha-me-tinh-thuc-chuyen-hoa-ban-than-trao-quyen-cho-con-cai-2\/"},"modified":"2021-08-11T19:24:54","modified_gmt":"2021-08-11T16:24:54","slug":"lam-cha-me-tinh-thuc-chuyen-hoa-ban-than-trao-quyen-cho-con-cai-2","status":"publish","type":"product","link":"https:\/\/sachviet.eu\/en\/shop\/lam-cha-me-tinh-thuc-chuyen-hoa-ban-than-trao-quyen-cho-con-cai-2\/","title":{"rendered":"L\u00e0m Cha M\u1eb9 T\u1ec9nh Th\u1ee9c &#8211; Chuy\u1ec3n H\u00f3a B\u1ea3n Th\u00e2n, Trao Quy\u1ec1n Cho Con C\u00e1i"},"content":{"rendered":"<p>Khi nu\u00f4i d\u1ea1y con c\u00e1i, ta th\u01b0\u1eddng xuy\u00ean b\u1eaft g\u1eb7p m\u00ecnh \u0111\u1ee9ng tr\u01b0\u1edbc cu\u1ed9c chi\u1ebfn gi\u1eefa l\u00fd tr\u00ed v\u00e0 con tim, nh\u01b0 lu\u00f4n ph\u1ea3i \u0111i th\u0103ng b\u1eb1ng tr\u00ean d\u00e2y. M\u1ed9t ph\u1ea3n \u1ee9ng kh\u00f4ng ph\u00f9 h\u1ee3p c\u00f3 th\u1ec3 l\u00e0m kh\u00f4 h\u00e9o t\u00e2m h\u1ed3n con, ng\u01b0\u1ee3c l\u1ea1i, m\u1ed9t l\u1eddi khen ng\u1ee3i \u0111\u00fang l\u00fac c\u00f3 th\u1ec3 t\u1ea1o c\u1ea3m h\u1ee9ng \u0111\u1ec3 con th\u0103ng hoa. Trong m\u1ed7i kho\u1ea3nh kh\u1eafc, ta \u0111\u1ec1u ph\u1ea3i l\u1ef1a ch\u1ecdn x\u00e2y hay ph\u00e1, s\u01b0\u1edfi \u1ea5m hay l\u00e0m ngu\u1ed9i l\u1ea1nh t\u00e2m h\u1ed3n con tr\u1ebb.<\/p>\n<p>H\u1ea7u h\u1ebft ph\u1ee5 huynh ch\u00fang ta \u0111\u1ec1u v\u00f4 t\u00ecnh v\u1ea5p v\u00e0o c\u00e1i b\u1eaby c\u1ee7a vi\u1ec7c \u00e1p \u0111\u1eb7t mong mu\u1ed1n c\u1ee7a m\u00ecnh l\u00ean con c\u00e1i. H\u1ec7 qu\u1ea3 l\u00e0 thay v\u00ec nu\u00f4i d\u01b0\u1ee1ng, m\u1ed1i quan h\u1ec7 cha m\u1eb9 &#8211; con c\u00e1i l\u1ea1i th\u01b0\u1eddng xuy\u00ean b\u00f3p ch\u1ebft t\u00e2m h\u1ed3n \u0111\u1ee9a tr\u1ebb. \u0110\u00e2y l\u00e0 l\u00fd do m\u1ea5u ch\u1ed1t t\u1ea1i sao hi\u1ec7n nay r\u1ea5t nhi\u1ec1u tr\u1ebb em l\u1edbn l\u00ean trong hoang mang v\u00e0 trong nhi\u1ec1u tr\u01b0\u1eddng h\u1ee3p \u0111\u1ec3 l\u1ea1i h\u1eadu qu\u1ea3 b\u1ec7nh l\u00fd.<\/p>\n<p>\u0110i\u1ec1u quan tr\u1ecdng nh\u1ea5t b\u1ea1n ph\u1ea3i nh\u1eadn ra khi nu\u00f4i d\u1ea1y con l\u00e0 kh\u00f4ng ph\u1ea3i m\u00ecnh \u0111ang nu\u00f4i d\u01b0\u1ee1ng m\u1ed9t &#8220;b\u1ea3n sao thu nh\u1ecf&#8221;, m\u00e0 l\u00e0 m\u1ed9t linh h\u1ed3n s\u1ed1ng \u0111\u1ed9ng ri\u00eang bi\u1ec7t. Con c\u00e1i kh\u00f4ng ph\u1ea3i l\u00e0 v\u1eadt s\u1edf h\u1eefu c\u1ee7a ta theo b\u1ea5t c\u1ee9 c\u00e1ch n\u00e0o. Khi hi\u1ec3u s\u00e2u s\u1eafc \u0111i\u1ec1u n\u00e0y, ta bi\u1ebft \u0111i\u1ec1u ch\u1ec9nh c\u00e1ch nu\u00f4i d\u01b0\u1ee1ng con theo nhu c\u1ea7u c\u1ee7a con, ch\u1ee9 kh\u00f4ng nh\u00e0o n\u1eb7n con cho v\u1eeba v\u1edbi nhu c\u1ea7u c\u1ee7a ta.<\/p>\n<p>L\u00e0m cha m\u1eb9 t\u1ec9nh th\u1ee9c \u0111\u01b0\u1ee3c vi\u1ebft ra v\u1edbi mong mu\u1ed1n \u0111\u1ed9c gi\u1ea3, nh\u1eefng ng\u01b0\u1eddi ng\u00e0y ng\u00e0y v\u1eadt l\u1ed9n v\u1edbi thi\u00ean ch\u1ee9c l\u00e0m cha m\u1eb9 &#8211; \u0111\u1eb7c bi\u1ec7t l\u00e0 nh\u1eefng b\u1eadc ph\u1ee5 huynh \u0111ang c\u00f3 con \u1edf tu\u1ed5i v\u1ecb th\u00e0nh ni\u00ean, t\u00ecm th\u1ea5y phao c\u1ee9u sinh c\u1ee7a m\u00ecnh.<\/p>\n<p>V\u00e0 kh\u00f4ng bao gi\u1edd l\u00e0 mu\u1ed9n ngay c\u1ea3 \u0111\u1ed1i v\u1edbi nh\u1eefng ph\u1ee5 huynh \u0111ang g\u1eb7p kh\u00f3 kh\u0103n trong vi\u1ec7c g\u1ea7n g\u0169i v\u1edbi con \u1edf b\u1ea5t k\u1ef3 l\u1ee9a tu\u1ed5i n\u00e0o. T\u1ea5t nhi\u00ean, n\u1ebfu b\u1ea1n c\u00f3 con nh\u1ecf h\u01a1n th\u00ec vi\u1ec7c thi\u1ebft l\u1eadp n\u1ec1n t\u1ea3ng v\u1eefng ch\u1eafc c\u00e0ng s\u1edbm c\u00e0ng mang l\u1ea1i nhi\u1ec1u l\u1ee3i \u00edch.<\/p>\n","protected":false},"excerpt":{"rendered":"<p>Khi nu\u00f4i d\u1ea1y con c\u00e1i, ta th\u01b0\u1eddng xuy\u00ean b\u1eaft g\u1eb7p m\u00ecnh \u0111\u1ee9ng tr\u01b0\u1edbc cu\u1ed9c chi\u1ebfn gi\u1eefa l\u00fd tr\u00ed v\u00e0 con tim, nh\u01b0 lu\u00f4n ph\u1ea3i \u0111i th\u0103ng b\u1eb1ng tr\u00ean d\u00e2y. M\u1ed9t ph\u1ea3n \u1ee9ng kh\u00f4ng ph\u00f9 h\u1ee3p c\u00f3 th\u1ec3 l\u00e0m kh\u00f4 h\u00e9o t\u00e2m h\u1ed3n con, ng\u01b0\u1ee3c l\u1ea1i, m\u1ed9t l\u1eddi khen ng\u1ee3i \u0111\u00fang l\u00fac c\u00f3 th\u1ec3 t\u1ea1o c\u1ea3m h\u1ee9ng \u0111\u1ec3 con th\u0103ng hoa. Trong m\u1ed7i kho\u1ea3nh kh\u1eafc, ta \u0111\u1ec1u ph\u1ea3i l\u1ef1a ch\u1ecdn x\u00e2y hay ph\u00e1, s\u01b0\u1edfi \u1ea5m hay l\u00e0m ngu\u1ed9i l\u1ea1nh t\u00e2m h\u1ed3n con tr\u1ebb.<\/p>\n<p>H\u1ea7u h\u1ebft ph\u1ee5 huynh ch\u00fang ta \u0111\u1ec1u v\u00f4 t\u00ecnh v\u1ea5p v\u00e0o c\u00e1i b\u1eaby c\u1ee7a vi\u1ec7c \u00e1p \u0111\u1eb7t mong mu\u1ed1n c\u1ee7a m\u00ecnh l\u00ean con c\u00e1i. H\u1ec7 qu\u1ea3 l\u00e0 thay v\u00ec nu\u00f4i d\u01b0\u1ee1ng, m\u1ed1i quan h\u1ec7 cha m\u1eb9 &#8211; con c\u00e1i l\u1ea1i th\u01b0\u1eddng xuy\u00ean b\u00f3p ch\u1ebft t\u00e2m h\u1ed3n \u0111\u1ee9a tr\u1ebb. \u0110\u00e2y l\u00e0 l\u00fd do m\u1ea5u ch\u1ed1t t\u1ea1i sao hi\u1ec7n nay r\u1ea5t nhi\u1ec1u tr\u1ebb em l\u1edbn l\u00ean trong hoang mang v\u00e0 trong nhi\u1ec1u tr\u01b0\u1eddng h\u1ee3p \u0111\u1ec3 l\u1ea1i h\u1eadu qu\u1ea3 b\u1ec7nh l\u00fd.<\/p>\n<p>\u0110i\u1ec1u quan tr\u1ecdng nh\u1ea5t b\u1ea1n ph\u1ea3i nh\u1eadn ra khi nu\u00f4i d\u1ea1y con l\u00e0 kh\u00f4ng ph\u1ea3i m\u00ecnh \u0111ang nu\u00f4i d\u01b0\u1ee1ng m\u1ed9t &#8220;b\u1ea3n sao thu nh\u1ecf&#8221;, m\u00e0 l\u00e0 m\u1ed9t linh h\u1ed3n s\u1ed1ng \u0111\u1ed9ng ri\u00eang bi\u1ec7t. Con c\u00e1i kh\u00f4ng ph\u1ea3i l\u00e0 v\u1eadt s\u1edf h\u1eefu c\u1ee7a ta theo b\u1ea5t c\u1ee9 c\u00e1ch n\u00e0o. Khi hi\u1ec3u s\u00e2u s\u1eafc \u0111i\u1ec1u n\u00e0y, ta bi\u1ebft \u0111i\u1ec1u ch\u1ec9nh c\u00e1ch nu\u00f4i d\u01b0\u1ee1ng con theo nhu c\u1ea7u c\u1ee7a con, ch\u1ee9 kh\u00f4ng nh\u00e0o n\u1eb7n con cho v\u1eeba v\u1edbi nhu c\u1ea7u c\u1ee7a ta.<\/p>\n<p>L\u00e0m cha m\u1eb9 t\u1ec9nh th\u1ee9c \u0111\u01b0\u1ee3c vi\u1ebft ra v\u1edbi mong mu\u1ed1n \u0111\u1ed9c gi\u1ea3, nh\u1eefng ng\u01b0\u1eddi ng\u00e0y ng\u00e0y v\u1eadt l\u1ed9n v\u1edbi thi\u00ean ch\u1ee9c l\u00e0m cha m\u1eb9 &#8211; \u0111\u1eb7c bi\u1ec7t l\u00e0 nh\u1eefng b\u1eadc ph\u1ee5 huynh \u0111ang c\u00f3 con \u1edf tu\u1ed5i v\u1ecb th\u00e0nh ni\u00ean, t\u00ecm th\u1ea5y phao c\u1ee9u sinh c\u1ee7a m\u00ecnh.<\/p>\n<p>V\u00e0 kh\u00f4ng bao gi\u1edd l\u00e0 mu\u1ed9n ngay c\u1ea3 \u0111\u1ed1i v\u1edbi nh\u1eefng ph\u1ee5 huynh \u0111ang g\u1eb7p kh\u00f3 kh\u0103n trong vi\u1ec7c g\u1ea7n g\u0169i v\u1edbi con \u1edf b\u1ea5t k\u1ef3 l\u1ee9a tu\u1ed5i n\u00e0o. T\u1ea5t nhi\u00ean, n\u1ebfu b\u1ea1n c\u00f3 con nh\u1ecf h\u01a1n th\u00ec vi\u1ec7c thi\u1ebft l\u1eadp n\u1ec1n t\u1ea3ng v\u1eefng ch\u1eafc c\u00e0ng s\u1edbm c\u00e0ng mang l\u1ea1i nhi\u1ec1u l\u1ee3i \u00edch.<\/p>\n","protected":false},"featured_media":12855,"template":"","meta":{"_acf_changed":false},"product_brand":[],"product_cat":[19],"product_tag":[],"class_list":{"0":"post-12872","1":"product","2":"type-product","3":"status-publish","4":"has-post-thumbnail","6":"product_cat-nuoi-day-con","8":"first","9":"outofstock","10":"taxable","11":"shipping-taxable","12":"purchasable","13":"product-type-simple"},"supplier_id":null,"supplier_sku":"","barcode":null,"atum_controlled":true,"out_stock_date":"2021-08-11 16:24:54","out_stock_threshold":null,"inheritable":false,"inbound_stock":0,"stock_on_hold":0,"sold_today":0,"sales_last_days":0,"reserved_stock":0,"customer_returns":0,"warehouse_damage":0,"lost_in_post":0,"other_logs":0,"out_stock_days":1631,"lost_sales":0,"has_location":false,"update_date":"2026-01-28T23:10:52","atum_locations":[],"atum_stock_status":"outofstock","restock_status":false,"low_stock_amount":"","sales_update_date":"2026-01-28T23:10:52","calc_backorders":null,"acf":{"publisher":{"ID":1474,"post_author":"1","post_date":"2021-02-17 01:12:51","post_date_gmt":"2021-02-16 23:12:51","post_content":"","post_title":"Th\u00e1i H\u00e0","post_excerpt":"","post_status":"publish","comment_status":"closed","ping_status":"closed","post_password":"","post_name":"thai-ha","to_ping":"","pinged":"","post_modified":"2021-02-17 01:12:51","post_modified_gmt":"2021-02-16 23:12:51","post_content_filtered":"","post_parent":0,"guid":"https:\/\/sachviet.eu\/nha-phat-hanh\/thai-ha\/","menu_order":0,"post_type":"publisher","post_mime_type":"","comment_count":"0","filter":"raw"}},"_links":{"self":[{"href":"https:\/\/sachviet.eu\/en\/wp-json\/wp\/v2\/product\/12872","targetHints":{"allow":["GET"]}}],"collection":[{"href":"https:\/\/sachviet.eu\/en\/wp-json\/wp\/v2\/product"}],"about":[{"href":"https:\/\/sachviet.eu\/en\/wp-json\/wp\/v2\/types\/product"}],"wp:featuredmedia":[{"embeddable":true,"href":"https:\/\/sachviet.eu\/en\/wp-json\/wp\/v2\/media\/12855"}],"wp:attachment":[{"href":"https:\/\/sachviet.eu\/en\/wp-json\/wp\/v2\/media?parent=12872"}],"wp:term":[{"taxonomy":"product_brand","embeddable":true,"href":"https:\/\/sachviet.eu\/en\/wp-json\/wp\/v2\/product_brand?post=12872"},{"taxonomy":"product_cat","embeddable":true,"href":"https:\/\/sachviet.eu\/en\/wp-json\/wp\/v2\/product_cat?post=12872"},{"taxonomy":"product_tag","embeddable":true,"href":"https:\/\/sachviet.eu\/en\/wp-json\/wp\/v2\/product_tag?post=12872"}],"curies":[{"name":"wp","href":"https:\/\/api.w.org\/{rel}","templated":true}]}}