{"id":12836,"date":"2021-06-11T23:30:24","date_gmt":"2021-06-11T20:30:24","guid":{"rendered":"https:\/\/sachviet.eu\/shop\/kinh-nghiem-tu-nuoc-nhat-giup-con-tu-lap-tu-0-6-tuoi\/"},"modified":"2024-08-11T22:15:13","modified_gmt":"2024-08-11T19:15:13","slug":"kinh-nghiem-tu-nuoc-nhat-giup-con-tu-lap-tu-0-6-tuoi","status":"publish","type":"product","link":"https:\/\/sachviet.eu\/en\/shop\/kinh-nghiem-tu-nuoc-nhat-giup-con-tu-lap-tu-0-6-tuoi\/","title":{"rendered":"Kinh Nghi\u1ec7m T\u1eeb N\u01b0\u1edbc Nh\u1eadt &#8211; Gi\u00fap Con T\u1ef1 L\u1eadp T\u1eeb 0-6 Tu\u1ed5i"},"content":{"rendered":"<p>Nh\u1eefng th\u00f3i quen sinh ho\u1ea1t c\u01a1 b\u1ea3n \u0111\u01b0\u1ee3c d\u1ea1y \u1edf gia \u0111\u00ecnh v\u00e0 tr\u01b0\u1eddng m\u1ea7m non<\/p>\n<p>\u0110i\u1ec1u quan tr\u1ecdng nh\u1ea5t trong nu\u00f4i  d\u1ea1y  tr\u1ebb  tr\u01b0\u1edbc  6  tu\u1ed5i  l\u00e0 l\u00e0m cho tr\u1ebb c\u00f3 th\u00f3i quen sinh ho\u1ea1t c\u01a1 b\u1ea3n. Cha m\u1eb9 th\u01b0\u1eddng c\u00f3  xu  h\u01b0\u1edbng  so  s\u00e1nh  con m\u00ecnh v\u1edbi nh\u1eefng \u0111\u1ee9a tr\u1ebb kh\u00e1c \u1edf m\u1eb7t n\u00e0y m\u1eb7t kia. Tuy nhi\u00ean, vi\u1ec7c \u0111\u00f3 s\u1ebd ch\u1ec9 l\u00e0m cho cha m\u1eb9 v\u00e0 con c\u00e1i th\u00eam c\u0103ng th\u1eb3ng.<\/p>\n<p>Cu\u1ed1n  s\u00e1ch  n\u00e0y  s\u1ebd  tr\u00ecnh  b\u00e0y th\u1eadt d\u1ec5 hi\u1ec3u v\u1edbi c\u00e1c h\u00ecnh v\u1ebd minh  ho\u1ea1  v\u1ec1  ph\u01b0\u01a1ng  ph\u00e1p nu\u00f4i d\u1ea1y l\u00e0m cho tr\u1ebb c\u00f3 \u0111\u01b0\u1ee3c 5 th\u00f3i quen sinh ho\u1ea1t c\u01a1 b\u1ea3n nh\u01b0  \u0103n,  ng\u1ee7,  b\u00e0i  ti\u1ebft,  thay qu\u1ea7n \u00e1o, gi\u1eef g\u00ecn v\u1ec7 sinh.<\/p>\n<p>\u0110\u00e2y l\u00e0 cu\u1ed1n s\u00e1ch gi\u00fap c\u00e1c b\u1eadc cha m\u1eb9 tho\u1ea3 m\u00e3n mong mu\u1ed1n con m\u00ecnh s\u1ebd tr\u1edf n\u00ean t\u1ef1 l\u1eadp  trong  qu\u00e1  tr\u00ecnh  tr\u01b0\u1edfng th\u00e0nh  v\u00e0  c\u1ea3m  nh\u1eadn  \u0111\u01b0\u1ee3c h\u1ea1nh ph\u00fac tr\u01b0\u1edbc nh\u1eefng b\u01b0\u1edbc ti\u1ebfn c\u1ee7a con m\u1ed7i ng\u00e0y.<\/p>\n<p> M\u1edcI C\u00c1C B\u1ea0N T\u00ccM \u0110\u1eccC B\u1ed8 S\u00c1CH KINH NGHI\u1ec6M T\u1eea N\u01af\u1edaC NH\u1eacT &#8211; K\u0128 N\u0102NG CHO TR\u1eba EM<\/p>\n<p>\u2022 42 b\u00ed quy\u1ebft gi\u00fap tr\u1ebb t\u1ef1 tin v\u00e0 d\u0169ng c\u1ea3m trong quan h\u1ec7 b\u1ea1n b\u00e8<\/p>\n<p>\u2022 49 b\u00ed quy\u1ebft gi\u00fap tr\u1ebb l\u1eafng nghe v\u00e0 truy\u1ec1n \u0111\u1ea1t<\/p>\n<p>\u2022 43 k\u0129 n\u0103ng ki\u1ec3m so\u00e1t t\u1ee9c gi\u1eadn (d\u00e0nh cho tr\u1ebb em)<\/p>\n","protected":false},"excerpt":{"rendered":"<p>Nh\u1eefng th\u00f3i quen sinh ho\u1ea1t c\u01a1 b\u1ea3n \u0111\u01b0\u1ee3c d\u1ea1y \u1edf gia \u0111\u00ecnh v\u00e0 tr\u01b0\u1eddng m\u1ea7m non<\/p>\n<p>\u0110i\u1ec1u quan tr\u1ecdng nh\u1ea5t trong nu\u00f4i  d\u1ea1y  tr\u1ebb  tr\u01b0\u1edbc  6  tu\u1ed5i  l\u00e0 l\u00e0m cho tr\u1ebb c\u00f3 th\u00f3i quen sinh ho\u1ea1t c\u01a1 b\u1ea3n. Cha m\u1eb9 th\u01b0\u1eddng c\u00f3  xu  h\u01b0\u1edbng  so  s\u00e1nh  con m\u00ecnh v\u1edbi nh\u1eefng \u0111\u1ee9a tr\u1ebb kh\u00e1c \u1edf m\u1eb7t n\u00e0y m\u1eb7t kia. Tuy nhi\u00ean, vi\u1ec7c \u0111\u00f3 s\u1ebd ch\u1ec9 l\u00e0m cho cha m\u1eb9 v\u00e0 con c\u00e1i th\u00eam c\u0103ng th\u1eb3ng.<\/p>\n<p>Cu\u1ed1n  s\u00e1ch  n\u00e0y  s\u1ebd  tr\u00ecnh  b\u00e0y th\u1eadt d\u1ec5 hi\u1ec3u v\u1edbi c\u00e1c h\u00ecnh v\u1ebd minh  ho\u1ea1  v\u1ec1  ph\u01b0\u01a1ng  ph\u00e1p nu\u00f4i d\u1ea1y l\u00e0m cho tr\u1ebb c\u00f3 \u0111\u01b0\u1ee3c 5 th\u00f3i quen sinh ho\u1ea1t c\u01a1 b\u1ea3n nh\u01b0  \u0103n,  ng\u1ee7,  b\u00e0i  ti\u1ebft,  thay qu\u1ea7n \u00e1o, gi\u1eef g\u00ecn v\u1ec7 sinh.<\/p>\n<p>\u0110\u00e2y l\u00e0 cu\u1ed1n s\u00e1ch gi\u00fap c\u00e1c b\u1eadc cha m\u1eb9 tho\u1ea3 m\u00e3n mong mu\u1ed1n con m\u00ecnh s\u1ebd tr\u1edf n\u00ean t\u1ef1 l\u1eadp  trong  qu\u00e1  tr\u00ecnh  tr\u01b0\u1edfng th\u00e0nh  v\u00e0  c\u1ea3m  nh\u1eadn  \u0111\u01b0\u1ee3c h\u1ea1nh ph\u00fac tr\u01b0\u1edbc nh\u1eefng b\u01b0\u1edbc ti\u1ebfn c\u1ee7a con m\u1ed7i ng\u00e0y.<\/p>\n<p> M\u1edcI C\u00c1C B\u1ea0N T\u00ccM \u0110\u1eccC B\u1ed8 S\u00c1CH KINH NGHI\u1ec6M T\u1eea N\u01af\u1edaC NH\u1eacT &#8211; K\u0128 N\u0102NG CHO TR\u1eba EM<\/p>\n<p>\u2022 42 b\u00ed quy\u1ebft gi\u00fap tr\u1ebb t\u1ef1 tin v\u00e0 d\u0169ng c\u1ea3m trong quan h\u1ec7 b\u1ea1n b\u00e8<\/p>\n<p>\u2022 49 b\u00ed quy\u1ebft gi\u00fap tr\u1ebb l\u1eafng nghe v\u00e0 truy\u1ec1n \u0111\u1ea1t<\/p>\n<p>\u2022 43 k\u0129 n\u0103ng ki\u1ec3m so\u00e1t t\u1ee9c gi\u1eadn (d\u00e0nh cho tr\u1ebb em)<\/p>\n","protected":false},"featured_media":12827,"template":"","meta":{"_acf_changed":false},"product_brand":[],"product_cat":[19],"product_tag":[],"class_list":{"0":"post-12836","1":"product","2":"type-product","3":"status-publish","4":"has-post-thumbnail","6":"product_cat-nuoi-day-con","8":"first","9":"instock","10":"taxable","11":"shipping-taxable","12":"purchasable","13":"product-type-simple"},"supplier_id":null,"supplier_sku":"","barcode":null,"atum_controlled":true,"out_stock_date":null,"out_stock_threshold":null,"inheritable":false,"inbound_stock":0,"stock_on_hold":0,"sold_today":0,"sales_last_days":0,"reserved_stock":0,"customer_returns":0,"warehouse_damage":0,"lost_in_post":0,"other_logs":0,"out_stock_days":0,"lost_sales":0,"has_location":false,"update_date":"2026-01-28T23:11:19","atum_locations":[],"atum_stock_status":"instock","restock_status":false,"low_stock_amount":"","sales_update_date":"2026-01-28T23:11:19","calc_backorders":null,"acf":{"publisher":{"ID":1454,"post_author":"1","post_date":"2021-02-17 01:11:34","post_date_gmt":"2021-02-16 23:11:34","post_content":"<!-- wp:flatsome\/uxbuilder -->\n<h1 style=\"text-align: center;\"><strong>Kim \u0110\u1ed3ng<\/strong><\/h1>\n[row]\n\n[col span=\"3\" span__sm=\"12\"]\n\n[ux_image id=\"1534\" image_size=\"medium\"]\n\n\n[\/col]\n[col span=\"9\" span__sm=\"12\"]\n\n<p>Nh\u00e0 xu\u1ea5t b\u1ea3n Kim \u0110\u1ed3ng tr\u1ef1c thu\u1ed9c Trung \u01b0\u01a1ng \u0110o\u00e0n TNCS H\u1ed3 Ch\u00ed Minh l\u00e0 Nh\u00e0 xu\u1ea5t b\u1ea3n t\u1ed5ng h\u1ee3p c\u00f3 ch\u1ee9c n\u0103ng xu\u1ea5t b\u1ea3n s\u00e1ch v\u00e0 v\u0103n h\u00f3a ph\u1ea9m ph\u1ee5c v\u1ee5 thi\u1ebfu nhi v\u00e0 c\u00e1c b\u1eadc ph\u1ee5 huynh trong c\u1ea3 n\u01b0\u1edbc, qu\u1ea3ng b\u00e1 v\u00e0 gi\u1edbi thi\u1ec7u v\u0103n h\u00f3a Vi\u1ec7t Nam ra th\u1ebf gi\u1edbi.<br \/>Nh\u00e0 xu\u1ea5t b\u1ea3n c\u00f3 nhi\u1ec7m v\u1ee5 t\u1ed5 ch\u1ee9c b\u1ea3n th\u1ea3o, bi\u00ean so\u1ea1n, bi\u00ean d\u1ecbch, xu\u1ea5t b\u1ea3n v\u00e0 ph\u00e1t h\u00e0nh c\u00e1c xu\u1ea5t b\u1ea3n ph\u1ea9m c\u00f3 n\u1ed9i dung: gi\u00e1o d\u1ee5c truy\u1ec1n th\u1ed1ng d\u00e2n t\u1ed9c, gi\u00e1o d\u1ee5c v\u1ec1 tri th\u1ee9c, ki\u1ebfn th\u1ee9c\u2026 tr\u00ean c\u00e1c l\u0129nh v\u1ef1c v\u0103n h\u1ecdc, ngh\u1ec7 thu\u1eadt, khoa h\u1ecdc k\u1ef9 thu\u1eadt nh\u1eb1m cung c\u1ea5p cho c\u00e1c em thi\u1ebfu nhi c\u0169ng nh\u01b0 c\u00e1c b\u1eadc ph\u1ee5 huynh c\u00e1c ki\u1ebfn th\u1ee9c c\u1ea7n thi\u1ebft trong cu\u1ed9c s\u1ed1ng, nh\u1eefng tinh hoa c\u1ee7a tri th\u1ee9c nh\u00e2n lo\u1ea1i nh\u1eb1m g\u00f3p ph\u1ea7n gi\u00e1o d\u1ee5c v\u00e0 h\u00ecnh th\u00e0nh nh\u00e2n c\u00e1ch th\u1ebf h\u1ec7 tr\u1ebb.<br \/>\u0110\u1ed1i t\u01b0\u1ee3ng ph\u1ee5c v\u1ee5 c\u1ee7a Nh\u00e0 xu\u1ea5t b\u1ea3n l\u00e0 c\u00e1c em t\u1eeb tu\u1ed5i nh\u00e0 tr\u1ebb m\u1eabu gi\u00e1o (1 \u0111\u1ebfn 5 tu\u1ed5i), nhi \u0111\u1ed3ng (6 \u0111\u1ebfn 9 tu\u1ed5i), thi\u1ebfu ni\u00ean (10 \u0111\u1ebfn 15 tu\u1ed5i) \u0111\u1ebfn c\u00e1c em tu\u1ed5i m\u1edbi l\u1edbn (16 \u0111\u1ebfn 18 tu\u1ed5i) v\u00e0 c\u00e1c b\u1eadc ph\u1ee5 huynh.<\/p>\n\n[\/col]\n\n[\/row]\n\n<!-- \/wp:flatsome\/uxbuilder -->","post_title":"Kim \u0110\u1ed3ng","post_excerpt":"","post_status":"publish","comment_status":"closed","ping_status":"closed","post_password":"","post_name":"kim-dong","to_ping":"","pinged":"","post_modified":"2021-02-17 01:31:56","post_modified_gmt":"2021-02-16 23:31:56","post_content_filtered":"","post_parent":0,"guid":"https:\/\/sachviet.eu\/nha-phat-hanh\/kim-dong\/","menu_order":0,"post_type":"publisher","post_mime_type":"","comment_count":"0","filter":"raw"}},"_links":{"self":[{"href":"https:\/\/sachviet.eu\/en\/wp-json\/wp\/v2\/product\/12836","targetHints":{"allow":["GET"]}}],"collection":[{"href":"https:\/\/sachviet.eu\/en\/wp-json\/wp\/v2\/product"}],"about":[{"href":"https:\/\/sachviet.eu\/en\/wp-json\/wp\/v2\/types\/product"}],"wp:featuredmedia":[{"embeddable":true,"href":"https:\/\/sachviet.eu\/en\/wp-json\/wp\/v2\/media\/12827"}],"wp:attachment":[{"href":"https:\/\/sachviet.eu\/en\/wp-json\/wp\/v2\/media?parent=12836"}],"wp:term":[{"taxonomy":"product_brand","embeddable":true,"href":"https:\/\/sachviet.eu\/en\/wp-json\/wp\/v2\/product_brand?post=12836"},{"taxonomy":"product_cat","embeddable":true,"href":"https:\/\/sachviet.eu\/en\/wp-json\/wp\/v2\/product_cat?post=12836"},{"taxonomy":"product_tag","embeddable":true,"href":"https:\/\/sachviet.eu\/en\/wp-json\/wp\/v2\/product_tag?post=12836"}],"curies":[{"name":"wp","href":"https:\/\/api.w.org\/{rel}","templated":true}]}}