{"id":12826,"date":"2021-06-11T23:29:38","date_gmt":"2021-06-11T20:29:38","guid":{"rendered":"https:\/\/sachviet.eu\/shop\/nuoi-day-be-trai-tu-0-6-tuoi\/"},"modified":"2022-09-22T22:30:42","modified_gmt":"2022-09-22T19:30:42","slug":"nuoi-day-be-trai-tu-0-6-tuoi","status":"publish","type":"product","link":"https:\/\/sachviet.eu\/en\/shop\/nuoi-day-be-trai-tu-0-6-tuoi\/","title":{"rendered":"Nu\u00f4i D\u1ea1y B\u00e9 Trai T\u1eeb 0 &#8211; 6 Tu\u1ed5i"},"content":{"rendered":"<p>Nu\u00f4i D\u1ea1y B\u00e9 Trai T\u1eeb 0 &#8211; 6 Tu\u1ed5i<\/p>\n<p>T\u00e1c gi\u1ea3 c\u1ee7a cu\u1ed1n s\u00e1ch Nu\u00f4i d\u1ea1y b\u00e9 trai t\u1eeb 0 \u2013 6 tu\u1ed5i l\u00e0 ng\u01b0\u1eddi \u0111\u00e3 c\u00f3 20 n\u0103m nghi\u00ean c\u1ee9u v\u1ec1 s\u1ef1 tr\u01b0\u1edfng th\u00e0nh c\u1ee7a tr\u1ebb em, quan s\u00e1t 12.000 tr\u1ebb \u1edf nhi\u1ec1u \u0111\u1ed9 tu\u1ed5i kh\u00e1c nhau, t\u1eeb em b\u00e9 s\u01a1 sinh cho \u0111\u1ebfn sinh vi\u00ean \u0111\u1ea1i h\u1ecdc. T\u1eeb kinh nghi\u1ec7m th\u1ef1c ti\u1ec5n v\u00e0 nghi\u00ean c\u1ee9u t\u00e1c gi\u1ea3 \u0111\u00e3 \u0111\u00fac k\u1ebft \u0111\u01b0\u1ee3c nh\u1eefng \u0111i\u1ec1u quan tr\u1ecdng \u0111\u1ed1i v\u1edbi s\u1ef1 ph\u00e1t tri\u1ec3n c\u1ee7a tr\u1ebb r\u1eb1ng:<\/p>\n<p>Ngay t\u1eeb khi sinh ra, gi\u1eefa b\u00e9 trai v\u00e0 b\u00e9 g\u00e1i \u0111\u00e3 c\u00f3 nh\u1eefng \u0111\u1eb7c tr\u01b0ng kh\u00e1c nhau c\u1ea3 v\u1ec1 n\u00e3o b\u1ed9 c\u0169ng nh\u01b0 h\u1ec7 th\u1ea7n kinh v\u1eadn \u0111\u1ed9ng. Do v\u1eady c\u00e1ch gi\u00e1o d\u1ee5c c\u0169ng s\u1ebd kh\u00e1c nhau. N\u1ebfu n\u1eafm \u0111\u01b0\u1ee3c \u0111i\u1ec3m m\u1ea5u ch\u1ed1t trong c\u00e1ch nu\u00f4i d\u1ea1y cho t\u1eebng b\u00e9 th\u00ec b\u1ed1 m\u1eb9 c\u00f3 th\u1ec3 ph\u00e1t tri\u1ec3n n\u0103ng l\u1ef1c c\u1ee7a tr\u1ebb m\u1ed9t c\u00e1ch to\u00e0n di\u1ec7n.<\/p>\n<p>V\u1edbi b\u00e9 trai<\/p>\n<p>Kh\u1ea3 n\u0103ng h\u1ecdc h\u1ecfi c\u1ee7a b\u00e9 trai \u0111\u01b0\u1ee3c nu\u00f4i d\u01b0\u1ee1ng b\u1edfi \u201ch\u1ee9ng th\u00fa\u201d.<\/p>\n<p>N\u1ebfu l\u00e0m thui ch\u1ed9t m\u1ea7m non h\u1ee9ng th\u00fa n\u00e0y c\u1ee7a b\u00e9, th\u00ec khi l\u1edbn l\u00ean, tr\u01b0\u1edbc khi b\u1eaft tay th\u1ef1c hi\u1ec7n vi\u1ec7c g\u00ec b\u00e9 s\u1ebd lu\u00f4n n\u00f3i ki\u1ec3u ti\u00eau c\u1ef1c nh\u01b0: \u201cC\u00f3 l\u00e0m th\u00ec \u0111\u1eb1ng n\u00e0o c\u0169ng th\u1ea5t b\u1ea1i m\u00e0 th\u00f4i\u201d, \u201cVi\u1ec7c \u0111\u1ea5y v\u1edbi m\u00ecnh l\u00e0 kh\u00f4ng th\u1ec3\u201d. V\u00ec v\u1eady h\u00e3y t\u00f4n tr\u1ecdng nh\u1eefng \u0111i\u1ec1u b\u00e9 mu\u1ed1n l\u00e0m m\u1eb7c d\u00f9 c\u00f3 r\u1ea5t nhi\u1ec1u h\u00e0nh \u0111\u1ed9ng c\u1ee7a b\u00e9 m\u00e0 m\u1eb9 th\u00ec kh\u00f4ng t\u00e0i n\u00e0o hi\u1ec3u \u0111\u01b0\u1ee3c.<\/p>\n<p>C\u00e1c b\u00e9 trai l\u00fd gi\u1ea3i t\u00ednh ch\u1ea5t c\u1ee7a s\u1ef1 v\u1eadt th\u00f4ng qua nh\u1eefng tr\u1ea3i nghi\u1ec7m th\u1ea5t b\u1ea1i. H\u00e3y \u0111\u1ec3 b\u00e9 th\u1ea5t b\u1ea1i th\u1eadt nhi\u1ec1u.<\/p>\n<p>C\u00f3 nhi\u1ec1u b\u00e9 trai s\u1ebd kh\u00f4ng n\u1eafm b\u1eaft \u0111\u01b0\u1ee3c t\u00ednh ch\u1ea5t c\u1ee7a s\u1ef1 v\u1eadt s\u1ef1 vi\u1ec7c cho \u0111\u1ebfn khi b\u00e9 th\u1ea5t b\u1ea1i. Tr\u01b0\u1edbc h\u1ebft, b\u00e9 s\u1ebd l\u00e0m th\u1eed, n\u1ebfu th\u1ea5t b\u1ea1i b\u00e9 s\u1ebd hi\u1ec3u r\u1eb1ng, c\u00e1i n\u00e0y l\u00e0 kh\u00f4ng \u0111\u01b0\u1ee3c, c\u00e1i n\u00e0y l\u00e0 \u0111au n\u00e0y. N\u1ebfu ngay t\u1eeb \u0111\u1ea7u b\u00e9 kh\u00f4ng l\u00e0m g\u00ec c\u1ea3 th\u00ec s\u1ebd kh\u00f4ng th\u1ea5t b\u1ea1i, nh\u01b0ng n\u1ebfu v\u1eady th\u00ec khi l\u1edbn l\u00ean m\u1ed9t ch\u00fat n\u1eefa, b\u00e9 s\u1ebd kh\u00f4ng th\u1ec3 l\u01b0\u1eddng tr\u01b0\u1edbc \u0111\u01b0\u1ee3c nh\u1eefng nguy hi\u1ec3m, n\u00ean g\u1eb7p nhi\u1ec1u kh\u00f3 kh\u0103n.<\/p>\n<p>V\u00e0o l\u00fac 2 tu\u1ed5i, 4 tu\u1ed5i, 5 tu\u1ed5i, c\u00e1c b\u00e9 trai l\u00e0m b\u1ed1 m\u1eb9 th\u1ef1c s\u1ef1 r\u1ea5t v\u1ea5t v\u1ea3. Trong giai \u0111o\u1ea1n t\u1eeb l\u00fac tr\u00f2n 1 tu\u1ed5i \u0111\u1ebfn 2 tu\u1ed5i th\u00ec n\u00f3i g\u00ec c\u0169ng: \u201cKh\u00f4ng, kh\u00f4ng\u201d. \u0110\u00e2y l\u00e0 th\u1eddi k\u00ec ph\u1ea3n kh\u00e1ng \u0111\u1ea7u ti\u00ean, c\u00e1i t\u00f4i b\u1eaft \u0111\u1ea7u h\u00ecnh th\u00e0nh. Ti\u1ebfp theo n\u1eefa l\u00e0 t\u1eeb 3 \u0111\u1ebfn kho\u1ea3ng 4 tu\u1ed5i, tinh th\u1ea7n t\u1ef1 l\u1eadp \u0111\u00e3 tr\u1edf n\u00ean m\u1ea1nh m\u1ebd h\u01a1n. Vi\u1ec7c g\u00ec mu\u1ed1n th\u00ec \u0111\u00f2i t\u1ef1 m\u00ecnh l\u00e0m cho b\u1eb1ng \u0111\u01b0\u1ee3c, n\u00ean vi\u1ec7c g\u00ec c\u0169ng \u201c\u0110\u1ec3 con l\u00e0m\u201d, \u201c\u0110\u1ec3 con, \u0111\u1ec3 con\u201d. Nh\u1eefng b\u00e0 m\u1eb9 kh\u00f4ng c\u00f3 th\u1eddi gian th\u01b0\u1eddng th\u1edf d\u00e0i v\u00ec ph\u1ea3i ch\u1edd \u0111\u1ee3i l\u00e2u. T\u1eeb 4 \u0111\u1ebfn 5 tu\u1ed5i th\u00ec bi\u1ec3u hi\u1ec7n \u00edch k\u1ef7 c\u1ee7a b\u00e9 gia t\u0103ng. S\u1ebd c\u00f3 l\u00fac b\u00e9 \u0103n v\u1ea1 \u1ea7m \u0129 \u1edf c\u1eeda h\u00e0ng: \u201cMua \u0111\u1ed3 ch\u01a1i cho con!\u201d.<\/p>\n<p>Th\u1ebf nh\u01b0ng, \u0111\u00e2y l\u00e0 th\u1eddi k\u00ec m\u00e0 m\u1eb9 c\u1ea7n th\u1ef1c s\u1ef1 n\u1ed7 l\u1ef1c. N\u1ebfu m\u1eb9 c\u00f3 th\u1ec3 x\u1eed tr\u00ed ph\u00f9 h\u1ee3p v\u1edbi t\u1eebng \u0111\u1ed9 tu\u1ed5i, nu\u00f4i d\u01b0\u1ee1ng t\u00ednh hi\u1ebfu k\u00ec, h\u01b0\u1edbng d\u1eabn l\u00e0m sao \u0111\u1ec3 b\u00e9 c\u00f3 tinh th\u1ea7n t\u1ef1 l\u1eadp v\u00e0 tr\u00e1ch nhi\u1ec7m, c\u00f3 th\u1ec3 ki\u1ec3m so\u00e1t c\u1ea3m x\u00fac c\u1ee7a m\u00ecnh, th\u00ec vi\u1ec7c nu\u00f4i d\u1ea1y b\u00e9 sau \u0111\u00f3 s\u1ebd tr\u1edf n\u00ean nh\u00e0n h\u01a1n r\u1ea5t nhi\u1ec1u. K\u1ebft qu\u1ea3 l\u00e0 b\u00e9 s\u1ebd c\u00f3 th\u1ec3 t\u1ef1 m\u00ecnh l\u00e0m nh\u1eefng vi\u1ec7c c\u1ee7a m\u00ecnh, c\u00f3 th\u1ec3 t\u1ef1 m\u00ecnh ki\u1ec3m so\u00e1t \u0111\u01b0\u1ee3c s\u1ef1 \u00edch k\u1ef7 c\u1ee7a ch\u00ednh b\u1ea3n th\u00e2n.<\/p>\n<p>Nu\u00f4i d\u1ea1y b\u00e9 trai t\u1eeb 0 \u2013 6 tu\u1ed5i s\u1ebd ch\u1ec9 ra cho b\u1ed1 m\u1eb9 7 b\u01b0\u1edbc quan tr\u1ecdng trong s\u1ef1 tr\u01b0\u1edfng th\u00e0nh c\u1ee7a c\u00e1c b\u00e9:<\/p>\n<p>B\u01b0\u1edbc 0 (0 tu\u1ed5i): Tr\u1ea3i nghi\u1ec7m c\u1ea3m gi\u00e1c \u201cvui v\u1ebb\u201d<\/p>\n<p>-&gt; Nu\u00f4i d\u01b0\u1ee1ng \u201ct\u00ednh hi\u1ebfu k\u1ef3\u201d<\/p>\n<p>B\u01b0\u1edbc 1 (1 tu\u1ed5i): Tr\u1ea3i nghi\u1ec7m c\u1ea3m gi\u00e1c \u201cth\u00e0nh c\u00f4ng<\/p>\n<p>-&gt; Nu\u00f4i d\u01b0\u1ee1ng \u201ch\u1ee9ng th\u00fa\u201d<\/p>\n<p>B\u01b0\u1edbc 2 (2 tu\u1ed5i): Tr\u1ea3i nghi\u1ec7m c\u1ea3m gi\u00e1c \u201cHi\u1ec3u r\u1ed3i\u201d<\/p>\n<p>-&gt; Nu\u00f4i d\u01b0\u1ee1ng \u201ckh\u1ea3 n\u0103ng t\u1eadp trung\u201d<\/p>\n<p>B\u01b0\u1edbc 3 (3 tu\u1ed5i): Tr\u1ea3i nghi\u1ec7m \u201cMu\u1ed1n l\u00e0m th\u1eed\u201d<\/p>\n<p>-&gt; Nu\u00f4i d\u01b0\u1ee1ng \u201ct\u00ednh t\u1ef1 l\u1eadp\u201d<\/p>\n<p>B\u01b0\u1edbc 4 (4 tu\u1ed5i): Tr\u1ea3i nghi\u1ec7m c\u1ea3m gi\u00e1c \u201cC\u1ed1 g\u1eafng\u201d<\/p>\n<p>-&gt; Nu\u00f4i d\u01b0\u1ee1ng \u201ct\u00ednh ki\u1ec1m ch\u1ebf\u201d<\/p>\n<p>B\u01b0\u1edbc 5 (5 tu\u1ed5i): Tr\u1ea3i nghi\u1ec7m vi\u1ec7c n\u00f3i v\u1edbi nhau l\u1eddi \u201cC\u1ea3m \u01a1n\u201d<\/p>\n<p>-&gt;  Nu\u00f4i d\u01b0\u1ee1ng \u201ct\u00ednh quan t\u00e2m\u201d<\/p>\n<p>B\u01b0\u1edbc 6 (6 tu\u1ed5i): Tr\u1ea3i nghi\u1ec7m c\u1ea3m gi\u00e1c \u201c\u0110\u00e3 l\u00e0m \u0111\u1ebfn c\u00f9ng\u201d<\/p>\n<p>-&gt; Nu\u00f4i d\u01b0\u1ee1ng \u201cT\u00ednh t\u1ef1 tin\u201d<\/p>\n","protected":false},"excerpt":{"rendered":"<p>Nu\u00f4i D\u1ea1y B\u00e9 Trai T\u1eeb 0 &#8211; 6 Tu\u1ed5i<\/p>\n<p>T\u00e1c gi\u1ea3 c\u1ee7a cu\u1ed1n s\u00e1ch Nu\u00f4i d\u1ea1y b\u00e9 trai t\u1eeb 0 \u2013 6 tu\u1ed5i l\u00e0 ng\u01b0\u1eddi \u0111\u00e3 c\u00f3 20 n\u0103m nghi\u00ean c\u1ee9u v\u1ec1 s\u1ef1 tr\u01b0\u1edfng th\u00e0nh c\u1ee7a tr\u1ebb em, quan s\u00e1t 12.000 tr\u1ebb \u1edf nhi\u1ec1u \u0111\u1ed9 tu\u1ed5i kh\u00e1c nhau, t\u1eeb em b\u00e9 s\u01a1 sinh cho \u0111\u1ebfn sinh vi\u00ean \u0111\u1ea1i h\u1ecdc. T\u1eeb kinh nghi\u1ec7m th\u1ef1c ti\u1ec5n v\u00e0 nghi\u00ean c\u1ee9u t\u00e1c gi\u1ea3 \u0111\u00e3 \u0111\u00fac k\u1ebft \u0111\u01b0\u1ee3c nh\u1eefng \u0111i\u1ec1u quan tr\u1ecdng \u0111\u1ed1i v\u1edbi s\u1ef1 ph\u00e1t tri\u1ec3n c\u1ee7a tr\u1ebb r\u1eb1ng:<\/p>\n<p>Ngay t\u1eeb khi sinh ra, gi\u1eefa b\u00e9 trai v\u00e0 b\u00e9 g\u00e1i \u0111\u00e3 c\u00f3 nh\u1eefng \u0111\u1eb7c tr\u01b0ng kh\u00e1c nhau c\u1ea3 v\u1ec1 n\u00e3o b\u1ed9 c\u0169ng nh\u01b0 h\u1ec7 th\u1ea7n kinh v\u1eadn \u0111\u1ed9ng. Do v\u1eady c\u00e1ch gi\u00e1o d\u1ee5c c\u0169ng s\u1ebd kh\u00e1c nhau. N\u1ebfu n\u1eafm \u0111\u01b0\u1ee3c \u0111i\u1ec3m m\u1ea5u ch\u1ed1t trong c\u00e1ch nu\u00f4i d\u1ea1y cho t\u1eebng b\u00e9 th\u00ec b\u1ed1 m\u1eb9 c\u00f3 th\u1ec3 ph\u00e1t tri\u1ec3n n\u0103ng l\u1ef1c c\u1ee7a tr\u1ebb m\u1ed9t c\u00e1ch to\u00e0n di\u1ec7n.<\/p>\n<p>V\u1edbi b\u00e9 trai<\/p>\n<p>Kh\u1ea3 n\u0103ng h\u1ecdc h\u1ecfi c\u1ee7a b\u00e9 trai \u0111\u01b0\u1ee3c nu\u00f4i d\u01b0\u1ee1ng b\u1edfi \u201ch\u1ee9ng th\u00fa\u201d.<\/p>\n<p>N\u1ebfu l\u00e0m thui ch\u1ed9t m\u1ea7m non h\u1ee9ng th\u00fa n\u00e0y c\u1ee7a b\u00e9, th\u00ec khi l\u1edbn l\u00ean, tr\u01b0\u1edbc khi b\u1eaft tay th\u1ef1c hi\u1ec7n vi\u1ec7c g\u00ec b\u00e9 s\u1ebd lu\u00f4n n\u00f3i ki\u1ec3u ti\u00eau c\u1ef1c nh\u01b0: \u201cC\u00f3 l\u00e0m th\u00ec \u0111\u1eb1ng n\u00e0o c\u0169ng th\u1ea5t b\u1ea1i m\u00e0 th\u00f4i\u201d, \u201cVi\u1ec7c \u0111\u1ea5y v\u1edbi m\u00ecnh l\u00e0 kh\u00f4ng th\u1ec3\u201d. V\u00ec v\u1eady h\u00e3y t\u00f4n tr\u1ecdng nh\u1eefng \u0111i\u1ec1u b\u00e9 mu\u1ed1n l\u00e0m m\u1eb7c d\u00f9 c\u00f3 r\u1ea5t nhi\u1ec1u h\u00e0nh \u0111\u1ed9ng c\u1ee7a b\u00e9 m\u00e0 m\u1eb9 th\u00ec kh\u00f4ng t\u00e0i n\u00e0o hi\u1ec3u \u0111\u01b0\u1ee3c.<\/p>\n<p>C\u00e1c b\u00e9 trai l\u00fd gi\u1ea3i t\u00ednh ch\u1ea5t c\u1ee7a s\u1ef1 v\u1eadt th\u00f4ng qua nh\u1eefng tr\u1ea3i nghi\u1ec7m th\u1ea5t b\u1ea1i. H\u00e3y \u0111\u1ec3 b\u00e9 th\u1ea5t b\u1ea1i th\u1eadt nhi\u1ec1u.<\/p>\n","protected":false},"featured_media":12825,"template":"","meta":{"_acf_changed":false},"product_brand":[],"product_cat":[19],"product_tag":[],"class_list":{"0":"post-12826","1":"product","2":"type-product","3":"status-publish","4":"has-post-thumbnail","6":"product_cat-nuoi-day-con","8":"first","9":"outofstock","10":"taxable","11":"shipping-taxable","12":"purchasable","13":"product-type-simple"},"supplier_id":null,"supplier_sku":"","barcode":null,"atum_controlled":true,"out_stock_date":"2022-09-22 16:30:42","out_stock_threshold":null,"inheritable":false,"inbound_stock":0,"stock_on_hold":0,"sold_today":0,"sales_last_days":0,"reserved_stock":0,"customer_returns":0,"warehouse_damage":0,"lost_in_post":0,"other_logs":0,"out_stock_days":1224,"lost_sales":0,"has_location":false,"update_date":"2026-01-28T23:10:52","atum_locations":[],"atum_stock_status":"outofstock","restock_status":false,"low_stock_amount":"","sales_update_date":"2026-01-28T23:10:52","calc_backorders":null,"acf":{"publisher":{"ID":1474,"post_author":"1","post_date":"2021-02-17 01:12:51","post_date_gmt":"2021-02-16 23:12:51","post_content":"","post_title":"Th\u00e1i H\u00e0","post_excerpt":"","post_status":"publish","comment_status":"closed","ping_status":"closed","post_password":"","post_name":"thai-ha","to_ping":"","pinged":"","post_modified":"2021-02-17 01:12:51","post_modified_gmt":"2021-02-16 23:12:51","post_content_filtered":"","post_parent":0,"guid":"https:\/\/sachviet.eu\/nha-phat-hanh\/thai-ha\/","menu_order":0,"post_type":"publisher","post_mime_type":"","comment_count":"0","filter":"raw"}},"_links":{"self":[{"href":"https:\/\/sachviet.eu\/en\/wp-json\/wp\/v2\/product\/12826","targetHints":{"allow":["GET"]}}],"collection":[{"href":"https:\/\/sachviet.eu\/en\/wp-json\/wp\/v2\/product"}],"about":[{"href":"https:\/\/sachviet.eu\/en\/wp-json\/wp\/v2\/types\/product"}],"wp:featuredmedia":[{"embeddable":true,"href":"https:\/\/sachviet.eu\/en\/wp-json\/wp\/v2\/media\/12825"}],"wp:attachment":[{"href":"https:\/\/sachviet.eu\/en\/wp-json\/wp\/v2\/media?parent=12826"}],"wp:term":[{"taxonomy":"product_brand","embeddable":true,"href":"https:\/\/sachviet.eu\/en\/wp-json\/wp\/v2\/product_brand?post=12826"},{"taxonomy":"product_cat","embeddable":true,"href":"https:\/\/sachviet.eu\/en\/wp-json\/wp\/v2\/product_cat?post=12826"},{"taxonomy":"product_tag","embeddable":true,"href":"https:\/\/sachviet.eu\/en\/wp-json\/wp\/v2\/product_tag?post=12826"}],"curies":[{"name":"wp","href":"https:\/\/api.w.org\/{rel}","templated":true}]}}