{"id":12804,"date":"2021-06-11T23:28:23","date_gmt":"2021-06-11T20:28:23","guid":{"rendered":"https:\/\/sachviet.eu\/shop\/giao-dich-theo-xu-huong-de-kiem-song\/"},"modified":"2021-06-12T13:09:16","modified_gmt":"2021-06-12T10:09:16","slug":"giao-dich-theo-xu-huong-de-kiem-song","status":"publish","type":"product","link":"https:\/\/sachviet.eu\/en\/shop\/giao-dich-theo-xu-huong-de-kiem-song\/","title":{"rendered":"Giao D\u1ecbch Theo Xu H\u01b0\u1edbng \u0110\u1ec3 Ki\u1ebfm S\u1ed1ng"},"content":{"rendered":"<p>Giao D\u1ecbch Theo Xu H\u01b0\u1edbng &#8211; Trend Following la\u0300 ph\u01b0\u01a1ng pha\u0301p giao di\u0323ch c\u01a1 ba\u0309n nh\u00e2\u0301t, n\u00f4\u0309i ti\u00ea\u0301ng nh\u00e2\u0301t va\u0300 \u0111\u01b0\u01a1\u0323c khuy\u00ean du\u0300ng nhi\u00ea\u0300u nh\u00e2\u0301t \u0111\u00f4\u0301i v\u01a1\u0301i b\u00e2\u0301t ky\u0300 nha\u0300 giao di\u0323ch na\u0300o, \u0111\u0103\u0323c bi\u00ea\u0323t v\u01a1\u0301i ca\u0301c nha\u0300 giao di\u0323ch m\u01a1\u0301i b\u0103\u0301t \u0111\u00e2\u0300u s\u01b0\u0323 nghi\u00ea\u0323p.<\/p>\n<p>M\u00f4\u0323t th\u00ea\u0301 h\u00ea\u0323 nha\u0300 giao di\u0323ch l\u01b0\u0300ng danh Ph\u00f4\u0301 Wall v\u01a1\u0301i tr\u01b0\u01a1\u0300ng pha\u0301i Giao Di\u0323ch Theo Xu H\u01b0\u01a1\u0301ng \u0111a\u0303 \u0111\u01b0\u01a1\u0323c ra \u0111\u01a1\u0300i t\u01b0\u0300 ch\u01b0\u01a1ng tri\u0300nh \u0111a\u0300o ta\u0323o Nha\u0300 Giao Di\u0323ch Ru\u0300a (Turtle Traders) cu\u0309a Richard Dennis va\u0300 William Eckhartd nh\u01b0\u0303ng n\u0103m 1980, bi\u00ea\u0301n nh\u01b0\u0303ng ng\u01b0\u01a1\u0300i nghi\u00ea\u0323p d\u01b0 tha\u0300nh nh\u01b0\u0303ng nha\u0300 giao di\u0323ch chuy\u00ean nghi\u00ea\u0323p \u0111a\u0303 truy\u00ea\u0300n ca\u0309m h\u01b0\u0301ng cho ca\u0301c nha\u0300 giao di\u0323ch theo xu h\u01b0\u01a1\u0301ng v\u01b0\u0303ng tin va\u0300o c\u00e2u chuy\u00ea\u0323n \u201cvi\u00ea\u0323c tr\u01a1\u0309 tha\u0300nh nha\u0300 giao di\u0323ch chuy\u00ean nghi\u00ea\u0323p hoa\u0300n toa\u0300n co\u0301 th\u00ea\u0309 do \u0111a\u0300o ta\u0323o ma\u0300 tha\u0300nh, ch\u01b0\u0301 kh\u00f4ng pha\u0309i n\u0103ng khi\u00ea\u0301u b\u00e2\u0309m sinh\u201d.<\/p>\n<p>\u0110i\u00ea\u0300u lu\u00f4n kh\u0103\u0301c c\u00f4\u0301t ghi t\u00e2m cu\u0309a ca\u0301c nha\u0300 giao di\u0323ch chuy\u00ean nghi\u00ea\u0323p lu\u00f4n la\u0300 \u201cHa\u0303y \u0111i theo xu h\u01b0\u01a1\u0301ng\u201d hay \u201cXu h\u01b0\u01a1\u0301ng la\u0300 ba\u0323n\u201d ho\u0103\u0323c \u201c\u0110\u01b0\u0300ng ch\u00f4\u0301ng la\u0323i xu h\u01b0\u01a1\u0301ng\u201d, va\u0300 s\u00e1ch Giao Di\u0323ch Theo Xu H\u01b0\u01a1\u0301ng \u0110\u00ea\u0309 Ki\u00ea\u0301m S\u00f4\u0301ng chia se\u0309 la\u0323i t\u01b0 duy, ph\u01b0\u01a1ng pha\u0301p giao di\u0323ch th\u01b0\u0323c t\u00ea\u0301 cu\u0303ng nh\u01b0 ca\u0301c giao di\u0323ch th\u01b0\u0323c chi\u00ea\u0301n \u0111a\u0303 th\u01b0\u0323c hi\u00ea\u0323n cu\u0309a ta\u0301c gia\u0309 Andrew Abraham trong su\u00f4\u0301t 18 n\u0103m \u00f4ng \u0111\u00e2\u0300u t\u01b0 va\u0300o ca\u0301c quy\u0303 giao di\u0323ch theo xu h\u01b0\u01a1\u0301ng cu\u0303ng nh\u01b0 t\u01b0\u0323 mi\u0300nh qua\u0309n ly\u0301 v\u00f4\u0301n va\u0300 giao di\u0323ch theo xu h\u01b0\u01a1\u0301ng.<\/p>\n<p>I.Vi\u0300 sao n\u00ean \u0111o\u0323c sa\u0301ch Giao Di\u0323ch Theo Xu H\u01b0\u01a1\u0301ng \u0110\u00ea\u0309 Ki\u00ea\u0301m S\u00f4\u0301ng<br \/>\nD\u01b0\u01a1\u0301i \u0111\u00e2y la\u0300 m\u00f4\u0323t s\u00f4\u0301 ly\u0301 do ma\u0300 ba\u0323n n\u00ean \u0111o\u0323c quy\u00ea\u0309n sa\u0301ch na\u0300y:<\/p>\n<p>Nh\u00e2\u0301n ma\u0323nh va\u0300o \u0111\u00e2\u0300y \u0111u\u0309 3M cu\u0309a vi\u00ea\u0323c giao di\u0323ch tha\u0300nh c\u00f4ng, g\u00f4\u0300m Mindset (t\u01b0 duy\/t\u00e2m ly\u0301 giao di\u0323ch), Method (ph\u01b0\u01a1ng pha\u0301p giao di\u0323ch) va\u0300 Money Management (qua\u0309n ly\u0301 v\u00f4\u0301n\/qua\u0309n ly\u0301 ru\u0309i ro).<br \/>\nCa\u0301c vi\u0301 du\u0323 th\u01b0\u0323c chi\u00ea\u0301n t\u01b0\u0300 chi\u0301nh nh\u00e2\u0323t ky\u0301 giao di\u0323ch cu\u0309a ta\u0301c gia\u0309.<br \/>\nChia se\u0309 ca\u0301ch th\u01b0\u0301c ta\u0301c gia\u0309 la\u0300m th\u00ea\u0301 na\u0300o \u0111\u00ea\u0309 gi\u01b0\u0303 v\u01b0\u0303ng ky\u0309 lu\u00e2\u0323t giao di\u0323ch.<br \/>\nC\u00e2u chuy\u00ea\u0323n cu\u0309a m\u00f4\u0323t \u201ctay nghi\u00ea\u0323p d\u01b0\u201d (la\u0300 ta\u0301c gia\u0309) \u0111i ti\u0300m ca\u0301c nha\u0300 giao di\u0323ch theo xu h\u01b0\u01a1\u0301ng tha\u0300nh c\u00f4ng \u0111\u00ea\u0309 u\u0309y tha\u0301c \u0111\u00e2\u0300u t\u01b0 t\u01b0\u0300 n\u0103m 1994.<br \/>\nT\u01b0 duy va\u0300 ca\u0301ch th\u01b0\u0301c ca\u0301c nha\u0300 qua\u0309n ly\u0301 quy\u0303 u\u0309y tha\u0301c giao di\u0323ch theo xu h\u01b0\u01a1\u0301ng \u0111ang v\u00e2\u0323n ha\u0300nh.<br \/>\nHi\u00ea\u0323u su\u00e2\u0301t l\u01a1\u0323i nhu\u00e2\u0323n cu\u0309a ca\u0301c quy\u0303 u\u0309y tha\u0301c giao di\u0323ch theo xu h\u01b0\u01a1\u0301ng trong ha\u0300ng chu\u0323c n\u0103m.<br \/>\nPh\u01b0\u01a1ng pha\u0301p giao di\u0323ch theo xu h\u01b0\u01a1\u0301ng tha\u0300nh c\u00f4ng cu\u0309a ta\u0301c gia\u0309, v\u00f4\u0301n \u0111a\u0303 giu\u0301p ta\u0301c gia\u0309 t\u01b0\u0323 do ta\u0300i chi\u0301nh.<br \/>\nCa\u0301ch th\u01b0\u0301c \u0111\u00e2\u0300u t\u01b0 va\u0300o ca\u0301c quy\u0303 giao di\u0323ch theo xu h\u01b0\u01a1\u0301ng \u0111\u00ea\u0309 qua\u0309n tri\u0323 va\u0300 ph\u00e2n ta\u0301n ru\u0309i ro t\u00f4\u0301i \u01b0u.<br \/>\nII.V\u00ea\u0300 ta\u0301c gia\u0309 Andrew Abraham<br \/>\nAndrew Abraham (c\u00f4\u0323ng \u0111\u00f4\u0300ng  chuy\u00ean nghi\u00ea\u0323p go\u0323i \u00f4ng la\u0300 Andy) la\u0300 m\u00f4\u0323t ng\u01b0\u01a1\u0300i \u201cth\u01b0\u0323c chi\u00ea\u0301n\u201d va\u0300 \u0111a\u0303 th\u01b0\u0323c s\u01b0\u0323 \u0111\u0103\u0323t \u201cda thi\u0323t va\u0300o cu\u00f4\u0323c ch\u01a1i\u201d (skin in the game &#8211; t\u01b0\u0301c la\u0300 tra\u0309i nghi\u00ea\u0323m th\u01b0\u0323c t\u00ea\u0301 ch\u01b0\u0301 kh\u00f4ng ly\u0301 thuy\u00ea\u0301t su\u00f4ng). Ti\u0301nh \u0111\u00ea\u0301n th\u01a1\u0300i \u0111i\u00ea\u0309m cho ra m\u0103\u0301t quy\u00ea\u0309n sa\u0301ch va\u0300o 2012, Andy \u0111a\u0303:<\/p>\n<p>Co\u0301 18 n\u0103m kinh nghi\u00ea\u0323m \u0111\u00e2\u0300u t\u01b0 ti\u00ea\u0300n va\u0300o ca\u0301c quy\u0303 ho\u0103\u0323c ca\u0301c nha\u0300 qua\u0309n ly\u0301 v\u00f4\u0301n theo ph\u01b0\u01a1ng pha\u0301p giao di\u0323ch theo xu h\u01b0\u01a1\u0301ng.<br \/>\nChi\u0301nh ba\u0309n th\u00e2n Andy cu\u0303ng la\u0300 m\u00f4\u0323t nha\u0300 giao dich theo xu h\u01b0\u01a1\u0301ng tha\u0300nh c\u00f4ng.<br \/>\nK\u00ea\u0301t h\u01a1\u0323p vi\u00ea\u0323c t\u01b0\u0323 giao di\u0323ch va\u0300 u\u0309y tha\u0301c va\u0300o ca\u0301c quy\u0303 giao di\u0323ch theo xu h\u01b0\u01a1\u0301ng, Andrew Abraham \u0111a\u0303 \u0111a\u0323t \u0111\u01b0\u01a1\u0323c t\u01b0\u0323 do ta\u0300i chi\u0301nh.<\/p>\n<p>III.Sa\u0301ch &#8220;Giao Di\u0323ch Theo Xu H\u01b0\u01a1\u0301ng \u0110\u00ea\u0309 Ki\u00ea\u0301m S\u00f4\u0301ng&#8221; phu\u0300 h\u01a1\u0323p v\u01a1\u0301i \u0111\u00f4\u0301i t\u01b0\u01a1\u0323ng na\u0300o?<br \/>\nNh\u01b0\u0303ng nha\u0300 giao di\u0323ch mu\u00f4\u0301n ti\u0300m hi\u00ea\u0309u T\u01b0 duy\/ Ph\u01b0\u01a1ng pha\u0301p giao di\u0323ch\/ Ca\u0301ch qua\u0309n ly\u0301 v\u00f4\u0301n &#8211; qua\u0309n ly\u0301 ru\u0309i ro cu\u0309a m\u00f4\u0323t nha\u0300 giao di\u0323ch theo xu h\u01b0\u01a1\u0301ng chuy\u00ean nghi\u00ea\u0323p.<br \/>\nNh\u01b0\u0303ng nha\u0300 giao di\u0323ch mu\u00f4\u0301n ti\u0300m hi\u00ea\u0309u hi\u00ea\u0323u su\u00e2\u0301t l\u01a1\u0323i nhu\u00e2\u0323n cu\u0309a m\u00f4\u0323t s\u00f4\u0301 quy\u0303 u\u0309y tha\u0301c \u0111\u00e2\u0300u t\u01b0 giao di\u0323ch theo xu h\u01b0\u01a1\u0301ng ti\u00eau bi\u00ea\u0309u.<br \/>\nNh\u01b0\u0303ng nha\u0300 giao di\u0323ch th\u01b0\u0323c s\u01b0\u0323 quan t\u00e2m \u0111\u00ea\u0301n ca\u0301ch v\u00e2\u0323n ha\u0300nh m\u00f4\u0323t h\u00ea\u0323 th\u00f4\u0301ng giao di\u0323ch kha\u0301ch quan (systematic trading), co\u0301 th\u00ea\u0309 t\u01b0\u0323 \u0111\u00f4\u0323ng ho\u0301a.<br \/>\nIV.Gi\u01a1\u0301i thi\u00ea\u0323u Di\u0323ch gia\u0309<br \/>\nS\u00e1ch Giao D\u1ecbch Theo  \u0110\u1ec3 Ki\u1ebfm S\u1ed1ng \u0111\u01b0\u1ee3c chuy\u1ec3n ng\u1eef b\u1edfi anh Kh\u01b0u Ba\u0309o Kha\u0301nh va\u0300 hi\u00ea\u0323u \u0111i\u0301nh b\u01a1\u0309i anh D\u01b0\u01a1ng Huy, \u0111\u1ec1u l\u00e0 c\u00e1 nh\u00e2n tr\u1ea3i nghi\u1ec7m nhi\u1ec1u n\u0103m tr\u00ean th\u1ecb tr\u01b0\u1eddng t\u00e0i ch\u00ednh, \u0111a\u0309m ba\u0309o ch\u00e2\u0301t l\u01b0\u01a1\u0323ng di\u0323ch thu\u00e2\u0323t\/ hi\u00ea\u0323u \u0111i\u0301nh. D\u01b0\u1edbi \u0111\u00e2y l\u00e0 m\u1ed9t s\u1ed1 th\u00f4ng tin cu\u0309a di\u0323ch gia\u0309 va\u0300 hi\u00ea\u0323u \u0111i\u0301nh:<\/p>\n<p>Anh Kh\u01b0u Ba\u0309o Kha\u0301nh: b\u1eaft \u0111\u1ea7u giao d\u1ecbch tr\u00ean th\u1ecb tr\u01b0\u1eddng t\u00e0i ch\u00ednh (ch\u1ee9ng kho\u00e1n, ti\u1ec1n t\u1ec7, ti\u1ec1n thu\u1eadt to\u00e1n) t\u1eeb n\u0103m 2013. Anh c\u00f3 b\u1eb1ng th\u1ea1c s\u0129 t\u00e0i ch\u00ednh, CMT level 1 v\u00e0 hi\u1ec7n l\u00e0 gi\u1ea3ng vi\u00ean. Anh \u0111\u1ed3ng th\u1eddi l\u00e0 bi\u00ean t\u1eadp vi\u00ean l\u00e2u n\u0103m c\u1ee7a di\u1ec5n \u0111\u00e0n TraderViet.<br \/>\nAnh D\u01b0\u01a1ng Huy :tham gia v\u00e0o l\u0129nh v\u1ef1c t\u00e0i ch\u00ednh t\u1eeb n\u0103m 2007 v\u00e0 \u0111\u00e3 giao d\u1ecbch nhi\u1ec1u s\u1ea3n ph\u1ea9m, th\u1ecb tr\u01b0\u1eddng kh\u00e1c nhau. Anh hi\u1ec7n l\u00e0 qu\u1ea3n tr\u1ecb vi\u00ean di\u1ec5n \u0111\u00e0n TraderViet.<br \/>\nV.Mu\u0323c lu\u0323c sa\u0301ch Giao Di\u0323ch Theo Xu H\u01b0\u01a1\u0301ng \u0110\u00ea\u0309 Ki\u00ea\u0301m S\u00f4\u0301ng<br \/>\nS\u00e1ch b\u1ea3n ti\u1ebfng Vi\u1ec7t b\u00eca c\u1ee9ng, in m\u00e0u, g\u1ed3m 328 trang chia l\u00e0m 10 ch\u01b0\u01a1ng:<\/p>\n<p>Ch\u01b0\u01a1ng 1: H\u00e3y kh\u1edfi \u0111\u1ea7u kh\u00f4n ngoan<br \/>\nCh\u01b0\u01a1ng 2: Khai th\u00e1c t\u1ed1i \u0111a l\u1ee3i th\u1ebf c\u1ee7a ph\u01b0\u01a1ng ph\u00e1p giao d\u1ecbch theo<br \/>\nCh\u01b0\u01a1ng 3: T\u1ea1i sao l\u1ea1i l\u00e0 giao d\u1ecbch theo<br \/>\nCh\u01b0\u01a1ng 4: Nh\u1eefng nh\u00e0 giao d\u1ecbch theo th\u00e0nh c\u00f4ng nh\u01b0 th\u1ebf n\u00e0o<br \/>\nCh\u01b0\u01a1ng 5: Qu\u1ea3n l\u00fd r\u1ee7i ro khi giao d\u1ecbch theo<br \/>\nCh\u01b0\u01a1ng 6: X\u00e2y d\u1ef1ng k\u1ebf ho\u1ea1ch ho\u00e0n ch\u1ec9nh v\u00e0 v\u1eefng ch\u1eafc<br \/>\nCh\u01b0\u01a1ng 7: Giao d\u1ecbch b\u1ee9t ph\u00e1 theo<br \/>\nCh\u01b0\u01a1ng 8: Giao d\u1ecbch tho\u00e1i lui theo<br \/>\nCh\u01b0\u01a1ng 9: T\u01b0 duy giao d\u1ecbch theo<br \/>\nCh\u01b0\u01a1ng 10: Nh\u1eadt k\u00fd giao d\u1ecbch c\u1ee7a t\u00f4i<\/p>\n","protected":false},"excerpt":{"rendered":"<p>Giao D\u1ecbch Theo Xu H\u01b0\u1edbng &#8211; Trend Following la\u0300 ph\u01b0\u01a1ng pha\u0301p giao di\u0323ch c\u01a1 ba\u0309n nh\u00e2\u0301t, n\u00f4\u0309i ti\u00ea\u0301ng nh\u00e2\u0301t va\u0300 \u0111\u01b0\u01a1\u0323c khuy\u00ean du\u0300ng nhi\u00ea\u0300u nh\u00e2\u0301t \u0111\u00f4\u0301i v\u01a1\u0301i b\u00e2\u0301t ky\u0300 nha\u0300 giao di\u0323ch na\u0300o, \u0111\u0103\u0323c bi\u00ea\u0323t v\u01a1\u0301i ca\u0301c nha\u0300 giao di\u0323ch m\u01a1\u0301i b\u0103\u0301t \u0111\u00e2\u0300u s\u01b0\u0323 nghi\u00ea\u0323p.<\/p>\n<p>M\u00f4\u0323t th\u00ea\u0301 h\u00ea\u0323 nha\u0300 giao di\u0323ch l\u01b0\u0300ng danh Ph\u00f4\u0301 Wall v\u01a1\u0301i tr\u01b0\u01a1\u0300ng pha\u0301i Giao Di\u0323ch Theo Xu H\u01b0\u01a1\u0301ng \u0111a\u0303 \u0111\u01b0\u01a1\u0323c ra \u0111\u01a1\u0300i t\u01b0\u0300 ch\u01b0\u01a1ng tri\u0300nh \u0111a\u0300o ta\u0323o Nha\u0300 Giao Di\u0323ch Ru\u0300a (Turtle Traders) cu\u0309a Richard Dennis va\u0300 William Eckhartd nh\u01b0\u0303ng n\u0103m 1980, bi\u00ea\u0301n nh\u01b0\u0303ng ng\u01b0\u01a1\u0300i nghi\u00ea\u0323p d\u01b0 tha\u0300nh nh\u01b0\u0303ng nha\u0300 giao di\u0323ch chuy\u00ean nghi\u00ea\u0323p \u0111a\u0303 truy\u00ea\u0300n ca\u0309m h\u01b0\u0301ng cho ca\u0301c nha\u0300 giao di\u0323ch theo xu h\u01b0\u01a1\u0301ng v\u01b0\u0303ng tin va\u0300o c\u00e2u chuy\u00ea\u0323n \u201cvi\u00ea\u0323c tr\u01a1\u0309 tha\u0300nh nha\u0300 giao di\u0323ch chuy\u00ean nghi\u00ea\u0323p hoa\u0300n toa\u0300n co\u0301 th\u00ea\u0309 do \u0111a\u0300o ta\u0323o ma\u0300 tha\u0300nh, ch\u01b0\u0301 kh\u00f4ng pha\u0309i n\u0103ng khi\u00ea\u0301u b\u00e2\u0309m sinh\u201d.<\/p>\n<p>\u0110i\u00ea\u0300u lu\u00f4n kh\u0103\u0301c c\u00f4\u0301t ghi t\u00e2m cu\u0309a ca\u0301c nha\u0300 giao di\u0323ch chuy\u00ean nghi\u00ea\u0323p lu\u00f4n la\u0300 \u201cHa\u0303y \u0111i theo xu h\u01b0\u01a1\u0301ng\u201d hay \u201cXu h\u01b0\u01a1\u0301ng la\u0300 ba\u0323n\u201d ho\u0103\u0323c \u201c\u0110\u01b0\u0300ng ch\u00f4\u0301ng la\u0323i xu h\u01b0\u01a1\u0301ng\u201d, va\u0300 s\u00e1ch Giao Di\u0323ch Theo Xu H\u01b0\u01a1\u0301ng \u0110\u00ea\u0309 Ki\u00ea\u0301m S\u00f4\u0301ng chia se\u0309 la\u0323i t\u01b0 duy, ph\u01b0\u01a1ng pha\u0301p giao di\u0323ch th\u01b0\u0323c t\u00ea\u0301 cu\u0303ng nh\u01b0 ca\u0301c giao di\u0323ch th\u01b0\u0323c chi\u00ea\u0301n \u0111a\u0303 th\u01b0\u0323c hi\u00ea\u0323n cu\u0309a ta\u0301c gia\u0309 Andrew Abraham trong su\u00f4\u0301t 18 n\u0103m \u00f4ng \u0111\u00e2\u0300u t\u01b0 va\u0300o ca\u0301c quy\u0303 giao di\u0323ch theo xu h\u01b0\u01a1\u0301ng cu\u0303ng nh\u01b0 t\u01b0\u0323 mi\u0300nh qua\u0309n ly\u0301 v\u00f4\u0301n va\u0300 giao di\u0323ch theo xu h\u01b0\u01a1\u0301ng.<\/p>\n","protected":false},"featured_media":12799,"template":"","meta":{"_acf_changed":false},"product_brand":[],"product_cat":[18],"product_tag":[],"class_list":{"0":"post-12804","1":"product","2":"type-product","3":"status-publish","4":"has-post-thumbnail","6":"product_cat-kinh-te","8":"first","9":"instock","10":"taxable","11":"shipping-taxable","12":"purchasable","13":"product-type-simple"},"supplier_id":null,"supplier_sku":"","barcode":null,"atum_controlled":true,"out_stock_date":null,"out_stock_threshold":null,"inheritable":false,"inbound_stock":0,"stock_on_hold":0,"sold_today":0,"sales_last_days":0,"reserved_stock":0,"customer_returns":0,"warehouse_damage":0,"lost_in_post":0,"other_logs":0,"out_stock_days":0,"lost_sales":0,"has_location":false,"update_date":"2026-01-28T23:10:52","atum_locations":[],"atum_stock_status":"instock","restock_status":false,"low_stock_amount":"","sales_update_date":"2026-01-28T23:10:52","calc_backorders":null,"acf":{"publisher":{"ID":12798,"post_author":"1","post_date":"2021-06-11 23:28:09","post_date_gmt":"2021-06-11 20:28:09","post_content":"","post_title":"FinFin","post_excerpt":"","post_status":"publish","comment_status":"closed","ping_status":"closed","post_password":"","post_name":"finfin","to_ping":"","pinged":"","post_modified":"2021-06-11 23:28:09","post_modified_gmt":"2021-06-11 20:28:09","post_content_filtered":"","post_parent":0,"guid":"https:\/\/sachviet.eu\/nha-phat-hanh\/finfin\/","menu_order":0,"post_type":"publisher","post_mime_type":"","comment_count":"0","filter":"raw"}},"_links":{"self":[{"href":"https:\/\/sachviet.eu\/en\/wp-json\/wp\/v2\/product\/12804","targetHints":{"allow":["GET"]}}],"collection":[{"href":"https:\/\/sachviet.eu\/en\/wp-json\/wp\/v2\/product"}],"about":[{"href":"https:\/\/sachviet.eu\/en\/wp-json\/wp\/v2\/types\/product"}],"wp:featuredmedia":[{"embeddable":true,"href":"https:\/\/sachviet.eu\/en\/wp-json\/wp\/v2\/media\/12799"}],"wp:attachment":[{"href":"https:\/\/sachviet.eu\/en\/wp-json\/wp\/v2\/media?parent=12804"}],"wp:term":[{"taxonomy":"product_brand","embeddable":true,"href":"https:\/\/sachviet.eu\/en\/wp-json\/wp\/v2\/product_brand?post=12804"},{"taxonomy":"product_cat","embeddable":true,"href":"https:\/\/sachviet.eu\/en\/wp-json\/wp\/v2\/product_cat?post=12804"},{"taxonomy":"product_tag","embeddable":true,"href":"https:\/\/sachviet.eu\/en\/wp-json\/wp\/v2\/product_tag?post=12804"}],"curies":[{"name":"wp","href":"https:\/\/api.w.org\/{rel}","templated":true}]}}