{"id":12793,"date":"2021-06-11T23:27:53","date_gmt":"2021-06-11T20:27:53","guid":{"rendered":"https:\/\/sachviet.eu\/shop\/khong-diet-khong-sinh-dung-so-hai-thich-nhat-hanh\/"},"modified":"2023-08-13T10:50:19","modified_gmt":"2023-08-13T07:50:19","slug":"khong-diet-khong-sinh-dung-so-hai-thich-nhat-hanh","status":"publish","type":"product","link":"https:\/\/sachviet.eu\/en\/shop\/khong-diet-khong-sinh-dung-so-hai-thich-nhat-hanh\/","title":{"rendered":"Kh\u00f4ng Di\u1ec7t Kh\u00f4ng Sinh \u0110\u1eebng S\u1ee3 H\u00e3i &#8211; Th\u00edch Nh\u1ea5t H\u1ea1nh"},"content":{"rendered":"<p>Kh\u00f4ng Di\u1ec7t Kh\u00f4ng Sinh \u0110\u1eebng S\u1ee3 H\u00e3i <\/p>\n<p>Nhi\u1ec1u ng\u01b0\u1eddi trong ch\u00fang ta tin r\u1eb1ng cu\u1ed9c \u0111\u1eddi c\u1ee7a ta b\u1eaft \u0111\u1ea7u t\u1eeb l\u00fac ch\u00e0o \u0111\u1eddi v\u00e0 k\u1ebft th\u00fac khi ta ch\u1ebft. Ch\u00fang ta tin r\u1eb1ng ch\u00fang ta t\u1edbi t\u1eeb c\u00e1i Kh\u00f4ng, n\u00ean khi ch\u1ebft ch\u00fang ta c\u0169ng kh\u00f4ng c\u00f2n l\u1ea1i g\u00ec h\u1ebft. V\u00e0 ch\u00fang ta lo l\u1eafng v\u00ec s\u1ebd tr\u1edf th\u00e0nh h\u01b0 v\u00f4.<\/p>\n<p>B\u1ee5t c\u00f3 c\u00e1i hi\u1ec3u r\u1ea5t kh\u00e1c v\u1ec1 cu\u1ed9c \u0111\u1eddi. Ng\u00e0i hi\u1ec3u r\u1eb1ng s\u1ed1ng v\u00e0 ch\u1ebft ch\u1ec9 l\u00e0 nh\u1eefng \u00fd ni\u1ec7m kh\u00f4ng c\u00f3 th\u1ef1c. Coi \u0111\u00f3 l\u00e0 s\u1ef1 th\u1ef1c, ch\u00ednh l\u00e0 nguy\u00ean do g\u00e2y cho ch\u00fang ta kh\u1ed5 n\u00e3o. B\u1ee5t d\u1ea1y kh\u00f4ng c\u00f3 sinh, kh\u00f4ng c\u00f3 di\u1ec7t, kh\u00f4ng t\u1edbi c\u0169ng kh\u00f4ng \u0111i, kh\u00f4ng gi\u1ed1ng nhau c\u0169ng kh\u00f4ng kh\u00e1c nhau, kh\u00f4ng c\u00f3 c\u00e1i ng\u00e3 th\u01b0\u1eddng h\u1eb1ng c\u0169ng kh\u00f4ng c\u00f3 h\u01b0 v\u00f4. Ch\u00fang ta th\u00ec coi l\u00e0 C\u00f3 h\u1ebft m\u1ecdi th\u1ee9. Khi ch\u00fang ta hi\u1ec3u r\u1eb1ng m\u00ecnh kh\u00f4ng b\u1ecb h\u1ee7y di\u1ec7t th\u00ec ch\u00fang ta kh\u00f4ng c\u00f2n lo s\u1ee3. \u0110\u00f3 l\u00e0 s\u1ef1 gi\u1ea3i tho\u00e1t. Ch\u00fang ta c\u00f3 th\u1ec3 an h\u01b0\u1edfng v\u00e0 th\u01b0\u1edfng th\u1ee9c \u0111\u1eddi s\u1ed1ng m\u1ed9t c\u00e1ch m\u1edbi m\u1ebb.<\/p>\n<p>Kh\u00f4ng di\u1ec7t kh\u00f4ng sinh \u0111\u1eebng s\u1ee3 h\u00e3i l\u00e0 t\u1ef1a s\u00e1ch \u0111\u01b0\u1ee3c Thi\u1ec1n s\u01b0 Th\u00edch Nh\u1ea5t H\u1ea1nhvi\u1ebft n\u00ean d\u1ef1a tr\u00ean kinh nghi\u1ec7m c\u1ee7a ch\u00ednh m\u00ecnh. \u1ede \u0111\u00f3, Th\u1ea7y Nh\u1ea5t H\u1ea1nh \u0111\u00e3 \u0111\u01b0a ra m\u1ed9t thay th\u1ebf \u0111\u00e1ng ng\u1ea1c nhi\u00ean cho hai tri\u1ebft l\u00fd tr\u00e1i ng\u01b0\u1ee3c nhau v\u1ec1 v\u0129nh c\u1eedu v\u00e0 h\u01b0 kh\u00f4ng: \u201cT\u1ef1 mu\u00f4n \u0111\u1eddi t\u00f4i v\u1eabn t\u1ef1 do. T\u1eed sinh ch\u1ec9 l\u00e0 c\u1eeda ng\u00f5 ra v\u00e0o, t\u1eed sinh l\u00e0 tr\u00f2 ch\u01a1i c\u00fat b\u1eaft. T\u00f4i ch\u01b0a bao gi\u1edd t\u1eebng sinh c\u0169ng ch\u01b0a bao gi\u1edd t\u1eebng di\u1ec7t\u201d v\u00e0 \u201cN\u1ed7i kh\u1ed5 l\u1edbn nh\u1ea5t c\u1ee7a ch\u00fang ta l\u00e0 \u00fd ni\u1ec7m v\u1ec1 \u0111\u1ebfn-\u0111i, lui-t\u1edbi.\u201d<\/p>\n<p>\u0110\u01b0\u1ee3c l\u1eb7p \u0111i l\u1eb7p l\u1ea1i nhi\u1ec1u l\u1ea7n, Th\u1ea7y khuy\u00ean ch\u00fang ta th\u1ef1c t\u1eadp nh\u00ecn s\u00e2u \u0111\u1ec3 ch\u00fang ta hi\u1ec3u \u0111\u01b0\u1ee3c v\u00e0 t\u1ef1 m\u00ecnh n\u1ebfm \u0111\u01b0\u1ee3c s\u1ef1 t\u1ef1 do c\u1ee7a con \u0111\u01b0\u1eddng ch\u00ednh gi\u1eefa, kh\u00f4ng b\u1ecb k\u1eb9t v\u00e0o c\u1ea3 hai \u00fd ni\u1ec7m c\u1ee7a v\u0129nh c\u1eedu v\u00e0 h\u01b0 kh\u00f4ng. L\u00e0 m\u1ed9t thi s\u0129 n\u00ean khi gi\u1ea3i th\u00edch v\u1ec1 c\u00e1c s\u1ef1 tr\u00e1i ng\u01b0\u1ee3c trong \u0111\u1eddi s\u1ed1ng, Th\u1ea7y \u0111\u00e3 nh\u1eb9 nh\u00e0ng v\u00e9n b\u1ee9c m\u00e0n v\u00f4 minh \u1ea3o t\u01b0\u1edfng d\u00f9m ch\u00fang ta, cho ph\u00e9p ch\u00fang ta (c\u00f3 l\u1ebd l\u1ea7n \u0111\u1ea7u ti\u00ean trong \u0111\u1eddi) \u0111\u01b0\u1ee3c bi\u1ebft r\u1eb1ng s\u1ef1 kinh ho\u00e0ng v\u1ec1 c\u00e1i ch\u1ebft ch\u1ec9 c\u00f3 nguy\u00ean nh\u00e2n l\u00e0 c\u00e1c \u00fd ni\u1ec7m v\u00e0 hi\u1ec3u bi\u1ebft sai l\u1ea7m c\u1ee7a ch\u00ednh m\u00ecnh m\u00e0 th\u00f4i.<\/p>\n<p>Tri ki\u1ebfn v\u1ec1 s\u1ed1ng, ch\u1ebft c\u1ee7a Th\u1ea7y v\u00f4 c\u00f9ng vi t\u1ebf v\u00e0 \u0111\u1eb9p \u0111\u1ebd. C\u0169ng nh\u01b0 nh\u1eefng \u0111i\u1ec1u vi t\u1ebf, \u0111\u1eb9p \u0111\u1ebd kh\u00e1c, c\u00e1ch th\u01b0\u1edfng th\u1ee9c hay nh\u1ea5t l\u00e0 thi\u1ec1n qu\u00e1n trong thinh l\u1eb7ng. L\u00f2ng nh\u00e2n h\u1eadu v\u00e0 t\u1eeb bi ph\u00e1t xu\u1ea5t t\u1eeb su\u1ed1i ngu\u1ed3n th\u00e2m tu\u1ec7 c\u1ee7a Thi\u1ec1n s\u01b0 Th\u00edch Nh\u1ea5t H\u1ea1nh l\u00e0 m\u1ed9t lo\u1ea1i thu\u1ed1c ch\u1eefa l\u00e0nh nh\u1eefng v\u1ebft th\u01b0\u01a1ng trong tr\u00e1i tim ch\u00fang ta.<\/p>\n","protected":false},"excerpt":{"rendered":"<p>Kh\u00f4ng Di\u1ec7t Kh\u00f4ng Sinh \u0110\u1eebng S\u1ee3 H\u00e3i<br \/>\nNhi\u1ec1u ng\u01b0\u1eddi trong ch\u00fang ta tin r\u1eb1ng cu\u1ed9c \u0111\u1eddi c\u1ee7a ta b\u1eaft \u0111\u1ea7u t\u1eeb l\u00fac ch\u00e0o \u0111\u1eddi v\u00e0 k\u1ebft th\u00fac khi ta ch\u1ebft. Ch\u00fang ta tin r\u1eb1ng ch\u00fang ta t\u1edbi t\u1eeb c\u00e1i Kh\u00f4ng, n\u00ean khi ch\u1ebft ch\u00fang ta c\u0169ng kh\u00f4ng c\u00f2n l\u1ea1i g\u00ec h\u1ebft. V\u00e0 ch\u00fang ta lo l\u1eafng v\u00ec s\u1ebd tr\u1edf th\u00e0nh h\u01b0 v\u00f4.<\/p>\n<p>B\u1ee5t c\u00f3 c\u00e1i hi\u1ec3u r\u1ea5t kh\u00e1c v\u1ec1 cu\u1ed9c \u0111\u1eddi. Ng\u00e0i hi\u1ec3u r\u1eb1ng s\u1ed1ng v\u00e0 ch\u1ebft ch\u1ec9 l\u00e0 nh\u1eefng \u00fd ni\u1ec7m kh\u00f4ng c\u00f3 th\u1ef1c. Coi \u0111\u00f3 l\u00e0 s\u1ef1 th\u1ef1c, ch\u00ednh l\u00e0 nguy\u00ean do g\u00e2y cho ch\u00fang ta kh\u1ed5 n\u00e3o. B\u1ee5t d\u1ea1y kh\u00f4ng c\u00f3 sinh, kh\u00f4ng c\u00f3 di\u1ec7t, kh\u00f4ng t\u1edbi c\u0169ng kh\u00f4ng \u0111i, kh\u00f4ng gi\u1ed1ng nhau c\u0169ng kh\u00f4ng kh\u00e1c nhau, kh\u00f4ng c\u00f3 c\u00e1i ng\u00e3 th\u01b0\u1eddng h\u1eb1ng c\u0169ng kh\u00f4ng c\u00f3 h\u01b0 v\u00f4. Ch\u00fang ta th\u00ec coi l\u00e0 C\u00f3 h\u1ebft m\u1ecdi th\u1ee9. Khi ch\u00fang ta hi\u1ec3u r\u1eb1ng m\u00ecnh kh\u00f4ng b\u1ecb h\u1ee7y di\u1ec7t th\u00ec ch\u00fang ta kh\u00f4ng c\u00f2n lo s\u1ee3. \u0110\u00f3 l\u00e0 s\u1ef1 gi\u1ea3i tho\u00e1t. Ch\u00fang ta c\u00f3 th\u1ec3 an h\u01b0\u1edfng v\u00e0 th\u01b0\u1edfng th\u1ee9c \u0111\u1eddi s\u1ed1ng m\u1ed9t c\u00e1ch m\u1edbi m\u1ebb.<\/p>\n<p>Kh\u00f4ng di\u1ec7t kh\u00f4ng sinh \u0111\u1eebng s\u1ee3 h\u00e3i l\u00e0 t\u1ef1a s\u00e1ch \u0111\u01b0\u1ee3c Thi\u1ec1n s\u01b0 Th\u00edch Nh\u1ea5t H\u1ea1nhvi\u1ebft n\u00ean d\u1ef1a tr\u00ean kinh nghi\u1ec7m c\u1ee7a ch\u00ednh m\u00ecnh. \u1ede \u0111\u00f3, Th\u1ea7y Nh\u1ea5t H\u1ea1nh \u0111\u00e3 \u0111\u01b0a ra m\u1ed9t thay th\u1ebf \u0111\u00e1ng ng\u1ea1c nhi\u00ean cho hai tri\u1ebft l\u00fd tr\u00e1i ng\u01b0\u1ee3c nhau v\u1ec1 v\u0129nh c\u1eedu v\u00e0 h\u01b0 kh\u00f4ng: \u201cT\u1ef1 mu\u00f4n \u0111\u1eddi t\u00f4i v\u1eabn t\u1ef1 do. T\u1eed sinh ch\u1ec9 l\u00e0 c\u1eeda ng\u00f5 ra v\u00e0o, t\u1eed sinh l\u00e0 tr\u00f2 ch\u01a1i c\u00fat b\u1eaft. T\u00f4i ch\u01b0a bao gi\u1edd t\u1eebng sinh c\u0169ng ch\u01b0a bao gi\u1edd t\u1eebng di\u1ec7t\u201d v\u00e0 \u201cN\u1ed7i kh\u1ed5 l\u1edbn nh\u1ea5t c\u1ee7a ch\u00fang ta l\u00e0 \u00fd ni\u1ec7m v\u1ec1 \u0111\u1ebfn-\u0111i, lui-t\u1edbi.\u201d<\/p>\n<p>\u0110\u01b0\u1ee3c l\u1eb7p \u0111i l\u1eb7p l\u1ea1i nhi\u1ec1u l\u1ea7n, Th\u1ea7y khuy\u00ean ch\u00fang ta th\u1ef1c t\u1eadp nh\u00ecn s\u00e2u \u0111\u1ec3 ch\u00fang ta hi\u1ec3u \u0111\u01b0\u1ee3c v\u00e0 t\u1ef1 m\u00ecnh n\u1ebfm \u0111\u01b0\u1ee3c s\u1ef1 t\u1ef1 do c\u1ee7a con \u0111\u01b0\u1eddng ch\u00ednh gi\u1eefa, kh\u00f4ng b\u1ecb k\u1eb9t v\u00e0o c\u1ea3 hai \u00fd ni\u1ec7m c\u1ee7a v\u0129nh c\u1eedu v\u00e0 h\u01b0 kh\u00f4ng. L\u00e0 m\u1ed9t thi s\u0129 n\u00ean khi gi\u1ea3i th\u00edch v\u1ec1 c\u00e1c s\u1ef1 tr\u00e1i ng\u01b0\u1ee3c trong \u0111\u1eddi s\u1ed1ng, Th\u1ea7y \u0111\u00e3 nh\u1eb9 nh\u00e0ng v\u00e9n b\u1ee9c m\u00e0n v\u00f4 minh \u1ea3o t\u01b0\u1edfng d\u00f9m ch\u00fang ta, cho ph\u00e9p ch\u00fang ta (c\u00f3 l\u1ebd l\u1ea7n \u0111\u1ea7u ti\u00ean trong \u0111\u1eddi) \u0111\u01b0\u1ee3c bi\u1ebft r\u1eb1ng s\u1ef1 kinh ho\u00e0ng v\u1ec1 c\u00e1i ch\u1ebft ch\u1ec9 c\u00f3 nguy\u00ean nh\u00e2n l\u00e0 c\u00e1c \u00fd ni\u1ec7m v\u00e0 hi\u1ec3u bi\u1ebft sai l\u1ea7m c\u1ee7a ch\u00ednh m\u00ecnh m\u00e0 th\u00f4i.<\/p>\n<p>Tri ki\u1ebfn v\u1ec1 s\u1ed1ng, ch\u1ebft c\u1ee7a Th\u1ea7y v\u00f4 c\u00f9ng vi t\u1ebf v\u00e0 \u0111\u1eb9p \u0111\u1ebd. C\u0169ng nh\u01b0 nh\u1eefng \u0111i\u1ec1u vi t\u1ebf, \u0111\u1eb9p \u0111\u1ebd kh\u00e1c, c\u00e1ch th\u01b0\u1edfng th\u1ee9c hay nh\u1ea5t l\u00e0 thi\u1ec1n qu\u00e1n trong thinh l\u1eb7ng. L\u00f2ng nh\u00e2n h\u1eadu v\u00e0 t\u1eeb bi ph\u00e1t xu\u1ea5t t\u1eeb su\u1ed1i ngu\u1ed3n th\u00e2m tu\u1ec7 c\u1ee7a Thi\u1ec1n s\u01b0 Th\u00edch Nh\u1ea5t H\u1ea1nh l\u00e0 m\u1ed9t lo\u1ea1i thu\u1ed1c ch\u1eefa l\u00e0nh nh\u1eefng v\u1ebft th\u01b0\u01a1ng trong tr\u00e1i tim ch\u00fang ta.<\/p>\n","protected":false},"featured_media":12770,"template":"","meta":{"_acf_changed":false},"product_brand":[],"product_cat":[15,76],"product_tag":[],"class_list":{"0":"post-12793","1":"product","2":"type-product","3":"status-publish","4":"has-post-thumbnail","6":"product_cat-sach-danh-cho-nguoi-lon","7":"product_cat-ton-giao-tam-linh","9":"first","10":"outofstock","11":"taxable","12":"shipping-taxable","13":"purchasable","14":"product-type-simple"},"supplier_id":null,"supplier_sku":"","barcode":null,"atum_controlled":true,"out_stock_date":"2023-08-13 07:50:19","out_stock_threshold":null,"inheritable":false,"inbound_stock":0,"stock_on_hold":0,"sold_today":0,"sales_last_days":0,"reserved_stock":1,"customer_returns":0,"warehouse_damage":0,"lost_in_post":0,"other_logs":0,"out_stock_days":899,"lost_sales":0,"has_location":false,"update_date":"2026-01-28T23:10:52","atum_locations":[],"atum_stock_status":"outofstock","restock_status":false,"low_stock_amount":"","sales_update_date":"2026-01-28T23:10:52","calc_backorders":null,"acf":{"publisher":{"ID":9871,"post_author":"1","post_date":"2021-06-02 17:52:59","post_date_gmt":"2021-06-02 14:52:59","post_content":"","post_title":"Saigon Books","post_excerpt":"","post_status":"publish","comment_status":"closed","ping_status":"closed","post_password":"","post_name":"saigon-books","to_ping":"","pinged":"","post_modified":"2021-06-02 17:52:59","post_modified_gmt":"2021-06-02 14:52:59","post_content_filtered":"","post_parent":0,"guid":"https:\/\/sachviet.eu\/nha-phat-hanh\/saigon-books\/","menu_order":0,"post_type":"publisher","post_mime_type":"","comment_count":"0","filter":"raw"}},"_links":{"self":[{"href":"https:\/\/sachviet.eu\/en\/wp-json\/wp\/v2\/product\/12793","targetHints":{"allow":["GET"]}}],"collection":[{"href":"https:\/\/sachviet.eu\/en\/wp-json\/wp\/v2\/product"}],"about":[{"href":"https:\/\/sachviet.eu\/en\/wp-json\/wp\/v2\/types\/product"}],"wp:featuredmedia":[{"embeddable":true,"href":"https:\/\/sachviet.eu\/en\/wp-json\/wp\/v2\/media\/12770"}],"wp:attachment":[{"href":"https:\/\/sachviet.eu\/en\/wp-json\/wp\/v2\/media?parent=12793"}],"wp:term":[{"taxonomy":"product_brand","embeddable":true,"href":"https:\/\/sachviet.eu\/en\/wp-json\/wp\/v2\/product_brand?post=12793"},{"taxonomy":"product_cat","embeddable":true,"href":"https:\/\/sachviet.eu\/en\/wp-json\/wp\/v2\/product_cat?post=12793"},{"taxonomy":"product_tag","embeddable":true,"href":"https:\/\/sachviet.eu\/en\/wp-json\/wp\/v2\/product_tag?post=12793"}],"curies":[{"name":"wp","href":"https:\/\/api.w.org\/{rel}","templated":true}]}}