{"id":12769,"date":"2021-06-11T23:26:42","date_gmt":"2021-06-11T20:26:42","guid":{"rendered":"https:\/\/sachviet.eu\/shop\/luat-tam-thuc-giai-ma-ma-tran-vu-tru\/"},"modified":"2021-09-02T22:42:57","modified_gmt":"2021-09-02T19:42:57","slug":"luat-tam-thuc-giai-ma-ma-tran-vu-tru","status":"publish","type":"product","link":"https:\/\/sachviet.eu\/en\/shop\/luat-tam-thuc-giai-ma-ma-tran-vu-tru\/","title":{"rendered":"Lu\u1eadt T\u00e2m Th\u1ee9c &#8211; Gi\u1ea3i M\u00e3 Ma Tr\u1eadn V\u0169 Tr\u1ee5"},"content":{"rendered":"<p>Lu\u1eadt T\u00e2m Th\u1ee9c &#8211; Gi\u1ea3i M\u00e3 Ma Tr\u1eadn V\u0169 Tr\u1ee5<\/p>\n<p>D\u1ecbch b\u1ec7nh, thi\u00ean tai, chi\u1ebfn tranh\u2026 c\u00f3 ph\u1ea3i l\u00e0 l\u1eddi c\u1ea3nh c\u00e1o c\u1ee7a t\u1ef1 nhi\u00ean \u0111\u1ebfn con ng\u01b0\u1eddi?<\/p>\n<p>\u201cBi\u1ebfn \u0111\u1ed5i kh\u00ed h\u1eadu\u201d l\u00e0 m\u1ed9t n\u01b0\u1edbc \u0111i ch\u00ednh tr\u1ecb hay ch\u1ec9 l\u00e0 s\u1ef1 thay \u0111\u1ed5i c\u1ee7a Tr\u00e1i \u0110\u1ea5t theo chu k\u1ef3?<\/p>\n<p>UFO, ng\u01b0\u1eddi ngo\u00e0i h\u00e0nh tinh c\u00f3 th\u1eadt kh\u00f4ng?<\/p>\n<p>T\u1ea1i sao Kinh d\u1ecbch l\u1ea1i ti\u00ean \u0111o\u00e1n \u0111\u01b0\u1ee3c c\u00e1c s\u1ef1 ki\u1ec7n?<\/p>\n<p>M\u1ed7i con ng\u01b0\u1eddi c\u00f3 s\u1ed1 m\u1ec7nh \u0111\u1ecbnh s\u1eb5n kh\u00f4ng? Ch\u00fang ta s\u1ebd \u0111i v\u1ec1 \u0111\u00e2u sau khi ch\u1ebft?<\/p>\n<p>\u2026<\/p>\n<p>Li\u1ec7u t\u1ea5t c\u1ea3 ch\u1ec9 l\u00e0 ng\u1eabu nhi\u00ean, hay c\u00f3 m\u1ed9t s\u1ef1 s\u1eafp \u0111\u1eb7t t\u00e0i t\u00ecnh c\u1ee7a v\u0169 tr\u1ee5?<\/p>\n<p>\u201cLu\u1eadt T\u00e2m Th\u1ee9c &#8211; gi\u1ea3i m\u00e3 ma tr\u1eadn v\u0169 tr\u1ee5\u201d s\u1ebd gi\u1ea3i \u0111\u00e1p t\u1ea5t c\u1ea3 nh\u1eefng kh\u00eda c\u1ea1nh m\u00e0 c\u00f3 th\u1ec3 b\u1ea1n kh\u00f4ng nh\u1eadn th\u1ee9c \u0111\u01b0\u1ee3c ch\u00fang t\u1ed3n t\u1ea1i, v\u00e0 c\u00f3 th\u1ec3 kh\u00e1m ph\u00e1 nh\u1eefng v\u00f9ng \u0111\u1ea5t m\u00ecnh ch\u01b0a t\u1eebng bi\u1ebft \u0111\u1ebfn.  <\/p>\n<p>Nh\u1eefng g\u00f3c nh\u00ecn trong \u201cLu\u1eadt T\u00e2m Th\u1ee9c\u201d b\u1eaft ngu\u1ed3n t\u1eeb t\u1ea5t c\u1ea3 nh\u1eefng ki\u1ebfn th\u1ee9c c\u1ed5 x\u01b0a nh\u1ea5t c\u1ee7a lo\u00e0i ng\u01b0\u1eddi\u2026 nh\u01b0ng \u0111\u01b0\u1ee3c t\u00e1c gi\u1ea3 Ng\u00f4 Sa Th\u1ea1ch gi\u1ea3i th\u00edch b\u1eb1ng m\u1ed9t g\u00f3c nh\u00ecn g\u1ea7n g\u0169i, \u0111\u1eb7c bi\u1ec7t, qua \u0111\u00f3 b\u1ea1n s\u1ebd hi\u1ec3u \u0111\u01b0\u1ee3c:<\/p>\n<p>Ngu\u1ed3n g\u1ed1c c\u1ee7a v\u0169 tr\u1ee5, nh\u1eefng quy lu\u1eadt t\u1ef1 nhi\u00ean chi ph\u1ed1i s\u1ef1 h\u00ecnh th\u00e0nh c\u1ee7a m\u1ecdi v\u1eadt,  tr\u00ed tu\u1ec7 c\u1ed5 x\u01b0a khi th\u00f4ng hi\u1ec3u v\u00e0 \u1ee9ng d\u1ee5ng c\u00e1c quy lu\u1eadt t\u1ef1 nhi\u00ean.<\/p>\n<p>N\u0103ng l\u01b0\u1ee3ng v\u00e0 t\u1ea7n s\u1ed1 rung \u0111\u1ed9ng, gi\u1ea3i th\u00edch nh\u1eefng hi\u1ec7n t\u01b0\u1ee3ng t\u00e2m linh nh\u01b0 quy h\u1ed3i ti\u1ec1n ki\u1ebfp, ti\u00ean \u0111o\u00e1n s\u1ef1 ki\u1ec7n, du h\u00e0nh th\u1eddi gian,&#8230;<\/p>\n<p>Con ng\u01b0\u1eddi: t\u1ed5 h\u1ee3p th\u00e2n &#8211; t\u00e2m &#8211; tr\u00ed, nghi\u1ec7p qu\u1ea3, s\u1ee9 m\u1ec7nh trong c\u00e1c ki\u1ebfp, s\u1ef1 ti\u1ebfn h\u00f3a c\u1ee7a t\u00e2m th\u1ee9c.<\/p>\n<p>Thay \u0111\u1ed5i cu\u1ed9c s\u1ed1ng b\u1eb1ng c\u00e1ch thay \u0111\u1ed5i t\u00e2m th\u1ee9c, hi\u1ec3u \u0111\u00fang v\u1ec1 c\u00e1c quy lu\u1eadt v\u0169 tr\u1ee5 \u0111\u1ec3 thu h\u00fat n\u0103ng l\u01b0\u1ee3ng c\u1ea3i thi\u1ec7n cu\u1ed9c s\u1ed1ng c\u1ee7a m\u00ecnh v\u00e0 c\u1ea3 v\u0169 tr\u1ee5.<\/p>\n<p>Cu\u1ed1n s\u00e1ch n\u00e0y s\u1ebd gi\u00fap b\u1ea1n th\u1ea5y r\u1eb1ng nh\u1eefng ki\u1ebfn th\u1ee9c c\u1ee7a ng\u01b0\u1eddi x\u01b0a kh\u00f4ng h\u1ec1 cao si\u00eau huy\u1ec1n b\u00ed m\u00e0 v\u00f4 c\u00f9ng \u0111\u01a1n gi\u1ea3n v\u00e0 li\u00ean quan ch\u1eb7t ch\u1ebd t\u1edbi khoa h\u1ecdc hi\u1ec7n \u0111\u1ea1i.<\/p>\n<p>Vi\u1ec7c c\u1ee7a b\u1ea1n ch\u1ec9 l\u00e0 \u0111\u1ecdc v\u1edbi m\u1ed9t t\u00e2m tr\u00ed c\u1edfi m\u1edf \u0111\u1ec3 th\u1ee9c t\u1ec9nh, v\u01b0\u1ee3t qua nh\u1eefng r\u00e0o c\u1ea3n c\u1ee7a t\u00e2m tr\u00ed, nh\u1eefng ni\u1ec1m tin c\u1ed1 h\u1eefu c\u1ee7a m\u00ecnh.  <\/p>\n<p>N\u1ebfu con ng\u01b0\u1eddi c\u1ee9 \u0111\u00f3ng khung t\u01b0 duy c\u1ee7a m\u00ecnh trong hai tr\u01b0\u1eddng ph\u00e1i duy v\u1eadt v\u00e0 duy t\u00e2m, ch\u00fang ta s\u1ebd m\u00e3i m\u00e3i kh\u00f4ng bao gi\u1edd c\u00f3 th\u1ec3 gi\u1ea3i \u0111\u00e1p \u0111\u01b0\u1ee3c nh\u1eefng v\u1ea5n \u0111\u1ec1 l\u1edbn lao c\u1ee7a nh\u00e2n lo\u1ea1i. Khi \u0111\u00f3, ch\u00fang ta c\u0169ng s\u1ebd kh\u00f4ng bao gi\u1edd hi\u1ec3u \u0111\u01b0\u1ee3c b\u1ea3n ch\u1ea5t c\u1ee7a nh\u1eefng c\u00e2u chuy\u1ec7n v\u1ec1 t\u00e2m linh, c\u0169ng nh\u01b0 nh\u1eefng v\u1ea5n \u0111\u1ec1 ch\u01b0a l\u00fd gi\u1ea3i \u0111\u01b0\u1ee3c c\u1ee7a khoa h\u1ecdc. <\/p>\n<p>S\u1ef1 thi\u1ebfu hi\u1ec3u bi\u1ebft n\u00e0y, s\u1ebd d\u1eabn t\u1edbi nh\u1eefng con ng\u01b0\u1eddi m\u00f9 qu\u00e1ng khi c\u00f3 m\u1ed9t s\u1ed1 tr\u1ea3i nghi\u1ec7m \u201ct\u00e2m linh\u201d, sa \u0111\u00e0 v\u00e0o m\u00ea t\u00edn. Ng\u01b0\u1ee3c l\u1ea1i, ch\u00ednh n\u00f3 c\u0169ng h\u00ecnh th\u00e0nh m\u1ed9t nh\u00f3m ng\u01b0\u1eddi m\u00f9 qu\u00e1ng tin v\u00e0o khoa h\u1ecdc, duy v\u1eadt, d\u1eabn t\u1edbi s\u1ef1 h\u1ee7y ho\u1ea1i nghi\u00eam tr\u1ecdng t\u1edbi s\u1ef1 s\u1ed1ng tr\u00ean c\u1ea3 h\u00e0nh tinh n\u00e0y.<\/p>\n<p>Hi\u1ec3u v\u1ec1 lu\u1eadt t\u00e2m th\u1ee9c, n\u00e2ng cao t\u00e2m th\u1ee9c l\u00e0 qu\u00e1 tr\u00ecnh m\u1ed7i linh h\u1ed3n tr\u1ea3i nghi\u1ec7m v\u00e0 v\u01b0\u1ee3t qua nh\u1eefng b\u00e0i h\u1ecdc cu\u1ed9c \u0111\u1eddi.<\/p>\n","protected":false},"excerpt":{"rendered":"<p>Lu\u1eadt T\u00e2m Th\u1ee9c &#8211; Gi\u1ea3i M\u00e3 Ma Tr\u1eadn V\u0169 Tr\u1ee5<\/p>\n<p>D\u1ecbch b\u1ec7nh, thi\u00ean tai, chi\u1ebfn tranh\u2026 c\u00f3 ph\u1ea3i l\u00e0 l\u1eddi c\u1ea3nh c\u00e1o c\u1ee7a t\u1ef1 nhi\u00ean \u0111\u1ebfn con ng\u01b0\u1eddi?<\/p>\n<p>\u201cBi\u1ebfn \u0111\u1ed5i kh\u00ed h\u1eadu\u201d l\u00e0 m\u1ed9t n\u01b0\u1edbc \u0111i ch\u00ednh tr\u1ecb hay ch\u1ec9 l\u00e0 s\u1ef1 thay \u0111\u1ed5i c\u1ee7a Tr\u00e1i \u0110\u1ea5t theo chu k\u1ef3?<\/p>\n<p>UFO, ng\u01b0\u1eddi ngo\u00e0i h\u00e0nh tinh c\u00f3 th\u1eadt kh\u00f4ng?<\/p>\n<p>T\u1ea1i sao Kinh d\u1ecbch l\u1ea1i ti\u00ean \u0111o\u00e1n \u0111\u01b0\u1ee3c c\u00e1c s\u1ef1 ki\u1ec7n?<\/p>\n<p>M\u1ed7i con ng\u01b0\u1eddi c\u00f3 s\u1ed1 m\u1ec7nh \u0111\u1ecbnh s\u1eb5n kh\u00f4ng? Ch\u00fang ta s\u1ebd \u0111i v\u1ec1 \u0111\u00e2u sau khi ch\u1ebft?<\/p>\n<p>\u2026<\/p>\n<p>Li\u1ec7u t\u1ea5t c\u1ea3 ch\u1ec9 l\u00e0 ng\u1eabu nhi\u00ean, hay c\u00f3 m\u1ed9t s\u1ef1 s\u1eafp \u0111\u1eb7t t\u00e0i t\u00ecnh c\u1ee7a v\u0169 tr\u1ee5?<\/p>\n<p>\u201cLu\u1eadt T\u00e2m Th\u1ee9c &#8211; gi\u1ea3i m\u00e3 ma tr\u1eadn v\u0169 tr\u1ee5\u201d s\u1ebd gi\u1ea3i \u0111\u00e1p t\u1ea5t c\u1ea3 nh\u1eefng kh\u00eda c\u1ea1nh m\u00e0 c\u00f3 th\u1ec3 b\u1ea1n kh\u00f4ng nh\u1eadn th\u1ee9c \u0111\u01b0\u1ee3c ch\u00fang t\u1ed3n t\u1ea1i, v\u00e0 c\u00f3 th\u1ec3 kh\u00e1m ph\u00e1 nh\u1eefng v\u00f9ng \u0111\u1ea5t m\u00ecnh ch\u01b0a t\u1eebng bi\u1ebft \u0111\u1ebfn.  <\/p>\n<p>Nh\u1eefng g\u00f3c nh\u00ecn trong \u201cLu\u1eadt T\u00e2m Th\u1ee9c\u201d b\u1eaft ngu\u1ed3n t\u1eeb t\u1ea5t c\u1ea3 nh\u1eefng ki\u1ebfn th\u1ee9c c\u1ed5 x\u01b0a nh\u1ea5t c\u1ee7a lo\u00e0i ng\u01b0\u1eddi\u2026 nh\u01b0ng \u0111\u01b0\u1ee3c t\u00e1c gi\u1ea3 Ng\u00f4 Sa Th\u1ea1ch gi\u1ea3i th\u00edch b\u1eb1ng m\u1ed9t g\u00f3c nh\u00ecn g\u1ea7n g\u0169i, \u0111\u1eb7c bi\u1ec7t, qua \u0111\u00f3 b\u1ea1n s\u1ebd hi\u1ec3u \u0111\u01b0\u1ee3c:<\/p>\n<p>Ngu\u1ed3n g\u1ed1c c\u1ee7a v\u0169 tr\u1ee5, nh\u1eefng quy lu\u1eadt t\u1ef1 nhi\u00ean chi ph\u1ed1i s\u1ef1 h\u00ecnh th\u00e0nh c\u1ee7a m\u1ecdi v\u1eadt,  tr\u00ed tu\u1ec7 c\u1ed5 x\u01b0a khi th\u00f4ng hi\u1ec3u v\u00e0 \u1ee9ng d\u1ee5ng c\u00e1c quy lu\u1eadt t\u1ef1 nhi\u00ean.<\/p>\n<p>N\u0103ng l\u01b0\u1ee3ng v\u00e0 t\u1ea7n s\u1ed1 rung \u0111\u1ed9ng, gi\u1ea3i th\u00edch nh\u1eefng hi\u1ec7n t\u01b0\u1ee3ng t\u00e2m linh nh\u01b0 quy h\u1ed3i ti\u1ec1n ki\u1ebfp, ti\u00ean \u0111o\u00e1n s\u1ef1 ki\u1ec7n, du h\u00e0nh th\u1eddi gian,&#8230;<\/p>\n<p>Con ng\u01b0\u1eddi: t\u1ed5 h\u1ee3p th\u00e2n &#8211; t\u00e2m &#8211; tr\u00ed, nghi\u1ec7p qu\u1ea3, s\u1ee9 m\u1ec7nh trong c\u00e1c ki\u1ebfp, s\u1ef1 ti\u1ebfn h\u00f3a c\u1ee7a t\u00e2m th\u1ee9c.<\/p>\n<p>Thay \u0111\u1ed5i cu\u1ed9c s\u1ed1ng b\u1eb1ng c\u00e1ch thay \u0111\u1ed5i t\u00e2m th\u1ee9c, hi\u1ec3u \u0111\u00fang v\u1ec1 c\u00e1c quy lu\u1eadt v\u0169 tr\u1ee5 \u0111\u1ec3 thu h\u00fat n\u0103ng l\u01b0\u1ee3ng c\u1ea3i thi\u1ec7n cu\u1ed9c s\u1ed1ng c\u1ee7a m\u00ecnh v\u00e0 c\u1ea3 v\u0169 tr\u1ee5.<\/p>\n<p>Cu\u1ed1n s\u00e1ch n\u00e0y s\u1ebd gi\u00fap b\u1ea1n th\u1ea5y r\u1eb1ng nh\u1eefng ki\u1ebfn th\u1ee9c c\u1ee7a ng\u01b0\u1eddi x\u01b0a kh\u00f4ng h\u1ec1 cao si\u00eau huy\u1ec1n b\u00ed m\u00e0 v\u00f4 c\u00f9ng \u0111\u01a1n gi\u1ea3n v\u00e0 li\u00ean quan ch\u1eb7t ch\u1ebd t\u1edbi khoa h\u1ecdc hi\u1ec7n \u0111\u1ea1i.<\/p>\n<p>Vi\u1ec7c c\u1ee7a b\u1ea1n ch\u1ec9 l\u00e0 \u0111\u1ecdc v\u1edbi m\u1ed9t t\u00e2m tr\u00ed c\u1edfi m\u1edf \u0111\u1ec3 th\u1ee9c t\u1ec9nh, v\u01b0\u1ee3t qua nh\u1eefng r\u00e0o c\u1ea3n c\u1ee7a t\u00e2m tr\u00ed, nh\u1eefng ni\u1ec1m tin c\u1ed1 h\u1eefu c\u1ee7a m\u00ecnh.  <\/p>\n<p>N\u1ebfu con ng\u01b0\u1eddi c\u1ee9 \u0111\u00f3ng khung t\u01b0 duy c\u1ee7a m\u00ecnh trong hai tr\u01b0\u1eddng ph\u00e1i duy v\u1eadt v\u00e0 duy t\u00e2m, ch\u00fang ta s\u1ebd m\u00e3i m\u00e3i kh\u00f4ng bao gi\u1edd c\u00f3 th\u1ec3 gi\u1ea3i \u0111\u00e1p \u0111\u01b0\u1ee3c nh\u1eefng v\u1ea5n \u0111\u1ec1 l\u1edbn lao c\u1ee7a nh\u00e2n lo\u1ea1i. Khi \u0111\u00f3, ch\u00fang ta c\u0169ng s\u1ebd kh\u00f4ng bao gi\u1edd hi\u1ec3u \u0111\u01b0\u1ee3c b\u1ea3n ch\u1ea5t c\u1ee7a nh\u1eefng c\u00e2u chuy\u1ec7n v\u1ec1 t\u00e2m linh, c\u0169ng nh\u01b0 nh\u1eefng v\u1ea5n \u0111\u1ec1 ch\u01b0a l\u00fd gi\u1ea3i \u0111\u01b0\u1ee3c c\u1ee7a khoa h\u1ecdc. <\/p>\n<p>S\u1ef1 thi\u1ebfu hi\u1ec3u bi\u1ebft n\u00e0y, s\u1ebd d\u1eabn t\u1edbi nh\u1eefng con ng\u01b0\u1eddi m\u00f9 qu\u00e1ng khi c\u00f3 m\u1ed9t s\u1ed1 tr\u1ea3i nghi\u1ec7m \u201ct\u00e2m linh\u201d, sa \u0111\u00e0 v\u00e0o m\u00ea t\u00edn. Ng\u01b0\u1ee3c l\u1ea1i, ch\u00ednh n\u00f3 c\u0169ng h\u00ecnh th\u00e0nh m\u1ed9t nh\u00f3m ng\u01b0\u1eddi m\u00f9 qu\u00e1ng tin v\u00e0o khoa h\u1ecdc, duy v\u1eadt, d\u1eabn t\u1edbi s\u1ef1 h\u1ee7y ho\u1ea1i nghi\u00eam tr\u1ecdng t\u1edbi s\u1ef1 s\u1ed1ng tr\u00ean c\u1ea3 h\u00e0nh tinh n\u00e0y.<\/p>\n<p>Hi\u1ec3u v\u1ec1 lu\u1eadt t\u00e2m th\u1ee9c, n\u00e2ng cao t\u00e2m th\u1ee9c l\u00e0 qu\u00e1 tr\u00ecnh m\u1ed7i linh h\u1ed3n tr\u1ea3i nghi\u1ec7m v\u00e0 v\u01b0\u1ee3t qua nh\u1eefng b\u00e0i h\u1ecdc cu\u1ed9c \u0111\u1eddi.<\/p>\n","protected":false},"featured_media":12766,"template":"","meta":{"_acf_changed":false},"product_brand":[],"product_cat":[15,76],"product_tag":[],"class_list":{"0":"post-12769","1":"product","2":"type-product","3":"status-publish","4":"has-post-thumbnail","6":"product_cat-sach-danh-cho-nguoi-lon","7":"product_cat-ton-giao-tam-linh","9":"first","10":"outofstock","11":"taxable","12":"shipping-taxable","13":"purchasable","14":"product-type-simple"},"supplier_id":null,"supplier_sku":"","barcode":null,"atum_controlled":true,"out_stock_date":"2021-09-02 19:42:57","out_stock_threshold":null,"inheritable":false,"inbound_stock":0,"stock_on_hold":0,"sold_today":0,"sales_last_days":0,"reserved_stock":0,"customer_returns":0,"warehouse_damage":0,"lost_in_post":0,"other_logs":0,"out_stock_days":1609,"lost_sales":0,"has_location":false,"update_date":"2026-01-28T23:10:52","atum_locations":[],"atum_stock_status":"outofstock","restock_status":false,"low_stock_amount":"","sales_update_date":"2026-01-28T23:10:52","calc_backorders":null,"acf":{"publisher":{"ID":1460,"post_author":"1","post_date":"2021-02-17 01:12:24","post_date_gmt":"2021-02-16 23:12:24","post_content":"<!-- wp:flatsome\/uxbuilder -->\n<h1 style=\"text-align: center;\"><strong>Skybooks<\/strong><\/h1>\n[row]\n\n[col span=\"7\" span__sm=\"12\"]\n\n<p>C\u00f4ng ty ph\u00e1t h\u00e0nh s\u00e1ch Skybooks. \"T\u00f4i tr\u1ebb, t\u00f4i \u0111am m\u00ea\" v\u1edbi s\u1ee9 m\u1ec7nh lan to\u1ea3 c\u1ea3m x\u00fac v\u00e0 k\u1ebft n\u1ed1i t\u00e2m h\u1ed3n<\/p>\n<p><strong>Skybooks l\u00e0 c\u00e2u chuy\u1ec7n k\u1ec3 v\u1ec1:<\/strong><br \/>M\u1ed9t th\u1ebf h\u1ec7 ng\u01b0\u1eddi vi\u1ebft tr\u1ebb, \u0111am m\u00ea v\u0103n ch\u01b0\u01a1ng v\u00e0 t\u00f4n tr\u1ecdng, g\u00ecn gi\u1eef, s\u00e1ng t\u1ea1o Ti\u1ebfng Vi\u1ec7t. M\u1ed9t th\u1ebf h\u1ec7 \u0111\u1ed9c gi\u1ea3 tr\u1ebb, \u0111am m\u00ea kh\u00e1m ph\u00e1 ng\u00f4n ng\u1eef v\u00e0 say m\u00ea \u0111\u1ebfn v\u1edbi th\u1ebf gi\u1edbi c\u1ee7a nh\u1eefng quy\u1ec3n s\u00e1ch. M\u1ed9t th\u1ebf h\u1ec7 ng\u01b0\u1eddi l\u00e0m s\u00e1ch tr\u1ebb, \u0111am m\u00ea mang nh\u1eefng gi\u00e1 tr\u1ecb tinh th\u1ea7n l\u1ea1i g\u1ea7n ng\u01b0\u1eddi \u0111\u1ecdc.<br \/>Trong b\u1ed9 nh\u1eadn d\u1ea1ng th\u01b0\u01a1ng hi\u1ec7u:<br \/>Skybooks v\u1edbi ch\u1eef Sky m\u00e0u xanh da tr\u1eddi c\u00f3 \u00fd ngh\u0129a l\u00e0 c\u00f4ng ty B\u1ea7u Tr\u1eddi - n\u01a1i t\u1ea5t c\u1ea3 \u01b0\u1edbc m\u01a1 \u0111\u01b0\u1ee3c t\u1ef1 do tung c\u00e1nh.<br \/>V\u1edbi logo h\u00ecnh hoa b\u1ed3 c\u00f4ng anh \u0111ang bay t\u01b0\u1ee3ng tr\u01b0ng cho s\u1ef1 lan to\u1ea3 c\u1ea3m x\u00fac v\u00e0 kh\u00e1t v\u1ecdng bay cao.<br \/>K\u1ebb v\u1ea1ch logo c\u00f3 n\u1ec1n m\u00e0u ghi x\u00e1m xu\u1ea5t hi\u1ec7n tr\u00ean b\u00eca m\u1ecdi \u1ea5n ph\u1ea9m th\u1ec3 hi\u1ec7n con \u0111\u01b0\u1eddng b\u01b0\u1edbc v\u00e0o th\u1ecb tr\u01b0\u1eddng s\u00e1ch v\u00e0 chinh ph\u1ee5c \u0111\u1ed9c gi\u1ea3 l\u00e0 m\u1ed9t h\u00e0nh tr\u00ecnh d\u00e0i, \u0111\u1ea7y gian kh\u00f3, c\u00f3 nhi\u1ec1u b\u00e3o t\u1ed1, nh\u01b0ng ch\u1ec9 c\u1ea7n n\u1ed7 l\u1ef1c c\u1ed1 g\u1eafng nh\u1ea5t \u0111\u1ecbnh s\u1ebd ngo\u1ea1n m\u1ee5c v\u01b0\u1ee3t qua. \u0110\u1ec3 kh\u1eb3ng \u0111\u1ecbnh v\u00e0 ch\u1ee9ng minh ch\u00ednh m\u00ecnh!<\/p>\n\n[\/col]\n[col span=\"5\" span__sm=\"12\"]\n\n[ux_image id=\"1825\" image_size=\"medium\"]\n\n\n[\/col]\n\n[\/row]\n\n<!-- \/wp:flatsome\/uxbuilder -->","post_title":"Skybooks","post_excerpt":"","post_status":"publish","comment_status":"closed","ping_status":"closed","post_password":"","post_name":"skybooks","to_ping":"","pinged":"","post_modified":"2021-02-17 01:57:31","post_modified_gmt":"2021-02-16 23:57:31","post_content_filtered":"","post_parent":0,"guid":"https:\/\/sachviet.eu\/nha-phat-hanh\/skybooks\/","menu_order":0,"post_type":"publisher","post_mime_type":"","comment_count":"0","filter":"raw"}},"_links":{"self":[{"href":"https:\/\/sachviet.eu\/en\/wp-json\/wp\/v2\/product\/12769","targetHints":{"allow":["GET"]}}],"collection":[{"href":"https:\/\/sachviet.eu\/en\/wp-json\/wp\/v2\/product"}],"about":[{"href":"https:\/\/sachviet.eu\/en\/wp-json\/wp\/v2\/types\/product"}],"wp:featuredmedia":[{"embeddable":true,"href":"https:\/\/sachviet.eu\/en\/wp-json\/wp\/v2\/media\/12766"}],"wp:attachment":[{"href":"https:\/\/sachviet.eu\/en\/wp-json\/wp\/v2\/media?parent=12769"}],"wp:term":[{"taxonomy":"product_brand","embeddable":true,"href":"https:\/\/sachviet.eu\/en\/wp-json\/wp\/v2\/product_brand?post=12769"},{"taxonomy":"product_cat","embeddable":true,"href":"https:\/\/sachviet.eu\/en\/wp-json\/wp\/v2\/product_cat?post=12769"},{"taxonomy":"product_tag","embeddable":true,"href":"https:\/\/sachviet.eu\/en\/wp-json\/wp\/v2\/product_tag?post=12769"}],"curies":[{"name":"wp","href":"https:\/\/api.w.org\/{rel}","templated":true}]}}