{"id":12754,"date":"2021-06-11T23:25:48","date_gmt":"2021-06-11T20:25:48","guid":{"rendered":"https:\/\/sachviet.eu\/shop\/muon-an-duoc-an-thich-nhat-hanh\/"},"modified":"2023-07-21T11:45:43","modified_gmt":"2023-07-21T08:45:43","slug":"muon-an-duoc-an-thich-nhat-hanh","status":"publish","type":"product","link":"https:\/\/sachviet.eu\/en\/shop\/muon-an-duoc-an-thich-nhat-hanh\/","title":{"rendered":"Mu\u1ed1n An \u0111\u01b0\u1ee3c An &#8211; Th\u00edch Nh\u1ea5t H\u1ea1nh"},"content":{"rendered":"<p>Ng\u00e0y ch\u1ee7 nh\u1eadt v\u00e0 c\u0169ng l\u00e0 ng\u00e0y cu\u1ed1i c\u00f9ng c\u1ee7a th\u00e1ng 11 n\u0103m 2014 t\u00f4i nh\u1eadn \u0111\u01b0\u1ee3c b\u1ea3n th\u1ea3o cu\u1ed1n s\u00e1ch Mu\u1ed1n an \u0111\u01b0\u1ee3c an c\u1ee7a thi\u1ec1n s\u01b0 Th\u00edch Nh\u1ea5t H\u1ea1nh \u0111\u00e3 \u0111\u01b0\u1ee3c s\u01b0 c\u00f4 H\u1ed9i Nghi\u00eam d\u1ecbch ra ti\u1ebfng Vi\u1ec7t t\u1eeb b\u1ea3n nguy\u00ean g\u1ed1c ti\u1ebfng anh Being peace. T\u00f4i ng\u1ed3i v\u00e0o b\u00e0n r\u1ed3i \u0111\u1ecdc ngay t\u1ee9c kh\u1eafc. V\u00e0 t\u00f4i gi\u1eadt m\u00ecnh.<\/p>\n<p>Gi\u1eadt m\u00ecnh b\u1edfi m\u00ecnh qu\u00e1 may m\u1eafn m\u00e0 kh\u00f4ng bi\u1ebft \u0111\u1ebfn \u0111i\u1ec1u \u0111\u00f3. May m\u1eafn v\u00ec t\u00ednh \u0111\u1ebfn n\u0103m 2015 n\u00e0y t\u00f4i \u0111\u01b0\u1ee3c bi\u1ebft \u0111\u1ebfn thi\u1ec1n s\u01b0 Th\u00edch Nh\u1ea5t H\u1ea1nh \u0111\u00fang 10 n\u0103m. Qu\u00e1 may m\u1eafn b\u1edfi \u0111\u00eam h\u00f4m qua t\u00f4i v\u1eeba t\u1eeb Myanmar bay v\u1ec1 Vi\u1ec7t Nam v\u00e0 tr\u00ean m\u00e1y bay c\u00f3 \u0111\u1ecdc b\u00e1o th\u1ea5y t\u00ecnh tr\u1ea1ng \u0111\u00f3i, b\u1ec7nh \u1edf ch\u00e2u Phi \u0111ang v\u1eabn r\u1ea5t cao, r\u1eb1ng \u1edf Ucraina v\u1eeba c\u00f3 th\u00eam nh\u1eefng d\u00e2n th\u01b0\u1eddng thi\u1ec7t m\u1ea1ng, t\u00ecnh h\u00ecnh ch\u00ednh tr\u1ecb x\u00e3 h\u1ed9i b\u1ea5t \u1ed5n \u1edf nhi\u1ec1u n\u01a1i tr\u00ean th\u1ebf gi\u1edbi. Qu\u00e1 may m\u1eafn b\u1edfi b\u1ea3n th\u00e2n t\u00f4i v\u00e0 r\u1ea5t nhi\u1ec1u \u0111\u1ed3ng nghi\u1ec7p \u0111\u00e3 v\u00e0 \u0111ang l\u00e0m vi\u1ec7c \u1edf Th\u00e1i H\u00e0 Books c\u1ee7a t\u00f4i \u0111\u1ec1u l\u00e0 Ph\u1eadt t\u1eed.<\/p>\n<p>T\u00f4i \u0111\u1ecdc ngay nh\u1eefng d\u00f2ng \u0111\u1ea7u ti\u00ean v\u00e0 ph\u1ea3i \u0111\u1ecdc \u0111i \u0111\u1ecdc l\u1ea1i v\u00e0i l\u1ea7n nh\u1eefng d\u00f2ng nh\u1eefng ch\u1eef c\u1ee7a thi\u1ec1n s\u01b0 Th\u00edch Nh\u1ea5t H\u1ea1nh \u201cN\u1ebfu t\u1ef1 th\u00e2n ta kh\u00f4ng c\u00f3 h\u1ea1nh ph\u00fac, b\u00ecnh an th\u00ec ch\u00fang ta kh\u00f4ng th\u1ec3 hi\u1ebfn t\u1eb7ng h\u1ea1nh ph\u00fac v\u00e0 b\u00ecnh an cho ai \u0111\u01b0\u1ee3c, k\u1ec3 c\u1ea3 nh\u1eefng ng\u01b0\u1eddi ta th\u01b0\u01a1ng, nh\u1eefng ng\u01b0\u1eddi ta c\u00f9ng chung s\u1ed1ng trong m\u1ed9t m\u00e1i \u1ea5m gia \u0111\u00ecnh. C\u00f3 b\u00ecnh an, h\u1ea1nh ph\u00fac th\u00ec ch\u00fang ta s\u1ebd m\u1ec9m c\u01b0\u1eddi v\u00e0 xinh t\u01b0\u01a1i nh\u01b0 m\u1ed9t b\u00f4ng hoa, khi \u0111\u00f3, m\u1ecdi ng\u01b0\u1eddi chung quanh ta, t\u1eeb gia \u0111\u00ecnh cho \u0111\u1ebfn x\u00e3 h\u1ed9i, ai c\u0169ng \u0111\u01b0\u1ee3c th\u1eeba h\u01b0\u1edfng.\u201d<\/p>\n<p>M\u1ed7i ng\u00e0y ch\u00fang ta c\u00f3 r\u1ea5t nhi\u1ec1u c\u1ea3m th\u1ecd. Khi th\u00ec h\u1ea1nh ph\u00fac, l\u00fac th\u00ec bu\u1ed3n kh\u1ed5. C\u00e1c c\u1ea3m th\u1ecd c\u1ee9 l\u1ea7n l\u01b0\u1ee3t \u0111\u1ebfn v\u1edbi ta nh\u01b0 m\u1ed9t d\u00f2ng s\u00f4ng. R\u00f5 r\u00e0ng vi\u1ec7c th\u1ef1c t\u1eadp thi\u1ec1n l\u00e0 r\u1ea5t quan tr\u1ecdng. H\u00e0nh thi\u1ec1n \u0111\u1ec3 \u00fd th\u1ee9c \u0111\u01b0\u1ee3c, ghi nh\u1eadn t\u1eebng c\u1ea3m th\u1ecd, th\u1eadm ch\u00ed \u00f4m \u1ea5p t\u1eebng c\u1ea3m th\u1ecd. T\u00f4i lu\u00f4n nh\u1eafc m\u00ecnh th\u1ef1c t\u1eadp nh\u01b0 v\u1eady. T\u00f4i bi\u1ebft \u0111i\u1ec1u n\u00e0y b\u1edfi thi\u1ec1n s\u01b0 Th\u00edch Nh\u1ea5t H\u1ea1nh \u0111\u00e3 h\u01b0\u1edbng d\u1eabn ch\u00fang t\u00f4i c\u00e1ch \u0111\u00e2y tr\u00f2n 10 n\u0103m, t\u1eeb 2005 khi t\u00f4i may m\u1eafn \u0111\u01b0\u1ee3c bi\u1ebft \u0111\u1ebfn Th\u1ea7y. Nh\u1edd Th\u1ea7y m\u00e0 t\u00f4i d\u1ea7n bi\u1ebft c\u00e1ch t\u00ecm b\u00ecnh an trong ch\u00ednh m\u00ecnh.<\/p>\n<p>T\u00f4i \u0111\u00e3 nh\u1eadn ra r\u1eb1ng thi\u1ec1n r\u1ea5t gi\u1ea3n \u0111\u01a1n, c\u00f3 th\u1ec3 thi\u1ec1n t\u1eadp \u1edf b\u1ea5t c\u1ee9 \u0111\u00e2u v\u00e0 b\u1ea5t c\u1ee9 gi\u1edd n\u00e0o trong ng\u00e0y. Thi\u1ec1n kh\u00f4ng c\u00f3 ngh\u0129a l\u00e0 v\u00e0o r\u1eebng \u1ea9n tu hay tr\u1ed1n tr\u00e1nh x\u00e3 h\u1ed9i. N\u1ebfu nh\u01b0 ch\u00fang ta c\u00f9ng nh\u1eafc nhau thi\u1ec1n m\u1ed7i ng\u00e0y th\u00ec \u0111\u1eddi s\u1ed1ng \u0111\u1eb9p bi\u1ebft nh\u01b0\u1eddng n\u00e0o v\u00e0 x\u00e3 h\u1ed9i s\u1ebd t\u01b0\u01a1i m\u00e1t v\u00f4 c\u00f9ng.<\/p>\n<p>Mu\u1ed1n an th\u00ec c\u00f3 an. V\u1ea5n \u0111\u1ec1 l\u00e0 ta ph\u1ea3i mu\u1ed1n. C\u00f3 hai th\u1eddi \u0111i\u1ec3m r\u1ea5t quan tr\u1ecdng m\u00e0 t\u00f4i lu\u00f4n nh\u1eafc t\u00e2m c\u1ee7a m\u00ecnh b\u00ecnh an. \u0110\u00f3 l\u00e0 \u0111\u1ea7u gi\u1edd s\u00e1ng v\u00e0 tr\u01b0\u1edbc khi ng\u1ee7. T\u00f4i hay nh\u1eafc t\u00e2m an l\u1ea1c, nh\u1eafc mi\u1ec7ng m\u1ec9m c\u01b0\u1eddi th\u01b0 gi\u00e3n. Mu\u1ed1n an th\u00ec \u0111\u01b0\u1ee3c an m\u00e0. Mu\u1ed1n h\u1ea1nh ph\u00fac th\u00ec c\u00f3 ngay h\u1ea1nh ph\u00fac m\u00e0. H\u1ea1nh ph\u00fac t\u1eeb trong ta m\u1edbi l\u00e2u m\u1edbi b\u1ec1n, ch\u1ee9 h\u1ea1nh ph\u00fac mang t\u1eeb b\u00ean ngo\u00e0i v\u00e0o \u0111\u1ebfn v\u00e0 \u0111i nhanh l\u1eafm.<\/p>\n<p>\u0110\u00f4i khi, b\u1ea1n c\u0169ng nh\u01b0 t\u00f4i, ch\u00fang ta qu\u00e1 b\u1eadn r\u1ed9n. B\u1eadn \u0111\u1ebfn m\u1ee9c kh\u00f4ng d\u00e0nh th\u1eddi gian cho ng\u01b0\u1eddi th\u00e2n v\u00e0 b\u1ea1n b\u00e8. B\u1eadn \u0111\u1ebfn m\u1ee9c kh\u00f4ng c\u00f3 th\u1eddi gian \u0111\u1ec3 ng\u1eafm c\u00e2y, ng\u1eafm tr\u1eddi, ng\u1eafm hoa ng\u1eafm \u0111\u1ea5t. Th\u1eadm ch\u00ed qu\u00ean m\u1ea5t chuy\u1ec7n th\u1edf v\u00e0 ta th\u1edf t\u1ef1 \u0111\u1ed9ng nh\u01b0 m\u1ed9t c\u00e1i m\u00e1y, th\u1edf kh\u00f4ng c\u00f3 \u00fd th\u1ee9c. Th\u1eadt l\u00e0 ti\u1ebfc. B\u1ea1n v\u00e0 t\u00f4i v\u1eabn \u0111ang b\u1ecb t\u1eadp kh\u00ed l\u00f4i cu\u1ed1n. B\u00e2y gi\u1edd, \u0111\u1ecdc Mu\u1ed1n an \u0111\u01b0\u1ee3c an r\u1ed3i ch\u00fang ta  lu\u00f4n t\u1ef1 nh\u1eafc m\u00ecnh v\u00e0 nh\u1eafc nhau hai ch\u1eef b\u00ecnh an \u0111\u1ec3 t\u1ea1o b\u00ecnh an cho ch\u00ednh m\u00ecnh.<\/p>\n<p>C\u00e1ch \u0111\u00e2y m\u1ea5y th\u00e1ng,ch\u00fang t\u00f4i may m\u1eafn \u0111\u01b0\u1ee3c tham gia kh\u00f3a thi\u1ec1n d\u00e0nh cho gi\u1edbi Ti\u1ebfp hi\u1ec7n. Trong m\u1ed9t tu\u1ea7n b\u00ean nhau \u1edf Pack Chong Th\u00e1i Lan, ch\u00fang t\u00f4i \u0111\u00e3 thi\u1ec1n t\u1eadp r\u1ea5t t\u1ed1t trong t\u00ecnh huynh \u0111\u1ec7 . T\u00f4i bi\u1ebft m\u00ecnh v\u00e0 c\u00e1c thi\u1ec1n sinh kh\u00e1c \u0111\u00e3 nh\u1eadn \u0111\u01b0\u1ee3c nh\u1eefng l\u1ee3i l\u1ea1c l\u1edbn lao, nh\u1ea5t l\u00e0 s\u1ef1 b\u00ecnh an. \u0110\u1ebfn nay, t\u00f4i v\u1eabn nh\u1edb nh\u1ea5t l\u00e0 b\u00e0i h\u00e1t m\u00e0 t\u00f4i v\u1eabn h\u00e1t m\u1ed7i ng\u00e0y. Xin \u0111\u01b0\u1ee3c chia s\u1ebb v\u1edbi qu\u00fd v\u1ecb.<\/p>\n<p>\u201c\u0110\u1ec3 B\u1ee5t th\u1edf \u0111\u1ec3 B\u1ee5t \u0111i<\/p>\n<p>M\u00ecnh kh\u1ecfi th\u1edf, m\u00ecnh kh\u1ecfi \u0111i, kh\u1ecfi \u0111i<\/p>\n<p>B\u1ee5t \u0111ang th\u1edf, B\u1ee5t \u0111ang \u0111i<\/p>\n<p>M\u00ecnh \u0111\u01b0\u1ee3c th\u1edf, m\u00ecnh \u0111\u01b0\u1ee3c \u0111i, \u0111\u01b0\u1ee3c \u0111i<\/p>\n<p>B\u1ee5t l\u00e0 th\u1edf, B\u1ee5t l\u00e0 \u0111i<\/p>\n<p>M\u00ecnh l\u00e0 th\u1edf, m\u00ecnh l\u00e0 \u0111i, l\u00e0 \u0111i<\/p>\n<p>Ch\u1ec9 c\u00f3 th\u1edf, ch\u1ec9 c\u00f3 \u0111i<\/p>\n<p>Kh\u00f4ng ng\u01b0\u1eddi th\u1edf, kh\u00f4ng ng\u01b0\u1eddi \u0111i, ng\u01b0\u1eddi \u0111i<\/p>\n<p>An khi th\u1edf, l\u1ea1c khi \u0111i<\/p>\n<p>An l\u00e0 th\u1edf, l\u1ea1c l\u00e0 \u0111i, l\u00e0 \u0111i.<\/p>\n<p>Mong sao ai c\u0169ng \u0111\u1ec3 \u00fd \u0111\u1ebfn h\u01a1i th\u1edf, \u0111\u1ebfn b\u01b0\u1edbc \u0111i m\u1ed7i ph\u00fat, m\u1ed7i gi\u00e2y \u0111\u1ec3 c\u00f3 an l\u1ea1c. N\u1ebfu ch\u00fang ta bi\u1ebft nh\u1eafc nhau v\u00e0 c\u00f9ng nhau tr\u1edf v\u1ec1 ti\u1ebfp x\u00fac v\u1edbi b\u1ea3n th\u00e2n th\u00ec m\u00ecnh lu\u00f4n c\u00f3 an l\u1ea1c. Mu\u1ed1n an l\u00e0 \u0111\u01b0\u1ee3c an m\u00e0. Ch\u00fang con th\u00e0nh k\u00ednh bi\u1ebft \u01a1n thi\u1ec1n s\u01b0 Th\u00edch Nh\u1ea5t H\u1ea1nh \u0111\u00e3 gi\u00fap ch\u00fang con \u0111\u01b0\u1ee3c th\u1ef1c t\u1eadp nh\u1eefng l\u1eddi Ph\u1eadt d\u1ea1y, \u0111\u01b0a \u0110\u1ea1o Ph\u1eadt v\u00e0o \u0111\u1eddi s\u1ed1ng th\u01b0\u1eddng ng\u00e0y. M\u1ed9t l\u1ea7n n\u1eefa con xin \u0111\u01b0\u1ee3c th\u00e0nh t\u00e2m tri \u00e2n s\u01b0 c\u00f4 H\u1ed9i Nghi\u00eam \u0111\u00e3 chuy\u1ec3n ng\u1eef ra ti\u1ebfng Vi\u1ec7t cu\u1ed1n s\u00e1ch qu\u00fd \u201cMu\u1ed1n an th\u00ec \u0111\u01b0\u1ee3c an\u201d n\u00e0y \u0111\u1ec3 h\u00e0ng tri\u1ec7u b\u1ea1n \u0111\u1ecdc Vi\u1ec7t Nam, nh\u1ea5t l\u00e0 c\u00e1c thi\u1ec1n sinh v\u00e0 Ph\u1eadt t\u1eed c\u00f3 cu\u1ed1n c\u1ea9m nang \u0111\u1ec3 th\u1ef1c h\u00e0nh.<\/p>\n<p>Xin ch\u00fac m\u1eebng qu\u00fd v\u1ecb \u0111\u00e3 c\u00f3 tr\u00ean tay cu\u1ed1n s\u00e1ch qu\u00fd. Mong r\u1eb1ng ch\u00fang ta c\u00f9ng nhau th\u1ef1c t\u1eadp, c\u00f9ng nhau \u0111i nh\u01b0 m\u00f4t d\u00f2ng s\u00f4ng v\u1ec1 v\u1edbi \u0111\u1ea1i d\u01b0\u01a1ng bao la c\u1ee7a b\u00ecnh an.<\/p>\n<p>Xin h\u1ed3i h\u01b0\u1edbng c\u00f4ng \u0111\u1ee9c xu\u1ea5t b\u1ea3n cu\u1ed1n s\u00e1ch n\u00e0y \u0111\u1ebfn thi\u1ec1n s\u01b0 Th\u00edch Nh\u1ea5t H\u1ea1nh v\u1edbi mong mu\u1ed1n Th\u1ea7y lu\u00f4n kh\u1ecfe m\u1ea1nh, \u0111\u1ec3 h\u01b0\u1edbng d\u1eabn ch\u00fang con tu t\u1eadp m\u1ed7i ng\u00e0y.<\/p>\n<p> M\u1ee5c l\u1ee5c:<\/p>\n<p>Cu\u1ed9c s\u1ed1ng kh\u00f4ng ch\u1ec9 c\u00f3 kh\u1ed5 \u0111au<\/p>\n<p>Ba vi\u00ean ng\u1ecdc qu\u00fd<\/p>\n<p>C\u1ea3m th\u1ecd v\u00e0 tri gi\u00e1c<\/p>\n<p>Tr\u00e1i tim thi\u1ec1n t\u1eadp<\/p>\n<p>L\u00e0m vi\u1ec7c cho h\u00f2a b\u00ecnh<\/p>\n<p>T\u01b0\u01a1ng t\u1ee9c<\/p>\n<p>Thi\u1ec1n t\u1eadp trong \u0111\u1eddi s\u1ed1ng h\u00e0ng ng\u00e0y<\/p>\n","protected":false},"excerpt":{"rendered":"<p>Ng\u00e0y ch\u1ee7 nh\u1eadt v\u00e0 c\u0169ng l\u00e0 ng\u00e0y cu\u1ed1i c\u00f9ng c\u1ee7a th\u00e1ng 11 n\u0103m 2014 t\u00f4i nh\u1eadn \u0111\u01b0\u1ee3c b\u1ea3n th\u1ea3o cu\u1ed1n s\u00e1ch Mu\u1ed1n an \u0111\u01b0\u1ee3c an c\u1ee7a thi\u1ec1n s\u01b0 Th\u00edch Nh\u1ea5t H\u1ea1nh \u0111\u00e3 \u0111\u01b0\u1ee3c s\u01b0 c\u00f4 H\u1ed9i Nghi\u00eam d\u1ecbch ra ti\u1ebfng Vi\u1ec7t t\u1eeb b\u1ea3n nguy\u00ean g\u1ed1c ti\u1ebfng anh Being peace. T\u00f4i ng\u1ed3i v\u00e0o b\u00e0n r\u1ed3i \u0111\u1ecdc ngay t\u1ee9c kh\u1eafc. V\u00e0 t\u00f4i gi\u1eadt m\u00ecnh.<\/p>\n<p>Gi\u1eadt m\u00ecnh b\u1edfi m\u00ecnh qu\u00e1 may m\u1eafn m\u00e0 kh\u00f4ng bi\u1ebft \u0111\u1ebfn \u0111i\u1ec1u \u0111\u00f3. May m\u1eafn v\u00ec t\u00ednh \u0111\u1ebfn n\u0103m 2015 n\u00e0y t\u00f4i \u0111\u01b0\u1ee3c bi\u1ebft \u0111\u1ebfn thi\u1ec1n s\u01b0 Th\u00edch Nh\u1ea5t H\u1ea1nh \u0111\u00fang 10 n\u0103m. Qu\u00e1 may m\u1eafn b\u1edfi \u0111\u00eam h\u00f4m qua t\u00f4i v\u1eeba t\u1eeb Myanmar bay v\u1ec1 Vi\u1ec7t Nam v\u00e0 tr\u00ean m\u00e1y bay c\u00f3 \u0111\u1ecdc b\u00e1o th\u1ea5y t\u00ecnh tr\u1ea1ng \u0111\u00f3i, b\u1ec7nh \u1edf ch\u00e2u Phi \u0111ang v\u1eabn r\u1ea5t cao, r\u1eb1ng \u1edf Ucraina v\u1eeba c\u00f3 th\u00eam nh\u1eefng d\u00e2n th\u01b0\u1eddng thi\u1ec7t m\u1ea1ng, t\u00ecnh h\u00ecnh ch\u00ednh tr\u1ecb x\u00e3 h\u1ed9i b\u1ea5t \u1ed5n \u1edf nhi\u1ec1u n\u01a1i tr\u00ean th\u1ebf gi\u1edbi. Qu\u00e1 may m\u1eafn b\u1edfi b\u1ea3n th\u00e2n t\u00f4i v\u00e0 r\u1ea5t nhi\u1ec1u \u0111\u1ed3ng nghi\u1ec7p \u0111\u00e3 v\u00e0 \u0111ang l\u00e0m vi\u1ec7c \u1edf Th\u00e1i H\u00e0 Books c\u1ee7a t\u00f4i \u0111\u1ec1u l\u00e0 Ph\u1eadt t\u1eed.<\/p>\n<p>T\u00f4i \u0111\u1ecdc ngay nh\u1eefng d\u00f2ng \u0111\u1ea7u ti\u00ean v\u00e0 ph\u1ea3i \u0111\u1ecdc \u0111i \u0111\u1ecdc l\u1ea1i v\u00e0i l\u1ea7n nh\u1eefng d\u00f2ng nh\u1eefng ch\u1eef c\u1ee7a thi\u1ec1n s\u01b0 Th\u00edch Nh\u1ea5t H\u1ea1nh \u201cN\u1ebfu t\u1ef1 th\u00e2n ta kh\u00f4ng c\u00f3 h\u1ea1nh ph\u00fac, b\u00ecnh an th\u00ec ch\u00fang ta kh\u00f4ng th\u1ec3 hi\u1ebfn t\u1eb7ng h\u1ea1nh ph\u00fac v\u00e0 b\u00ecnh an cho ai \u0111\u01b0\u1ee3c, k\u1ec3 c\u1ea3 nh\u1eefng ng\u01b0\u1eddi ta th\u01b0\u01a1ng, nh\u1eefng ng\u01b0\u1eddi ta c\u00f9ng chung s\u1ed1ng trong m\u1ed9t m\u00e1i \u1ea5m gia \u0111\u00ecnh. C\u00f3 b\u00ecnh an, h\u1ea1nh ph\u00fac th\u00ec ch\u00fang ta s\u1ebd m\u1ec9m c\u01b0\u1eddi v\u00e0 xinh t\u01b0\u01a1i nh\u01b0 m\u1ed9t b\u00f4ng hoa, khi \u0111\u00f3, m\u1ecdi ng\u01b0\u1eddi chung quanh ta, t\u1eeb gia \u0111\u00ecnh cho \u0111\u1ebfn x\u00e3 h\u1ed9i, ai c\u0169ng \u0111\u01b0\u1ee3c th\u1eeba h\u01b0\u1edfng.\u201d<\/p>\n<p>M\u1ed7i ng\u00e0y ch\u00fang ta c\u00f3 r\u1ea5t nhi\u1ec1u c\u1ea3m th\u1ecd. Khi th\u00ec h\u1ea1nh ph\u00fac, l\u00fac th\u00ec bu\u1ed3n kh\u1ed5. C\u00e1c c\u1ea3m th\u1ecd c\u1ee9 l\u1ea7n l\u01b0\u1ee3t \u0111\u1ebfn v\u1edbi ta nh\u01b0 m\u1ed9t d\u00f2ng s\u00f4ng. R\u00f5 r\u00e0ng vi\u1ec7c th\u1ef1c t\u1eadp thi\u1ec1n l\u00e0 r\u1ea5t quan tr\u1ecdng. H\u00e0nh thi\u1ec1n \u0111\u1ec3 \u00fd th\u1ee9c \u0111\u01b0\u1ee3c, ghi nh\u1eadn t\u1eebng c\u1ea3m th\u1ecd, th\u1eadm ch\u00ed \u00f4m \u1ea5p t\u1eebng c\u1ea3m th\u1ecd. T\u00f4i lu\u00f4n nh\u1eafc m\u00ecnh th\u1ef1c t\u1eadp nh\u01b0 v\u1eady. T\u00f4i bi\u1ebft \u0111i\u1ec1u n\u00e0y b\u1edfi thi\u1ec1n s\u01b0 Th\u00edch Nh\u1ea5t H\u1ea1nh \u0111\u00e3 h\u01b0\u1edbng d\u1eabn ch\u00fang t\u00f4i c\u00e1ch \u0111\u00e2y tr\u00f2n 10 n\u0103m, t\u1eeb 2005 khi t\u00f4i may m\u1eafn \u0111\u01b0\u1ee3c bi\u1ebft \u0111\u1ebfn Th\u1ea7y. Nh\u1edd Th\u1ea7y m\u00e0 t\u00f4i d\u1ea7n bi\u1ebft c\u00e1ch t\u00ecm b\u00ecnh an trong ch\u00ednh m\u00ecnh.<\/p>\n<p>T\u00f4i \u0111\u00e3 nh\u1eadn ra r\u1eb1ng thi\u1ec1n r\u1ea5t gi\u1ea3n \u0111\u01a1n, c\u00f3 th\u1ec3 thi\u1ec1n t\u1eadp \u1edf b\u1ea5t c\u1ee9 \u0111\u00e2u v\u00e0 b\u1ea5t c\u1ee9 gi\u1edd n\u00e0o trong ng\u00e0y. Thi\u1ec1n kh\u00f4ng c\u00f3 ngh\u0129a l\u00e0 v\u00e0o r\u1eebng \u1ea9n tu hay tr\u1ed1n tr\u00e1nh x\u00e3 h\u1ed9i. N\u1ebfu nh\u01b0 ch\u00fang ta c\u00f9ng nh\u1eafc nhau thi\u1ec1n m\u1ed7i ng\u00e0y th\u00ec \u0111\u1eddi s\u1ed1ng \u0111\u1eb9p bi\u1ebft nh\u01b0\u1eddng n\u00e0o v\u00e0 x\u00e3 h\u1ed9i s\u1ebd t\u01b0\u01a1i m\u00e1t v\u00f4 c\u00f9ng.<\/p>\n<p>Mu\u1ed1n an th\u00ec c\u00f3 an. V\u1ea5n \u0111\u1ec1 l\u00e0 ta ph\u1ea3i mu\u1ed1n. C\u00f3 hai th\u1eddi \u0111i\u1ec3m r\u1ea5t quan tr\u1ecdng m\u00e0 t\u00f4i lu\u00f4n nh\u1eafc t\u00e2m c\u1ee7a m\u00ecnh b\u00ecnh an. \u0110\u00f3 l\u00e0 \u0111\u1ea7u gi\u1edd s\u00e1ng v\u00e0 tr\u01b0\u1edbc khi ng\u1ee7. T\u00f4i hay nh\u1eafc t\u00e2m an l\u1ea1c, nh\u1eafc mi\u1ec7ng m\u1ec9m c\u01b0\u1eddi th\u01b0 gi\u00e3n. Mu\u1ed1n an th\u00ec \u0111\u01b0\u1ee3c an m\u00e0. Mu\u1ed1n h\u1ea1nh ph\u00fac th\u00ec c\u00f3 ngay h\u1ea1nh ph\u00fac m\u00e0. H\u1ea1nh ph\u00fac t\u1eeb trong ta m\u1edbi l\u00e2u m\u1edbi b\u1ec1n, ch\u1ee9 h\u1ea1nh ph\u00fac mang t\u1eeb b\u00ean ngo\u00e0i v\u00e0o \u0111\u1ebfn v\u00e0 \u0111i nhanh l\u1eafm.<\/p>\n<p>\u0110\u00f4i khi, b\u1ea1n c\u0169ng nh\u01b0 t\u00f4i, ch\u00fang ta qu\u00e1 b\u1eadn r\u1ed9n. B\u1eadn \u0111\u1ebfn m\u1ee9c kh\u00f4ng d\u00e0nh th\u1eddi gian cho ng\u01b0\u1eddi th\u00e2n v\u00e0 b\u1ea1n b\u00e8. B\u1eadn \u0111\u1ebfn m\u1ee9c kh\u00f4ng c\u00f3 th\u1eddi gian \u0111\u1ec3 ng\u1eafm c\u00e2y, ng\u1eafm tr\u1eddi, ng\u1eafm hoa ng\u1eafm \u0111\u1ea5t. Th\u1eadm ch\u00ed qu\u00ean m\u1ea5t chuy\u1ec7n th\u1edf v\u00e0 ta th\u1edf t\u1ef1 \u0111\u1ed9ng nh\u01b0 m\u1ed9t c\u00e1i m\u00e1y, th\u1edf kh\u00f4ng c\u00f3 \u00fd th\u1ee9c. Th\u1eadt l\u00e0 ti\u1ebfc. B\u1ea1n v\u00e0 t\u00f4i v\u1eabn \u0111ang b\u1ecb t\u1eadp kh\u00ed l\u00f4i cu\u1ed1n. B\u00e2y gi\u1edd, \u0111\u1ecdc Mu\u1ed1n an \u0111\u01b0\u1ee3c an r\u1ed3i ch\u00fang ta  lu\u00f4n t\u1ef1 nh\u1eafc m\u00ecnh v\u00e0 nh\u1eafc nhau hai ch\u1eef b\u00ecnh an \u0111\u1ec3 t\u1ea1o b\u00ecnh an cho ch\u00ednh m\u00ecnh.<\/p>\n","protected":false},"featured_media":12746,"template":"","meta":{"_acf_changed":false},"product_brand":[],"product_cat":[15,76],"product_tag":[],"class_list":{"0":"post-12754","1":"product","2":"type-product","3":"status-publish","4":"has-post-thumbnail","6":"product_cat-sach-danh-cho-nguoi-lon","7":"product_cat-ton-giao-tam-linh","9":"first","10":"outofstock","11":"taxable","12":"shipping-taxable","13":"purchasable","14":"product-type-simple"},"supplier_id":null,"supplier_sku":"","barcode":null,"atum_controlled":true,"out_stock_date":"2023-07-21 08:45:43","out_stock_threshold":null,"inheritable":false,"inbound_stock":0,"stock_on_hold":0,"sold_today":0,"sales_last_days":0,"reserved_stock":0,"customer_returns":0,"warehouse_damage":0,"lost_in_post":0,"other_logs":0,"out_stock_days":922,"lost_sales":0,"has_location":false,"update_date":"2026-01-28T23:10:52","atum_locations":[],"atum_stock_status":"outofstock","restock_status":false,"low_stock_amount":"","sales_update_date":"2026-01-28T23:10:52","calc_backorders":null,"acf":{"publisher":{"ID":1474,"post_author":"1","post_date":"2021-02-17 01:12:51","post_date_gmt":"2021-02-16 23:12:51","post_content":"","post_title":"Th\u00e1i H\u00e0","post_excerpt":"","post_status":"publish","comment_status":"closed","ping_status":"closed","post_password":"","post_name":"thai-ha","to_ping":"","pinged":"","post_modified":"2021-02-17 01:12:51","post_modified_gmt":"2021-02-16 23:12:51","post_content_filtered":"","post_parent":0,"guid":"https:\/\/sachviet.eu\/nha-phat-hanh\/thai-ha\/","menu_order":0,"post_type":"publisher","post_mime_type":"","comment_count":"0","filter":"raw"}},"_links":{"self":[{"href":"https:\/\/sachviet.eu\/en\/wp-json\/wp\/v2\/product\/12754","targetHints":{"allow":["GET"]}}],"collection":[{"href":"https:\/\/sachviet.eu\/en\/wp-json\/wp\/v2\/product"}],"about":[{"href":"https:\/\/sachviet.eu\/en\/wp-json\/wp\/v2\/types\/product"}],"wp:featuredmedia":[{"embeddable":true,"href":"https:\/\/sachviet.eu\/en\/wp-json\/wp\/v2\/media\/12746"}],"wp:attachment":[{"href":"https:\/\/sachviet.eu\/en\/wp-json\/wp\/v2\/media?parent=12754"}],"wp:term":[{"taxonomy":"product_brand","embeddable":true,"href":"https:\/\/sachviet.eu\/en\/wp-json\/wp\/v2\/product_brand?post=12754"},{"taxonomy":"product_cat","embeddable":true,"href":"https:\/\/sachviet.eu\/en\/wp-json\/wp\/v2\/product_cat?post=12754"},{"taxonomy":"product_tag","embeddable":true,"href":"https:\/\/sachviet.eu\/en\/wp-json\/wp\/v2\/product_tag?post=12754"}],"curies":[{"name":"wp","href":"https:\/\/api.w.org\/{rel}","templated":true}]}}