{"id":12745,"date":"2021-06-11T23:25:10","date_gmt":"2021-06-11T20:25:10","guid":{"rendered":"https:\/\/sachviet.eu\/shop\/sach-tet-tan-suu-2021-dong-a\/"},"modified":"2021-06-23T21:17:54","modified_gmt":"2021-06-23T18:17:54","slug":"sach-tet-tan-suu-2021-dong-a","status":"publish","type":"product","link":"https:\/\/sachviet.eu\/en\/shop\/sach-tet-tan-suu-2021-dong-a\/","title":{"rendered":"S\u00e1ch T\u1ebft T\u00e2n S\u1eedu 2021\u00a0&#8211;\u00a0\u0110\u00f4ng A"},"content":{"rendered":"<p>S\u00e1ch t\u1ebft T\u00e2n S\u1eedu 2021 &#8211; H\u1ee3p tuy\u1ec3n v\u0103n th\u01a1 nh\u1ea1c h\u1ecda ch\u1ee7 \u0111\u1ec1 m\u00f9a xu\u00e2n v\u00e0 ng\u00e0y t\u1ebft<\/p>\n<p>\u0110\u1ebfn h\u1eb9n l\u1ea1i l\u00ean, S\u00e1ch t\u1ebft g\u1eb7p l\u1ea1i b\u1ea1n \u0111\u1ecdc khi t\u1ebft \u0111\u1ebfn xu\u00e2n v\u1ec1. Nh\u00e0 v\u0103n H\u1ed3 Anh Th\u00e1i ti\u1ebfp t\u1ee5c l\u00e0 ng\u01b0\u1eddi tuy\u1ec3n ch\u1ecdn c\u00e1c t\u00e1c ph\u1ea9m v\u0103n th\u01a1 nh\u1ea1c h\u1ecda ch\u1ee7 \u0111\u1ec1 m\u00f9a xu\u00e2n v\u00e0 ng\u00e0y t\u1ebft trong giai ph\u1ea9m n\u00e0y.<\/p>\n<p>M\u1edf \u0111\u1ea7u S\u00e1ch t\u1ebft T\u00e2n S\u1eedu 2021 l\u00e0 Kh\u00fac d\u1ea1o \u0111\u1ea7u c\u1ee7a m\u00f9a xu\u00e2n. \u0110\u00f3 n\u1ed7i nh\u1edb nhung nh\u1eefng ng\u00e0y t\u1ebft x\u01b0a c\u0169 \u1edf mi\u1ec1n qu\u00ea ngh\u00e8o trong T\u1ebft x\u1ee9 m\u01b0a c\u1ee7a Ph\u1ea1m Duy Ngh\u0129a; l\u00e0 kh\u00f4ng kh\u00ed n\u00e1o n\u1ee9c khi c\u00e1c t\u00e2n khoa vinh quy b\u00e1i t\u1ed5 trong T\u00e2n S\u1eedu vinh quy c\u1ee7a \u0110\u1ea1t Nh\u00e2n, l\u00e0 \u201cmi\u1ebfng r\u01b0\u01a1i ng\u00e0y t\u1ebft th\u1ea5m \u0111\u1eabm h\u01b0\u01a1ng v\u1ecb qu\u00ea nh\u00e0, th\u1ea5y c\u1ea3 c\u00e1i t\u00ecnh c\u1ee7a ng\u01b0\u1eddi m\u1eb9 hi\u1ec1n\u201d trong M\u00f3n \u0111\u1ed3ng qu\u00ea ph\u1ea3i ch\u1edd \u0111\u00fang d\u1ecbp c\u1ee7a U\u00f4ng Tri\u1ec1u\u2026<\/p>\n<p>Giai ph\u1ea9m xu\u00e2n ti\u1ebfp t\u1ee5c n\u1ed1i d\u00e0i v\u1edbi ph\u1ea7n Th\u01a1 v\u00e0 V\u0103n. Kh\u00f4ng kh\u00ed xu\u00e2n tr\u00e0n ng\u1eadp trong nh\u1eefng v\u1ea7n th\u01a1 c\u1ee7a L\u00e2m Huy Nhu\u1eadn, Ph\u1ea1m Th\u1ecb Ng\u1ecdc Li\u00ean, Y Ph\u01b0\u01a1ng v\u00e0 Ph\u1ea1m Anh Xu\u00e2n\u2026 Sang \u0111\u1ebfn ph\u1ea7n V\u0103n, b\u1ea1n \u0111\u1ecdc \u0111\u01b0\u1ee3c g\u1eb7p l\u1ea1i c\u00e1c nh\u00e0 v\u0103n t\u00ean tu\u1ed5i nh\u01b0 Ma V\u0103n Kh\u00e1ng (Nho c\u00f2n xanh), M\u1ea1c Can (V\u1ec1 b\u1ebfn), Nguy\u1ec5n Tr\u00ed (Mu\u1ed1n \u1edf l\u1ea1i m\u00e0 \u0111\u01b0\u1ee3c sao)\u2026 B\u1ea1n \u0111\u1ecdc c\u0169ng s\u1ebd c\u00f3 nh\u1eefng gi\u00e2y ph\u00fat th\u01b0 gi\u00e3n khi theo anh ch\u00e0ng So\u00e1i K\u00ea \u0111i t\u00ecm l\u1ea1i t\u1ef1 do v\u00e0 t\u00ecnh y\u00eau trong \u0110\u01b0\u1eddng bay mong \u01b0\u1edbc c\u1ee7a Nghi\u00eam L\u01b0\u01a1ng Th\u00e0nh. \u0110\u1ecdc Loanh quanh xu\u00e2n h\u1ea1 thu \u0111\u00f4ng c\u1ee7a Ph\u1ea1m Th\u1ecb Thanh Mai, ch\u1eafc h\u1eb3n ai c\u0169ng c\u00f3 ch\u00fat d\u01b0 v\u1ecb ng\u1eadm ng\u00f9i \u0111\u1ed3ng c\u1ea3m.<\/p>\n<p>Ph\u1ea7n Nh\u1ea1c l\u00e0 nh\u1eefng b\u00e0i c\u1ea3m nh\u1eadn s\u00e2u l\u1eafng v\u00e0 \u0111\u1ed9c \u0111\u00e1o v\u1ec1 c\u00e1c nh\u1ea1c ph\u1ea9m n\u1ed5i ti\u1ebfng: M\u00f9a xu\u00e2n g\u1ecdi (Tr\u1ea7n Ti\u1ebfn), M\u00f9a xu\u00e2n \u0111\u1ea7u ti\u00ean (V\u0103n Cao), Ng\u01b0\u1eddi l\u00ednh m\u00f9a xu\u00e2n v\u1ec1 (Do\u00e3n Nho &#8211; Nguy\u1ec5n Th\u1ee5y Kha). Mu\u00f4n m\u00e0u cu\u1ed9c s\u1ed1ng \u0111\u01b0\u1ee3c ti\u1ebfp t\u1ee5c v\u1ebd n\u00ean qua ph\u1ea7n H\u1ecda. \u0110\u00e1ng ch\u00fa \u00fd l\u00e0 chuy\u00ean m\u1ee5c M\u1ed7i n\u0103m m\u1ed9t h\u1ecda s\u0129 gi\u1edbi thi\u1ec7u m\u1ed9t h\u1ecda s\u0129 nha\u0306\u0300m lan to\u0309a c\u00e1i \u0111e\u0323p c\u1ee7a my\u0303 thu\u1eadt \u1edf m\u1ed9t na\u0306m m\u1edbi \u0111ang \u0111\u1ebfn. Mo\u0302\u0303i h\u1ecda s\u0129 se\u0303 \u0111\u01b0\u1ee3c lu\u031b\u0323a ch\u1ecdn theo ti\u00eau chi\u0301: c\u00f3 na\u0306m tuo\u0302\u0309i cu\u0300ng con gi\u00e1p, th\u01b0\u1eddng ve\u0303 ve\u0302\u0300 con gi\u00e1p c\u1ee7a na\u0306m \u0111\u00f3, hoa\u0323\u0306c c\u00f3 th\u00e0nh tu\u031b\u0323u no\u0302\u0309i b\u1eadt trong na\u0306m. Trong S\u00e1ch t\u1ebft T\u00e2n S\u1eedu 2021, nh\u00e0 b\u00e1o Lucy Nguy\u1ec5n gi\u1edbi thi\u1ec7u h\u1ecda s\u0129 Th\u00e0nh Ch\u01b0\u01a1ng &#8211;  ng\u01b0\u1eddi n\u1ed5i ti\u1ebfng v\u1edbi c\u00e1c t\u00e1c ph\u1ea9m h\u1ed9i h\u1ecda, nh\u1eefng pho t\u01b0\u1ee3ng mang h\u00ecnh \u1ea3nh con tr\u00e2u v\u1edbi ki\u1ec3u t\u1ea1o d\u00e1ng sinh \u0111\u1ed9ng \u0111\u1eadm ch\u1ea5t ri\u00eang. D\u1ea1o qua ph\u1ea7n Nh\u1ea1c, H\u1ecda, b\u1ea1n \u0111\u1ecdc h\u1eb3n c\u00f3 \u0111\u00e3 c\u00f3 th\u00eam nh\u1eefng ph\u00fat th\u0103ng hoa \u0111\u1eddi so\u0302\u0301ng tinh tha\u0302\u0300n, tr\u00e0n ng\u1eadp t\u00ecnh y\u00eau cu\u1ed9c so\u0302\u0301ng.<\/p>\n<p>Cu\u1ed1i c\u00f9ng, ph\u1ea7n V\u0129 thanh gi\u1edbi thi\u1ec7u b\u00e0i l\u01b0\u1ee3c kh\u1ea3o v\u1ec1 c\u00e1c \u1ea5n b\u1ea3n s\u00e1ch \u0111\u1eb7c bi\u1ec7t c\u1ee7a nh\u00e0 s\u01b0u t\u1ea7m Nguy\u1ec5n Ng\u1ecdc Ho\u00e0i Nam. B\u00e0i vi\u1ebft cung c\u1ea5p nhi\u1ec1u th\u00f4ng tin th\u00fa v\u1ecb v\u1ec1 c\u00e1c b\u1ea3n s\u00e1ch \u0111\u1eb7c bi\u1ec7t in trong n\u01b0\u1edbc b\u1eb1ng qu\u1ed1c ng\u1eef, t\u1eeb nh\u1eefng b\u1ea3n \u0111\u01b0\u1ee3c in c\u00e1ch \u0111\u00e2y g\u1ea7n m\u1ed9t th\u1ebf k\u1ef7 cho \u0111\u1ebfn c\u00e1c b\u1ea3n s\u00e1ch g\u1ea7n \u0111\u00e2y.<\/p>\n<p>V\u1edbi mong mu\u1ed1n \u0111em \u0111\u1ebfn cho b\u1ea1n \u0111\u1ecdc m\u00f3n qu\u00e0 tinh th\u1ea7n \u0111\u1ea7y \u00fd ngh\u0129a, b\u00ean c\u1ea1nh vi\u1ec7c tuy\u1ec3n l\u1ef1a nh\u1eefng t\u00e1c ph\u1ea9m \u0111\u1eb7c s\u1eafc v\u1ec1 m\u00f9a xu\u00e2n v\u00e0 ng\u00e0y t\u1ebft, nh\u1eefng ng\u01b0\u1eddi l\u00e0m s\u00e1ch \u0111\u00e3 m\u1eddi c\u00e1c h\u1ecda s\u0129 t\u00ean tu\u1ed5i nh\u01b0 Th\u00e0nh Ch\u01b0\u01a1ng, L\u00ea Tr\u00ed D\u0169ng, \u0110\u1ed7 Ph\u1ea5n, L\u01b0\u01a1ng Xu\u00e2n \u0110o\u00e0n, \u0110\u1ed7 Ho\u00e0ng T\u01b0\u1eddng, Ho\u00e0ng Ph\u01b0\u1ee3ng V\u1ef9, T\u1ea1 Huy Long\u2026 tham gia minh h\u1ecda s\u00e1ch. S\u1eafc m\u00e0u ng\u00e0y xu\u00e2n v\u00ec th\u1ebf c\u00e0ng th\u00eam r\u1ef1c r\u1ee1 tr\u00ean t\u1eebng trang s\u00e1ch.<\/p>\n<p>S\u00e1ch t\u1ebft T\u00e2n S\u1eedu 2021 ti\u1ebfp t\u1ee5c l\u00e0 m\u00f3n qu\u00e0 xu\u00e2n nho nh\u1ecf, b\u00ean c\u1ea1nh m\u1ee9t t\u1ebft, h\u1ea1t d\u01b0a b\u00ean b\u00e0n tr\u00e0. V\u1edbi S\u00e1ch t\u1ebft, ng\u01b0\u1eddi gi\u00e0 \u0111\u1ecdc \u0111\u1ec3 ho\u00e0i nh\u1edb t\u1ebft x\u01b0a; ng\u01b0\u1eddi tr\u1ebb \u0111\u1ecdc \u0111\u1ec3 tr\u00e2n qu\u00fd t\u1ebft nay.<\/p>\n","protected":false},"excerpt":{"rendered":"<p>S\u00e1ch t\u1ebft T\u00e2n S\u1eedu 2021 &#8211; H\u1ee3p tuy\u1ec3n v\u0103n th\u01a1 nh\u1ea1c h\u1ecda ch\u1ee7 \u0111\u1ec1 m\u00f9a xu\u00e2n v\u00e0 ng\u00e0y t\u1ebft<\/p>\n<p>\u0110\u1ebfn h\u1eb9n l\u1ea1i l\u00ean, S\u00e1ch t\u1ebft g\u1eb7p l\u1ea1i b\u1ea1n \u0111\u1ecdc khi t\u1ebft \u0111\u1ebfn xu\u00e2n v\u1ec1. Nh\u00e0 v\u0103n H\u1ed3 Anh Th\u00e1i ti\u1ebfp t\u1ee5c l\u00e0 ng\u01b0\u1eddi tuy\u1ec3n ch\u1ecdn c\u00e1c t\u00e1c ph\u1ea9m v\u0103n th\u01a1 nh\u1ea1c h\u1ecda ch\u1ee7 \u0111\u1ec1 m\u00f9a xu\u00e2n v\u00e0 ng\u00e0y t\u1ebft trong giai ph\u1ea9m n\u00e0y.<\/p>\n<p>M\u1edf \u0111\u1ea7u S\u00e1ch t\u1ebft T\u00e2n S\u1eedu 2021 l\u00e0 Kh\u00fac d\u1ea1o \u0111\u1ea7u c\u1ee7a m\u00f9a xu\u00e2n. \u0110\u00f3 n\u1ed7i nh\u1edb nhung nh\u1eefng ng\u00e0y t\u1ebft x\u01b0a c\u0169 \u1edf mi\u1ec1n qu\u00ea ngh\u00e8o trong T\u1ebft x\u1ee9 m\u01b0a c\u1ee7a Ph\u1ea1m Duy Ngh\u0129a; l\u00e0 kh\u00f4ng kh\u00ed n\u00e1o n\u1ee9c khi c\u00e1c t\u00e2n khoa vinh quy b\u00e1i t\u1ed5 trong T\u00e2n S\u1eedu vinh quy c\u1ee7a \u0110\u1ea1t Nh\u00e2n, l\u00e0 \u201cmi\u1ebfng r\u01b0\u01a1i ng\u00e0y t\u1ebft th\u1ea5m \u0111\u1eabm h\u01b0\u01a1ng v\u1ecb qu\u00ea nh\u00e0, th\u1ea5y c\u1ea3 c\u00e1i t\u00ecnh c\u1ee7a ng\u01b0\u1eddi m\u1eb9 hi\u1ec1n\u201d trong M\u00f3n \u0111\u1ed3ng qu\u00ea ph\u1ea3i ch\u1edd \u0111\u00fang d\u1ecbp c\u1ee7a U\u00f4ng Tri\u1ec1u\u2026<\/p>\n<p>Giai ph\u1ea9m xu\u00e2n ti\u1ebfp t\u1ee5c n\u1ed1i d\u00e0i v\u1edbi ph\u1ea7n Th\u01a1 v\u00e0 V\u0103n. Kh\u00f4ng kh\u00ed xu\u00e2n tr\u00e0n ng\u1eadp trong nh\u1eefng v\u1ea7n th\u01a1 c\u1ee7a L\u00e2m Huy Nhu\u1eadn, Ph\u1ea1m Th\u1ecb Ng\u1ecdc Li\u00ean, Y Ph\u01b0\u01a1ng v\u00e0 Ph\u1ea1m Anh Xu\u00e2n\u2026 Sang \u0111\u1ebfn ph\u1ea7n V\u0103n, b\u1ea1n \u0111\u1ecdc \u0111\u01b0\u1ee3c g\u1eb7p l\u1ea1i c\u00e1c nh\u00e0 v\u0103n t\u00ean tu\u1ed5i nh\u01b0 Ma V\u0103n Kh\u00e1ng (Nho c\u00f2n xanh), M\u1ea1c Can (V\u1ec1 b\u1ebfn), Nguy\u1ec5n Tr\u00ed (Mu\u1ed1n \u1edf l\u1ea1i m\u00e0 \u0111\u01b0\u1ee3c sao)\u2026 B\u1ea1n \u0111\u1ecdc c\u0169ng s\u1ebd c\u00f3 nh\u1eefng gi\u00e2y ph\u00fat th\u01b0 gi\u00e3n khi theo anh ch\u00e0ng So\u00e1i K\u00ea \u0111i t\u00ecm l\u1ea1i t\u1ef1 do v\u00e0 t\u00ecnh y\u00eau trong \u0110\u01b0\u1eddng bay mong \u01b0\u1edbc c\u1ee7a Nghi\u00eam L\u01b0\u01a1ng Th\u00e0nh. \u0110\u1ecdc Loanh quanh xu\u00e2n h\u1ea1 thu \u0111\u00f4ng c\u1ee7a Ph\u1ea1m Th\u1ecb Thanh Mai, ch\u1eafc h\u1eb3n ai c\u0169ng c\u00f3 ch\u00fat d\u01b0 v\u1ecb ng\u1eadm ng\u00f9i \u0111\u1ed3ng c\u1ea3m.<\/p>\n<p>Ph\u1ea7n Nh\u1ea1c l\u00e0 nh\u1eefng b\u00e0i c\u1ea3m nh\u1eadn s\u00e2u l\u1eafng v\u00e0 \u0111\u1ed9c \u0111\u00e1o v\u1ec1 c\u00e1c nh\u1ea1c ph\u1ea9m n\u1ed5i ti\u1ebfng: M\u00f9a xu\u00e2n g\u1ecdi (Tr\u1ea7n Ti\u1ebfn), M\u00f9a xu\u00e2n \u0111\u1ea7u ti\u00ean (V\u0103n Cao), Ng\u01b0\u1eddi l\u00ednh m\u00f9a xu\u00e2n v\u1ec1 (Do\u00e3n Nho &#8211; Nguy\u1ec5n Th\u1ee5y Kha). Mu\u00f4n m\u00e0u cu\u1ed9c s\u1ed1ng \u0111\u01b0\u1ee3c ti\u1ebfp t\u1ee5c v\u1ebd n\u00ean qua ph\u1ea7n H\u1ecda. \u0110\u00e1ng ch\u00fa \u00fd l\u00e0 chuy\u00ean m\u1ee5c M\u1ed7i n\u0103m m\u1ed9t h\u1ecda s\u0129 gi\u1edbi thi\u1ec7u m\u1ed9t h\u1ecda s\u0129 nha\u0306\u0300m lan to\u0309a c\u00e1i \u0111e\u0323p c\u1ee7a my\u0303 thu\u1eadt \u1edf m\u1ed9t na\u0306m m\u1edbi \u0111ang \u0111\u1ebfn. Mo\u0302\u0303i h\u1ecda s\u0129 se\u0303 \u0111\u01b0\u1ee3c lu\u031b\u0323a ch\u1ecdn theo ti\u00eau chi\u0301: c\u00f3 na\u0306m tuo\u0302\u0309i cu\u0300ng con gi\u00e1p, th\u01b0\u1eddng ve\u0303 ve\u0302\u0300 con gi\u00e1p c\u1ee7a na\u0306m \u0111\u00f3, hoa\u0323\u0306c c\u00f3 th\u00e0nh tu\u031b\u0323u no\u0302\u0309i b\u1eadt trong na\u0306m. Trong S\u00e1ch t\u1ebft T\u00e2n S\u1eedu 2021, nh\u00e0 b\u00e1o Lucy Nguy\u1ec5n gi\u1edbi thi\u1ec7u h\u1ecda s\u0129 Th\u00e0nh Ch\u01b0\u01a1ng &#8211;  ng\u01b0\u1eddi n\u1ed5i ti\u1ebfng v\u1edbi c\u00e1c t\u00e1c ph\u1ea9m h\u1ed9i h\u1ecda, nh\u1eefng pho t\u01b0\u1ee3ng mang h\u00ecnh \u1ea3nh con tr\u00e2u v\u1edbi ki\u1ec3u t\u1ea1o d\u00e1ng sinh \u0111\u1ed9ng \u0111\u1eadm ch\u1ea5t ri\u00eang. D\u1ea1o qua ph\u1ea7n Nh\u1ea1c, H\u1ecda, b\u1ea1n \u0111\u1ecdc h\u1eb3n c\u00f3 \u0111\u00e3 c\u00f3 th\u00eam nh\u1eefng ph\u00fat th\u0103ng hoa \u0111\u1eddi so\u0302\u0301ng tinh tha\u0302\u0300n, tr\u00e0n ng\u1eadp t\u00ecnh y\u00eau cu\u1ed9c so\u0302\u0301ng.<\/p>\n<p>Cu\u1ed1i c\u00f9ng, ph\u1ea7n V\u0129 thanh gi\u1edbi thi\u1ec7u b\u00e0i l\u01b0\u1ee3c kh\u1ea3o v\u1ec1 c\u00e1c \u1ea5n b\u1ea3n s\u00e1ch \u0111\u1eb7c bi\u1ec7t c\u1ee7a nh\u00e0 s\u01b0u t\u1ea7m Nguy\u1ec5n Ng\u1ecdc Ho\u00e0i Nam. B\u00e0i vi\u1ebft cung c\u1ea5p nhi\u1ec1u th\u00f4ng tin th\u00fa v\u1ecb v\u1ec1 c\u00e1c b\u1ea3n s\u00e1ch \u0111\u1eb7c bi\u1ec7t in trong n\u01b0\u1edbc b\u1eb1ng qu\u1ed1c ng\u1eef, t\u1eeb nh\u1eefng b\u1ea3n \u0111\u01b0\u1ee3c in c\u00e1ch \u0111\u00e2y g\u1ea7n m\u1ed9t th\u1ebf k\u1ef7 cho \u0111\u1ebfn c\u00e1c b\u1ea3n s\u00e1ch g\u1ea7n \u0111\u00e2y.<\/p>\n<p>V\u1edbi mong mu\u1ed1n \u0111em \u0111\u1ebfn cho b\u1ea1n \u0111\u1ecdc m\u00f3n qu\u00e0 tinh th\u1ea7n \u0111\u1ea7y \u00fd ngh\u0129a, b\u00ean c\u1ea1nh vi\u1ec7c tuy\u1ec3n l\u1ef1a nh\u1eefng t\u00e1c ph\u1ea9m \u0111\u1eb7c s\u1eafc v\u1ec1 m\u00f9a xu\u00e2n v\u00e0 ng\u00e0y t\u1ebft, nh\u1eefng ng\u01b0\u1eddi l\u00e0m s\u00e1ch \u0111\u00e3 m\u1eddi c\u00e1c h\u1ecda s\u0129 t\u00ean tu\u1ed5i nh\u01b0 Th\u00e0nh Ch\u01b0\u01a1ng, L\u00ea Tr\u00ed D\u0169ng, \u0110\u1ed7 Ph\u1ea5n, L\u01b0\u01a1ng Xu\u00e2n \u0110o\u00e0n, \u0110\u1ed7 Ho\u00e0ng T\u01b0\u1eddng, Ho\u00e0ng Ph\u01b0\u1ee3ng V\u1ef9, T\u1ea1 Huy Long\u2026 tham gia minh h\u1ecda s\u00e1ch. S\u1eafc m\u00e0u ng\u00e0y xu\u00e2n v\u00ec th\u1ebf c\u00e0ng th\u00eam r\u1ef1c r\u1ee1 tr\u00ean t\u1eebng trang s\u00e1ch.<\/p>\n<p>S\u00e1ch t\u1ebft T\u00e2n S\u1eedu 2021 ti\u1ebfp t\u1ee5c l\u00e0 m\u00f3n qu\u00e0 xu\u00e2n nho nh\u1ecf, b\u00ean c\u1ea1nh m\u1ee9t t\u1ebft, h\u1ea1t d\u01b0a b\u00ean b\u00e0n tr\u00e0. V\u1edbi S\u00e1ch t\u1ebft, ng\u01b0\u1eddi gi\u00e0 \u0111\u1ecdc \u0111\u1ec3 ho\u00e0i nh\u1edb t\u1ebft x\u01b0a; ng\u01b0\u1eddi tr\u1ebb \u0111\u1ecdc \u0111\u1ec3 tr\u00e2n qu\u00fd t\u1ebft nay.<\/p>\n","protected":false},"featured_media":12738,"template":"","meta":{"_acf_changed":false},"product_brand":[],"product_cat":[17,71,26],"product_tag":[],"class_list":{"0":"post-12745","1":"product","2":"type-product","3":"status-publish","4":"has-post-thumbnail","6":"product_cat-sach-danh-cho-cac-be","7":"product_cat-sach-tre-em-thuan-viet","8":"product_cat-thieu-nien-11-tuoi-18-tuoi","10":"first","11":"outofstock","12":"taxable","13":"shipping-taxable","14":"purchasable","15":"product-type-simple"},"supplier_id":null,"supplier_sku":"","barcode":null,"atum_controlled":true,"out_stock_date":"2021-06-23 18:17:54","out_stock_threshold":null,"inheritable":false,"inbound_stock":0,"stock_on_hold":0,"sold_today":0,"sales_last_days":0,"reserved_stock":0,"customer_returns":0,"warehouse_damage":0,"lost_in_post":0,"other_logs":0,"out_stock_days":1680,"lost_sales":0,"has_location":false,"update_date":"2026-01-28T23:10:52","atum_locations":[],"atum_stock_status":"outofstock","restock_status":false,"low_stock_amount":"","sales_update_date":"2026-01-28T23:10:52","calc_backorders":null,"acf":{"publisher":{"ID":1544,"post_author":"1","post_date":"2021-02-17 01:24:05","post_date_gmt":"2021-02-16 23:24:05","post_content":"","post_title":"\u0110\u00f4ng A","post_excerpt":"","post_status":"publish","comment_status":"closed","ping_status":"closed","post_password":"","post_name":"dong-a","to_ping":"","pinged":"","post_modified":"2021-02-17 01:24:05","post_modified_gmt":"2021-02-16 23:24:05","post_content_filtered":"","post_parent":0,"guid":"https:\/\/sachviet.eu\/nha-phat-hanh\/dong-a\/","menu_order":0,"post_type":"publisher","post_mime_type":"","comment_count":"0","filter":"raw"}},"_links":{"self":[{"href":"https:\/\/sachviet.eu\/en\/wp-json\/wp\/v2\/product\/12745","targetHints":{"allow":["GET"]}}],"collection":[{"href":"https:\/\/sachviet.eu\/en\/wp-json\/wp\/v2\/product"}],"about":[{"href":"https:\/\/sachviet.eu\/en\/wp-json\/wp\/v2\/types\/product"}],"wp:featuredmedia":[{"embeddable":true,"href":"https:\/\/sachviet.eu\/en\/wp-json\/wp\/v2\/media\/12738"}],"wp:attachment":[{"href":"https:\/\/sachviet.eu\/en\/wp-json\/wp\/v2\/media?parent=12745"}],"wp:term":[{"taxonomy":"product_brand","embeddable":true,"href":"https:\/\/sachviet.eu\/en\/wp-json\/wp\/v2\/product_brand?post=12745"},{"taxonomy":"product_cat","embeddable":true,"href":"https:\/\/sachviet.eu\/en\/wp-json\/wp\/v2\/product_cat?post=12745"},{"taxonomy":"product_tag","embeddable":true,"href":"https:\/\/sachviet.eu\/en\/wp-json\/wp\/v2\/product_tag?post=12745"}],"curies":[{"name":"wp","href":"https:\/\/api.w.org\/{rel}","templated":true}]}}