{"id":12737,"date":"2021-06-11T23:24:38","date_gmt":"2021-06-11T20:24:38","guid":{"rendered":"https:\/\/sachviet.eu\/shop\/co-mot-ngay-bo-me-se-gia-di\/"},"modified":"2024-08-13T03:06:05","modified_gmt":"2024-08-13T00:06:05","slug":"co-mot-ngay-bo-me-se-gia-di","status":"publish","type":"product","link":"https:\/\/sachviet.eu\/en\/shop\/co-mot-ngay-bo-me-se-gia-di\/","title":{"rendered":"C\u00f3 M\u1ed9t Ng\u00e0y, B\u1ed1 M\u1eb9 S\u1ebd Gi\u00e0 \u0110i"},"content":{"rendered":"<p>C\u00f3 M\u1ed9t Ng\u00e0y, B\u1ed1 M\u1eb9 S\u1ebd Gi\u00e0 \u0110i<\/p>\n<p>C\u00e0ng l\u1edbn l\u00ean, nh\u1eefng quy\u1ebfn luy\u1ebfn c\u1ee7a ch\u00fang ta \u0111\u1ed1i v\u1edbi b\u1ed1 m\u1eb9 c\u00e0ng \u00edt. Khi \u0111\u1ea1i b\u00e0ng non c\u00f3 th\u1ec3 gi\u01b0\u01a1ng c\u00e1nh, n\u00f3 lu\u00f4n h\u01b0\u1edbng t\u1edbi kh\u00f4ng trung, ch\u1ee9 kh\u00f4ng ph\u1ea3i r\u00fac v\u00e0o \u0111\u00f4i c\u00e1nh b\u1ed1 m\u1eb9.<\/p>\n<p>B\u1ea1n kh\u00e1t v\u1ecdng cu\u1ed9c s\u1ed1ng kh\u1edfi s\u1eafc, kh\u00f4ng c\u00f2n qu\u1eabn b\u00e1ch gi\u1eadt g\u1ea5u v\u00e1 vai. B\u1ea1n kh\u00e1t v\u1ecdng s\u1ef1 nghi\u1ec7p ti\u1ebfn tri\u1ec3n, nh\u01b0 th\u1ebf m\u1edbi kh\u00f4ng u\u1ed5ng bao n\u0103m v\u1ea5t v\u1ea3 t\u0103ng ca b\u1ea5t k\u1ec3 gi\u00f3 m\u01b0a. B\u1ea1n kh\u00e1t v\u1ecdng con c\u00e1i c\u1ee7a m\u00ecnh v\u1ec1 sau c\u00f3 th\u1ec3 l\u1edbn l\u00ean vui v\u1ebb kh\u1ecfe m\u1ea1nh, \u0111\u1ea1t \u0111\u01b0\u1ee3c th\u00e0nh t\u00edch \u0111\u00e1ng t\u1ef1 h\u00e0o, v\u01b0\u01a1n l\u00ean trong m\u00f4i tr\u01b0\u1eddng c\u1ea1nh tranh quy\u1ebft li\u1ec7t\u2026 Nh\u01b0ng b\u1ea1n l\u1ea1i v\u00f4 t\u00ecnh \u0111\u1eb7t m\u1ed9t kh\u00e1t v\u1ecdng kh\u00e1c n\u1eb1m s\u00e2u trong t\u00e2m h\u1ed3n xu\u1ed1ng v\u1ecb tr\u00ed d\u01b0\u1edbi c\u00f9ng, kh\u00e1t v\u1ecdng n\u00e0y ch\u00ednh l\u00e0 hy v\u1ecdng b\u1ed1 m\u1eb9 \u0111\u1eebng v\u1ed9i gi\u00e0 \u0111i.<\/p>\n<p>Gi\u1ed1ng nh\u01b0 m\u1ed7i ng\u00e0y \u0111\u1ec1u c\u00f3 th\u1ec3 nh\u00ecn th\u1ea5y m\u1eb7t tr\u1eddi, v\u00e0o nh\u1eefng ng\u00e0y tr\u1eddi quang n\u1eafng \u0111\u1eb9p, b\u1ea1n c\u1ea3m th\u1ea5y \u1ea5m \u00e1p v\u00e0 d\u1ec5 ch\u1ecbu, n\u00f3 nh\u01b0 m\u1ed9t th\u1ee9 \u0111\u01b0\u01a1ng nhi\u00ean n\u00ean c\u00f3, h\u01b0\u1edfng th\u1ee5 s\u1ef1 t\u1ed1t \u0111\u1eb9p n\u00f3 mang l\u1ea1i \u0111\u00e3 tr\u1edf th\u00e0nh th\u00f3i quen c\u1ee7a b\u1ea1n. Nh\u01b0ng n\u1ebfu m\u1ed9t ng\u00e0y, c\u00f3 ng\u01b0\u1eddi n\u00f3i v\u1edbi b\u1ea1n m\u1eb7t tr\u1eddi s\u1ebd kh\u00f4ng m\u1ecdc n\u1eefa, b\u1ea1n c\u1ea3m th\u1ea5y th\u1ebf n\u00e0o? C\u00f3 l\u1ebd ph\u1ea7n l\u1edbn m\u1ecdi ng\u01b0\u1eddi \u0111\u1ec1u c\u1ea3m th\u1ea5y s\u1ee3 h\u00e3i v\u00e0 lu\u1ed1ng cu\u1ed1ng. B\u1ed1 m\u1eb9 c\u0169ng gi\u1ed1ng nh\u01b0 m\u1eb7t tr\u1eddi, lu\u00f4n l\u1eb7ng l\u1ebd \u1edf sau l\u01b0ng, cho b\u1ea1n ch\u1ed7 d\u1ef1a v\u00e0 s\u1ef1 \u1ea5m \u00e1p, nh\u01b0ng n\u1ebfu m\u1ed9t ng\u00e0y b\u1ed1 m\u1eb9 kh\u00f4ng c\u00f2n \u1edf \u0111\u1ea5y n\u1eefa, c\u1ea3m gi\u00e1c an to\u00e0n quen thu\u1ed9c c\u0169ng l\u1eadp t\u1ee9c bi\u1ebfn m\u1ea5t, b\u1ea5y gi\u1edd mu\u1ed1n t\u00ecm l\u1ea1i, s\u1ee3 r\u1eb1ng \u0111\u00e3 qu\u00e1 mu\u1ed9n.<\/p>\n<p>B\u1edfi v\u00ec n\u0103m th\u00e1ng v\u1eabn m\u00e3i tr\u00f4i, th\u1eddi gian kh\u00f4ng tr\u1edf l\u1ea1i, t\u00ean si\u00eau tr\u1ed9m th\u1eddi gian \u0111ang d\u1ea7n d\u1ea7n l\u1ea5y \u0111i tu\u1ed5i xu\u00e2n c\u1ee7a b\u1ed1 m\u1eb9, r\u1ed3i c\u00f3 m\u1ed9t ng\u00e0y, b\u1ed1 m\u1eb9 s\u1ebd gi\u00e0 \u0111i.<\/p>\n","protected":false},"excerpt":{"rendered":"<p>C\u00f3 M\u1ed9t Ng\u00e0y, B\u1ed1 M\u1eb9 S\u1ebd Gi\u00e0 \u0110i<\/p>\n<p>C\u00e0ng l\u1edbn l\u00ean, nh\u1eefng quy\u1ebfn luy\u1ebfn c\u1ee7a ch\u00fang ta \u0111\u1ed1i v\u1edbi b\u1ed1 m\u1eb9 c\u00e0ng \u00edt. Khi \u0111\u1ea1i b\u00e0ng non c\u00f3 th\u1ec3 gi\u01b0\u01a1ng c\u00e1nh, n\u00f3 lu\u00f4n h\u01b0\u1edbng t\u1edbi kh\u00f4ng trung, ch\u1ee9 kh\u00f4ng ph\u1ea3i r\u00fac v\u00e0o \u0111\u00f4i c\u00e1nh b\u1ed1 m\u1eb9.<\/p>\n<p>B\u1ea1n kh\u00e1t v\u1ecdng cu\u1ed9c s\u1ed1ng kh\u1edfi s\u1eafc, kh\u00f4ng c\u00f2n qu\u1eabn b\u00e1ch gi\u1eadt g\u1ea5u v\u00e1 vai. B\u1ea1n kh\u00e1t v\u1ecdng s\u1ef1 nghi\u1ec7p ti\u1ebfn tri\u1ec3n, nh\u01b0 th\u1ebf m\u1edbi kh\u00f4ng u\u1ed5ng bao n\u0103m v\u1ea5t v\u1ea3 t\u0103ng ca b\u1ea5t k\u1ec3 gi\u00f3 m\u01b0a. B\u1ea1n kh\u00e1t v\u1ecdng con c\u00e1i c\u1ee7a m\u00ecnh v\u1ec1 sau c\u00f3 th\u1ec3 l\u1edbn l\u00ean vui v\u1ebb kh\u1ecfe m\u1ea1nh, \u0111\u1ea1t \u0111\u01b0\u1ee3c th\u00e0nh t\u00edch \u0111\u00e1ng t\u1ef1 h\u00e0o, v\u01b0\u01a1n l\u00ean trong m\u00f4i tr\u01b0\u1eddng c\u1ea1nh tranh quy\u1ebft li\u1ec7t\u2026 Nh\u01b0ng b\u1ea1n l\u1ea1i v\u00f4 t\u00ecnh \u0111\u1eb7t m\u1ed9t kh\u00e1t v\u1ecdng kh\u00e1c n\u1eb1m s\u00e2u trong t\u00e2m h\u1ed3n xu\u1ed1ng v\u1ecb tr\u00ed d\u01b0\u1edbi c\u00f9ng, kh\u00e1t v\u1ecdng n\u00e0y ch\u00ednh l\u00e0 hy v\u1ecdng b\u1ed1 m\u1eb9 \u0111\u1eebng v\u1ed9i gi\u00e0 \u0111i.<\/p>\n<p>Gi\u1ed1ng nh\u01b0 m\u1ed7i ng\u00e0y \u0111\u1ec1u c\u00f3 th\u1ec3 nh\u00ecn th\u1ea5y m\u1eb7t tr\u1eddi, v\u00e0o nh\u1eefng ng\u00e0y tr\u1eddi quang n\u1eafng \u0111\u1eb9p, b\u1ea1n c\u1ea3m th\u1ea5y \u1ea5m \u00e1p v\u00e0 d\u1ec5 ch\u1ecbu, n\u00f3 nh\u01b0 m\u1ed9t th\u1ee9 \u0111\u01b0\u01a1ng nhi\u00ean n\u00ean c\u00f3, h\u01b0\u1edfng th\u1ee5 s\u1ef1 t\u1ed1t \u0111\u1eb9p n\u00f3 mang l\u1ea1i \u0111\u00e3 tr\u1edf th\u00e0nh th\u00f3i quen c\u1ee7a b\u1ea1n. Nh\u01b0ng n\u1ebfu m\u1ed9t ng\u00e0y, c\u00f3 ng\u01b0\u1eddi n\u00f3i v\u1edbi b\u1ea1n m\u1eb7t tr\u1eddi s\u1ebd kh\u00f4ng m\u1ecdc n\u1eefa, b\u1ea1n c\u1ea3m th\u1ea5y th\u1ebf n\u00e0o? C\u00f3 l\u1ebd ph\u1ea7n l\u1edbn m\u1ecdi ng\u01b0\u1eddi \u0111\u1ec1u c\u1ea3m th\u1ea5y s\u1ee3 h\u00e3i v\u00e0 lu\u1ed1ng cu\u1ed1ng. B\u1ed1 m\u1eb9 c\u0169ng gi\u1ed1ng nh\u01b0 m\u1eb7t tr\u1eddi, lu\u00f4n l\u1eb7ng l\u1ebd \u1edf sau l\u01b0ng, cho b\u1ea1n ch\u1ed7 d\u1ef1a v\u00e0 s\u1ef1 \u1ea5m \u00e1p, nh\u01b0ng n\u1ebfu m\u1ed9t ng\u00e0y b\u1ed1 m\u1eb9 kh\u00f4ng c\u00f2n \u1edf \u0111\u1ea5y n\u1eefa, c\u1ea3m gi\u00e1c an to\u00e0n quen thu\u1ed9c c\u0169ng l\u1eadp t\u1ee9c bi\u1ebfn m\u1ea5t, b\u1ea5y gi\u1edd mu\u1ed1n t\u00ecm l\u1ea1i, s\u1ee3 r\u1eb1ng \u0111\u00e3 qu\u00e1 mu\u1ed9n.<\/p>\n<p>B\u1edfi v\u00ec n\u0103m th\u00e1ng v\u1eabn m\u00e3i tr\u00f4i, th\u1eddi gian kh\u00f4ng tr\u1edf l\u1ea1i, t\u00ean si\u00eau tr\u1ed9m th\u1eddi gian \u0111ang d\u1ea7n d\u1ea7n l\u1ea5y \u0111i tu\u1ed5i xu\u00e2n c\u1ee7a b\u1ed1 m\u1eb9, r\u1ed3i c\u00f3 m\u1ed9t ng\u00e0y, b\u1ed1 m\u1eb9 s\u1ebd gi\u00e0 \u0111i.<\/p>\n","protected":false},"featured_media":12720,"template":"","meta":{"_acf_changed":false},"product_brand":[],"product_cat":[15,47],"product_tag":[],"class_list":{"0":"post-12737","1":"product","2":"type-product","3":"status-publish","4":"has-post-thumbnail","6":"product_cat-sach-danh-cho-nguoi-lon","7":"product_cat-truyen-ngan-tan-van","9":"first","10":"outofstock","11":"taxable","12":"shipping-taxable","13":"purchasable","14":"product-type-simple"},"supplier_id":null,"supplier_sku":"","barcode":null,"atum_controlled":true,"out_stock_date":"2024-08-13 00:06:05","out_stock_threshold":null,"inheritable":false,"inbound_stock":0,"stock_on_hold":0,"sold_today":0,"sales_last_days":0,"reserved_stock":0,"customer_returns":0,"warehouse_damage":0,"lost_in_post":0,"other_logs":0,"out_stock_days":533,"lost_sales":0,"has_location":false,"update_date":"2026-01-28T23:11:22","atum_locations":[],"atum_stock_status":"outofstock","restock_status":false,"low_stock_amount":"","sales_update_date":"2026-01-28T23:11:22","calc_backorders":null,"acf":{"publisher":{"ID":1785,"post_author":"1","post_date":"2021-02-17 01:54:46","post_date_gmt":"2021-02-16 23:54:46","post_content":"<!-- wp:flatsome\/uxbuilder -->\n<h1 style=\"text-align: center;\"><strong>AZ VIETNAM<\/strong><\/h1>\n[row]\n\n[col span=\"8\" span__sm=\"12\"]\n\n<p>Th\u00e0nh l\u1eadp n\u0103m: 2015<br \/>V\u1ed1n \u0111\u1ea7u t\u01b0: 4,000,000,000 \u0111\u1ed3ng<br \/><strong>L\u0129nh v\u1ef1c:<\/strong><br \/>- Xu\u1ea5t b\u1ea3n v\u00e0 ph\u00e1t h\u00e0nh v\u0103n h\u00f3a ph\u1ea9m<br \/>- Cung c\u1ea5p v\u0103n h\u00f3a ph\u1ea9m, c\u00e1c s\u1ea3n ph\u1ea9m cho in \u1ea5n, trang thi\u1ebft b\u1ecb cho c\u00e1c th\u01b0 vi\u1ec7n v\u00e0 trung t\u00e2m s\u00e1ch tr\u00ean c\u1ea3 n\u01b0\u1edbc.<br \/>- Th\u1eddi trang v\u00e0 c\u00e1c s\u1ea3n ph\u1ea9m li\u00ean quan \u0111\u1ebfn l\u0129nh v\u1ef1c th\u1eddi trang<br \/>- Xu\u1ea5t nh\u1eadp kh\u1ea9u c\u00e1c s\u1ea3n ph\u1ea9m v\u0103n h\u00f3a<\/p>\n<p><strong>Quy m\u00f4:<\/strong> 60 nh\u00e2n vi\u00ean<br \/>Kh\u1edfi ngu\u1ed3n c\u1ee7a AZ Vi\u1ec7t Nam ng\u00e0y nay l\u00e0 C\u00f4ng ty TNHH Trung t\u00e2m S\u00e1ch v\u00e0 Thi\u1ebft b\u1ecb Th\u01b0 vi\u1ec7n, v\u1edbi ho\u1ea1t \u0111\u1ed9ng \u0111\u1ea7u ti\u00ean l\u00e0 cung c\u1ea5p s\u00e1ch, trang thi\u1ebft b\u1ecb, v\u0103n h\u00f3a ph\u1ea9m cho c\u00e1c th\u01b0 vi\u1ec7n v\u00e0 trung t\u00e2m s\u00e1ch tr\u00ean c\u1ea3 n\u01b0\u1edbc. T\u1eeb cu\u1ed1i n\u0103m 2010 \u0111\u1ebfn nay, ch\u00fang t\u00f4i \u0111\u00e3 kh\u00f4ng ng\u1eebng n\u1ed7 l\u1ef1c khai ph\u00e1 v\u00e0 ph\u00e1t tri\u1ec3n c\u00e1c d\u00f2ng s\u1ea3n ph\u1ea9m m\u1edbi v\u1edbi 8 th\u01b0\u01a1ng hi\u1ec7u uy t\u00edn. \u0110\u1ec3 \u0111\u00e1p \u1ee9ng nhu c\u1ea7u ph\u00e1t tri\u1ec3n ng\u00e0y m\u1ed9t l\u1edbn m\u1ea1nh v\u00e0 t\u1eadp h\u1ee3p c\u00e1c th\u01b0\u01a1ng hi\u1ec7u \u0111\u00e3 \u0111\u01b0\u1ee3c ch\u00fang t\u00f4i x\u00e2y d\u1ef1ng, 2015 C\u00f4ng ty TNHH AZ Vi\u1ec7t Nam \u0111\u00e3 ra \u0111\u1eddi v\u1edbi s\u1ee9 m\u1ec7nh mang \u0111\u1ebfn nhi\u1ec1u h\u01a1n n\u1eefa nh\u1eefng gi\u00e1 tr\u1ecb tinh th\u1ea7n, tri th\u1ee9c ti\u00ean ti\u1ebfn cho ng\u01b0\u1eddi ti\u00eau d\u00f9ng b\u1eb1ng vi\u1ec7c cung c\u1ea5p nh\u1eefng s\u1ea3n ph\u1ea9m c\u00f3 ch\u1ea5t l\u01b0\u1ee3ng.<\/p>\n\n[\/col]\n[col span=\"4\" span__sm=\"12\"]\n\n[ux_image id=\"1836\" image_size=\"medium\"]\n\n\n[\/col]\n\n[\/row]\n\n<!-- \/wp:flatsome\/uxbuilder -->","post_title":"AZ Vi\u1ec7t Nam","post_excerpt":"","post_status":"publish","comment_status":"closed","ping_status":"closed","post_password":"","post_name":"az-viet-nam","to_ping":"","pinged":"","post_modified":"2021-02-17 22:07:10","post_modified_gmt":"2021-02-17 20:07:10","post_content_filtered":"","post_parent":0,"guid":"https:\/\/sachviet.eu\/nha-phat-hanh\/az-viet-nam\/","menu_order":0,"post_type":"publisher","post_mime_type":"","comment_count":"0","filter":"raw"}},"_links":{"self":[{"href":"https:\/\/sachviet.eu\/en\/wp-json\/wp\/v2\/product\/12737","targetHints":{"allow":["GET"]}}],"collection":[{"href":"https:\/\/sachviet.eu\/en\/wp-json\/wp\/v2\/product"}],"about":[{"href":"https:\/\/sachviet.eu\/en\/wp-json\/wp\/v2\/types\/product"}],"wp:featuredmedia":[{"embeddable":true,"href":"https:\/\/sachviet.eu\/en\/wp-json\/wp\/v2\/media\/12720"}],"wp:attachment":[{"href":"https:\/\/sachviet.eu\/en\/wp-json\/wp\/v2\/media?parent=12737"}],"wp:term":[{"taxonomy":"product_brand","embeddable":true,"href":"https:\/\/sachviet.eu\/en\/wp-json\/wp\/v2\/product_brand?post=12737"},{"taxonomy":"product_cat","embeddable":true,"href":"https:\/\/sachviet.eu\/en\/wp-json\/wp\/v2\/product_cat?post=12737"},{"taxonomy":"product_tag","embeddable":true,"href":"https:\/\/sachviet.eu\/en\/wp-json\/wp\/v2\/product_tag?post=12737"}],"curies":[{"name":"wp","href":"https:\/\/api.w.org\/{rel}","templated":true}]}}