{"id":12719,"date":"2021-06-11T23:23:48","date_gmt":"2021-06-11T20:23:48","guid":{"rendered":"https:\/\/sachviet.eu\/shop\/thiet-ke-cuoc-doi-thinh-vuong-design-a-prosperous-life-tai-ban-2021\/"},"modified":"2021-09-07T14:08:31","modified_gmt":"2021-09-07T11:08:31","slug":"thiet-ke-cuoc-doi-thinh-vuong-design-a-prosperous-life-tai-ban-2021","status":"publish","type":"product","link":"https:\/\/sachviet.eu\/en\/shop\/thiet-ke-cuoc-doi-thinh-vuong-design-a-prosperous-life-tai-ban-2021\/","title":{"rendered":"Thi\u1ebft K\u1ebf Cu\u1ed9c \u0110\u1eddi Th\u1ecbnh V\u01b0\u1ee3ng &#8211; Design A Prosperous Life (T\u00e1i B\u1ea3n 2021)"},"content":{"rendered":"<p>Anh Th\u00e1i Ph\u1ea1m, Founder C\u1ed9ng \u0111\u1ed3ng Happy Live \u2013 \u0110\u1ea7u t\u01b0 t\u00e0i ch\u00ednh v\u00e0 th\u1ecbnh v\u01b0\u1ee3ng, nguy\u00ean l\u00e0 Gi\u00e1m \u0111\u1ed1c Marketing c\u1ee7a Vinamilk v\u1edbi 13 n\u0103m kinh nghi\u1ec7m trong vi\u1ec7c x\u00e2y d\u1ef1ng th\u01b0\u01a1ng hi\u1ec7u, marketing v\u00e0 ph\u00e1t tri\u1ec3n kinh doanh. Anh \u0111\u01b0\u1ee3c m\u1ecdi ng\u01b0\u1eddi bi\u1ebft \u0111\u1ebfn nh\u01b0 m\u1ed9t nh\u00e0 \u0111\u1ea7u t\u01b0, m\u1ed9t doanh nh\u00e2n \u0111am m\u00ea gi\u00e1o d\u1ee5c, hu\u1ea5n luy\u1ec7n v\u00e0 vi\u1ebft l\u00e1ch.<\/p>\n<p>Anh c\u0169ng l\u00e0 bi\u00ean d\u1ecbch, d\u1ecbch gi\u1ea3 c\u1ee7a kh\u00e1 nhi\u1ec1u cu\u1ed1n s\u00e1ch v\u1ec1 \u0111\u1ea7u t\u01b0 &amp; marketing b\u00e1n ch\u1ea1y nh\u01b0: Ng\u00e0y \u0111\u00f2i n\u1ee3, L\u00e0m gi\u00e0u t\u1eeb ch\u1ee9ng kho\u00e1n, Ngh\u1ec7 thu\u1eadt \u0111\u1ea7u t\u01b0 Dhandho, L\u1ed9t x\u00e1c \u0111\u1ec3 tr\u1edf th\u00e0nh nh\u00e0 \u0111\u1ea7u t\u01b0 gi\u00e1 tr\u1ecb, Marketing gi\u1ecfi ph\u1ea3i ki\u1ebfm \u0111\u01b0\u1ee3c ti\u1ec1n, H\u1ec7 th\u1ed1ng b\u00e1n h\u00e0ng \u0111\u1ec9nh cao, Nu\u1ed1t c\u00e1 l\u1edbn\u2026<\/p>\n<p>Ngo\u00e0i ra, k\u00eanh youtube Th\u00e1i Ph\u1ea1m v\u1edbi tinh th\u1ea7n: thay \u0111\u1ed5i cu\u1ed9c s\u1ed1ng b\u1eb1ng c\u00e1ch gi\u00fap m\u1ecdi ng\u01b0\u1eddi tr\u1edf n\u00ean gi\u00e0u c\u00f3 h\u01a1n, c\u0169ng nh\u1eadn \u0111\u01b0\u1ee3c g\u1ea7n 200.000 l\u01b0\u1ee3t ng\u01b0\u1eddi \u0111\u0103ng k\u00fd quan t\u00e2m v\u00e0 theo d\u00f5i.<\/p>\n<p>THI\u1ebeT K\u1ebe CU\u1ed8C \u0110\u1edcI TH\u1ecaNH V\u01af\u1ee2NG \u2013 H\u01af\u1edaNG D\u1eaaN CHI TI\u1ebeT C\u00c1CH X\u00c2Y D\u1ef0NG CU\u1ed8C \u0110\u1edcI \u0110\u00c1NG M\u01a0 \u01af\u1edaC C\u1ee6A B\u1ea0N<\/p>\n<p>C\u00f3 th\u1ec3 n\u00f3i, \u0111\u00e2y v\u1eeba l\u00e0 m\u1ed9t quy\u1ec3n t\u1ef1 truy\u1ec7n \u0111i k\u00e8m v\u1edbi nh\u1eefng b\u00ed quy\u1ebft t\u1ea1o n\u00ean m\u1ed9t cu\u1ed9c \u0111\u1eddi \u0111\u00e1ng s\u1ed1ng trong su\u1ed1t 20 n\u0103m \u201cl\u0103n l\u1ed9n\u201d tr\u01b0\u1eddng \u0111\u1eddi c\u1ee7a t\u00e1c gi\u1ea3. <\/p>\n<p>Quy\u1ec3n s\u00e1ch kh\u00f4ng ru ng\u1ee7 b\u1ea1n v\u1edbi nh\u1eefng c\u00f4ng th\u1ee9c thay \u0111\u1ed5i b\u1ea3n th\u00e2n th\u1ea7n th\u00e1nh m\u00e0 t\u1eadp trung v\u00e0o gi\u1ea3i quy\u1ebft nh\u1eefng v\u1ea5n \u0111\u1ec1 c\u1ee7a b\u1ea1n b\u1eb1ng c\u00e1ch \u0111\u01b0a ra c\u00e1c ph\u01b0\u01a1ng ph\u00e1p \u0111\u00e1nh gi\u00e1, nh\u00ecn nh\u1eadn b\u1ea3n th\u00e2n v\u00e0 cung c\u1ea5p cho b\u1ea1n nh\u1eefng \u201cv\u1eadt t\u01b0\u201d x\u00e2y n\u00ean m\u1ed9t cu\u1ed9c \u0111\u1eddi b\u1ea1n mong mu\u1ed1n. <\/p>\n<p>B\u1edfi tr\u01b0\u1edbc khi x\u00e2y tr\u00ean n\u1ec1n \u0111\u1ea5t m\u1edbi nh\u1eefng c\u00f4ng tr\u00ecnh ki\u00ean c\u1ed1, b\u1ea1n ph\u1ea3i \u0111\u1eadp b\u1ecf nh\u1eefng suy ngh\u0129 c\u0169 r\u00edch \u2013 nh\u1eefng th\u1ee9 v\u1eabn \u0111ang gi\u1eef ch\u00e2n b\u1ea1n v\u1edbi s\u1ef1 t\u1ea7m th\u01b0\u1eddng. B\u1ea1n kh\u00f4ng th\u1ec3 x\u00e2y n\u00ean m\u1ed9t ng\u00f4i nh\u00e0 \u0111\u1eb9p v\u00e0 v\u1eefng ch\u1eafc t\u1eeb m\u1ed9t n\u1ec1n nh\u00e0 k\u00e9m ch\u1ea5t l\u01b0\u1ee3ng. Nh\u1eefng vi\u00ean g\u1ea1ch k\u00e9m ch\u1ea5t l\u01b0\u1ee3ng m\u00e0 b\u1ea1n c\u1ea7n \u0111\u1eadp b\u1ecf l\u00e0 nh\u1eefng th\u00e0nh ki\u1ebfn v\u1ec1 ng\u01b0\u1eddi gi\u00e0u, nh\u1eefng suy ngh\u0129 sai l\u1ec7ch v\u1ec1 th\u00e0nh c\u00f4ng nh\u01b0 ch\u1ec9 c\u00f3 h\u1ecdc \u0111\u1ea1i h\u1ecdc l\u00e0 con \u0111\u01b0\u1eddng duy nh\u1ea5t \u0111\u1ec3 \u0111\u1ea1t \u0111\u01b0\u1ee3c m\u1ee5c ti\u00eau, ai th\u00e0nh c\u00f4ng c\u0169ng \u0111\u1ec1u h\u1ea1nh ph\u00fac, theo \u0111u\u1ed5i \u0111am m\u00ea, ti\u1ec1n s\u1ebd t\u1edbi,\u2026 Nh\u1eefng \u0111i\u1ec1u nghe c\u00f3 v\u1ebb hay, c\u00f3 v\u1ebb \u1ed5n nh\u01b0ng h\u1ec7 qu\u1ea3 c\u1ee7a nh\u1eefng suy ngh\u0129 \u0111\u00f3 v\u1edbi cu\u1ed9c s\u1ed1ng c\u1ee7a b\u1ea1n kh\u00f4ng \u1ed5n ch\u00fat n\u00e0o. <\/p>\n<p>&#8220;Ng\u01b0\u1eddi th\u00f4ng minh l\u00e0 ng\u01b0\u1eddi h\u1ecdc \u0111\u01b0\u1ee3c nhi\u1ec1u t\u1eeb sai l\u1ea7m c\u1ee7a m\u00ecnh, c\u00f2n ng\u01b0\u1eddi th\u00f4ng th\u00e1i l\u00e0 ng\u01b0\u1eddi h\u1ecdc \u0111\u01b0\u1ee3c nhi\u1ec1u b\u00e0i h\u1ecdc t\u1eeb th\u00e0nh c\u00f4ng v\u00e0 th\u1ea5t b\u1ea1i c\u1ee7a ng\u01b0\u1eddi kh\u00e1c. &#8220;\u2013 Tr\u00edch t\u1eeb s\u00e1ch Thi\u1ebft k\u1ebf cu\u1ed9c \u0111\u1eddi th\u1ecbnh v\u01b0\u1ee3ng \u2013<\/p>\n<p>Ch\u1eb3ng ai mu\u1ed1n \u0111\u00e1nh \u0111\u1ed5i m\u1ed9t kho\u1ea3ng \u0111\u1eddi tu\u1ed5i tr\u1ebb cho nh\u1eefng vi\u1ec7c l\u00e0m v\u00f4 ngh\u0129a v\u00e0 c\u0169ng kh\u00f4ng ai mu\u1ed1n d\u00e0nh th\u1eddi gian \u0111\u00f3 \u0111\u1ec3 h\u1ecdc t\u1eeb nh\u1eefng sai l\u1ea7m m\u00e0 \u0111\u00e1ng ra, n\u1ebfu s\u1edf h\u1eefu \u0111\u01b0\u1ee3c nh\u1eefng ngu\u1ed3n tri th\u1ee9c v\u00f4 gi\u00e1, quen bi\u1ebft ng\u01b0\u1eddi t\u1eebng tr\u1ea3i ch\u00fang ta s\u1ebd d\u1ec5 d\u00e0ng tr\u00e1nh \u0111\u01b0\u1ee3c nh\u1eefng sai l\u1ea7m \u0111\u00f3 (v\u00e0 h\u1ecdc \u0111\u01b0\u1ee3c nh\u1eefng b\u00e0i h\u1ecdc \u201ccao c\u1ea5p h\u01a1n\u201d ch\u1eb3ng h\u1ea1n).<\/p>\n<p>B\u1ea1n th\u00edch l\u00e0m ng\u01b0\u1eddi th\u00f4ng minh hay l\u00e0 ng\u01b0\u1eddi th\u00f4ng th\u00e1i? N\u1ebfu l\u00e0 ng\u01b0\u1eddi th\u00f4ng th\u00e1i, \u201cc\u1ea9m nang\u201d Thi\u1ebft k\u1ebf cu\u1ed9c \u0111\u1eddi th\u1ecbnh v\u01b0\u1ee3ng c\u00f3 th\u1ec3 gi\u00fap b\u1ea1n: <\/p>\n<p>Nh\u1eadn ra nh\u1eefng quan \u0111i\u1ec3m sai l\u1ea7m trong qu\u00e1 kh\u1ee9<\/p>\n<p>T\u1ea1o n\u00ean m\u1ed9t h\u1ec7 nh\u1eadn th\u1ee9c m\u1edbi, t\u00ecm ki\u1ebfm l\u1ea1i \u0111am m\u00ea v\u00e0 m\u1ee5c \u0111\u00edch cu\u1ed9c \u0111\u1eddi b\u1ea1n<\/p>\n<p>X\u00e2y d\u1ef1ng t\u1ea7m nh\u00ecn cu\u1ed9c s\u1ed1ng v\u00e0 thi\u1ebft k\u1ebf m\u1ed9t b\u1ea3n v\u1ebd cho t\u01b0\u01a1ng lai g\u1ea7n<\/p>\n<p>N\u00e2ng cao n\u0103ng su\u1ea5t lao \u0111\u1ed9ng th\u00f4ng qua r\u00e8n luy\u1ec7n kh\u1ea3 n\u0103ng \u201csi\u00eau t\u1eadp trung\u201d, qu\u1ea3n l\u00fd th\u1eddi gian, x\u00e1c \u0111\u1ecbnh v\u00f2ng tr\u00f2n quan t\u00e2m, v\u00f2ng tr\u00f2n \u1ea3nh h\u01b0\u1edfng trong c\u00f4ng vi\u1ec7c<\/p>\n<p>X\u00e2y d\u1ef1ng nh\u1eefng m\u1ed1i quan h\u1ec7 ch\u1ea5t l\u01b0\u1ee3ng b\u1eb1ng c\u00e1ch: n\u1eafm b\u1eaft nhu c\u1ea7u c\u1ee7a c\u1ee7a ng\u01b0\u1eddi b\u1ea1n quan t\u00e2m, nh\u1eefng d\u1ea1ng ng\u00f4n ng\u1eef khi\u1ebfn kh\u00f4ng ai c\u00f3 th\u1ec3 t\u1eeb ch\u1ed1i giao ti\u1ebfp v\u1edbi b\u1ea1n, c\u00f4ng th\u1ee9c \u201csi\u00eau k\u1ebft n\u1ed1i\u201d 5 \u2013 50 \u2013 100 gi\u00fap \u0111\u1ecbnh h\u01b0\u1edbng \u0111\u00e2u l\u00e0 tr\u1ecdng t\u00e2m trong t\u1ea5t c\u1ea3 m\u1ed1i quan h\u1ec7 c\u1ee7a b\u1ea1n<\/p>\n<p>H\u1ecdc c\u00e1ch qu\u1ea3n l\u00fd t\u00e0i ch\u00ednh c\u00e1 nh\u00e2n: t\u1ef1 do t\u00e0i ch\u00ednh l\u00e0 g\u00ec, bao nhi\u00eau n\u0103m n\u1eefa b\u1ea1n m\u1edbi \u0111\u01b0\u1ee3c t\u1ef1 do t\u00e0i ch\u00ednh v\u00e0 n\u00ean chi ti\u00eau th\u1ebf n\u00e0o \u0111\u1ec3 bi\u1ebfn \u01b0\u1edbc m\u01a1 mua \u0111\u1ed3 kh\u00f4ng nh\u00ecn gi\u00e1, ngh\u1ec9 l\u00e0m nh\u01b0ng v\u1eabn ki\u1ebfm ra ti\u1ec1n th\u00e0nh hi\u1ec7n th\u1ef1c,\u2026? T\u1ea5t c\u1ea3 s\u1ebd \u0111\u01b0\u1ee3c gi\u1ea3i quy\u1ebft trong ch\u01b0\u01a1ng cu\u1ed1i c\u00f9ng c\u1ee7a quy\u1ec3n s\u00e1ch n\u00e0y. <\/p>\n<p>\u201cCu\u1ed1n s\u00e1ch n\u00e0y, kh\u00f4ng l\u00ean g\u00e2n, kh\u00f4ng ch\u1ec9 d\u1ea1y, kh\u00f4ng gi\u00e1o \u0111i\u1ec1u b\u1ea1n b\u1ea5t c\u1ee9 \u0111i\u1ec1u g\u00ec. N\u00f3 \u0111\u01b0\u1ee3c vi\u1ebft ra b\u1edfi tr\u1ea3i nghi\u1ec7m, b\u1edfi s\u1ef1 h\u1ecdc t\u1eadp kh\u00f4ng ng\u1eebng ngh\u1ec9 v\u00e0 c\u1ea3 nh\u1eefng th\u1ea5t b\u1ea1i, hay \u0111\u01a1n gi\u1ea3n l\u00e0 s\u1ef1 tr\u1ea3i nghi\u1ec7m c\u1ee7a t\u00f4i n\u00ean t\u00f4i tin n\u00f3 th\u1ef1c h\u1eefu hi\u1ec7u cho nh\u1eefng ng\u01b0\u1eddi khao kh\u00e1t th\u00e0nh c\u00f4ng. <\/p>\n<p>D\u00f9 b\u1ea1n 17, hay b\u1ea1n 20 hay b\u1ea1n 30 th\u1eadm ch\u00ed 40 tu\u1ed5i, n\u1ebfu b\u1ea1n mu\u1ed1n thay \u0111\u1ed5i v\u00e0 b\u1eaft \u0111\u1ea7u m\u1ed9t cu\u1ed9c \u0111\u1eddi m\u1edbi: T\u00f4i xin ch\u00e0o \u0111\u00f3n b\u1ea1n! <\/p>\n<p>V\u1edbi t\u1ea5t c\u1ea3 t\u00e2m huy\u1ebft \u0111\u01b0\u1ee3c g\u1eedi g\u1eafm trong cu\u1ed1n s\u00e1ch, t\u00f4i ch\u1eafc ch\u1eafn r\u1eb1ng b\u1ea1n s\u1ebd th\u00e0nh c\u00f4ng!\u201d <\/p>\n<p>\u2013 Th\u00e1i Ph\u1ea1m \u2013 <\/p>\n","protected":false},"excerpt":{"rendered":"<p>THI\u1ebeT K\u1ebe CU\u1ed8C \u0110\u1edcI TH\u1ecaNH V\u01af\u1ee2NG \u2013 H\u01af\u1edaNG D\u1eaaN CHI TI\u1ebeT C\u00c1CH X\u00c2Y D\u1ef0NG CU\u1ed8C \u0110\u1edcI \u0110\u00c1NG M\u01a0 \u01af\u1edaC C\u1ee6A B\u1ea0N<\/p>\n<p>C\u00f3 th\u1ec3 n\u00f3i, \u0111\u00e2y v\u1eeba l\u00e0 m\u1ed9t quy\u1ec3n t\u1ef1 truy\u1ec7n \u0111i k\u00e8m v\u1edbi nh\u1eefng b\u00ed quy\u1ebft t\u1ea1o n\u00ean m\u1ed9t cu\u1ed9c \u0111\u1eddi \u0111\u00e1ng s\u1ed1ng trong su\u1ed1t 20 n\u0103m \u201cl\u0103n l\u1ed9n\u201d tr\u01b0\u1eddng \u0111\u1eddi c\u1ee7a t\u00e1c gi\u1ea3. <\/p>\n<p>Quy\u1ec3n s\u00e1ch kh\u00f4ng ru ng\u1ee7 b\u1ea1n v\u1edbi nh\u1eefng c\u00f4ng th\u1ee9c thay \u0111\u1ed5i b\u1ea3n th\u00e2n th\u1ea7n th\u00e1nh m\u00e0 t\u1eadp trung v\u00e0o gi\u1ea3i quy\u1ebft nh\u1eefng v\u1ea5n \u0111\u1ec1 c\u1ee7a b\u1ea1n b\u1eb1ng c\u00e1ch \u0111\u01b0a ra c\u00e1c ph\u01b0\u01a1ng ph\u00e1p \u0111\u00e1nh gi\u00e1, nh\u00ecn nh\u1eadn b\u1ea3n th\u00e2n v\u00e0 cung c\u1ea5p cho b\u1ea1n nh\u1eefng \u201cv\u1eadt t\u01b0\u201d x\u00e2y n\u00ean m\u1ed9t cu\u1ed9c \u0111\u1eddi b\u1ea1n mong mu\u1ed1n. <\/p>\n<p>B\u1edfi tr\u01b0\u1edbc khi x\u00e2y tr\u00ean n\u1ec1n \u0111\u1ea5t m\u1edbi nh\u1eefng c\u00f4ng tr\u00ecnh ki\u00ean c\u1ed1, b\u1ea1n ph\u1ea3i \u0111\u1eadp b\u1ecf nh\u1eefng suy ngh\u0129 c\u0169 r\u00edch \u2013 nh\u1eefng th\u1ee9 v\u1eabn \u0111ang gi\u1eef ch\u00e2n b\u1ea1n v\u1edbi s\u1ef1 t\u1ea7m th\u01b0\u1eddng. B\u1ea1n kh\u00f4ng th\u1ec3 x\u00e2y n\u00ean m\u1ed9t ng\u00f4i nh\u00e0 \u0111\u1eb9p v\u00e0 v\u1eefng ch\u1eafc t\u1eeb m\u1ed9t n\u1ec1n nh\u00e0 k\u00e9m ch\u1ea5t l\u01b0\u1ee3ng. Nh\u1eefng vi\u00ean g\u1ea1ch k\u00e9m ch\u1ea5t l\u01b0\u1ee3ng m\u00e0 b\u1ea1n c\u1ea7n \u0111\u1eadp b\u1ecf l\u00e0 nh\u1eefng th\u00e0nh ki\u1ebfn v\u1ec1 ng\u01b0\u1eddi gi\u00e0u, nh\u1eefng suy ngh\u0129 sai l\u1ec7ch v\u1ec1 th\u00e0nh c\u00f4ng nh\u01b0 ch\u1ec9 c\u00f3 h\u1ecdc \u0111\u1ea1i h\u1ecdc l\u00e0 con \u0111\u01b0\u1eddng duy nh\u1ea5t \u0111\u1ec3 \u0111\u1ea1t \u0111\u01b0\u1ee3c m\u1ee5c ti\u00eau, ai th\u00e0nh c\u00f4ng c\u0169ng \u0111\u1ec1u h\u1ea1nh ph\u00fac, theo \u0111u\u1ed5i \u0111am m\u00ea, ti\u1ec1n s\u1ebd t\u1edbi,\u2026 Nh\u1eefng \u0111i\u1ec1u nghe c\u00f3 v\u1ebb hay, c\u00f3 v\u1ebb \u1ed5n nh\u01b0ng h\u1ec7 qu\u1ea3 c\u1ee7a nh\u1eefng suy ngh\u0129 \u0111\u00f3 v\u1edbi cu\u1ed9c s\u1ed1ng c\u1ee7a b\u1ea1n kh\u00f4ng \u1ed5n ch\u00fat n\u00e0o. <\/p>\n<p>&#8220;Ng\u01b0\u1eddi th\u00f4ng minh l\u00e0 ng\u01b0\u1eddi h\u1ecdc \u0111\u01b0\u1ee3c nhi\u1ec1u t\u1eeb sai l\u1ea7m c\u1ee7a m\u00ecnh, c\u00f2n ng\u01b0\u1eddi th\u00f4ng th\u00e1i l\u00e0 ng\u01b0\u1eddi h\u1ecdc \u0111\u01b0\u1ee3c nhi\u1ec1u b\u00e0i h\u1ecdc t\u1eeb th\u00e0nh c\u00f4ng v\u00e0 th\u1ea5t b\u1ea1i c\u1ee7a ng\u01b0\u1eddi kh\u00e1c. &#8220;\u2013 Tr\u00edch t\u1eeb s\u00e1ch Thi\u1ebft k\u1ebf cu\u1ed9c \u0111\u1eddi th\u1ecbnh v\u01b0\u1ee3ng \u2013<\/p>\n<p>Ch\u1eb3ng ai mu\u1ed1n \u0111\u00e1nh \u0111\u1ed5i m\u1ed9t kho\u1ea3ng \u0111\u1eddi tu\u1ed5i tr\u1ebb cho nh\u1eefng vi\u1ec7c l\u00e0m v\u00f4 ngh\u0129a v\u00e0 c\u0169ng kh\u00f4ng ai mu\u1ed1n d\u00e0nh th\u1eddi gian \u0111\u00f3 \u0111\u1ec3 h\u1ecdc t\u1eeb nh\u1eefng sai l\u1ea7m m\u00e0 \u0111\u00e1ng ra, n\u1ebfu s\u1edf h\u1eefu \u0111\u01b0\u1ee3c nh\u1eefng ngu\u1ed3n tri th\u1ee9c v\u00f4 gi\u00e1, quen bi\u1ebft ng\u01b0\u1eddi t\u1eebng tr\u1ea3i ch\u00fang ta s\u1ebd d\u1ec5 d\u00e0ng tr\u00e1nh \u0111\u01b0\u1ee3c nh\u1eefng sai l\u1ea7m \u0111\u00f3 (v\u00e0 h\u1ecdc \u0111\u01b0\u1ee3c nh\u1eefng b\u00e0i h\u1ecdc \u201ccao c\u1ea5p h\u01a1n\u201d ch\u1eb3ng h\u1ea1n).<\/p>\n","protected":false},"featured_media":12712,"template":"","meta":{"_acf_changed":false},"product_brand":[],"product_cat":[18,15,46],"product_tag":[],"class_list":{"0":"post-12719","1":"product","2":"type-product","3":"status-publish","4":"has-post-thumbnail","6":"product_cat-kinh-te","7":"product_cat-sach-danh-cho-nguoi-lon","8":"product_cat-ky-nang-song","10":"first","11":"outofstock","12":"taxable","13":"shipping-taxable","14":"purchasable","15":"product-type-simple"},"supplier_id":null,"supplier_sku":"","barcode":null,"atum_controlled":true,"out_stock_date":"2021-09-07 11:08:31","out_stock_threshold":null,"inheritable":false,"inbound_stock":0,"stock_on_hold":0,"sold_today":0,"sales_last_days":0,"reserved_stock":0,"customer_returns":0,"warehouse_damage":0,"lost_in_post":0,"other_logs":0,"out_stock_days":1604,"lost_sales":5497,"has_location":false,"update_date":"2026-01-28T23:10:52","atum_locations":[],"atum_stock_status":"outofstock","restock_status":false,"low_stock_amount":"","sales_update_date":"2026-01-28T23:10:52","calc_backorders":null,"acf":{"publisher":{"ID":3125,"post_author":"1","post_date":"2021-02-27 00:40:10","post_date_gmt":"2021-02-26 22:40:10","post_content":"","post_title":"HappyLive","post_excerpt":"","post_status":"publish","comment_status":"closed","ping_status":"closed","post_password":"","post_name":"happylive","to_ping":"","pinged":"","post_modified":"2021-02-27 00:40:10","post_modified_gmt":"2021-02-26 22:40:10","post_content_filtered":"","post_parent":0,"guid":"https:\/\/sachviet.eu\/nha-phat-hanh\/happylive\/","menu_order":0,"post_type":"publisher","post_mime_type":"","comment_count":"0","filter":"raw"}},"_links":{"self":[{"href":"https:\/\/sachviet.eu\/en\/wp-json\/wp\/v2\/product\/12719","targetHints":{"allow":["GET"]}}],"collection":[{"href":"https:\/\/sachviet.eu\/en\/wp-json\/wp\/v2\/product"}],"about":[{"href":"https:\/\/sachviet.eu\/en\/wp-json\/wp\/v2\/types\/product"}],"wp:featuredmedia":[{"embeddable":true,"href":"https:\/\/sachviet.eu\/en\/wp-json\/wp\/v2\/media\/12712"}],"wp:attachment":[{"href":"https:\/\/sachviet.eu\/en\/wp-json\/wp\/v2\/media?parent=12719"}],"wp:term":[{"taxonomy":"product_brand","embeddable":true,"href":"https:\/\/sachviet.eu\/en\/wp-json\/wp\/v2\/product_brand?post=12719"},{"taxonomy":"product_cat","embeddable":true,"href":"https:\/\/sachviet.eu\/en\/wp-json\/wp\/v2\/product_cat?post=12719"},{"taxonomy":"product_tag","embeddable":true,"href":"https:\/\/sachviet.eu\/en\/wp-json\/wp\/v2\/product_tag?post=12719"}],"curies":[{"name":"wp","href":"https:\/\/api.w.org\/{rel}","templated":true}]}}