{"id":12711,"date":"2021-06-11T23:22:59","date_gmt":"2021-06-11T20:22:59","guid":{"rendered":"https:\/\/sachviet.eu\/shop\/nay-co-gai-thuc-tinh-di-tai-ban-2020\/"},"modified":"2024-12-09T12:41:41","modified_gmt":"2024-12-09T10:41:41","slug":"nay-co-gai-thuc-tinh-di-tai-ban-2020","status":"publish","type":"product","link":"https:\/\/sachviet.eu\/en\/shop\/nay-co-gai-thuc-tinh-di-tai-ban-2020\/","title":{"rendered":"N\u00e0y C\u00f4 G\u00e1i, Th\u1ee9c T\u1ec9nh \u0110i! (T\u00e1i B\u1ea3n 2020)"},"content":{"rendered":"<p>M\u1ecdi ng\u01b0\u1eddi, \u0111\u1eb7c bi\u1ec7t l\u00e0 ph\u1ee5 n\u1eef, t\u1eeb khi v\u1eeba sinh ra \u0111\u00e3 b\u1ecb nh\u00e9t v\u00e0o \u0111\u1ea7u c\u00e1i g\u1ecdi l\u00e0 \u201cquy \u0111\u1ecbnh l\u00e0m ph\u1ee5 n\u1eef\u201d, v\u00e0 b\u1ecb nh\u1ed3i nh\u01b0 m\u1ed9t con th\u00fa nh\u1ed3i b\u00f4ng v\u1eady. Ph\u1ea3i bi\u1ebft hy sinh, ph\u1ea3i mang l\u1ea1i h\u1ea1nh ph\u00fac cho ng\u01b0\u1eddi xung quanh, ph\u1ea3i \u00e2m th\u1ea7m ch\u1ecbu \u0111\u1ef1ng, ph\u1ea3i canh theo c\u00e1i k\u1ebb cho\u00e1ng h\u1ebft trang b\u00eca c\u1ee7a t\u1edd t\u1ea1p ch\u00ed kia m\u00e0 s\u1ed1ng. \u1ee6a, sao kh\u00f4ng ai b\u1eaft ph\u1ea3i ch\u1ebft m\u1ed9t c\u00e1ch \u0111\u1ea7y h\u1ed1i ti\u1ebfc, hay ph\u1ea3i b\u1ed1c h\u01a1i kh\u1ecfi c\u00f5i \u0111\u1eddi n\u00e0y m\u00e0 v\u1eabn kh\u00f4ng hi\u1ec3u t\u1ea1i sao m\u00ecnh l\u1ea1i b\u1eaft \u0111\u1ea7u?<\/p>\n<p>\u0110\u1ed3ng c\u1ea3m v\u1edbi t\u00e1c gi\u1ea3 cu\u1ed1n \u201cN\u00e0y c\u00f4 g\u00e1i, th\u1ee9c t\u1ec9nh \u0111i!\u201d, t\u00f4i \u0111i qua bao g\u00e3y \u0111\u1ed5, gi\u00f4ng t\u1ed1 trong \u0111\u1eddi ch\u1ec9 \u0111\u1ec3 hi\u1ec3u ra r\u1eb1ng, ch\u1ec9 c\u00f3 b\u1ea3n th\u00e2n ta ch\u1ecbu tr\u00e1ch nhi\u1ec7m v\u1ec1 m\u00ecnh, v\u1ec1 th\u00e0nh c\u00f4ng \u2013 th\u1ea5t b\u1ea1i, v\u1ec1 s\u1ef1 th\u0103ng b\u1eb1ng c\u1ee7a ch\u00ednh m\u00ecnh, v\u1ec1 \u0111\u1ecbnh ngh\u0129a nh\u01b0 th\u1ebf n\u00e0o l\u00e0 h\u1ea1nh ph\u00fac.<\/p>\n<p>One size does not fit all \u2013 Kh\u00f4ng c\u00f3 m\u1ed9t khu\u00f4n m\u1eabu cho t\u1ea5t c\u1ea3 m\u1ecdi ng\u01b0\u1eddi. M\u1ed7i ch\u00fang ta l\u00e0 m\u1ed9t b\u1ea3n th\u1ec3 r\u1ea5t \u0111\u1ed9c \u0111\u00e1o c\u1ee7a t\u1ea1o h\u00f3a. V\u00ec v\u1eady, m\u1ed7i ch\u00fang ta c\u00f3 m\u1ed9t h\u00e0nh tr\u00ecnh r\u1ea5t ri\u00eang, r\u1ea5t kh\u00e1c, ch\u1ec9 c\u00f3 th\u1ec3 v\u1eeba v\u1eb7n v\u1edbi thi\u1ebft k\u1ebf c\u00e1 nh\u00e2n m\u00e0 ta t\u1ef1 m\u00ecnh v\u1ebd ra cho b\u1ea3n th\u00e2n m\u00ecnh. Kh\u00f4ng ai kh\u00e1c. H\u00e3y l\u1eafng nghe l\u1eddi th\u00ec th\u1ea7m trong tr\u1ebbo, r\u1ea5t d\u1ecbu d\u00e0ng nh\u01b0ng m\u1ea1nh m\u1ebd \u0111\u1ebfn v\u1ee1 \u00f2a c\u1ee7a ch\u00ednh tr\u00e1i tim ta.<\/p>\n<p>T\u00f4i bi\u1ebft, v\u00e0 tin r\u1eb1ng, quy\u1ec3n s\u00e1ch \u201cN\u00e0y c\u00f4 g\u00e1i, th\u1ee9c t\u1ec9nh \u0111i!\u201d s\u1ebd thay \u0111\u1ed5i cu\u1ed9c \u0111\u1eddi c\u1ee7a nhi\u1ec1u ph\u1ee5 n\u1eef, v\u00e0 ti\u1ebfp th\u00eam cho c\u00e1c b\u1ea1n s\u1ee9c m\u1ea1nh \u0111\u1ec3 t\u00ecm th\u1ea5y h\u1ea1nh ph\u00fac r\u1ea5t ri\u00eang t\u01b0 cho b\u1ea3n th\u00e2n m\u00ecnh. Happiness is the end game \u2013 Cu\u1ed1i c\u00f9ng, ta sinh ra l\u00e0 \u0111\u1ec3 t\u00ecm th\u1ea5y h\u1ea1nh ph\u00fac, kh\u00f4ng ph\u1ea3i \u0111\u1ec3 l\u00e0m n\u00f4 l\u1ec7 cho nh\u1eefng k\u1ebb h\u1ea1nh ph\u00fac. Ch\u00fac c\u00e1c b\u1ea1n v\u1eefng tin b\u01b0\u1edbc nh\u1eefng b\u01b0\u1edbc \u0111\u1ea7u ti\u00ean, v\u00e0 h\u1eb9n c\u00e1c b\u1ea1n \u1edf m\u1ed9t mi\u1ec1n h\u1ea1nh ph\u00fac ch\u1ec9 c\u00e1ch ch\u00fang ta v\u00e0i trang s\u00e1ch.<\/p>\n<p>\u2013 Nguy\u1ec5n Phi V\u00e2n<\/p>\n","protected":false},"excerpt":{"rendered":"<p>M\u1ecdi ng\u01b0\u1eddi, \u0111\u1eb7c bi\u1ec7t l\u00e0 ph\u1ee5 n\u1eef, t\u1eeb khi v\u1eeba sinh ra \u0111\u00e3 b\u1ecb nh\u00e9t v\u00e0o \u0111\u1ea7u c\u00e1i g\u1ecdi l\u00e0 \u201cquy \u0111\u1ecbnh l\u00e0m ph\u1ee5 n\u1eef\u201d, v\u00e0 b\u1ecb nh\u1ed3i nh\u01b0 m\u1ed9t con th\u00fa nh\u1ed3i b\u00f4ng v\u1eady. Ph\u1ea3i bi\u1ebft hy sinh, ph\u1ea3i mang l\u1ea1i h\u1ea1nh ph\u00fac cho ng\u01b0\u1eddi xung quanh, ph\u1ea3i \u00e2m th\u1ea7m ch\u1ecbu \u0111\u1ef1ng, ph\u1ea3i canh theo c\u00e1i k\u1ebb cho\u00e1ng h\u1ebft trang b\u00eca c\u1ee7a t\u1edd t\u1ea1p ch\u00ed kia m\u00e0 s\u1ed1ng. \u1ee6a, sao kh\u00f4ng ai b\u1eaft ph\u1ea3i ch\u1ebft m\u1ed9t c\u00e1ch \u0111\u1ea7y h\u1ed1i ti\u1ebfc, hay ph\u1ea3i b\u1ed1c h\u01a1i kh\u1ecfi c\u00f5i \u0111\u1eddi n\u00e0y m\u00e0 v\u1eabn kh\u00f4ng hi\u1ec3u t\u1ea1i sao m\u00ecnh l\u1ea1i b\u1eaft \u0111\u1ea7u?<\/p>\n<p>\u0110\u1ed3ng c\u1ea3m v\u1edbi t\u00e1c gi\u1ea3 cu\u1ed1n \u201cN\u00e0y c\u00f4 g\u00e1i, th\u1ee9c t\u1ec9nh \u0111i!\u201d, t\u00f4i \u0111i qua bao g\u00e3y \u0111\u1ed5, gi\u00f4ng t\u1ed1 trong \u0111\u1eddi ch\u1ec9 \u0111\u1ec3 hi\u1ec3u ra r\u1eb1ng, ch\u1ec9 c\u00f3 b\u1ea3n th\u00e2n ta ch\u1ecbu tr\u00e1ch nhi\u1ec7m v\u1ec1 m\u00ecnh, v\u1ec1 th\u00e0nh c\u00f4ng \u2013 th\u1ea5t b\u1ea1i, v\u1ec1 s\u1ef1 th\u0103ng b\u1eb1ng c\u1ee7a ch\u00ednh m\u00ecnh, v\u1ec1 \u0111\u1ecbnh ngh\u0129a nh\u01b0 th\u1ebf n\u00e0o l\u00e0 h\u1ea1nh ph\u00fac.<\/p>\n<p>One size does not fit all \u2013 Kh\u00f4ng c\u00f3 m\u1ed9t khu\u00f4n m\u1eabu cho t\u1ea5t c\u1ea3 m\u1ecdi ng\u01b0\u1eddi. M\u1ed7i ch\u00fang ta l\u00e0 m\u1ed9t b\u1ea3n th\u1ec3 r\u1ea5t \u0111\u1ed9c \u0111\u00e1o c\u1ee7a t\u1ea1o h\u00f3a. V\u00ec v\u1eady, m\u1ed7i ch\u00fang ta c\u00f3 m\u1ed9t h\u00e0nh tr\u00ecnh r\u1ea5t ri\u00eang, r\u1ea5t kh\u00e1c, ch\u1ec9 c\u00f3 th\u1ec3 v\u1eeba v\u1eb7n v\u1edbi thi\u1ebft k\u1ebf c\u00e1 nh\u00e2n m\u00e0 ta t\u1ef1 m\u00ecnh v\u1ebd ra cho b\u1ea3n th\u00e2n m\u00ecnh. Kh\u00f4ng ai kh\u00e1c. H\u00e3y l\u1eafng nghe l\u1eddi th\u00ec th\u1ea7m trong tr\u1ebbo, r\u1ea5t d\u1ecbu d\u00e0ng nh\u01b0ng m\u1ea1nh m\u1ebd \u0111\u1ebfn v\u1ee1 \u00f2a c\u1ee7a ch\u00ednh tr\u00e1i tim ta.<\/p>\n<p>T\u00f4i bi\u1ebft, v\u00e0 tin r\u1eb1ng, quy\u1ec3n s\u00e1ch \u201cN\u00e0y c\u00f4 g\u00e1i, th\u1ee9c t\u1ec9nh \u0111i!\u201d s\u1ebd thay \u0111\u1ed5i cu\u1ed9c \u0111\u1eddi c\u1ee7a nhi\u1ec1u ph\u1ee5 n\u1eef, v\u00e0 ti\u1ebfp th\u00eam cho c\u00e1c b\u1ea1n s\u1ee9c m\u1ea1nh \u0111\u1ec3 t\u00ecm th\u1ea5y h\u1ea1nh ph\u00fac r\u1ea5t ri\u00eang t\u01b0 cho b\u1ea3n th\u00e2n m\u00ecnh. Happiness is the end game \u2013 Cu\u1ed1i c\u00f9ng, ta sinh ra l\u00e0 \u0111\u1ec3 t\u00ecm th\u1ea5y h\u1ea1nh ph\u00fac, kh\u00f4ng ph\u1ea3i \u0111\u1ec3 l\u00e0m n\u00f4 l\u1ec7 cho nh\u1eefng k\u1ebb h\u1ea1nh ph\u00fac. Ch\u00fac c\u00e1c b\u1ea1n v\u1eefng tin b\u01b0\u1edbc nh\u1eefng b\u01b0\u1edbc \u0111\u1ea7u ti\u00ean, v\u00e0 h\u1eb9n c\u00e1c b\u1ea1n \u1edf m\u1ed9t mi\u1ec1n h\u1ea1nh ph\u00fac ch\u1ec9 c\u00e1ch ch\u00fang ta v\u00e0i trang s\u00e1ch.<\/p>\n<p>\u2013 Nguy\u1ec5n Phi V\u00e2n<\/p>\n","protected":false},"featured_media":12694,"template":"","meta":{"_acf_changed":false},"product_brand":[],"product_cat":[15,46],"product_tag":[],"class_list":{"0":"post-12711","1":"product","2":"type-product","3":"status-publish","4":"has-post-thumbnail","6":"product_cat-sach-danh-cho-nguoi-lon","7":"product_cat-ky-nang-song","9":"first","10":"outofstock","11":"taxable","12":"shipping-taxable","13":"purchasable","14":"product-type-simple"},"supplier_id":null,"supplier_sku":"","barcode":null,"atum_controlled":true,"out_stock_date":"2024-12-09 10:41:41","out_stock_threshold":null,"inheritable":false,"inbound_stock":0,"stock_on_hold":0,"sold_today":0,"sales_last_days":0,"reserved_stock":0,"customer_returns":0,"warehouse_damage":0,"lost_in_post":0,"other_logs":0,"out_stock_days":415,"lost_sales":0,"has_location":false,"update_date":"2026-01-28T23:11:27","atum_locations":[],"atum_stock_status":"outofstock","restock_status":false,"low_stock_amount":"","sales_update_date":"2026-01-28T23:11:27","calc_backorders":null,"acf":{"publisher":{"ID":9871,"post_author":"1","post_date":"2021-06-02 17:52:59","post_date_gmt":"2021-06-02 14:52:59","post_content":"","post_title":"Saigon Books","post_excerpt":"","post_status":"publish","comment_status":"closed","ping_status":"closed","post_password":"","post_name":"saigon-books","to_ping":"","pinged":"","post_modified":"2021-06-02 17:52:59","post_modified_gmt":"2021-06-02 14:52:59","post_content_filtered":"","post_parent":0,"guid":"https:\/\/sachviet.eu\/nha-phat-hanh\/saigon-books\/","menu_order":0,"post_type":"publisher","post_mime_type":"","comment_count":"0","filter":"raw"}},"_links":{"self":[{"href":"https:\/\/sachviet.eu\/en\/wp-json\/wp\/v2\/product\/12711","targetHints":{"allow":["GET"]}}],"collection":[{"href":"https:\/\/sachviet.eu\/en\/wp-json\/wp\/v2\/product"}],"about":[{"href":"https:\/\/sachviet.eu\/en\/wp-json\/wp\/v2\/types\/product"}],"wp:featuredmedia":[{"embeddable":true,"href":"https:\/\/sachviet.eu\/en\/wp-json\/wp\/v2\/media\/12694"}],"wp:attachment":[{"href":"https:\/\/sachviet.eu\/en\/wp-json\/wp\/v2\/media?parent=12711"}],"wp:term":[{"taxonomy":"product_brand","embeddable":true,"href":"https:\/\/sachviet.eu\/en\/wp-json\/wp\/v2\/product_brand?post=12711"},{"taxonomy":"product_cat","embeddable":true,"href":"https:\/\/sachviet.eu\/en\/wp-json\/wp\/v2\/product_cat?post=12711"},{"taxonomy":"product_tag","embeddable":true,"href":"https:\/\/sachviet.eu\/en\/wp-json\/wp\/v2\/product_tag?post=12711"}],"curies":[{"name":"wp","href":"https:\/\/api.w.org\/{rel}","templated":true}]}}