{"id":12693,"date":"2021-06-11T23:22:04","date_gmt":"2021-06-11T20:22:04","guid":{"rendered":"https:\/\/sachviet.eu\/shop\/suc-manh-cua-su-co-don\/"},"modified":"2024-08-12T11:29:26","modified_gmt":"2024-08-12T08:29:26","slug":"suc-manh-cua-su-co-don","status":"publish","type":"product","link":"https:\/\/sachviet.eu\/en\/shop\/suc-manh-cua-su-co-don\/","title":{"rendered":"S\u1ee9c M\u1ea1nh C\u1ee7a S\u1ef1 C\u00f4 \u0110\u01a1n"},"content":{"rendered":"<p>Ch\u00fang ta \u0111ang \u1edf trong th\u1eddi \u0111\u1ea1i b\u00f9ng n\u1ed5 c\u1ee7a c\u00e1c m\u1ed1i quan h\u1ec7 x\u00e3 h\u1ed9i, h\u1ed1i h\u1ea3 ch\u1ea1y theo cu\u1ed9c s\u1ed1ng quay cu\u1ed3ng. Ch\u00fang ta s\u1ee3 h\u00e3i c\u1ea3m gi\u00e1c tr\u1ed1ng tr\u1ea3i v\u00e0o kho\u1ea3nh kh\u1eafc c\u00e1nh c\u1eeda s\u1eadp l\u1ea1i, v\u00e0 c\u00e0ng lo s\u1ee3 ch\u1ec9 m\u1ed9t gi\u00e2y sau s\u1ebd l\u1ed7i nh\u1ecbp v\u1edbi th\u1ebf gi\u1edbi n\u00e0y.<\/p>\n<p>Th\u1ebf nh\u01b0ng, t\u1ea5t c\u1ea3 m\u1ecdi c\u1ed9t m\u1ed1c tr\u01b0\u1edfng th\u00e0nh, t\u1ea5t c\u1ea3 m\u1ecdi nh\u1eadn th\u1ee9c s\u00e2u s\u1eafc v\u1ec1 cu\u1ed9c s\u1ed1ng, l\u1ea1i ch\u1ec9 c\u00f3 \u0111\u01b0\u1ee3c t\u1eeb trong c\u00f4 \u0111\u01a1n v\u00e0 ph\u1ea3n t\u1ec9nh. Cho n\u00ean, h\u00e3y bi\u1ebfn c\u00f4 \u0111\u01a1n th\u00e0nh s\u1ee9c m\u1ea1nh tr\u01b0\u1edfng th\u00e0nh.<\/p>\n<p>N\u1ebfu g\u1eb7p ph\u1ea3i kh\u00f3 kh\u0103n tr\u1eafc tr\u1edf, b\u1ea1n c\u0169ng s\u1ebd t\u1ef1 tin r\u1eb1ng, b\u1ea1n c\u00f3 th\u1ec3 t\u1ef1 m\u00ecnh gi\u1ea3i quy\u1ebft. Th\u1eadm ch\u00ed d\u00f9 b\u1ecb gh\u00e9t hay b\u1ecb t\u1ea9y chay, b\u1ea1n c\u0169ng ch\u1eb3ng bu\u1ed3n b\u1eadn t\u00e2m: \u201cV\u1edbi m\u00ecnh, chuy\u1ec7n quan tr\u1ecdng nh\u1ea5t ch\u00ednh l\u00e0 s\u1ed1ng t\u1ed1t v\u1edbi b\u1ea3n th\u00e2n\u201d. T\u00edn ni\u1ec7m n\u00e0y c\u00e0ng m\u1ea1nh m\u1ebd, c\u00e0ng ch\u1ee9ng t\u1ecf \u0111\u01b0\u1ee3c m\u1ee9c \u0111\u1ed9 ch\u00edn ch\u1eafn c\u1ee7a m\u1ed9t con ng\u01b0\u1eddi. Kh\u00e1i ni\u1ec7m c\u00f4 \u0111\u01a1n \u0111\u01b0\u1ee3c n\u00f3i \u0111\u1ebfn trong cu\u1ed1n s\u00e1ch n\u00e0y, ho\u00e0n to\u00e0n kh\u00f4ng ph\u1ea3i l\u00e0 ch\u1ee7 \u0111\u1ed9ng n\u00e9 tr\u00e1nh ti\u1ebfp x\u00fac x\u00e3 h\u1ed9i, hay b\u1ecb ng\u01b0\u1eddi kh\u00e1c t\u1ea9y chay v\u00e0 coi th\u01b0\u1eddng, m\u00e0 l\u00e0 l\u1ef1a ch\u1ecdn con \u0111\u01b0\u1eddng b\u1ea3n th\u00e2n m\u00ecnh tin t\u01b0\u1edfng, l\u00e0 m\u1ed9t kh\u00e1i ni\u1ec7m t\u01b0\u01a1ng t\u1ef1 nh\u01b0 \u201c\u0111\u1ed9c l\u1eadp\u201d.<\/p>\n<p>N\u0103ng l\u1ef1c s\u1ed1ng c\u00f4 \u0111\u01a1n l\u00e0 m\u1ed9t th\u00e1i \u0111\u1ed9 s\u1ed1ng, trong \u0111\u00f3 b\u00ean c\u1ea1nh vi\u1ec7c x\u00e2y d\u1ef1ng c\u00e1c m\u1ed1i quan h\u1ec7 x\u00e3 h\u1ed9i, v\u1eabn lu\u00f4n \u0111\u1eb7t \u00fd ch\u00ed c\u1ee7a b\u1ea3n th\u00e2n v\u00e0o v\u1ecb tr\u00ed trung t\u00e2m, t\u00edch c\u1ef1c g\u00e1nh v\u00e1c tr\u00e1ch nhi\u1ec7m c\u1ee7a ch\u00ednh m\u00ecnh. Khi \u0111\u00e3 t\u1ea1o d\u1ef1ng \u0111\u01b0\u1ee3c cho m\u00ecnh th\u00e1i \u0111\u1ed9 s\u1ed1ng n\u00e0y, th\u00ec cho d\u00f9 \u1edf v\u1edbi ai hay ch\u1ec9 c\u00f3 m\u1ed9t m\u00ecnh, b\u1ea1n \u0111\u1ec1u c\u00f3 th\u1ec3 t\u1eadn h\u01b0\u1edfng cu\u1ed9c s\u1ed1ng. Cho d\u00f9 c\u00f3 \u1edf trong tr\u1ea1ng th\u00e1i c\u00f4 \u0111\u1ed9c v\u1eadt l\u00ed, t\u1ee9c s\u1ed1ng m\u1ed9t m\u00ecnh th\u1ef1c s\u1ef1, b\u1ea1n c\u0169ng s\u1ebd kh\u00f4ng c\u1ea3m th\u1ea5y c\u00f4 \u0111\u01a1n.<\/p>\n<p>Tokio Godo<\/p>\n<p>Sinh n\u0103m 1971 t\u1ea1i t\u1ec9nh Okayama, Nh\u1eadt B\u1ea3n, t\u1ed1t nghi\u1ec7p chuy\u00ean ng\u00e0nh kinh t\u1ebf \u0110\u1ea1i h\u1ecdc Chuo, th\u00e0nh vi\u00ean c\u1ee7a H\u1ed9i K\u1ebf to\u00e1n vi\u00ean c\u00f4ng ch\u1ee9ng Hoa K\u1ef3. Sau khi t\u1ed1t nghi\u1ec7p, t\u1eebng l\u00e0m vi\u1ec7c t\u1ea1i C\u00f4ng ty Ki\u1ec3m to\u00e1n Tokyo v\u00e0 m\u1ed9t doanh nghi\u1ec7p b\u00e1n l\u1ebb quy m\u00f4 l\u1edbn, sau \u0111\u00f3 \u0111\u1ea3m nhi\u1ec7m ch\u1ee9c c\u1ed1 v\u1ea5n th\u00f4ng tin c\u1ee7a c\u00f4ng ty T\u01b0 v\u1ea5n chi\u1ebfn l\u01b0\u1ee3c Qu\u1ed1c t\u1ebf Arthur D. Little.<\/p>\n<p>N\u0103m 2006, t\u00e1c ph\u1ea9m \u0111\u1ea7u tay c\u1ee7a \u00f4ng, B\u00ed quy\u1ebft \u0111\u1ec3 c\u00f3 300 tri\u1ec7u Y\u00ean \u1edf tu\u1ed5i 33 \u0111\u00e3 tr\u1edf th\u00e0nh cu\u1ed1n s\u00e1ch best-seller n\u0103m \u1ea5y.<\/p>\n<p>Hi\u1ec7n t\u1ea1i, \u00f4ng \u0111ang \u0111i\u1ec1u h\u00e0nh hai c\u00f4ng ty, v\u1eeba l\u00e0 c\u1ed1 v\u1ea5n \u0111\u1ea7u t\u01b0 b\u1ea5t \u0111\u1ed9ng s\u1ea3n, v\u1eeba l\u00e0 di\u1ec5n gi\u1ea3 c\u00f3 ti\u1ebfng trong l\u0129nh v\u1ef1c \u0111\u1ea7u t\u01b0 v\u00e0 k\u0129 x\u1ea3o th\u01b0\u01a1ng m\u1ea1i. B\u00ean c\u1ea1nh \u0111\u00f3, \u00f4ng c\u0169ng l\u1ea7n l\u01b0\u1ee3t ra m\u1eaft nhi\u1ec1u t\u00e1c ph\u1ea9m g\u00e2y ti\u1ebfng vang l\u1eebng l\u1eaby, nh\u01b0:<\/p>\n<p>\u2022 \u0110\u1eebng c\u01b0\u1eddi \u0111\u1ec3 chi\u1ec1u l\u00f2ng ng\u01b0\u1eddi<\/p>\n<p>\u2022 B\u1ed1n m\u01b0\u01a1i th\u00f3i quen x\u1ea5u n\u00ean t\u1eeb b\u1ecf<\/p>\n<p>\u2022 S\u1ee9c m\u1ea1nh c\u1ee7a \u0111\u1ed3ng ti\u1ec1n<\/p>\n<p>\u2022 Chi\u1ebfn l\u01b0\u1ee3c \u0111\u1eddi ng\u01b0\u1eddi \u2013 t\u0103ng t\u1ed1c \u1edf tu\u1ed5i 30<\/p>\n<p>\u2022 S\u1ee9c m\u1ea1nh c\u1ee7a s\u1ef1 c\u00f4 \u0111\u01a1n<\/p>\n","protected":false},"excerpt":{"rendered":"<p>Ch\u00fang ta \u0111ang \u1edf trong th\u1eddi \u0111\u1ea1i b\u00f9ng n\u1ed5 c\u1ee7a c\u00e1c m\u1ed1i quan h\u1ec7 x\u00e3 h\u1ed9i, h\u1ed1i h\u1ea3 ch\u1ea1y theo cu\u1ed9c s\u1ed1ng quay cu\u1ed3ng. Ch\u00fang ta s\u1ee3 h\u00e3i c\u1ea3m gi\u00e1c tr\u1ed1ng tr\u1ea3i v\u00e0o kho\u1ea3nh kh\u1eafc c\u00e1nh c\u1eeda s\u1eadp l\u1ea1i, v\u00e0 c\u00e0ng lo s\u1ee3 ch\u1ec9 m\u1ed9t gi\u00e2y sau s\u1ebd l\u1ed7i nh\u1ecbp v\u1edbi th\u1ebf gi\u1edbi n\u00e0y.<\/p>\n<p>Th\u1ebf nh\u01b0ng, t\u1ea5t c\u1ea3 m\u1ecdi c\u1ed9t m\u1ed1c tr\u01b0\u1edfng th\u00e0nh, t\u1ea5t c\u1ea3 m\u1ecdi nh\u1eadn th\u1ee9c s\u00e2u s\u1eafc v\u1ec1 cu\u1ed9c s\u1ed1ng, l\u1ea1i ch\u1ec9 c\u00f3 \u0111\u01b0\u1ee3c t\u1eeb trong c\u00f4 \u0111\u01a1n v\u00e0 ph\u1ea3n t\u1ec9nh. Cho n\u00ean, h\u00e3y bi\u1ebfn c\u00f4 \u0111\u01a1n th\u00e0nh s\u1ee9c m\u1ea1nh tr\u01b0\u1edfng th\u00e0nh.<\/p>\n<p>N\u1ebfu g\u1eb7p ph\u1ea3i kh\u00f3 kh\u0103n tr\u1eafc tr\u1edf, b\u1ea1n c\u0169ng s\u1ebd t\u1ef1 tin r\u1eb1ng, b\u1ea1n c\u00f3 th\u1ec3 t\u1ef1 m\u00ecnh gi\u1ea3i quy\u1ebft. Th\u1eadm ch\u00ed d\u00f9 b\u1ecb gh\u00e9t hay b\u1ecb t\u1ea9y chay, b\u1ea1n c\u0169ng ch\u1eb3ng bu\u1ed3n b\u1eadn t\u00e2m: \u201cV\u1edbi m\u00ecnh, chuy\u1ec7n quan tr\u1ecdng nh\u1ea5t ch\u00ednh l\u00e0 s\u1ed1ng t\u1ed1t v\u1edbi b\u1ea3n th\u00e2n\u201d. T\u00edn ni\u1ec7m n\u00e0y c\u00e0ng m\u1ea1nh m\u1ebd, c\u00e0ng ch\u1ee9ng t\u1ecf \u0111\u01b0\u1ee3c m\u1ee9c \u0111\u1ed9 ch\u00edn ch\u1eafn c\u1ee7a m\u1ed9t con ng\u01b0\u1eddi. Kh\u00e1i ni\u1ec7m c\u00f4 \u0111\u01a1n \u0111\u01b0\u1ee3c n\u00f3i \u0111\u1ebfn trong cu\u1ed1n s\u00e1ch n\u00e0y, ho\u00e0n to\u00e0n kh\u00f4ng ph\u1ea3i l\u00e0 ch\u1ee7 \u0111\u1ed9ng n\u00e9 tr\u00e1nh ti\u1ebfp x\u00fac x\u00e3 h\u1ed9i, hay b\u1ecb ng\u01b0\u1eddi kh\u00e1c t\u1ea9y chay v\u00e0 coi th\u01b0\u1eddng, m\u00e0 l\u00e0 l\u1ef1a ch\u1ecdn con \u0111\u01b0\u1eddng b\u1ea3n th\u00e2n m\u00ecnh tin t\u01b0\u1edfng, l\u00e0 m\u1ed9t kh\u00e1i ni\u1ec7m t\u01b0\u01a1ng t\u1ef1 nh\u01b0 \u201c\u0111\u1ed9c l\u1eadp\u201d.<\/p>\n<p>N\u0103ng l\u1ef1c s\u1ed1ng c\u00f4 \u0111\u01a1n l\u00e0 m\u1ed9t th\u00e1i \u0111\u1ed9 s\u1ed1ng, trong \u0111\u00f3 b\u00ean c\u1ea1nh vi\u1ec7c x\u00e2y d\u1ef1ng c\u00e1c m\u1ed1i quan h\u1ec7 x\u00e3 h\u1ed9i, v\u1eabn lu\u00f4n \u0111\u1eb7t \u00fd ch\u00ed c\u1ee7a b\u1ea3n th\u00e2n v\u00e0o v\u1ecb tr\u00ed trung t\u00e2m, t\u00edch c\u1ef1c g\u00e1nh v\u00e1c tr\u00e1ch nhi\u1ec7m c\u1ee7a ch\u00ednh m\u00ecnh. Khi \u0111\u00e3 t\u1ea1o d\u1ef1ng \u0111\u01b0\u1ee3c cho m\u00ecnh th\u00e1i \u0111\u1ed9 s\u1ed1ng n\u00e0y, th\u00ec cho d\u00f9 \u1edf v\u1edbi ai hay ch\u1ec9 c\u00f3 m\u1ed9t m\u00ecnh, b\u1ea1n \u0111\u1ec1u c\u00f3 th\u1ec3 t\u1eadn h\u01b0\u1edfng cu\u1ed9c s\u1ed1ng. Cho d\u00f9 c\u00f3 \u1edf trong tr\u1ea1ng th\u00e1i c\u00f4 \u0111\u1ed9c v\u1eadt l\u00ed, t\u1ee9c s\u1ed1ng m\u1ed9t m\u00ecnh th\u1ef1c s\u1ef1, b\u1ea1n c\u0169ng s\u1ebd kh\u00f4ng c\u1ea3m th\u1ea5y c\u00f4 \u0111\u01a1n.<\/p>\n","protected":false},"featured_media":12692,"template":"","meta":{"_acf_changed":false},"product_brand":[],"product_cat":[15,46],"product_tag":[81],"class_list":{"0":"post-12693","1":"product","2":"type-product","3":"status-publish","4":"has-post-thumbnail","6":"product_cat-sach-danh-cho-nguoi-lon","7":"product_cat-ky-nang-song","8":"product_tag-sach-gia-uu-dai","10":"first","11":"outofstock","12":"sale","13":"taxable","14":"shipping-taxable","15":"purchasable","16":"product-type-simple"},"supplier_id":null,"supplier_sku":"","barcode":null,"atum_controlled":true,"out_stock_date":"2024-08-12 08:29:26","out_stock_threshold":null,"inheritable":false,"inbound_stock":0,"stock_on_hold":0,"sold_today":0,"sales_last_days":0,"reserved_stock":0,"customer_returns":0,"warehouse_damage":0,"lost_in_post":0,"other_logs":0,"out_stock_days":534,"lost_sales":0,"has_location":false,"update_date":"2026-01-28T23:11:20","atum_locations":[],"atum_stock_status":"outofstock","restock_status":false,"low_stock_amount":"","sales_update_date":"2026-01-28T23:11:20","calc_backorders":null,"acf":{"publisher":{"ID":1454,"post_author":"1","post_date":"2021-02-17 01:11:34","post_date_gmt":"2021-02-16 23:11:34","post_content":"<!-- wp:flatsome\/uxbuilder -->\n<h1 style=\"text-align: center;\"><strong>Kim \u0110\u1ed3ng<\/strong><\/h1>\n[row]\n\n[col span=\"3\" span__sm=\"12\"]\n\n[ux_image id=\"1534\" image_size=\"medium\"]\n\n\n[\/col]\n[col span=\"9\" span__sm=\"12\"]\n\n<p>Nh\u00e0 xu\u1ea5t b\u1ea3n Kim \u0110\u1ed3ng tr\u1ef1c thu\u1ed9c Trung \u01b0\u01a1ng \u0110o\u00e0n TNCS H\u1ed3 Ch\u00ed Minh l\u00e0 Nh\u00e0 xu\u1ea5t b\u1ea3n t\u1ed5ng h\u1ee3p c\u00f3 ch\u1ee9c n\u0103ng xu\u1ea5t b\u1ea3n s\u00e1ch v\u00e0 v\u0103n h\u00f3a ph\u1ea9m ph\u1ee5c v\u1ee5 thi\u1ebfu nhi v\u00e0 c\u00e1c b\u1eadc ph\u1ee5 huynh trong c\u1ea3 n\u01b0\u1edbc, qu\u1ea3ng b\u00e1 v\u00e0 gi\u1edbi thi\u1ec7u v\u0103n h\u00f3a Vi\u1ec7t Nam ra th\u1ebf gi\u1edbi.<br \/>Nh\u00e0 xu\u1ea5t b\u1ea3n c\u00f3 nhi\u1ec7m v\u1ee5 t\u1ed5 ch\u1ee9c b\u1ea3n th\u1ea3o, bi\u00ean so\u1ea1n, bi\u00ean d\u1ecbch, xu\u1ea5t b\u1ea3n v\u00e0 ph\u00e1t h\u00e0nh c\u00e1c xu\u1ea5t b\u1ea3n ph\u1ea9m c\u00f3 n\u1ed9i dung: gi\u00e1o d\u1ee5c truy\u1ec1n th\u1ed1ng d\u00e2n t\u1ed9c, gi\u00e1o d\u1ee5c v\u1ec1 tri th\u1ee9c, ki\u1ebfn th\u1ee9c\u2026 tr\u00ean c\u00e1c l\u0129nh v\u1ef1c v\u0103n h\u1ecdc, ngh\u1ec7 thu\u1eadt, khoa h\u1ecdc k\u1ef9 thu\u1eadt nh\u1eb1m cung c\u1ea5p cho c\u00e1c em thi\u1ebfu nhi c\u0169ng nh\u01b0 c\u00e1c b\u1eadc ph\u1ee5 huynh c\u00e1c ki\u1ebfn th\u1ee9c c\u1ea7n thi\u1ebft trong cu\u1ed9c s\u1ed1ng, nh\u1eefng tinh hoa c\u1ee7a tri th\u1ee9c nh\u00e2n lo\u1ea1i nh\u1eb1m g\u00f3p ph\u1ea7n gi\u00e1o d\u1ee5c v\u00e0 h\u00ecnh th\u00e0nh nh\u00e2n c\u00e1ch th\u1ebf h\u1ec7 tr\u1ebb.<br \/>\u0110\u1ed1i t\u01b0\u1ee3ng ph\u1ee5c v\u1ee5 c\u1ee7a Nh\u00e0 xu\u1ea5t b\u1ea3n l\u00e0 c\u00e1c em t\u1eeb tu\u1ed5i nh\u00e0 tr\u1ebb m\u1eabu gi\u00e1o (1 \u0111\u1ebfn 5 tu\u1ed5i), nhi \u0111\u1ed3ng (6 \u0111\u1ebfn 9 tu\u1ed5i), thi\u1ebfu ni\u00ean (10 \u0111\u1ebfn 15 tu\u1ed5i) \u0111\u1ebfn c\u00e1c em tu\u1ed5i m\u1edbi l\u1edbn (16 \u0111\u1ebfn 18 tu\u1ed5i) v\u00e0 c\u00e1c b\u1eadc ph\u1ee5 huynh.<\/p>\n\n[\/col]\n\n[\/row]\n\n<!-- \/wp:flatsome\/uxbuilder -->","post_title":"Kim \u0110\u1ed3ng","post_excerpt":"","post_status":"publish","comment_status":"closed","ping_status":"closed","post_password":"","post_name":"kim-dong","to_ping":"","pinged":"","post_modified":"2021-02-17 01:31:56","post_modified_gmt":"2021-02-16 23:31:56","post_content_filtered":"","post_parent":0,"guid":"https:\/\/sachviet.eu\/nha-phat-hanh\/kim-dong\/","menu_order":0,"post_type":"publisher","post_mime_type":"","comment_count":"0","filter":"raw"}},"_links":{"self":[{"href":"https:\/\/sachviet.eu\/en\/wp-json\/wp\/v2\/product\/12693","targetHints":{"allow":["GET"]}}],"collection":[{"href":"https:\/\/sachviet.eu\/en\/wp-json\/wp\/v2\/product"}],"about":[{"href":"https:\/\/sachviet.eu\/en\/wp-json\/wp\/v2\/types\/product"}],"wp:featuredmedia":[{"embeddable":true,"href":"https:\/\/sachviet.eu\/en\/wp-json\/wp\/v2\/media\/12692"}],"wp:attachment":[{"href":"https:\/\/sachviet.eu\/en\/wp-json\/wp\/v2\/media?parent=12693"}],"wp:term":[{"taxonomy":"product_brand","embeddable":true,"href":"https:\/\/sachviet.eu\/en\/wp-json\/wp\/v2\/product_brand?post=12693"},{"taxonomy":"product_cat","embeddable":true,"href":"https:\/\/sachviet.eu\/en\/wp-json\/wp\/v2\/product_cat?post=12693"},{"taxonomy":"product_tag","embeddable":true,"href":"https:\/\/sachviet.eu\/en\/wp-json\/wp\/v2\/product_tag?post=12693"}],"curies":[{"name":"wp","href":"https:\/\/api.w.org\/{rel}","templated":true}]}}