{"id":12691,"date":"2021-06-11T23:21:58","date_gmt":"2021-06-11T20:21:58","guid":{"rendered":"https:\/\/sachviet.eu\/shop\/toi-tu-hoc\/"},"modified":"2021-09-09T14:32:33","modified_gmt":"2021-09-09T11:32:33","slug":"toi-tu-hoc","status":"publish","type":"product","link":"https:\/\/sachviet.eu\/en\/shop\/toi-tu-hoc\/","title":{"rendered":"T\u00f4i T\u1ef1 H\u1ecdc"},"content":{"rendered":"<p>S\u00e1ch \u201cT\u00f4i t\u1ef1 h\u1ecdc\u201d c\u1ee7a t\u00e1c gi\u1ea3 Nguy\u1ec5n Duy C\u1ea7n \u0111\u1ec1 c\u1eadp \u0111\u1ebfn kh\u00e1i ni\u1ec7m, m\u1ee5c \u0111\u00edch c\u1ee7a h\u1ecdc v\u1ea5n \u0111\u1ed1i v\u1edbi con ng\u01b0\u1eddi \u0111\u1ed3ng th\u1eddi n\u00eau l\u00ean m\u1ed9t s\u1ed1 ph\u01b0\u01a1ng ph\u00e1p h\u1ecdc t\u1eadp \u0111\u00fang \u0111\u1eafn v\u00e0 hi\u1ec7u qu\u1ea3. T\u00e1c gi\u1ea3 cho r\u1eb1ng gi\u00e1 tr\u1ecb c\u1ee7a h\u1ecdc v\u1ea5n n\u1eb1m \u1edf s\u1ef1 l\u0129nh h\u1ed9i v\u00e0 m\u1edf mang tri th\u1ee9c c\u1ee7a con ng\u01b0\u1eddi ch\u1ee9 kh\u00f4ng \u0111\u01a1n thu\u1ea7n th\u1ec3 hi\u1ec7n tr\u00ean b\u1eb1ng c\u1ea5p. Trong x\u00e3 h\u1ed9i ng\u00e0y nay, kh\u00f4ng \u00edt ng\u01b0\u1eddi qu\u00ean \u0111i \u00fd ngh\u0129a \u0111\u00edch th\u1ef1c c\u1ee7a h\u1ecdc v\u1ea5n, bi\u1ebfn vi\u1ec7c h\u1ecdc c\u1ee7a m\u00ecnh th\u00e0nh c\u00f4ng c\u1ee5 \u0111\u1ec3 ki\u1ebfm ti\u1ec1n nh\u01b0ng th\u1ef1c ra n\u00f3 ch\u1ec9 l\u00e0 ph\u01b0\u01a1ng ti\u1ec7n \u0111\u1ec3 \u0111\u01b0a con ng\u01b0\u1eddi \u0111\u1ebfn th\u00e0nh c\u00f4ng m\u00e0 th\u00f4i. B\u1edfi v\u00ec h\u1ecdc kh\u00f4ng ph\u1ea3i \u0111\u1ec3 l\u1ea5y b\u1eb1ng m\u00e0 h\u1ecdc c\u00f2n \u0111\u1ec3 \u201cbi\u1ebft m\u00ecnh\u201d v\u00e0 \u0111\u1ec3 \u201c\u0111\u1ed1i nh\u00e2n x\u1eed th\u1ebf\u201d.<\/p>\n<p>Cu\u1ed1n s\u00e1ch n\u00e0y tuy \u0111\u00e3 \u0111\u01b0\u1ee3c xu\u1ea5t b\u1ea3n t\u1eeb r\u1ea5t l\u00e2u nh\u01b0ng gi\u00e1 tr\u1ecb c\u1ee7a s\u00e1ch v\u1eabn c\u00f2n nguy\u00ean v\u1eb9n. Nh\u1eefng t\u01b0 t\u01b0\u1edfng, ch\u1ee7 \u0111\u1ec1 c\u1ee7a s\u00e1ch v\u1eabn ph\u00f9 h\u1ee3p v\u00e0 c\u00f3 th\u1ec3 \u00e1p d\u1ee5ng trong \u0111\u1eddi s\u1ed1ng hi\u1ec7n nay. Thi\u1ebft ngh\u0129, cu\u1ed1n s\u00e1ch n\u00e0y r\u1ea5t c\u1ea7n cho m\u1ecdi \u0111\u1ed1i t\u01b0\u1ee3ng b\u1ea1n \u0111\u1ecdc v\u00ec kh\u00f4ng c\u00f3 gi\u1edbi h\u1ea1n n\u00e0o cho vi\u1ec7c truy t\u1ea7m ki\u1ebfn th\u1ee9c, vi\u1ec7c h\u1ecdc l\u00e0 s\u1ef1 nghi\u1ec7p l\u00e2u d\u00e0i c\u1ee7a m\u1ed7i con ng\u01b0\u1eddi. \u0110\u1eb7c bi\u1ec7t, cu\u1ed1n s\u00e1ch l\u00e0 m\u1ed9t t\u00e0i li\u1ec7u qu\u00fd \u0111\u1ec3 c\u00e1c b\u1ea1n h\u1ecdc sinh \u2013 sinh vi\u00ean tham kh\u1ea3o, t\u1ed5 ch\u1ee9c l\u1ea1i vi\u1ec7c h\u1ecdc c\u1ee7a m\u00ecnh m\u1ed9t c\u00e1ch h\u1ee3p l\u00fd v\u00e0 khoa h\u1ecdc. C\u00e1c b\u1eadc ph\u1ee5 huynh c\u0169ng c\u1ea7n tham kh\u1ea3o s\u00e1ch n\u00e0y \u0111\u1ec3 \u0111\u1ecbnh h\u01b0\u1edbng v\u00e0 t\u01b0 v\u1ea5n cho con em m\u00ecnh trong qu\u00e1 tr\u00ecnh h\u1ecdc t\u1eadp.<\/p>\n","protected":false},"excerpt":{"rendered":"<p>S\u00e1ch \u201cT\u00f4i t\u1ef1 h\u1ecdc\u201d c\u1ee7a t\u00e1c gi\u1ea3 Nguy\u1ec5n Duy C\u1ea7n \u0111\u1ec1 c\u1eadp \u0111\u1ebfn kh\u00e1i ni\u1ec7m, m\u1ee5c \u0111\u00edch c\u1ee7a h\u1ecdc v\u1ea5n \u0111\u1ed1i v\u1edbi con ng\u01b0\u1eddi \u0111\u1ed3ng th\u1eddi n\u00eau l\u00ean m\u1ed9t s\u1ed1 ph\u01b0\u01a1ng ph\u00e1p h\u1ecdc t\u1eadp \u0111\u00fang \u0111\u1eafn v\u00e0 hi\u1ec7u qu\u1ea3. T\u00e1c gi\u1ea3 cho r\u1eb1ng gi\u00e1 tr\u1ecb c\u1ee7a h\u1ecdc v\u1ea5n n\u1eb1m \u1edf s\u1ef1 l\u0129nh h\u1ed9i v\u00e0 m\u1edf mang tri th\u1ee9c c\u1ee7a con ng\u01b0\u1eddi ch\u1ee9 kh\u00f4ng \u0111\u01a1n thu\u1ea7n th\u1ec3 hi\u1ec7n tr\u00ean b\u1eb1ng c\u1ea5p. Trong x\u00e3 h\u1ed9i ng\u00e0y nay, kh\u00f4ng \u00edt ng\u01b0\u1eddi qu\u00ean \u0111i \u00fd ngh\u0129a \u0111\u00edch th\u1ef1c c\u1ee7a h\u1ecdc v\u1ea5n, bi\u1ebfn vi\u1ec7c h\u1ecdc c\u1ee7a m\u00ecnh th\u00e0nh c\u00f4ng c\u1ee5 \u0111\u1ec3 ki\u1ebfm ti\u1ec1n nh\u01b0ng th\u1ef1c ra n\u00f3 ch\u1ec9 l\u00e0 ph\u01b0\u01a1ng ti\u1ec7n \u0111\u1ec3 \u0111\u01b0a con ng\u01b0\u1eddi \u0111\u1ebfn th\u00e0nh c\u00f4ng m\u00e0 th\u00f4i. B\u1edfi v\u00ec h\u1ecdc kh\u00f4ng ph\u1ea3i \u0111\u1ec3 l\u1ea5y b\u1eb1ng m\u00e0 h\u1ecdc c\u00f2n \u0111\u1ec3 \u201cbi\u1ebft m\u00ecnh\u201d v\u00e0 \u0111\u1ec3 \u201c\u0111\u1ed1i nh\u00e2n x\u1eed th\u1ebf\u201d.<\/p>\n<p>Cu\u1ed1n s\u00e1ch n\u00e0y tuy \u0111\u00e3 \u0111\u01b0\u1ee3c xu\u1ea5t b\u1ea3n t\u1eeb r\u1ea5t l\u00e2u nh\u01b0ng gi\u00e1 tr\u1ecb c\u1ee7a s\u00e1ch v\u1eabn c\u00f2n nguy\u00ean v\u1eb9n. Nh\u1eefng t\u01b0 t\u01b0\u1edfng, ch\u1ee7 \u0111\u1ec1 c\u1ee7a s\u00e1ch v\u1eabn ph\u00f9 h\u1ee3p v\u00e0 c\u00f3 th\u1ec3 \u00e1p d\u1ee5ng trong \u0111\u1eddi s\u1ed1ng hi\u1ec7n nay. Thi\u1ebft ngh\u0129, cu\u1ed1n s\u00e1ch n\u00e0y r\u1ea5t c\u1ea7n cho m\u1ecdi \u0111\u1ed1i t\u01b0\u1ee3ng b\u1ea1n \u0111\u1ecdc v\u00ec kh\u00f4ng c\u00f3 gi\u1edbi h\u1ea1n n\u00e0o cho vi\u1ec7c truy t\u1ea7m ki\u1ebfn th\u1ee9c, vi\u1ec7c h\u1ecdc l\u00e0 s\u1ef1 nghi\u1ec7p l\u00e2u d\u00e0i c\u1ee7a m\u1ed7i con ng\u01b0\u1eddi. \u0110\u1eb7c bi\u1ec7t, cu\u1ed1n s\u00e1ch l\u00e0 m\u1ed9t t\u00e0i li\u1ec7u qu\u00fd \u0111\u1ec3 c\u00e1c b\u1ea1n h\u1ecdc sinh \u2013 sinh vi\u00ean tham kh\u1ea3o, t\u1ed5 ch\u1ee9c l\u1ea1i vi\u1ec7c h\u1ecdc c\u1ee7a m\u00ecnh m\u1ed9t c\u00e1ch h\u1ee3p l\u00fd v\u00e0 khoa h\u1ecdc. C\u00e1c b\u1eadc ph\u1ee5 huynh c\u0169ng c\u1ea7n tham kh\u1ea3o s\u00e1ch n\u00e0y \u0111\u1ec3 \u0111\u1ecbnh h\u01b0\u1edbng v\u00e0 t\u01b0 v\u1ea5n cho con em m\u00ecnh trong qu\u00e1 tr\u00ecnh h\u1ecdc t\u1eadp.<\/p>\n","protected":false},"featured_media":12680,"template":"","meta":{"_acf_changed":false},"product_brand":[],"product_cat":[17,15,26,46],"product_tag":[],"class_list":{"0":"post-12691","1":"product","2":"type-product","3":"status-publish","4":"has-post-thumbnail","6":"product_cat-sach-danh-cho-cac-be","7":"product_cat-sach-danh-cho-nguoi-lon","8":"product_cat-thieu-nien-11-tuoi-18-tuoi","9":"product_cat-ky-nang-song","11":"first","12":"outofstock","13":"taxable","14":"shipping-taxable","15":"purchasable","16":"product-type-simple"},"supplier_id":null,"supplier_sku":"","barcode":null,"atum_controlled":true,"out_stock_date":"2021-09-09 11:32:33","out_stock_threshold":null,"inheritable":false,"inbound_stock":0,"stock_on_hold":0,"sold_today":0,"sales_last_days":0,"reserved_stock":0,"customer_returns":0,"warehouse_damage":0,"lost_in_post":0,"other_logs":0,"out_stock_days":1602,"lost_sales":0,"has_location":false,"update_date":"2026-01-28T23:10:52","atum_locations":[],"atum_stock_status":"outofstock","restock_status":false,"low_stock_amount":"","sales_update_date":"2026-01-28T23:10:52","calc_backorders":null,"acf":{"publisher":{"ID":1517,"post_author":"1","post_date":"2021-02-17 01:14:41","post_date_gmt":"2021-02-16 23:14:41","post_content":"","post_title":"NXB Tr\u1ebb","post_excerpt":"","post_status":"publish","comment_status":"closed","ping_status":"closed","post_password":"","post_name":"nxb-tre","to_ping":"","pinged":"","post_modified":"2021-02-17 01:14:41","post_modified_gmt":"2021-02-16 23:14:41","post_content_filtered":"","post_parent":0,"guid":"https:\/\/sachviet.eu\/nha-phat-hanh\/nxb-tre\/","menu_order":0,"post_type":"publisher","post_mime_type":"","comment_count":"0","filter":"raw"}},"_links":{"self":[{"href":"https:\/\/sachviet.eu\/en\/wp-json\/wp\/v2\/product\/12691","targetHints":{"allow":["GET"]}}],"collection":[{"href":"https:\/\/sachviet.eu\/en\/wp-json\/wp\/v2\/product"}],"about":[{"href":"https:\/\/sachviet.eu\/en\/wp-json\/wp\/v2\/types\/product"}],"wp:featuredmedia":[{"embeddable":true,"href":"https:\/\/sachviet.eu\/en\/wp-json\/wp\/v2\/media\/12680"}],"wp:attachment":[{"href":"https:\/\/sachviet.eu\/en\/wp-json\/wp\/v2\/media?parent=12691"}],"wp:term":[{"taxonomy":"product_brand","embeddable":true,"href":"https:\/\/sachviet.eu\/en\/wp-json\/wp\/v2\/product_brand?post=12691"},{"taxonomy":"product_cat","embeddable":true,"href":"https:\/\/sachviet.eu\/en\/wp-json\/wp\/v2\/product_cat?post=12691"},{"taxonomy":"product_tag","embeddable":true,"href":"https:\/\/sachviet.eu\/en\/wp-json\/wp\/v2\/product_tag?post=12691"}],"curies":[{"name":"wp","href":"https:\/\/api.w.org\/{rel}","templated":true}]}}