{"id":12679,"date":"2021-06-11T23:20:46","date_gmt":"2021-06-11T20:20:46","guid":{"rendered":"https:\/\/sachviet.eu\/shop\/tiem-sach-con-mua-tap-4\/"},"modified":"2022-01-12T00:47:07","modified_gmt":"2022-01-11T22:47:07","slug":"tiem-sach-con-mua-tap-4","status":"publish","type":"product","link":"https:\/\/sachviet.eu\/en\/shop\/tiem-sach-con-mua-tap-4\/","title":{"rendered":"Ti\u1ec7m S\u00e1ch C\u01a1n M\u01b0a &#8211; T\u1eadp 4"},"content":{"rendered":"<p>Ti\u1ec7m s\u00e1ch C\u01a1n M\u01b0a \u2013 Khu r\u1eebng m\u01b0a n\u1eb1m trong series Ti\u1ec7m s\u00e1ch C\u01a1n M\u01b0a c\u1ee7a t\u00e1c gi\u1ea3 Rieko Hinata v\u00e0 \u0111\u01b0\u1ee3c minh h\u1ecda b\u1edfi h\u1ecda s\u0129 Hisanori Yoshida. Trong m\u1ed7i t\u1eadp \u201cTi\u1ec7m s\u00e1ch C\u01a1n M\u01b0a\u201d \u0111\u1ed9c gi\u1ea3 l\u1ea1i c\u00f3 c\u01a1 h\u1ed9i c\u00f9ng Ruko v\u00e0 em g\u00e1i Sara tr\u1ea3i qua nhi\u1ec1u chuy\u1ebfn phi\u00eau l\u01b0u k\u1ef3 \u1ea3o v\u00e0 kh\u00e1m ph\u00e1 nh\u1eefng s\u1ee9c m\u1ea1nh \u01b0\u1edbc m\u01a1 \u0111\u1eb7c bi\u1ec7t.<\/p>\n<p>Chuy\u1ebfn phi\u00eau l\u01b0u b\u1eaft \u0111\u1ea7u khi hai ch\u1ecb em Ruko v\u00e0 Sara \u0111u\u1ed5i theo m\u1ed9t ng\u01b0\u1eddi \u0111\u00e0n \u00f4ng l\u1ea1 m\u1eb7t \u0111ang t\u00ecm c\u00e1ch \u0111i \u0111\u1ebfn th\u1ebf gi\u1edbi k\u1ebd h\u1edf. Th\u1ebf nh\u01b0ng v\u00ec m\u1ed9t s\u1ef1 c\u1ed1 b\u1ea5t ng\u1edd x\u1ea3y ra m\u00e0 hai ch\u1ecb em Ruko \u0111\u00e3 m\u1ea5t d\u1ea5u ng\u01b0\u1eddi \u0111\u00e0n \u00f4ng \u0111\u00f3, r\u1ed3i \u0111i l\u1ea1c \u0111\u1ebfn \u0111\u1ebfn m\u1ed9t khu v\u01b0\u1eddn k\u1ef3 l\u1ea1 v\u00e0 c\u00f3 th\u00eam nhi\u1ec1u tr\u1ea3i nghi\u1ec7m \u0111\u1ed9c \u0111\u00e1o.<\/p>\n<p>Trong khi \u0111\u00f3, \u1edf ti\u1ec7m s\u00e1ch C\u01a1n M\u01b0a c\u0169ng x\u1ea3y ra m\u1ed9t s\u1ef1 vi\u1ec7c k\u1ef3 l\u1ea1: m\u1ed9t quy\u1ec3n s\u00e1ch m\u01b0a r\u01a1i m\u1edbi, v\u1eeba to v\u00e0 v\u1eeba n\u1eb7ng ch\u01b0a t\u1eebng th\u1ea5y, nh\u01b0ng khi m\u1edf ra th\u00ec b\u00ean trong s\u00e1ch to\u00e0n l\u00e0 gi\u1ea5y tr\u1eafng. \u0110\u00e2y l\u00e0 \u0111i\u1ec1m b\u00e1o v\u1ec1 m\u1ed9t bi\u1ebfn c\u1ed1 l\u1edbn s\u1eafp x\u1ea3y ra trong th\u1ebf gi\u1edbi k\u1ebd h\u1edf.<\/p>\n<p>Bi\u1ebfn c\u1ed1 \u0111\u00f3 l\u00e0 g\u00ec? Ng\u01b0\u1eddi \u0111\u00e0n \u00f4ng l\u1ea1 m\u1eb7t kia l\u00e0 ai? Li\u1ec7u Ruko v\u00e0 nh\u1eefng ng\u01b0\u1eddi b\u1ea1n c\u1ee7a m\u00ecnh c\u00f3 th\u1ec3 t\u00ecm ra l\u1eddi gi\u1ea3i cho nh\u1eefng b\u00ed \u1ea9n \u0111\u00f3 hay kh\u00f4ng? S\u1ee9c m\u1ea1nh \u01b0\u1edbc m\u01a1 m\u00e0 Ruko h\u1eb1ng theo \u0111u\u1ed5i li\u1ec7u c\u00f3 gi\u00fap \u00edch \u0111\u01b0\u1ee3c g\u00ec trong th\u1eed th\u00e1ch l\u1ea7n n\u00e0y? C\u00e1c \u0111\u1ed9c gi\u1ea3 y\u00eau qu\u00fd h\u00e3y c\u00f9ng b\u01b0\u1edbc ch\u00e2n v\u00e0o Ti\u1ec7m s\u00e1ch C\u01a1n M\u01b0a \u2013 Khu r\u1eebng m\u01b0a \u0111\u1ec3 b\u1eaft \u0111\u1ea7u phi\u00eau l\u01b0u c\u00f9ng Ruko nh\u00e9!<\/p>\n","protected":false},"excerpt":{"rendered":"<p>Ti\u1ec7m s\u00e1ch C\u01a1n M\u01b0a \u2013 Khu r\u1eebng m\u01b0a n\u1eb1m trong series Ti\u1ec7m s\u00e1ch C\u01a1n M\u01b0a c\u1ee7a t\u00e1c gi\u1ea3 Rieko Hinata v\u00e0 \u0111\u01b0\u1ee3c minh h\u1ecda b\u1edfi h\u1ecda s\u0129 Hisanori Yoshida. Trong m\u1ed7i t\u1eadp \u201cTi\u1ec7m s\u00e1ch C\u01a1n M\u01b0a\u201d \u0111\u1ed9c gi\u1ea3 l\u1ea1i c\u00f3 c\u01a1 h\u1ed9i c\u00f9ng Ruko v\u00e0 em g\u00e1i Sara tr\u1ea3i qua nhi\u1ec1u chuy\u1ebfn phi\u00eau l\u01b0u k\u1ef3 \u1ea3o v\u00e0 kh\u00e1m ph\u00e1 nh\u1eefng s\u1ee9c m\u1ea1nh \u01b0\u1edbc m\u01a1 \u0111\u1eb7c bi\u1ec7t.<\/p>\n<p>Chuy\u1ebfn phi\u00eau l\u01b0u b\u1eaft \u0111\u1ea7u khi hai ch\u1ecb em Ruko v\u00e0 Sara \u0111u\u1ed5i theo m\u1ed9t ng\u01b0\u1eddi \u0111\u00e0n \u00f4ng l\u1ea1 m\u1eb7t \u0111ang t\u00ecm c\u00e1ch \u0111i \u0111\u1ebfn th\u1ebf gi\u1edbi k\u1ebd h\u1edf. Th\u1ebf nh\u01b0ng v\u00ec m\u1ed9t s\u1ef1 c\u1ed1 b\u1ea5t ng\u1edd x\u1ea3y ra m\u00e0 hai ch\u1ecb em Ruko \u0111\u00e3 m\u1ea5t d\u1ea5u ng\u01b0\u1eddi \u0111\u00e0n \u00f4ng \u0111\u00f3, r\u1ed3i \u0111i l\u1ea1c \u0111\u1ebfn \u0111\u1ebfn m\u1ed9t khu v\u01b0\u1eddn k\u1ef3 l\u1ea1 v\u00e0 c\u00f3 th\u00eam nhi\u1ec1u tr\u1ea3i nghi\u1ec7m \u0111\u1ed9c \u0111\u00e1o.<\/p>\n<p>Trong khi \u0111\u00f3, \u1edf ti\u1ec7m s\u00e1ch C\u01a1n M\u01b0a c\u0169ng x\u1ea3y ra m\u1ed9t s\u1ef1 vi\u1ec7c k\u1ef3 l\u1ea1: m\u1ed9t quy\u1ec3n s\u00e1ch m\u01b0a r\u01a1i m\u1edbi, v\u1eeba to v\u00e0 v\u1eeba n\u1eb7ng ch\u01b0a t\u1eebng th\u1ea5y, nh\u01b0ng khi m\u1edf ra th\u00ec b\u00ean trong s\u00e1ch to\u00e0n l\u00e0 gi\u1ea5y tr\u1eafng. \u0110\u00e2y l\u00e0 \u0111i\u1ec1m b\u00e1o v\u1ec1 m\u1ed9t bi\u1ebfn c\u1ed1 l\u1edbn s\u1eafp x\u1ea3y ra trong th\u1ebf gi\u1edbi k\u1ebd h\u1edf.<\/p>\n<p>Bi\u1ebfn c\u1ed1 \u0111\u00f3 l\u00e0 g\u00ec? Ng\u01b0\u1eddi \u0111\u00e0n \u00f4ng l\u1ea1 m\u1eb7t kia l\u00e0 ai? Li\u1ec7u Ruko v\u00e0 nh\u1eefng ng\u01b0\u1eddi b\u1ea1n c\u1ee7a m\u00ecnh c\u00f3 th\u1ec3 t\u00ecm ra l\u1eddi gi\u1ea3i cho nh\u1eefng b\u00ed \u1ea9n \u0111\u00f3 hay kh\u00f4ng? S\u1ee9c m\u1ea1nh \u01b0\u1edbc m\u01a1 m\u00e0 Ruko h\u1eb1ng theo \u0111u\u1ed5i li\u1ec7u c\u00f3 gi\u00fap \u00edch \u0111\u01b0\u1ee3c g\u00ec trong th\u1eed th\u00e1ch l\u1ea7n n\u00e0y? C\u00e1c \u0111\u1ed9c gi\u1ea3 y\u00eau qu\u00fd h\u00e3y c\u00f9ng b\u01b0\u1edbc ch\u00e2n v\u00e0o Ti\u1ec7m s\u00e1ch C\u01a1n M\u01b0a \u2013 Khu r\u1eebng m\u01b0a \u0111\u1ec3 b\u1eaft \u0111\u1ea7u phi\u00eau l\u01b0u c\u00f9ng Ruko nh\u00e9!<\/p>\n","protected":false},"featured_media":12677,"template":"","meta":{"_acf_changed":false},"product_brand":[],"product_cat":[17,26],"product_tag":[],"class_list":{"0":"post-12679","1":"product","2":"type-product","3":"status-publish","4":"has-post-thumbnail","6":"product_cat-sach-danh-cho-cac-be","7":"product_cat-thieu-nien-11-tuoi-18-tuoi","9":"first","10":"outofstock","11":"taxable","12":"shipping-taxable","13":"purchasable","14":"product-type-simple"},"supplier_id":null,"supplier_sku":"","barcode":null,"atum_controlled":true,"out_stock_date":"2022-01-11 22:47:07","out_stock_threshold":null,"inheritable":false,"inbound_stock":0,"stock_on_hold":0,"sold_today":0,"sales_last_days":0,"reserved_stock":0,"customer_returns":0,"warehouse_damage":0,"lost_in_post":0,"other_logs":0,"out_stock_days":1478,"lost_sales":0,"has_location":false,"update_date":"2026-01-28T23:10:52","atum_locations":[],"atum_stock_status":"outofstock","restock_status":false,"low_stock_amount":"","sales_update_date":"2026-01-28T23:10:51","calc_backorders":null,"acf":{"publisher":{"ID":1453,"post_author":"1","post_date":"2021-02-17 01:11:32","post_date_gmt":"2021-02-16 23:11:32","post_content":"<!-- wp:flatsome\/uxbuilder -->\n<h1 style=\"text-align: center;\"><strong>Qu\u1ea3ng V\u0103n<\/strong><\/h1>\n[row]\n\n[col span=\"6\" span__sm=\"12\"]\n\n[ux_image id=\"1552\" image_size=\"medium\"]\n\n\n[\/col]\n[col span=\"6\" span__sm=\"12\"]\n\n<p><strong>Quangvanbooks<\/strong><br \/>Qu\u1ea3ng V\u0103n l\u00e0 t\u1ed5 h\u1ee3p xu\u1ea5t b\u1ea3n, gi\u00e1o d\u1ee5c v\u00e0 nh\u01b0\u1ee3ng quy\u1ec1n h\u00e0ng \u0111\u1ea7u trong ng\u00e0nh c\u00f4ng nghi\u1ec7p s\u00e1ng t\u1ea1o v\u1edbi c\u00e1c th\u01b0\u01a1ng hi\u1ec7u nh\u00e1nh:<\/p>\n<p>Quangvanbooks - Th\u01b0\u01a1ng hi\u1ec7u s\u00e1ch v\u0103n h\u00f3a gi\u00e1o d\u1ee5c v\u00e0 v\u0103n h\u00f3a gi\u1ea3i tr\u00ed<br \/>Ehomebooks - Th\u01b0\u01a1ng hi\u1ec7u s\u00e1ch gi\u00e1o d\u1ee5c gia \u0111\u00ecnh<br \/>Sakurabooks - Th\u01b0\u01a1ng hi\u1ec7u s\u00e1ch Nh\u1eadt B\u1ea3n<br \/>IPERbooks - Th\u01b0\u01a1ng hi\u1ec7u s\u00e1ch gi\u00e1o d\u1ee5c nh\u00e0 tr\u01b0\u1eddng<br \/>IPER - Vi\u1ec7n nghi\u00ean c\u1ee9u xu\u1ea5t b\u1ea3n v\u00e0 gi\u00e1o d\u1ee5c IPER<\/p>\n<p><strong>T\u1ea7m nh\u00ecn<\/strong><br \/>Tr\u1edf th\u00e0nh th\u01b0\u01a1ng hi\u1ec7u s\u00e1ch v\u0103n h\u00f3a gi\u00e1o d\u1ee5c v\u00e0 v\u0103n h\u00f3a gi\u1ea3i tr\u00ed t\u1ed1t nh\u1ea5t v\u00e0 \u0111a d\u1ea1ng nh\u1ea5t Vi\u1ec7t Nam.<\/p>\n<p><br \/><strong>S\u1ee9 m\u1ec7nh<\/strong><br \/>Mang \u0111\u1ebfn nh\u1eefng cu\u1ed1n s\u00e1ch v\u0103n h\u00f3a gi\u00e1o d\u1ee5c v\u00e0 v\u0103n h\u00f3a gi\u1ea3i tr\u00ed \u0111\u1ebfn v\u1edbi \u0111\u1ed9c gi\u1ea3 Vi\u1ec7t Nam v\u00e0 th\u1ebf gi\u1edbi nh\u1eb1m gi\u00fap \u0111\u1ed9c gi\u1ea3 ph\u00e1t tri\u1ec3n b\u1ea3n th\u00e2n, gi\u00e1o d\u1ee5c, gi\u1ea3i tr\u00ed v\u00e0 khai s\u00e1ng nh\u1eb1m x\u00e2y d\u1ef1ng x\u00e3 h\u1ed9i th\u1ecbnh v\u01b0\u1ee3ng, h\u1ea1nh ph\u00fac.<\/p>\n<p><strong>Gi\u00e1 tr\u1ecb c\u1ed1t l\u00f5i<\/strong><\/p>\n<p>S\u00e1ng t\u1ea1o - Linh ho\u1ea1t - H\u1ee3p t\u00e1c - Ch\u00ednh tr\u1ef1c - Nhi\u1ec7t huy\u1ebft - C\u00e2n b\u1eb1ng - H\u1ea1nh ph\u00fac<\/p>\n\n[\/col]\n\n[\/row]\n\n<!-- \/wp:flatsome\/uxbuilder -->","post_title":"Qu\u1ea3ng V\u0103n","post_excerpt":"","post_status":"publish","comment_status":"closed","ping_status":"closed","post_password":"","post_name":"quang-van","to_ping":"","pinged":"","post_modified":"2021-02-17 01:26:44","post_modified_gmt":"2021-02-16 23:26:44","post_content_filtered":"","post_parent":0,"guid":"https:\/\/sachviet.eu\/nha-phat-hanh\/quang-van\/","menu_order":0,"post_type":"publisher","post_mime_type":"","comment_count":"0","filter":"raw"}},"_links":{"self":[{"href":"https:\/\/sachviet.eu\/en\/wp-json\/wp\/v2\/product\/12679","targetHints":{"allow":["GET"]}}],"collection":[{"href":"https:\/\/sachviet.eu\/en\/wp-json\/wp\/v2\/product"}],"about":[{"href":"https:\/\/sachviet.eu\/en\/wp-json\/wp\/v2\/types\/product"}],"wp:featuredmedia":[{"embeddable":true,"href":"https:\/\/sachviet.eu\/en\/wp-json\/wp\/v2\/media\/12677"}],"wp:attachment":[{"href":"https:\/\/sachviet.eu\/en\/wp-json\/wp\/v2\/media?parent=12679"}],"wp:term":[{"taxonomy":"product_brand","embeddable":true,"href":"https:\/\/sachviet.eu\/en\/wp-json\/wp\/v2\/product_brand?post=12679"},{"taxonomy":"product_cat","embeddable":true,"href":"https:\/\/sachviet.eu\/en\/wp-json\/wp\/v2\/product_cat?post=12679"},{"taxonomy":"product_tag","embeddable":true,"href":"https:\/\/sachviet.eu\/en\/wp-json\/wp\/v2\/product_tag?post=12679"}],"curies":[{"name":"wp","href":"https:\/\/api.w.org\/{rel}","templated":true}]}}