{"id":12659,"date":"2021-06-11T23:19:40","date_gmt":"2021-06-11T20:19:40","guid":{"rendered":"https:\/\/sachviet.eu\/shop\/another-s-0\/"},"modified":"2024-04-18T14:29:39","modified_gmt":"2024-04-18T11:29:39","slug":"another-s-0","status":"publish","type":"product","link":"https:\/\/sachviet.eu\/en\/shop\/another-s-0\/","title":{"rendered":"Another S\/0"},"content":{"rendered":"<p>Another S\/0 l\u00e0 b\u1ed9 truy\u1ec7n g\u1ed3m hai cu\u1ed1n: ti\u1ec3u thuy\u1ebft Another S v\u00e0 manga Another 0, l\u1ea7n l\u01b0\u1ee3t n\u1eb1m v\u00e0o hai th\u1eddi \u0111i\u1ec3m sau v\u00e0 tr\u01b0\u1edbc Another.<\/p>\n<p>L\u1ea5y \u0111i\u1ec3m r\u01a1i l\u00e0 l\u00fac Sakakibara \u0111\u00e3 t\u00ecm ra \u0111\u1ed1i s\u00e1ch \u0111\u1ec3 ch\u1ea5m d\u1ee9t \u201chi\u1ec7n t\u01b0\u1ee3ng\u201d, tr\u1ea3 k\u1ebb \u0111\u00e3 ch\u1ebft v\u1ec1 cho Th\u1ea7n Ch\u1ebft, Another S d\u00f5i theo b\u01b0\u1edbc ch\u00e2n c\u1ee7a Misaki \u0111\u1ebfn bi\u1ec7t th\u1ef1 b\u1edd bi\u1ec3n c\u00e1ch \u0111\u00f3 kh\u00e1 xa. T\u01b0\u1edfng \u0111\u00e3 \u0111\u01b0\u1ee3c ngh\u1ec9 ng\u01a1i sau m\u1ed9t n\u0103m s\u00f3ng gi\u00f3 b\u1ecb xung quanh coi l\u00e0 ng\u01b0\u1eddi c\u00f5i \u00e2m, n\u00e0o ng\u1edd \u1edf \u0111\u00e2y c\u00f4 l\u1ea1i g\u1eb7p m\u1ed9t ti\u1ec1n b\u1ed1i kh\u00f3a tr\u00ean, ng\u01b0\u1eddi \u0111\u00e3 th\u00e1o ch\u1ea1y kh\u1ecfi B\u1eafc Yomi \u0111\u1ec3 tr\u1ed1n tr\u00e1nh tai \u01b0\u01a1ng, nh\u01b0ng cu\u1ed1i c\u00f9ng v\u1eabn kh\u00f4ng tho\u00e1t \u0111\u01b0\u1ee3c v\u1ec7t loang \u0111\u1ecbnh m\u1ec7nh.<\/p>\n<p>R\u1ed1t cu\u1ed9c th\u00ec b\u00e0n tay \u0111en c\u1ee7a \u201chi\u1ec7n t\u01b0\u1ee3ng\u201d B\u1eafc Yomi c\u00f3 th\u1ec3 lan xa \u0111\u1ebfn \u0111\u00e2u, sau khi \u0111\u00e3 s\u1ed1ng l\u00e2u \u0111\u1ebfn hai m\u01b0\u01a1i m\u1ea5y n\u0103m nh\u01b0 th\u1ebf?<\/p>\n<p>Another 0 l\u1ea1i ch\u1ecdn \u0111i\u1ec3m r\u01a1i l\u00e0 tr\u01b0\u1edbc ng\u00e0y Sakakibara \u0111\u1ebfn B\u1eafc Yomi, \u0111\u1eb7t ch\u00e2n v\u00e0o m\u1ea1ng nh\u1ec7n tai \u01b0\u01a1ng c\u1ee7a tr\u01b0\u1eddng, v\u1edbi c\u00e1c chi ti\u1ebft \u0111\u1eadm t\u00ednh b\u00e1o hi\u1ec7u \u0111i\u1ec1m g\u1edf, t\u1eeb m\u1ed9t g\u00f3c nh\u00ecn m\u00e0 sau n\u00e0y ta m\u1edbi nh\u1eadn ra l\u00e0 r\u1ea5t \u0111\u00e1ng th\u01b0\u01a1ng. Another 0 v\u1ed1n l\u00e0 ph\u1ea7n kh\u00f4ng xu\u1ea5t b\u1ea3n ri\u00eang \u1edf Nh\u1eadt, m\u00e0 \u0111\u01b0\u1ee3c \u0111\u00ednh k\u00e8m \u0111\u0129a anime Another, nay \u0111\u01b0\u1ee3c IPM in g\u1ed9p v\u00e0o b\u1ed9 S\/0 n\u00e0y \u0111\u1ec3 \u0111\u1ed9c gi\u1ea3 c\u00f3 c\u00e1i nh\u00ecn ho\u00e0n ch\u1ec9nh v\u1ec1 ba th\u1eddi \u0111i\u1ec3m tr\u01b0\u1edbc\/trong\/sau c\u1ee7a v\u1edf bi k\u1ecbch v\u00f4 t\u00ecnh m\u00e0 th\u00e0nh t\u1ed9i t\u00ecnh c\u1ee7a c\u00e1c h\u1ecdc sinh B\u1eafc Yomi, khi c\u1ed1 n\u00edu k\u00e9o ng\u01b0\u1eddi \u0111\u00e3 ch\u1ebft \u1edf l\u1ea1i th\u1ebf gi\u1edbi kh\u00f4ng c\u00f2n ph\u00f9 h\u1ee3p v\u1edbi h\u1ecd.<\/p>\n<p>\u0110\u1ea7y t\u00ednh chi\u00eam nghi\u1ec7m v\u00e0 \u0111i\u1ec1m b\u00e1o, Another S\/0 c\u00f2n m\u1edf \u0111\u01b0\u1eddng cho Another 2001, khi tai \u01b0\u01a1ng tr\u1edf l\u1ea1i v\u1edbi B\u1eafc Yomi v\u00e0o n\u0103m 2001\u2026<\/p>\n","protected":false},"excerpt":{"rendered":"<p>Another S\/0 l\u00e0 b\u1ed9 truy\u1ec7n g\u1ed3m hai cu\u1ed1n: ti\u1ec3u thuy\u1ebft Another S v\u00e0 manga Another 0, l\u1ea7n l\u01b0\u1ee3t n\u1eb1m v\u00e0o hai th\u1eddi \u0111i\u1ec3m sau v\u00e0 tr\u01b0\u1edbc Another.<\/p>\n<p>L\u1ea5y \u0111i\u1ec3m r\u01a1i l\u00e0 l\u00fac Sakakibara \u0111\u00e3 t\u00ecm ra \u0111\u1ed1i s\u00e1ch \u0111\u1ec3 ch\u1ea5m d\u1ee9t \u201chi\u1ec7n t\u01b0\u1ee3ng\u201d, tr\u1ea3 k\u1ebb \u0111\u00e3 ch\u1ebft v\u1ec1 cho Th\u1ea7n Ch\u1ebft, Another S d\u00f5i theo b\u01b0\u1edbc ch\u00e2n c\u1ee7a Misaki \u0111\u1ebfn bi\u1ec7t th\u1ef1 b\u1edd bi\u1ec3n c\u00e1ch \u0111\u00f3 kh\u00e1 xa. T\u01b0\u1edfng \u0111\u00e3 \u0111\u01b0\u1ee3c ngh\u1ec9 ng\u01a1i sau m\u1ed9t n\u0103m s\u00f3ng gi\u00f3 b\u1ecb xung quanh coi l\u00e0 ng\u01b0\u1eddi c\u00f5i \u00e2m, n\u00e0o ng\u1edd \u1edf \u0111\u00e2y c\u00f4 l\u1ea1i g\u1eb7p m\u1ed9t ti\u1ec1n b\u1ed1i kh\u00f3a tr\u00ean, ng\u01b0\u1eddi \u0111\u00e3 th\u00e1o ch\u1ea1y kh\u1ecfi B\u1eafc Yomi \u0111\u1ec3 tr\u1ed1n tr\u00e1nh tai \u01b0\u01a1ng, nh\u01b0ng cu\u1ed1i c\u00f9ng v\u1eabn kh\u00f4ng tho\u00e1t \u0111\u01b0\u1ee3c v\u1ec7t loang \u0111\u1ecbnh m\u1ec7nh.<\/p>\n<p>R\u1ed1t cu\u1ed9c th\u00ec b\u00e0n tay \u0111en c\u1ee7a \u201chi\u1ec7n t\u01b0\u1ee3ng\u201d B\u1eafc Yomi c\u00f3 th\u1ec3 lan xa \u0111\u1ebfn \u0111\u00e2u, sau khi \u0111\u00e3 s\u1ed1ng l\u00e2u \u0111\u1ebfn hai m\u01b0\u01a1i m\u1ea5y n\u0103m nh\u01b0 th\u1ebf?<\/p>\n<p>Another 0 l\u1ea1i ch\u1ecdn \u0111i\u1ec3m r\u01a1i l\u00e0 tr\u01b0\u1edbc ng\u00e0y Sakakibara \u0111\u1ebfn B\u1eafc Yomi, \u0111\u1eb7t ch\u00e2n v\u00e0o m\u1ea1ng nh\u1ec7n tai \u01b0\u01a1ng c\u1ee7a tr\u01b0\u1eddng, v\u1edbi c\u00e1c chi ti\u1ebft \u0111\u1eadm t\u00ednh b\u00e1o hi\u1ec7u \u0111i\u1ec1m g\u1edf, t\u1eeb m\u1ed9t g\u00f3c nh\u00ecn m\u00e0 sau n\u00e0y ta m\u1edbi nh\u1eadn ra l\u00e0 r\u1ea5t \u0111\u00e1ng th\u01b0\u01a1ng. Another 0 v\u1ed1n l\u00e0 ph\u1ea7n kh\u00f4ng xu\u1ea5t b\u1ea3n ri\u00eang \u1edf Nh\u1eadt, m\u00e0 \u0111\u01b0\u1ee3c \u0111\u00ednh k\u00e8m \u0111\u0129a anime Another, nay \u0111\u01b0\u1ee3c IPM in g\u1ed9p v\u00e0o b\u1ed9 S\/0 n\u00e0y \u0111\u1ec3 \u0111\u1ed9c gi\u1ea3 c\u00f3 c\u00e1i nh\u00ecn ho\u00e0n ch\u1ec9nh v\u1ec1 ba th\u1eddi \u0111i\u1ec3m tr\u01b0\u1edbc\/trong\/sau c\u1ee7a v\u1edf bi k\u1ecbch v\u00f4 t\u00ecnh m\u00e0 th\u00e0nh t\u1ed9i t\u00ecnh c\u1ee7a c\u00e1c h\u1ecdc sinh B\u1eafc Yomi, khi c\u1ed1 n\u00edu k\u00e9o ng\u01b0\u1eddi \u0111\u00e3 ch\u1ebft \u1edf l\u1ea1i th\u1ebf gi\u1edbi kh\u00f4ng c\u00f2n ph\u00f9 h\u1ee3p v\u1edbi h\u1ecd.<\/p>\n<p>\u0110\u1ea7y t\u00ednh chi\u00eam nghi\u1ec7m v\u00e0 \u0111i\u1ec1m b\u00e1o, Another S\/0 c\u00f2n m\u1edf \u0111\u01b0\u1eddng cho Another 2001, khi tai \u01b0\u01a1ng tr\u1edf l\u1ea1i v\u1edbi B\u1eafc Yomi v\u00e0o n\u0103m 2001\u2026<\/p>\n","protected":false},"featured_media":12658,"template":"","meta":{"_acf_changed":false},"product_brand":[],"product_cat":[15,45],"product_tag":[],"class_list":{"0":"post-12659","1":"product","2":"type-product","3":"status-publish","4":"has-post-thumbnail","6":"product_cat-sach-danh-cho-nguoi-lon","7":"product_cat-tieu-thuyet","9":"first","10":"outofstock","11":"taxable","12":"shipping-taxable","13":"purchasable","14":"product-type-simple"},"supplier_id":null,"supplier_sku":"","barcode":null,"atum_controlled":true,"out_stock_date":"2024-04-18 11:29:39","out_stock_threshold":null,"inheritable":false,"inbound_stock":0,"stock_on_hold":0,"sold_today":0,"sales_last_days":0,"reserved_stock":0,"customer_returns":0,"warehouse_damage":0,"lost_in_post":0,"other_logs":0,"out_stock_days":650,"lost_sales":0,"has_location":false,"update_date":"2026-01-28T23:10:51","atum_locations":[],"atum_stock_status":"outofstock","restock_status":false,"low_stock_amount":"","sales_update_date":"2026-01-28T23:10:51","calc_backorders":null,"acf":{"publisher":{"ID":8612,"post_author":"1","post_date":"2021-04-28 14:27:30","post_date_gmt":"2021-04-28 11:27:30","post_content":"","post_title":"IPM","post_excerpt":"","post_status":"publish","comment_status":"closed","ping_status":"closed","post_password":"","post_name":"ipm","to_ping":"","pinged":"","post_modified":"2021-04-28 14:27:30","post_modified_gmt":"2021-04-28 11:27:30","post_content_filtered":"","post_parent":0,"guid":"https:\/\/sachviet.eu\/nha-phat-hanh\/ipm\/","menu_order":0,"post_type":"publisher","post_mime_type":"","comment_count":"0","filter":"raw"}},"_links":{"self":[{"href":"https:\/\/sachviet.eu\/en\/wp-json\/wp\/v2\/product\/12659","targetHints":{"allow":["GET"]}}],"collection":[{"href":"https:\/\/sachviet.eu\/en\/wp-json\/wp\/v2\/product"}],"about":[{"href":"https:\/\/sachviet.eu\/en\/wp-json\/wp\/v2\/types\/product"}],"wp:featuredmedia":[{"embeddable":true,"href":"https:\/\/sachviet.eu\/en\/wp-json\/wp\/v2\/media\/12658"}],"wp:attachment":[{"href":"https:\/\/sachviet.eu\/en\/wp-json\/wp\/v2\/media?parent=12659"}],"wp:term":[{"taxonomy":"product_brand","embeddable":true,"href":"https:\/\/sachviet.eu\/en\/wp-json\/wp\/v2\/product_brand?post=12659"},{"taxonomy":"product_cat","embeddable":true,"href":"https:\/\/sachviet.eu\/en\/wp-json\/wp\/v2\/product_cat?post=12659"},{"taxonomy":"product_tag","embeddable":true,"href":"https:\/\/sachviet.eu\/en\/wp-json\/wp\/v2\/product_tag?post=12659"}],"curies":[{"name":"wp","href":"https:\/\/api.w.org\/{rel}","templated":true}]}}