{"id":12650,"date":"2021-06-11T23:19:17","date_gmt":"2021-06-11T20:19:17","guid":{"rendered":"https:\/\/sachviet.eu\/shop\/com-4-cuon-kinh-van-hoa-chet-choc\/"},"modified":"2021-09-03T01:29:25","modified_gmt":"2021-09-02T22:29:25","slug":"com-4-cuon-kinh-van-hoa-chet-choc","status":"publish","type":"product","link":"https:\/\/sachviet.eu\/en\/shop\/com-4-cuon-kinh-van-hoa-chet-choc\/","title":{"rendered":"Combo 4 cu\u1ed1n &#8211; K\u00ednh V\u1ea1n Hoa Ch\u1ebft Ch\u00f3c"},"content":{"rendered":"<p>Con ng\u01b0\u1eddi ai c\u0169ng ph\u1ea3i ch\u1ebft. C\u00f3 ng\u01b0\u1eddi ch\u1ebft gi\u00e0, c\u00f3 ng\u01b0\u1eddi ch\u1ebft b\u1ea5t \u0111\u1eafc k\u1ef3 t\u1eed: B\u1ec7nh ch\u1ebft, tai n\u1ea1n ch\u1ebft, b\u1ecb s\u00e1t h\u1ea1i, nh\u1ea3y l\u1ea7u ch\u1ebft\u2026 Li\u1ec7u h\u1ecd c\u00f3 c\u00f2n c\u01a1 h\u1ed9i \u0111\u01b0\u1ee3c s\u1ed1ng? C\u00f3, m\u01b0\u1eddi hai c\u00e1nh c\u1eeda \u0111\u01b0\u1ee3c m\u1edf ra, m\u01b0\u1eddi hai th\u1ebf gi\u1edbi. \u0110\u1ebfn v\u1edbi th\u1ebf gi\u1edbi c\u1ee7a c\u1eeda, b\u1ea1n s\u1ebd c\u00f3 cu\u1ed9c \u0111\u1eddi m\u1edbi. Nh\u01b0ng c\u00e1i gi\u00e1 ph\u1ea3i tr\u1ea3 kh\u00f4ng h\u1ec1 r\u1ebb, thua cu\u1ed9c l\u00e0 k\u1ebft th\u00fac c\u1ea3 trong c\u1eeda l\u1eabn ngo\u00e0i \u0111\u1eddi. Li\u1ec7u L\u00e2m Thu Th\u1ea1ch \u2013 m\u1ed9t ki\u1ebfn tr\u00fac s\u01b0 b\u00ecnh th\u01b0\u1eddng c\u00f3 v\u01b0\u1ee3t qua \u0111\u01b0\u1ee3c kh\u00f4ng?<\/p>\n<p>\u201cCh\u1ec9 c\u00f3 ng\u01b0\u1eddi n\u1eafm gi\u1eef ch\u00eca kh\u00f3a, m\u1edbi tho\u00e1t kh\u1ecfi c\u00e1i ch\u1ebft \u0111\u00e3 \u0111\u1ecbnh s\u1eb5n\u201d\u2026<\/p>\n<p>\u0110\u00f4i n\u00e9t t\u00e1c gi\u1ea3<\/p>\n<p>T\u00e2y T\u1eed T\u1eed l\u00e0 t\u00e1c gi\u1ea3 n\u1ed5i ti\u1ebfng c\u1ee7a m\u1ea1ng v\u0103n h\u1ecdc T\u1ea5n Giang. V\u1edbi b\u00fat ph\u00e1p nh\u1eb9 nh\u00e0ng, uy\u1ec3n chuy\u1ec3n, t\u00ecnh ti\u1ebft b\u1ea5t ng\u1edd th\u00fa v\u1ecb, c\u00e1c t\u00e1c ph\u1ea9m c\u1ee7a c\u00f4 \u0111\u00e3 chi\u1ebfm tr\u1ecdn tr\u00e1i tim \u0111\u1ed9c gi\u1ea3.<\/p>\n<p>M\u1ed9t s\u1ed1 t\u00e1c ph\u1ea9m: N\u00f4ng tr\u01b0\u1eddng \u1ea3o t\u01b0\u1edfng (t\u1ea1m d\u1ecbch), Ng\u0169 h\u00e0nh c\u1ee7a t\u00f4i thi\u1ebfu em (t\u1ea1m d\u1ecbch)\u2026<\/p>\n","protected":false},"excerpt":{"rendered":"<p>Con ng\u01b0\u1eddi ai c\u0169ng ph\u1ea3i ch\u1ebft. C\u00f3 ng\u01b0\u1eddi ch\u1ebft gi\u00e0, c\u00f3 ng\u01b0\u1eddi ch\u1ebft b\u1ea5t \u0111\u1eafc k\u1ef3 t\u1eed: B\u1ec7nh ch\u1ebft, tai n\u1ea1n ch\u1ebft, b\u1ecb s\u00e1t h\u1ea1i, nh\u1ea3y l\u1ea7u ch\u1ebft\u2026 Li\u1ec7u h\u1ecd c\u00f3 c\u00f2n c\u01a1 h\u1ed9i \u0111\u01b0\u1ee3c s\u1ed1ng? C\u00f3, m\u01b0\u1eddi hai c\u00e1nh c\u1eeda \u0111\u01b0\u1ee3c m\u1edf ra, m\u01b0\u1eddi hai th\u1ebf gi\u1edbi. \u0110\u1ebfn v\u1edbi th\u1ebf gi\u1edbi c\u1ee7a c\u1eeda, b\u1ea1n s\u1ebd c\u00f3 cu\u1ed9c \u0111\u1eddi m\u1edbi. Nh\u01b0ng c\u00e1i gi\u00e1 ph\u1ea3i tr\u1ea3 kh\u00f4ng h\u1ec1 r\u1ebb, thua cu\u1ed9c l\u00e0 k\u1ebft th\u00fac c\u1ea3 trong c\u1eeda l\u1eabn ngo\u00e0i \u0111\u1eddi. Li\u1ec7u L\u00e2m Thu Th\u1ea1ch \u2013 m\u1ed9t ki\u1ebfn tr\u00fac s\u01b0 b\u00ecnh th\u01b0\u1eddng c\u00f3 v\u01b0\u1ee3t qua \u0111\u01b0\u1ee3c kh\u00f4ng?<\/p>\n<p>\u201cCh\u1ec9 c\u00f3 ng\u01b0\u1eddi n\u1eafm gi\u1eef ch\u00eca kh\u00f3a, m\u1edbi tho\u00e1t kh\u1ecfi c\u00e1i ch\u1ebft \u0111\u00e3 \u0111\u1ecbnh s\u1eb5n\u201d\u2026<\/p>\n","protected":false},"featured_media":12645,"template":"","meta":{"_acf_changed":false},"product_brand":[],"product_cat":[15,72],"product_tag":[],"class_list":{"0":"post-12650","1":"product","2":"type-product","3":"status-publish","4":"has-post-thumbnail","6":"product_cat-sach-danh-cho-nguoi-lon","7":"product_cat-trinh-tham-kinh-di","9":"first","10":"outofstock","11":"taxable","12":"shipping-taxable","13":"purchasable","14":"product-type-simple"},"supplier_id":null,"supplier_sku":"","barcode":null,"atum_controlled":true,"out_stock_date":"2021-09-02 22:29:25","out_stock_threshold":null,"inheritable":false,"inbound_stock":0,"stock_on_hold":0,"sold_today":0,"sales_last_days":0,"reserved_stock":0,"customer_returns":0,"warehouse_damage":0,"lost_in_post":0,"other_logs":0,"out_stock_days":1609,"lost_sales":0,"has_location":false,"update_date":"2026-01-28T23:10:51","atum_locations":[],"atum_stock_status":"outofstock","restock_status":false,"low_stock_amount":"","sales_update_date":"2026-01-28T23:10:51","calc_backorders":null,"acf":{"publisher":{"ID":12644,"post_author":"1","post_date":"2021-06-11 23:19:02","post_date_gmt":"2021-06-11 20:19:02","post_content":"","post_title":"C\u1ea9m Phong","post_excerpt":"","post_status":"publish","comment_status":"closed","ping_status":"closed","post_password":"","post_name":"cam-phong","to_ping":"","pinged":"","post_modified":"2021-06-11 23:19:02","post_modified_gmt":"2021-06-11 20:19:02","post_content_filtered":"","post_parent":0,"guid":"https:\/\/sachviet.eu\/nha-phat-hanh\/cam-phong\/","menu_order":0,"post_type":"publisher","post_mime_type":"","comment_count":"0","filter":"raw"}},"_links":{"self":[{"href":"https:\/\/sachviet.eu\/en\/wp-json\/wp\/v2\/product\/12650","targetHints":{"allow":["GET"]}}],"collection":[{"href":"https:\/\/sachviet.eu\/en\/wp-json\/wp\/v2\/product"}],"about":[{"href":"https:\/\/sachviet.eu\/en\/wp-json\/wp\/v2\/types\/product"}],"wp:featuredmedia":[{"embeddable":true,"href":"https:\/\/sachviet.eu\/en\/wp-json\/wp\/v2\/media\/12645"}],"wp:attachment":[{"href":"https:\/\/sachviet.eu\/en\/wp-json\/wp\/v2\/media?parent=12650"}],"wp:term":[{"taxonomy":"product_brand","embeddable":true,"href":"https:\/\/sachviet.eu\/en\/wp-json\/wp\/v2\/product_brand?post=12650"},{"taxonomy":"product_cat","embeddable":true,"href":"https:\/\/sachviet.eu\/en\/wp-json\/wp\/v2\/product_cat?post=12650"},{"taxonomy":"product_tag","embeddable":true,"href":"https:\/\/sachviet.eu\/en\/wp-json\/wp\/v2\/product_tag?post=12650"}],"curies":[{"name":"wp","href":"https:\/\/api.w.org\/{rel}","templated":true}]}}