{"id":12643,"date":"2021-06-11T23:18:59","date_gmt":"2021-06-11T20:18:59","guid":{"rendered":"https:\/\/sachviet.eu\/shop\/ngu-ngon-hen-mai-nhe-ban-thong-thuong\/"},"modified":"2023-11-27T21:06:01","modified_gmt":"2023-11-27T19:06:01","slug":"ngu-ngon-hen-mai-nhe-ban-thong-thuong","status":"publish","type":"product","link":"https:\/\/sachviet.eu\/en\/shop\/ngu-ngon-hen-mai-nhe-ban-thong-thuong\/","title":{"rendered":"Ng\u1ee7 Ngon, H\u1eb9n Mai Nh\u00e9 (B\u1ea3n Th\u00f4ng Th\u01b0\u1eddng)"},"content":{"rendered":"<p>Ng\u1ee7 ngon, h\u1eb9n mai nh\u00e9 l\u00e0 c\u00e2u chuy\u1ec7n chua x\u00f3t v\u1ec1 m\u1ed9t ng\u01b0\u1eddi nh\u00fat nh\u00e1t kh\u00e9p k\u00edn, \u0111\u00e3 quen s\u1ed1ng trong y\u00ean \u1ea5m v\u00e0 bao b\u1ecdc, b\u1ed7ng b\u1ecb \u0111\u1ea9y b\u1eadt ra \u0111\u1eddi m\u1ed9t l\u1ea7n n\u1eefa sau khi t\u00ecnh c\u1ea3m tan v\u1ee1.<\/p>\n<p>U u\u1ea5t, th\u1ea5t b\u1ea1i v\u00e0 b\u01a1 v\u01a1.<\/p>\n<p>Gi\u1eefa l\u00fac \u1ea5y th\u00ec anh g\u1eb7p c\u1eadu.<\/p>\n<p>R\u1eddi kh\u1ecfi t\u1ed5 \u1ea5m do ng\u01b0\u1eddi kh\u00e1c l\u00e0m cho, anh b\u1eaft \u0111\u1ea7u h\u1ecdc c\u00e1ch t\u1ef1 k\u00e9o k\u00e9n, bao l\u1ea5y s\u1ef1 t\u1ed5n th\u01b0\u01a1ng c\u1ee7a m\u00ecnh, c\u0169ng bao b\u1ecdc c\u1ea3 t\u1ed5n th\u01b0\u01a1ng c\u1ee7a c\u1eadu. Anh b\u1eaft \u0111\u1ea7u t\u00ecnh c\u1ea3m th\u1ee9 hai c\u1ee7a \u0111\u1eddi m\u00ecnh, kh\u00f4ng ph\u1ea3i t\u1eeb s\u1ef1 y\u00eau th\u00edch \u0111\u01a1n thu\u1ea7n, m\u00e0 t\u1eeb s\u1ef1 c\u1ea7n thi\u1ebft nhau.<\/p>\n<p>B\u1eb1ng ng\u00f4n t\u1eeb thi v\u1ecb l\u01a1 l\u1eedng, h\u00e0nh v\u0103n tr\u1ea7m ng\u00e2m d\u1ecbu d\u00e0ng, t\u00ednh c\u00e1ch nh\u00e2n v\u1eadt \u0111\u00f4n h\u1eadu v\u00e0 n\u1ed3ng \u1ea5m, Nagira Yuu \u0111\u00e3 khu\u1ea5y r\u1ea5t nhi\u1ec1u \u00eam \u00e1i v\u00e0o c\u00e2u chuy\u1ec7n n\u00e0y, m\u1ed9t c\u00e2u chuy\u1ec7n kh\u1edfi \u0111\u1ea7u t\u1eeb chua x\u00f3t v\u00e0 b\u1ea5t l\u1ef1c.<\/p>\n<p>Tr\u00edch \u0111o\u1ea1n<\/p>\n<p>\u0110au l\u00f2ng \u0111\u1ebfn v\u1eady sao? C\u1eadu h\u1ecfi.<\/p>\n<p>Ch\u1ec9 trong m\u1ed9t ng\u00e0y, ng\u01b0\u1eddi chung s\u1ed1ng c\u00f9ng anh su\u1ed1t ch\u00edn n\u0103m tr\u1eddi kh\u00f4ng nh\u1eefng n\u00f3i l\u1eddi chia tay m\u00e0 c\u00f2n \u0111u\u1ed5i anh ra kh\u1ecfi nh\u00e0, ch\u1eb3ng c\u00f3 l\u1ea5y m\u1ed9t cu\u1ed9c chuy\u1ec7n tr\u00f2 t\u1eed t\u1ebf. T\u00e2m tr\u1ea1ng n\u00e0y gi\u1ed1ng nh\u01b0 m\u1ed9t ng\u01b0\u1eddi b\u1ecb \u0111\u00e2m t\u1eeb ph\u00eda sau r\u1ed3i v\u1ee9t x\u00e1c b\u00ean \u0111\u01b0\u1eddng, ch\u01b0a k\u1ecbp k\u00eau c\u1ee9u l\u1ea5y m\u1ed9t c\u00e2u.<\/p>\n<p>H\u1ecfi c\u00f3 \u0111au l\u00f2ng kh\u00f4ng?<\/p>\n<p>Anh ta b\u1ecf anh v\u00ec l\u00fd do hi\u1ec3n nhi\u00ean, r\u1eb1ng anh kh\u00f4ng th\u1ec3 c\u00f3 con.<\/p>\n<p>H\u1ecfi c\u00f3 \u0111au l\u00f2ng kh\u00f4ng?<\/p>\n","protected":false},"excerpt":{"rendered":"<p>Ng\u1ee7 ngon, h\u1eb9n mai nh\u00e9 l\u00e0 c\u00e2u chuy\u1ec7n chua x\u00f3t v\u1ec1 m\u1ed9t ng\u01b0\u1eddi nh\u00fat nh\u00e1t kh\u00e9p k\u00edn, \u0111\u00e3 quen s\u1ed1ng trong y\u00ean \u1ea5m v\u00e0 bao b\u1ecdc, b\u1ed7ng b\u1ecb \u0111\u1ea9y b\u1eadt ra \u0111\u1eddi m\u1ed9t l\u1ea7n n\u1eefa sau khi t\u00ecnh c\u1ea3m tan v\u1ee1.<\/p>\n<p>U u\u1ea5t, th\u1ea5t b\u1ea1i v\u00e0 b\u01a1 v\u01a1.<\/p>\n<p>Gi\u1eefa l\u00fac \u1ea5y th\u00ec anh g\u1eb7p c\u1eadu.<\/p>\n<p>R\u1eddi kh\u1ecfi t\u1ed5 \u1ea5m do ng\u01b0\u1eddi kh\u00e1c l\u00e0m cho, anh b\u1eaft \u0111\u1ea7u h\u1ecdc c\u00e1ch t\u1ef1 k\u00e9o k\u00e9n, bao l\u1ea5y s\u1ef1 t\u1ed5n th\u01b0\u01a1ng c\u1ee7a m\u00ecnh, c\u0169ng bao b\u1ecdc c\u1ea3 t\u1ed5n th\u01b0\u01a1ng c\u1ee7a c\u1eadu. Anh b\u1eaft \u0111\u1ea7u t\u00ecnh c\u1ea3m th\u1ee9 hai c\u1ee7a \u0111\u1eddi m\u00ecnh, kh\u00f4ng ph\u1ea3i t\u1eeb s\u1ef1 y\u00eau th\u00edch \u0111\u01a1n thu\u1ea7n, m\u00e0 t\u1eeb s\u1ef1 c\u1ea7n thi\u1ebft nhau.<\/p>\n<p>B\u1eb1ng ng\u00f4n t\u1eeb thi v\u1ecb l\u01a1 l\u1eedng, h\u00e0nh v\u0103n tr\u1ea7m ng\u00e2m d\u1ecbu d\u00e0ng, t\u00ednh c\u00e1ch nh\u00e2n v\u1eadt \u0111\u00f4n h\u1eadu v\u00e0 n\u1ed3ng \u1ea5m, Nagira Yuu \u0111\u00e3 khu\u1ea5y r\u1ea5t nhi\u1ec1u \u00eam \u00e1i v\u00e0o c\u00e2u chuy\u1ec7n n\u00e0y, m\u1ed9t c\u00e2u chuy\u1ec7n kh\u1edfi \u0111\u1ea7u t\u1eeb chua x\u00f3t v\u00e0 b\u1ea5t l\u1ef1c.<\/p>\n","protected":false},"featured_media":12642,"template":"","meta":{"_acf_changed":false},"product_brand":[],"product_cat":[73,15],"product_tag":[],"class_list":{"0":"post-12643","1":"product","2":"type-product","3":"status-publish","4":"has-post-thumbnail","6":"product_cat-dam-my-ngon-tinh","7":"product_cat-sach-danh-cho-nguoi-lon","9":"first","10":"outofstock","11":"taxable","12":"shipping-taxable","13":"purchasable","14":"product-type-simple"},"supplier_id":null,"supplier_sku":"","barcode":null,"atum_controlled":true,"out_stock_date":"2023-11-27 19:06:01","out_stock_threshold":null,"inheritable":false,"inbound_stock":0,"stock_on_hold":0,"sold_today":0,"sales_last_days":0,"reserved_stock":0,"customer_returns":0,"warehouse_damage":0,"lost_in_post":0,"other_logs":0,"out_stock_days":793,"lost_sales":0,"has_location":false,"update_date":"2026-01-28T23:10:51","atum_locations":[],"atum_stock_status":"outofstock","restock_status":false,"low_stock_amount":"","sales_update_date":"2026-01-28T23:10:51","calc_backorders":null,"acf":{"publisher":{"ID":8612,"post_author":"1","post_date":"2021-04-28 14:27:30","post_date_gmt":"2021-04-28 11:27:30","post_content":"","post_title":"IPM","post_excerpt":"","post_status":"publish","comment_status":"closed","ping_status":"closed","post_password":"","post_name":"ipm","to_ping":"","pinged":"","post_modified":"2021-04-28 14:27:30","post_modified_gmt":"2021-04-28 11:27:30","post_content_filtered":"","post_parent":0,"guid":"https:\/\/sachviet.eu\/nha-phat-hanh\/ipm\/","menu_order":0,"post_type":"publisher","post_mime_type":"","comment_count":"0","filter":"raw"}},"_links":{"self":[{"href":"https:\/\/sachviet.eu\/en\/wp-json\/wp\/v2\/product\/12643","targetHints":{"allow":["GET"]}}],"collection":[{"href":"https:\/\/sachviet.eu\/en\/wp-json\/wp\/v2\/product"}],"about":[{"href":"https:\/\/sachviet.eu\/en\/wp-json\/wp\/v2\/types\/product"}],"wp:featuredmedia":[{"embeddable":true,"href":"https:\/\/sachviet.eu\/en\/wp-json\/wp\/v2\/media\/12642"}],"wp:attachment":[{"href":"https:\/\/sachviet.eu\/en\/wp-json\/wp\/v2\/media?parent=12643"}],"wp:term":[{"taxonomy":"product_brand","embeddable":true,"href":"https:\/\/sachviet.eu\/en\/wp-json\/wp\/v2\/product_brand?post=12643"},{"taxonomy":"product_cat","embeddable":true,"href":"https:\/\/sachviet.eu\/en\/wp-json\/wp\/v2\/product_cat?post=12643"},{"taxonomy":"product_tag","embeddable":true,"href":"https:\/\/sachviet.eu\/en\/wp-json\/wp\/v2\/product_tag?post=12643"}],"curies":[{"name":"wp","href":"https:\/\/api.w.org\/{rel}","templated":true}]}}