{"id":12641,"date":"2021-06-11T23:18:53","date_gmt":"2021-06-11T20:18:53","guid":{"rendered":"https:\/\/sachviet.eu\/shop\/nhiet-do-xa-giao\/"},"modified":"2021-06-12T10:53:30","modified_gmt":"2021-06-12T07:53:30","slug":"nhiet-do-xa-giao","status":"publish","type":"product","link":"https:\/\/sachviet.eu\/en\/shop\/nhiet-do-xa-giao\/","title":{"rendered":"Nhi\u1ec7t \u0110\u1ed9 X\u00e3 Giao"},"content":{"rendered":"<p>N\u00e0y, \u00f4ng c\u00f3 bi\u1ebft ng\u01b0\u1eddi ta b\u1ea3o \u2018k\u1ef3 th\u1ecb \u0111\u1ed3ng t\u00ednh t\u1ee9c gay ng\u1ea7m\u2019 kh\u00f4ng?\u201d<br \/>\n\u201cT\u00f4i th\u1ea5y c\u0169ng c\u00f3 l\u00fd ph\u1ebft \u0111\u1ea5y, \u00f4ng ngh\u0129 sao?\u201d<br \/>\nT\u1ed1ng Vi\u1ec5n Tu\u1ea7n \u2013 m\u1ed9t g\u00e3 trai th\u1eb3ng v\u1eeba l\u1ea1nh l\u00f9ng v\u1eeba \u0111\u1eb9p trai nh\u01b0ng l\u1ea1i k\u1ef3 th\u1ecb \u0111\u1ed3ng t\u00ecnh. Qua l\u1eddi k\u1ec3 c\u1ee7a m\u1ed9t ng\u01b0\u1eddi b\u1ea1n m\u00e0 tr\u1edf n\u00ean kh\u00f4ng c\u00f3 thi\u1ec7n c\u1ea3m v\u1edbi du h\u1ecdc sinh trao \u0111\u1ed5i Ph\u01b0\u01a1ng Chi\u00eau M\u1ed9. C\u1ea3m x\u00fac kh\u00f4ng th\u00edch h\u00ecnh th\u00e0nh ngay t\u1eeb khi ch\u01b0a g\u1eb7p m\u1eb7t v\u00e0 c\u00e0ng r\u00f5 r\u00e0ng h\u01a1n \u0111\u1ebfn khi g\u1eb7p b\u1edfi m\u00f9i h\u01b0\u01a1ng qu\u00e1 ng\u1ecdt tr\u00ean c\u01a1 th\u1ec3 c\u1eadu.<br \/>\nPh\u01b0\u01a1ng Chi\u00eau M\u1ed9 &#8211; m\u1ed9t c\u1eadu trai v\u1ed1n d\u0129 r\u1ea5t ho\u1ea1t b\u00e1t, vui v\u1ebb trong cu\u1ed9c s\u1ed1ng nh\u01b0ng v\u00ec s\u1ef1 gh\u00e9t b\u1ecf ng\u1ea7m c\u1ee7a T\u1ed1ng Vi\u1ec5n Tu\u1ea7n m\u00e0 qu\u00e3ng \u0111\u1eddi sinh vi\u00ean trao \u0111\u1ed5i t\u01b0\u1edfng ch\u1eebng nh\u01b0 \u0111\u1eb9p \u0111\u1ebd c\u1ee7a c\u1eadu ho\u00e0n to\u00e0n ch\u1ea5m d\u1ee9t. Tr\u1edf th\u00e0nh m\u1ed9t ng\u01b0\u1eddi kh\u00e9p k\u00edn h\u01a1n, lu\u00f4n thui th\u1ee7i m\u1ed9t m\u00ecnh v\u00e0 b\u1ecb c\u00f4 l\u1eadp.<br \/>\nHai con ng\u01b0\u1eddi t\u01b0\u1edfng ch\u1eebng nh\u01b0 ch\u1eb3ng c\u00f3 n\u1ed5i m\u1ed9t \u0111i\u1ec3m n\u00e0o c\u00f3 th\u1ec3 ch\u1ea1m nhau tr\u00ean cu\u1ed9c \u0111\u1eddi c\u1ee7a h\u1ecd th\u00ec \u00f4ng m\u1ed1i \u2013 Tri\u1ec7u H\u00e0m v\u1eeba tr\u1ef1c ti\u1ebfp l\u1ea1i gi\u00e1n ti\u1ebfp se duy\u00ean cho c\u1ea3 hai qua ph\u1ea7n m\u1ec1m k\u1ebft b\u1ea1n. T\u1eeb \u0111\u00f3 Mu \u2013 Ph\u01b0\u01a1ng Chi\u00eau M\u1ed9 v\u00e0 Andrew \u2013 T\u1ed1ng Vi\u1ec5n Tu\u1ea7n v\u1edbi vai di\u1ec5n l\u00e0 ch\u00e0ng k\u1ef9 s\u01b0 29 tu\u1ed5i quen nhau. Ch\u00ednh nh\u1edd c\u00f3 Andrew m\u00e0 cu\u1ed9c s\u1ed1ng c\u1ee7a Ph\u01b0\u01a1ng Chi\u00eau M\u1ed9 tr\u1edf n\u00ean t\u01b0\u01a1i s\u00e1ng, vui v\u1ebb v\u00e0 c\u00f3 m\u1ee5c \u0111\u00edch h\u01a1n.<br \/>\nNh\u01b0ng n\u1ebfu Mu v\u00e0 Andrew c\u00e0ng ng\u00e0y c\u00e0ng g\u1ea7n nhau h\u01a1n, th\u00e2n c\u1eadn nhau h\u01a1n bao nhi\u1ec1u th\u00ec kho\u1ea3ng c\u00e1ch gi\u1eefa Ph\u01b0\u01a1ng Chi\u00eau M\u1ed9 v\u00e0 T\u1ed1ng Vi\u1ec5n Tu\u1ea7n l\u1ea1i c\u00e1ch xa nhau b\u1ea5y nhi\u00eau\u2026 S\u1ef1 xa l\u00e1nh c\u1ee7a Ph\u01b0\u01a1ng Chi\u00eau M\u1ed9 d\u00e0nh cho T\u1ed1ng Vi\u1ec5n Tu\u1ea7n ch\u00ednh l\u00e0 \u0111i\u1ec1u khi\u1ebfn anh kh\u00f4ng bi\u1ebft ph\u1ea3i l\u00e0m sao \u0111\u1ec3 cho Andrew \u0111\u1ed1i m\u1eb7t v\u1edbi c\u1eadu ngo\u00e0i \u0111\u1eddi.<br \/>\n\u201cM\u1ed9 M\u1ed9,\u201d T\u1ed1ng Vi\u1ec5n Tu\u1ea7n c\u1ea5t ti\u1ebfng, \u201cem c\u1ee9 xem t\u00f4i l\u00e0 Andrew \u0111i. N\u1ebfu c\u00f3 ch\u1ed7 n\u00e0o kh\u00e1c th\u00ec t\u00f4i s\u1ebd thay \u0111\u1ed5i cho gi\u1ed1ng.\u201d<br \/>\n\u201cNh\u1eefng g\u00ec h\u1ed3i tr\u01b0\u1edbc l\u00e0m sai, t\u00f4i s\u1ebd s\u1eeda l\u1ea1i t\u1eebng ch\u00fat m\u1ed9t. Em th\u1ea5y kh\u00f4ng vui th\u00ec m\u1eafng t\u00f4i th\u1ebf n\u00e0o c\u0169ng \u0111\u01b0\u1ee3c.\u201d<br \/>\n\u201cT\u00ecnh c\u1ea3m c\u1ee7a t\u00f4i kh\u00f4ng \u0111\u00e1ng gi\u00e1, em c\u1ee9 mang ra m\u00e0 d\u00f9ng, t\u00ecnh c\u1ea3m c\u1ee7a em r\u1ea5t \u0111\u00e1ng gi\u00e1, n\u00ean em \u0111\u1eebng \u0111\u00f2i l\u1ea5y l\u1ea1i.\u201d<br \/>\nNhi\u1ec7t \u0111\u1ed9 x\u00e3 giao \u2013 Cu\u1ed1n s\u00e1ch nh\u1eb9 nh\u00e0ng, d\u1ecbu d\u00e0ng nh\u01b0ng kh\u00f4ng k\u00e9m ph\u1ea7n th\u1ef1c t\u1ebf m\u00e0 ngo\u00e0i x\u00e3 h\u1ed9i ch\u00fang ta ai c\u0169ng t\u1eebng th\u1ea5y, tr\u1ea3i nghi\u1ec7m v\u1ec1 m\u1ed9t cu\u1ed9c s\u1ed1ng n\u1ecbnh n\u1ecdt, v\u1ee5 l\u1ee3i, c\u00f4 l\u1eadp, di\u1ec5n ra h\u1eb1ng ng\u00e0y. Ch\u1ec9 l\u00e0 ch\u1eb3ng ph\u1ea3i ai c\u0169ng \u0111\u1ee7 may m\u1eafn nh\u01b0 Ph\u01b0\u01a1ng Chi\u00eau M\u1ed9 may m\u1eafn c\u00f3 m\u1ed9t T\u1ed1ng Vi\u1ec5n Tu\u1ea7n y\u00eau th\u01b0\u01a1ng m\u00ecnh!<\/p>\n","protected":false},"excerpt":{"rendered":"<p>N\u00e0y, \u00f4ng c\u00f3 bi\u1ebft ng\u01b0\u1eddi ta b\u1ea3o \u2018k\u1ef3 th\u1ecb \u0111\u1ed3ng t\u00ednh t\u1ee9c gay ng\u1ea7m\u2019 kh\u00f4ng?\u201d<br \/>\n\u201cT\u00f4i th\u1ea5y c\u0169ng c\u00f3 l\u00fd ph\u1ebft \u0111\u1ea5y, \u00f4ng ngh\u0129 sao?\u201d<br \/>\nT\u1ed1ng Vi\u1ec5n Tu\u1ea7n \u2013 m\u1ed9t g\u00e3 trai th\u1eb3ng v\u1eeba l\u1ea1nh l\u00f9ng v\u1eeba \u0111\u1eb9p trai nh\u01b0ng l\u1ea1i k\u1ef3 th\u1ecb \u0111\u1ed3ng t\u00ecnh. Qua l\u1eddi k\u1ec3 c\u1ee7a m\u1ed9t ng\u01b0\u1eddi b\u1ea1n m\u00e0 tr\u1edf n\u00ean kh\u00f4ng c\u00f3 thi\u1ec7n c\u1ea3m v\u1edbi du h\u1ecdc sinh trao \u0111\u1ed5i Ph\u01b0\u01a1ng Chi\u00eau M\u1ed9. C\u1ea3m x\u00fac kh\u00f4ng th\u00edch h\u00ecnh th\u00e0nh ngay t\u1eeb khi ch\u01b0a g\u1eb7p m\u1eb7t v\u00e0 c\u00e0ng r\u00f5 r\u00e0ng h\u01a1n \u0111\u1ebfn khi g\u1eb7p b\u1edfi m\u00f9i h\u01b0\u01a1ng qu\u00e1 ng\u1ecdt tr\u00ean c\u01a1 th\u1ec3 c\u1eadu.<br \/>\nPh\u01b0\u01a1ng Chi\u00eau M\u1ed9 &#8211; m\u1ed9t c\u1eadu trai v\u1ed1n d\u0129 r\u1ea5t ho\u1ea1t b\u00e1t, vui v\u1ebb trong cu\u1ed9c s\u1ed1ng nh\u01b0ng v\u00ec s\u1ef1 gh\u00e9t b\u1ecf ng\u1ea7m c\u1ee7a T\u1ed1ng Vi\u1ec5n Tu\u1ea7n m\u00e0 qu\u00e3ng \u0111\u1eddi sinh vi\u00ean trao \u0111\u1ed5i t\u01b0\u1edfng ch\u1eebng nh\u01b0 \u0111\u1eb9p \u0111\u1ebd c\u1ee7a c\u1eadu ho\u00e0n to\u00e0n ch\u1ea5m d\u1ee9t. Tr\u1edf th\u00e0nh m\u1ed9t ng\u01b0\u1eddi kh\u00e9p k\u00edn h\u01a1n, lu\u00f4n thui th\u1ee7i m\u1ed9t m\u00ecnh v\u00e0 b\u1ecb c\u00f4 l\u1eadp.<br \/>\nHai con ng\u01b0\u1eddi t\u01b0\u1edfng ch\u1eebng nh\u01b0 ch\u1eb3ng c\u00f3 n\u1ed5i m\u1ed9t \u0111i\u1ec3m n\u00e0o c\u00f3 th\u1ec3 ch\u1ea1m nhau tr\u00ean cu\u1ed9c \u0111\u1eddi c\u1ee7a h\u1ecd th\u00ec \u00f4ng m\u1ed1i \u2013 Tri\u1ec7u H\u00e0m v\u1eeba tr\u1ef1c ti\u1ebfp l\u1ea1i gi\u00e1n ti\u1ebfp se duy\u00ean cho c\u1ea3 hai qua ph\u1ea7n m\u1ec1m k\u1ebft b\u1ea1n. T\u1eeb \u0111\u00f3 Mu \u2013 Ph\u01b0\u01a1ng Chi\u00eau M\u1ed9 v\u00e0 Andrew \u2013 T\u1ed1ng Vi\u1ec5n Tu\u1ea7n v\u1edbi vai di\u1ec5n l\u00e0 ch\u00e0ng k\u1ef9 s\u01b0 29 tu\u1ed5i quen nhau. Ch\u00ednh nh\u1edd c\u00f3 Andrew m\u00e0 cu\u1ed9c s\u1ed1ng c\u1ee7a Ph\u01b0\u01a1ng Chi\u00eau M\u1ed9 tr\u1edf n\u00ean t\u01b0\u01a1i s\u00e1ng, vui v\u1ebb v\u00e0 c\u00f3 m\u1ee5c \u0111\u00edch h\u01a1n.<br \/>\nNh\u01b0ng n\u1ebfu Mu v\u00e0 Andrew c\u00e0ng ng\u00e0y c\u00e0ng g\u1ea7n nhau h\u01a1n, th\u00e2n c\u1eadn nhau h\u01a1n bao nhi\u1ec1u th\u00ec kho\u1ea3ng c\u00e1ch gi\u1eefa Ph\u01b0\u01a1ng Chi\u00eau M\u1ed9 v\u00e0 T\u1ed1ng Vi\u1ec5n Tu\u1ea7n l\u1ea1i c\u00e1ch xa nhau b\u1ea5y nhi\u00eau\u2026 S\u1ef1 xa l\u00e1nh c\u1ee7a Ph\u01b0\u01a1ng Chi\u00eau M\u1ed9 d\u00e0nh cho T\u1ed1ng Vi\u1ec5n Tu\u1ea7n ch\u00ednh l\u00e0 \u0111i\u1ec1u khi\u1ebfn anh kh\u00f4ng bi\u1ebft ph\u1ea3i l\u00e0m sao \u0111\u1ec3 cho Andrew \u0111\u1ed1i m\u1eb7t v\u1edbi c\u1eadu ngo\u00e0i \u0111\u1eddi.<br \/>\n\u201cM\u1ed9 M\u1ed9,\u201d T\u1ed1ng Vi\u1ec5n Tu\u1ea7n c\u1ea5t ti\u1ebfng, \u201cem c\u1ee9 xem t\u00f4i l\u00e0 Andrew \u0111i. N\u1ebfu c\u00f3 ch\u1ed7 n\u00e0o kh\u00e1c th\u00ec t\u00f4i s\u1ebd thay \u0111\u1ed5i cho gi\u1ed1ng.\u201d<br \/>\n\u201cNh\u1eefng g\u00ec h\u1ed3i tr\u01b0\u1edbc l\u00e0m sai, t\u00f4i s\u1ebd s\u1eeda l\u1ea1i t\u1eebng ch\u00fat m\u1ed9t. Em th\u1ea5y kh\u00f4ng vui th\u00ec m\u1eafng t\u00f4i th\u1ebf n\u00e0o c\u0169ng \u0111\u01b0\u1ee3c.\u201d<br \/>\n\u201cT\u00ecnh c\u1ea3m c\u1ee7a t\u00f4i kh\u00f4ng \u0111\u00e1ng gi\u00e1, em c\u1ee9 mang ra m\u00e0 d\u00f9ng, t\u00ecnh c\u1ea3m c\u1ee7a em r\u1ea5t \u0111\u00e1ng gi\u00e1, n\u00ean em \u0111\u1eebng \u0111\u00f2i l\u1ea5y l\u1ea1i.\u201d<br \/>\nNhi\u1ec7t \u0111\u1ed9 x\u00e3 giao \u2013 Cu\u1ed1n s\u00e1ch nh\u1eb9 nh\u00e0ng, d\u1ecbu d\u00e0ng nh\u01b0ng kh\u00f4ng k\u00e9m ph\u1ea7n th\u1ef1c t\u1ebf m\u00e0 ngo\u00e0i x\u00e3 h\u1ed9i ch\u00fang ta ai c\u0169ng t\u1eebng th\u1ea5y, tr\u1ea3i nghi\u1ec7m v\u1ec1 m\u1ed9t cu\u1ed9c s\u1ed1ng n\u1ecbnh n\u1ecdt, v\u1ee5 l\u1ee3i, c\u00f4 l\u1eadp, di\u1ec5n ra h\u1eb1ng ng\u00e0y. Ch\u1ec9 l\u00e0 ch\u1eb3ng ph\u1ea3i ai c\u0169ng \u0111\u1ee7 may m\u1eafn nh\u01b0 Ph\u01b0\u01a1ng Chi\u00eau M\u1ed9 may m\u1eafn c\u00f3 m\u1ed9t T\u1ed1ng Vi\u1ec5n Tu\u1ea7n y\u00eau th\u01b0\u01a1ng m\u00ecnh!<\/p>\n","protected":false},"featured_media":12640,"template":"","meta":{"_acf_changed":false},"product_brand":[],"product_cat":[73,15],"product_tag":[],"class_list":{"0":"post-12641","1":"product","2":"type-product","3":"status-publish","4":"has-post-thumbnail","6":"product_cat-dam-my-ngon-tinh","7":"product_cat-sach-danh-cho-nguoi-lon","9":"first","10":"outofstock","11":"taxable","12":"shipping-taxable","13":"purchasable","14":"product-type-simple"},"supplier_id":null,"supplier_sku":"","barcode":null,"atum_controlled":true,"out_stock_date":"2021-06-11 20:18:53","out_stock_threshold":null,"inheritable":false,"inbound_stock":0,"stock_on_hold":0,"sold_today":0,"sales_last_days":0,"reserved_stock":0,"customer_returns":0,"warehouse_damage":0,"lost_in_post":0,"other_logs":0,"out_stock_days":1692,"lost_sales":0,"has_location":false,"update_date":"2026-01-28T23:10:51","atum_locations":[],"atum_stock_status":"outofstock","restock_status":false,"low_stock_amount":"","sales_update_date":"2026-01-28T23:10:51","calc_backorders":null,"acf":{"publisher":{"ID":12625,"post_author":"1","post_date":"2021-06-11 14:39:17","post_date_gmt":"2021-06-11 11:39:17","post_content":"","post_title":"Daisy Books","post_excerpt":"","post_status":"publish","comment_status":"closed","ping_status":"closed","post_password":"","post_name":"daisy-books","to_ping":"","pinged":"","post_modified":"2021-06-11 14:39:17","post_modified_gmt":"2021-06-11 11:39:17","post_content_filtered":"","post_parent":0,"guid":"https:\/\/sachviet.eu\/nha-phat-hanh\/daisy-books\/","menu_order":0,"post_type":"publisher","post_mime_type":"","comment_count":"0","filter":"raw"}},"_links":{"self":[{"href":"https:\/\/sachviet.eu\/en\/wp-json\/wp\/v2\/product\/12641","targetHints":{"allow":["GET"]}}],"collection":[{"href":"https:\/\/sachviet.eu\/en\/wp-json\/wp\/v2\/product"}],"about":[{"href":"https:\/\/sachviet.eu\/en\/wp-json\/wp\/v2\/types\/product"}],"wp:featuredmedia":[{"embeddable":true,"href":"https:\/\/sachviet.eu\/en\/wp-json\/wp\/v2\/media\/12640"}],"wp:attachment":[{"href":"https:\/\/sachviet.eu\/en\/wp-json\/wp\/v2\/media?parent=12641"}],"wp:term":[{"taxonomy":"product_brand","embeddable":true,"href":"https:\/\/sachviet.eu\/en\/wp-json\/wp\/v2\/product_brand?post=12641"},{"taxonomy":"product_cat","embeddable":true,"href":"https:\/\/sachviet.eu\/en\/wp-json\/wp\/v2\/product_cat?post=12641"},{"taxonomy":"product_tag","embeddable":true,"href":"https:\/\/sachviet.eu\/en\/wp-json\/wp\/v2\/product_tag?post=12641"}],"curies":[{"name":"wp","href":"https:\/\/api.w.org\/{rel}","templated":true}]}}