{"id":12639,"date":"2021-06-11T23:18:47","date_gmt":"2021-06-11T20:18:47","guid":{"rendered":"https:\/\/sachviet.eu\/shop\/combo-3-tap-doc-tham-phien-ban-moi\/"},"modified":"2022-12-19T22:06:12","modified_gmt":"2022-12-19T20:06:12","slug":"combo-3-tap-doc-tham-phien-ban-moi","status":"publish","type":"product","link":"https:\/\/sachviet.eu\/en\/shop\/combo-3-tap-doc-tham-phien-ban-moi\/","title":{"rendered":"Combo 3 T\u1eadp: \u0110\u1ecdc Th\u1ea7m &#8211; Phi\u00ean B\u1ea3n M\u1edbi"},"content":{"rendered":"<p>\u201cL\u1edbp v\u1ecf ngo\u00e0i th\u01b0\u1eddng gi\u1ea5u k\u00edn ch\u00e2n t\u01b0\u1edbng kh\u00f4ng \u0111\u1ec3 l\u1ed9 m\u1ed9t ch\u00fat n\u00e0o\u201d (Tr\u00edch \u0110\u1ecdc th\u1ea7m\u201d, Priest)<\/p>\n<p>\u201c\u0110\u1ecdc th\u1ea7m&#8221; l\u00e0 b\u1ed9 ti\u1ec3u thuy\u1ebft n\u1ed5i ti\u1ebfng c\u1ee7a t\u00e1c gi\u1ea3 Priest, m\u1ed9t trong nh\u1eefng n\u1eef t\u00e1c gi\u1ea3 h\u00e0ng \u0111\u1ea7u c\u1ee7a trang v\u0103n h\u1ecdc m\u1ea1ng T\u1ea5n Giang, \u0111\u01b0\u1ee3c Phuc Minh Books mua b\u1ea3n quy\u1ec1n xu\u1ea5t b\u1ea3n t\u1ea1i Vi\u1ec7t Nam v\u00e0 ph\u00e1t h\u00e0nh t\u1eeb th\u00e1ng 11\/2019.<\/p>\n<p>\u201c\u0110\u1ecdc th\u1ea7m\u201d kh\u00f4ng ch\u1ec9 l\u00e0 c\u00e2u chuy\u1ec7n ph\u00e1 \u00e1n hay t\u00ecnh y\u00eau \u0111\u01a1n thu\u1ea7n, n\u00f3 l\u00e0 l\u1eddi th\u00ec th\u1ea7m t\u1eeb d\u01b0\u1edbi v\u1ef1c s\u00e2u\u2026 Trong b\u1ed9 truy\u1ec7n, t\u00e1c gi\u1ea3 \u0111\u00e3 \u0111\u1ec1 c\u1eadp \u0111\u1ebfn nh\u1eefng v\u1ea5n \u0111\u1ec1 x\u00e3 h\u1ed9i v\u00f4 c\u00f9ng n\u00f3ng b\u1ecfng nh\u01b0 s\u1ef1 tho\u00e1i h\u00f3a bi\u1ebfn ch\u1ea5t c\u1ee7a m\u1ed9t b\u1ed9 ph\u1eadn c\u00f4ng an, n\u1ea1n bu\u00f4n b\u00e1n ma t\u00fay, t\u1ed9i ph\u1ea1m \u1ea5u d\u00e2m, b\u1ea1o l\u1ef1c h\u1ecdc \u0111\u01b0\u1eddng, hay s\u1ef1 ph\u00e2n h\u00f3a gi\u00e0u ngh\u00e8o, ph\u00e2n bi\u1ec7t \u0111\u1ed1i x\u1eed, b\u1ea5t c\u00f4ng trong x\u00e3 h\u1ed9<\/p>\n<p>Hai nh\u00e2n v\u1eadt ch\u00ednh trong truy\u1ec7n l\u00e0 Ph\u00ed \u0110\u1ed9 &#8211; ph\u00fa nh\u1ecb \u0111\u1ea1i tu\u1ed5i 20 c\u00f3 thi\u00ean ph\u00fa ph\u1ea1m t\u1ed9i, v\u00e0 \u0110\u1ed9i tr\u01b0\u1edfng \u0110\u1ed9i c\u1ea3nh s\u00e1t L\u1ea1c V\u0103n Chu. H\u1ecd \u0111\u00e3 c\u00f9ng nhau ph\u00e1 gi\u1ea3i th\u00e0nh c\u00f4ng 4 v\u1ee5 \u00e1n l\u1edbn li\u00ean ti\u1ebfp, l\u00e0 nh\u1eefng m\u1eaft x\u00edch quan tr\u1ecdng l\u1eadt m\u1edf ra b\u00ed m\u1eadt kinh ho\u00e0ng \u0111\u1eb1ng sau \u0111\u00f3. \u0110\u1ebfn khi ch\u00e2n t\u01b0\u1edbng \u0111\u00e3 r\u00f5, s\u1ef1 th\u1eadt s\u1ebd khi\u1ebfn b\u1ea1n kh\u00f4ng ng\u1eebng suy ngh\u0129, tr\u0103n tr\u1edf v\u1ec1 t\u1ed9i \u00e1c, v\u1ec1 l\u00f2ng tham c\u1ee7a con ng\u01b0\u1eddi, v\u1ec1 n\u1ed7i \u00e1m \u1ea3nh, ch\u1ea5n th\u01b0\u01a1ng t\u1eeb qu\u00e1 kh\u1ee9 c\u1ee7a m\u1ed7i nh\u00e2n v\u1eadt trong truy\u1ec7n\u2026<\/p>\n<p>\u201c\u0110\u1ecdc Th\u1ea7m\u201d, do Phuc Minh Books ph\u1ed1i h\u1ee3p v\u1edbi Nh\u00e0 xu\u1ea5t b\u1ea3n V\u0103n h\u1ecdc ph\u00e1t h\u00e0nh th\u00e1ng 11\/2019, h\u1ee9a h\u1eb9n l\u00e0 b\u1ed9 truy\u1ec7n \u0111em l\u1ea1i nhi\u1ec1u c\u1ea3m x\u00fac cho b\u1ea1n \u0111\u1ecdc Vi\u1ec7t.<\/p>\n<p>M\u1eddi c\u00e1c b\u1ea1n \u0111\u00f3n \u0111\u1ecdc!<\/p>\n<p>V\u1ec1 t\u00e1c gi\u1ea3 Priest<\/p>\n<p>Priest l\u00e0 m\u1ed9t trong nh\u1eefng t\u00e1c gi\u1ea3 h\u00e0ng \u0111\u1ea7u v\u1ec1 th\u1ec3 lo\u1ea1i truy\u1ec7n ng\u00f4n t\u00ecnh, \u0111am m\u1ef9 tr\u00ean m\u1ea1ng V\u0103n h\u1ecdc T\u1ea5n Giang. V\u0103n phong Priest \u0111i\u00eau luy\u1ec7n, s\u1eafc s\u1ea3o, ph\u1ea7n l\u1edbn c\u00e1c t\u00e1c ph\u1ea9m \u0111\u1ec1u c\u00f3 \u0111\u1eb7c \u0111i\u1ec3m \u201cNg\u00f4n ng\u1eef b\u1ec1 ngo\u00e0i c\u00f3 v\u1ebb h\u00e0i h\u01b0\u1edbc, ch\u00e2m ch\u1ecdc g\u00e2y c\u01b0\u1eddi, th\u1ebf nh\u01b0ng \u1ea9n sau n\u1ee5 c\u01b0\u1eddi v\u00e0 c\u00e2u ch\u1eef \u1ea5y l\u1ea1i mang gi\u1ecdt n\u01b0\u1edbc m\u1eaft\u201d, khi\u1ebfn ta ph\u1ea3i suy ng\u1eabm kh\u00f4ng th\u00f4i.<\/p>\n<p>M\u1ed9t s\u1ed1 t\u00e1c ph\u1ea9m \u0111\u00e3 xu\u1ea5t b\u1ea3n \u1edf Vi\u1ec7t Nam v\u00e0 \u0111\u1ec3 l\u1ea1i \u1ea5n t\u01b0\u1ee3ng cho b\u1ea1n \u0111\u1ecdc: \u201cTh\u1ea5t gia\u201d, \u201cS\u00e1t ph\u00e1 lang\u201d, \u201cC\u00f4 b\u1ea1n g\u00e1i nh\u00fat nh\u00e1t c\u1ee7a t\u00f4i\u201d, \u201c\u0110\u1ea1i Ca\u201d, v\u00e0 \u201c\u0110\u1ecdc th\u1ea7m\u201d l\u00e0 t\u00e1c ph\u1ea9m ti\u1ebfp theo, b\u1ea3n quy\u1ec1n thu\u1ed9c Phuc Minh Books.<\/p>\n","protected":false},"excerpt":{"rendered":"<p>\u201cL\u1edbp v\u1ecf ngo\u00e0i th\u01b0\u1eddng gi\u1ea5u k\u00edn ch\u00e2n t\u01b0\u1edbng kh\u00f4ng \u0111\u1ec3 l\u1ed9 m\u1ed9t ch\u00fat n\u00e0o\u201d (Tr\u00edch \u0110\u1ecdc th\u1ea7m\u201d, Priest)<\/p>\n<p>\u201c\u0110\u1ecdc th\u1ea7m&#8221; l\u00e0 b\u1ed9 ti\u1ec3u thuy\u1ebft n\u1ed5i ti\u1ebfng c\u1ee7a t\u00e1c gi\u1ea3 Priest, m\u1ed9t trong nh\u1eefng n\u1eef t\u00e1c gi\u1ea3 h\u00e0ng \u0111\u1ea7u c\u1ee7a trang v\u0103n h\u1ecdc m\u1ea1ng T\u1ea5n Giang, \u0111\u01b0\u1ee3c Phuc Minh Books mua b\u1ea3n quy\u1ec1n xu\u1ea5t b\u1ea3n t\u1ea1i Vi\u1ec7t Nam v\u00e0 ph\u00e1t h\u00e0nh t\u1eeb th\u00e1ng 11\/2019.<\/p>\n<p>\u201c\u0110\u1ecdc th\u1ea7m\u201d kh\u00f4ng ch\u1ec9 l\u00e0 c\u00e2u chuy\u1ec7n ph\u00e1 \u00e1n hay t\u00ecnh y\u00eau \u0111\u01a1n thu\u1ea7n, n\u00f3 l\u00e0 l\u1eddi th\u00ec th\u1ea7m t\u1eeb d\u01b0\u1edbi v\u1ef1c s\u00e2u\u2026 Trong b\u1ed9 truy\u1ec7n, t\u00e1c gi\u1ea3 \u0111\u00e3 \u0111\u1ec1 c\u1eadp \u0111\u1ebfn nh\u1eefng v\u1ea5n \u0111\u1ec1 x\u00e3 h\u1ed9i v\u00f4 c\u00f9ng n\u00f3ng b\u1ecfng nh\u01b0 s\u1ef1 tho\u00e1i h\u00f3a bi\u1ebfn ch\u1ea5t c\u1ee7a m\u1ed9t b\u1ed9 ph\u1eadn c\u00f4ng an, n\u1ea1n bu\u00f4n b\u00e1n ma t\u00fay, t\u1ed9i ph\u1ea1m \u1ea5u d\u00e2m, b\u1ea1o l\u1ef1c h\u1ecdc \u0111\u01b0\u1eddng, hay s\u1ef1 ph\u00e2n h\u00f3a gi\u00e0u ngh\u00e8o, ph\u00e2n bi\u1ec7t \u0111\u1ed1i x\u1eed, b\u1ea5t c\u00f4ng trong x\u00e3 h\u1ed9<\/p>\n<p>Hai nh\u00e2n v\u1eadt ch\u00ednh trong truy\u1ec7n l\u00e0 Ph\u00ed \u0110\u1ed9 &#8211; ph\u00fa nh\u1ecb \u0111\u1ea1i tu\u1ed5i 20 c\u00f3 thi\u00ean ph\u00fa ph\u1ea1m t\u1ed9i, v\u00e0 \u0110\u1ed9i tr\u01b0\u1edfng \u0110\u1ed9i c\u1ea3nh s\u00e1t L\u1ea1c V\u0103n Chu. H\u1ecd \u0111\u00e3 c\u00f9ng nhau ph\u00e1 gi\u1ea3i th\u00e0nh c\u00f4ng 4 v\u1ee5 \u00e1n l\u1edbn li\u00ean ti\u1ebfp, l\u00e0 nh\u1eefng m\u1eaft x\u00edch quan tr\u1ecdng l\u1eadt m\u1edf ra b\u00ed m\u1eadt kinh ho\u00e0ng \u0111\u1eb1ng sau \u0111\u00f3. \u0110\u1ebfn khi ch\u00e2n t\u01b0\u1edbng \u0111\u00e3 r\u00f5, s\u1ef1 th\u1eadt s\u1ebd khi\u1ebfn b\u1ea1n kh\u00f4ng ng\u1eebng suy ngh\u0129, tr\u0103n tr\u1edf v\u1ec1 t\u1ed9i \u00e1c, v\u1ec1 l\u00f2ng tham c\u1ee7a con ng\u01b0\u1eddi, v\u1ec1 n\u1ed7i \u00e1m \u1ea3nh, ch\u1ea5n th\u01b0\u01a1ng t\u1eeb qu\u00e1 kh\u1ee9 c\u1ee7a m\u1ed7i nh\u00e2n v\u1eadt trong truy\u1ec7n\u2026<\/p>\n<p>\u201c\u0110\u1ecdc Th\u1ea7m\u201d, do Phuc Minh Books ph\u1ed1i h\u1ee3p v\u1edbi Nh\u00e0 xu\u1ea5t b\u1ea3n V\u0103n h\u1ecdc ph\u00e1t h\u00e0nh th\u00e1ng 11\/2019, h\u1ee9a h\u1eb9n l\u00e0 b\u1ed9 truy\u1ec7n \u0111em l\u1ea1i nhi\u1ec1u c\u1ea3m x\u00fac cho b\u1ea1n \u0111\u1ecdc Vi\u1ec7t.<\/p>\n<p>M\u1eddi c\u00e1c b\u1ea1n \u0111\u00f3n \u0111\u1ecdc!<\/p>\n<p>V\u1ec1 t\u00e1c gi\u1ea3 Priest<\/p>\n<p>Priest l\u00e0 m\u1ed9t trong nh\u1eefng t\u00e1c gi\u1ea3 h\u00e0ng \u0111\u1ea7u v\u1ec1 th\u1ec3 lo\u1ea1i truy\u1ec7n ng\u00f4n t\u00ecnh, \u0111am m\u1ef9 tr\u00ean m\u1ea1ng V\u0103n h\u1ecdc T\u1ea5n Giang. V\u0103n phong Priest \u0111i\u00eau luy\u1ec7n, s\u1eafc s\u1ea3o, ph\u1ea7n l\u1edbn c\u00e1c t\u00e1c ph\u1ea9m \u0111\u1ec1u c\u00f3 \u0111\u1eb7c \u0111i\u1ec3m \u201cNg\u00f4n ng\u1eef b\u1ec1 ngo\u00e0i c\u00f3 v\u1ebb h\u00e0i h\u01b0\u1edbc, ch\u00e2m ch\u1ecdc g\u00e2y c\u01b0\u1eddi, th\u1ebf nh\u01b0ng \u1ea9n sau n\u1ee5 c\u01b0\u1eddi v\u00e0 c\u00e2u ch\u1eef \u1ea5y l\u1ea1i mang gi\u1ecdt n\u01b0\u1edbc m\u1eaft\u201d, khi\u1ebfn ta ph\u1ea3i suy ng\u1eabm kh\u00f4ng th\u00f4i.<\/p>\n<p>M\u1ed9t s\u1ed1 t\u00e1c ph\u1ea9m \u0111\u00e3 xu\u1ea5t b\u1ea3n \u1edf Vi\u1ec7t Nam v\u00e0 \u0111\u1ec3 l\u1ea1i \u1ea5n t\u01b0\u1ee3ng cho b\u1ea1n \u0111\u1ecdc: \u201cTh\u1ea5t gia\u201d, \u201cS\u00e1t ph\u00e1 lang\u201d, \u201cC\u00f4 b\u1ea1n g\u00e1i nh\u00fat nh\u00e1t c\u1ee7a t\u00f4i\u201d, \u201c\u0110\u1ea1i Ca\u201d, v\u00e0 \u201c\u0110\u1ecdc th\u1ea7m\u201d l\u00e0 t\u00e1c ph\u1ea9m ti\u1ebfp theo, b\u1ea3n quy\u1ec1n thu\u1ed9c Phuc Minh Books.<\/p>\n","protected":false},"featured_media":12634,"template":"","meta":{"_acf_changed":false},"product_brand":[],"product_cat":[73,15],"product_tag":[85],"class_list":{"0":"post-12639","1":"product","2":"type-product","3":"status-publish","4":"has-post-thumbnail","6":"product_cat-dam-my-ngon-tinh","7":"product_cat-sach-danh-cho-nguoi-lon","8":"product_tag-special-editions","10":"first","11":"instock","12":"taxable","13":"shipping-taxable","14":"purchasable","15":"product-type-simple"},"supplier_id":null,"supplier_sku":"","barcode":null,"atum_controlled":true,"out_stock_date":null,"out_stock_threshold":null,"inheritable":false,"inbound_stock":0,"stock_on_hold":0,"sold_today":0,"sales_last_days":0,"reserved_stock":0,"customer_returns":0,"warehouse_damage":0,"lost_in_post":0,"other_logs":0,"out_stock_days":0,"lost_sales":0,"has_location":false,"update_date":"2026-01-28T23:10:51","atum_locations":[],"atum_stock_status":"instock","restock_status":false,"low_stock_amount":"","sales_update_date":"2026-01-28T23:10:51","calc_backorders":null,"acf":{"publisher":{"ID":12511,"post_author":"1","post_date":"2021-06-11 14:30:05","post_date_gmt":"2021-06-11 11:30:05","post_content":"","post_title":"Ph\u00fac Minh","post_excerpt":"","post_status":"publish","comment_status":"closed","ping_status":"closed","post_password":"","post_name":"phuc-minh","to_ping":"","pinged":"","post_modified":"2021-06-11 14:30:05","post_modified_gmt":"2021-06-11 11:30:05","post_content_filtered":"","post_parent":0,"guid":"https:\/\/sachviet.eu\/nha-phat-hanh\/phuc-minh\/","menu_order":0,"post_type":"publisher","post_mime_type":"","comment_count":"0","filter":"raw"}},"_links":{"self":[{"href":"https:\/\/sachviet.eu\/en\/wp-json\/wp\/v2\/product\/12639","targetHints":{"allow":["GET"]}}],"collection":[{"href":"https:\/\/sachviet.eu\/en\/wp-json\/wp\/v2\/product"}],"about":[{"href":"https:\/\/sachviet.eu\/en\/wp-json\/wp\/v2\/types\/product"}],"wp:featuredmedia":[{"embeddable":true,"href":"https:\/\/sachviet.eu\/en\/wp-json\/wp\/v2\/media\/12634"}],"wp:attachment":[{"href":"https:\/\/sachviet.eu\/en\/wp-json\/wp\/v2\/media?parent=12639"}],"wp:term":[{"taxonomy":"product_brand","embeddable":true,"href":"https:\/\/sachviet.eu\/en\/wp-json\/wp\/v2\/product_brand?post=12639"},{"taxonomy":"product_cat","embeddable":true,"href":"https:\/\/sachviet.eu\/en\/wp-json\/wp\/v2\/product_cat?post=12639"},{"taxonomy":"product_tag","embeddable":true,"href":"https:\/\/sachviet.eu\/en\/wp-json\/wp\/v2\/product_tag?post=12639"}],"curies":[{"name":"wp","href":"https:\/\/api.w.org\/{rel}","templated":true}]}}