{"id":12624,"date":"2021-06-11T14:39:14","date_gmt":"2021-06-11T11:39:14","guid":{"rendered":"https:\/\/sachviet.eu\/shop\/another-tron-bo-2-tap\/"},"modified":"2023-05-22T13:42:20","modified_gmt":"2023-05-22T10:42:20","slug":"another-tron-bo-2-tap","status":"publish","type":"product","link":"https:\/\/sachviet.eu\/en\/shop\/another-tron-bo-2-tap\/","title":{"rendered":"Another (Tr\u1ecdn B\u1ed9 2 T\u1eadp)"},"content":{"rendered":"<p>Another (tr\u1ecdn b\u1ed9 2 t\u1eadp)<\/p>\n<p>Another l\u00e0 c\u00e2u chuy\u1ec7n 3 trong 1: ma, kinh d\u1ecb, h\u1ecdc \u0111\u01b0\u1eddng.<br \/>\nHai m\u01b0\u01a1i s\u00e1u n\u0103m v\u1ec1 tr\u01b0\u1edbc c\u00f3 m\u1ed9t h\u1ecdc sinh ho\u00e0n thi\u1ec7n ho\u00e0n m\u0129. R\u1ea5t \u0111\u1eb9p, r\u1ea5t gi\u1ecfi, r\u1ea5t h\u00f2a \u0111\u1ed3ng, ai c\u0169ng y\u00eau qu\u00fd, nh\u1eefng l\u1eddi t\u00e1n t\u1ee5ng ng\u01b0\u1eddi \u1ea5y \u0111\u01b0\u1ee3c truy\u1ec1n m\u00e3i qua c\u00e1c th\u1ebf h\u1ec7 h\u1ecdc sinh c\u1ee7a tr\u01b0\u1eddng. Nh\u01b0ng t\u00ean \u0111\u1ea7y \u0111\u1ee7 l\u00e0 g\u00ec, ch\u1ebft \u0111i th\u1ebf n\u00e0o, th\u1eadm ch\u00ed gi\u1edbi t\u00ednh ra sao l\u1ea1i kh\u00f4ng m\u1ed9t ai hay bi\u1ebft. Ng\u01b0\u1eddi ta ch\u1ec9 r\u1ec9 tai nhau, b\u1ed7ng nhi\u00ean gi\u1eefa n\u0103m b\u1ea1n \u1ea5y ch\u1ebft, tr\u01b0\u1eddng l\u1edbp kh\u00f4ng sao tho\u00e1t \u0111\u01b0\u1ee3c n\u1ed7i bu\u1ed3n nh\u1edb th\u01b0\u01a1ng, h\u1ecd b\u00e8n c\u01b0 x\u1eed nh\u01b0 th\u1ec3 h\u1ecdc sinh n\u00e0y c\u00f2n t\u1ed3n t\u1ea1i. B\u00e0n gh\u1ebf \u0111\u1ec3 nguy\u00ean, b\u1ea1n c\u00f9ng l\u1edbp v\u1eabn gi\u1ea3 v\u1edd n\u00f3i chuy\u1ec7n v\u1edbi ng\u01b0\u1eddi \u0111\u00e3 khu\u1ea5t.<br \/>\nV\u1ec1 c\u01a1 b\u1ea3n, \u0111\u00e2y l\u00e0 c\u00e1ch \u1ee9ng x\u1eed \u0111\u1eb9p c\u00f3 ph\u1ea7n \u0111\u00e1ng ng\u1ee3i khen. Nh\u01b0ng sau ch\u00f3t, l\u1ea1i k\u00e9o ra m\u1ed9t h\u1ec7 l\u1ee5y gai ng\u01b0\u1eddi.<br \/>\nV\u00e0o l\u1ec5 t\u1ed1t nghi\u1ec7p, c\u1ea3 l\u1edbp ch\u1ee5p chung m\u1ed9t t\u1ea5m \u1ea3nh k\u1ef7 ni\u1ec7m. \u0110\u1ebfn khi xem \u1ea3nh \u0111\u00e3 tr\u00e1ng r\u1eeda, h\u1ecd nh\u1eadn ra m\u1ed9t chuy\u1ec7n. Trong t\u1ea5m \u1ea3nh t\u1eadp th\u1ec3, \u0111\u1ee9ng \u1edf m\u1ed9t g\u00f3c l\u00e0 m\u1ed9t ng\u01b0\u1eddi l\u1ebd ra kh\u00f4ng th\u1ec3 n\u00e0o xu\u1ea5t hi\u1ec7n. M\u1ec9m c\u01b0\u1eddi nh\u01b0 bao ng\u01b0\u1eddi kh\u00e1c, nh\u01b0ng g\u01b0\u01a1ng m\u1eb7t c\u1ee9ng \u0111anh, tr\u01a1 tr\u01a1, t\u00e1i nh\u1ee3t\u2026<br \/>\nT\u00e1c gi\u1ea3<br \/>\nYukito Ayatsuji, sinh n\u0103m 1960 t\u1ea1i Kyoto. Ti\u1ec3u thuy\u1ebft gia kinh d\u1ecb t\u00e2m linh n\u1ed5i ti\u1ebfng c\u1ee7a Nh\u1eadt B\u1ea3n. Th\u00e0nh c\u00f4ng vang d\u1ed9i ngay t\u1eeb t\u00e1c ph\u1ea9m \u0111\u1ea7u tay, V\u1ee5 gi\u1ebft ng\u01b0\u1eddi \u1edf qu\u00e1n Th\u1eadp Gi\u00e1c \u2013 nay \u0111\u00e3 \u0111\u01b0\u1ee3c x\u1ebfp v\u00e0o danh s\u00e1ch 100 ti\u1ec3u thuy\u1ebft huy\u1ec1n b\u00ed c\u1ee7a m\u1ecdi th\u1eddi \u0111\u1ea1i \u1edf Nh\u1eadt, Yukito Ayatsuji lu\u00f4n ch\u00fa \u00fd khai th\u00e1c v\u00e0 v\u1eadn \u0111\u1ed9ng \u0111\u01b0a c\u00e1c y\u1ebfu t\u1ed1 truy\u1ec1n th\u1ed1ng Nh\u1eadt B\u1ea3n v\u00e0o v\u0103n h\u1ecdc hi\u1ec7n \u0111\u1ea1i, m\u00e0 c\u1ee5 th\u1ec3 l\u00e0 kinh d\u1ecb, huy\u1ec1n b\u00ed. Nh\u1edd s\u1ee9c thu h\u00fat l\u00e2u d\u00e0i, \u00e2m \u1ec9, Another sau khi xu\u1ea5t b\u1ea3n \u0111\u00e3 l\u1ea7n l\u01b0\u1ee3t \u0111\u01b0\u1ee3c chuy\u1ec3n th\u1ec3 th\u00e0nh manga, anime v\u00e0 live-action.<\/p>\n","protected":false},"excerpt":{"rendered":"<p>Another (tr\u1ecdn b\u1ed9 2 t\u1eadp)<\/p>\n<p>Another l\u00e0 c\u00e2u chuy\u1ec7n 3 trong 1: ma, kinh d\u1ecb, h\u1ecdc \u0111\u01b0\u1eddng.<br \/>\nHai m\u01b0\u01a1i s\u00e1u n\u0103m v\u1ec1 tr\u01b0\u1edbc c\u00f3 m\u1ed9t h\u1ecdc sinh ho\u00e0n thi\u1ec7n ho\u00e0n m\u0129. R\u1ea5t \u0111\u1eb9p, r\u1ea5t gi\u1ecfi, r\u1ea5t h\u00f2a \u0111\u1ed3ng, ai c\u0169ng y\u00eau qu\u00fd, nh\u1eefng l\u1eddi t\u00e1n t\u1ee5ng ng\u01b0\u1eddi \u1ea5y \u0111\u01b0\u1ee3c truy\u1ec1n m\u00e3i qua c\u00e1c th\u1ebf h\u1ec7 h\u1ecdc sinh c\u1ee7a tr\u01b0\u1eddng. Nh\u01b0ng t\u00ean \u0111\u1ea7y \u0111\u1ee7 l\u00e0 g\u00ec, ch\u1ebft \u0111i th\u1ebf n\u00e0o, th\u1eadm ch\u00ed gi\u1edbi t\u00ednh ra sao l\u1ea1i kh\u00f4ng m\u1ed9t ai hay bi\u1ebft. Ng\u01b0\u1eddi ta ch\u1ec9 r\u1ec9 tai nhau, b\u1ed7ng nhi\u00ean gi\u1eefa n\u0103m b\u1ea1n \u1ea5y ch\u1ebft, tr\u01b0\u1eddng l\u1edbp kh\u00f4ng sao tho\u00e1t \u0111\u01b0\u1ee3c n\u1ed7i bu\u1ed3n nh\u1edb th\u01b0\u01a1ng, h\u1ecd b\u00e8n c\u01b0 x\u1eed nh\u01b0 th\u1ec3 h\u1ecdc sinh n\u00e0y c\u00f2n t\u1ed3n t\u1ea1i. B\u00e0n gh\u1ebf \u0111\u1ec3 nguy\u00ean, b\u1ea1n c\u00f9ng l\u1edbp v\u1eabn gi\u1ea3 v\u1edd n\u00f3i chuy\u1ec7n v\u1edbi ng\u01b0\u1eddi \u0111\u00e3 khu\u1ea5t.<br \/>\nV\u1ec1 c\u01a1 b\u1ea3n, \u0111\u00e2y l\u00e0 c\u00e1ch \u1ee9ng x\u1eed \u0111\u1eb9p c\u00f3 ph\u1ea7n \u0111\u00e1ng ng\u1ee3i khen. Nh\u01b0ng sau ch\u00f3t, l\u1ea1i k\u00e9o ra m\u1ed9t h\u1ec7 l\u1ee5y gai ng\u01b0\u1eddi.<br \/>\nV\u00e0o l\u1ec5 t\u1ed1t nghi\u1ec7p, c\u1ea3 l\u1edbp ch\u1ee5p chung m\u1ed9t t\u1ea5m \u1ea3nh k\u1ef7 ni\u1ec7m. \u0110\u1ebfn khi xem \u1ea3nh \u0111\u00e3 tr\u00e1ng r\u1eeda, h\u1ecd nh\u1eadn ra m\u1ed9t chuy\u1ec7n. Trong t\u1ea5m \u1ea3nh t\u1eadp th\u1ec3, \u0111\u1ee9ng \u1edf m\u1ed9t g\u00f3c l\u00e0 m\u1ed9t ng\u01b0\u1eddi l\u1ebd ra kh\u00f4ng th\u1ec3 n\u00e0o xu\u1ea5t hi\u1ec7n. M\u1ec9m c\u01b0\u1eddi nh\u01b0 bao ng\u01b0\u1eddi kh\u00e1c, nh\u01b0ng g\u01b0\u01a1ng m\u1eb7t c\u1ee9ng \u0111anh, tr\u01a1 tr\u01a1, t\u00e1i nh\u1ee3t\u2026<br \/>\nT\u00e1c gi\u1ea3<br \/>\nYukito Ayatsuji, sinh n\u0103m 1960 t\u1ea1i Kyoto. Ti\u1ec3u thuy\u1ebft gia kinh d\u1ecb t\u00e2m linh n\u1ed5i ti\u1ebfng c\u1ee7a Nh\u1eadt B\u1ea3n. Th\u00e0nh c\u00f4ng vang d\u1ed9i ngay t\u1eeb t\u00e1c ph\u1ea9m \u0111\u1ea7u tay, V\u1ee5 gi\u1ebft ng\u01b0\u1eddi \u1edf qu\u00e1n Th\u1eadp Gi\u00e1c \u2013 nay \u0111\u00e3 \u0111\u01b0\u1ee3c x\u1ebfp v\u00e0o danh s\u00e1ch 100 ti\u1ec3u thuy\u1ebft huy\u1ec1n b\u00ed c\u1ee7a m\u1ecdi th\u1eddi \u0111\u1ea1i \u1edf Nh\u1eadt, Yukito Ayatsuji lu\u00f4n ch\u00fa \u00fd khai th\u00e1c v\u00e0 v\u1eadn \u0111\u1ed9ng \u0111\u01b0a c\u00e1c y\u1ebfu t\u1ed1 truy\u1ec1n th\u1ed1ng Nh\u1eadt B\u1ea3n v\u00e0o v\u0103n h\u1ecdc hi\u1ec7n \u0111\u1ea1i, m\u00e0 c\u1ee5 th\u1ec3 l\u00e0 kinh d\u1ecb, huy\u1ec1n b\u00ed. Nh\u1edd s\u1ee9c thu h\u00fat l\u00e2u d\u00e0i, \u00e2m \u1ec9, Another sau khi xu\u1ea5t b\u1ea3n \u0111\u00e3 l\u1ea7n l\u01b0\u1ee3t \u0111\u01b0\u1ee3c chuy\u1ec3n th\u1ec3 th\u00e0nh manga, anime v\u00e0 live-action.<\/p>\n","protected":false},"featured_media":12623,"template":"","meta":{"_acf_changed":false},"product_brand":[],"product_cat":[15,45],"product_tag":[],"class_list":{"0":"post-12624","1":"product","2":"type-product","3":"status-publish","4":"has-post-thumbnail","6":"product_cat-sach-danh-cho-nguoi-lon","7":"product_cat-tieu-thuyet","9":"first","10":"instock","11":"taxable","12":"shipping-taxable","13":"purchasable","14":"product-type-simple"},"supplier_id":null,"supplier_sku":"","barcode":null,"atum_controlled":true,"out_stock_date":null,"out_stock_threshold":null,"inheritable":false,"inbound_stock":0,"stock_on_hold":0,"sold_today":0,"sales_last_days":0,"reserved_stock":0,"customer_returns":0,"warehouse_damage":0,"lost_in_post":0,"other_logs":0,"out_stock_days":0,"lost_sales":0,"has_location":false,"update_date":"2026-01-28T23:10:51","atum_locations":[],"atum_stock_status":"instock","restock_status":false,"low_stock_amount":"","sales_update_date":"2026-01-28T23:10:51","calc_backorders":null,"acf":{"publisher":{"ID":8612,"post_author":"1","post_date":"2021-04-28 14:27:30","post_date_gmt":"2021-04-28 11:27:30","post_content":"","post_title":"IPM","post_excerpt":"","post_status":"publish","comment_status":"closed","ping_status":"closed","post_password":"","post_name":"ipm","to_ping":"","pinged":"","post_modified":"2021-04-28 14:27:30","post_modified_gmt":"2021-04-28 11:27:30","post_content_filtered":"","post_parent":0,"guid":"https:\/\/sachviet.eu\/nha-phat-hanh\/ipm\/","menu_order":0,"post_type":"publisher","post_mime_type":"","comment_count":"0","filter":"raw"}},"_links":{"self":[{"href":"https:\/\/sachviet.eu\/en\/wp-json\/wp\/v2\/product\/12624","targetHints":{"allow":["GET"]}}],"collection":[{"href":"https:\/\/sachviet.eu\/en\/wp-json\/wp\/v2\/product"}],"about":[{"href":"https:\/\/sachviet.eu\/en\/wp-json\/wp\/v2\/types\/product"}],"wp:featuredmedia":[{"embeddable":true,"href":"https:\/\/sachviet.eu\/en\/wp-json\/wp\/v2\/media\/12623"}],"wp:attachment":[{"href":"https:\/\/sachviet.eu\/en\/wp-json\/wp\/v2\/media?parent=12624"}],"wp:term":[{"taxonomy":"product_brand","embeddable":true,"href":"https:\/\/sachviet.eu\/en\/wp-json\/wp\/v2\/product_brand?post=12624"},{"taxonomy":"product_cat","embeddable":true,"href":"https:\/\/sachviet.eu\/en\/wp-json\/wp\/v2\/product_cat?post=12624"},{"taxonomy":"product_tag","embeddable":true,"href":"https:\/\/sachviet.eu\/en\/wp-json\/wp\/v2\/product_tag?post=12624"}],"curies":[{"name":"wp","href":"https:\/\/api.w.org\/{rel}","templated":true}]}}