{"id":12609,"date":"2021-06-11T14:37:51","date_gmt":"2021-06-11T11:37:51","guid":{"rendered":"https:\/\/sachviet.eu\/shop\/phia-sau-nghi-can-x-tai-ban-2019\/"},"modified":"2023-11-27T21:06:01","modified_gmt":"2023-11-27T19:06:01","slug":"phia-sau-nghi-can-x-tai-ban-2019","status":"publish","type":"product","link":"https:\/\/sachviet.eu\/en\/shop\/phia-sau-nghi-can-x-tai-ban-2019\/","title":{"rendered":"Ph\u00eda Sau Nghi Can X (T\u00e1i B\u1ea3n 2019)"},"content":{"rendered":"<p>\u201cVi\u1ec7c ngh\u0129 ra m\u1ed9t b\u00e0i to\u00e1n v\u00f4 c\u00f9ng kh\u00f3 v\u00e0 vi\u1ec7c gi\u1ea3i b\u00e0i to\u00e1n \u0111\u00f3, vi\u1ec7c n\u00e0o kh\u00f3 h\u01a1n?\u201d<br \/>\nKhi nh\u1ea5n chu\u00f4ng c\u1eeda nh\u00e0 nghi can ch\u00ednh c\u1ee7a m\u1ed9t v\u1ee5 \u00e1n m\u1edbi, \u0111i\u1ec1u tra vi\u00ean Kusanagi kh\u00f4ng bi\u1ebft r\u1eb1ng anh s\u1eafp ph\u1ea3i \u0111\u01b0\u01a1ng \u0111\u1ea7u v\u1edbi m\u1ed9t thi\u00ean t\u00e0i \u1ea9n d\u1eadt. Kusanagi c\u00e0ng kh\u00f4ng th\u1ec3 ng\u1edd r\u1eb1ng, ch\u1ec9 m\u1ed9t c\u00e2u n\u00f3i v\u00f4 th\u01b0\u1edfng v\u00f4 ph\u1ea1t c\u1ee7a anh \u0111\u00e3 k\u00e9o ng\u01b0\u1eddi b\u1ea1n th\u00e2n, Manabu Yukawa, m\u1ed9t ph\u00f3 gi\u00e1o s\u01b0 v\u1eadt l\u00fd t\u00e0i n\u0103ng, v\u00e0o v\u1ee5 \u00e1n. V\u00e0 \u0111i\u1ec1u l\u00e0m s\u1eefng s\u1edd nh\u1ea5t, \u0111\u00f3 l\u00e0 v\u1ee5 \u00e1n kia ch\u1eb3ng qua c\u0169ng ch\u1ec9 nh\u01b0 m\u1ed9t b\u00e0i to\u00e1n c\u1ea5p ba \u0111\u01a1n gi\u1ea3n, tuy nhi\u00ean \u1ea5n s\u1ed1 X khi \u0111\u01b0\u1ee3c ph\u01a1i b\u00e0y ra l\u1ea1i kh\u00f4ng \u0111em \u0111\u1ebfn h\u1ea1nh ph\u00fac cho b\u1ea5t c\u1ee9 ai\u2026<\/p>\n<p>V\u1edbi m\u1ed9t gi\u1ecdng v\u0103n t\u1ec9nh t\u00e1o v\u00e0 dung d\u1ecb, Higashino Keigo \u0111\u00e3 \u0111em \u0111\u1ebfn cho \u0111\u1ed9c gi\u1ea3 h\u01a1n c\u1ea3 m\u1ed9t cu\u1ed1n ti\u1ec3u thuy\u1ebft trinh th\u00e1m. M\u00f4 t\u1ea3 t\u1ed9i \u00e1c kh\u00f4ng ph\u1ea3i \u0111i\u1ec1u h\u1ea5p d\u1eabn nh\u1ea5t \u1edf \u0111\u00e2y, m\u00e0 c\u00f2n l\u00e0 nh\u1eefng gi\u1eb1ng x\u00e9 n\u1ed9i t\u00e2m th\u1ea7m k\u00edn, nh\u1eefng nh\u00e2n v\u1eadt b\u00ecnh d\u1ecb, v\u00e0 s\u1ef1 quan t\u00e2m s\u00e2u sa t\u1edbi con ng\u01b0\u1eddi. T\u00e1c ph\u1ea9m \u0111\u00e3 \u0111em l\u1ea1i cho Higashino Keigo Gi\u1ea3i Naoki l\u1ea7n th\u1ee9 134, m\u1ed9t  gi\u1ea3i th\u01b0\u1edfng v\u0103n h\u1ecdc l\u00e2u \u0111\u1eddi s\u00e1nh ngang gi\u1ea3i Akutagawa t\u1ea1i Nh\u1eadt.<\/p>\n<p>*****<br \/>\n\u201cCu\u1ed1n ti\u1ec3u thuy\u1ebft \u0111\u1ed9c \u0111\u00e1o \u1edf ch\u1ed7 ngay t\u1eeb \u0111\u1ea7u n\u00f3 \u0111\u00e3 v\u1ebd ra to\u00e0n c\u1ea3nh c\u00e2u chuy\u1ec7n, b\u1ea1n c\u00f3 th\u1ec3 d\u1ec5 d\u00e0ng bi\u1ebft ai l\u00e0 th\u1ee7 ph\u1ea1m, nh\u01b0ng c\u00e1ch th\u1ee9c ph\u1ea1m t\u1ed9i c\u1ee7a th\u1ee7 ph\u1ea1m m\u1edbi l\u00e0 v\u1ea5n \u0111\u1ec1. Li\u1ec7u b\u1ea1n c\u00f3 d\u00e1m ch\u1eafc m\u00ecnh kh\u00f4ng sa v\u00e0o c\u00e1i b\u1eaby c\u1ee7a t\u01b0 duy logic?\u201d &#8211; Richard Lim Jr &#8211; Xclusive.com<\/p>\n<p>\u201cD\u1eabu kh\u00f4ng c\u00f3 nh\u1eefng t\u00ecnh ti\u1ebft gay c\u1ea5n \u0111\u1ebfn ngh\u1eb9t th\u1edf nh\u01b0ng ng\u01b0\u1eddi \u0111\u1ecdc ch\u1eafc ch\u1eafn s\u1ebd th\u1ea5y th\u1ecfa m\u00e3n v\u1edbi cu\u1ed1n s\u00e1ch n\u00e0y. Kh\u00f4ng ch\u1ec9 l\u00e0 m\u1ed9t cu\u1ed1n ti\u1ec3u thuy\u1ebft trinh th\u00e1m th\u00f4ng th\u01b0\u1eddng, Ph\u00eda sau nghi can X c\u00f2n l\u00e0 m\u1ed9t c\u00e2u chuy\u1ec7n v\u1ec1 t\u00ecnh y\u00eau, v\u1ec1 m\u1ed1i quan h\u1ec7 kh\u0103ng kh\u00edt nh\u01b0ng v\u00f4 c\u00f9ng kh\u1eafc nghi\u1ec7t gi\u1eefa l\u00fd tr\u00ed v\u00e0 t\u00ecnh c\u1ea3m trong m\u1ed9t con ng\u01b0\u1eddi. Qua \u0111\u00f3, ta c\u0169ng t\u1ef1 \u0111\u1eb7t ra cho ch\u00ednh m\u00ecnh m\u1ed9t c\u00e2u h\u1ecfi, \u2018V\u00ec t\u00ecnh y\u00eau, con ng\u01b0\u1eddi ta c\u00f3 th\u1ec3 \u0111i xa \u0111\u1ebfn \u0111\u00e2u?\u2019\u201d &#8211; Stefan S &#8211; A Nutshell Review<\/p>\n<p>\u201cPh\u00eda sau nghi can X g\u00e2y h\u1ee9ng th\u00fa cho ng\u01b0\u1eddi \u0111\u1ecdc b\u1edfi n\u00f3 kh\u00e1c r\u1ea5t nhi\u1ec1u so v\u1edbi nh\u1eefng cu\u1ed1n trinh th\u00e1m th\u00f4ng th\u01b0\u1eddng. Thay v\u00ec t\u1eadp trung mi\u00eau t\u1ea3 t\u1ed9i \u00e1c, cu\u1ed1n ti\u1ec3u thuy\u1ebft ch\u00fa tr\u1ecdng h\u01a1n v\u00e0o con ng\u01b0\u1eddi, nh\u1eefng m\u1ed1i quan h\u1ec7 k\u1ef3 l\u1ea1 v\u00e0 ho\u00e0n c\u1ea3nh \u00e9o le c\u1ee7a t\u1eebng nh\u00e2n v\u1eadt. C\u00e0ng th\u00fa v\u1ecb h\u01a1n n\u1eefa, c\u00e2u chuy\u1ec7n \u0111\u1ea7y t\u00ednh nh\u00e2n v\u0103n n\u00e0y l\u1ea1i \u0111\u01b0\u1ee3c m\u00f4 t\u1ea3 d\u01b0\u1edbi g\u00f3c nh\u00ecn \u0111\u1ea7y l\u00fd tr\u00ed c\u1ee7a to\u00e1n h\u1ecdc v\u00e0 v\u1eadt l\u00fd.\u201d &#8211; Sophia Lee \u2013 Phoenix Plume<\/p>\n","protected":false},"excerpt":{"rendered":"<p>\u201cVi\u1ec7c ngh\u0129 ra m\u1ed9t b\u00e0i to\u00e1n v\u00f4 c\u00f9ng kh\u00f3 v\u00e0 vi\u1ec7c gi\u1ea3i b\u00e0i to\u00e1n \u0111\u00f3, vi\u1ec7c n\u00e0o kh\u00f3 h\u01a1n?\u201d<br \/>\nKhi nh\u1ea5n chu\u00f4ng c\u1eeda nh\u00e0 nghi can ch\u00ednh c\u1ee7a m\u1ed9t v\u1ee5 \u00e1n m\u1edbi, \u0111i\u1ec1u tra vi\u00ean Kusanagi kh\u00f4ng bi\u1ebft r\u1eb1ng anh s\u1eafp ph\u1ea3i \u0111\u01b0\u01a1ng \u0111\u1ea7u v\u1edbi m\u1ed9t thi\u00ean t\u00e0i \u1ea9n d\u1eadt. Kusanagi c\u00e0ng kh\u00f4ng th\u1ec3 ng\u1edd r\u1eb1ng, ch\u1ec9 m\u1ed9t c\u00e2u n\u00f3i v\u00f4 th\u01b0\u1edfng v\u00f4 ph\u1ea1t c\u1ee7a anh \u0111\u00e3 k\u00e9o ng\u01b0\u1eddi b\u1ea1n th\u00e2n, Manabu Yukawa, m\u1ed9t ph\u00f3 gi\u00e1o s\u01b0 v\u1eadt l\u00fd t\u00e0i n\u0103ng, v\u00e0o v\u1ee5 \u00e1n. V\u00e0 \u0111i\u1ec1u l\u00e0m s\u1eefng s\u1edd nh\u1ea5t, \u0111\u00f3 l\u00e0 v\u1ee5 \u00e1n kia ch\u1eb3ng qua c\u0169ng ch\u1ec9 nh\u01b0 m\u1ed9t b\u00e0i to\u00e1n c\u1ea5p ba \u0111\u01a1n gi\u1ea3n, tuy nhi\u00ean \u1ea5n s\u1ed1 X khi \u0111\u01b0\u1ee3c ph\u01a1i b\u00e0y ra l\u1ea1i kh\u00f4ng \u0111em \u0111\u1ebfn h\u1ea1nh ph\u00fac cho b\u1ea5t c\u1ee9 ai\u2026<\/p>\n<p>V\u1edbi m\u1ed9t gi\u1ecdng v\u0103n t\u1ec9nh t\u00e1o v\u00e0 dung d\u1ecb, Higashino Keigo \u0111\u00e3 \u0111em \u0111\u1ebfn cho \u0111\u1ed9c gi\u1ea3 h\u01a1n c\u1ea3 m\u1ed9t cu\u1ed1n ti\u1ec3u thuy\u1ebft trinh th\u00e1m. M\u00f4 t\u1ea3 t\u1ed9i \u00e1c kh\u00f4ng ph\u1ea3i \u0111i\u1ec1u h\u1ea5p d\u1eabn nh\u1ea5t \u1edf \u0111\u00e2y, m\u00e0 c\u00f2n l\u00e0 nh\u1eefng gi\u1eb1ng x\u00e9 n\u1ed9i t\u00e2m th\u1ea7m k\u00edn, nh\u1eefng nh\u00e2n v\u1eadt b\u00ecnh d\u1ecb, v\u00e0 s\u1ef1 quan t\u00e2m s\u00e2u sa t\u1edbi con ng\u01b0\u1eddi. T\u00e1c ph\u1ea9m \u0111\u00e3 \u0111em l\u1ea1i cho Higashino Keigo Gi\u1ea3i Naoki l\u1ea7n th\u1ee9 134, m\u1ed9t  gi\u1ea3i th\u01b0\u1edfng v\u0103n h\u1ecdc l\u00e2u \u0111\u1eddi s\u00e1nh ngang gi\u1ea3i Akutagawa t\u1ea1i Nh\u1eadt.<\/p>\n","protected":false},"featured_media":12596,"template":"","meta":{"_acf_changed":false},"product_brand":[],"product_cat":[15,72],"product_tag":[],"class_list":{"0":"post-12609","1":"product","2":"type-product","3":"status-publish","4":"has-post-thumbnail","6":"product_cat-sach-danh-cho-nguoi-lon","7":"product_cat-trinh-tham-kinh-di","9":"first","10":"outofstock","11":"taxable","12":"shipping-taxable","13":"purchasable","14":"product-type-simple"},"supplier_id":null,"supplier_sku":"","barcode":null,"atum_controlled":true,"out_stock_date":"2023-11-27 19:06:01","out_stock_threshold":null,"inheritable":false,"inbound_stock":0,"stock_on_hold":0,"sold_today":0,"sales_last_days":0,"reserved_stock":0,"customer_returns":0,"warehouse_damage":0,"lost_in_post":0,"other_logs":0,"out_stock_days":793,"lost_sales":0,"has_location":false,"update_date":"2026-01-28T23:10:51","atum_locations":[],"atum_stock_status":"outofstock","restock_status":false,"low_stock_amount":"","sales_update_date":"2026-01-28T23:10:51","calc_backorders":null,"acf":{"publisher":{"ID":1424,"post_author":"1","post_date":"2021-02-17 00:02:29","post_date_gmt":"2021-02-16 22:02:29","post_content":"<!-- wp:flatsome\/uxbuilder -->\n<h1 style=\"text-align: center\"><strong>Nh\u00e3 Nam<\/strong><\/h1>\n[row]\n\n[col span=\"6\" span__sm=\"12\"]\n\n[ux_image id=\"1438\" image_size=\"medium\"]\n\n\n[\/col]\n[col span=\"6\" span__sm=\"12\"]\n\n<p><strong>C\u00f4ng ty c\u1ed5 ph\u1ea7n V\u0103n h\u00f3a v\u00e0 Truy\u1ec1n th\u00f4ng Nh\u00e3 Nam<\/strong><\/p>\n<p>Th\u00e1ng 2 n\u0103m 2005, Nh\u00e3 Nam, t\u00ean \u0111\u1ea7y \u0111\u1ee7 l\u00e0 C\u00f4ng ty C\u1ed5 ph\u1ea7n V\u0103n h\u00f3a v\u00e0 Truy\u1ec1n th\u00f4ng Nh\u00e3 Nam \u0111\u00e3 gia nh\u1eadp th\u1ecb tr\u01b0\u1eddng s\u00e1ch. T\u00e1c ph\u1ea9m \"Balzac v\u00e0 c\u00f4 b\u00e9 th\u1ee3 may Trung hoa\" c\u1ee7a \u0110\u1edbi T\u01b0 Ki\u1ec7t l\u00e0 cu\u1ed1n s\u00e1ch \u0111\u1ea7u ti\u00ean \u0111\u01b0\u1ee3c nh\u1eefng ng\u01b0\u1eddi s\u00e1ng l\u1eadp Nh\u00e3 Nam xu\u1ea5t b\u1ea3n c\u1ea3 tr\u01b0\u1edbc khi c\u00f4ng ty ra \u0111\u1eddi. Ngay l\u1eadp t\u1ee9c t\u1eeb cu\u1ed1n s\u00e1ch \u0111\u1ea7u ti\u00ean, \u0111\u1ed9c gi\u1ea3 \u0111\u00e3 d\u00e0nh s\u1ef1 quan t\u00e2m v\u00e0 y\u00eau m\u1ebfn cho m\u1ed9t th\u01b0\u01a1ng hi\u1ec7u s\u00e1ch m\u1edbi m\u1ebb mang trong m\u00ecnh kh\u00e1t v\u1ecdng g\u00f3p ph\u1ea7n t\u1ea1o l\u1eadp di\u1ec7n m\u1ea1o m\u1edbi cho xu\u1ea5t b\u1ea3n v\u0103n h\u1ecdc t\u1ea1i Vi\u1ec7t Nam.<\/p>\n<p>L\u00f2ng say m\u00ea c\u1ee7a \u0111\u1ed9i ng\u0169 l\u00e0 vi\u00ean \u0111\u00e1 \u0111\u1ea7u ti\u00ean. Tr\u1ea3i qua m\u1ea5y n\u0103m ph\u00e1t tri\u1ec3n, Nh\u00e3 Nam \u0111\u00e3 \u0111\u01b0\u1ee3c x\u00e2y d\u1ef1ng d\u1ea7n l\u00ean trong di\u1ec7n m\u1ea1o m\u1ed9t nh\u00e0 xu\u1ea5t b\u1ea3n v\u1eefng ch\u00e3i v\u00e0 chuy\u00ean nghi\u1ec7p. S\u00e1u th\u00e1ng sau khi th\u00e0nh l\u1eadp c\u00f4ng ty, Nh\u1eadt k\u00fd \u0110\u1eb7ng Th\u00f9y Tr\u00e2m ra \u0111\u1eddi, t\u1ea1o n\u00ean m\u1ed9t c\u01a1n s\u1ed1t trong x\u00e3 h\u1ed9i, v\u1edbi g\u1ea7n 500,000 b\u1ea3n s\u00e1ch \u0111\u01b0\u1ee3c ph\u00e1t h\u00e0nh, ph\u00e1 m\u1ecdi k\u1ef7 l\u1ee5c v\u1ec1 xu\u1ea5t b\u1ea3n tr\u01b0\u1edbc \u0111\u00f3, k\u00e9o theo m\u1ed9t lo\u1ea1t nh\u1eefng hi\u1ec7u \u1ee9ng x\u00e3 h\u1ed9i v\u00e0 d\u01b0 lu\u1eadn c\u00f3 \u00fd ngh\u0129a. T\u1eeb \u0111\u00f3 tr\u1edf \u0111i, th\u00f4ng qua Nh\u00e3 Nam, c\u00e1c cu\u1ed1n s\u00e1ch v\u0103n h\u1ecdc n\u01b0\u1edbc ngo\u00e0i c\u00f3 gi\u00e1 tr\u1ecb \u0111\u01b0\u1ee3c li\u00ean t\u1ee5c mua b\u1ea3n quy\u1ec1n v\u00e0 xu\u1ea5t b\u1ea3n t\u1ea1i Vi\u1ec7t Nam, thu h\u00fat nhi\u1ec1u t\u1ea7ng l\u1edbp \u0111\u1ed9c gi\u1ea3. S\u00e1ch c\u1ee7a Nh\u00e3 Nam n\u1ed5i b\u1eadt b\u1edfi n\u1ed9i dung v\u0103n h\u1ecdc tinh t\u1ebf, b\u1edfi v\u1ebb \u0111\u1eb9p c\u1ee7a thi\u1ebft k\u1ebf hi\u1ec7n \u0111\u1ea1i \u1edf h\u00ecnh th\u1ee9c, b\u1edfi s\u1ef1 ch\u0103m ch\u00fat k\u1ef9 l\u01b0\u1ee1ng cho m\u1ed7i cu\u1ed1n s\u00e1ch nh\u01b0 m\u1ed9t con thuy\u1ec1n mang t\u1edbi ni\u1ec1m vui, tri th\u1ee9c, ng\u1ea1c nhi\u00ean, v\u00e0 \u0111\u1ed3ng c\u1ea3m.<\/p>\n\n[\/col]\n\n[\/row]\n<p style=\"text-align: left\">Hi\u1ec3u th\u1eddi \u0111\u1ea1i \u0111ang s\u1ed1ng th\u00f4ng qua s\u00e1ch, song h\u00e0nh v\u1edbi nh\u1eefng bi\u1ebfn chuy\u1ec3n s\u00e2u s\u1eafc trong l\u00f2ng x\u00e3 h\u1ed9i b\u1eb1ng nh\u1eefng ho\u1ea1t \u0111\u1ed9ng xu\u1ea5t b\u1ea3n mi\u1ec7t m\u00e0i v\u00e0 qu\u1ea3 c\u1ea3m, con \u0111\u01b0\u1eddng Nh\u00e3 Nam \u0111\u00e3 ch\u1ecdn \u0111\u1ec3 \u0111i s\u1ebd c\u00f2n d\u00e0i. Nhi\u1ec1u kh\u00f3 kh\u0103n, th\u1eed th\u00e1ch \u0111ang \u1edf ph\u00eda tr\u01b0\u1edbc. B\u01b0\u1edbc qua th\u1eddi k\u1ef3 s\u01a1 khai v\u1edbi nh\u1eefng b\u00e0i h\u1ecdc v\u00e0 nh\u1eefng kinh nghi\u1ec7m \u0111\u1ea7u ti\u00ean, Nh\u00e3 Nam gi\u1edd \u0111\u00e3 s\u1eb5n s\u00e0ng cho m\u1ed9t ch\u1eb7ng \u0111\u01b0\u1eddng ph\u00e1t tri\u1ec3n m\u1edbi. V\u00e0 ch\u00fang t\u00f4i mu\u1ed1n ho\u00e0n thi\u1ec7n m\u00ecnh trong s\u1ef1 c\u1ea7u th\u1ecb v\u00e0 c\u1ea9n tr\u1ecdng. T\u1ea5t c\u1ea3 v\u00ec m\u1ed9t gia s\u1ea3n s\u00e1ch to l\u1edbn, c\u00f3 s\u1ee9c s\u1ed1ng d\u00e0i l\u00e2u, c\u00f3 \u00fd ngh\u0129a v\u1edbi nhi\u1ec1u th\u1ebf h\u1ec7 b\u1ea1n \u0111\u1ecdc.<br \/>B\u1edfi v\u00ec s\u00e1ch l\u00e0 th\u1ebf gi\u1edbi.<\/p>\n<p><strong>\u0110\u00e2y l\u00e0 m\u1ed9t nh\u00e0 ph\u00e1t h\u00e0nh s\u00e1ch m\u00e0 SACHVIET.EU r\u1ea5t y\u00eau th\u00edch v\u00e0 tin t\u01b0\u1edfng. Nh\u00ecn \u0111\u01b0\u1ee3c t\u1ea7m \u1ea3nh h\u01b0\u1edfng c\u1ee7a Nh\u00e3 Nam qua t\u1eebng cu\u1ed1n s\u00e1ch, SACHVIET.EU li\u00ean h\u1ec7 h\u1ee3p t\u00e1c ngay v\u1edbi Nh\u00e3 Nam \u0111\u1ec3 \u0111em to\u00e0n b\u1ed9 nh\u1eefng t\u00e1c ph\u1ea9m m\u1edbi, hay nh\u1ea5t m\u00e0 Nh\u00e3 Nam c\u00f3 sang Ch\u00e2u \u00c2u, \u0111\u01b0a \u0111\u1ebfn cho \u0111\u1ed9c gi\u1ea3 c\u00f3 nhi\u1ec1u s\u1ef1 l\u1ef1a ch\u1ecdn phong ph\u00fa h\u01a1n c\u1ea3 s\u00e1ch cho tr\u1ebb em l\u1eabn ng\u01b0\u1eddi l\u1edbn.\u00a0<\/strong><\/p>\n\n<!-- \/wp:flatsome\/uxbuilder -->","post_title":"Nh\u00e3 Nam","post_excerpt":"","post_status":"publish","comment_status":"closed","ping_status":"closed","post_password":"","post_name":"nha-nam","to_ping":"","pinged":"","post_modified":"2022-12-19 23:15:33","post_modified_gmt":"2022-12-19 21:15:33","post_content_filtered":"","post_parent":0,"guid":"https:\/\/sachviet.eu\/?post_type=publisher&#038;p=1424","menu_order":0,"post_type":"publisher","post_mime_type":"","comment_count":"0","filter":"raw"}},"_links":{"self":[{"href":"https:\/\/sachviet.eu\/en\/wp-json\/wp\/v2\/product\/12609","targetHints":{"allow":["GET"]}}],"collection":[{"href":"https:\/\/sachviet.eu\/en\/wp-json\/wp\/v2\/product"}],"about":[{"href":"https:\/\/sachviet.eu\/en\/wp-json\/wp\/v2\/types\/product"}],"wp:featuredmedia":[{"embeddable":true,"href":"https:\/\/sachviet.eu\/en\/wp-json\/wp\/v2\/media\/12596"}],"wp:attachment":[{"href":"https:\/\/sachviet.eu\/en\/wp-json\/wp\/v2\/media?parent=12609"}],"wp:term":[{"taxonomy":"product_brand","embeddable":true,"href":"https:\/\/sachviet.eu\/en\/wp-json\/wp\/v2\/product_brand?post=12609"},{"taxonomy":"product_cat","embeddable":true,"href":"https:\/\/sachviet.eu\/en\/wp-json\/wp\/v2\/product_cat?post=12609"},{"taxonomy":"product_tag","embeddable":true,"href":"https:\/\/sachviet.eu\/en\/wp-json\/wp\/v2\/product_tag?post=12609"}],"curies":[{"name":"wp","href":"https:\/\/api.w.org\/{rel}","templated":true}]}}