{"id":12595,"date":"2021-06-11T14:37:06","date_gmt":"2021-06-11T11:37:06","guid":{"rendered":"https:\/\/sachviet.eu\/shop\/ngoi-nha-cua-nguoi-ca-say-ngu-tai-ban-2020\/"},"modified":"2023-07-14T23:14:59","modified_gmt":"2023-07-14T20:14:59","slug":"ngoi-nha-cua-nguoi-ca-say-ngu-tai-ban-2020","status":"publish","type":"product","link":"https:\/\/sachviet.eu\/en\/shop\/ngoi-nha-cua-nguoi-ca-say-ngu-tai-ban-2020\/","title":{"rendered":"Ng\u00f4i Nh\u00e0 C\u1ee7a Ng\u01b0\u1eddi C\u00e1 Say Ng\u1ee7 (T\u00e1i B\u1ea3n 2020)"},"content":{"rendered":"<p>Ng\u00f4i nh\u00e0 c\u1ee7a ng\u01b0\u1eddi c\u00e1 say ng\u1ee7 l\u00e0 t\u00e1c ph\u1ea9m th\u1ee9 hai c\u1ee7a nh\u00e0 v\u0103n Higashino Keigo \u0111\u01b0\u1ee3c xu\u1ea5t b\u1ea3n trong n\u0103m 2015, c\u0169ng l\u00e0 t\u00e1c ph\u1ea9m th\u1ee9 hai k\u1ef7 ni\u1ec7m 30 n\u0103m c\u1ea7m b\u00fat c\u1ee7a \u00f4ng. Trong t\u00e1c ph\u1ea9m n\u00e0y, Keigo \u0111\u00e3 l\u1ea5n s\u00e2u ng\u00f2i b\u00fat c\u1ee7a m\u00ecnh v\u00e0o m\u1ed9t \u0111\u1ec1 t\u00e0i t\u00e2m l\u00fd x\u00e3 h\u1ed9i v\u00e0 y h\u1ecdc kh\u00f3 nh\u1eb1n, \u0111\u1ec3 l\u1ea1i trong l\u00f2ng ng\u01b0\u1eddi \u0111\u1ecdc r\u1ea5t nhi\u1ec1u tr\u0103n tr\u1edf.<\/p>\n<p>T\u00e1c ph\u1ea9m c\u0169ng n\u1eb1m trong top 10 s\u00e1ch v\u0103n h\u1ecdc b\u00e1n ch\u1ea1y n\u0103m 2015 v\u00e0 2016 theo th\u1ed1ng k\u00ea t\u1eeb NIPPAN \u0111\u1ed3ng th\u1eddi \u0111\u01b0\u1ee3c chuy\u1ec3n th\u1ec3 th\u00e0nh phim \u0111i\u1ec7n \u1ea3nh c\u00f9ng t\u00ean g\u00e2y s\u1ed1t c\u00e1c ph\u00f2ng v\u00e9 x\u1ee9 s\u1edf hoa anh \u0111\u00e0o.<\/p>\n<p>M\u1ed9t c\u1eb7p v\u1ee3 ch\u1ed3ng d\u1ef1 \u0111\u1ecbnh s\u1ebd ly h\u00f4n sau khi con g\u00e1i v\u00e0o c\u1ea5p m\u1ed9t. Nh\u01b0ng tin d\u1eef \u1eadp \u0111\u1ebfn, m\u1ed9t v\u1ee5 tai n\u1ea1n \u0111\u00e3 x\u1ea3y ra t\u1ea1i b\u1ec3 b\u01a1i v\u1edbi con g\u00e1i h\u1ecd. Hai ng\u01b0\u1eddi v\u1ed9i v\u00e0ng lao \u0111\u1ebfn b\u1ec7nh vi\u1ec7n, \u0111\u1ec3 \u0111\u1ed1i di\u1ec7n v\u1edbi m\u1ed9t s\u1ef1 th\u1ef1c t\u00e0n kh\u1ed1c.<\/p>\n<p>\u201cV\u1eady k\u1ebb h\u1ea1i ch\u1ebft con g\u00e1i t\u00f4i s\u1ebd l\u00e0 t\u00f4i sao?\u201d<\/p>\n<p>Tr\u00e1i tim c\u00f4 b\u00e9 v\u1eabn c\u00f2n \u0111ang \u0111\u1eadp v\u00e0 nh\u1eefng r\u00e0ng bu\u1ed9c ri\u00eang tr\u00ean m\u1eb7t lu\u1eadt ph\u00e1p \u0111\u00e3 kh\u00f4ng cho v\u1ecb b\u00e1c s\u0129 n\u00e0o d\u00e1m kh\u1eb3ng \u0111\u1ecbnh c\u00f4 b\u00e9 \u0111\u00e3 t\u1eed vong. H\u1ecd bu\u1ed9c ph\u1ea3i l\u1ef1a ch\u1ecdn ti\u1ebfp t\u1ee5c ch\u0103m s\u00f3c con g\u00e1i \u0111\u00e3 r\u01a1i v\u00e0o tr\u1ea1ng th\u00e1i th\u1ef1c v\u1eadt v\u1edbi hi v\u1ecdng mong manh s\u1ebd c\u00f3 ng\u00e0y con m\u00ecnh t\u1ec9nh l\u1ea1i hay bu\u00f4ng tay, ch\u1ea5p nh\u1eadn hi\u1ebfn t\u1ea1ng \u0111\u1ee9a con g\u00e1i y\u00eau duy nh\u1ea5t?<\/p>\n<p>T\u1eebng ng\u00e0y tr\u00f4i qua trong tuy\u1ec7t v\u1ecdng, h\u1ecd ph\u1ea3i \u0111\u01b0a ra m\u1ed9t quy\u1ebft \u0111\u1ecbnh ch\u1eb3ng ai c\u00f3 th\u1ec3 ng\u1edd\u2026<\/p>\n<p>&#8211; C\u00e1c t\u00e1c ph\u1ea9m c\u1ee7a Higashino Keigo \u0111\u01b0\u1ee3c Mintbooks ph\u00e1t h\u00e0nh:<\/p>\n<p>Tr\u1ee9ng chim c\u00fac cu n\u00e0y thu\u1ed9c v\u1ec1 ai? (2018)<\/p>\n<p>C\u00e1p treo t\u00ecnh y\u00eau (2019)<\/p>\n","protected":false},"excerpt":{"rendered":"<p>Ng\u00f4i nh\u00e0 c\u1ee7a ng\u01b0\u1eddi c\u00e1 say ng\u1ee7 l\u00e0 t\u00e1c ph\u1ea9m th\u1ee9 hai c\u1ee7a nh\u00e0 v\u0103n Higashino Keigo \u0111\u01b0\u1ee3c xu\u1ea5t b\u1ea3n trong n\u0103m 2015, c\u0169ng l\u00e0 t\u00e1c ph\u1ea9m th\u1ee9 hai k\u1ef7 ni\u1ec7m 30 n\u0103m c\u1ea7m b\u00fat c\u1ee7a \u00f4ng. Trong t\u00e1c ph\u1ea9m n\u00e0y, Keigo \u0111\u00e3 l\u1ea5n s\u00e2u ng\u00f2i b\u00fat c\u1ee7a m\u00ecnh v\u00e0o m\u1ed9t \u0111\u1ec1 t\u00e0i t\u00e2m l\u00fd x\u00e3 h\u1ed9i v\u00e0 y h\u1ecdc kh\u00f3 nh\u1eb1n, \u0111\u1ec3 l\u1ea1i trong l\u00f2ng ng\u01b0\u1eddi \u0111\u1ecdc r\u1ea5t nhi\u1ec1u tr\u0103n tr\u1edf.<\/p>\n<p>T\u00e1c ph\u1ea9m c\u0169ng n\u1eb1m trong top 10 s\u00e1ch v\u0103n h\u1ecdc b\u00e1n ch\u1ea1y n\u0103m 2015 v\u00e0 2016 theo th\u1ed1ng k\u00ea t\u1eeb NIPPAN \u0111\u1ed3ng th\u1eddi \u0111\u01b0\u1ee3c chuy\u1ec3n th\u1ec3 th\u00e0nh phim \u0111i\u1ec7n \u1ea3nh c\u00f9ng t\u00ean g\u00e2y s\u1ed1t c\u00e1c ph\u00f2ng v\u00e9 x\u1ee9 s\u1edf hoa anh \u0111\u00e0o.<\/p>\n<p>M\u1ed9t c\u1eb7p v\u1ee3 ch\u1ed3ng d\u1ef1 \u0111\u1ecbnh s\u1ebd ly h\u00f4n sau khi con g\u00e1i v\u00e0o c\u1ea5p m\u1ed9t. Nh\u01b0ng tin d\u1eef \u1eadp \u0111\u1ebfn, m\u1ed9t v\u1ee5 tai n\u1ea1n \u0111\u00e3 x\u1ea3y ra t\u1ea1i b\u1ec3 b\u01a1i v\u1edbi con g\u00e1i h\u1ecd. Hai ng\u01b0\u1eddi v\u1ed9i v\u00e0ng lao \u0111\u1ebfn b\u1ec7nh vi\u1ec7n, \u0111\u1ec3 \u0111\u1ed1i di\u1ec7n v\u1edbi m\u1ed9t s\u1ef1 th\u1ef1c t\u00e0n kh\u1ed1c.<\/p>\n<p>\u201cV\u1eady k\u1ebb h\u1ea1i ch\u1ebft con g\u00e1i t\u00f4i s\u1ebd l\u00e0 t\u00f4i sao?\u201d<\/p>\n<p>Tr\u00e1i tim c\u00f4 b\u00e9 v\u1eabn c\u00f2n \u0111ang \u0111\u1eadp v\u00e0 nh\u1eefng r\u00e0ng bu\u1ed9c ri\u00eang tr\u00ean m\u1eb7t lu\u1eadt ph\u00e1p \u0111\u00e3 kh\u00f4ng cho v\u1ecb b\u00e1c s\u0129 n\u00e0o d\u00e1m kh\u1eb3ng \u0111\u1ecbnh c\u00f4 b\u00e9 \u0111\u00e3 t\u1eed vong. H\u1ecd bu\u1ed9c ph\u1ea3i l\u1ef1a ch\u1ecdn ti\u1ebfp t\u1ee5c ch\u0103m s\u00f3c con g\u00e1i \u0111\u00e3 r\u01a1i v\u00e0o tr\u1ea1ng th\u00e1i th\u1ef1c v\u1eadt v\u1edbi hi v\u1ecdng mong manh s\u1ebd c\u00f3 ng\u00e0y con m\u00ecnh t\u1ec9nh l\u1ea1i hay bu\u00f4ng tay, ch\u1ea5p nh\u1eadn hi\u1ebfn t\u1ea1ng \u0111\u1ee9a con g\u00e1i y\u00eau duy nh\u1ea5t?<\/p>\n<p>T\u1eebng ng\u00e0y tr\u00f4i qua trong tuy\u1ec7t v\u1ecdng, h\u1ecd ph\u1ea3i \u0111\u01b0a ra m\u1ed9t quy\u1ebft \u0111\u1ecbnh ch\u1eb3ng ai c\u00f3 th\u1ec3 ng\u1edd\u2026<\/p>\n<p>&#8211; C\u00e1c t\u00e1c ph\u1ea9m c\u1ee7a Higashino Keigo \u0111\u01b0\u1ee3c Mintbooks ph\u00e1t h\u00e0nh:<\/p>\n<p>Tr\u1ee9ng chim c\u00fac cu n\u00e0y thu\u1ed9c v\u1ec1 ai? (2018)<\/p>\n<p>C\u00e1p treo t\u00ecnh y\u00eau (2019)<\/p>\n","protected":false},"featured_media":12589,"template":"","meta":{"_acf_changed":false},"product_brand":[],"product_cat":[15,72],"product_tag":[],"class_list":{"0":"post-12595","1":"product","2":"type-product","3":"status-publish","4":"has-post-thumbnail","6":"product_cat-sach-danh-cho-nguoi-lon","7":"product_cat-trinh-tham-kinh-di","9":"first","10":"instock","11":"taxable","12":"shipping-taxable","13":"purchasable","14":"product-type-simple"},"supplier_id":null,"supplier_sku":"","barcode":null,"atum_controlled":true,"out_stock_date":null,"out_stock_threshold":null,"inheritable":false,"inbound_stock":0,"stock_on_hold":0,"sold_today":0,"sales_last_days":0,"reserved_stock":0,"customer_returns":0,"warehouse_damage":0,"lost_in_post":0,"other_logs":0,"out_stock_days":0,"lost_sales":0,"has_location":false,"update_date":"2026-01-28T23:11:21","atum_locations":[],"atum_stock_status":"instock","restock_status":false,"low_stock_amount":"","sales_update_date":"2026-01-28T23:11:21","calc_backorders":null,"acf":{"publisher":{"ID":1785,"post_author":"1","post_date":"2021-02-17 01:54:46","post_date_gmt":"2021-02-16 23:54:46","post_content":"<!-- wp:flatsome\/uxbuilder -->\n<h1 style=\"text-align: center;\"><strong>AZ VIETNAM<\/strong><\/h1>\n[row]\n\n[col span=\"8\" span__sm=\"12\"]\n\n<p>Th\u00e0nh l\u1eadp n\u0103m: 2015<br \/>V\u1ed1n \u0111\u1ea7u t\u01b0: 4,000,000,000 \u0111\u1ed3ng<br \/><strong>L\u0129nh v\u1ef1c:<\/strong><br \/>- Xu\u1ea5t b\u1ea3n v\u00e0 ph\u00e1t h\u00e0nh v\u0103n h\u00f3a ph\u1ea9m<br \/>- Cung c\u1ea5p v\u0103n h\u00f3a ph\u1ea9m, c\u00e1c s\u1ea3n ph\u1ea9m cho in \u1ea5n, trang thi\u1ebft b\u1ecb cho c\u00e1c th\u01b0 vi\u1ec7n v\u00e0 trung t\u00e2m s\u00e1ch tr\u00ean c\u1ea3 n\u01b0\u1edbc.<br \/>- Th\u1eddi trang v\u00e0 c\u00e1c s\u1ea3n ph\u1ea9m li\u00ean quan \u0111\u1ebfn l\u0129nh v\u1ef1c th\u1eddi trang<br \/>- Xu\u1ea5t nh\u1eadp kh\u1ea9u c\u00e1c s\u1ea3n ph\u1ea9m v\u0103n h\u00f3a<\/p>\n<p><strong>Quy m\u00f4:<\/strong> 60 nh\u00e2n vi\u00ean<br \/>Kh\u1edfi ngu\u1ed3n c\u1ee7a AZ Vi\u1ec7t Nam ng\u00e0y nay l\u00e0 C\u00f4ng ty TNHH Trung t\u00e2m S\u00e1ch v\u00e0 Thi\u1ebft b\u1ecb Th\u01b0 vi\u1ec7n, v\u1edbi ho\u1ea1t \u0111\u1ed9ng \u0111\u1ea7u ti\u00ean l\u00e0 cung c\u1ea5p s\u00e1ch, trang thi\u1ebft b\u1ecb, v\u0103n h\u00f3a ph\u1ea9m cho c\u00e1c th\u01b0 vi\u1ec7n v\u00e0 trung t\u00e2m s\u00e1ch tr\u00ean c\u1ea3 n\u01b0\u1edbc. T\u1eeb cu\u1ed1i n\u0103m 2010 \u0111\u1ebfn nay, ch\u00fang t\u00f4i \u0111\u00e3 kh\u00f4ng ng\u1eebng n\u1ed7 l\u1ef1c khai ph\u00e1 v\u00e0 ph\u00e1t tri\u1ec3n c\u00e1c d\u00f2ng s\u1ea3n ph\u1ea9m m\u1edbi v\u1edbi 8 th\u01b0\u01a1ng hi\u1ec7u uy t\u00edn. \u0110\u1ec3 \u0111\u00e1p \u1ee9ng nhu c\u1ea7u ph\u00e1t tri\u1ec3n ng\u00e0y m\u1ed9t l\u1edbn m\u1ea1nh v\u00e0 t\u1eadp h\u1ee3p c\u00e1c th\u01b0\u01a1ng hi\u1ec7u \u0111\u00e3 \u0111\u01b0\u1ee3c ch\u00fang t\u00f4i x\u00e2y d\u1ef1ng, 2015 C\u00f4ng ty TNHH AZ Vi\u1ec7t Nam \u0111\u00e3 ra \u0111\u1eddi v\u1edbi s\u1ee9 m\u1ec7nh mang \u0111\u1ebfn nhi\u1ec1u h\u01a1n n\u1eefa nh\u1eefng gi\u00e1 tr\u1ecb tinh th\u1ea7n, tri th\u1ee9c ti\u00ean ti\u1ebfn cho ng\u01b0\u1eddi ti\u00eau d\u00f9ng b\u1eb1ng vi\u1ec7c cung c\u1ea5p nh\u1eefng s\u1ea3n ph\u1ea9m c\u00f3 ch\u1ea5t l\u01b0\u1ee3ng.<\/p>\n\n[\/col]\n[col span=\"4\" span__sm=\"12\"]\n\n[ux_image id=\"1836\" image_size=\"medium\"]\n\n\n[\/col]\n\n[\/row]\n\n<!-- \/wp:flatsome\/uxbuilder -->","post_title":"AZ Vi\u1ec7t Nam","post_excerpt":"","post_status":"publish","comment_status":"closed","ping_status":"closed","post_password":"","post_name":"az-viet-nam","to_ping":"","pinged":"","post_modified":"2021-02-17 22:07:10","post_modified_gmt":"2021-02-17 20:07:10","post_content_filtered":"","post_parent":0,"guid":"https:\/\/sachviet.eu\/nha-phat-hanh\/az-viet-nam\/","menu_order":0,"post_type":"publisher","post_mime_type":"","comment_count":"0","filter":"raw"}},"_links":{"self":[{"href":"https:\/\/sachviet.eu\/en\/wp-json\/wp\/v2\/product\/12595","targetHints":{"allow":["GET"]}}],"collection":[{"href":"https:\/\/sachviet.eu\/en\/wp-json\/wp\/v2\/product"}],"about":[{"href":"https:\/\/sachviet.eu\/en\/wp-json\/wp\/v2\/types\/product"}],"wp:featuredmedia":[{"embeddable":true,"href":"https:\/\/sachviet.eu\/en\/wp-json\/wp\/v2\/media\/12589"}],"wp:attachment":[{"href":"https:\/\/sachviet.eu\/en\/wp-json\/wp\/v2\/media?parent=12595"}],"wp:term":[{"taxonomy":"product_brand","embeddable":true,"href":"https:\/\/sachviet.eu\/en\/wp-json\/wp\/v2\/product_brand?post=12595"},{"taxonomy":"product_cat","embeddable":true,"href":"https:\/\/sachviet.eu\/en\/wp-json\/wp\/v2\/product_cat?post=12595"},{"taxonomy":"product_tag","embeddable":true,"href":"https:\/\/sachviet.eu\/en\/wp-json\/wp\/v2\/product_tag?post=12595"}],"curies":[{"name":"wp","href":"https:\/\/api.w.org\/{rel}","templated":true}]}}