{"id":12588,"date":"2021-06-11T14:36:44","date_gmt":"2021-06-11T11:36:44","guid":{"rendered":"https:\/\/sachviet.eu\/shop\/dieu-nhay-cua-shokupan-tang-kem-bookmark\/"},"modified":"2021-06-12T21:52:40","modified_gmt":"2021-06-12T18:52:40","slug":"dieu-nhay-cua-shokupan-tang-kem-bookmark","status":"publish","type":"product","link":"https:\/\/sachviet.eu\/en\/shop\/dieu-nhay-cua-shokupan-tang-kem-bookmark\/","title":{"rendered":"\u0110i\u1ec7u Nh\u1ea3y C\u1ee7a Shokupan &#8211; T\u1eb7ng K\u00e8m Bookmark"},"content":{"rendered":"<p>\u201cN\u1ebfu c\u1ee9 tr\u1ed1n tr\u00e1nh kh\u00f3 kh\u0103n \u0111\u1ec3 \u0111\u01b0\u1ee3c t\u1edbi n\u01a1i an nh\u00e0n, th\u00ec m\u1ed9t l\u00fac n\u00e0o \u0111\u00f3 ta s\u1ebd ph\u1ea3i tr\u1ea3 l\u1ea1i cu\u1ed9c \u0111\u1eddi nh\u1eefng g\u00ec m\u00ecnh \u0111\u00e3 vay m\u01b0\u1ee3n.\u201d<\/p>\n<p>Shokupan \u2013 c\u00e1i t\u00ean th\u00e2n th\u01b0\u01a1ng \u0111\u01b0\u1ee3c h\u00e0ng tri\u1ec7u ng\u01b0\u1eddi d\u00e2n x\u1ee9 s\u1edf hoa anh \u0111\u00e0o tr\u00ecu m\u1ebfn phong t\u1eb7ng danh hi\u1ec7u \u201ctruy\u1ec1n nh\u00e2n\u201d c\u1ee7a \u201cch\u00fa ch\u00f3 qu\u1ed1c d\u00e2n\u201d HACHIKO.<\/p>\n<p>C\u1ee9 10 h\u1ecdc sinh trung h\u1ecdc t\u1ea1i Nh\u1eadt B\u1ea3n, th\u00ec 9 ng\u01b0\u1eddi \u0111\u1ecdc cu\u1ed1n s\u00e1ch n\u00e0y !<\/p>\n<p>T\u1ea5t c\u1ea3 \u0111\u1ec1u chung m\u1ed9t c\u1ea3m nh\u1eadn: \u201cTh\u1eadt tuy\u1ec7t v\u1eddi khi \u0111\u01b0\u1ee3c \u0111\u1ecdc n\u00f3 tr\u01b0\u1edbc khi b\u01b0\u1edbc v\u00e0o ng\u01b0\u1ee1ng c\u1eeda tr\u01b0\u1edfng th\u00e0nh!\u201d<\/p>\n<p>Ngay sau khi ra m\u1eaft,  \u201c\u0110i\u1ec7u nh\u1ea3y c\u1ee7a Shokupan\u201d ngay l\u1eadp t\u1ee9c \u0111\u00e3 t\u1ea1o n\u00ean ti\u1ebfng vang trong c\u1ed9ng \u0111\u1ed3ng h\u1ecdc sinh v\u00e0 ph\u1ee5 huynh Nh\u1eadt B\u1ea3n. H\u01a1n c\u1ea3 m\u1ed9t cu\u1ed1n ti\u1ec3u thuy\u1ebft h\u1ecdc \u0111\u01b0\u1eddng, Mitsukia Nagasu \u0111\u00e3 kh\u00e9o l\u00e9o l\u1ed3ng gh\u00e9p v\u00e0o cu\u1ed1n s\u00e1ch n\u00e0y th\u1ef1c tr\u1ea1ng \u0111\u00e1ng lo v\u1ec1 n\u1ea1n b\u1ea1o l\u1ef1c h\u1ecdc \u0111\u01b0\u1eddng, s\u1ef1 c\u00f4 \u0111\u01a1n c\u1ee7a nh\u1eefng \u0111\u1ee9a tr\u1ebb thi\u1ebfu th\u1ed1n t\u00ecnh c\u1ea3m c\u1ee7a b\u1ed1 m\u1eb9,\u2026<\/p>\n<p>Cu\u1ed1n s\u00e1ch l\u00e0 c\u00e2u chuy\u1ec7n k\u1ec3 v\u1ec1 c\u1eadu b\u00e9 12 tu\u1ed5i Yukii Yano hi\u1ec1n l\u00e0nh, nh\u00fat nh\u00e1t v\u00e0 b\u1ecb c\u00e1c b\u1ea1n xa l\u00e1nh b\u1edfi c\u00f4ng vi\u1ec7c tr\u01b0\u1edbc \u0111\u00e2y c\u1ee7a m\u1eb9 c\u1eadu. Tr\u01b0\u1eddng h\u1ecdc v\u1ed1n \u0111\u00e3 l\u00e0 m\u1ed9t n\u01a1i kh\u00f3 kh\u0103n v\u1edbi c\u1eadu b\u00e9 b\u1edfi nh\u1eefng tr\u00f2 qu\u1ea5y ph\u00e1 b\u1eaft n\u1ea1t c\u1ee7a c\u00e1c b\u1ea1n c\u00f9ng l\u1edbp, m\u1ecdi  vi\u1ec7c tr\u1edf n\u00ean kh\u00f3 kh\u0103n h\u01a1n khi Yukii nh\u1eadn \u0111\u01b0\u1ee3c ch\u1eadu hoa tulip m\u00ecnh \u0111\u00e3 d\u00e0y c\u00f4ng ch\u0103m b\u1eb5m su\u1ed1t m\u1ed9t n\u0103m c\u00e1c b\u1ea1n g\u1eedi t\u1eb7ng khi n\u1eb1m vi\u1ec7n. Thay v\u00ec nh\u1eefng l\u1eddi ch\u00fac t\u1ed1t l\u00e0nh, tr\u00ean nh\u1eefng c\u00e1nh hoa tulip l\u1ea1i ch\u1ec9 v\u1ecfn v\u1eb9n l\u1eddi nh\u1eafn \u201cM\u00e0y \u0111\u1eebng c\u00f3 \u0111\u1ebfn n\u1eefa\u201d.<\/p>\n<p>Yukii ngay trong l\u00fac l\u1ea1c l\u00f5ng gi\u1eefa \u0111\u00e1m b\u1ea1n h\u1ecdc x\u1ea5u t\u00ednh, gi\u1eefa b\u00e0i t\u1eadp ch\u1ed3ng ch\u1ea5t, v\u00e0 ng\u01b0\u1eddi m\u1eb9 qu\u00e1 s\u1ee9c b\u1eadn r\u1ed9n v\u1edbi c\u01a1m \u00e1o g\u1ea1o ti\u1ec1n h\u00e0ng ng\u00e0y, \u0111\u00e3 g\u1eb7p \u0111\u01b0\u1ee3c m\u1ed9t ng\u01b0\u1eddi b\u1ea1n \u2013 ng\u01b0\u1eddi b\u1ea1n duy nh\u1ea5t \u0111\u1ed3ng c\u1ea3m, v\u00e0 d\u01b0\u1eddng nh\u01b0 th\u1ea5u hi\u1ec3u n\u1ed7i l\u00f2ng c\u1eadu b\u00e9. Shokupan \u2013 ch\u00fa ch\u00f3 nh\u1ecf c\u0169ng b\u01a1 v\u01a1 nh\u01b0 v\u1eady, c\u0169ng c\u00f4 \u0111\u01a1n nh\u01b0 v\u1eady, v\u00e0 c\u0169ng b\u1ecb b\u1eaft n\u1ea1t nh\u01b0 v\u1eady. Hai c\u00e1 th\u1ec3 t\u01b0\u1edfng ch\u1eebng nh\u01b0 xa l\u1ea1 \u0111\u01b0\u1ee3c \u0111\u1ecbnh m\u1ec7nh s\u1eafp \u0111\u1eb7t t\u00ecm th\u1ea5y nhau, g\u1eafn k\u1ebft v\u1edbi nhau, ch\u0103m s\u00f3c l\u1eabn nhau v\u00e0 d\u0169ng c\u1ea3m c\u00f9ng nhau v\u01b0\u1ee3t qua kho\u1ea3ng th\u1eddi gian tr\u01b0\u1edfng th\u00e0nh \u0111\u1ea7y kh\u1eafc nghi\u1ec7t v\u1edbi \u0111\u1ea7y nh\u1eefng lo \u00e2u v\u00e0 b\u1ea5t an.<\/p>\n<p>Kh\u00f4ng gi\u1ed1ng nh\u01b0 nh\u1eefng cu\u1ed1n ti\u1ec3u thuy\u1ebft h\u1ecdc \u0111\u01b0\u1eddng kh\u00e1c, \u201c\u0110i\u1ec7u nh\u1ea3y c\u1ee7a Shokupan\u201d kh\u00f4ng ch\u1ec9 c\u00f3 nh\u1eefng \u01b0\u1edbc m\u01a1, nh\u1eefng m\u1ed1i t\u00ecnh th\u1eddi ni\u00ean thi\u1ebfu trong s\u00e1ng. \u201c\u0110i\u1ec7u nh\u1ea3y c\u1ee7a Shokupan\u201d c\u00f2n l\u00e0 m\u1ed9t n\u00e9t bu\u1ed3n c\u1ee7a n\u1ea1n b\u1eaft n\u1ea1t h\u1ecdc \u0111\u01b0\u1eddng \u0111ang hi\u1ec7n h\u1eefu m\u00e0 ch\u1eb3ng ph\u1ea3i t\u00e1c gi\u1ea3 n\u00e0o c\u0169ng d\u00e1m l\u00ean ti\u1ebfng. B\u1eb1ng ng\u00f2i b\u00fat tinh t\u1ebf v\u00e0 tr\u00e1i tim th\u1ea5u hi\u1ec3u, Mitsuki Nagasu \u0111\u00e3 \u0111\u1eb7t m\u00ecnh v\u00e0o v\u1ecb tr\u00ed c\u1ee7a nh\u00e2n v\u1eadt, c\u1ea3m nh\u1eadn nh\u1eefng n\u1ed7i bu\u1ed3n \u1ea5y v\u00e0 th\u1ed5i v\u00e0o \u0111\u00f3 ni\u1ec1m hi v\u1ecdng v\u00e0 s\u1ef1 \u1ea5m \u00e1p c\u1ee7a t\u00ecnh b\u1ea1n cao c\u1ea3 ch\u1ee9a \u0111\u1ef1ng t\u00ednh nh\u00e2n v\u0103n v\u00f4 c\u00f9ng s\u00e2u s\u1eafc.<\/p>\n<p>Mintbooks mong r\u1eb1ng t\u1ea5t c\u1ea3 nh\u1eefng \u0111\u1ed9c gi\u1ea3 c\u1ea7m tr\u00ean tay cu\u1ed1n s\u00e1ch n\u00e0y \u0111\u1ec1u s\u1ebd t\u1eadn h\u01b0\u1edfng \u0111\u01b0\u1ee3c chuy\u1ebfn \u0111i c\u1ee7a tr\u00e1i tim m\u00ecnh. Khi chuy\u1ebfn \u0111i \u0111\u00f3 k\u1ebft th\u00fac, mong c\u00e1c b\u1ea1n c\u1ea3m nh\u1eadn \u0111\u01b0\u1ee3c c\u1ea3nh s\u1eafc c\u1ee7a ng\u00e0y mai \u0111\u00e3 kh\u00e1c h\u1eb3n h\u00f4m nay, hy v\u1ecdng s\u1ebd ch\u1ea1m \u0111\u01b0\u1ee3c t\u1edbi tr\u00e1i tim \u0111ang c\u00f4 \u0111\u01a1n c\u1ee7a c\u00e1c b\u1ea1n.<\/p>\n","protected":false},"excerpt":{"rendered":"<p>\u201cN\u1ebfu c\u1ee9 tr\u1ed1n tr\u00e1nh kh\u00f3 kh\u0103n \u0111\u1ec3 \u0111\u01b0\u1ee3c t\u1edbi n\u01a1i an nh\u00e0n, th\u00ec m\u1ed9t l\u00fac n\u00e0o \u0111\u00f3 ta s\u1ebd ph\u1ea3i tr\u1ea3 l\u1ea1i cu\u1ed9c \u0111\u1eddi nh\u1eefng g\u00ec m\u00ecnh \u0111\u00e3 vay m\u01b0\u1ee3n.\u201d<\/p>\n<p>Shokupan \u2013 c\u00e1i t\u00ean th\u00e2n th\u01b0\u01a1ng \u0111\u01b0\u1ee3c h\u00e0ng tri\u1ec7u ng\u01b0\u1eddi d\u00e2n x\u1ee9 s\u1edf hoa anh \u0111\u00e0o tr\u00ecu m\u1ebfn phong t\u1eb7ng danh hi\u1ec7u \u201ctruy\u1ec1n nh\u00e2n\u201d c\u1ee7a \u201cch\u00fa ch\u00f3 qu\u1ed1c d\u00e2n\u201d HACHIKO.<\/p>\n<p>C\u1ee9 10 h\u1ecdc sinh trung h\u1ecdc t\u1ea1i Nh\u1eadt B\u1ea3n, th\u00ec 9 ng\u01b0\u1eddi \u0111\u1ecdc cu\u1ed1n s\u00e1ch n\u00e0y !<\/p>\n<p>T\u1ea5t c\u1ea3 \u0111\u1ec1u chung m\u1ed9t c\u1ea3m nh\u1eadn: \u201cTh\u1eadt tuy\u1ec7t v\u1eddi khi \u0111\u01b0\u1ee3c \u0111\u1ecdc n\u00f3 tr\u01b0\u1edbc khi b\u01b0\u1edbc v\u00e0o ng\u01b0\u1ee1ng c\u1eeda tr\u01b0\u1edfng th\u00e0nh!\u201d<\/p>\n<p>Ngay sau khi ra m\u1eaft,  \u201c\u0110i\u1ec7u nh\u1ea3y c\u1ee7a Shokupan\u201d ngay l\u1eadp t\u1ee9c \u0111\u00e3 t\u1ea1o n\u00ean ti\u1ebfng vang trong c\u1ed9ng \u0111\u1ed3ng h\u1ecdc sinh v\u00e0 ph\u1ee5 huynh Nh\u1eadt B\u1ea3n. H\u01a1n c\u1ea3 m\u1ed9t cu\u1ed1n ti\u1ec3u thuy\u1ebft h\u1ecdc \u0111\u01b0\u1eddng, Mitsukia Nagasu \u0111\u00e3 kh\u00e9o l\u00e9o l\u1ed3ng gh\u00e9p v\u00e0o cu\u1ed1n s\u00e1ch n\u00e0y th\u1ef1c tr\u1ea1ng \u0111\u00e1ng lo v\u1ec1 n\u1ea1n b\u1ea1o l\u1ef1c h\u1ecdc \u0111\u01b0\u1eddng, s\u1ef1 c\u00f4 \u0111\u01a1n c\u1ee7a nh\u1eefng \u0111\u1ee9a tr\u1ebb thi\u1ebfu th\u1ed1n t\u00ecnh c\u1ea3m c\u1ee7a b\u1ed1 m\u1eb9,\u2026<\/p>\n<p>Cu\u1ed1n s\u00e1ch l\u00e0 c\u00e2u chuy\u1ec7n k\u1ec3 v\u1ec1 c\u1eadu b\u00e9 12 tu\u1ed5i Yukii Yano hi\u1ec1n l\u00e0nh, nh\u00fat nh\u00e1t v\u00e0 b\u1ecb c\u00e1c b\u1ea1n xa l\u00e1nh b\u1edfi c\u00f4ng vi\u1ec7c tr\u01b0\u1edbc \u0111\u00e2y c\u1ee7a m\u1eb9 c\u1eadu. Tr\u01b0\u1eddng h\u1ecdc v\u1ed1n \u0111\u00e3 l\u00e0 m\u1ed9t n\u01a1i kh\u00f3 kh\u0103n v\u1edbi c\u1eadu b\u00e9 b\u1edfi nh\u1eefng tr\u00f2 qu\u1ea5y ph\u00e1 b\u1eaft n\u1ea1t c\u1ee7a c\u00e1c b\u1ea1n c\u00f9ng l\u1edbp, m\u1ecdi  vi\u1ec7c tr\u1edf n\u00ean kh\u00f3 kh\u0103n h\u01a1n khi Yukii nh\u1eadn \u0111\u01b0\u1ee3c ch\u1eadu hoa tulip m\u00ecnh \u0111\u00e3 d\u00e0y c\u00f4ng ch\u0103m b\u1eb5m su\u1ed1t m\u1ed9t n\u0103m c\u00e1c b\u1ea1n g\u1eedi t\u1eb7ng khi n\u1eb1m vi\u1ec7n. Thay v\u00ec nh\u1eefng l\u1eddi ch\u00fac t\u1ed1t l\u00e0nh, tr\u00ean nh\u1eefng c\u00e1nh hoa tulip l\u1ea1i ch\u1ec9 v\u1ecfn v\u1eb9n l\u1eddi nh\u1eafn \u201cM\u00e0y \u0111\u1eebng c\u00f3 \u0111\u1ebfn n\u1eefa\u201d.<\/p>\n<p>Yukii ngay trong l\u00fac l\u1ea1c l\u00f5ng gi\u1eefa \u0111\u00e1m b\u1ea1n h\u1ecdc x\u1ea5u t\u00ednh, gi\u1eefa b\u00e0i t\u1eadp ch\u1ed3ng ch\u1ea5t, v\u00e0 ng\u01b0\u1eddi m\u1eb9 qu\u00e1 s\u1ee9c b\u1eadn r\u1ed9n v\u1edbi c\u01a1m \u00e1o g\u1ea1o ti\u1ec1n h\u00e0ng ng\u00e0y, \u0111\u00e3 g\u1eb7p \u0111\u01b0\u1ee3c m\u1ed9t ng\u01b0\u1eddi b\u1ea1n \u2013 ng\u01b0\u1eddi b\u1ea1n duy nh\u1ea5t \u0111\u1ed3ng c\u1ea3m, v\u00e0 d\u01b0\u1eddng nh\u01b0 th\u1ea5u hi\u1ec3u n\u1ed7i l\u00f2ng c\u1eadu b\u00e9. Shokupan \u2013 ch\u00fa ch\u00f3 nh\u1ecf c\u0169ng b\u01a1 v\u01a1 nh\u01b0 v\u1eady, c\u0169ng c\u00f4 \u0111\u01a1n nh\u01b0 v\u1eady, v\u00e0 c\u0169ng b\u1ecb b\u1eaft n\u1ea1t nh\u01b0 v\u1eady. Hai c\u00e1 th\u1ec3 t\u01b0\u1edfng ch\u1eebng nh\u01b0 xa l\u1ea1 \u0111\u01b0\u1ee3c \u0111\u1ecbnh m\u1ec7nh s\u1eafp \u0111\u1eb7t t\u00ecm th\u1ea5y nhau, g\u1eafn k\u1ebft v\u1edbi nhau, ch\u0103m s\u00f3c l\u1eabn nhau v\u00e0 d\u0169ng c\u1ea3m c\u00f9ng nhau v\u01b0\u1ee3t qua kho\u1ea3ng th\u1eddi gian tr\u01b0\u1edfng th\u00e0nh \u0111\u1ea7y kh\u1eafc nghi\u1ec7t v\u1edbi \u0111\u1ea7y nh\u1eefng lo \u00e2u v\u00e0 b\u1ea5t an.<\/p>\n<p>Kh\u00f4ng gi\u1ed1ng nh\u01b0 nh\u1eefng cu\u1ed1n ti\u1ec3u thuy\u1ebft h\u1ecdc \u0111\u01b0\u1eddng kh\u00e1c, \u201c\u0110i\u1ec7u nh\u1ea3y c\u1ee7a Shokupan\u201d kh\u00f4ng ch\u1ec9 c\u00f3 nh\u1eefng \u01b0\u1edbc m\u01a1, nh\u1eefng m\u1ed1i t\u00ecnh th\u1eddi ni\u00ean thi\u1ebfu trong s\u00e1ng. \u201c\u0110i\u1ec7u nh\u1ea3y c\u1ee7a Shokupan\u201d c\u00f2n l\u00e0 m\u1ed9t n\u00e9t bu\u1ed3n c\u1ee7a n\u1ea1n b\u1eaft n\u1ea1t h\u1ecdc \u0111\u01b0\u1eddng \u0111ang hi\u1ec7n h\u1eefu m\u00e0 ch\u1eb3ng ph\u1ea3i t\u00e1c gi\u1ea3 n\u00e0o c\u0169ng d\u00e1m l\u00ean ti\u1ebfng. B\u1eb1ng ng\u00f2i b\u00fat tinh t\u1ebf v\u00e0 tr\u00e1i tim th\u1ea5u hi\u1ec3u, Mitsuki Nagasu \u0111\u00e3 \u0111\u1eb7t m\u00ecnh v\u00e0o v\u1ecb tr\u00ed c\u1ee7a nh\u00e2n v\u1eadt, c\u1ea3m nh\u1eadn nh\u1eefng n\u1ed7i bu\u1ed3n \u1ea5y v\u00e0 th\u1ed5i v\u00e0o \u0111\u00f3 ni\u1ec1m hi v\u1ecdng v\u00e0 s\u1ef1 \u1ea5m \u00e1p c\u1ee7a t\u00ecnh b\u1ea1n cao c\u1ea3 ch\u1ee9a \u0111\u1ef1ng t\u00ednh nh\u00e2n v\u0103n v\u00f4 c\u00f9ng s\u00e2u s\u1eafc.<\/p>\n<p>Mintbooks mong r\u1eb1ng t\u1ea5t c\u1ea3 nh\u1eefng \u0111\u1ed9c gi\u1ea3 c\u1ea7m tr\u00ean tay cu\u1ed1n s\u00e1ch n\u00e0y \u0111\u1ec1u s\u1ebd t\u1eadn h\u01b0\u1edfng \u0111\u01b0\u1ee3c chuy\u1ebfn \u0111i c\u1ee7a tr\u00e1i tim m\u00ecnh. Khi chuy\u1ebfn \u0111i \u0111\u00f3 k\u1ebft th\u00fac, mong c\u00e1c b\u1ea1n c\u1ea3m nh\u1eadn \u0111\u01b0\u1ee3c c\u1ea3nh s\u1eafc c\u1ee7a ng\u00e0y mai \u0111\u00e3 kh\u00e1c h\u1eb3n h\u00f4m nay, hy v\u1ecdng s\u1ebd ch\u1ea1m \u0111\u01b0\u1ee3c t\u1edbi tr\u00e1i tim \u0111ang c\u00f4 \u0111\u01a1n c\u1ee7a c\u00e1c b\u1ea1n.<\/p>\n","protected":false},"featured_media":12587,"template":"","meta":{"_acf_changed":false},"product_brand":[],"product_cat":[17,26],"product_tag":[],"class_list":{"0":"post-12588","1":"product","2":"type-product","3":"status-publish","4":"has-post-thumbnail","6":"product_cat-sach-danh-cho-cac-be","7":"product_cat-thieu-nien-11-tuoi-18-tuoi","9":"first","10":"instock","11":"taxable","12":"shipping-taxable","13":"purchasable","14":"product-type-simple"},"supplier_id":null,"supplier_sku":"","barcode":null,"atum_controlled":true,"out_stock_date":null,"out_stock_threshold":null,"inheritable":false,"inbound_stock":0,"stock_on_hold":0,"sold_today":0,"sales_last_days":0,"reserved_stock":0,"customer_returns":0,"warehouse_damage":0,"lost_in_post":0,"other_logs":0,"out_stock_days":0,"lost_sales":0,"has_location":false,"update_date":"2026-01-28T23:10:51","atum_locations":[],"atum_stock_status":"instock","restock_status":false,"low_stock_amount":"","sales_update_date":"2026-01-28T23:10:51","calc_backorders":null,"acf":{"publisher":{"ID":1785,"post_author":"1","post_date":"2021-02-17 01:54:46","post_date_gmt":"2021-02-16 23:54:46","post_content":"<!-- wp:flatsome\/uxbuilder -->\n<h1 style=\"text-align: center;\"><strong>AZ VIETNAM<\/strong><\/h1>\n[row]\n\n[col span=\"8\" span__sm=\"12\"]\n\n<p>Th\u00e0nh l\u1eadp n\u0103m: 2015<br \/>V\u1ed1n \u0111\u1ea7u t\u01b0: 4,000,000,000 \u0111\u1ed3ng<br \/><strong>L\u0129nh v\u1ef1c:<\/strong><br \/>- Xu\u1ea5t b\u1ea3n v\u00e0 ph\u00e1t h\u00e0nh v\u0103n h\u00f3a ph\u1ea9m<br \/>- Cung c\u1ea5p v\u0103n h\u00f3a ph\u1ea9m, c\u00e1c s\u1ea3n ph\u1ea9m cho in \u1ea5n, trang thi\u1ebft b\u1ecb cho c\u00e1c th\u01b0 vi\u1ec7n v\u00e0 trung t\u00e2m s\u00e1ch tr\u00ean c\u1ea3 n\u01b0\u1edbc.<br \/>- Th\u1eddi trang v\u00e0 c\u00e1c s\u1ea3n ph\u1ea9m li\u00ean quan \u0111\u1ebfn l\u0129nh v\u1ef1c th\u1eddi trang<br \/>- Xu\u1ea5t nh\u1eadp kh\u1ea9u c\u00e1c s\u1ea3n ph\u1ea9m v\u0103n h\u00f3a<\/p>\n<p><strong>Quy m\u00f4:<\/strong> 60 nh\u00e2n vi\u00ean<br \/>Kh\u1edfi ngu\u1ed3n c\u1ee7a AZ Vi\u1ec7t Nam ng\u00e0y nay l\u00e0 C\u00f4ng ty TNHH Trung t\u00e2m S\u00e1ch v\u00e0 Thi\u1ebft b\u1ecb Th\u01b0 vi\u1ec7n, v\u1edbi ho\u1ea1t \u0111\u1ed9ng \u0111\u1ea7u ti\u00ean l\u00e0 cung c\u1ea5p s\u00e1ch, trang thi\u1ebft b\u1ecb, v\u0103n h\u00f3a ph\u1ea9m cho c\u00e1c th\u01b0 vi\u1ec7n v\u00e0 trung t\u00e2m s\u00e1ch tr\u00ean c\u1ea3 n\u01b0\u1edbc. T\u1eeb cu\u1ed1i n\u0103m 2010 \u0111\u1ebfn nay, ch\u00fang t\u00f4i \u0111\u00e3 kh\u00f4ng ng\u1eebng n\u1ed7 l\u1ef1c khai ph\u00e1 v\u00e0 ph\u00e1t tri\u1ec3n c\u00e1c d\u00f2ng s\u1ea3n ph\u1ea9m m\u1edbi v\u1edbi 8 th\u01b0\u01a1ng hi\u1ec7u uy t\u00edn. \u0110\u1ec3 \u0111\u00e1p \u1ee9ng nhu c\u1ea7u ph\u00e1t tri\u1ec3n ng\u00e0y m\u1ed9t l\u1edbn m\u1ea1nh v\u00e0 t\u1eadp h\u1ee3p c\u00e1c th\u01b0\u01a1ng hi\u1ec7u \u0111\u00e3 \u0111\u01b0\u1ee3c ch\u00fang t\u00f4i x\u00e2y d\u1ef1ng, 2015 C\u00f4ng ty TNHH AZ Vi\u1ec7t Nam \u0111\u00e3 ra \u0111\u1eddi v\u1edbi s\u1ee9 m\u1ec7nh mang \u0111\u1ebfn nhi\u1ec1u h\u01a1n n\u1eefa nh\u1eefng gi\u00e1 tr\u1ecb tinh th\u1ea7n, tri th\u1ee9c ti\u00ean ti\u1ebfn cho ng\u01b0\u1eddi ti\u00eau d\u00f9ng b\u1eb1ng vi\u1ec7c cung c\u1ea5p nh\u1eefng s\u1ea3n ph\u1ea9m c\u00f3 ch\u1ea5t l\u01b0\u1ee3ng.<\/p>\n\n[\/col]\n[col span=\"4\" span__sm=\"12\"]\n\n[ux_image id=\"1836\" image_size=\"medium\"]\n\n\n[\/col]\n\n[\/row]\n\n<!-- \/wp:flatsome\/uxbuilder -->","post_title":"AZ Vi\u1ec7t Nam","post_excerpt":"","post_status":"publish","comment_status":"closed","ping_status":"closed","post_password":"","post_name":"az-viet-nam","to_ping":"","pinged":"","post_modified":"2021-02-17 22:07:10","post_modified_gmt":"2021-02-17 20:07:10","post_content_filtered":"","post_parent":0,"guid":"https:\/\/sachviet.eu\/nha-phat-hanh\/az-viet-nam\/","menu_order":0,"post_type":"publisher","post_mime_type":"","comment_count":"0","filter":"raw"}},"_links":{"self":[{"href":"https:\/\/sachviet.eu\/en\/wp-json\/wp\/v2\/product\/12588","targetHints":{"allow":["GET"]}}],"collection":[{"href":"https:\/\/sachviet.eu\/en\/wp-json\/wp\/v2\/product"}],"about":[{"href":"https:\/\/sachviet.eu\/en\/wp-json\/wp\/v2\/types\/product"}],"wp:featuredmedia":[{"embeddable":true,"href":"https:\/\/sachviet.eu\/en\/wp-json\/wp\/v2\/media\/12587"}],"wp:attachment":[{"href":"https:\/\/sachviet.eu\/en\/wp-json\/wp\/v2\/media?parent=12588"}],"wp:term":[{"taxonomy":"product_brand","embeddable":true,"href":"https:\/\/sachviet.eu\/en\/wp-json\/wp\/v2\/product_brand?post=12588"},{"taxonomy":"product_cat","embeddable":true,"href":"https:\/\/sachviet.eu\/en\/wp-json\/wp\/v2\/product_cat?post=12588"},{"taxonomy":"product_tag","embeddable":true,"href":"https:\/\/sachviet.eu\/en\/wp-json\/wp\/v2\/product_tag?post=12588"}],"curies":[{"name":"wp","href":"https:\/\/api.w.org\/{rel}","templated":true}]}}