{"id":12586,"date":"2021-06-11T14:36:35","date_gmt":"2021-06-11T11:36:35","guid":{"rendered":"https:\/\/sachviet.eu\/shop\/co-ai-nhan-nuoi-meo-khong-a\/"},"modified":"2021-06-12T13:09:16","modified_gmt":"2021-06-12T10:09:16","slug":"co-ai-nhan-nuoi-meo-khong-a","status":"publish","type":"product","link":"https:\/\/sachviet.eu\/en\/shop\/co-ai-nhan-nuoi-meo-khong-a\/","title":{"rendered":"C\u00f3 Ai Nh\u1eadn Nu\u00f4i M\u00e8o Kh\u00f4ng \u1ea0 ?"},"content":{"rendered":"<p>B\u00e9 Chi t\u00ecnh c\u1edd nh\u1eb7t \u0111\u01b0\u1ee3c m\u1ed9t ch\u00fa m\u00e8o con b\u1ecb b\u1ecf r\u01a1i.<\/p>\n<p>M\u1ed9t ch\u00fa m\u00e8o ch\u01b0a \u0111\u01b0\u1ee3c \u0111\u1eb7t t\u00ean<\/p>\n<p>B\u00e9 x\u00edu xiu<\/p>\n<p>R\u1ea5t m\u1ec1m m\u1ea1i<\/p>\n<p>V\u00f4 c\u00f9ng \u0111\u00e1ng y\u00eau<\/p>\n<p>R\u1ea5t th\u00edch u\u1ed1ng s\u1eefa \u1ea5m<\/p>\n<p>Th\u00edch ch\u01a1i v\u1edbi n\u01a1<\/p>\n<p>K\u00eau \u201cChi\u201d r\u1ea5t d\u1ec5 th\u01b0\u01a1ng<\/p>\n<p>Th\u1ebf nh\u01b0ng\u2026  khu chung c\u01b0 m\u00e0 Chi v\u00e0 m\u1eb9 \u0111ang \u1edf c\u1ea5m nu\u00f4i m\u00e8o, trong khi t\u00ecm m\u00e3i m\u00e0 ch\u1eb3ng ai mu\u1ed1n nh\u1eadn nu\u00f4i b\u00e9 m\u00e8o c\u1ea3\u2026<\/p>\n<p>C\u00e2u chuy\u1ec7n v\u1ec1 m\u1ed9t c\u00f4 b\u00e9 \u0111\u00e3 c\u1ed1 g\u1eafng h\u1ebft m\u00ecnh \u0111\u1ec3 b\u1ea3o v\u1ec7 m\u1ed9t sinh linh b\u00e9 nh\u1ecf!<\/p>\n<p>PROFILE T\u00c1C GI\u1ea2<\/p>\n<p>L\u1eddi: WAKAKO NARIYUKI<\/p>\n<p>Sinh t\u1ea1i Tokyo. T\u1ed1t nghi\u1ec7p khoa V\u0103n, \u0110\u1ea1i h\u1ecdc Keiko. B\u00e0 \u0111\u00e3 t\u1eebng tham gia H\u1ed9i nghi\u00ean c\u1ee9u Manga t\u1ea1i tr\u01b0\u1eddng \u0111\u1ea1i h\u1ecdc l\u00fac b\u1ea5y gi\u1edd. N\u0103m 1985, b\u00e0 \u0111\u00e3 gi\u00e0nh gi\u1ea3i th\u01b0\u1edfng Houbunsha \u1edf m\u1ea3ng s\u00e1ng t\u00e1c Manga 4 tranh. T\u00e1c ph\u1ea9m \u0111\u1ea7u tay c\u1ee7a b\u00e0 l\u00e0 b\u1ed9 truy\u1ec7n tranh \u201cHiromi \u2013 th\u1ea7n t\u01b0\u1ee3ng  c\u1ee7a  Bokunchi\u201d. Sau \u0111\u00f3 b\u00e0 l\u00e0m c\u00e1c c\u00f4ng vi\u1ec7c li\u00ean quan \u0111\u1ebfn t\u1ea1p ch\u00ed v\u00e0 tin t\u1ee9c. Cho \u0111\u1ebfn nh\u1eefng n\u0103m g\u1ea7n \u0111\u00e2y, b\u00e0 b\u1eaft tay v\u00e0o s\u00e1ng t\u00e1c ehon. Nh\u1eefng t\u00e1c ph\u1ea9m m\u1edbi nh\u1ea5t c\u1ee7a b\u00e0 ph\u1ea3i k\u1ec3 \u0111\u1ebfn \u201cT\u1ea1m bi\u1ec7t Chiwao\u201d (NXB Poplar), \u201cXin \u0111\u1eebng v\u1ee9t b\u1ecf t\u00f4i\u201d(NXB Heart).<\/p>\n<p>Tranh: MAKO TARUISHI<\/p>\n<p>Sinh ra t\u1ea1i th\u00e0nh ph\u1ed1 Chigasaki, t\u1ec9nh Kanagawa. T\u1ed1t nghi\u1ec7p tr\u01b0\u1eddng \u0110\u1ea1i h\u1ecdc ngh\u1ec7 thu\u1eadt Tama. C\u00e1c t\u00e1c ph\u1ea9m ti\u00eau bi\u1ec3u ph\u1ea3i k\u1ec3 \u0111\u1ebfn: Ehon \u201cB\u1ee9c th\u01b0 c\u1ee7a \u00f4ng gi\u00e0 Noel\u201d (NXB Fukuinkan), Ehon d\u00e0nh cho tr\u1ebb s\u01a1 sinh \u201cSeries Ehon b\u00e9 Pu\u201d (NXB  Poplar), Series truy\u1ec7n \u0111\u1ed3ng tho\u1ea1i \u201cChu\u1ed9t v\u00e0 H\u1ed5\u201d (NXB Fukuinkan). Ngo\u00e0i ra, b\u00e0 c\u00f2n v\u1ebd minh h\u1ecda cho nhi\u1ec1u t\u00e1c ph\u1ea9m kh\u00e1c nh\u01b0 \u201cCh\u00fa m\u00e8o \u00fat tinh ngh\u1ecbch\u201d, Series \u201cCon ma trong  l\u00e0ng\u201d (NXB Akane Shobo), Series \u201cTruy\u1ec7n \u0111\u1ed3ng tho\u1ea1i cho l\u1ee9a tu\u1ed5i nh\u1ecf c\u1ee7a Eiko  Kadono\u201d (NXB Poplar).<\/p>\n","protected":false},"excerpt":{"rendered":"<p>B\u00e9 Chi t\u00ecnh c\u1edd nh\u1eb7t \u0111\u01b0\u1ee3c m\u1ed9t ch\u00fa m\u00e8o con b\u1ecb b\u1ecf r\u01a1i.<\/p>\n<p>M\u1ed9t ch\u00fa m\u00e8o ch\u01b0a \u0111\u01b0\u1ee3c \u0111\u1eb7t t\u00ean<\/p>\n<p>B\u00e9 x\u00edu xiu<\/p>\n<p>R\u1ea5t m\u1ec1m m\u1ea1i<\/p>\n<p>V\u00f4 c\u00f9ng \u0111\u00e1ng y\u00eau<\/p>\n<p>R\u1ea5t th\u00edch u\u1ed1ng s\u1eefa \u1ea5m<\/p>\n<p>Th\u00edch ch\u01a1i v\u1edbi n\u01a1<\/p>\n<p>K\u00eau \u201cChi\u201d r\u1ea5t d\u1ec5 th\u01b0\u01a1ng<\/p>\n<p>Th\u1ebf nh\u01b0ng\u2026  khu chung c\u01b0 m\u00e0 Chi v\u00e0 m\u1eb9 \u0111ang \u1edf c\u1ea5m nu\u00f4i m\u00e8o, trong khi t\u00ecm m\u00e3i m\u00e0 ch\u1eb3ng ai mu\u1ed1n nh\u1eadn nu\u00f4i b\u00e9 m\u00e8o c\u1ea3\u2026<\/p>\n<p>C\u00e2u chuy\u1ec7n v\u1ec1 m\u1ed9t c\u00f4 b\u00e9 \u0111\u00e3 c\u1ed1 g\u1eafng h\u1ebft m\u00ecnh \u0111\u1ec3 b\u1ea3o v\u1ec7 m\u1ed9t sinh linh b\u00e9 nh\u1ecf!<\/p>\n","protected":false},"featured_media":12585,"template":"","meta":{"_acf_changed":false},"product_brand":[],"product_cat":[25,17,26],"product_tag":[],"class_list":{"0":"post-12586","1":"product","2":"type-product","3":"status-publish","4":"has-post-thumbnail","6":"product_cat-nhi-dong-6-tuoi-12-tuoi","7":"product_cat-sach-danh-cho-cac-be","8":"product_cat-thieu-nien-11-tuoi-18-tuoi","10":"first","11":"instock","12":"taxable","13":"shipping-taxable","14":"purchasable","15":"product-type-simple"},"supplier_id":null,"supplier_sku":"","barcode":null,"atum_controlled":true,"out_stock_date":null,"out_stock_threshold":null,"inheritable":false,"inbound_stock":0,"stock_on_hold":0,"sold_today":0,"sales_last_days":0,"reserved_stock":0,"customer_returns":0,"warehouse_damage":0,"lost_in_post":0,"other_logs":0,"out_stock_days":0,"lost_sales":0,"has_location":false,"update_date":"2026-01-28T23:10:51","atum_locations":[],"atum_stock_status":"instock","restock_status":false,"low_stock_amount":"","sales_update_date":"2026-01-28T23:10:51","calc_backorders":null,"acf":{"publisher":{"ID":1454,"post_author":"1","post_date":"2021-02-17 01:11:34","post_date_gmt":"2021-02-16 23:11:34","post_content":"<!-- wp:flatsome\/uxbuilder -->\n<h1 style=\"text-align: center;\"><strong>Kim \u0110\u1ed3ng<\/strong><\/h1>\n[row]\n\n[col span=\"3\" span__sm=\"12\"]\n\n[ux_image id=\"1534\" image_size=\"medium\"]\n\n\n[\/col]\n[col span=\"9\" span__sm=\"12\"]\n\n<p>Nh\u00e0 xu\u1ea5t b\u1ea3n Kim \u0110\u1ed3ng tr\u1ef1c thu\u1ed9c Trung \u01b0\u01a1ng \u0110o\u00e0n TNCS H\u1ed3 Ch\u00ed Minh l\u00e0 Nh\u00e0 xu\u1ea5t b\u1ea3n t\u1ed5ng h\u1ee3p c\u00f3 ch\u1ee9c n\u0103ng xu\u1ea5t b\u1ea3n s\u00e1ch v\u00e0 v\u0103n h\u00f3a ph\u1ea9m ph\u1ee5c v\u1ee5 thi\u1ebfu nhi v\u00e0 c\u00e1c b\u1eadc ph\u1ee5 huynh trong c\u1ea3 n\u01b0\u1edbc, qu\u1ea3ng b\u00e1 v\u00e0 gi\u1edbi thi\u1ec7u v\u0103n h\u00f3a Vi\u1ec7t Nam ra th\u1ebf gi\u1edbi.<br \/>Nh\u00e0 xu\u1ea5t b\u1ea3n c\u00f3 nhi\u1ec7m v\u1ee5 t\u1ed5 ch\u1ee9c b\u1ea3n th\u1ea3o, bi\u00ean so\u1ea1n, bi\u00ean d\u1ecbch, xu\u1ea5t b\u1ea3n v\u00e0 ph\u00e1t h\u00e0nh c\u00e1c xu\u1ea5t b\u1ea3n ph\u1ea9m c\u00f3 n\u1ed9i dung: gi\u00e1o d\u1ee5c truy\u1ec1n th\u1ed1ng d\u00e2n t\u1ed9c, gi\u00e1o d\u1ee5c v\u1ec1 tri th\u1ee9c, ki\u1ebfn th\u1ee9c\u2026 tr\u00ean c\u00e1c l\u0129nh v\u1ef1c v\u0103n h\u1ecdc, ngh\u1ec7 thu\u1eadt, khoa h\u1ecdc k\u1ef9 thu\u1eadt nh\u1eb1m cung c\u1ea5p cho c\u00e1c em thi\u1ebfu nhi c\u0169ng nh\u01b0 c\u00e1c b\u1eadc ph\u1ee5 huynh c\u00e1c ki\u1ebfn th\u1ee9c c\u1ea7n thi\u1ebft trong cu\u1ed9c s\u1ed1ng, nh\u1eefng tinh hoa c\u1ee7a tri th\u1ee9c nh\u00e2n lo\u1ea1i nh\u1eb1m g\u00f3p ph\u1ea7n gi\u00e1o d\u1ee5c v\u00e0 h\u00ecnh th\u00e0nh nh\u00e2n c\u00e1ch th\u1ebf h\u1ec7 tr\u1ebb.<br \/>\u0110\u1ed1i t\u01b0\u1ee3ng ph\u1ee5c v\u1ee5 c\u1ee7a Nh\u00e0 xu\u1ea5t b\u1ea3n l\u00e0 c\u00e1c em t\u1eeb tu\u1ed5i nh\u00e0 tr\u1ebb m\u1eabu gi\u00e1o (1 \u0111\u1ebfn 5 tu\u1ed5i), nhi \u0111\u1ed3ng (6 \u0111\u1ebfn 9 tu\u1ed5i), thi\u1ebfu ni\u00ean (10 \u0111\u1ebfn 15 tu\u1ed5i) \u0111\u1ebfn c\u00e1c em tu\u1ed5i m\u1edbi l\u1edbn (16 \u0111\u1ebfn 18 tu\u1ed5i) v\u00e0 c\u00e1c b\u1eadc ph\u1ee5 huynh.<\/p>\n\n[\/col]\n\n[\/row]\n\n<!-- \/wp:flatsome\/uxbuilder -->","post_title":"Kim \u0110\u1ed3ng","post_excerpt":"","post_status":"publish","comment_status":"closed","ping_status":"closed","post_password":"","post_name":"kim-dong","to_ping":"","pinged":"","post_modified":"2021-02-17 01:31:56","post_modified_gmt":"2021-02-16 23:31:56","post_content_filtered":"","post_parent":0,"guid":"https:\/\/sachviet.eu\/nha-phat-hanh\/kim-dong\/","menu_order":0,"post_type":"publisher","post_mime_type":"","comment_count":"0","filter":"raw"}},"_links":{"self":[{"href":"https:\/\/sachviet.eu\/en\/wp-json\/wp\/v2\/product\/12586","targetHints":{"allow":["GET"]}}],"collection":[{"href":"https:\/\/sachviet.eu\/en\/wp-json\/wp\/v2\/product"}],"about":[{"href":"https:\/\/sachviet.eu\/en\/wp-json\/wp\/v2\/types\/product"}],"wp:featuredmedia":[{"embeddable":true,"href":"https:\/\/sachviet.eu\/en\/wp-json\/wp\/v2\/media\/12585"}],"wp:attachment":[{"href":"https:\/\/sachviet.eu\/en\/wp-json\/wp\/v2\/media?parent=12586"}],"wp:term":[{"taxonomy":"product_brand","embeddable":true,"href":"https:\/\/sachviet.eu\/en\/wp-json\/wp\/v2\/product_brand?post=12586"},{"taxonomy":"product_cat","embeddable":true,"href":"https:\/\/sachviet.eu\/en\/wp-json\/wp\/v2\/product_cat?post=12586"},{"taxonomy":"product_tag","embeddable":true,"href":"https:\/\/sachviet.eu\/en\/wp-json\/wp\/v2\/product_tag?post=12586"}],"curies":[{"name":"wp","href":"https:\/\/api.w.org\/{rel}","templated":true}]}}