{"id":12584,"date":"2021-06-11T14:36:30","date_gmt":"2021-06-11T11:36:30","guid":{"rendered":"https:\/\/sachviet.eu\/shop\/toi-bi-bo-bat-coc\/"},"modified":"2024-08-23T22:36:52","modified_gmt":"2024-08-23T19:36:52","slug":"toi-bi-bo-bat-coc","status":"publish","type":"product","link":"https:\/\/sachviet.eu\/en\/shop\/toi-bi-bo-bat-coc\/","title":{"rendered":"T\u00f4i B\u1ecb B\u1ed1 B\u1eaft C\u00f3c"},"content":{"rendered":"<p>T\u00f4i \u201cb\u1ecb\u201d b\u1ed1 b\u1eaft c\u00f3c m\u1edf \u0111\u1ea7u th\u1eadt b\u1ea5t ng\u1edd v\u1edbi l\u1eddi d\u1eabn chuy\u1ec7n c\u1ee7a nh\u00e2n v\u1eadt ch\u00ednh \u2013 Haru \u201cT\u00f4i b\u1ecb B\u1eaeT C\u00d3C, ngay ng\u00e0y \u0111\u1ea7u ti\u00ean c\u1ee7a k\u1ef3 ngh\u1ec9 h\u00e8\u201d m\u00e0 th\u1ee7 ph\u1ea1m l\u1ea1i ch\u00ednh l\u00e0 b\u1ed1 c\u1ee7a Haru. Th\u1ebf nh\u01b0ng, chuy\u1ebfn \u0111i c\u1ee7a hai ng\u01b0\u1eddi \u2013 th\u1ee7 ph\u1ea1m v\u00e0 n\u1ea1n nh\u00e2n, hay ch\u00ednh x\u00e1c l\u00e0 b\u1ed1 v\u00e0 con, kh\u00f4ng h\u1ec1 m\u1ea5t \u0111i t\u00ednh g\u00e2y c\u1ea5n, h\u1ed3i h\u1ed9p c\u1ee7a m\u1ed9t chuy\u1ebfn \u201cb\u1eaft c\u00f3c\u201d v\u00e0 c\u0169ng kh\u00f4ng thi\u1ebfu t\u00ednh th\u00fa v\u1ecb, trong tr\u1ebbo, y\u00eau th\u01b0\u01a1ng c\u1ee7a m\u1ed9t chuy\u1ebfn \u201cdu l\u1ecbch gia \u0111\u00ecnh\u201d. Chuy\u1ebfn \u0111i c\u1ee7a hai b\u1ed1 con Haru khi\u1ebfn ng\u01b0\u1eddi ta li\u00ean t\u01b0\u1edfng \u0111\u1ebfn c\u00e2u chuy\u1ec7n c\u1ed5 t\u00edch \u0110i \u0111\u1ebfn n\u01a1i v\u00f4 \u0111\u1ecbnh, \u0111\u1ec3 t\u00ecm v\u1eadt v\u00f4 h\u00ecnh. Th\u1ebf nh\u01b0ng chuy\u1ebfn \u0111i \u201cv\u00f4 \u0111\u1ecbnh\u201d l\u00ean r\u1eebng xu\u1ed1ng bi\u1ec3n c\u1ee7a Haru v\u00e0 b\u1ed1 \u0111\u00e3 gi\u00fap Haru v\u00e0 c\u00f3 l\u1ebd, c\u1ea3 \u0111\u1ed9c gi\u1ea3 t\u00ecm ra \u0111\u01b0\u1ee3c \u201cv\u1eadt v\u00f4 h\u00ecnh\u201d \u0111\u00f3. T\u00f4i \u201cb\u1ecb\u201d b\u1ed1 b\u1eaft c\u00f3c kh\u00f4ng ch\u1ec9 d\u00e0nh ri\u00eang cho tr\u1ebb em, n\u00f3 th\u1eadt s\u1ef1 r\u1ea5t \u0111\u00e1ng \u0111\u01b0\u1ee3c c\u00e1c b\u1eadc ph\u1ee5 huynh th\u01b0\u1edfng th\u1ee9c, tham kh\u1ea3o nh\u01b0 nh\u1eefng cu\u1ed1n s\u00e1ch h\u01b0\u1edbng d\u1eabn nu\u00f4i d\u1ea1y con kh\u00e1c.<\/p>\n<p>C\u00f9ng T\u00f4i \u201cb\u1ecb\u201d b\u1ed1 b\u1eaft c\u00f3c, c\u00e1c b\u1eadc ph\u1ee5 huynh s\u1ebd m\u1ec9m c\u01b0\u1eddi h\u00e0i l\u00f2ng khi c\u00e1c thi\u00ean th\u1ea7n nh\u1ecf \u0111ang tu\u1ed5i l\u1edbn c\u1ee7a m\u00ecnh c\u00f3 \u0111\u01b0\u1ee3c nh\u1eefng tr\u1ea3i nghi\u1ec7m m\u1edbi, nh\u1eefng suy ngh\u0129 m\u1edbi v\u1ec1 cu\u1ed9c s\u1ed1ng, v\u1ec1 t\u00ecnh th\u00e2n gia \u0111\u00ecnh khi \u0111\u1ecdc cu\u1ed1n s\u00e1ch n\u00e0y.<\/p>\n<p>V\u1ec1 t\u00e1c gi\u1ea3: Nh\u00e0 v\u0103n n\u1eef Kakuta Mitsuyo ng\u01b0\u1eddi Nh\u1eadt B\u1ea3n. Tuy l\u00e0 nh\u00e0 v\u0103n n\u1eef tr\u1ebb nh\u01b0ng c\u00f4 \u0111\u00e3 c\u00f3 trong tay h\u00e0ng lo\u1ea1t gi\u1ea3i th\u01b0\u1edfng v\u0103n h\u1ecdc danh gi\u00e1. T\u00f4i \u201cb\u1ecb\u201d b\u1ed1 b\u1eaft c\u00f3c l\u00e0 t\u00e1c ph\u1ea9m \u0111o\u1ea1t gi\u1ea3i v\u0103n h\u1ecdc Robo no ishi n\u0103m 2000 (Totto-chan, c\u00f4 b\u00e9 b\u00ean c\u1eeda s\u1ed5 \u0111\u00e3 \u0111o\u1ea1t gi\u1ea3i n\u00e0y v\u00e0o n\u0103m 1983).<\/p>\n","protected":false},"excerpt":{"rendered":"<p>T\u00f4i \u201cb\u1ecb\u201d b\u1ed1 b\u1eaft c\u00f3c m\u1edf \u0111\u1ea7u th\u1eadt b\u1ea5t ng\u1edd v\u1edbi l\u1eddi d\u1eabn chuy\u1ec7n c\u1ee7a nh\u00e2n v\u1eadt ch\u00ednh \u2013 Haru \u201cT\u00f4i b\u1ecb B\u1eaeT C\u00d3C, ngay ng\u00e0y \u0111\u1ea7u ti\u00ean c\u1ee7a k\u1ef3 ngh\u1ec9 h\u00e8\u201d m\u00e0 th\u1ee7 ph\u1ea1m l\u1ea1i ch\u00ednh l\u00e0 b\u1ed1 c\u1ee7a Haru. Th\u1ebf nh\u01b0ng, chuy\u1ebfn \u0111i c\u1ee7a hai ng\u01b0\u1eddi \u2013 th\u1ee7 ph\u1ea1m v\u00e0 n\u1ea1n nh\u00e2n, hay ch\u00ednh x\u00e1c l\u00e0 b\u1ed1 v\u00e0 con, kh\u00f4ng h\u1ec1 m\u1ea5t \u0111i t\u00ednh g\u00e2y c\u1ea5n, h\u1ed3i h\u1ed9p c\u1ee7a m\u1ed9t chuy\u1ebfn \u201cb\u1eaft c\u00f3c\u201d v\u00e0 c\u0169ng kh\u00f4ng thi\u1ebfu t\u00ednh th\u00fa v\u1ecb, trong tr\u1ebbo, y\u00eau th\u01b0\u01a1ng c\u1ee7a m\u1ed9t chuy\u1ebfn \u201cdu l\u1ecbch gia \u0111\u00ecnh\u201d. Chuy\u1ebfn \u0111i c\u1ee7a hai b\u1ed1 con Haru khi\u1ebfn ng\u01b0\u1eddi ta li\u00ean t\u01b0\u1edfng \u0111\u1ebfn c\u00e2u chuy\u1ec7n c\u1ed5 t\u00edch \u0110i \u0111\u1ebfn n\u01a1i v\u00f4 \u0111\u1ecbnh, \u0111\u1ec3 t\u00ecm v\u1eadt v\u00f4 h\u00ecnh. Th\u1ebf nh\u01b0ng chuy\u1ebfn \u0111i \u201cv\u00f4 \u0111\u1ecbnh\u201d l\u00ean r\u1eebng xu\u1ed1ng bi\u1ec3n c\u1ee7a Haru v\u00e0 b\u1ed1 \u0111\u00e3 gi\u00fap Haru v\u00e0 c\u00f3 l\u1ebd, c\u1ea3 \u0111\u1ed9c gi\u1ea3 t\u00ecm ra \u0111\u01b0\u1ee3c \u201cv\u1eadt v\u00f4 h\u00ecnh\u201d \u0111\u00f3. T\u00f4i \u201cb\u1ecb\u201d b\u1ed1 b\u1eaft c\u00f3c kh\u00f4ng ch\u1ec9 d\u00e0nh ri\u00eang cho tr\u1ebb em, n\u00f3 th\u1eadt s\u1ef1 r\u1ea5t \u0111\u00e1ng \u0111\u01b0\u1ee3c c\u00e1c b\u1eadc ph\u1ee5 huynh th\u01b0\u1edfng th\u1ee9c, tham kh\u1ea3o nh\u01b0 nh\u1eefng cu\u1ed1n s\u00e1ch h\u01b0\u1edbng d\u1eabn nu\u00f4i d\u1ea1y con kh\u00e1c.<\/p>\n<p>C\u00f9ng T\u00f4i \u201cb\u1ecb\u201d b\u1ed1 b\u1eaft c\u00f3c, c\u00e1c b\u1eadc ph\u1ee5 huynh s\u1ebd m\u1ec9m c\u01b0\u1eddi h\u00e0i l\u00f2ng khi c\u00e1c thi\u00ean th\u1ea7n nh\u1ecf \u0111ang tu\u1ed5i l\u1edbn c\u1ee7a m\u00ecnh c\u00f3 \u0111\u01b0\u1ee3c nh\u1eefng tr\u1ea3i nghi\u1ec7m m\u1edbi, nh\u1eefng suy ngh\u0129 m\u1edbi v\u1ec1 cu\u1ed9c s\u1ed1ng, v\u1ec1 t\u00ecnh th\u00e2n gia \u0111\u00ecnh khi \u0111\u1ecdc cu\u1ed1n s\u00e1ch n\u00e0y.<\/p>\n<p>V\u1ec1 t\u00e1c gi\u1ea3: Nh\u00e0 v\u0103n n\u1eef Kakuta Mitsuyo ng\u01b0\u1eddi Nh\u1eadt B\u1ea3n. Tuy l\u00e0 nh\u00e0 v\u0103n n\u1eef tr\u1ebb nh\u01b0ng c\u00f4 \u0111\u00e3 c\u00f3 trong tay h\u00e0ng lo\u1ea1t gi\u1ea3i th\u01b0\u1edfng v\u0103n h\u1ecdc danh gi\u00e1. T\u00f4i \u201cb\u1ecb\u201d b\u1ed1 b\u1eaft c\u00f3c l\u00e0 t\u00e1c ph\u1ea9m \u0111o\u1ea1t gi\u1ea3i v\u0103n h\u1ecdc Robo no ishi n\u0103m 2000 (Totto-chan, c\u00f4 b\u00e9 b\u00ean c\u1eeda s\u1ed5 \u0111\u00e3 \u0111o\u1ea1t gi\u1ea3i n\u00e0y v\u00e0o n\u0103m 1983).<\/p>\n","protected":false},"featured_media":12573,"template":"","meta":{"_acf_changed":false},"product_brand":[],"product_cat":[17,26],"product_tag":[],"class_list":{"0":"post-12584","1":"product","2":"type-product","3":"status-publish","4":"has-post-thumbnail","6":"product_cat-sach-danh-cho-cac-be","7":"product_cat-thieu-nien-11-tuoi-18-tuoi","9":"first","10":"outofstock","11":"taxable","12":"shipping-taxable","13":"purchasable","14":"product-type-simple"},"supplier_id":null,"supplier_sku":"","barcode":null,"atum_controlled":true,"out_stock_date":"2024-08-23 19:36:52","out_stock_threshold":null,"inheritable":false,"inbound_stock":0,"stock_on_hold":0,"sold_today":0,"sales_last_days":0,"reserved_stock":0,"customer_returns":0,"warehouse_damage":0,"lost_in_post":0,"other_logs":0,"out_stock_days":523,"lost_sales":0,"has_location":false,"update_date":"2026-01-28T23:11:23","atum_locations":[],"atum_stock_status":"outofstock","restock_status":false,"low_stock_amount":"","sales_update_date":"2026-01-28T23:11:23","calc_backorders":null,"acf":{"publisher":{"ID":8671,"post_author":"1","post_date":"2021-04-28 14:30:12","post_date_gmt":"2021-04-28 11:30:12","post_content":"","post_title":"Alphabooks","post_excerpt":"","post_status":"publish","comment_status":"closed","ping_status":"closed","post_password":"","post_name":"alphabooks","to_ping":"","pinged":"","post_modified":"2021-04-28 14:30:12","post_modified_gmt":"2021-04-28 11:30:12","post_content_filtered":"","post_parent":0,"guid":"https:\/\/sachviet.eu\/nha-phat-hanh\/alphabooks\/","menu_order":0,"post_type":"publisher","post_mime_type":"","comment_count":"0","filter":"raw"}},"_links":{"self":[{"href":"https:\/\/sachviet.eu\/en\/wp-json\/wp\/v2\/product\/12584","targetHints":{"allow":["GET"]}}],"collection":[{"href":"https:\/\/sachviet.eu\/en\/wp-json\/wp\/v2\/product"}],"about":[{"href":"https:\/\/sachviet.eu\/en\/wp-json\/wp\/v2\/types\/product"}],"wp:featuredmedia":[{"embeddable":true,"href":"https:\/\/sachviet.eu\/en\/wp-json\/wp\/v2\/media\/12573"}],"wp:attachment":[{"href":"https:\/\/sachviet.eu\/en\/wp-json\/wp\/v2\/media?parent=12584"}],"wp:term":[{"taxonomy":"product_brand","embeddable":true,"href":"https:\/\/sachviet.eu\/en\/wp-json\/wp\/v2\/product_brand?post=12584"},{"taxonomy":"product_cat","embeddable":true,"href":"https:\/\/sachviet.eu\/en\/wp-json\/wp\/v2\/product_cat?post=12584"},{"taxonomy":"product_tag","embeddable":true,"href":"https:\/\/sachviet.eu\/en\/wp-json\/wp\/v2\/product_tag?post=12584"}],"curies":[{"name":"wp","href":"https:\/\/api.w.org\/{rel}","templated":true}]}}