{"id":12572,"date":"2021-06-11T14:35:43","date_gmt":"2021-06-11T11:35:43","guid":{"rendered":"https:\/\/sachviet.eu\/shop\/bach-khoa-thu-tre-em-cuon-sach-li-giai-van-vat\/"},"modified":"2023-03-06T13:00:06","modified_gmt":"2023-03-06T11:00:06","slug":"bach-khoa-thu-tre-em-cuon-sach-li-giai-van-vat","status":"publish","type":"product","link":"https:\/\/sachviet.eu\/en\/shop\/bach-khoa-thu-tre-em-cuon-sach-li-giai-van-vat\/","title":{"rendered":"B\u00e1ch Khoa Th\u01b0 Tr\u1ebb Em &#8211; Cu\u1ed1n S\u00e1ch L\u00ed Gi\u1ea3i V\u1ea1n V\u1eadt"},"content":{"rendered":"<p>B\u00e1ch Khoa Th\u01b0 Tr\u1ebb Em &#8211; Cu\u1ed1n S\u00e1ch L\u00ed Gi\u1ea3i V\u1ea1n V\u1eadt<\/p>\n<p>Lu\u00f4n n\u1eb1m trong top s\u00e1ch b\u00e1n ch\u1ea1y v\u00e0 \u0111\u01b0\u1ee3c c\u1eadp nh\u1eadt ki\u1ebfn th\u1ee9c m\u1edbi nh\u1ea5t, B\u00e1ch khoa th\u01b0 tr\u1ebb em \u2013 Cu\u1ed1n s\u00e1ch l\u00ed gi\u1ea3i v\u1ea1n v\u1eadt c\u00f3 l\u1ed1i tr\u00ecnh b\u00e0y m\u1ea1ch l\u1ea1c, khoa h\u1ecdc, l\u00e0 cu\u1ed1n s\u00e1ch thi\u1ebft y\u1ebfu cho m\u1ecdi t\u1ee7 s\u00e1ch thi\u1ebfu nhi. M\u1edf \u0111\u1ea7u, ph\u1ea7n \u201cH\u01b0\u1edbng d\u1eabn s\u1eed d\u1ee5ng\u201d s\u1ebd kh\u00e1i qu\u00e1t cu\u1ed1n s\u00e1ch c\u0169ng nh\u01b0 gi\u00fap c\u00e1c b\u1ea1n \u0111\u1ecdc nh\u1ecf tu\u1ed5i thu\u1eadn ti\u1ec7n trong vi\u1ec7c \u0111\u1ecdc v\u00e0 tra c\u1ee9u. Ti\u1ebfp \u0111\u00f3, n\u1ed9i dung \u0111\u01b0\u1ee3c chia th\u00e0nh ch\u00edn l\u0129nh v\u1ef1c g\u1ed3m nhi\u1ec1u ch\u1ee7 \u0111\u1ec1, m\u1ed7i ch\u1ee7 \u0111\u1ec1 g\u00f3i g\u1ecdn trong m\u1ed9t trang \u0111\u01a1n. Ch\u1eb3ng h\u1ea1n, l\u0129nh v\u1ef1c C\u00f4ng ngh\u1ec7 n\u00f3i v\u1ec1 c\u00e1ch ho\u1ea1t \u0111\u1ed9ng c\u1ee7a m\u00e1y bay, robot&#8230;; l\u0129nh v\u1ef1c V\u0169 tr\u1ee5 gi\u1ea3i th\u00edch h\u1ed1 \u0111en l\u00e0 g\u00ec, ng\u00f4i sao h\u00ecnh th\u00e0nh v\u00e0 ch\u1ebft \u0111i ra sao\u2026 Xen k\u1ebd l\u00e0 c\u00e1c trang \u0111\u00f4i di\u1ec5n gi\u1ea3i m\u1ed9t ch\u1ee7 \u0111\u1ec1 theo t\u01b0 duy li\u00ean k\u1ebft gi\u1eefa c\u00e1c l\u0129nh v\u1ef1c, nh\u01b0 \u201cC\u00e2u chuy\u1ec7n v\u1ec1 m\u1eadt m\u00e3\u201d thu\u1eadt l\u1ea1i l\u1ecbch s\u1eed c\u1ee7a m\u1eadt m\u00e3 (ra \u0111\u1eddi, ph\u00e1t tri\u1ec3n\u2026) v\u00e0 c\u00e1ch s\u1eed d\u1ee5ng m\u1eadt m\u00e3&#8230; M\u1ed7i trang c\u0169ng c\u00f3 \u00f4 \u201cXem th\u00eam\u201d li\u1ec7t k\u00ea c\u00e1c ch\u1ee7 \u0111\u1ec1 li\u00ean quan v\u1edbi ch\u1ee7 \u0111\u1ec1 \u0111ang \u0111\u1ec1 c\u1eadp. Cu\u1ed1i s\u00e1ch l\u00e0 ph\u1ee5 l\u1ee5c g\u1ed3m danh s\u00e1ch c\u00e1c nh\u00e0 khoa h\u1ecdc, c\u00e2y s\u1ef1 s\u1ed1ng, b\u1ea3n \u0111\u1ed3 th\u1ebf gi\u1edbi\u2026 \u0110\u1eb7c bi\u1ec7t, phi\u00ean b\u1ea3n ti\u1ebfng Vi\u1ec7t n\u00e0y c\u00f2n c\u00f3 danh s\u00e1ch c\u00e1c qu\u00e2n ch\u1ee7 v\u00e0 tri\u1ec1u \u0111\u1ea1i Vi\u1ec7t Nam. Sau c\u00f9ng l\u00e0 ph\u1ea7n \u201cT\u1eeb v\u1ef1ng\u201d gi\u1ea3i ngh\u0129a t\u1eeb kh\u00f3 v\u00e0 \u201cCh\u1ec9 m\u1ee5c\u201d \u0111\u1ec3 tra c\u1ee9u c\u00e1c ch\u1ee7 \u0111\u1ec1.<\/p>\n<p>L\u00e0 m\u00f3n qu\u00e0 tuy\u1ec7t v\u1eddi cho nh\u1eefng \u0111\u1ed9c gi\u1ea3 nh\u1ecf c\u00f3 v\u00f4 v\u00e0n c\u00e2u h\u1ecfi \u201cl\u1edbn\u201d v\u1ec1 th\u1ebf gi\u1edbi, kh\u00f4ng bao gi\u1edd ng\u1ea7n ng\u1ea1i th\u1eafc m\u1eafc \u201cC\u00e1i g\u00ec? T\u1ea1i sao? Nh\u01b0 th\u1ebf n\u00e0o?\u201d, B\u00e1ch khoa th\u01b0 tr\u1ebb em \u2013 Cu\u1ed1n s\u00e1ch l\u00ed gi\u1ea3i v\u1ea1n v\u1eadt s\u1ebd gi\u00fap c\u00e1c b\u1ea1n nh\u1ecf r\u1eddi m\u1eaft kh\u1ecfi m\u00e0n h\u00ecnh m\u00e1y t\u00ednh, ipad\u2026 \u0111\u1ec3 nh\u1eadn th\u1ea5y ni\u1ec1m vui trong vi\u1ec7c \u0111\u1ecdc s\u00e1ch v\u00e0 t\u00ecm t\u00f2i cu\u1ed9c s\u1ed1ng quanh m\u00ecnh.<\/p>\n<p>Gi\u1edbi thi\u1ec7u v\u1ec1 Dorling Kindersley:<\/p>\n<p>Dorling Kindersley (hay DK) l\u00e0 nh\u00e0 xu\u1ea5t b\u1ea3n uy t\u00edn h\u00e0ng \u0111\u1ea7u, t\u1eebng \u0111\u1ea1t nhi\u1ec1u gi\u1ea3i th\u01b0\u1edfng \u1edf m\u1ea3ng s\u00e1ch h\u00ecnh \u1ea3nh d\u00e0nh cho thi\u1ebfu nhi, \u0111\u01b0\u1ee3c c\u00e1c b\u1eadc ph\u1ee5 huynh c\u0169ng nh\u01b0 c\u00e1c th\u1ea7y c\u00f4 tin t\u01b0\u1edfng v\u00e0 \u0111\u01b0\u1ee3c tr\u1ebb em tr\u00ean to\u00e0n th\u1ebf gi\u1edbi y\u00eau m\u1ebfn. C\u00e1c s\u00e1ch c\u1ee7a DK lu\u00f4n k\u1ebft h\u1ee3p t\u00e0i t\u00ecnh nh\u1eefng h\u00ecnh \u1ea3nh minh h\u1ecda \u0111\u1eb7c s\u1eafc v\u1edbi n\u1ed9i dung \u0111\u01b0\u1ee3c bi\u00ean so\u1ea1n m\u1ea1ch l\u1ea1c, r\u00f5 r\u00e0ng b\u1edfi c\u00e1c chuy\u00ean gia trong t\u1eebng l\u0129nh v\u1ef1c.<\/p>\n<p>Nh\u1eadn x\u00e9t v\u1ec1 \u1ea5n ph\u1ea9m:<\/p>\n<p>\u201cM\u1ed9t \u2018s\u1ef1 \u0111\u1ea7u t\u01b0\u2019 cho tr\u1ebb ngay l\u00fac n\u00e0y v\u00e0 cho c\u1ea3 mai sau.\u201d &#8211; T\u1ea1p ch\u00ed Big Issue North<\/p>\n<p>\u201cB\u00e1ch khoa th\u01b0 tr\u1ebb em \u2013 Cu\u1ed1n s\u00e1ch l\u00ed gi\u1ea3i v\u1ea1n v\u1eadt \u0111\u1ea7y \u1eafp ki\u1ebfn th\u1ee9c cho nh\u1eefng b\u1ed9 \u00f3c non tr\u1ebb lu\u00f4n lu\u00f4n hi\u1ebfu k\u00ec. M\u1ed9t ngu\u1ed3n tham kh\u1ea3o t\u1ea1i nh\u00e0 c\u1ef1c k\u00ec h\u1eefu \u00edch&#8230;\u201d &#8211; Trang kids-bookreview.com<\/p>\n<p>\u201cB\u1ea5t k\u1ec3 b\u1ea1n \u0111\u1ecdc h\u1ee9ng th\u00fa v\u1edbi \u0111i\u1ec1u g\u00ec, t\u1eeb lo\u00e0i sa gi\u00f4ng \u0111\u1ebfn c\u00e1c tr\u1eadn chi\u1ebfn, t\u1eeb m\u00e0ng nh\u0129 trong tai \u0111\u1ebfn kh\u00f4ng gian ngo\u00e0i v\u0169 tr\u1ee5\u2026 cu\u1ed1n s\u00e1ch n\u00e0y c\u0169ng s\u1ebd l\u00e0 m\u1ed9t c\u00e1ch vui t\u01b0\u01a1i v\u00e0 th\u00fa v\u1ecb \u0111\u1ec3 kh\u1edfi \u0111\u1ea7u cho nh\u1eefng cu\u1ed9c nghi\u00ean c\u1ee9u s\u00e2u r\u1ed9ng h\u01a1n.\u201d &#8211; T\u1ea1p ch\u00ed School Library Journal<\/p>\n","protected":false},"excerpt":{"rendered":"<p>B\u00e1ch Khoa Th\u01b0 Tr\u1ebb Em &#8211; Cu\u1ed1n S\u00e1ch L\u00ed Gi\u1ea3i V\u1ea1n V\u1eadt<\/p>\n<p>Lu\u00f4n n\u1eb1m trong top s\u00e1ch b\u00e1n ch\u1ea1y v\u00e0 \u0111\u01b0\u1ee3c c\u1eadp nh\u1eadt ki\u1ebfn th\u1ee9c m\u1edbi nh\u1ea5t, B\u00e1ch khoa th\u01b0 tr\u1ebb em \u2013 Cu\u1ed1n s\u00e1ch l\u00ed gi\u1ea3i v\u1ea1n v\u1eadt c\u00f3 l\u1ed1i tr\u00ecnh b\u00e0y m\u1ea1ch l\u1ea1c, khoa h\u1ecdc, l\u00e0 cu\u1ed1n s\u00e1ch thi\u1ebft y\u1ebfu cho m\u1ecdi t\u1ee7 s\u00e1ch thi\u1ebfu nhi. M\u1edf \u0111\u1ea7u, ph\u1ea7n \u201cH\u01b0\u1edbng d\u1eabn s\u1eed d\u1ee5ng\u201d s\u1ebd kh\u00e1i qu\u00e1t cu\u1ed1n s\u00e1ch c\u0169ng nh\u01b0 gi\u00fap c\u00e1c b\u1ea1n \u0111\u1ecdc nh\u1ecf tu\u1ed5i thu\u1eadn ti\u1ec7n trong vi\u1ec7c \u0111\u1ecdc v\u00e0 tra c\u1ee9u. Ti\u1ebfp \u0111\u00f3, n\u1ed9i dung \u0111\u01b0\u1ee3c chia th\u00e0nh ch\u00edn l\u0129nh v\u1ef1c g\u1ed3m nhi\u1ec1u ch\u1ee7 \u0111\u1ec1, m\u1ed7i ch\u1ee7 \u0111\u1ec1 g\u00f3i g\u1ecdn trong m\u1ed9t trang \u0111\u01a1n. Ch\u1eb3ng h\u1ea1n, l\u0129nh v\u1ef1c C\u00f4ng ngh\u1ec7 n\u00f3i v\u1ec1 c\u00e1ch ho\u1ea1t \u0111\u1ed9ng c\u1ee7a m\u00e1y bay, robot&#8230;; l\u0129nh v\u1ef1c V\u0169 tr\u1ee5 gi\u1ea3i th\u00edch h\u1ed1 \u0111en l\u00e0 g\u00ec, ng\u00f4i sao h\u00ecnh th\u00e0nh v\u00e0 ch\u1ebft \u0111i ra sao\u2026 Xen k\u1ebd l\u00e0 c\u00e1c trang \u0111\u00f4i di\u1ec5n gi\u1ea3i m\u1ed9t ch\u1ee7 \u0111\u1ec1 theo t\u01b0 duy li\u00ean k\u1ebft gi\u1eefa c\u00e1c l\u0129nh v\u1ef1c, nh\u01b0 \u201cC\u00e2u chuy\u1ec7n v\u1ec1 m\u1eadt m\u00e3\u201d thu\u1eadt l\u1ea1i l\u1ecbch s\u1eed c\u1ee7a m\u1eadt m\u00e3 (ra \u0111\u1eddi, ph\u00e1t tri\u1ec3n\u2026) v\u00e0 c\u00e1ch s\u1eed d\u1ee5ng m\u1eadt m\u00e3&#8230; M\u1ed7i trang c\u0169ng c\u00f3 \u00f4 \u201cXem th\u00eam\u201d li\u1ec7t k\u00ea c\u00e1c ch\u1ee7 \u0111\u1ec1 li\u00ean quan v\u1edbi ch\u1ee7 \u0111\u1ec1 \u0111ang \u0111\u1ec1 c\u1eadp. Cu\u1ed1i s\u00e1ch l\u00e0 ph\u1ee5 l\u1ee5c g\u1ed3m danh s\u00e1ch c\u00e1c nh\u00e0 khoa h\u1ecdc, c\u00e2y s\u1ef1 s\u1ed1ng, b\u1ea3n \u0111\u1ed3 th\u1ebf gi\u1edbi\u2026 \u0110\u1eb7c bi\u1ec7t, phi\u00ean b\u1ea3n ti\u1ebfng Vi\u1ec7t n\u00e0y c\u00f2n c\u00f3 danh s\u00e1ch c\u00e1c qu\u00e2n ch\u1ee7 v\u00e0 tri\u1ec1u \u0111\u1ea1i Vi\u1ec7t Nam. Sau c\u00f9ng l\u00e0 ph\u1ea7n \u201cT\u1eeb v\u1ef1ng\u201d gi\u1ea3i ngh\u0129a t\u1eeb kh\u00f3 v\u00e0 \u201cCh\u1ec9 m\u1ee5c\u201d \u0111\u1ec3 tra c\u1ee9u c\u00e1c ch\u1ee7 \u0111\u1ec1.<\/p>\n<p>L\u00e0 m\u00f3n qu\u00e0 tuy\u1ec7t v\u1eddi cho nh\u1eefng \u0111\u1ed9c gi\u1ea3 nh\u1ecf c\u00f3 v\u00f4 v\u00e0n c\u00e2u h\u1ecfi \u201cl\u1edbn\u201d v\u1ec1 th\u1ebf gi\u1edbi, kh\u00f4ng bao gi\u1edd ng\u1ea7n ng\u1ea1i th\u1eafc m\u1eafc \u201cC\u00e1i g\u00ec? T\u1ea1i sao? Nh\u01b0 th\u1ebf n\u00e0o?\u201d, B\u00e1ch khoa th\u01b0 tr\u1ebb em \u2013 Cu\u1ed1n s\u00e1ch l\u00ed gi\u1ea3i v\u1ea1n v\u1eadt s\u1ebd gi\u00fap c\u00e1c b\u1ea1n nh\u1ecf r\u1eddi m\u1eaft kh\u1ecfi m\u00e0n h\u00ecnh m\u00e1y t\u00ednh, ipad\u2026 \u0111\u1ec3 nh\u1eadn th\u1ea5y ni\u1ec1m vui trong vi\u1ec7c \u0111\u1ecdc s\u00e1ch v\u00e0 t\u00ecm t\u00f2i cu\u1ed9c s\u1ed1ng quanh m\u00ecnh.<\/p>\n","protected":false},"featured_media":12569,"template":"","meta":{"_acf_changed":false},"product_brand":[],"product_cat":[25,17,26],"product_tag":[81],"class_list":{"0":"post-12572","1":"product","2":"type-product","3":"status-publish","4":"has-post-thumbnail","6":"product_cat-nhi-dong-6-tuoi-12-tuoi","7":"product_cat-sach-danh-cho-cac-be","8":"product_cat-thieu-nien-11-tuoi-18-tuoi","9":"product_tag-sach-gia-uu-dai","11":"first","12":"outofstock","13":"sale","14":"taxable","15":"shipping-taxable","16":"purchasable","17":"product-type-simple"},"supplier_id":null,"supplier_sku":"","barcode":null,"atum_controlled":true,"out_stock_date":"2023-03-06 11:00:06","out_stock_threshold":null,"inheritable":false,"inbound_stock":0,"stock_on_hold":0,"sold_today":0,"sales_last_days":0,"reserved_stock":0,"customer_returns":0,"warehouse_damage":0,"lost_in_post":0,"other_logs":0,"out_stock_days":1059,"lost_sales":0,"has_location":false,"update_date":"2026-01-28T23:10:51","atum_locations":[],"atum_stock_status":"outofstock","restock_status":false,"low_stock_amount":"","sales_update_date":"2026-01-28T23:10:51","calc_backorders":null,"acf":{"publisher":{"ID":1544,"post_author":"1","post_date":"2021-02-17 01:24:05","post_date_gmt":"2021-02-16 23:24:05","post_content":"","post_title":"\u0110\u00f4ng A","post_excerpt":"","post_status":"publish","comment_status":"closed","ping_status":"closed","post_password":"","post_name":"dong-a","to_ping":"","pinged":"","post_modified":"2021-02-17 01:24:05","post_modified_gmt":"2021-02-16 23:24:05","post_content_filtered":"","post_parent":0,"guid":"https:\/\/sachviet.eu\/nha-phat-hanh\/dong-a\/","menu_order":0,"post_type":"publisher","post_mime_type":"","comment_count":"0","filter":"raw"}},"_links":{"self":[{"href":"https:\/\/sachviet.eu\/en\/wp-json\/wp\/v2\/product\/12572","targetHints":{"allow":["GET"]}}],"collection":[{"href":"https:\/\/sachviet.eu\/en\/wp-json\/wp\/v2\/product"}],"about":[{"href":"https:\/\/sachviet.eu\/en\/wp-json\/wp\/v2\/types\/product"}],"wp:featuredmedia":[{"embeddable":true,"href":"https:\/\/sachviet.eu\/en\/wp-json\/wp\/v2\/media\/12569"}],"wp:attachment":[{"href":"https:\/\/sachviet.eu\/en\/wp-json\/wp\/v2\/media?parent=12572"}],"wp:term":[{"taxonomy":"product_brand","embeddable":true,"href":"https:\/\/sachviet.eu\/en\/wp-json\/wp\/v2\/product_brand?post=12572"},{"taxonomy":"product_cat","embeddable":true,"href":"https:\/\/sachviet.eu\/en\/wp-json\/wp\/v2\/product_cat?post=12572"},{"taxonomy":"product_tag","embeddable":true,"href":"https:\/\/sachviet.eu\/en\/wp-json\/wp\/v2\/product_tag?post=12572"}],"curies":[{"name":"wp","href":"https:\/\/api.w.org\/{rel}","templated":true}]}}