{"id":12562,"date":"2021-06-11T14:35:10","date_gmt":"2021-06-11T11:35:10","guid":{"rendered":"https:\/\/sachviet.eu\/shop\/bo-sach-khung-long-than-men-set-3-quyen\/"},"modified":"2021-11-18T22:08:01","modified_gmt":"2021-11-18T20:08:01","slug":"bo-sach-khung-long-than-men-set-3-quyen","status":"publish","type":"product","link":"https:\/\/sachviet.eu\/en\/shop\/bo-sach-khung-long-than-men-set-3-quyen\/","title":{"rendered":"B\u1ed9 s\u00e1ch Kh\u1ee7ng long th\u00e2n m\u1ebfn &#8211; Set 3 quy\u1ec3n"},"content":{"rendered":"<p>Max \u0111\u01b0\u1ee3c b\u1ed1 m\u1eb9 \u0111\u01b0a \u0111\u1ebfn tham quan vi\u1ec7n b\u1ea3o t\u00e0ng, n\u01a1i c\u00f3 c\u00e1c ch\u00fa kh\u1ee7ng long m\u00e0 c\u1eadu y\u00eau th\u00edch. Kh\u1ee7ng long B\u1ea1o ch\u00faa T. Rex l\u00e0 lo\u00e0i kh\u1ee7ng long m\u00e0 Max y\u00eau th\u00edch nh\u1ea5t. Tuy nhi\u00ean th\u1eddi gian tham quan \u1edf b\u1ea3o t\u00e0ng kh\u00f4ng c\u00f3 nhi\u1ec1u m\u00e0 c\u1eadu th\u00ec c\u00f3 r\u1ea5t nhi\u1ec1u c\u00e2u h\u1ecfi v\u1ec1 nh\u1eefng ch\u00fa kh\u1ee7ng long. V\u00e0 theo l\u1eddi g\u1ee3i \u00fd c\u1ee7a m\u1eb9, Max \u0111\u00e3 quy\u1ebft \u0111\u1ecbnh v\u1ec1 nh\u00e0 v\u00e0 vi\u1ebft cho T. Rex m\u1ed9t b\u1ee9c th\u01b0. Li\u1ec7u T. Rex c\u00f3 nh\u1eadn \u0111\u01b0\u1ee3c th\u01b0 c\u1ee7a Max kh\u00f4ng? N\u1ebfu c\u00f3, T. Rex s\u1ebd tr\u1ea3 l\u1eddi nh\u01b0 th\u1ebf n\u00e0o tr\u01b0\u1edbc nh\u1eefng c\u00e2u h\u1ecfi c\u1ee7a Max? C\u00e1c b\u00e9 h\u00e3y \u0111\u00f3n \u0111\u1ecdc cu\u1ed1n s\u00e1ch tranh song ng\u1eef Kh\u1ee7ng long th\u00e2n m\u1ebfn v\u00e0 kh\u00e1m ph\u00e1 b\u00ed m\u1eadt trong c\u00e1c b\u1ee9c th\u01b0 c\u1ee7a Max v\u00e0 T. Rex nh\u00e9.<\/p>\n<p>Gi\u1ed1ng nh\u01b0 Max, Kh\u1ee7ng long T. Rex c\u0169ng r\u1ea5t mu\u1ed1n \u0111\u01b0\u1ee3c nh\u1eadn qu\u00e0 t\u1eeb \u00d4ng gi\u00e0 N\u00f4-en. Nh\u1edd c\u00f3 s\u1ef1 \u0111\u1ed9ng vi\u00ean c\u1ee7a Max, T. Rex \u0111\u00e3 vi\u1ebft th\u01b0 g\u1eedi \u00d4ng gi\u00e0 N\u00f4-en v\u1edbi m\u1ed9t danh s\u00e1ch c\u00e1c m\u00f3n qu\u00e0 r\u1ea5t d\u00e0i, kh\u00f4ng ch\u1ec9 l\u00e0 qu\u00e0 d\u00e0nh cho T. Rex, m\u00e0 c\u00f2n cho c\u1ea3 c\u00f4 Kh\u1ee7ng long Dora, b\u1ea1n Kh\u1ee7ng long Ba s\u1eebng, b\u1ea1n Kh\u1ee7ng long Nano v\u00e0 c\u1eadu b\u1ea1n th\u00e2n Max.<\/p>\n<p>C\u00e1c m\u00f3n qu\u00e0 m\u00e0 Kh\u1ee7ng long T. Rex mong mu\u1ed1n nh\u1eadn \u0111\u01b0\u1ee3c l\u00e0 g\u00ec? V\u00e0 li\u1ec7u \u00d4ng gi\u00e0 N\u00f4-en c\u00f3 t\u1eb7ng qu\u00e0 cho ch\u00fa Kh\u1ee7ng long T. Rex to b\u1ef1 v\u00e0 gi\u00e0 c\u1ed1c \u0111\u1ebf \u1ea5y kh\u00f4ng nh\u1ec9? C\u00e1c b\u00e9 h\u00e3y c\u00f9ng kh\u00e1m ph\u00e1 cu\u1ed1n s\u00e1ch \u00d4ng gi\u00e0 Kh\u1ee7ng long th\u00e2n m\u1ebfn \u0111\u1ec3 t\u00ecm ra c\u00e2u tr\u1ea3 l\u1eddi nh\u00e9!<\/p>\n<p>M\u1ed9t ng\u00e0y n\u1ecd Max h\u00e0o h\u1ee9ng \u0111\u1ebfn b\u1ea3o t\u00e0ng \u0111\u1ec3 g\u1eb7p c\u00e1c b\u1ea1n Kh\u1ee7ng long, nh\u01b0ng b\u1ea5t ng\u1edd l\u00e0 t\u1ea5t c\u1ea3 c\u00e1c b\u1ea1n kh\u1ee7ng long \u0111\u1ec1u \u0111\u00e3 bi\u1ebfn m\u1ea5t. Th\u00ec ra l\u00e0 \u201cc\u00e1c b\u1ea1n \u1ea5y \u0111ang \u0111i l\u01b0u di\u1ec5n \u0111\u1ebfn c\u00e1c b\u1ea3o t\u00e0ng tr\u00ean kh\u1eafp th\u1ebf gi\u1edbi c\u00f9ng v\u1edbi c\u00f4 Kh\u1ee7ng long Dora\u201d. Max \u0111\u00e3 quy\u1ebft \u0111\u1ecbnh vi\u1ebft th\u01b0 cho T. Rex \u0111\u1ec3 b\u00e1o cho b\u1ea1n \u1ea5y bi\u1ebft r\u1eb1ng c\u1eadu \u0111\u00e3 \u0111\u1ebfn b\u1ea3o t\u00e0ng v\u00e0 mong s\u1ebd s\u1edbm \u0111\u01b0\u1ee3c g\u1eb7p l\u1ea1i T. Rex c\u00f9ng c\u00e1c b\u1ea1n kh\u1ee7ng long. V\u00e0 r\u1ed3i, Max th\u01b0\u1eddng xuy\u00ean trao \u0111\u1ed5i th\u01b0 t\u1eeb v\u1edbi T. Rex v\u00e0 \u0111\u01b0\u1ee3c nghe Rex k\u1ec3 v\u1ec1 chuy\u1ebfn phi\u00eau l\u01b0u th\u00fa v\u1ecb c\u1ee7a c\u00e1c b\u1ea1n \u1ea5y.<\/p>\n<p>H\u00e3y c\u00f9ng T. Rex du ngo\u1ea1n v\u00e0 kh\u00e1m ph\u00e1 nh\u1eefng \u0111i\u1ec1u th\u00fa v\u1ecb t\u1ea1i nh\u1eefng v\u00f9ng \u0111\u1ea5t \u0111\u1eb7c bi\u1ec7t tr\u00ean<br \/>\ntr\u00e1i \u0111\u1ea5t nh\u00e9 c\u00e1c b\u1ea1n nh\u1ecf!<\/p>\n","protected":false},"excerpt":{"rendered":"<p>Max \u0111\u01b0\u1ee3c b\u1ed1 m\u1eb9 \u0111\u01b0a \u0111\u1ebfn tham quan vi\u1ec7n b\u1ea3o t\u00e0ng, n\u01a1i c\u00f3 c\u00e1c ch\u00fa kh\u1ee7ng long m\u00e0 c\u1eadu y\u00eau th\u00edch. Kh\u1ee7ng long B\u1ea1o ch\u00faa T. Rex l\u00e0 lo\u00e0i kh\u1ee7ng long m\u00e0 Max y\u00eau th\u00edch nh\u1ea5t. Tuy nhi\u00ean th\u1eddi gian tham quan \u1edf b\u1ea3o t\u00e0ng kh\u00f4ng c\u00f3 nhi\u1ec1u m\u00e0 c\u1eadu th\u00ec c\u00f3 r\u1ea5t nhi\u1ec1u c\u00e2u h\u1ecfi v\u1ec1 nh\u1eefng ch\u00fa kh\u1ee7ng long. V\u00e0 theo l\u1eddi g\u1ee3i \u00fd c\u1ee7a m\u1eb9, Max \u0111\u00e3 quy\u1ebft \u0111\u1ecbnh v\u1ec1 nh\u00e0 v\u00e0 vi\u1ebft cho T. Rex m\u1ed9t b\u1ee9c th\u01b0. Li\u1ec7u T. Rex c\u00f3 nh\u1eadn \u0111\u01b0\u1ee3c th\u01b0 c\u1ee7a Max kh\u00f4ng? N\u1ebfu c\u00f3, T. Rex s\u1ebd tr\u1ea3 l\u1eddi nh\u01b0 th\u1ebf n\u00e0o tr\u01b0\u1edbc nh\u1eefng c\u00e2u h\u1ecfi c\u1ee7a Max? C\u00e1c b\u00e9 h\u00e3y \u0111\u00f3n \u0111\u1ecdc cu\u1ed1n s\u00e1ch tranh song ng\u1eef Kh\u1ee7ng long th\u00e2n m\u1ebfn v\u00e0 kh\u00e1m ph\u00e1 b\u00ed m\u1eadt trong c\u00e1c b\u1ee9c th\u01b0 c\u1ee7a Max v\u00e0 T. Rex nh\u00e9.<\/p>\n<p>Gi\u1ed1ng nh\u01b0 Max, Kh\u1ee7ng long T. Rex c\u0169ng r\u1ea5t mu\u1ed1n \u0111\u01b0\u1ee3c nh\u1eadn qu\u00e0 t\u1eeb \u00d4ng gi\u00e0 N\u00f4-en. Nh\u1edd c\u00f3 s\u1ef1 \u0111\u1ed9ng vi\u00ean c\u1ee7a Max, T. Rex \u0111\u00e3 vi\u1ebft th\u01b0 g\u1eedi \u00d4ng gi\u00e0 N\u00f4-en v\u1edbi m\u1ed9t danh s\u00e1ch c\u00e1c m\u00f3n qu\u00e0 r\u1ea5t d\u00e0i, kh\u00f4ng ch\u1ec9 l\u00e0 qu\u00e0 d\u00e0nh cho T. Rex, m\u00e0 c\u00f2n cho c\u1ea3 c\u00f4 Kh\u1ee7ng long Dora, b\u1ea1n Kh\u1ee7ng long Ba s\u1eebng, b\u1ea1n Kh\u1ee7ng long Nano v\u00e0 c\u1eadu b\u1ea1n th\u00e2n Max.<\/p>\n<p>C\u00e1c m\u00f3n qu\u00e0 m\u00e0 Kh\u1ee7ng long T. Rex mong mu\u1ed1n nh\u1eadn \u0111\u01b0\u1ee3c l\u00e0 g\u00ec? V\u00e0 li\u1ec7u \u00d4ng gi\u00e0 N\u00f4-en c\u00f3 t\u1eb7ng qu\u00e0 cho ch\u00fa Kh\u1ee7ng long T. Rex to b\u1ef1 v\u00e0 gi\u00e0 c\u1ed1c \u0111\u1ebf \u1ea5y kh\u00f4ng nh\u1ec9? C\u00e1c b\u00e9 h\u00e3y c\u00f9ng kh\u00e1m ph\u00e1 cu\u1ed1n s\u00e1ch \u00d4ng gi\u00e0 Kh\u1ee7ng long th\u00e2n m\u1ebfn \u0111\u1ec3 t\u00ecm ra c\u00e2u tr\u1ea3 l\u1eddi nh\u00e9!<\/p>\n<p>M\u1ed9t ng\u00e0y n\u1ecd Max h\u00e0o h\u1ee9ng \u0111\u1ebfn b\u1ea3o t\u00e0ng \u0111\u1ec3 g\u1eb7p c\u00e1c b\u1ea1n Kh\u1ee7ng long, nh\u01b0ng b\u1ea5t ng\u1edd l\u00e0 t\u1ea5t c\u1ea3 c\u00e1c b\u1ea1n kh\u1ee7ng long \u0111\u1ec1u \u0111\u00e3 bi\u1ebfn m\u1ea5t. Th\u00ec ra l\u00e0 \u201cc\u00e1c b\u1ea1n \u1ea5y \u0111ang \u0111i l\u01b0u di\u1ec5n \u0111\u1ebfn c\u00e1c b\u1ea3o t\u00e0ng tr\u00ean kh\u1eafp th\u1ebf gi\u1edbi c\u00f9ng v\u1edbi c\u00f4 Kh\u1ee7ng long Dora\u201d. Max \u0111\u00e3 quy\u1ebft \u0111\u1ecbnh vi\u1ebft th\u01b0 cho T. Rex \u0111\u1ec3 b\u00e1o cho b\u1ea1n \u1ea5y bi\u1ebft r\u1eb1ng c\u1eadu \u0111\u00e3 \u0111\u1ebfn b\u1ea3o t\u00e0ng v\u00e0 mong s\u1ebd s\u1edbm \u0111\u01b0\u1ee3c g\u1eb7p l\u1ea1i T. Rex c\u00f9ng c\u00e1c b\u1ea1n kh\u1ee7ng long. V\u00e0 r\u1ed3i, Max th\u01b0\u1eddng xuy\u00ean trao \u0111\u1ed5i th\u01b0 t\u1eeb v\u1edbi T. Rex v\u00e0 \u0111\u01b0\u1ee3c nghe Rex k\u1ec3 v\u1ec1 chuy\u1ebfn phi\u00eau l\u01b0u th\u00fa v\u1ecb c\u1ee7a c\u00e1c b\u1ea1n \u1ea5y.<\/p>\n<p>H\u00e3y c\u00f9ng T. Rex du ngo\u1ea1n v\u00e0 kh\u00e1m ph\u00e1 nh\u1eefng \u0111i\u1ec1u th\u00fa v\u1ecb t\u1ea1i nh\u1eefng v\u00f9ng \u0111\u1ea5t \u0111\u1eb7c bi\u1ec7t tr\u00ean<br \/>\ntr\u00e1i \u0111\u1ea5t nh\u00e9 c\u00e1c b\u1ea1n nh\u1ecf!<\/p>\n","protected":false},"featured_media":12559,"template":"","meta":{"_acf_changed":false},"product_brand":[],"product_cat":[17,25,26],"product_tag":[],"class_list":{"0":"post-12562","1":"product","2":"type-product","3":"status-publish","4":"has-post-thumbnail","6":"product_cat-sach-danh-cho-cac-be","7":"product_cat-nhi-dong-6-tuoi-12-tuoi","8":"product_cat-thieu-nien-11-tuoi-18-tuoi","10":"first","11":"outofstock","12":"taxable","13":"shipping-taxable","14":"purchasable","15":"product-type-simple"},"supplier_id":null,"supplier_sku":"","barcode":null,"atum_controlled":true,"out_stock_date":"2021-11-18 20:08:01","out_stock_threshold":null,"inheritable":false,"inbound_stock":0,"stock_on_hold":0,"sold_today":0,"sales_last_days":0,"reserved_stock":0,"customer_returns":0,"warehouse_damage":0,"lost_in_post":0,"other_logs":0,"out_stock_days":1532,"lost_sales":0,"has_location":false,"update_date":"2026-01-28T23:10:51","atum_locations":[],"atum_stock_status":"outofstock","restock_status":false,"low_stock_amount":"","sales_update_date":"2026-01-28T23:10:51","calc_backorders":null,"acf":{"publisher":{"ID":1453,"post_author":"1","post_date":"2021-02-17 01:11:32","post_date_gmt":"2021-02-16 23:11:32","post_content":"<!-- wp:flatsome\/uxbuilder -->\n<h1 style=\"text-align: center;\"><strong>Qu\u1ea3ng V\u0103n<\/strong><\/h1>\n[row]\n\n[col span=\"6\" span__sm=\"12\"]\n\n[ux_image id=\"1552\" image_size=\"medium\"]\n\n\n[\/col]\n[col span=\"6\" span__sm=\"12\"]\n\n<p><strong>Quangvanbooks<\/strong><br \/>Qu\u1ea3ng V\u0103n l\u00e0 t\u1ed5 h\u1ee3p xu\u1ea5t b\u1ea3n, gi\u00e1o d\u1ee5c v\u00e0 nh\u01b0\u1ee3ng quy\u1ec1n h\u00e0ng \u0111\u1ea7u trong ng\u00e0nh c\u00f4ng nghi\u1ec7p s\u00e1ng t\u1ea1o v\u1edbi c\u00e1c th\u01b0\u01a1ng hi\u1ec7u nh\u00e1nh:<\/p>\n<p>Quangvanbooks - Th\u01b0\u01a1ng hi\u1ec7u s\u00e1ch v\u0103n h\u00f3a gi\u00e1o d\u1ee5c v\u00e0 v\u0103n h\u00f3a gi\u1ea3i tr\u00ed<br \/>Ehomebooks - Th\u01b0\u01a1ng hi\u1ec7u s\u00e1ch gi\u00e1o d\u1ee5c gia \u0111\u00ecnh<br \/>Sakurabooks - Th\u01b0\u01a1ng hi\u1ec7u s\u00e1ch Nh\u1eadt B\u1ea3n<br \/>IPERbooks - Th\u01b0\u01a1ng hi\u1ec7u s\u00e1ch gi\u00e1o d\u1ee5c nh\u00e0 tr\u01b0\u1eddng<br \/>IPER - Vi\u1ec7n nghi\u00ean c\u1ee9u xu\u1ea5t b\u1ea3n v\u00e0 gi\u00e1o d\u1ee5c IPER<\/p>\n<p><strong>T\u1ea7m nh\u00ecn<\/strong><br \/>Tr\u1edf th\u00e0nh th\u01b0\u01a1ng hi\u1ec7u s\u00e1ch v\u0103n h\u00f3a gi\u00e1o d\u1ee5c v\u00e0 v\u0103n h\u00f3a gi\u1ea3i tr\u00ed t\u1ed1t nh\u1ea5t v\u00e0 \u0111a d\u1ea1ng nh\u1ea5t Vi\u1ec7t Nam.<\/p>\n<p><br \/><strong>S\u1ee9 m\u1ec7nh<\/strong><br \/>Mang \u0111\u1ebfn nh\u1eefng cu\u1ed1n s\u00e1ch v\u0103n h\u00f3a gi\u00e1o d\u1ee5c v\u00e0 v\u0103n h\u00f3a gi\u1ea3i tr\u00ed \u0111\u1ebfn v\u1edbi \u0111\u1ed9c gi\u1ea3 Vi\u1ec7t Nam v\u00e0 th\u1ebf gi\u1edbi nh\u1eb1m gi\u00fap \u0111\u1ed9c gi\u1ea3 ph\u00e1t tri\u1ec3n b\u1ea3n th\u00e2n, gi\u00e1o d\u1ee5c, gi\u1ea3i tr\u00ed v\u00e0 khai s\u00e1ng nh\u1eb1m x\u00e2y d\u1ef1ng x\u00e3 h\u1ed9i th\u1ecbnh v\u01b0\u1ee3ng, h\u1ea1nh ph\u00fac.<\/p>\n<p><strong>Gi\u00e1 tr\u1ecb c\u1ed1t l\u00f5i<\/strong><\/p>\n<p>S\u00e1ng t\u1ea1o - Linh ho\u1ea1t - H\u1ee3p t\u00e1c - Ch\u00ednh tr\u1ef1c - Nhi\u1ec7t huy\u1ebft - C\u00e2n b\u1eb1ng - H\u1ea1nh ph\u00fac<\/p>\n\n[\/col]\n\n[\/row]\n\n<!-- \/wp:flatsome\/uxbuilder -->","post_title":"Qu\u1ea3ng V\u0103n","post_excerpt":"","post_status":"publish","comment_status":"closed","ping_status":"closed","post_password":"","post_name":"quang-van","to_ping":"","pinged":"","post_modified":"2021-02-17 01:26:44","post_modified_gmt":"2021-02-16 23:26:44","post_content_filtered":"","post_parent":0,"guid":"https:\/\/sachviet.eu\/nha-phat-hanh\/quang-van\/","menu_order":0,"post_type":"publisher","post_mime_type":"","comment_count":"0","filter":"raw"}},"_links":{"self":[{"href":"https:\/\/sachviet.eu\/en\/wp-json\/wp\/v2\/product\/12562","targetHints":{"allow":["GET"]}}],"collection":[{"href":"https:\/\/sachviet.eu\/en\/wp-json\/wp\/v2\/product"}],"about":[{"href":"https:\/\/sachviet.eu\/en\/wp-json\/wp\/v2\/types\/product"}],"wp:featuredmedia":[{"embeddable":true,"href":"https:\/\/sachviet.eu\/en\/wp-json\/wp\/v2\/media\/12559"}],"wp:attachment":[{"href":"https:\/\/sachviet.eu\/en\/wp-json\/wp\/v2\/media?parent=12562"}],"wp:term":[{"taxonomy":"product_brand","embeddable":true,"href":"https:\/\/sachviet.eu\/en\/wp-json\/wp\/v2\/product_brand?post=12562"},{"taxonomy":"product_cat","embeddable":true,"href":"https:\/\/sachviet.eu\/en\/wp-json\/wp\/v2\/product_cat?post=12562"},{"taxonomy":"product_tag","embeddable":true,"href":"https:\/\/sachviet.eu\/en\/wp-json\/wp\/v2\/product_tag?post=12562"}],"curies":[{"name":"wp","href":"https:\/\/api.w.org\/{rel}","templated":true}]}}