{"id":12556,"date":"2021-06-11T14:34:44","date_gmt":"2021-06-11T11:34:44","guid":{"rendered":"https:\/\/sachviet.eu\/shop\/mot-nam-cuc-gau-mot-nam-nho-nho-cua-liz-climo\/"},"modified":"2022-02-13T10:25:48","modified_gmt":"2022-02-13T08:25:48","slug":"mot-nam-cuc-gau-mot-nam-nho-nho-cua-liz-climo","status":"publish","type":"product","link":"https:\/\/sachviet.eu\/en\/shop\/mot-nam-cuc-gau-mot-nam-nho-nho-cua-liz-climo\/","title":{"rendered":"M\u1ed9t n\u0103m c\u1ef1c &#8220;g\u1ea5u&#8221; &#8211; m\u1ed9t n\u0103m nho nh\u1ecf c\u1ee7a Liz Climo"},"content":{"rendered":"<p>D\u00f9 xu\u00e2n, h\u1ea1, thu, hay \u0111\u00f4ng, h\u00e3y d\u00e0nh ch\u00fat th\u1eddi gian th\u1ea3 m\u00ecnh trong th\u1ebf gi\u1edbi l\u00ed l\u1eafc v\u00e0 duy\u00ean d\u00e1ng c\u1ee7a Liz Climo, xem c\u1eb7p \u0111\u00f4i G\u1ea5u v\u00e0 Th\u1ecf c\u00f9ng nh\u1eefng ng\u01b0\u1eddi b\u1ea1n R\u00e1i C\u00e1, L\u01b0\u1eddi, Ch\u1ed3n H\u00f4i, v\u00e0 R\u00f9a t\u1ed5 ch\u1ee9c c\u00e1c ng\u00e0y l\u1ec5 \u0111\u1eb7c bi\u1ec7t trong n\u0103m theo c\u00e1ch c\u1ef1c \u201cg\u1ea5u\u201d! B\u1ea1n s\u1ebd nh\u1eadn ra r\u1eb1ng, khi c\u00f3 nh\u1eefng ng\u01b0\u1eddi b\u1ea1n t\u1ed1t k\u1ec1 b\u00ean, ng\u00e0y n\u00e0o c\u0169ng l\u00e0 ng\u00e0y tuy\u1ec7t v\u1eddi nh\u1ea5t!<\/p>\n<p>T\u00e1c gi\u1ea3 Liz Climo chia s\u1ebb: \u201cD\u00f9 m\u1ea1ng x\u00e3 h\u1ed9i khi\u1ebfn t\u00f4i h\u01a1i khi\u1ebfp \u0111\u1ea3m, song t\u00f4i v\u1eabn ti\u1ebfp t\u1ee5c \u0111\u0103ng truy\u1ec7n tranh c\u1ee7a m\u00ecnh (nhi\u1ec1u l\u00fac \u0111\u0103ng xong, t\u00f4i l\u1ea1i n\u00fap sau gh\u1ebf s\u00f4 pha, l\u00e0m nh\u01b0 n\u00f3 c\u00f3 th\u1ec3 che ch\u1eafn t\u00f4i kh\u1ecfi nh\u1eefng b\u00ecnh lu\u1eadn ti\u00eau c\u1ef1c). D\u1ea7n d\u00e0, t\u00f4i b\u1eaft \u0111\u1ea7u nh\u1eadn \u0111\u01b0\u1ee3c tin nh\u1eafn t\u1eeb nh\u1eefng b\u1ea1n \u0111ang tr\u1ea3i qua qu\u00e3ng th\u1eddi gian kh\u00f3 kh\u0103n. H\u1ecd t\u00e2m s\u1ef1 r\u1eb1ng nh\u1eefng m\u1ea9u truy\u1ec7n \u0111\u00e3 cho h\u1ecd ch\u00fat ni\u1ec1m an \u1ee7i gi\u1eefa c\u01a1n u s\u1ea7u, v\u00e0 t\u00f4i \u0111\u00e3 c\u1ea3m th\u1ea5y vinh d\u1ef1 v\u00f4 ng\u1ea7n khi nh\u1eadn \u0111\u01b0\u1ee3c nh\u1eefng tin nh\u1eafn nh\u01b0 v\u1eady. T\u00f4i \u0111\u00e3 t\u1eebng tr\u1ea3i qua nh\u1eefng giai \u0111o\u1ea1n tuy\u1ec7t v\u1ecdng c\u00f9ng c\u1ef1c \u2013 ai trong ch\u00fang ta c\u0169ng v\u1eady. Th\u1eadt m\u1eebng khi bi\u1ebft nh\u1eefng m\u1ea9u truy\u1ec7n \u1ea5y c\u00f3 th\u1ec3 mang l\u1ea1i d\u00f9 ch\u1ec9 m\u1ed9t t\u00ed t\u1eb9o ni\u1ec1m khu\u00e2y kho\u1ea3.<\/p>\n<p>&#8230; T\u00f4i hi v\u1ecdng cu\u1ed1n s\u00e1ch n\u00e0y s\u1ebd th\u00f4i th\u00fac b\u1ea1n nh\u00ecn v\u00e0o nh\u1eefng \u0111i\u1ec1u t\u00edch c\u1ef1c, hay \u00edt ra c\u0169ng gi\u00fap b\u1ea1n vui l\u00ean. Ho\u1eb7c c\u00f3 l\u1ebd b\u1ea1n s\u1ebd ngh\u0129 n\u00f3 th\u1eadt ng\u1edb ng\u1ea9n v\u00e0 v\u1ee9t to\u1eb9t n\u00f3 xu\u1ed1ng s\u00e0n v\u00ec h\u00f4m nay t\u00e2m tr\u1ea1ng c\u1ee7a b\u1ea1n c\u1ef1c k\u00ec t\u1ec7 h\u1ea1i. Nh\u01b0 v\u1eady c\u0169ng kh\u00f4ng sao! Nh\u01b0ng l\u00e0m \u01a1n h\u00e3y mua s\u00e1ch tr\u01b0\u1edbc, \u0111\u1eebng n\u00e9m n\u00f3 trong hi\u1ec7u s\u00e1ch, ng\u01b0\u1eddi ta kh\u00f4ng th\u00edch th\u1ebf \u0111\u00e2u. V\u00e0 n\u1ebfu cu\u1ed9c s\u1ed1ng c\u1ee7a b\u1ea1n g\u1ea7n \u0111\u00e2y kh\u00f3 kh\u0103n qu\u00e1 \u0111\u1ed7i, t\u00f4i mong r\u1eb1ng k\u1ec3 t\u1eeb ng\u00e0y h\u00f4m nay, b\u1ea1n s\u1ebd c\u00f3 m\u1ed9t n\u0103m tuy\u1ec7t v\u1eddi nh\u1ea5t!\u201d<\/p>\n<p>T\u00e1c gi\u1ea3 Liz Climo l\u1edbn l\u00ean \u1edf v\u00f9ng v\u1ecbnh San Francisco v\u00e0 chuy\u1ec3n t\u1edbi Los Angeles sau khi t\u1ed1t nghi\u1ec7p \u0111\u1ea1i h\u1ecdc \u0111\u1ec3 l\u00e0m ho\u1ea1 s\u0129 cho series phim ho\u1ea1t h\u00ecnh Gia \u0111\u00ecnh Simpson (The Simpsons). C\u00f4 \u0111\u00e3<\/p>\n<p>l\u1eadp m\u1ed9t trang blog truy\u1ec7n tranh, LizClimo.tumblr.com, v\u00e0 l\u00e0 t\u00e1c gi\u1ea3 c\u1ee7a Th\u1ebf gi\u1edbi nh\u1ecf c\u1ee7a Liz Climo (The Little World of Liz Climo), B\u1ea1n b\u00e8 mu\u00f4n n\u0103m (Lobster is the Best Medicine), v\u00e0 b\u1ed9 s\u00e1ch tranh cho thi\u1ebfu nhi xoay quanh nh\u00e2n v\u1eadt Kh\u1ee7ng long Rory. Liz hi\u1ec7n s\u1ed1ng \u1edf L.A. v\u1edbi ch\u1ed3ng v\u00e0 con g\u00e1i.<\/p>\n","protected":false},"excerpt":{"rendered":"<p>D\u00f9 xu\u00e2n, h\u1ea1, thu, hay \u0111\u00f4ng, h\u00e3y d\u00e0nh ch\u00fat th\u1eddi gian th\u1ea3 m\u00ecnh trong th\u1ebf gi\u1edbi l\u00ed l\u1eafc v\u00e0 duy\u00ean d\u00e1ng c\u1ee7a Liz Climo, xem c\u1eb7p \u0111\u00f4i G\u1ea5u v\u00e0 Th\u1ecf c\u00f9ng nh\u1eefng ng\u01b0\u1eddi b\u1ea1n R\u00e1i C\u00e1, L\u01b0\u1eddi, Ch\u1ed3n H\u00f4i, v\u00e0 R\u00f9a t\u1ed5 ch\u1ee9c c\u00e1c ng\u00e0y l\u1ec5 \u0111\u1eb7c bi\u1ec7t trong n\u0103m theo c\u00e1ch c\u1ef1c \u201cg\u1ea5u\u201d! B\u1ea1n s\u1ebd nh\u1eadn ra r\u1eb1ng, khi c\u00f3 nh\u1eefng ng\u01b0\u1eddi b\u1ea1n t\u1ed1t k\u1ec1 b\u00ean, ng\u00e0y n\u00e0o c\u0169ng l\u00e0 ng\u00e0y tuy\u1ec7t v\u1eddi nh\u1ea5t!<\/p>\n<p>T\u00e1c gi\u1ea3 Liz Climo chia s\u1ebb: \u201cD\u00f9 m\u1ea1ng x\u00e3 h\u1ed9i khi\u1ebfn t\u00f4i h\u01a1i khi\u1ebfp \u0111\u1ea3m, song t\u00f4i v\u1eabn ti\u1ebfp t\u1ee5c \u0111\u0103ng truy\u1ec7n tranh c\u1ee7a m\u00ecnh (nhi\u1ec1u l\u00fac \u0111\u0103ng xong, t\u00f4i l\u1ea1i n\u00fap sau gh\u1ebf s\u00f4 pha, l\u00e0m nh\u01b0 n\u00f3 c\u00f3 th\u1ec3 che ch\u1eafn t\u00f4i kh\u1ecfi nh\u1eefng b\u00ecnh lu\u1eadn ti\u00eau c\u1ef1c). D\u1ea7n d\u00e0, t\u00f4i b\u1eaft \u0111\u1ea7u nh\u1eadn \u0111\u01b0\u1ee3c tin nh\u1eafn t\u1eeb nh\u1eefng b\u1ea1n \u0111ang tr\u1ea3i qua qu\u00e3ng th\u1eddi gian kh\u00f3 kh\u0103n. H\u1ecd t\u00e2m s\u1ef1 r\u1eb1ng nh\u1eefng m\u1ea9u truy\u1ec7n \u0111\u00e3 cho h\u1ecd ch\u00fat ni\u1ec1m an \u1ee7i gi\u1eefa c\u01a1n u s\u1ea7u, v\u00e0 t\u00f4i \u0111\u00e3 c\u1ea3m th\u1ea5y vinh d\u1ef1 v\u00f4 ng\u1ea7n khi nh\u1eadn \u0111\u01b0\u1ee3c nh\u1eefng tin nh\u1eafn nh\u01b0 v\u1eady. T\u00f4i \u0111\u00e3 t\u1eebng tr\u1ea3i qua nh\u1eefng giai \u0111o\u1ea1n tuy\u1ec7t v\u1ecdng c\u00f9ng c\u1ef1c \u2013 ai trong ch\u00fang ta c\u0169ng v\u1eady. Th\u1eadt m\u1eebng khi bi\u1ebft nh\u1eefng m\u1ea9u truy\u1ec7n \u1ea5y c\u00f3 th\u1ec3 mang l\u1ea1i d\u00f9 ch\u1ec9 m\u1ed9t t\u00ed t\u1eb9o ni\u1ec1m khu\u00e2y kho\u1ea3.<\/p>\n<p>&#8230; T\u00f4i hi v\u1ecdng cu\u1ed1n s\u00e1ch n\u00e0y s\u1ebd th\u00f4i th\u00fac b\u1ea1n nh\u00ecn v\u00e0o nh\u1eefng \u0111i\u1ec1u t\u00edch c\u1ef1c, hay \u00edt ra c\u0169ng gi\u00fap b\u1ea1n vui l\u00ean. Ho\u1eb7c c\u00f3 l\u1ebd b\u1ea1n s\u1ebd ngh\u0129 n\u00f3 th\u1eadt ng\u1edb ng\u1ea9n v\u00e0 v\u1ee9t to\u1eb9t n\u00f3 xu\u1ed1ng s\u00e0n v\u00ec h\u00f4m nay t\u00e2m tr\u1ea1ng c\u1ee7a b\u1ea1n c\u1ef1c k\u00ec t\u1ec7 h\u1ea1i. Nh\u01b0 v\u1eady c\u0169ng kh\u00f4ng sao! Nh\u01b0ng l\u00e0m \u01a1n h\u00e3y mua s\u00e1ch tr\u01b0\u1edbc, \u0111\u1eebng n\u00e9m n\u00f3 trong hi\u1ec7u s\u00e1ch, ng\u01b0\u1eddi ta kh\u00f4ng th\u00edch th\u1ebf \u0111\u00e2u. V\u00e0 n\u1ebfu cu\u1ed9c s\u1ed1ng c\u1ee7a b\u1ea1n g\u1ea7n \u0111\u00e2y kh\u00f3 kh\u0103n qu\u00e1 \u0111\u1ed7i, t\u00f4i mong r\u1eb1ng k\u1ec3 t\u1eeb ng\u00e0y h\u00f4m nay, b\u1ea1n s\u1ebd c\u00f3 m\u1ed9t n\u0103m tuy\u1ec7t v\u1eddi nh\u1ea5t!\u201d<\/p>\n<p>T\u00e1c gi\u1ea3 Liz Climo l\u1edbn l\u00ean \u1edf v\u00f9ng v\u1ecbnh San Francisco v\u00e0 chuy\u1ec3n t\u1edbi Los Angeles sau khi t\u1ed1t nghi\u1ec7p \u0111\u1ea1i h\u1ecdc \u0111\u1ec3 l\u00e0m ho\u1ea1 s\u0129 cho series phim ho\u1ea1t h\u00ecnh Gia \u0111\u00ecnh Simpson (The Simpsons). C\u00f4 \u0111\u00e3<\/p>\n<p>l\u1eadp m\u1ed9t trang blog truy\u1ec7n tranh, LizClimo.tumblr.com, v\u00e0 l\u00e0 t\u00e1c gi\u1ea3 c\u1ee7a Th\u1ebf gi\u1edbi nh\u1ecf c\u1ee7a Liz Climo (The Little World of Liz Climo), B\u1ea1n b\u00e8 mu\u00f4n n\u0103m (Lobster is the Best Medicine), v\u00e0 b\u1ed9 s\u00e1ch tranh cho thi\u1ebfu nhi xoay quanh nh\u00e2n v\u1eadt Kh\u1ee7ng long Rory. Liz hi\u1ec7n s\u1ed1ng \u1edf L.A. v\u1edbi ch\u1ed3ng v\u00e0 con g\u00e1i.<\/p>\n","protected":false},"featured_media":12555,"template":"","meta":{"_acf_changed":false},"product_brand":[],"product_cat":[25,17,26],"product_tag":[],"class_list":{"0":"post-12556","1":"product","2":"type-product","3":"status-publish","4":"has-post-thumbnail","6":"product_cat-nhi-dong-6-tuoi-12-tuoi","7":"product_cat-sach-danh-cho-cac-be","8":"product_cat-thieu-nien-11-tuoi-18-tuoi","10":"first","11":"outofstock","12":"taxable","13":"shipping-taxable","14":"purchasable","15":"product-type-simple"},"supplier_id":null,"supplier_sku":"","barcode":null,"atum_controlled":true,"out_stock_date":"2022-02-13 06:25:48","out_stock_threshold":null,"inheritable":false,"inbound_stock":0,"stock_on_hold":0,"sold_today":0,"sales_last_days":0,"reserved_stock":0,"customer_returns":0,"warehouse_damage":0,"lost_in_post":0,"other_logs":0,"out_stock_days":1445,"lost_sales":0,"has_location":false,"update_date":"2026-01-28T23:10:51","atum_locations":[],"atum_stock_status":"outofstock","restock_status":false,"low_stock_amount":"","sales_update_date":"2026-01-28T23:10:51","calc_backorders":null,"acf":{"publisher":{"ID":1454,"post_author":"1","post_date":"2021-02-17 01:11:34","post_date_gmt":"2021-02-16 23:11:34","post_content":"<!-- wp:flatsome\/uxbuilder -->\n<h1 style=\"text-align: center;\"><strong>Kim \u0110\u1ed3ng<\/strong><\/h1>\n[row]\n\n[col span=\"3\" span__sm=\"12\"]\n\n[ux_image id=\"1534\" image_size=\"medium\"]\n\n\n[\/col]\n[col span=\"9\" span__sm=\"12\"]\n\n<p>Nh\u00e0 xu\u1ea5t b\u1ea3n Kim \u0110\u1ed3ng tr\u1ef1c thu\u1ed9c Trung \u01b0\u01a1ng \u0110o\u00e0n TNCS H\u1ed3 Ch\u00ed Minh l\u00e0 Nh\u00e0 xu\u1ea5t b\u1ea3n t\u1ed5ng h\u1ee3p c\u00f3 ch\u1ee9c n\u0103ng xu\u1ea5t b\u1ea3n s\u00e1ch v\u00e0 v\u0103n h\u00f3a ph\u1ea9m ph\u1ee5c v\u1ee5 thi\u1ebfu nhi v\u00e0 c\u00e1c b\u1eadc ph\u1ee5 huynh trong c\u1ea3 n\u01b0\u1edbc, qu\u1ea3ng b\u00e1 v\u00e0 gi\u1edbi thi\u1ec7u v\u0103n h\u00f3a Vi\u1ec7t Nam ra th\u1ebf gi\u1edbi.<br \/>Nh\u00e0 xu\u1ea5t b\u1ea3n c\u00f3 nhi\u1ec7m v\u1ee5 t\u1ed5 ch\u1ee9c b\u1ea3n th\u1ea3o, bi\u00ean so\u1ea1n, bi\u00ean d\u1ecbch, xu\u1ea5t b\u1ea3n v\u00e0 ph\u00e1t h\u00e0nh c\u00e1c xu\u1ea5t b\u1ea3n ph\u1ea9m c\u00f3 n\u1ed9i dung: gi\u00e1o d\u1ee5c truy\u1ec1n th\u1ed1ng d\u00e2n t\u1ed9c, gi\u00e1o d\u1ee5c v\u1ec1 tri th\u1ee9c, ki\u1ebfn th\u1ee9c\u2026 tr\u00ean c\u00e1c l\u0129nh v\u1ef1c v\u0103n h\u1ecdc, ngh\u1ec7 thu\u1eadt, khoa h\u1ecdc k\u1ef9 thu\u1eadt nh\u1eb1m cung c\u1ea5p cho c\u00e1c em thi\u1ebfu nhi c\u0169ng nh\u01b0 c\u00e1c b\u1eadc ph\u1ee5 huynh c\u00e1c ki\u1ebfn th\u1ee9c c\u1ea7n thi\u1ebft trong cu\u1ed9c s\u1ed1ng, nh\u1eefng tinh hoa c\u1ee7a tri th\u1ee9c nh\u00e2n lo\u1ea1i nh\u1eb1m g\u00f3p ph\u1ea7n gi\u00e1o d\u1ee5c v\u00e0 h\u00ecnh th\u00e0nh nh\u00e2n c\u00e1ch th\u1ebf h\u1ec7 tr\u1ebb.<br \/>\u0110\u1ed1i t\u01b0\u1ee3ng ph\u1ee5c v\u1ee5 c\u1ee7a Nh\u00e0 xu\u1ea5t b\u1ea3n l\u00e0 c\u00e1c em t\u1eeb tu\u1ed5i nh\u00e0 tr\u1ebb m\u1eabu gi\u00e1o (1 \u0111\u1ebfn 5 tu\u1ed5i), nhi \u0111\u1ed3ng (6 \u0111\u1ebfn 9 tu\u1ed5i), thi\u1ebfu ni\u00ean (10 \u0111\u1ebfn 15 tu\u1ed5i) \u0111\u1ebfn c\u00e1c em tu\u1ed5i m\u1edbi l\u1edbn (16 \u0111\u1ebfn 18 tu\u1ed5i) v\u00e0 c\u00e1c b\u1eadc ph\u1ee5 huynh.<\/p>\n\n[\/col]\n\n[\/row]\n\n<!-- \/wp:flatsome\/uxbuilder -->","post_title":"Kim \u0110\u1ed3ng","post_excerpt":"","post_status":"publish","comment_status":"closed","ping_status":"closed","post_password":"","post_name":"kim-dong","to_ping":"","pinged":"","post_modified":"2021-02-17 01:31:56","post_modified_gmt":"2021-02-16 23:31:56","post_content_filtered":"","post_parent":0,"guid":"https:\/\/sachviet.eu\/nha-phat-hanh\/kim-dong\/","menu_order":0,"post_type":"publisher","post_mime_type":"","comment_count":"0","filter":"raw"}},"_links":{"self":[{"href":"https:\/\/sachviet.eu\/en\/wp-json\/wp\/v2\/product\/12556","targetHints":{"allow":["GET"]}}],"collection":[{"href":"https:\/\/sachviet.eu\/en\/wp-json\/wp\/v2\/product"}],"about":[{"href":"https:\/\/sachviet.eu\/en\/wp-json\/wp\/v2\/types\/product"}],"wp:featuredmedia":[{"embeddable":true,"href":"https:\/\/sachviet.eu\/en\/wp-json\/wp\/v2\/media\/12555"}],"wp:attachment":[{"href":"https:\/\/sachviet.eu\/en\/wp-json\/wp\/v2\/media?parent=12556"}],"wp:term":[{"taxonomy":"product_brand","embeddable":true,"href":"https:\/\/sachviet.eu\/en\/wp-json\/wp\/v2\/product_brand?post=12556"},{"taxonomy":"product_cat","embeddable":true,"href":"https:\/\/sachviet.eu\/en\/wp-json\/wp\/v2\/product_cat?post=12556"},{"taxonomy":"product_tag","embeddable":true,"href":"https:\/\/sachviet.eu\/en\/wp-json\/wp\/v2\/product_tag?post=12556"}],"curies":[{"name":"wp","href":"https:\/\/api.w.org\/{rel}","templated":true}]}}