{"id":12554,"date":"2021-06-11T14:34:39","date_gmt":"2021-06-11T11:34:39","guid":{"rendered":"https:\/\/sachviet.eu\/shop\/con-duong-len-nui\/"},"modified":"2025-04-20T10:34:29","modified_gmt":"2025-04-20T07:34:29","slug":"con-duong-len-nui","status":"publish","type":"product","link":"https:\/\/sachviet.eu\/en\/shop\/con-duong-len-nui\/","title":{"rendered":"Con \u0111\u01b0\u1eddng l\u00ean n\u00fai"},"content":{"rendered":"<p>M\u1ed7i Ch\u1ee7 nh\u1eadt b\u00e0 L\u1eedng \u0111\u1ec1u \u0111i b\u1ed9 l\u00ean \u0111\u1ec9nh n\u00fai B\u00e1nh \u0110\u01b0\u1eddng. Tr\u00ean \u0111\u01b0\u1eddng \u0111i, b\u00e0 h\u00e1i n\u1ea5m, s\u01b0u t\u1ea7m c\u00e1c b\u00e1u v\u1eadt v\u00e0 gi\u00fap \u0111\u1ee1 b\u1ea1n b\u00e8. \u0110\u00f4i khi b\u00e0 c\u00f2n t\u00ecm \u0111\u01b0\u1ee3c c\u1ea3 b\u1ea1n \u0111\u1ed3ng h\u00e0nh n\u1eefa\u2026.V\u00e0o m\u1ed9t ng\u00e0y n\u1ecd, trong h\u00e0nh tr\u00ecnh c\u1ee7a m\u00ecnh b\u00e0 L\u1eedng \u0111\u00e3 d\u1eabn d\u1eaft Lulu \u0111\u1ec3 tr\u1edf th\u00e0nh m\u1ed9t nh\u00e0 leo n\u00fai m\u1edbi. B\u00e0 L\u1eedng \u0111\u00e3 d\u1ea1y Lulu nh\u1eefng ki\u1ebfn th\u1ee9c v\u1ec1 thi\u00ean nhi\u00ean c\u00e2y c\u1ecf, bi\u1ebft gi\u00fap \u0111\u1ee1 ng\u01b0\u1eddi kh\u00e1c, bi\u1ebft c\u00e1ch s\u1eed d\u1ee5ng tr\u1ef1c gi\u00e1c v\u00e0 quan tr\u1ecdng nh\u1ea5t l\u00e0 bi\u1ebft t\u1eadn h\u01b0\u1edfng v\u1ebb \u0111\u1eb9p c\u1ee7a thi\u00ean nhi\u00ean. Th\u1ebf r\u1ed3i, \u0111\u1ebfn m\u1ed9t ng\u00e0y b\u00e0 L\u1eedng \u0111\u00e3 gi\u00e0 v\u00e0 kh\u00f4ng c\u00f2n \u0111\u1ee7 s\u1ee9c \u0111\u1ec3 l\u00ean n\u00fai B\u00e1nh \u0110\u01b0\u1eddng n\u1eefa, Lulu \u0111\u00e3 thay b\u00e0 L\u1eedng ti\u1ebfp t\u1ee5c th\u1ef1c hi\u1ec7n chuy\u1ebfn h\u00e0nh tr\u00ecnh l\u00ean n\u00fai \u1ea5y. Cu\u1ed1n s\u00e1ch tranh \u201cCon \u0111\u01b0\u1eddng l\u00ean n\u00fai\u201d c\u1ee7a t\u00e1c gi\u1ea3 Marianne Dubuc \u0111\u00e3 th\u1ec3 hi\u1ec7n m\u1ed9t c\u00e2u chuy\u1ec7n s\u00e2u s\u1eafc v\u1edbi nhi\u1ec1u b\u00e0i h\u1ecdc v\u1ec1 t\u00ecnh th\u01b0\u01a1ng y\u00eau, s\u1ef1 h\u00e0o ph\u00f3ng v\u00e0 vi\u1ec7c l\u1eafng nghe tr\u00e1i tim m\u00ecnh.<\/p>\n<p>Nh\u1eadn x\u00e9t c\u1ee7a \u0111\u1ed9c gi\u1ea3:<\/p>\n<p>\u201cCh\u00e1nh ni\u1ec7m (s\u1ef1 t\u0129nh t\u00e2m) c\u00f3 th\u1ec3 l\u00e0 m\u1ed9t kh\u00e1i ni\u1ec7m kh\u00f3 hi\u1ec3u, v\u00e0 cu\u1ed1n s\u00e1ch n\u00e0y \u0111\u00e3 \u0111\u01b0\u1ee3c s\u00e1ng t\u00e1c m\u1ed9t c\u00e1ch th\u1ea5u \u0111\u00e1o \u0111\u1ec3 th\u1ec3 hi\u1ec7n s\u1ef1 tr\u1ea7m ng\u00e2m v\u00e0 s\u1ef1 thanh th\u1ea3n. M\u1ed9t l\u1ef1a ch\u1ecdn ho\u00e0n h\u1ea3o d\u00e0nh cho nh\u1eefng ng\u01b0\u1eddi theo ch\u1ee7 ngh\u0129a t\u1ef1 nhi\u00ean nh\u1ecf tu\u1ed5i.\u201d &#8211; School Library Journal<\/p>\n<p>\u201cM\u1ed9t t\u00e1c ph\u1ea9m nh\u1eb9 nh\u00e0ng c\u1ee7a Dubuc \u0111\u1ec1 cao t\u00ecnh b\u1ea1n v\u00e0 t\u00ecm hi\u1ec3u v\u1ec1 c\u00e1c giai \u0111o\u1ea1n ph\u00e1t tri\u1ec3n c\u1ee7a s\u1ef1 s\u1ed1ng, v\u00e0 g\u1ee3i \u00fd r\u1eb1ng s\u1ef1 t\u1eed t\u1ebf c\u00f3 th\u1ec3 tr\u1edf th\u00e0nh m\u1ed9t truy\u1ec1n th\u1ed1ng.\u201d &#8211; Publishers Weekly<\/p>\n<p>\u201cM\u1ed9t c\u00e2u chuy\u1ec7n nh\u1eb9 nh\u00e0ng v\u00e0 \u0111\u00e1ng y\u00eau cho t\u1ee7 s\u00e1ch c\u1ee7a nhi\u1ec1u th\u1ebf h\u1ec7.\u201d &#8211; Kirkus Reviews<\/p>\n<p>\u201cM\u1ed9t cu\u1ed1n s\u00e1ch h\u01b0\u1edbng d\u1eabn v\u1ec1 t\u00ecnh b\u1eb1ng h\u1eefu v\u00e0 s\u1ef1 kh\u00e1m ph\u00e1.\u201d \u2013 Publisher\u2019s Weekly<\/p>\n<p>C\u00e1c gi\u1ea3i th\u01b0\u1edfng \u0111\u00e3 \u0111\u1ea1t \u0111\u01b0\u1ee3c:<\/p>\n<p>\u2022 Gi\u1ea3i th\u01b0\u1edfng c\u1ee7a To\u00e0n quy\u1ec1n Canada n\u0103m 2018, h\u1ea1ng m\u1ee5c s\u00e1ch thi\u1ebfu nhi;<\/p>\n<p>\u2022 Gi\u1ea3i th\u01b0\u1edfng V\u0103n h\u1ecdc tr\u1ebb TD n\u0103m 2018;<\/p>\n<p>\u2022 Gi\u1ea3i th\u01b0\u1edfng Harry Black n\u0103m 2018;<\/p>\n<p>\u2022 Gi\u1ea3i th\u01b0\u1edfng c\u1ee7a Th\u01b0 vi\u1ec7n Th\u00e0nh ph\u1ed1 Montreal n\u0103m 2018;<\/p>\n<p>\u2022 Gi\u1ea3i th\u01b0\u1edfng V\u0103n h\u1ecdc Thi\u1ebfu nhi Canada TD n\u0103m 2018;<\/p>\n<p>\u2022 Cu\u1ed1n s\u00e1ch xu\u1ea5t s\u1eafc (Outstanding Merit), Gi\u1ea3i th\u01b0\u1edfng cu\u1ed1n s\u00e1ch thi\u1ebfu nhi hay nh\u1ea5t c\u1ee7a Bank Street n\u0103m 2019;<\/p>\n<p>GI\u1edaI THI\u1ec6U T\u00c1C GI\u1ea2<\/p>\n<p>Marianne sinh ra \u1edf Montreal, Quebec, Canada. L\u00e0 con m\u1ed9t trong gia \u0111\u00ecnh, khi c\u00f2n nh\u1ecf c\u00f4 th\u01b0\u1eddng theo cha m\u1eb9 \u0111i ra ngo\u00e0i v\u00e0 ng\u1ed3i v\u1ebd v\u1eddi trong nhi\u1ec1u gi\u1edd li\u1ec1n. Khi l\u1edbn l\u00ean, c\u00f4 v\u1ebd tranh v\u00e0 s\u00e1ng t\u00e1c truy\u1ec7n cho c\u00e1c em h\u1ecd.<\/p>\n<p>Sau khi h\u1ecdc thi\u1ebft k\u1ebf \u0111\u1ed3 h\u1ecda t\u1ea1i tr\u01b0\u1eddng \u0110\u1ea1i h\u1ecdc Quebec t\u1ea1i Montreal, c\u00f4 xu\u1ea5t b\u1ea3n cu\u1ed1n s\u00e1ch \u0111\u1ea7u ti\u00ean v\u00e0o n\u0103m 2006. Marianne Dubuc l\u00e0 m\u1ed9t t\u00e1c gi\u1ea3 v\u00e0 h\u1ecda s\u0129 minh h\u1ecda s\u00e1ch tranh \u0111\u00e3 nh\u1eadn \u0111\u01b0\u1ee3c nhi\u1ec1u gi\u1ea3i th\u01b0\u1edfng v\u00e0 c\u00e1c cu\u1ed1n s\u00e1ch c\u1ee7a c\u00f4 \u0111\u00e3 \u0111\u01b0\u1ee3c d\u1ecbch ra h\u01a1n 25 ng\u00f4n ng\u1eef.<\/p>\n<p>M\u1ed9t s\u1ed1 cu\u1ed1n s\u00e1ch n\u1ed5i b\u1eadt:<\/p>\n<p>\u2022 The Bus Ride, Gi\u1ea3i th\u01b0\u1edfng V\u0103n h\u1ecdc thi\u1ebfu nhi Canada TD n\u0103m 2015<\/p>\n<p>\u2022 Mr. Postmouse&#8217;s Rounds, Gi\u1ea3i th\u01b0\u1edfng cu\u1ed1n s\u00e1ch hay nh\u1ea5t d\u00e0nh cho tr\u1ebb em v\u00e0 tr\u1ebb v\u1ecb th\u00e0nh ni\u00ean, do Trung t\u00e2m s\u00e1ch thi\u1ebfu nhi Canada b\u00ecnh ch\u1ecdn, n\u0103m 2016; Gi\u1ea3i th\u01b0\u1edfng cu\u1ed1n s\u00e1ch tranh hay nh\u1ea5t n\u0103m 2015, do Kirkus Reviews b\u00ecnh ch\u1ecdn.<\/p>\n<p>\u2022 Lucy and Company, Gi\u1ea3i th\u01b0\u1edfng s\u00e1ch thi\u1ebfu nhi hay nh\u1ea5t c\u1ee7a n\u0103m 2017, do Bank Street College b\u00ecnh ch\u1ecdn; Gi\u1ea3i th\u01b0\u1edfng cu\u1ed1n s\u00e1ch hay nh\u1ea5t d\u00e0nh cho tr\u1ebb em v\u00e0 tr\u1ebb v\u1ecb th\u00e0nh ni\u00ean, do Trung t\u00e2m s\u00e1ch thi\u1ebfu nhi Canada b\u00ecnh ch\u1ecdn, n\u0103m 2017.<\/p>\n","protected":false},"excerpt":{"rendered":"<p>M\u1ed7i Ch\u1ee7 nh\u1eadt b\u00e0 L\u1eedng \u0111\u1ec1u \u0111i b\u1ed9 l\u00ean \u0111\u1ec9nh n\u00fai B\u00e1nh \u0110\u01b0\u1eddng. Tr\u00ean \u0111\u01b0\u1eddng \u0111i, b\u00e0 h\u00e1i n\u1ea5m, s\u01b0u t\u1ea7m c\u00e1c b\u00e1u v\u1eadt v\u00e0 gi\u00fap \u0111\u1ee1 b\u1ea1n b\u00e8. \u0110\u00f4i khi b\u00e0 c\u00f2n t\u00ecm \u0111\u01b0\u1ee3c c\u1ea3 b\u1ea1n \u0111\u1ed3ng h\u00e0nh n\u1eefa\u2026.V\u00e0o m\u1ed9t ng\u00e0y n\u1ecd, trong h\u00e0nh tr\u00ecnh c\u1ee7a m\u00ecnh b\u00e0 L\u1eedng \u0111\u00e3 d\u1eabn d\u1eaft Lulu \u0111\u1ec3 tr\u1edf th\u00e0nh m\u1ed9t nh\u00e0 leo n\u00fai m\u1edbi. B\u00e0 L\u1eedng \u0111\u00e3 d\u1ea1y Lulu nh\u1eefng ki\u1ebfn th\u1ee9c v\u1ec1 thi\u00ean nhi\u00ean c\u00e2y c\u1ecf, bi\u1ebft gi\u00fap \u0111\u1ee1 ng\u01b0\u1eddi kh\u00e1c, bi\u1ebft c\u00e1ch s\u1eed d\u1ee5ng tr\u1ef1c gi\u00e1c v\u00e0 quan tr\u1ecdng nh\u1ea5t l\u00e0 bi\u1ebft t\u1eadn h\u01b0\u1edfng v\u1ebb \u0111\u1eb9p c\u1ee7a thi\u00ean nhi\u00ean. Th\u1ebf r\u1ed3i, \u0111\u1ebfn m\u1ed9t ng\u00e0y b\u00e0 L\u1eedng \u0111\u00e3 gi\u00e0 v\u00e0 kh\u00f4ng c\u00f2n \u0111\u1ee7 s\u1ee9c \u0111\u1ec3 l\u00ean n\u00fai B\u00e1nh \u0110\u01b0\u1eddng n\u1eefa, Lulu \u0111\u00e3 thay b\u00e0 L\u1eedng ti\u1ebfp t\u1ee5c th\u1ef1c hi\u1ec7n chuy\u1ebfn h\u00e0nh tr\u00ecnh l\u00ean n\u00fai \u1ea5y. Cu\u1ed1n s\u00e1ch tranh \u201cCon \u0111\u01b0\u1eddng l\u00ean n\u00fai\u201d c\u1ee7a t\u00e1c gi\u1ea3 Marianne Dubuc \u0111\u00e3 th\u1ec3 hi\u1ec7n m\u1ed9t c\u00e2u chuy\u1ec7n s\u00e2u s\u1eafc v\u1edbi nhi\u1ec1u b\u00e0i h\u1ecdc v\u1ec1 t\u00ecnh th\u01b0\u01a1ng y\u00eau, s\u1ef1 h\u00e0o ph\u00f3ng v\u00e0 vi\u1ec7c l\u1eafng nghe tr\u00e1i tim m\u00ecnh.<\/p>\n","protected":false},"featured_media":12545,"template":"","meta":{"_acf_changed":false},"product_brand":[],"product_cat":[24,25,17],"product_tag":[81],"class_list":{"0":"post-12554","1":"product","2":"type-product","3":"status-publish","4":"has-post-thumbnail","6":"product_cat-nha-tre-mau-giao-0-tuoi-6-tuoi","7":"product_cat-nhi-dong-6-tuoi-12-tuoi","8":"product_cat-sach-danh-cho-cac-be","9":"product_tag-sach-gia-uu-dai","11":"first","12":"outofstock","13":"sale","14":"taxable","15":"shipping-taxable","16":"purchasable","17":"product-type-simple"},"supplier_id":null,"supplier_sku":"","barcode":null,"atum_controlled":true,"out_stock_date":"2025-04-20 07:34:29","out_stock_threshold":null,"inheritable":false,"inbound_stock":0,"stock_on_hold":0,"sold_today":0,"sales_last_days":0,"reserved_stock":0,"customer_returns":0,"warehouse_damage":0,"lost_in_post":0,"other_logs":0,"out_stock_days":283,"lost_sales":0,"has_location":false,"update_date":"2026-01-28T23:11:28","atum_locations":[],"atum_stock_status":"outofstock","restock_status":false,"low_stock_amount":"","sales_update_date":"2026-01-28T23:11:28","calc_backorders":null,"acf":{"publisher":{"ID":1453,"post_author":"1","post_date":"2021-02-17 01:11:32","post_date_gmt":"2021-02-16 23:11:32","post_content":"<!-- wp:flatsome\/uxbuilder -->\n<h1 style=\"text-align: center;\"><strong>Qu\u1ea3ng V\u0103n<\/strong><\/h1>\n[row]\n\n[col span=\"6\" span__sm=\"12\"]\n\n[ux_image id=\"1552\" image_size=\"medium\"]\n\n\n[\/col]\n[col span=\"6\" span__sm=\"12\"]\n\n<p><strong>Quangvanbooks<\/strong><br \/>Qu\u1ea3ng V\u0103n l\u00e0 t\u1ed5 h\u1ee3p xu\u1ea5t b\u1ea3n, gi\u00e1o d\u1ee5c v\u00e0 nh\u01b0\u1ee3ng quy\u1ec1n h\u00e0ng \u0111\u1ea7u trong ng\u00e0nh c\u00f4ng nghi\u1ec7p s\u00e1ng t\u1ea1o v\u1edbi c\u00e1c th\u01b0\u01a1ng hi\u1ec7u nh\u00e1nh:<\/p>\n<p>Quangvanbooks - Th\u01b0\u01a1ng hi\u1ec7u s\u00e1ch v\u0103n h\u00f3a gi\u00e1o d\u1ee5c v\u00e0 v\u0103n h\u00f3a gi\u1ea3i tr\u00ed<br \/>Ehomebooks - Th\u01b0\u01a1ng hi\u1ec7u s\u00e1ch gi\u00e1o d\u1ee5c gia \u0111\u00ecnh<br \/>Sakurabooks - Th\u01b0\u01a1ng hi\u1ec7u s\u00e1ch Nh\u1eadt B\u1ea3n<br \/>IPERbooks - Th\u01b0\u01a1ng hi\u1ec7u s\u00e1ch gi\u00e1o d\u1ee5c nh\u00e0 tr\u01b0\u1eddng<br \/>IPER - Vi\u1ec7n nghi\u00ean c\u1ee9u xu\u1ea5t b\u1ea3n v\u00e0 gi\u00e1o d\u1ee5c IPER<\/p>\n<p><strong>T\u1ea7m nh\u00ecn<\/strong><br \/>Tr\u1edf th\u00e0nh th\u01b0\u01a1ng hi\u1ec7u s\u00e1ch v\u0103n h\u00f3a gi\u00e1o d\u1ee5c v\u00e0 v\u0103n h\u00f3a gi\u1ea3i tr\u00ed t\u1ed1t nh\u1ea5t v\u00e0 \u0111a d\u1ea1ng nh\u1ea5t Vi\u1ec7t Nam.<\/p>\n<p><br \/><strong>S\u1ee9 m\u1ec7nh<\/strong><br \/>Mang \u0111\u1ebfn nh\u1eefng cu\u1ed1n s\u00e1ch v\u0103n h\u00f3a gi\u00e1o d\u1ee5c v\u00e0 v\u0103n h\u00f3a gi\u1ea3i tr\u00ed \u0111\u1ebfn v\u1edbi \u0111\u1ed9c gi\u1ea3 Vi\u1ec7t Nam v\u00e0 th\u1ebf gi\u1edbi nh\u1eb1m gi\u00fap \u0111\u1ed9c gi\u1ea3 ph\u00e1t tri\u1ec3n b\u1ea3n th\u00e2n, gi\u00e1o d\u1ee5c, gi\u1ea3i tr\u00ed v\u00e0 khai s\u00e1ng nh\u1eb1m x\u00e2y d\u1ef1ng x\u00e3 h\u1ed9i th\u1ecbnh v\u01b0\u1ee3ng, h\u1ea1nh ph\u00fac.<\/p>\n<p><strong>Gi\u00e1 tr\u1ecb c\u1ed1t l\u00f5i<\/strong><\/p>\n<p>S\u00e1ng t\u1ea1o - Linh ho\u1ea1t - H\u1ee3p t\u00e1c - Ch\u00ednh tr\u1ef1c - Nhi\u1ec7t huy\u1ebft - C\u00e2n b\u1eb1ng - H\u1ea1nh ph\u00fac<\/p>\n\n[\/col]\n\n[\/row]\n\n<!-- \/wp:flatsome\/uxbuilder -->","post_title":"Qu\u1ea3ng V\u0103n","post_excerpt":"","post_status":"publish","comment_status":"closed","ping_status":"closed","post_password":"","post_name":"quang-van","to_ping":"","pinged":"","post_modified":"2021-02-17 01:26:44","post_modified_gmt":"2021-02-16 23:26:44","post_content_filtered":"","post_parent":0,"guid":"https:\/\/sachviet.eu\/nha-phat-hanh\/quang-van\/","menu_order":0,"post_type":"publisher","post_mime_type":"","comment_count":"0","filter":"raw"}},"_links":{"self":[{"href":"https:\/\/sachviet.eu\/en\/wp-json\/wp\/v2\/product\/12554","targetHints":{"allow":["GET"]}}],"collection":[{"href":"https:\/\/sachviet.eu\/en\/wp-json\/wp\/v2\/product"}],"about":[{"href":"https:\/\/sachviet.eu\/en\/wp-json\/wp\/v2\/types\/product"}],"wp:featuredmedia":[{"embeddable":true,"href":"https:\/\/sachviet.eu\/en\/wp-json\/wp\/v2\/media\/12545"}],"wp:attachment":[{"href":"https:\/\/sachviet.eu\/en\/wp-json\/wp\/v2\/media?parent=12554"}],"wp:term":[{"taxonomy":"product_brand","embeddable":true,"href":"https:\/\/sachviet.eu\/en\/wp-json\/wp\/v2\/product_brand?post=12554"},{"taxonomy":"product_cat","embeddable":true,"href":"https:\/\/sachviet.eu\/en\/wp-json\/wp\/v2\/product_cat?post=12554"},{"taxonomy":"product_tag","embeddable":true,"href":"https:\/\/sachviet.eu\/en\/wp-json\/wp\/v2\/product_tag?post=12554"}],"curies":[{"name":"wp","href":"https:\/\/api.w.org\/{rel}","templated":true}]}}