{"id":12542,"date":"2021-06-11T14:33:29","date_gmt":"2021-06-11T11:33:29","guid":{"rendered":"https:\/\/sachviet.eu\/shop\/me-oi-me-thay-the-nao-a\/"},"modified":"2024-08-11T00:32:29","modified_gmt":"2024-08-10T21:32:29","slug":"me-oi-me-thay-the-nao-a","status":"publish","type":"product","link":"https:\/\/sachviet.eu\/en\/shop\/me-oi-me-thay-the-nao-a\/","title":{"rendered":"M\u1eb9 \u01a0i, M\u1eb9 Th\u1ea5y Th\u1ebf N\u00e0o \u1ea0"},"content":{"rendered":"<p>M\u1eb9 \u01a0i, M\u1eb9 Th\u1ea5y Th\u1ebf N\u00e0o \u1ea0?<\/p>\n<p>\u201cM\u1eb9 \u01a1i, m\u1eb9 c\u00f3 kh\u1ecfe kh\u00f4ng \u1ea1?<\/p>\n<p>Nh\u00e2n ng\u00e0y c\u1ee7a M\u1eb9, con s\u1ebd vi\u1ebft m\u1ed9t b\u1ee9c th\u01b0 cho m\u1eb9.<\/p>\n<p>Con \u0111\u00e3 quy\u1ebft t\u00e2m s\u1ebd vi\u1ebft h\u1ebft ra nh\u1eefng \u0111i\u1ec1u mu\u1ed1n n\u00f3i\u2026\u201d<\/p>\n<p>Cu\u1ed1n s\u00e1ch tranh th\u1ec3 hi\u1ec7n nh\u1eefng suy ngh\u0129 nguy\u1ec7n v\u1ecdng c\u1ee7a con tr\u1ebb, m\u00e0 ng\u01b0\u1eddi l\u1edbn th\u01b0\u1eddng b\u1ecf qua, d\u01b0\u1edbi d\u1ea1ng m\u1ed9t b\u1ee9c th\u01b0 c\u1ee7a m\u1ed9t c\u1eadu b\u00e9 d\u00e0nh cho m\u1eb9 c\u1ee7a m\u00ecnh. B\u1ee9c th\u01b0 \u1ea5y, t\u01b0\u1edfng ch\u1eebng nh\u01b0 to\u00e0n nh\u1eefng l\u1eddi than v\u00e3n, nh\u01b0ng th\u1ef1c ch\u1ea5t ph\u1ea3n \u00e1nh t\u00ecnh y\u00eau c\u1ee7a c\u1eadu d\u00e0nh cho m\u1eb9 v\u00e0 t\u00ecnh c\u1ea3m g\u1eafn b\u00f3 gi\u1eefa hai m\u1eb9 con.<\/p>\n<p>Ryuji Goto  &#8211; Sinh n\u0103m 1943 t\u1ea1i Hokkaido, t\u1ed1t nghi\u1ec7p \u0111\u1ea1i h\u1ecdc Waseda, h\u1ed9i vi\u00ean H\u1ed9i V\u0103n h\u1ecdc Thi\u1ebfu nhi Nh\u1eadt B\u1ea3n v\u00e0 Hi\u1ec7p h\u1ed9i Kisetsufu (Gi\u00f3 m\u00f9a).<\/p>\n<p>\u0110o\u1ea1t gi\u1ea3i th\u01b0\u1edfng T\u00e1c gi\u1ea3 V\u0103n h\u1ecdc thi\u1ebfu nhi m\u1edbi c\u1ee7a NXB Kodansha v\u1edbi t\u00e1c ph\u1ea9m \u201cTh\u1ebf gi\u1edbi n\u00e0y to\u00e0n l\u00e0 thi\u00ean th\u1ea7n\u201d.<\/p>\n<p>C\u00e1c t\u00e1c ph\u1ea9m ch\u00ednh: \u201cNh\u1eefng ch\u00e0ng trai \u1ea5y\u201d (Gi\u1ea3i th\u01b0\u1edfng Hi\u1ec7p h\u1ed9i V\u0103n h\u1ecdc Thi\u1ebfu nhi Nh\u1eadt B\u1ea3n), \u201cQu\u00ea nh\u00e0\u201d (Gi\u1ea3i th\u01b0\u1edfng V\u0103n h\u1ecdc Obunsha), \u201cTham v\u1ecdng kh\u00f4ng \u0111\u1ed5i\u201d (Gi\u1ea3i th\u01b0\u1edfng V\u0103n h\u1ecdc Thi\u1ebfu nhi Noma), \u201cH\u1ed3ng ng\u1ecdc\u201d, \u201cChuy\u1ec7n tu\u1ed5i 12\u201d, \u201cChuy\u1ec7n l\u1edbp 1A\u201d\u2026<\/p>\n<p>Miho Takeda &#8211; Sinh n\u0103m 1959 t\u1ea1i Tokyo.<\/p>\n<p>T\u1eebng theo h\u1ecdc khoa Ngh\u1ec7 thu\u1eadt tr\u01b0\u1eddng \u0110\u1ea1i h\u1ecdc Nh\u1eadt B\u1ea3n nh\u01b0ng b\u1ecf gi\u1eefa ch\u1eebng.<\/p>\n<p>V\u1edbi cu\u1ed1n s\u00e1ch \u201cC\u1eadu b\u00e9 Masuda b\u00e0n b\u00ean\u201d, b\u00e0 \u0111\u1ea1i Gi\u1ea3i th\u01b0\u1edfng V\u0103n h\u1ecdc Kodansha d\u00e0nh cho s\u00e1ch tranh thi\u1ebfu nhi Ehon, v\u00e0 gi\u1ea3i th\u01b0\u1edfng Ehon Nh\u1eadt B\u1ea3n. C\u00e1c t\u00e1c ph\u1ea9m ti\u00eau bi\u1ec3u c\u1ee7a b\u00e0 g\u1ed3m \u201cNg\u00f4i nh\u00e0 k\u00ec di\u1ec7u \u0111\u1ea7y h\u1ed3i h\u1ed9p\u201d (Gi\u1ea3 th\u01b0\u1edfng Ehon Nh\u1eadt B\u1ea3n), \u201cCh\u00fa ma trong g\u00f3c\u201d (Gi\u1ea3i th\u01b0\u1edfng Ehon Nh\u1eadt B\u1ea3n &#8211; Gi\u1ea3i \u0111\u1ecdc gi\u1ea3 b\u00ecnh ch\u1ecdn, Gi\u1ea3i th\u01b0\u1edfng Kenbuchi), \u201cB\u00ecnh \u0111o\u00e0n ki\u1ebfn\u201d\u2026<\/p>\n","protected":false},"excerpt":{"rendered":"<p>M\u1eb9 \u01a0i, M\u1eb9 Th\u1ea5y Th\u1ebf N\u00e0o \u1ea0?<\/p>\n<p>\u201cM\u1eb9 \u01a1i, m\u1eb9 c\u00f3 kh\u1ecfe kh\u00f4ng \u1ea1?<\/p>\n<p>Nh\u00e2n ng\u00e0y c\u1ee7a M\u1eb9, con s\u1ebd vi\u1ebft m\u1ed9t b\u1ee9c th\u01b0 cho m\u1eb9.<\/p>\n<p>Con \u0111\u00e3 quy\u1ebft t\u00e2m s\u1ebd vi\u1ebft h\u1ebft ra nh\u1eefng \u0111i\u1ec1u mu\u1ed1n n\u00f3i\u2026\u201d<\/p>\n<p>Cu\u1ed1n s\u00e1ch tranh th\u1ec3 hi\u1ec7n nh\u1eefng suy ngh\u0129 nguy\u1ec7n v\u1ecdng c\u1ee7a con tr\u1ebb, m\u00e0 ng\u01b0\u1eddi l\u1edbn th\u01b0\u1eddng b\u1ecf qua, d\u01b0\u1edbi d\u1ea1ng m\u1ed9t b\u1ee9c th\u01b0 c\u1ee7a m\u1ed9t c\u1eadu b\u00e9 d\u00e0nh cho m\u1eb9 c\u1ee7a m\u00ecnh. B\u1ee9c th\u01b0 \u1ea5y, t\u01b0\u1edfng ch\u1eebng nh\u01b0 to\u00e0n nh\u1eefng l\u1eddi than v\u00e3n, nh\u01b0ng th\u1ef1c ch\u1ea5t ph\u1ea3n \u00e1nh t\u00ecnh y\u00eau c\u1ee7a c\u1eadu d\u00e0nh cho m\u1eb9 v\u00e0 t\u00ecnh c\u1ea3m g\u1eafn b\u00f3 gi\u1eefa hai m\u1eb9 con.<\/p>\n","protected":false},"featured_media":12534,"template":"","meta":{"_acf_changed":false},"product_brand":[],"product_cat":[25,19,17,26],"product_tag":[],"class_list":{"0":"post-12542","1":"product","2":"type-product","3":"status-publish","4":"has-post-thumbnail","6":"product_cat-nhi-dong-6-tuoi-12-tuoi","7":"product_cat-nuoi-day-con","8":"product_cat-sach-danh-cho-cac-be","9":"product_cat-thieu-nien-11-tuoi-18-tuoi","11":"first","12":"instock","13":"taxable","14":"shipping-taxable","15":"purchasable","16":"product-type-simple"},"supplier_id":null,"supplier_sku":"","barcode":null,"atum_controlled":true,"out_stock_date":null,"out_stock_threshold":null,"inheritable":false,"inbound_stock":0,"stock_on_hold":0,"sold_today":0,"sales_last_days":0,"reserved_stock":0,"customer_returns":0,"warehouse_damage":0,"lost_in_post":0,"other_logs":0,"out_stock_days":0,"lost_sales":0,"has_location":false,"update_date":"2026-01-28T23:11:19","atum_locations":[],"atum_stock_status":"instock","restock_status":false,"low_stock_amount":"","sales_update_date":"2026-01-28T23:11:19","calc_backorders":null,"acf":{"publisher":{"ID":1454,"post_author":"1","post_date":"2021-02-17 01:11:34","post_date_gmt":"2021-02-16 23:11:34","post_content":"<!-- wp:flatsome\/uxbuilder -->\n<h1 style=\"text-align: center;\"><strong>Kim \u0110\u1ed3ng<\/strong><\/h1>\n[row]\n\n[col span=\"3\" span__sm=\"12\"]\n\n[ux_image id=\"1534\" image_size=\"medium\"]\n\n\n[\/col]\n[col span=\"9\" span__sm=\"12\"]\n\n<p>Nh\u00e0 xu\u1ea5t b\u1ea3n Kim \u0110\u1ed3ng tr\u1ef1c thu\u1ed9c Trung \u01b0\u01a1ng \u0110o\u00e0n TNCS H\u1ed3 Ch\u00ed Minh l\u00e0 Nh\u00e0 xu\u1ea5t b\u1ea3n t\u1ed5ng h\u1ee3p c\u00f3 ch\u1ee9c n\u0103ng xu\u1ea5t b\u1ea3n s\u00e1ch v\u00e0 v\u0103n h\u00f3a ph\u1ea9m ph\u1ee5c v\u1ee5 thi\u1ebfu nhi v\u00e0 c\u00e1c b\u1eadc ph\u1ee5 huynh trong c\u1ea3 n\u01b0\u1edbc, qu\u1ea3ng b\u00e1 v\u00e0 gi\u1edbi thi\u1ec7u v\u0103n h\u00f3a Vi\u1ec7t Nam ra th\u1ebf gi\u1edbi.<br \/>Nh\u00e0 xu\u1ea5t b\u1ea3n c\u00f3 nhi\u1ec7m v\u1ee5 t\u1ed5 ch\u1ee9c b\u1ea3n th\u1ea3o, bi\u00ean so\u1ea1n, bi\u00ean d\u1ecbch, xu\u1ea5t b\u1ea3n v\u00e0 ph\u00e1t h\u00e0nh c\u00e1c xu\u1ea5t b\u1ea3n ph\u1ea9m c\u00f3 n\u1ed9i dung: gi\u00e1o d\u1ee5c truy\u1ec1n th\u1ed1ng d\u00e2n t\u1ed9c, gi\u00e1o d\u1ee5c v\u1ec1 tri th\u1ee9c, ki\u1ebfn th\u1ee9c\u2026 tr\u00ean c\u00e1c l\u0129nh v\u1ef1c v\u0103n h\u1ecdc, ngh\u1ec7 thu\u1eadt, khoa h\u1ecdc k\u1ef9 thu\u1eadt nh\u1eb1m cung c\u1ea5p cho c\u00e1c em thi\u1ebfu nhi c\u0169ng nh\u01b0 c\u00e1c b\u1eadc ph\u1ee5 huynh c\u00e1c ki\u1ebfn th\u1ee9c c\u1ea7n thi\u1ebft trong cu\u1ed9c s\u1ed1ng, nh\u1eefng tinh hoa c\u1ee7a tri th\u1ee9c nh\u00e2n lo\u1ea1i nh\u1eb1m g\u00f3p ph\u1ea7n gi\u00e1o d\u1ee5c v\u00e0 h\u00ecnh th\u00e0nh nh\u00e2n c\u00e1ch th\u1ebf h\u1ec7 tr\u1ebb.<br \/>\u0110\u1ed1i t\u01b0\u1ee3ng ph\u1ee5c v\u1ee5 c\u1ee7a Nh\u00e0 xu\u1ea5t b\u1ea3n l\u00e0 c\u00e1c em t\u1eeb tu\u1ed5i nh\u00e0 tr\u1ebb m\u1eabu gi\u00e1o (1 \u0111\u1ebfn 5 tu\u1ed5i), nhi \u0111\u1ed3ng (6 \u0111\u1ebfn 9 tu\u1ed5i), thi\u1ebfu ni\u00ean (10 \u0111\u1ebfn 15 tu\u1ed5i) \u0111\u1ebfn c\u00e1c em tu\u1ed5i m\u1edbi l\u1edbn (16 \u0111\u1ebfn 18 tu\u1ed5i) v\u00e0 c\u00e1c b\u1eadc ph\u1ee5 huynh.<\/p>\n\n[\/col]\n\n[\/row]\n\n<!-- \/wp:flatsome\/uxbuilder -->","post_title":"Kim \u0110\u1ed3ng","post_excerpt":"","post_status":"publish","comment_status":"closed","ping_status":"closed","post_password":"","post_name":"kim-dong","to_ping":"","pinged":"","post_modified":"2021-02-17 01:31:56","post_modified_gmt":"2021-02-16 23:31:56","post_content_filtered":"","post_parent":0,"guid":"https:\/\/sachviet.eu\/nha-phat-hanh\/kim-dong\/","menu_order":0,"post_type":"publisher","post_mime_type":"","comment_count":"0","filter":"raw"}},"_links":{"self":[{"href":"https:\/\/sachviet.eu\/en\/wp-json\/wp\/v2\/product\/12542","targetHints":{"allow":["GET"]}}],"collection":[{"href":"https:\/\/sachviet.eu\/en\/wp-json\/wp\/v2\/product"}],"about":[{"href":"https:\/\/sachviet.eu\/en\/wp-json\/wp\/v2\/types\/product"}],"wp:featuredmedia":[{"embeddable":true,"href":"https:\/\/sachviet.eu\/en\/wp-json\/wp\/v2\/media\/12534"}],"wp:attachment":[{"href":"https:\/\/sachviet.eu\/en\/wp-json\/wp\/v2\/media?parent=12542"}],"wp:term":[{"taxonomy":"product_brand","embeddable":true,"href":"https:\/\/sachviet.eu\/en\/wp-json\/wp\/v2\/product_brand?post=12542"},{"taxonomy":"product_cat","embeddable":true,"href":"https:\/\/sachviet.eu\/en\/wp-json\/wp\/v2\/product_cat?post=12542"},{"taxonomy":"product_tag","embeddable":true,"href":"https:\/\/sachviet.eu\/en\/wp-json\/wp\/v2\/product_tag?post=12542"}],"curies":[{"name":"wp","href":"https:\/\/api.w.org\/{rel}","templated":true}]}}