{"id":12523,"date":"2021-06-11T14:31:40","date_gmt":"2021-06-11T11:31:40","guid":{"rendered":"https:\/\/sachviet.eu\/shop\/combo-sach-phat-trien-eq-cho-be-bo-tho-con-yeu-cha-con-yeu-me-set-2-quyen\/"},"modified":"2023-03-08T05:47:10","modified_gmt":"2023-03-08T03:47:10","slug":"combo-sach-phat-trien-eq-cho-be-bo-tho-con-yeu-cha-con-yeu-me-set-2-quyen","status":"publish","type":"product","link":"https:\/\/sachviet.eu\/en\/shop\/combo-sach-phat-trien-eq-cho-be-bo-tho-con-yeu-cha-con-yeu-me-set-2-quyen\/","title":{"rendered":"Combo s\u00e1ch ph\u00e1t tri\u1ec3n EQ cho b\u00e9: b\u1ed9 th\u01a1 Con y\u00eau cha + Con y\u00eau m\u1eb9 &#8211; Set 2 quy\u1ec3n"},"content":{"rendered":"<p>V\u1edbi nh\u1eefng v\u1ea7n th\u01a1 trong tr\u1ebbo, \u0111\u00e1ng y\u00eau, cu\u1ed1n s\u00e1ch Con y\u00eau m\u1eb9 truy\u1ec1n th\u00f4ng \u0111i\u1ec7p y\u00eau th\u01b0\u01a1ng \u0111\u1ebfn c\u00e1c b\u00e9 v\u00e0 b\u1ed1 m\u1eb9: \u0111\u1eebng ng\u1ea1i b\u00e0y t\u1ecf c\u1ea3m x\u00fac, c\u0169ng \u0111\u1eebng ng\u1ea1i n\u00f3i l\u1eddi y\u00eau th\u01b0\u01a1ng m\u1ed7i ng\u00e0y, b\u1edfi v\u00ec \u0111\u00e2y l\u00e0 c\u00e1ch \u0111\u1ec3 nu\u00f4i d\u01b0\u1ee1ng n\u00ean nh\u1eefng em b\u00e9 h\u1ea1nh ph\u00fac.<\/p>\n<p>Con y\u00eau m\u1eb9 l\u00e0 &#8220;l\u1eddi t\u1ecf t\u00ecnh&#8221;d\u1ec5 th\u01b0\u01a1ng c\u1ee7a c\u00e1c b\u00e9 d\u00e0nh cho m\u1eb9. Cu\u1ed1n s\u00e1ch kh\u00f4ng c\u00f3 nhi\u1ec1u l\u1eddi v\u0103n nh\u01b0ng m\u1ed7i ch\u1eef vi\u1ebft ra \u0111\u1ec1u l\u00e0 nh\u1eefng t\u00ecnh c\u1ea3m trong s\u00e1ng, \u0111ong \u0111\u1ea7y c\u1ee7a tr\u1ebb th\u01a1. C\u00f9ng h\u00ecnh \u1ea3nh minh h\u1ecda ch\u00e2n th\u1ef1c, tr\u1ef1c quan \u0111\u00e3 v\u1ebd ra cho tr\u1ebb m\u1ed9t th\u1ebf gi\u1edbi t\u00ecnh y\u00eau c\u1ea3m \u0111\u1ed9ng gi\u1eefa m\u1eb9 v\u00e0 con.<\/p>\n<p>B\u1ed1 m\u1eb9 h\u00e3y c\u00f9ng b\u00e9 c\u1ea3m nh\u1eadn cu\u1ed9c s\u1ed1ng qua nh\u1eefng v\u1ea7n th\u01a1 v\u00e0 n\u00e9t v\u1ebd th\u1eadt nhi\u1ec1u c\u1ea3m x\u00fac v\u00e0 \u0111\u1eb9p nh\u01b0 ch\u00ednh t\u00e2m h\u1ed3n tr\u1ebb th\u01a1 v\u1edbi cu\u1ed1n s\u00e1ch n\u00e0y nh\u00e9.<\/p>\n<p>Con y\u00eau m\u1eb9 l\u00e0 &#8220;l\u1eddi t\u1ecf t\u00ecnh&#8221;d\u1ec5 th\u01b0\u01a1ng c\u1ee7a c\u00e1c b\u00e9 d\u00e0nh cho m\u1eb9.<\/p>\n<p>&#8212;<\/p>\n<p>Cu\u1ed9c s\u1ed1ng l\u00e0 m\u1ed9t \u0111i\u1ec1u k\u00ec di\u1ec7u v\u00e0 m\u1ed7i b\u00e9 l\u00e0 m\u1ed9t thi\u00ean th\u1ea7n \u0111\u00e1ng y\u00eau. B\u00e9 \u0111\u01b0\u01a1c n\u00e2ng niu b\u1edfi t\u00ecnh y\u00eau c\u1ee7a gia \u0111\u00ecnh, s\u1ebb chia ng\u1ecdt b\u00f9i c\u00f9ng ch\u00fang b\u1ea1n, h\u00f2a m\u00ecnh v\u00e0o th\u1ebf gi\u1edbi xung quanh v\u1edbi bao \u0111i\u1ec1u c\u1ea7n kh\u00e1m ph\u00e1. H\u00e3y c\u00f9ng b\u00e9 c\u1ea3m nh\u1eadn cu\u1ed9c s\u1ed1ng qua nh\u1eefng v\u1ea7n th\u01a1 v\u00e0 n\u00e9t v\u1ebd th\u1eadt nhi\u1ec1u c\u1ea3m x\u00fac v\u00e0 \u0111\u1eb9p nh\u01b0 ch\u00ednh t\u00e2m h\u1ed3n tr\u1ebb th\u01a1 v\u1eady.<\/p>\n<p>Con y\u00eau cha ch\u1ee9a \u0111\u1ef1ng nh\u1eefng v\u1ea7n th\u01a1 dung d\u1ecb, h\u1ed3n nhi\u00ean, m\u00e0 c\u00f3 l\u00fac l\u1ea1i th\u1eadt s\u00e2u l\u1eafng, ghi l\u1ea1i nh\u1eefng kho\u1ea3nh kh\u1eafc tuy\u1ec7t v\u1eddi gi\u1eefa cha v\u00e0 con, th\u1ec3 hi\u1ec7n t\u00ecnh c\u1ea3m s\u00e2u s\u1eafc, thi\u00eang li\u00eang con d\u00e0nh cho cha. T\u00ecnh c\u1ea3m \u1ea5y l\u1edbn d\u1ea7n, l\u1edbn d\u1ea7n theo th\u00e1ng n\u0103m, nh\u01b0 con h\u00f4m nay nh\u1ecf xinh nh\u01b0 l\u00e0 n\u1ee5, r\u1ed3i ng\u00e0y mai t\u1edbi con s\u1ebd bung n\u1edf th\u00e0nh nh\u1eefng c\u00e1nh hoa r\u1ef1c r\u1ee1 v\u00e0 ng\u00e1t h\u01b0\u01a1ng.<\/p>\n<p>\u201cH\u00f4m nay con l\u00e0 n\u1ee5<br \/>\nNg\u00e0y mai con l\u00e0 hoa<br \/>\nT\u00ecnh con d\u00e0nh cho cha<br \/>\nL\u1edbn d\u1ea7n theo n\u0103m th\u00e1ng!\u201d<\/p>\n<p>Con y\u00eau cha h\u1ee9a h\u1eb9n l\u00e0 m\u00f3n qu\u00e0 tuy\u1ec7t v\u1eddi d\u00e0nh cho cha nh\u00e2n d\u1ecbp ng\u00e0y c\u1ee7a cha.<\/p>\n","protected":false},"excerpt":{"rendered":"<p>V\u1edbi nh\u1eefng v\u1ea7n th\u01a1 trong tr\u1ebbo, \u0111\u00e1ng y\u00eau, cu\u1ed1n s\u00e1ch Con y\u00eau m\u1eb9 truy\u1ec1n th\u00f4ng \u0111i\u1ec7p y\u00eau th\u01b0\u01a1ng \u0111\u1ebfn c\u00e1c b\u00e9 v\u00e0 b\u1ed1 m\u1eb9: \u0111\u1eebng ng\u1ea1i b\u00e0y t\u1ecf c\u1ea3m x\u00fac, c\u0169ng \u0111\u1eebng ng\u1ea1i n\u00f3i l\u1eddi y\u00eau th\u01b0\u01a1ng m\u1ed7i ng\u00e0y, b\u1edfi v\u00ec \u0111\u00e2y l\u00e0 c\u00e1ch \u0111\u1ec3 nu\u00f4i d\u01b0\u1ee1ng n\u00ean nh\u1eefng em b\u00e9 h\u1ea1nh ph\u00fac.<\/p>\n<p>Con y\u00eau m\u1eb9 l\u00e0 &#8220;l\u1eddi t\u1ecf t\u00ecnh&#8221;d\u1ec5 th\u01b0\u01a1ng c\u1ee7a c\u00e1c b\u00e9 d\u00e0nh cho m\u1eb9. Cu\u1ed1n s\u00e1ch kh\u00f4ng c\u00f3 nhi\u1ec1u l\u1eddi v\u0103n nh\u01b0ng m\u1ed7i ch\u1eef vi\u1ebft ra \u0111\u1ec1u l\u00e0 nh\u1eefng t\u00ecnh c\u1ea3m trong s\u00e1ng, \u0111ong \u0111\u1ea7y c\u1ee7a tr\u1ebb th\u01a1. C\u00f9ng h\u00ecnh \u1ea3nh minh h\u1ecda ch\u00e2n th\u1ef1c, tr\u1ef1c quan \u0111\u00e3 v\u1ebd ra cho tr\u1ebb m\u1ed9t th\u1ebf gi\u1edbi t\u00ecnh y\u00eau c\u1ea3m \u0111\u1ed9ng gi\u1eefa m\u1eb9 v\u00e0 con.<\/p>\n<p>B\u1ed1 m\u1eb9 h\u00e3y c\u00f9ng b\u00e9 c\u1ea3m nh\u1eadn cu\u1ed9c s\u1ed1ng qua nh\u1eefng v\u1ea7n th\u01a1 v\u00e0 n\u00e9t v\u1ebd th\u1eadt nhi\u1ec1u c\u1ea3m x\u00fac v\u00e0 \u0111\u1eb9p nh\u01b0 ch\u00ednh t\u00e2m h\u1ed3n tr\u1ebb th\u01a1 v\u1edbi cu\u1ed1n s\u00e1ch n\u00e0y nh\u00e9.<\/p>\n<p>Con y\u00eau m\u1eb9 l\u00e0 &#8220;l\u1eddi t\u1ecf t\u00ecnh&#8221;d\u1ec5 th\u01b0\u01a1ng c\u1ee7a c\u00e1c b\u00e9 d\u00e0nh cho m\u1eb9.<\/p>\n<p>&#8212;<\/p>\n<p>Cu\u1ed9c s\u1ed1ng l\u00e0 m\u1ed9t \u0111i\u1ec1u k\u00ec di\u1ec7u v\u00e0 m\u1ed7i b\u00e9 l\u00e0 m\u1ed9t thi\u00ean th\u1ea7n \u0111\u00e1ng y\u00eau. B\u00e9 \u0111\u01b0\u01a1c n\u00e2ng niu b\u1edfi t\u00ecnh y\u00eau c\u1ee7a gia \u0111\u00ecnh, s\u1ebb chia ng\u1ecdt b\u00f9i c\u00f9ng ch\u00fang b\u1ea1n, h\u00f2a m\u00ecnh v\u00e0o th\u1ebf gi\u1edbi xung quanh v\u1edbi bao \u0111i\u1ec1u c\u1ea7n kh\u00e1m ph\u00e1. H\u00e3y c\u00f9ng b\u00e9 c\u1ea3m nh\u1eadn cu\u1ed9c s\u1ed1ng qua nh\u1eefng v\u1ea7n th\u01a1 v\u00e0 n\u00e9t v\u1ebd th\u1eadt nhi\u1ec1u c\u1ea3m x\u00fac v\u00e0 \u0111\u1eb9p nh\u01b0 ch\u00ednh t\u00e2m h\u1ed3n tr\u1ebb th\u01a1 v\u1eady.<\/p>\n<p>Con y\u00eau cha ch\u1ee9a \u0111\u1ef1ng nh\u1eefng v\u1ea7n th\u01a1 dung d\u1ecb, h\u1ed3n nhi\u00ean, m\u00e0 c\u00f3 l\u00fac l\u1ea1i th\u1eadt s\u00e2u l\u1eafng, ghi l\u1ea1i nh\u1eefng kho\u1ea3nh kh\u1eafc tuy\u1ec7t v\u1eddi gi\u1eefa cha v\u00e0 con, th\u1ec3 hi\u1ec7n t\u00ecnh c\u1ea3m s\u00e2u s\u1eafc, thi\u00eang li\u00eang con d\u00e0nh cho cha. T\u00ecnh c\u1ea3m \u1ea5y l\u1edbn d\u1ea7n, l\u1edbn d\u1ea7n theo th\u00e1ng n\u0103m, nh\u01b0 con h\u00f4m nay nh\u1ecf xinh nh\u01b0 l\u00e0 n\u1ee5, r\u1ed3i ng\u00e0y mai t\u1edbi con s\u1ebd bung n\u1edf th\u00e0nh nh\u1eefng c\u00e1nh hoa r\u1ef1c r\u1ee1 v\u00e0 ng\u00e1t h\u01b0\u01a1ng.<\/p>\n<p>\u201cH\u00f4m nay con l\u00e0 n\u1ee5<br \/>\nNg\u00e0y mai con l\u00e0 hoa<br \/>\nT\u00ecnh con d\u00e0nh cho cha<br \/>\nL\u1edbn d\u1ea7n theo n\u0103m th\u00e1ng!\u201d<\/p>\n<p>Con y\u00eau cha h\u1ee9a h\u1eb9n l\u00e0 m\u00f3n qu\u00e0 tuy\u1ec7t v\u1eddi d\u00e0nh cho cha nh\u00e2n d\u1ecbp ng\u00e0y c\u1ee7a cha.<\/p>\n","protected":false},"featured_media":12520,"template":"","meta":{"_acf_changed":false},"product_brand":[],"product_cat":[24,25,17],"product_tag":[],"class_list":{"0":"post-12523","1":"product","2":"type-product","3":"status-publish","4":"has-post-thumbnail","6":"product_cat-nha-tre-mau-giao-0-tuoi-6-tuoi","7":"product_cat-nhi-dong-6-tuoi-12-tuoi","8":"product_cat-sach-danh-cho-cac-be","10":"first","11":"instock","12":"taxable","13":"shipping-taxable","14":"purchasable","15":"product-type-simple"},"supplier_id":null,"supplier_sku":"","barcode":null,"atum_controlled":true,"out_stock_date":null,"out_stock_threshold":null,"inheritable":false,"inbound_stock":0,"stock_on_hold":0,"sold_today":0,"sales_last_days":0,"reserved_stock":0,"customer_returns":0,"warehouse_damage":0,"lost_in_post":0,"other_logs":0,"out_stock_days":0,"lost_sales":0,"has_location":false,"update_date":"2026-01-28T23:10:51","atum_locations":[],"atum_stock_status":"instock","restock_status":false,"low_stock_amount":"","sales_update_date":"2026-01-28T23:10:51","calc_backorders":null,"acf":{"publisher":{"ID":12511,"post_author":"1","post_date":"2021-06-11 14:30:05","post_date_gmt":"2021-06-11 11:30:05","post_content":"","post_title":"Ph\u00fac Minh","post_excerpt":"","post_status":"publish","comment_status":"closed","ping_status":"closed","post_password":"","post_name":"phuc-minh","to_ping":"","pinged":"","post_modified":"2021-06-11 14:30:05","post_modified_gmt":"2021-06-11 11:30:05","post_content_filtered":"","post_parent":0,"guid":"https:\/\/sachviet.eu\/nha-phat-hanh\/phuc-minh\/","menu_order":0,"post_type":"publisher","post_mime_type":"","comment_count":"0","filter":"raw"}},"_links":{"self":[{"href":"https:\/\/sachviet.eu\/en\/wp-json\/wp\/v2\/product\/12523","targetHints":{"allow":["GET"]}}],"collection":[{"href":"https:\/\/sachviet.eu\/en\/wp-json\/wp\/v2\/product"}],"about":[{"href":"https:\/\/sachviet.eu\/en\/wp-json\/wp\/v2\/types\/product"}],"wp:featuredmedia":[{"embeddable":true,"href":"https:\/\/sachviet.eu\/en\/wp-json\/wp\/v2\/media\/12520"}],"wp:attachment":[{"href":"https:\/\/sachviet.eu\/en\/wp-json\/wp\/v2\/media?parent=12523"}],"wp:term":[{"taxonomy":"product_brand","embeddable":true,"href":"https:\/\/sachviet.eu\/en\/wp-json\/wp\/v2\/product_brand?post=12523"},{"taxonomy":"product_cat","embeddable":true,"href":"https:\/\/sachviet.eu\/en\/wp-json\/wp\/v2\/product_cat?post=12523"},{"taxonomy":"product_tag","embeddable":true,"href":"https:\/\/sachviet.eu\/en\/wp-json\/wp\/v2\/product_tag?post=12523"}],"curies":[{"name":"wp","href":"https:\/\/api.w.org\/{rel}","templated":true}]}}