{"id":12519,"date":"2021-06-11T14:31:24","date_gmt":"2021-06-11T11:31:24","guid":{"rendered":"https:\/\/sachviet.eu\/shop\/bo-truyen-tranh-dong-thoai-song-ngu-anh-viet-tron-bo-6-quyentai-ban\/"},"modified":"2021-10-14T15:23:45","modified_gmt":"2021-10-14T12:23:45","slug":"bo-truyen-tranh-dong-thoai-song-ngu-anh-viet-tron-bo-6-quyentai-ban","status":"publish","type":"product","link":"https:\/\/sachviet.eu\/en\/shop\/bo-truyen-tranh-dong-thoai-song-ngu-anh-viet-tron-bo-6-quyentai-ban\/","title":{"rendered":"B\u1ed9 Truy\u1ec7n Tranh \u0110\u1ed3ng Tho\u1ea1i Song Ng\u1eef Anh &#8211; Vi\u1ec7t (Tr\u1ecdn B\u1ed9 6 quy\u1ec3n)(T\u00e1i B\u1ea3n)"},"content":{"rendered":"<p>V\u1edbi c\u1ed1t truy\u1ec7n hi\u1ec7n \u0111\u1ea1i, l\u1ed1i h\u00e0nh v\u0103n l\u00f4i cu\u1ed1n v\u00e0 n\u00e9t v\u1ebd sinh \u0111\u1ed9ng, b\u1ed9 truy\u1ec7n \u0110\u1ed3ng tho\u1ea1i song ng\u1eef Anh &#8211; Vi\u1ec7t s\u1ebd mang \u0111\u1ebfn cho b\u00e9 nh\u1eefng c\u00e2u chuy\u1ec7n d\u1ec5 th\u01b0\u01a1ng, nh\u1eefng b\u00e0i h\u1ecdc nh\u1eb9 nh\u00e0ng th\u00f4ng qua l\u1eddi k\u1ec3 c\u1ee7a nh\u1eefng con v\u1eadt quen thu\u1ed9c, g\u1ea7n g\u0169i. H\u00e3y c\u00f9ng con kh\u00e1m ph\u00e1 th\u1ebf gi\u1edbi \u0111\u1ea7y m\u00e0u s\u1eafc v\u1edbi nh\u1eefng c\u00e2u chuy\u1ec7n vui nh\u1ed9n b\u1ed1 m\u1eb9 nh\u00e9.<\/p>\n<p>Nh\u1edb l\u1eddi c\u00f4 d\u1eb7n l\u00e0 c\u00e2u chuy\u1ec7n v\u1ec1 b\u1ea1n Ngan t\u1ed3 \u0111\u00e1ng y\u00eau c\u1ee7a ch\u00fang ta. Tr\u01b0\u1eddng h\u1ecdc c\u1ee7a Ngan t\u1ed3 n\u1eb1m g\u1ea7n \u1edf \u0111\u01b0\u1eddng l\u1edbn, xe t\u1ea3i, xe bus, xe m\u00e1y qua l\u1ea1i r\u1ea5t nhi\u1ec1u. C\u00f4 gi\u00e1o d\u1eb7n c\u00e1c b\u1ea1n, ph\u1ea3i c\u1ea9n th\u1eadn, kh\u00f4ng \u0111\u01b0\u1ee3c vui ch\u01a1i g\u1ea7n \u0111\u01b0\u1eddng ho\u1eb7c ch\u1ea1y ra \u0111\u01b0\u1eddng khi kh\u00f4ng c\u00f3 ng\u01b0\u1eddi l\u1edbn \u0111i c\u00f9ng. M\u1ed9t h\u00f4m, b\u1ea1n ngan t\u1ed3 m\u1ea3i \u0111u\u1ed5i theo nh\u1eefng ch\u00fa b\u01b0\u1edbm xinh x\u1eafn m\u00e0 qu\u00ean l\u1eddi c\u00f4 d\u1eb7n, ch\u1ea1y ra \u0111\u01b0\u1eddng. L\u00fac \u0111\u00f3 c\u00f3 m\u1ed9t chi\u1ebfc xe bus lao \u0111\u1ebfn, r\u1ea5t may l\u00e0 b\u00e1c Ch\u00f3 g\u1ea7n \u0111\u00f3 \u0111\u00e3 nhanh tay k\u00e9o b\u1ea1n ngan t\u1ed3 l\u1ea1i. C\u00e1c b\u00e9 \u01a1i, c\u00e1c b\u00e9 nh\u1edb nh\u00e9, ngo\u00e0i \u0111\u01b0\u1eddng c\u00f3 r\u1ea5t nhi\u1ec1u ph\u01b0\u01a1ng ti\u1ec7n qua l\u1ea1i, r\u1ea5t nguy hi\u1ec3m. C\u00e1c b\u00e9 kh\u00f4ng \u0111\u01b0\u1ee3c ch\u1ea1y ra ngo\u00e0i \u0111\u01b0\u1eddng m\u1ed9t m\u00ecnh ho\u1eb7c vui ch\u01a1i g\u1ea7n \u0111\u01b0\u1eddng l\u1edbn nh\u00e9!<\/p>\n","protected":false},"excerpt":{"rendered":"<p>V\u1edbi c\u1ed1t truy\u1ec7n hi\u1ec7n \u0111\u1ea1i, l\u1ed1i h\u00e0nh v\u0103n l\u00f4i cu\u1ed1n v\u00e0 n\u00e9t v\u1ebd sinh \u0111\u1ed9ng, b\u1ed9 truy\u1ec7n \u0110\u1ed3ng tho\u1ea1i song ng\u1eef Anh &#8211; Vi\u1ec7t s\u1ebd mang \u0111\u1ebfn cho b\u00e9 nh\u1eefng c\u00e2u chuy\u1ec7n d\u1ec5 th\u01b0\u01a1ng, nh\u1eefng b\u00e0i h\u1ecdc nh\u1eb9 nh\u00e0ng th\u00f4ng qua l\u1eddi k\u1ec3 c\u1ee7a nh\u1eefng con v\u1eadt quen thu\u1ed9c, g\u1ea7n g\u0169i. H\u00e3y c\u00f9ng con kh\u00e1m ph\u00e1 th\u1ebf gi\u1edbi \u0111\u1ea7y m\u00e0u s\u1eafc v\u1edbi nh\u1eefng c\u00e2u chuy\u1ec7n vui nh\u1ed9n b\u1ed1 m\u1eb9 nh\u00e9.<\/p>\n<p>Nh\u1edb l\u1eddi c\u00f4 d\u1eb7n l\u00e0 c\u00e2u chuy\u1ec7n v\u1ec1 b\u1ea1n Ngan t\u1ed3 \u0111\u00e1ng y\u00eau c\u1ee7a ch\u00fang ta. Tr\u01b0\u1eddng h\u1ecdc c\u1ee7a Ngan t\u1ed3 n\u1eb1m g\u1ea7n \u1edf \u0111\u01b0\u1eddng l\u1edbn, xe t\u1ea3i, xe bus, xe m\u00e1y qua l\u1ea1i r\u1ea5t nhi\u1ec1u. C\u00f4 gi\u00e1o d\u1eb7n c\u00e1c b\u1ea1n, ph\u1ea3i c\u1ea9n th\u1eadn, kh\u00f4ng \u0111\u01b0\u1ee3c vui ch\u01a1i g\u1ea7n \u0111\u01b0\u1eddng ho\u1eb7c ch\u1ea1y ra \u0111\u01b0\u1eddng khi kh\u00f4ng c\u00f3 ng\u01b0\u1eddi l\u1edbn \u0111i c\u00f9ng. M\u1ed9t h\u00f4m, b\u1ea1n ngan t\u1ed3 m\u1ea3i \u0111u\u1ed5i theo nh\u1eefng ch\u00fa b\u01b0\u1edbm xinh x\u1eafn m\u00e0 qu\u00ean l\u1eddi c\u00f4 d\u1eb7n, ch\u1ea1y ra \u0111\u01b0\u1eddng. L\u00fac \u0111\u00f3 c\u00f3 m\u1ed9t chi\u1ebfc xe bus lao \u0111\u1ebfn, r\u1ea5t may l\u00e0 b\u00e1c Ch\u00f3 g\u1ea7n \u0111\u00f3 \u0111\u00e3 nhanh tay k\u00e9o b\u1ea1n ngan t\u1ed3 l\u1ea1i. C\u00e1c b\u00e9 \u01a1i, c\u00e1c b\u00e9 nh\u1edb nh\u00e9, ngo\u00e0i \u0111\u01b0\u1eddng c\u00f3 r\u1ea5t nhi\u1ec1u ph\u01b0\u01a1ng ti\u1ec7n qua l\u1ea1i, r\u1ea5t nguy hi\u1ec3m. C\u00e1c b\u00e9 kh\u00f4ng \u0111\u01b0\u1ee3c ch\u1ea1y ra ngo\u00e0i \u0111\u01b0\u1eddng m\u1ed9t m\u00ecnh ho\u1eb7c vui ch\u01a1i g\u1ea7n \u0111\u01b0\u1eddng l\u1edbn nh\u00e9!<\/p>\n","protected":false},"featured_media":12512,"template":"","meta":{"_acf_changed":false},"product_brand":[],"product_cat":[17,25,39,71,26],"product_tag":[],"class_list":{"0":"post-12519","1":"product","2":"type-product","3":"status-publish","4":"has-post-thumbnail","6":"product_cat-sach-danh-cho-cac-be","7":"product_cat-nhi-dong-6-tuoi-12-tuoi","8":"product_cat-sach-song-ngu-anh-viet","9":"product_cat-sach-tre-em-thuan-viet","10":"product_cat-thieu-nien-11-tuoi-18-tuoi","12":"first","13":"outofstock","14":"taxable","15":"shipping-taxable","16":"purchasable","17":"product-type-simple"},"supplier_id":null,"supplier_sku":"","barcode":null,"atum_controlled":true,"out_stock_date":"2021-10-14 12:23:45","out_stock_threshold":null,"inheritable":false,"inbound_stock":0,"stock_on_hold":0,"sold_today":0,"sales_last_days":0,"reserved_stock":0,"customer_returns":0,"warehouse_damage":0,"lost_in_post":0,"other_logs":0,"out_stock_days":1567,"lost_sales":0,"has_location":false,"update_date":"2026-01-28T23:10:51","atum_locations":[],"atum_stock_status":"outofstock","restock_status":false,"low_stock_amount":"","sales_update_date":"2026-01-28T23:10:51","calc_backorders":null,"acf":{"publisher":{"ID":12511,"post_author":"1","post_date":"2021-06-11 14:30:05","post_date_gmt":"2021-06-11 11:30:05","post_content":"","post_title":"Ph\u00fac Minh","post_excerpt":"","post_status":"publish","comment_status":"closed","ping_status":"closed","post_password":"","post_name":"phuc-minh","to_ping":"","pinged":"","post_modified":"2021-06-11 14:30:05","post_modified_gmt":"2021-06-11 11:30:05","post_content_filtered":"","post_parent":0,"guid":"https:\/\/sachviet.eu\/nha-phat-hanh\/phuc-minh\/","menu_order":0,"post_type":"publisher","post_mime_type":"","comment_count":"0","filter":"raw"}},"_links":{"self":[{"href":"https:\/\/sachviet.eu\/en\/wp-json\/wp\/v2\/product\/12519","targetHints":{"allow":["GET"]}}],"collection":[{"href":"https:\/\/sachviet.eu\/en\/wp-json\/wp\/v2\/product"}],"about":[{"href":"https:\/\/sachviet.eu\/en\/wp-json\/wp\/v2\/types\/product"}],"wp:featuredmedia":[{"embeddable":true,"href":"https:\/\/sachviet.eu\/en\/wp-json\/wp\/v2\/media\/12512"}],"wp:attachment":[{"href":"https:\/\/sachviet.eu\/en\/wp-json\/wp\/v2\/media?parent=12519"}],"wp:term":[{"taxonomy":"product_brand","embeddable":true,"href":"https:\/\/sachviet.eu\/en\/wp-json\/wp\/v2\/product_brand?post=12519"},{"taxonomy":"product_cat","embeddable":true,"href":"https:\/\/sachviet.eu\/en\/wp-json\/wp\/v2\/product_cat?post=12519"},{"taxonomy":"product_tag","embeddable":true,"href":"https:\/\/sachviet.eu\/en\/wp-json\/wp\/v2\/product_tag?post=12519"}],"curies":[{"name":"wp","href":"https:\/\/api.w.org\/{rel}","templated":true}]}}