{"id":12510,"date":"2021-06-11T14:30:01","date_gmt":"2021-06-11T11:30:01","guid":{"rendered":"https:\/\/sachviet.eu\/shop\/ehon-to-muon-den-mat-trang\/"},"modified":"2022-12-19T18:39:03","modified_gmt":"2022-12-19T16:39:03","slug":"ehon-to-muon-den-mat-trang","status":"publish","type":"product","link":"https:\/\/sachviet.eu\/en\/shop\/ehon-to-muon-den-mat-trang\/","title":{"rendered":"Ehon\u00a0&#8211; T\u1edb mu\u1ed1n \u0111\u1ebfn m\u1eb7t tr\u0103ng"},"content":{"rendered":"<p>L\u00e0m th\u1ebf n\u00e0o \u0111\u1ec3 \u0111i \u0111\u1ebfn M\u1eb7t Tr\u0103ng xa x\u00f4i kia nh\u1ec9?<\/p>\n<p>T\u1eeb Tr\u00e1i \u0110\u1ea5t nh\u00ecn l\u00ean tr\u1eddi, M\u1eb7t Tr\u0103ng hi\u1ec7n ra th\u1eadt r\u00f5, tr\u00f2n v\u00e0nh v\u1ea1nh v\u00e0 t\u1ecfa \u00e1nh s\u00e1ng ng\u00e0. Nhi\u1ec1u l\u00fac b\u00e9 c\u1ea3m th\u1ea5y M\u1eb7t Tr\u0103ng th\u1eadt g\u1ea7n, t\u01b0\u1edfng nh\u01b0 Tr\u0103ng \u0111ang s\u00e0 xu\u1ed1ng ban c\u00f4ng tr\u00f2 chuy\u1ec7n c\u00f9ng ch\u00fang m\u00ecnh v\u1eady.<\/p>\n<p>D\u1eabu v\u1eady, M\u1eb7t Tr\u0103ng v\u1eabn xa h\u01a1n r\u1ea5t nhi\u1ec1u so v\u1edbi ch\u00fang ta t\u01b0\u1edfng, xa \u0111\u1ebfn n\u1ed7i n\u1ebfu nh\u01b0 c\u00f3 th\u1ec3 b\u1eafc thang l\u00ean tr\u1eddi th\u00ec c\u0169ng ph\u1ea3i m\u1ea5t 60 n\u0103m ch\u00fang ta m\u1edbi c\u00f3 th\u1ec3 \u0111\u1eb7t ch\u00e2n \u0111\u1ebfn M\u1eb7t Tr\u0103ng.<\/p>\n<p>Kh\u00f4ng bi\u1ebft n\u1ebfu \u0111i b\u1eb1ng khinh kh\u00ed c\u1ea7u hay m\u00e1y bay th\u00ec con ng\u01b0\u1eddi c\u00f3 th\u1ec3 \u0111\u1ebfn \u0111\u01b0\u1ee3c M\u1eb7t Tr\u0103ng kh\u00f4ng nh\u1ec9? C\u00f3 v\u1ebb nh\u01b0 qu\u00e3ng \u0111\u01b0\u1eddng n\u00e0y \u0111\u00f2i h\u1ecfi m\u1ed9t ph\u01b0\u01a1ng ti\u1ec7n v\u1eadn chuy\u1ec3n ph\u1ee9c t\u1ea1p h\u01a1n nhi\u1ec1u. \u0110\u00f3 l\u00e0 ph\u01b0\u01a1ng ti\u1ec7n g\u00ec c\u00e1c b\u00e9 c\u00f3 bi\u1ebft kh\u00f4ng? N\u00f3 c\u00f3 th\u1ec3 ch\u1edf bao nhi\u00eau ng\u01b0\u1eddi trong m\u1ed9t l\u1ea7n bay? C\u00e1c phi h\u00e0nh gia \u0111\u00e1p xu\u1ed1ng M\u1eb7t Tr\u0103ng b\u1eb1ng c\u00e1ch n\u00e0o? H\u1ecd g\u1eb7p nh\u1eefng kh\u00f3 kh\u0103n g\u00ec khi l\u01a1 l\u1eedng gi\u1eefa kh\u00f4ng gian kh\u00f4ng tr\u1ecdng l\u1ef1c?<\/p>\n<p>Nh\u1eefng c\u00e2u h\u1ecfi h\u00f3c b\u00faa s\u1ebd l\u1ea7n \u0111\u01b0\u1ee3c \u0111\u01b0\u1ee3c gi\u1ea3i \u0111\u00e1p chi ti\u1ebft trong cu\u1ed1n ehon Nh\u1eadt B\u1ea3n \u201cT\u1edb mu\u1ed1n \u0111\u1ebfn M\u1eb7t Tr\u0103ng\u201d. Qua cu\u1ed1n s\u00e1ch \u0111\u1ed9c \u0111\u00e1o n\u00e0y, b\u00e9 s\u1ebd kh\u00e1m ph\u00e1 \u0111\u01b0\u1ee3c mu\u00f4n v\u00e0n \u0111i\u1ec1u th\u00fa v\u1ecb v\u1ec1 ph\u01b0\u01a1ng ti\u1ec7n \u0111\u1ec3 bay l\u00ean M\u1eb7t Tr\u0103ng v\u00e0 cu\u1ed9c s\u1ed1ng \u0111\u1eb7c bi\u1ec7t c\u1ee7a c\u00e1c phi h\u00e0nh gia khi \u1edf ngo\u00e0i kh\u00f4ng gian. C\u00e1c b\u00e9 h\u00e3y c\u00f9ng \u0111\u00f3n ch\u1edd nh\u00e9!<\/p>\n<p>GI\u1edaI THI\u1ec6U T\u00c1C GI\u1ea2<\/p>\n<p>Matsuoka Tooru<\/p>\n<p>Sinh n\u0103m 1968 t\u1ea1i Aichi, Nh\u1eadt B\u1ea3n. \u00d4ng t\u1ed1t nghi\u1ec7p chuy\u00ean ng\u00e0nh Tranh kh\u1eafc b\u1ea3n, khoa M\u1ef9 thu\u1eadt, \u0110\u1ea1i h\u1ecdc Ngh\u1ec7 thu\u1eadt Nagoya. \u00d4ng \u0111\u00e3 c\u00f4ng b\u1ed1 nhi\u1ec1u t\u00e1c ph\u1ea9m thu\u1ed9c m\u1ecdi th\u1ec3 lo\u1ea1i: tranh v\u1ebd, tranh kh\u1eafc b\u1ea3n, \u0111i\u00eau kh\u1eafc\u2026 \u1edf c\u1ea3 trong v\u00e0 ngo\u00e0i n\u01b0\u1edbc Nh\u1eadt.<\/p>\n<p>\u00d4ng hi\u1ec7n l\u00e0 gi\u1ea3ng vi\u00ean khoa M\u1ef9 thu\u1eadt, \u0110\u1ea1i h\u1ecdc Ngh\u1ec7 thu\u1eadt Nagoya. T\u1edb mu\u1ed1n \u0111\u1ebfn M\u1eb7t Tr\u0103ng l\u00e0 t\u00e1c ph\u1ea9m Ehon \u0111\u1ea7u tay c\u1ee7a \u00f4ng.<\/p>\n<p>Cu\u1ed1n s\u00e1ch nh\u1eadn \u0111\u01b0\u1ee3c s\u1ef1 \u0111\u00f3ng g\u00f3p c\u1ee7a:<\/p>\n<p>Shuji Ogawa (K\u1ef9 s\u01b0 t\u00ean l\u1eeda thu\u1ed9c C\u00f4ng ty PD AeroSpace)<\/p>\n<p>Noda Atsushi (K\u1ef9 s\u01b0 thu\u1ed9c C\u01a1 quan Nghi\u00ean c\u1ee9u v\u00e0 Ph\u00e1t tri\u1ec3n H\u00e0ng kh\u00f4ng V\u0169 tr\u1ee5 Nh\u1eadt B\u1ea3n)<\/p>\n<p>Handa Toshihiro (Gi\u1ea3ng vi\u00ean ng\u00e0nh V\u1eadt l\u00fd, Khoa h\u1ecdc \u2013 C\u00f4ng ngh\u1ec7 thu\u1ed9c Vi\u1ec7n sau \u0111\u1ea1i h\u1ecdc, \u0110\u1ea1i h\u1ecdc Kagoshima)<\/p>\n<p>Trung t\u00e2m nghi\u00ean c\u1ee9u \u1ee8ng d\u1ee5ng \u1ed0ng nan\u00f4 (Vi\u1ec7n Khoa h\u1ecdc v\u00e0 C\u00f4ng ngh\u1ec7 c\u00f4ng nghi\u1ec7p ti\u00ean ti\u1ebfn Nh\u1eadt B\u1ea3n)<\/p>\n","protected":false},"excerpt":{"rendered":"<p>L\u00e0m th\u1ebf n\u00e0o \u0111\u1ec3 \u0111i \u0111\u1ebfn M\u1eb7t Tr\u0103ng xa x\u00f4i kia nh\u1ec9?<\/p>\n<p>T\u1eeb Tr\u00e1i \u0110\u1ea5t nh\u00ecn l\u00ean tr\u1eddi, M\u1eb7t Tr\u0103ng hi\u1ec7n ra th\u1eadt r\u00f5, tr\u00f2n v\u00e0nh v\u1ea1nh v\u00e0 t\u1ecfa \u00e1nh s\u00e1ng ng\u00e0. Nhi\u1ec1u l\u00fac b\u00e9 c\u1ea3m th\u1ea5y M\u1eb7t Tr\u0103ng th\u1eadt g\u1ea7n, t\u01b0\u1edfng nh\u01b0 Tr\u0103ng \u0111ang s\u00e0 xu\u1ed1ng ban c\u00f4ng tr\u00f2 chuy\u1ec7n c\u00f9ng ch\u00fang m\u00ecnh v\u1eady.<\/p>\n<p>D\u1eabu v\u1eady, M\u1eb7t Tr\u0103ng v\u1eabn xa h\u01a1n r\u1ea5t nhi\u1ec1u so v\u1edbi ch\u00fang ta t\u01b0\u1edfng, xa \u0111\u1ebfn n\u1ed7i n\u1ebfu nh\u01b0 c\u00f3 th\u1ec3 b\u1eafc thang l\u00ean tr\u1eddi th\u00ec c\u0169ng ph\u1ea3i m\u1ea5t 60 n\u0103m ch\u00fang ta m\u1edbi c\u00f3 th\u1ec3 \u0111\u1eb7t ch\u00e2n \u0111\u1ebfn M\u1eb7t Tr\u0103ng.<\/p>\n<p>Kh\u00f4ng bi\u1ebft n\u1ebfu \u0111i b\u1eb1ng khinh kh\u00ed c\u1ea7u hay m\u00e1y bay th\u00ec con ng\u01b0\u1eddi c\u00f3 th\u1ec3 \u0111\u1ebfn \u0111\u01b0\u1ee3c M\u1eb7t Tr\u0103ng kh\u00f4ng nh\u1ec9? C\u00f3 v\u1ebb nh\u01b0 qu\u00e3ng \u0111\u01b0\u1eddng n\u00e0y \u0111\u00f2i h\u1ecfi m\u1ed9t ph\u01b0\u01a1ng ti\u1ec7n v\u1eadn chuy\u1ec3n ph\u1ee9c t\u1ea1p h\u01a1n nhi\u1ec1u. \u0110\u00f3 l\u00e0 ph\u01b0\u01a1ng ti\u1ec7n g\u00ec c\u00e1c b\u00e9 c\u00f3 bi\u1ebft kh\u00f4ng? N\u00f3 c\u00f3 th\u1ec3 ch\u1edf bao nhi\u00eau ng\u01b0\u1eddi trong m\u1ed9t l\u1ea7n bay? C\u00e1c phi h\u00e0nh gia \u0111\u00e1p xu\u1ed1ng M\u1eb7t Tr\u0103ng b\u1eb1ng c\u00e1ch n\u00e0o? H\u1ecd g\u1eb7p nh\u1eefng kh\u00f3 kh\u0103n g\u00ec khi l\u01a1 l\u1eedng gi\u1eefa kh\u00f4ng gian kh\u00f4ng tr\u1ecdng l\u1ef1c?<\/p>\n<p>Nh\u1eefng c\u00e2u h\u1ecfi h\u00f3c b\u00faa s\u1ebd l\u1ea7n \u0111\u01b0\u1ee3c \u0111\u01b0\u1ee3c gi\u1ea3i \u0111\u00e1p chi ti\u1ebft trong cu\u1ed1n ehon Nh\u1eadt B\u1ea3n \u201cT\u1edb mu\u1ed1n \u0111\u1ebfn M\u1eb7t Tr\u0103ng\u201d. Qua cu\u1ed1n s\u00e1ch \u0111\u1ed9c \u0111\u00e1o n\u00e0y, b\u00e9 s\u1ebd kh\u00e1m ph\u00e1 \u0111\u01b0\u1ee3c mu\u00f4n v\u00e0n \u0111i\u1ec1u th\u00fa v\u1ecb v\u1ec1 ph\u01b0\u01a1ng ti\u1ec7n \u0111\u1ec3 bay l\u00ean M\u1eb7t Tr\u0103ng v\u00e0 cu\u1ed9c s\u1ed1ng \u0111\u1eb7c bi\u1ec7t c\u1ee7a c\u00e1c phi h\u00e0nh gia khi \u1edf ngo\u00e0i kh\u00f4ng gian. C\u00e1c b\u00e9 h\u00e3y c\u00f9ng \u0111\u00f3n ch\u1edd nh\u00e9!<\/p>\n","protected":false},"featured_media":12503,"template":"","meta":{"_acf_changed":false},"product_brand":[],"product_cat":[24,25,17],"product_tag":[81],"class_list":{"0":"post-12510","1":"product","2":"type-product","3":"status-publish","4":"has-post-thumbnail","6":"product_cat-nha-tre-mau-giao-0-tuoi-6-tuoi","7":"product_cat-nhi-dong-6-tuoi-12-tuoi","8":"product_cat-sach-danh-cho-cac-be","9":"product_tag-sach-gia-uu-dai","11":"first","12":"outofstock","13":"sale","14":"taxable","15":"shipping-taxable","16":"purchasable","17":"product-type-simple"},"supplier_id":null,"supplier_sku":"","barcode":null,"atum_controlled":true,"out_stock_date":"2022-11-25 12:13:21","out_stock_threshold":null,"inheritable":false,"inbound_stock":0,"stock_on_hold":0,"sold_today":0,"sales_last_days":0,"reserved_stock":0,"customer_returns":0,"warehouse_damage":0,"lost_in_post":0,"other_logs":0,"out_stock_days":1160,"lost_sales":0,"has_location":false,"update_date":"2026-01-28T23:10:51","atum_locations":[],"atum_stock_status":"outofstock","restock_status":false,"low_stock_amount":"","sales_update_date":"2026-01-28T23:10:51","calc_backorders":null,"acf":{"publisher":{"ID":1453,"post_author":"1","post_date":"2021-02-17 01:11:32","post_date_gmt":"2021-02-16 23:11:32","post_content":"<!-- wp:flatsome\/uxbuilder -->\n<h1 style=\"text-align: center;\"><strong>Qu\u1ea3ng V\u0103n<\/strong><\/h1>\n[row]\n\n[col span=\"6\" span__sm=\"12\"]\n\n[ux_image id=\"1552\" image_size=\"medium\"]\n\n\n[\/col]\n[col span=\"6\" span__sm=\"12\"]\n\n<p><strong>Quangvanbooks<\/strong><br \/>Qu\u1ea3ng V\u0103n l\u00e0 t\u1ed5 h\u1ee3p xu\u1ea5t b\u1ea3n, gi\u00e1o d\u1ee5c v\u00e0 nh\u01b0\u1ee3ng quy\u1ec1n h\u00e0ng \u0111\u1ea7u trong ng\u00e0nh c\u00f4ng nghi\u1ec7p s\u00e1ng t\u1ea1o v\u1edbi c\u00e1c th\u01b0\u01a1ng hi\u1ec7u nh\u00e1nh:<\/p>\n<p>Quangvanbooks - Th\u01b0\u01a1ng hi\u1ec7u s\u00e1ch v\u0103n h\u00f3a gi\u00e1o d\u1ee5c v\u00e0 v\u0103n h\u00f3a gi\u1ea3i tr\u00ed<br \/>Ehomebooks - Th\u01b0\u01a1ng hi\u1ec7u s\u00e1ch gi\u00e1o d\u1ee5c gia \u0111\u00ecnh<br \/>Sakurabooks - Th\u01b0\u01a1ng hi\u1ec7u s\u00e1ch Nh\u1eadt B\u1ea3n<br \/>IPERbooks - Th\u01b0\u01a1ng hi\u1ec7u s\u00e1ch gi\u00e1o d\u1ee5c nh\u00e0 tr\u01b0\u1eddng<br \/>IPER - Vi\u1ec7n nghi\u00ean c\u1ee9u xu\u1ea5t b\u1ea3n v\u00e0 gi\u00e1o d\u1ee5c IPER<\/p>\n<p><strong>T\u1ea7m nh\u00ecn<\/strong><br \/>Tr\u1edf th\u00e0nh th\u01b0\u01a1ng hi\u1ec7u s\u00e1ch v\u0103n h\u00f3a gi\u00e1o d\u1ee5c v\u00e0 v\u0103n h\u00f3a gi\u1ea3i tr\u00ed t\u1ed1t nh\u1ea5t v\u00e0 \u0111a d\u1ea1ng nh\u1ea5t Vi\u1ec7t Nam.<\/p>\n<p><br \/><strong>S\u1ee9 m\u1ec7nh<\/strong><br \/>Mang \u0111\u1ebfn nh\u1eefng cu\u1ed1n s\u00e1ch v\u0103n h\u00f3a gi\u00e1o d\u1ee5c v\u00e0 v\u0103n h\u00f3a gi\u1ea3i tr\u00ed \u0111\u1ebfn v\u1edbi \u0111\u1ed9c gi\u1ea3 Vi\u1ec7t Nam v\u00e0 th\u1ebf gi\u1edbi nh\u1eb1m gi\u00fap \u0111\u1ed9c gi\u1ea3 ph\u00e1t tri\u1ec3n b\u1ea3n th\u00e2n, gi\u00e1o d\u1ee5c, gi\u1ea3i tr\u00ed v\u00e0 khai s\u00e1ng nh\u1eb1m x\u00e2y d\u1ef1ng x\u00e3 h\u1ed9i th\u1ecbnh v\u01b0\u1ee3ng, h\u1ea1nh ph\u00fac.<\/p>\n<p><strong>Gi\u00e1 tr\u1ecb c\u1ed1t l\u00f5i<\/strong><\/p>\n<p>S\u00e1ng t\u1ea1o - Linh ho\u1ea1t - H\u1ee3p t\u00e1c - Ch\u00ednh tr\u1ef1c - Nhi\u1ec7t huy\u1ebft - C\u00e2n b\u1eb1ng - H\u1ea1nh ph\u00fac<\/p>\n\n[\/col]\n\n[\/row]\n\n<!-- \/wp:flatsome\/uxbuilder -->","post_title":"Qu\u1ea3ng V\u0103n","post_excerpt":"","post_status":"publish","comment_status":"closed","ping_status":"closed","post_password":"","post_name":"quang-van","to_ping":"","pinged":"","post_modified":"2021-02-17 01:26:44","post_modified_gmt":"2021-02-16 23:26:44","post_content_filtered":"","post_parent":0,"guid":"https:\/\/sachviet.eu\/nha-phat-hanh\/quang-van\/","menu_order":0,"post_type":"publisher","post_mime_type":"","comment_count":"0","filter":"raw"}},"_links":{"self":[{"href":"https:\/\/sachviet.eu\/en\/wp-json\/wp\/v2\/product\/12510","targetHints":{"allow":["GET"]}}],"collection":[{"href":"https:\/\/sachviet.eu\/en\/wp-json\/wp\/v2\/product"}],"about":[{"href":"https:\/\/sachviet.eu\/en\/wp-json\/wp\/v2\/types\/product"}],"wp:featuredmedia":[{"embeddable":true,"href":"https:\/\/sachviet.eu\/en\/wp-json\/wp\/v2\/media\/12503"}],"wp:attachment":[{"href":"https:\/\/sachviet.eu\/en\/wp-json\/wp\/v2\/media?parent=12510"}],"wp:term":[{"taxonomy":"product_brand","embeddable":true,"href":"https:\/\/sachviet.eu\/en\/wp-json\/wp\/v2\/product_brand?post=12510"},{"taxonomy":"product_cat","embeddable":true,"href":"https:\/\/sachviet.eu\/en\/wp-json\/wp\/v2\/product_cat?post=12510"},{"taxonomy":"product_tag","embeddable":true,"href":"https:\/\/sachviet.eu\/en\/wp-json\/wp\/v2\/product_tag?post=12510"}],"curies":[{"name":"wp","href":"https:\/\/api.w.org\/{rel}","templated":true}]}}