{"id":12502,"date":"2021-06-11T14:29:40","date_gmt":"2021-06-11T11:29:40","guid":{"rendered":"https:\/\/sachviet.eu\/shop\/dua-hau-muon-nam\/"},"modified":"2021-06-14T20:17:08","modified_gmt":"2021-06-14T17:17:08","slug":"dua-hau-muon-nam","status":"publish","type":"product","link":"https:\/\/sachviet.eu\/en\/shop\/dua-hau-muon-nam\/","title":{"rendered":"D\u01b0a H\u1ea5u Mu\u00f4n N\u0103m!"},"content":{"rendered":"<p>\u201cH\u1ed3i b\u00e9, c\u00f3 l\u1ea7n v\u00ec l\u1ee1 nu\u1ed1t ph\u1ea3i m\u1ed9t h\u1ea1t qu\u1ea3 m\u00e0 c\u00f4 lo s\u1ee3 t\u1edbi m\u1ee9c c\u1ea3 \u0111\u00eam kh\u00f4ng t\u00e0i n\u00e0o ng\u1ee7 \u0111\u01b0\u1ee3c. D\u00f9 \u0111\u00f3 ch\u1ec9 l\u00e0 n\u1ed7i s\u1ee3 vu v\u01a1, v\u00f4 c\u0103n c\u1ee9 nh\u01b0ng l\u1ea1i m\u1ea1nh m\u1ebd ch\u1eb3ng kh\u00e1c n\u00e0o m\u1ed9t con qu\u00e1i v\u1eadt lu\u00f4n r\u00ecnh r\u1eadp \u0111e do\u1ea1 m\u1ed7i ch\u00fang ta.<\/p>\n<p>Mong r\u1eb1ng qua c\u00e2u chuy\u1ec7n \u201cD\u01b0a h\u1ea5u mu\u00f4n n\u0103m!\u201d, c\u00e1c em c\u00f3 th\u1ec3 c\u1ea3m nh\u1eadn \u0111\u01b0\u1ee3c s\u1ee9c m\u1ea1nh c\u1ee7a nh\u1eefng ng\u01b0\u1eddi b\u1ea1n lu\u00f4n bi\u1ebft l\u1eafng nghe, \u0111\u1ed3ng c\u1ea3m v\u00e0 gi\u00fap \u0111\u1ee1 nhau c\u00f9ng xua \u0111u\u1ed5i con qu\u00e1i v\u1eadt c\u00f3 t\u00ean l\u00e0 \u201clo s\u1ee3\u201d ra kh\u1ecfi t\u00e2m tr\u00ed.\u201d<\/p>\n<p>&#8211; Lee, Sunmi <\/p>\n","protected":false},"excerpt":{"rendered":"<p>\u201cH\u1ed3i b\u00e9, c\u00f3 l\u1ea7n v\u00ec l\u1ee1 nu\u1ed1t ph\u1ea3i m\u1ed9t h\u1ea1t qu\u1ea3 m\u00e0 c\u00f4 lo s\u1ee3 t\u1edbi m\u1ee9c c\u1ea3 \u0111\u00eam kh\u00f4ng t\u00e0i n\u00e0o ng\u1ee7 \u0111\u01b0\u1ee3c. D\u00f9 \u0111\u00f3 ch\u1ec9 l\u00e0 n\u1ed7i s\u1ee3 vu v\u01a1, v\u00f4 c\u0103n c\u1ee9 nh\u01b0ng l\u1ea1i m\u1ea1nh m\u1ebd ch\u1eb3ng kh\u00e1c n\u00e0o m\u1ed9t con qu\u00e1i v\u1eadt lu\u00f4n r\u00ecnh r\u1eadp \u0111e do\u1ea1 m\u1ed7i ch\u00fang ta.<\/p>\n<p>Mong r\u1eb1ng qua c\u00e2u chuy\u1ec7n \u201cD\u01b0a h\u1ea5u mu\u00f4n n\u0103m!\u201d, c\u00e1c em c\u00f3 th\u1ec3 c\u1ea3m nh\u1eadn \u0111\u01b0\u1ee3c s\u1ee9c m\u1ea1nh c\u1ee7a nh\u1eefng ng\u01b0\u1eddi b\u1ea1n lu\u00f4n bi\u1ebft l\u1eafng nghe, \u0111\u1ed3ng c\u1ea3m v\u00e0 gi\u00fap \u0111\u1ee1 nhau c\u00f9ng xua \u0111u\u1ed5i con qu\u00e1i v\u1eadt c\u00f3 t\u00ean l\u00e0 \u201clo s\u1ee3\u201d ra kh\u1ecfi t\u00e2m tr\u00ed.\u201d<\/p>\n<p>&#8211; Lee, Sunmi<\/p>\n","protected":false},"featured_media":12500,"template":"","meta":{"_acf_changed":false},"product_brand":[],"product_cat":[25,17],"product_tag":[],"class_list":{"0":"post-12502","1":"product","2":"type-product","3":"status-publish","4":"has-post-thumbnail","6":"product_cat-nhi-dong-6-tuoi-12-tuoi","7":"product_cat-sach-danh-cho-cac-be","9":"first","10":"instock","11":"taxable","12":"shipping-taxable","13":"purchasable","14":"product-type-simple"},"supplier_id":null,"supplier_sku":"","barcode":null,"atum_controlled":true,"out_stock_date":null,"out_stock_threshold":null,"inheritable":false,"inbound_stock":0,"stock_on_hold":0,"sold_today":0,"sales_last_days":0,"reserved_stock":0,"customer_returns":0,"warehouse_damage":0,"lost_in_post":0,"other_logs":0,"out_stock_days":0,"lost_sales":0,"has_location":false,"update_date":"2026-01-28T23:10:51","atum_locations":[],"atum_stock_status":"instock","restock_status":false,"low_stock_amount":"","sales_update_date":"2026-01-28T23:10:51","calc_backorders":null,"acf":{"publisher":{"ID":1454,"post_author":"1","post_date":"2021-02-17 01:11:34","post_date_gmt":"2021-02-16 23:11:34","post_content":"<!-- wp:flatsome\/uxbuilder -->\n<h1 style=\"text-align: center;\"><strong>Kim \u0110\u1ed3ng<\/strong><\/h1>\n[row]\n\n[col span=\"3\" span__sm=\"12\"]\n\n[ux_image id=\"1534\" image_size=\"medium\"]\n\n\n[\/col]\n[col span=\"9\" span__sm=\"12\"]\n\n<p>Nh\u00e0 xu\u1ea5t b\u1ea3n Kim \u0110\u1ed3ng tr\u1ef1c thu\u1ed9c Trung \u01b0\u01a1ng \u0110o\u00e0n TNCS H\u1ed3 Ch\u00ed Minh l\u00e0 Nh\u00e0 xu\u1ea5t b\u1ea3n t\u1ed5ng h\u1ee3p c\u00f3 ch\u1ee9c n\u0103ng xu\u1ea5t b\u1ea3n s\u00e1ch v\u00e0 v\u0103n h\u00f3a ph\u1ea9m ph\u1ee5c v\u1ee5 thi\u1ebfu nhi v\u00e0 c\u00e1c b\u1eadc ph\u1ee5 huynh trong c\u1ea3 n\u01b0\u1edbc, qu\u1ea3ng b\u00e1 v\u00e0 gi\u1edbi thi\u1ec7u v\u0103n h\u00f3a Vi\u1ec7t Nam ra th\u1ebf gi\u1edbi.<br \/>Nh\u00e0 xu\u1ea5t b\u1ea3n c\u00f3 nhi\u1ec7m v\u1ee5 t\u1ed5 ch\u1ee9c b\u1ea3n th\u1ea3o, bi\u00ean so\u1ea1n, bi\u00ean d\u1ecbch, xu\u1ea5t b\u1ea3n v\u00e0 ph\u00e1t h\u00e0nh c\u00e1c xu\u1ea5t b\u1ea3n ph\u1ea9m c\u00f3 n\u1ed9i dung: gi\u00e1o d\u1ee5c truy\u1ec1n th\u1ed1ng d\u00e2n t\u1ed9c, gi\u00e1o d\u1ee5c v\u1ec1 tri th\u1ee9c, ki\u1ebfn th\u1ee9c\u2026 tr\u00ean c\u00e1c l\u0129nh v\u1ef1c v\u0103n h\u1ecdc, ngh\u1ec7 thu\u1eadt, khoa h\u1ecdc k\u1ef9 thu\u1eadt nh\u1eb1m cung c\u1ea5p cho c\u00e1c em thi\u1ebfu nhi c\u0169ng nh\u01b0 c\u00e1c b\u1eadc ph\u1ee5 huynh c\u00e1c ki\u1ebfn th\u1ee9c c\u1ea7n thi\u1ebft trong cu\u1ed9c s\u1ed1ng, nh\u1eefng tinh hoa c\u1ee7a tri th\u1ee9c nh\u00e2n lo\u1ea1i nh\u1eb1m g\u00f3p ph\u1ea7n gi\u00e1o d\u1ee5c v\u00e0 h\u00ecnh th\u00e0nh nh\u00e2n c\u00e1ch th\u1ebf h\u1ec7 tr\u1ebb.<br \/>\u0110\u1ed1i t\u01b0\u1ee3ng ph\u1ee5c v\u1ee5 c\u1ee7a Nh\u00e0 xu\u1ea5t b\u1ea3n l\u00e0 c\u00e1c em t\u1eeb tu\u1ed5i nh\u00e0 tr\u1ebb m\u1eabu gi\u00e1o (1 \u0111\u1ebfn 5 tu\u1ed5i), nhi \u0111\u1ed3ng (6 \u0111\u1ebfn 9 tu\u1ed5i), thi\u1ebfu ni\u00ean (10 \u0111\u1ebfn 15 tu\u1ed5i) \u0111\u1ebfn c\u00e1c em tu\u1ed5i m\u1edbi l\u1edbn (16 \u0111\u1ebfn 18 tu\u1ed5i) v\u00e0 c\u00e1c b\u1eadc ph\u1ee5 huynh.<\/p>\n\n[\/col]\n\n[\/row]\n\n<!-- \/wp:flatsome\/uxbuilder -->","post_title":"Kim \u0110\u1ed3ng","post_excerpt":"","post_status":"publish","comment_status":"closed","ping_status":"closed","post_password":"","post_name":"kim-dong","to_ping":"","pinged":"","post_modified":"2021-02-17 01:31:56","post_modified_gmt":"2021-02-16 23:31:56","post_content_filtered":"","post_parent":0,"guid":"https:\/\/sachviet.eu\/nha-phat-hanh\/kim-dong\/","menu_order":0,"post_type":"publisher","post_mime_type":"","comment_count":"0","filter":"raw"}},"_links":{"self":[{"href":"https:\/\/sachviet.eu\/en\/wp-json\/wp\/v2\/product\/12502","targetHints":{"allow":["GET"]}}],"collection":[{"href":"https:\/\/sachviet.eu\/en\/wp-json\/wp\/v2\/product"}],"about":[{"href":"https:\/\/sachviet.eu\/en\/wp-json\/wp\/v2\/types\/product"}],"wp:featuredmedia":[{"embeddable":true,"href":"https:\/\/sachviet.eu\/en\/wp-json\/wp\/v2\/media\/12500"}],"wp:attachment":[{"href":"https:\/\/sachviet.eu\/en\/wp-json\/wp\/v2\/media?parent=12502"}],"wp:term":[{"taxonomy":"product_brand","embeddable":true,"href":"https:\/\/sachviet.eu\/en\/wp-json\/wp\/v2\/product_brand?post=12502"},{"taxonomy":"product_cat","embeddable":true,"href":"https:\/\/sachviet.eu\/en\/wp-json\/wp\/v2\/product_cat?post=12502"},{"taxonomy":"product_tag","embeddable":true,"href":"https:\/\/sachviet.eu\/en\/wp-json\/wp\/v2\/product_tag?post=12502"}],"curies":[{"name":"wp","href":"https:\/\/api.w.org\/{rel}","templated":true}]}}