{"id":12496,"date":"2021-06-11T14:29:20","date_gmt":"2021-06-11T11:29:20","guid":{"rendered":"https:\/\/sachviet.eu\/shop\/ehon-vuong-quoc-trai-cay-set-3-quyen\/"},"modified":"2022-12-19T18:39:18","modified_gmt":"2022-12-19T16:39:18","slug":"ehon-vuong-quoc-trai-cay-set-3-quyen","status":"publish","type":"product","link":"https:\/\/sachviet.eu\/en\/shop\/ehon-vuong-quoc-trai-cay-set-3-quyen\/","title":{"rendered":"Ehon V\u01b0\u01a1ng qu\u1ed1c tr\u00e1i c\u00e2y &#8211; Set 3 quy\u1ec3n"},"content":{"rendered":"<p>B\u1ed9 s\u00e1ch V\u01b0\u01a1ng qu\u1ed1c tr\u00e1i c\u00e2y gi\u00fap b\u00e9 ph\u00e2n bi\u1ec7t h\u00ecnh d\u00e1ng, m\u00e0u s\u1eafc c\u1ee7a t\u1eebng lo\u1ea1i tr\u00e1i c\u00e2y.<br \/>\nB\u1ed9 s\u00e1ch V\u01b0\u01a1ng qu\u1ed1c tr\u00e1i c\u00e2y &#8211; Ph\u00f9 h\u1ee3p v\u1edbi c\u00e1c b\u00e9 0- 3 tu\u1ed5i<br \/>\n&#8211; B\u1eb1ng nh\u1eefng t\u00ednh t\u1eeb ch\u1ec9 h\u00ecnh d\u00e1ng b\u00ean ngo\u00e0i, &#8220;Tr\u00e1i g\u00ec \u0111\u00e2y&#8221; s\u1ebd gi\u00fap b\u00e9 h\u00ecnh th\u00e0nh kh\u00e1i ni\u1ec7m v\u1ec1 c\u00e1c lo\u1ea1i tr\u00e1i c\u00e2y b\u1eb1ng nh\u1eefng c\u00e2u h\u1ecfi \u0111\u1ec3 b\u00e9 \u0111i t\u00ecm ki\u1ebfm c\u00e2u tr\u1ea3 l\u1eddi. T\u1eeb \u0111\u00f3 gi\u00fap b\u00e9 m\u1edf r\u1ed9ng v\u1ed1n t\u1eeb v\u00e0 hi\u1ec3u bi\u1ebft v\u1ec1 th\u1ebf gi\u1edbi xung quanh.<br \/>\n&#8211; M\u1ed7i m\u1ed9t lo\u1ea1i tr\u00e1i c\u00e2y l\u1ea1i c\u00f3 m\u1ed9t \u0111\u1eb7c \u0111i\u1ec3m ri\u00eang bi\u1ec7t: Qu\u1ea3 th\u00ec gai g\u00f3c, qu\u00e0 th\u00ec s\u1ea7n s\u00f9i,&#8230; nh\u01b0ng ch\u00fang \u0111\u1ec1u c\u00f3 m\u1ed9t v\u1ebb \u0111\u1eb9p v\u00e0 h\u01b0\u01a1ng v\u1ecb r\u1ea5t ri\u00eang, kh\u00f4ng d\u1ec5 b\u1ecb tr\u1ed9n l\u1eabn. &#8220;Tr\u00e1i n\u00e0o c\u0169ng \u0111\u1eb9p&#8221; s\u1ebd gi\u00fap b\u00e9 h\u00ecnh th\u00e0nh \u0111\u1ee9c t\u00ednh t\u1ef1 tin.<br \/>\n&#8211; B\u00e1nh tr\u00f4i tr\u1eafng tr\u1ebbo c\u00f3 m\u1ed9t h\u00e0nh tr\u00ecnh phi\u00eau l\u01b0u th\u00fa v\u1ecb: M\u1ed7i khi b\u01a1i qua m\u1ed9t d\u00f2ng n\u01b0\u1edbc l\u1ea1i bi\u1ebfn th\u00e0nh m\u1ed9t lo\u1ea1i tr\u00e1i c\u00e2y mang nhi\u1ec1u m\u00e0u s\u1eafc kh\u00e1c nhau. &#8220;Tr\u00e1i c\u00e2u mu\u00f4n m\u00e0u&#8221; cho b\u00e9 th\u1ea5y \u0111\u01b0\u1ee3c s\u1ef1 \u0111a d\u1ea1ng v\u1ec1 m\u00e0u s\u1eafc c\u1ee7a nh\u1eefng lo\u1ea1i tr\u00e1i c\u00e2y quen thu\u1ed9c.<\/p>\n","protected":false},"excerpt":{"rendered":"<p>B\u1ed9 s\u00e1ch V\u01b0\u01a1ng qu\u1ed1c tr\u00e1i c\u00e2y gi\u00fap b\u00e9 ph\u00e2n bi\u1ec7t h\u00ecnh d\u00e1ng, m\u00e0u s\u1eafc c\u1ee7a t\u1eebng lo\u1ea1i tr\u00e1i c\u00e2y.<br \/>\nB\u1ed9 s\u00e1ch V\u01b0\u01a1ng qu\u1ed1c tr\u00e1i c\u00e2y &#8211; Ph\u00f9 h\u1ee3p v\u1edbi c\u00e1c b\u00e9 0- 3 tu\u1ed5i<br \/>\n&#8211; B\u1eb1ng nh\u1eefng t\u00ednh t\u1eeb ch\u1ec9 h\u00ecnh d\u00e1ng b\u00ean ngo\u00e0i, &#8220;Tr\u00e1i g\u00ec \u0111\u00e2y&#8221; s\u1ebd gi\u00fap b\u00e9 h\u00ecnh th\u00e0nh kh\u00e1i ni\u1ec7m v\u1ec1 c\u00e1c lo\u1ea1i tr\u00e1i c\u00e2y b\u1eb1ng nh\u1eefng c\u00e2u h\u1ecfi \u0111\u1ec3 b\u00e9 \u0111i t\u00ecm ki\u1ebfm c\u00e2u tr\u1ea3 l\u1eddi. T\u1eeb \u0111\u00f3 gi\u00fap b\u00e9 m\u1edf r\u1ed9ng v\u1ed1n t\u1eeb v\u00e0 hi\u1ec3u bi\u1ebft v\u1ec1 th\u1ebf gi\u1edbi xung quanh.<br \/>\n&#8211; M\u1ed7i m\u1ed9t lo\u1ea1i tr\u00e1i c\u00e2y l\u1ea1i c\u00f3 m\u1ed9t \u0111\u1eb7c \u0111i\u1ec3m ri\u00eang bi\u1ec7t: Qu\u1ea3 th\u00ec gai g\u00f3c, qu\u00e0 th\u00ec s\u1ea7n s\u00f9i,&#8230; nh\u01b0ng ch\u00fang \u0111\u1ec1u c\u00f3 m\u1ed9t v\u1ebb \u0111\u1eb9p v\u00e0 h\u01b0\u01a1ng v\u1ecb r\u1ea5t ri\u00eang, kh\u00f4ng d\u1ec5 b\u1ecb tr\u1ed9n l\u1eabn. &#8220;Tr\u00e1i n\u00e0o c\u0169ng \u0111\u1eb9p&#8221; s\u1ebd gi\u00fap b\u00e9 h\u00ecnh th\u00e0nh \u0111\u1ee9c t\u00ednh t\u1ef1 tin.<br \/>\n&#8211; B\u00e1nh tr\u00f4i tr\u1eafng tr\u1ebbo c\u00f3 m\u1ed9t h\u00e0nh tr\u00ecnh phi\u00eau l\u01b0u th\u00fa v\u1ecb: M\u1ed7i khi b\u01a1i qua m\u1ed9t d\u00f2ng n\u01b0\u1edbc l\u1ea1i bi\u1ebfn th\u00e0nh m\u1ed9t lo\u1ea1i tr\u00e1i c\u00e2y mang nhi\u1ec1u m\u00e0u s\u1eafc kh\u00e1c nhau. &#8220;Tr\u00e1i c\u00e2u mu\u00f4n m\u00e0u&#8221; cho b\u00e9 th\u1ea5y \u0111\u01b0\u1ee3c s\u1ef1 \u0111a d\u1ea1ng v\u1ec1 m\u00e0u s\u1eafc c\u1ee7a nh\u1eefng lo\u1ea1i tr\u00e1i c\u00e2y quen thu\u1ed9c.<\/p>\n","protected":false},"featured_media":12492,"template":"","meta":{"_acf_changed":false},"product_brand":[],"product_cat":[24,17],"product_tag":[81],"class_list":{"0":"post-12496","1":"product","2":"type-product","3":"status-publish","4":"has-post-thumbnail","6":"product_cat-nha-tre-mau-giao-0-tuoi-6-tuoi","7":"product_cat-sach-danh-cho-cac-be","8":"product_tag-sach-gia-uu-dai","10":"first","11":"outofstock","12":"sale","13":"taxable","14":"shipping-taxable","15":"purchasable","16":"product-type-simple"},"supplier_id":null,"supplier_sku":"","barcode":null,"atum_controlled":true,"out_stock_date":"2022-05-16 09:01:03","out_stock_threshold":null,"inheritable":false,"inbound_stock":0,"stock_on_hold":0,"sold_today":0,"sales_last_days":0,"reserved_stock":0,"customer_returns":0,"warehouse_damage":0,"lost_in_post":0,"other_logs":0,"out_stock_days":1353,"lost_sales":0,"has_location":false,"update_date":"2026-01-28T23:10:51","atum_locations":[],"atum_stock_status":"outofstock","restock_status":false,"low_stock_amount":"","sales_update_date":"2026-01-28T23:10:51","calc_backorders":null,"acf":{"publisher":{"ID":1420,"post_author":"1","post_date":"2021-02-16 23:03:17","post_date_gmt":"2021-02-16 21:03:17","post_content":"<!-- wp:flatsome\/uxbuilder -->\n<h1 style=\"text-align: center\"><strong>WABOOKS<\/strong><\/h1>\n[ux_image id=\"1430\"]\n\n[gap]\n\n<p style=\"text-align: left\">Wabooks l\u00e0 c\u00f4ng ty s\u00e1ch ho\u1ea1t \u0111\u1ed9ng chuy\u00ean nghi\u1ec7p trong l\u0129nh v\u1ef1c xu\u1ea5t b\u1ea3n s\u00e1ch. Ph\u1ea7n l\u1edbn ngu\u1ed3n l\u1ef1c c\u1ee7a c\u00f4ng ty \u0111\u1ea7u t\u01b0 v\u00e0o nghi\u00ean c\u1ee9u, mua b\u1ea3n quy\u1ec1n, d\u1ecbch v\u00e0 xu\u1ea5t b\u1ea3n c\u00e1c \u1ea5n ph\u1ea9m v\u0103n h\u00f3a, tri th\u1ee9c c\u1ee7a Nh\u1eadt B\u1ea3n t\u1ea1i Vi\u1ec7t Nam. Wabooks lu\u00f4n kh\u00f4ng ng\u1eebng n\u1ed7 l\u1ef1c mang \u0111\u1ebfn nh\u1eefng s\u1ea3n ph\u1ea9m c\u00f3 ch\u1ea5t l\u01b0\u1ee3ng v\u00e0 d\u1ecbch v\u1ee5 ho\u00e0n h\u1ea3o, mang \u0111\u1ebfn s\u1ef1 h\u00e0i l\u00f2ng cho kh\u00e1ch h\u00e0ng c\u0169ng nh\u01b0 \u0111\u00f3ng g\u00f3p cho \u0111\u1ea5t n\u01b0\u1edbc t\u1ed1t \u0111\u1eb9p h\u01a1n th\u00f4ng qua nh\u1eefng gi\u00e1 tr\u1ecb m\u00e0 c\u00f4ng ty \u0111ang kh\u00f4ng ng\u1eebng theo \u0111u\u1ed5i.<\/p>\n[row]\n\n[col span=\"6\" span__sm=\"12\"]\n\n[ux_image id=\"2068\"]\n\n\n[\/col]\n[col span=\"6\" span__sm=\"12\"]\n\n<p>Anh Goto Daishi th\u00ec tin r\u1eb1ng ch\u1ec9 c\u00f3 s\u00e1ch m\u1edbi khi\u1ebfn con ng\u01b0\u1eddi ta tr\u1edf n\u00ean v\u0103n minh v\u00e0 ti\u1ebfn b\u1ed9, c\u00f2n anh Nguy\u1ec5n Tu\u1ea5n Anh th\u00ec cho r\u1eb1ng ch\u00fang ta ph\u1ea3i mang s\u00e1ch \u0111\u1ebfn n\u01a1i m\u00e0 ng\u01b0\u1eddi ta th\u1ef1c s\u1ef1 c\u1ea7n, chia s\u1ebb nh\u1eefng gi\u00e1 tr\u1ecb m\u00e0 ng\u01b0\u1eddi kh\u00e1c \u0111ang thi\u1ebfu, \u0111\u00f3 l\u00e0 c\u00e1ch \u0111\u1ec3 ch\u00fang ta ho\u00e0n thi\u1ec7n con ng\u01b0\u1eddi v\u00e0 g\u00f3p ph\u1ea7n l\u00e0m cho x\u00e3 h\u1ed9i ho\u00e0n thi\u1ec7n h\u01a1n.\u00a0<\/p>\n<p>May m\u1eafn r\u1eb1ng<strong> SACHVIET.EU\u00a0<\/strong>\u0111\u00e3 c\u00f3 c\u01a1 h\u1ed9i \u0111\u01b0\u1ee3c anh Nguy\u1ec5n Tu\u1ea5n Anh h\u1ee3p t\u00e1c gi\u00fap \u0111\u1ee1 h\u1ebft m\u00ecnh \u0111\u1ec3 The Stations c\u00f3 th\u1ec3 d\u1ec5 d\u00e0ng \u0111\u01b0a nh\u1eefng cu\u1ed1n s\u00e1ch ehon sang ph\u1ee5c v\u1ee5 nhu c\u1ea7u c\u1ee7a ng\u01b0\u1eddi Vi\u1ec7t t\u1ea1i Ch\u00e2u \u00c2u. V\u00e0 kh\u00f4ng g\u00ec vui m\u1eebng h\u01a1n l\u00e0 nh\u1eefng b\u1ea1n \u0111\u1ed9c gi\u1ea3 nh\u00ed c\u00f3 th\u1ec3 ti\u1ebfp c\u1eadn v\u00e0 c\u1ea7m tr\u00ean tay nh\u1eefng cu\u1ed1n s\u00e1ch ch\u1ea5t l\u01b0\u1ee3ng \u0111\u01b0\u1ee3c \u0111\u1ea7u t\u01b0 t\u1ec9 m\u1ec9, k\u1ef9 c\u00e0ng ch\u1ec9n chu v\u1ec1 c\u1ea3 n\u1ed9i dung l\u1eabn h\u00ecnh th\u1ee9c b\u1eb1ng ti\u1ebfng Vi\u1ec7t.<\/p>\n<p><strong>SACHVIET.EU<\/strong> lu\u00f4n tin t\u01b0\u1edfng r\u1eb1ng ng\u00f4n ng\u1eef m\u1eb9 \u0111\u1ebb lu\u00f4n l\u00e0 th\u1ee9 ng\u00f4n ng\u1eef thi\u00eang li\u00eang nh\u1ea5t v\u00e0 lu\u00f4n mong mu\u1ed1n c\u00e1c \u0111\u1ed9c gi\u1ea3 Vi\u1ec7t c\u00f3 c\u01a1 h\u1ed9i \u0111\u01b0\u1ee3c s\u1edf h\u1eefu nh\u1eefng cu\u1ed1n s\u00e1ch b\u1ea3n quy\u1ec1n \u0111\u1ea7y ch\u1ea5t l\u01b0\u1ee3ng b\u00e1n s\u1eb5n t\u1ea1i Ch\u00e2u \u00c2u<\/p>\n<p>\u00a0<\/p>\n\n[\/col]\n\n[\/row]\n\n<!-- \/wp:flatsome\/uxbuilder -->","post_title":"Wabooks","post_excerpt":"","post_status":"publish","comment_status":"closed","ping_status":"closed","post_password":"","post_name":"wabooks","to_ping":"","pinged":"","post_modified":"2022-12-19 22:37:02","post_modified_gmt":"2022-12-19 20:37:02","post_content_filtered":"","post_parent":0,"guid":"https:\/\/sachviet.eu\/?post_type=publisher&#038;p=1420","menu_order":0,"post_type":"publisher","post_mime_type":"","comment_count":"0","filter":"raw"}},"_links":{"self":[{"href":"https:\/\/sachviet.eu\/en\/wp-json\/wp\/v2\/product\/12496","targetHints":{"allow":["GET"]}}],"collection":[{"href":"https:\/\/sachviet.eu\/en\/wp-json\/wp\/v2\/product"}],"about":[{"href":"https:\/\/sachviet.eu\/en\/wp-json\/wp\/v2\/types\/product"}],"wp:featuredmedia":[{"embeddable":true,"href":"https:\/\/sachviet.eu\/en\/wp-json\/wp\/v2\/media\/12492"}],"wp:attachment":[{"href":"https:\/\/sachviet.eu\/en\/wp-json\/wp\/v2\/media?parent=12496"}],"wp:term":[{"taxonomy":"product_brand","embeddable":true,"href":"https:\/\/sachviet.eu\/en\/wp-json\/wp\/v2\/product_brand?post=12496"},{"taxonomy":"product_cat","embeddable":true,"href":"https:\/\/sachviet.eu\/en\/wp-json\/wp\/v2\/product_cat?post=12496"},{"taxonomy":"product_tag","embeddable":true,"href":"https:\/\/sachviet.eu\/en\/wp-json\/wp\/v2\/product_tag?post=12496"}],"curies":[{"name":"wp","href":"https:\/\/api.w.org\/{rel}","templated":true}]}}