{"id":12487,"date":"2021-06-11T14:28:53","date_gmt":"2021-06-11T11:28:53","guid":{"rendered":"https:\/\/sachviet.eu\/shop\/ehon-an-tuong-cua-piu-piu-set-3-quyen\/"},"modified":"2022-12-19T18:39:47","modified_gmt":"2022-12-19T16:39:47","slug":"ehon-an-tuong-cua-piu-piu-set-3-quyen","status":"publish","type":"product","link":"https:\/\/sachviet.eu\/en\/shop\/ehon-an-tuong-cua-piu-piu-set-3-quyen\/","title":{"rendered":"Ehon \u1ea4n t\u01b0\u1ee3ng c\u1ee7a Piu Piu &#8211; Set 3 quy\u1ec3n"},"content":{"rendered":"<p>B\u1ed9 s\u00e1ch l\u00e0 nh\u1eefng c\u00e2u chuy\u1ec7n \u0111\u00e1ng y\u00eau, h\u00e0i h\u01b0\u1edbc c\u1ee7a nh\u00e2n v\u1eadt Piu Piu \u0111\u01b0\u1ee3c x\u00e2y d\u1ef1ng b\u1edfi nh\u1eefng h\u00ecnh kh\u1ed1i \u0111\u01a1n gi\u1ea3n, \u1ea5n t\u01b0\u1ee3ng k\u1ebft h\u1ee3p vi\u1ec7c s\u1eed d\u1ee5ng m\u00e0u s\u1eafc t\u01b0\u01a1ng ph\u1ea3n v\u00e0 \u00e2m thanh \u201ck\u00ec l\u1ea1\u201d gi\u00fap cho cu\u1ed1n ehon kh\u00f4ng qu\u00e1 tr\u1ebb con m\u00e0 c\u00f3 xu h\u01b0\u1edbng nh\u01b0 m\u1ed9t b\u1ee9c tranh ngh\u1ec7 thu\u1eadt, khi\u1ebfn ng\u01b0\u1eddi l\u1edbn c\u0169ng ph\u1ea3i th\u00edch th\u00edch th\u00fa.<\/p>\n<p>&#8211; Cu\u1ed1n s\u00e1ch k\u1ec3 v\u1ec1 c\u00e2u chuy\u1ec7n c\u1ee7a ch\u00fa giun nh\u1ecf Piu Piu. V\u1edbi nh\u1eefng \u00e2m thanh k\u1ef3 l\u1ea1 nh\u01b0ng v\u00f4 c\u00f9ng th\u00fa v\u1ecb s\u1ebd khi\u1ebfn b\u00e9 ph\u1ea5n kh\u00edch v\u00e0 vui v\u1ebb.<br \/>\n&#8211; Nh\u1eefng m\u00e0u s\u1eafc t\u01b0\u01a1ng ph\u1ea3n \u1ea5n t\u01b0\u1ee3ng c\u00f3 trong cu\u1ed1n Papa&#8230;Piu Piu s\u1ebd thu h\u00fat s\u1ef1 ch\u00fa \u00fd c\u1ee7a b\u00e9 v\u00e0 k\u00edch th\u00edch th\u1ecb gi\u00e1c, ph\u00e1t tri\u1ec3n tr\u00ed t\u01b0\u1edfng t\u01b0\u1ee3ng.<br \/>\n&#8211; P\u00f3c! P\u00f3c! l\u00e0 cu\u1ed9c \u0111u\u1ed5i b\u1eaft c\u1ee7a Piu Piu v\u00e0 b\u1ea1n g\u00e0 con. Piu Piu \u0111i \u0111\u00e2u r\u1ed3i nh\u1ec9? G\u00e0 con \u0111\u00e3 ph\u00e1t hi\u1ec7n ra ch\u01b0a? C\u00f2n b\u00e9 c\u00f3 th\u1ea5y b\u1ea1n Piu Piu \u1edf \u0111\u00e2u kh\u00f4ng n\u00e0o?<\/p>\n<p>B\u1ed9 s\u00e1ch \u1ea4n t\u01b0\u1ee3ng c\u1ee7a Piu Piu kh\u00f4ng c\u00f3 c\u1ed1t truy\u1ec7n c\u1ed1 \u0111\u1ecbnh, thay v\u00e0o \u0111\u00f3 l\u00e0 c\u00e1c h\u00ecnh kh\u1ed1i \u0111\u01a1n gi\u1ea3n, m\u00e0u s\u1eafc t\u01b0\u01a1ng ph\u1ea3n, \u00e2m thanh \u1ea5n t\u01b0\u1ee3ng. \u0110i\u1ec1u n\u00e0y k\u00edch th\u00edch tr\u1ebb t\u1ef1 t\u01b0\u1edfng t\u01b0\u1ee3ng ra c\u00e2u chuy\u1ec7n c\u1ee7a ri\u00eang m\u00ecnh. Nh\u1edd \u0111\u00f3, t\u0103ng kh\u1ea3 n\u0103ng quan s\u00e1t v\u00e0 x\u1eed l\u00fd th\u00f4ng tin h\u00ecnh \u1ea3nh m\u1ed9t c\u00e1ch linh ho\u1ea1t \u1edf tr\u1ebb.<\/p>\n","protected":false},"excerpt":{"rendered":"<p>B\u1ed9 s\u00e1ch l\u00e0 nh\u1eefng c\u00e2u chuy\u1ec7n \u0111\u00e1ng y\u00eau, h\u00e0i h\u01b0\u1edbc c\u1ee7a nh\u00e2n v\u1eadt Piu Piu \u0111\u01b0\u1ee3c x\u00e2y d\u1ef1ng b\u1edfi nh\u1eefng h\u00ecnh kh\u1ed1i \u0111\u01a1n gi\u1ea3n, \u1ea5n t\u01b0\u1ee3ng k\u1ebft h\u1ee3p vi\u1ec7c s\u1eed d\u1ee5ng m\u00e0u s\u1eafc t\u01b0\u01a1ng ph\u1ea3n v\u00e0 \u00e2m thanh \u201ck\u00ec l\u1ea1\u201d gi\u00fap cho cu\u1ed1n ehon kh\u00f4ng qu\u00e1 tr\u1ebb con m\u00e0 c\u00f3 xu h\u01b0\u1edbng nh\u01b0 m\u1ed9t b\u1ee9c tranh ngh\u1ec7 thu\u1eadt, khi\u1ebfn ng\u01b0\u1eddi l\u1edbn c\u0169ng ph\u1ea3i th\u00edch th\u00edch th\u00fa.<\/p>\n<p>&#8211; Cu\u1ed1n s\u00e1ch k\u1ec3 v\u1ec1 c\u00e2u chuy\u1ec7n c\u1ee7a ch\u00fa giun nh\u1ecf Piu Piu. V\u1edbi nh\u1eefng \u00e2m thanh k\u1ef3 l\u1ea1 nh\u01b0ng v\u00f4 c\u00f9ng th\u00fa v\u1ecb s\u1ebd khi\u1ebfn b\u00e9 ph\u1ea5n kh\u00edch v\u00e0 vui v\u1ebb.<br \/>\n&#8211; Nh\u1eefng m\u00e0u s\u1eafc t\u01b0\u01a1ng ph\u1ea3n \u1ea5n t\u01b0\u1ee3ng c\u00f3 trong cu\u1ed1n Papa&#8230;Piu Piu s\u1ebd thu h\u00fat s\u1ef1 ch\u00fa \u00fd c\u1ee7a b\u00e9 v\u00e0 k\u00edch th\u00edch th\u1ecb gi\u00e1c, ph\u00e1t tri\u1ec3n tr\u00ed t\u01b0\u1edfng t\u01b0\u1ee3ng.<br \/>\n&#8211; P\u00f3c! P\u00f3c! l\u00e0 cu\u1ed9c \u0111u\u1ed5i b\u1eaft c\u1ee7a Piu Piu v\u00e0 b\u1ea1n g\u00e0 con. Piu Piu \u0111i \u0111\u00e2u r\u1ed3i nh\u1ec9? G\u00e0 con \u0111\u00e3 ph\u00e1t hi\u1ec7n ra ch\u01b0a? C\u00f2n b\u00e9 c\u00f3 th\u1ea5y b\u1ea1n Piu Piu \u1edf \u0111\u00e2u kh\u00f4ng n\u00e0o?<\/p>\n<p>B\u1ed9 s\u00e1ch \u1ea4n t\u01b0\u1ee3ng c\u1ee7a Piu Piu kh\u00f4ng c\u00f3 c\u1ed1t truy\u1ec7n c\u1ed1 \u0111\u1ecbnh, thay v\u00e0o \u0111\u00f3 l\u00e0 c\u00e1c h\u00ecnh kh\u1ed1i \u0111\u01a1n gi\u1ea3n, m\u00e0u s\u1eafc t\u01b0\u01a1ng ph\u1ea3n, \u00e2m thanh \u1ea5n t\u01b0\u1ee3ng. \u0110i\u1ec1u n\u00e0y k\u00edch th\u00edch tr\u1ebb t\u1ef1 t\u01b0\u1edfng t\u01b0\u1ee3ng ra c\u00e2u chuy\u1ec7n c\u1ee7a ri\u00eang m\u00ecnh. Nh\u1edd \u0111\u00f3, t\u0103ng kh\u1ea3 n\u0103ng quan s\u00e1t v\u00e0 x\u1eed l\u00fd th\u00f4ng tin h\u00ecnh \u1ea3nh m\u1ed9t c\u00e1ch linh ho\u1ea1t \u1edf tr\u1ebb.<\/p>\n","protected":false},"featured_media":12486,"template":"","meta":{"_acf_changed":false},"product_brand":[],"product_cat":[24,17],"product_tag":[81],"class_list":{"0":"post-12487","1":"product","2":"type-product","3":"status-publish","4":"has-post-thumbnail","6":"product_cat-nha-tre-mau-giao-0-tuoi-6-tuoi","7":"product_cat-sach-danh-cho-cac-be","8":"product_tag-sach-gia-uu-dai","10":"first","11":"outofstock","12":"sale","13":"taxable","14":"shipping-taxable","15":"purchasable","16":"product-type-simple"},"supplier_id":null,"supplier_sku":"","barcode":null,"atum_controlled":true,"out_stock_date":"2022-05-16 09:10:06","out_stock_threshold":null,"inheritable":false,"inbound_stock":0,"stock_on_hold":0,"sold_today":0,"sales_last_days":0,"reserved_stock":0,"customer_returns":0,"warehouse_damage":0,"lost_in_post":0,"other_logs":0,"out_stock_days":1353,"lost_sales":0,"has_location":false,"update_date":"2026-01-28T23:10:51","atum_locations":[],"atum_stock_status":"outofstock","restock_status":false,"low_stock_amount":"","sales_update_date":"2026-01-28T23:10:51","calc_backorders":null,"acf":{"publisher":{"ID":1420,"post_author":"1","post_date":"2021-02-16 23:03:17","post_date_gmt":"2021-02-16 21:03:17","post_content":"<!-- wp:flatsome\/uxbuilder -->\n<h1 style=\"text-align: center\"><strong>WABOOKS<\/strong><\/h1>\n[ux_image id=\"1430\"]\n\n[gap]\n\n<p style=\"text-align: left\">Wabooks l\u00e0 c\u00f4ng ty s\u00e1ch ho\u1ea1t \u0111\u1ed9ng chuy\u00ean nghi\u1ec7p trong l\u0129nh v\u1ef1c xu\u1ea5t b\u1ea3n s\u00e1ch. Ph\u1ea7n l\u1edbn ngu\u1ed3n l\u1ef1c c\u1ee7a c\u00f4ng ty \u0111\u1ea7u t\u01b0 v\u00e0o nghi\u00ean c\u1ee9u, mua b\u1ea3n quy\u1ec1n, d\u1ecbch v\u00e0 xu\u1ea5t b\u1ea3n c\u00e1c \u1ea5n ph\u1ea9m v\u0103n h\u00f3a, tri th\u1ee9c c\u1ee7a Nh\u1eadt B\u1ea3n t\u1ea1i Vi\u1ec7t Nam. Wabooks lu\u00f4n kh\u00f4ng ng\u1eebng n\u1ed7 l\u1ef1c mang \u0111\u1ebfn nh\u1eefng s\u1ea3n ph\u1ea9m c\u00f3 ch\u1ea5t l\u01b0\u1ee3ng v\u00e0 d\u1ecbch v\u1ee5 ho\u00e0n h\u1ea3o, mang \u0111\u1ebfn s\u1ef1 h\u00e0i l\u00f2ng cho kh\u00e1ch h\u00e0ng c\u0169ng nh\u01b0 \u0111\u00f3ng g\u00f3p cho \u0111\u1ea5t n\u01b0\u1edbc t\u1ed1t \u0111\u1eb9p h\u01a1n th\u00f4ng qua nh\u1eefng gi\u00e1 tr\u1ecb m\u00e0 c\u00f4ng ty \u0111ang kh\u00f4ng ng\u1eebng theo \u0111u\u1ed5i.<\/p>\n[row]\n\n[col span=\"6\" span__sm=\"12\"]\n\n[ux_image id=\"2068\"]\n\n\n[\/col]\n[col span=\"6\" span__sm=\"12\"]\n\n<p>Anh Goto Daishi th\u00ec tin r\u1eb1ng ch\u1ec9 c\u00f3 s\u00e1ch m\u1edbi khi\u1ebfn con ng\u01b0\u1eddi ta tr\u1edf n\u00ean v\u0103n minh v\u00e0 ti\u1ebfn b\u1ed9, c\u00f2n anh Nguy\u1ec5n Tu\u1ea5n Anh th\u00ec cho r\u1eb1ng ch\u00fang ta ph\u1ea3i mang s\u00e1ch \u0111\u1ebfn n\u01a1i m\u00e0 ng\u01b0\u1eddi ta th\u1ef1c s\u1ef1 c\u1ea7n, chia s\u1ebb nh\u1eefng gi\u00e1 tr\u1ecb m\u00e0 ng\u01b0\u1eddi kh\u00e1c \u0111ang thi\u1ebfu, \u0111\u00f3 l\u00e0 c\u00e1ch \u0111\u1ec3 ch\u00fang ta ho\u00e0n thi\u1ec7n con ng\u01b0\u1eddi v\u00e0 g\u00f3p ph\u1ea7n l\u00e0m cho x\u00e3 h\u1ed9i ho\u00e0n thi\u1ec7n h\u01a1n.\u00a0<\/p>\n<p>May m\u1eafn r\u1eb1ng<strong> SACHVIET.EU\u00a0<\/strong>\u0111\u00e3 c\u00f3 c\u01a1 h\u1ed9i \u0111\u01b0\u1ee3c anh Nguy\u1ec5n Tu\u1ea5n Anh h\u1ee3p t\u00e1c gi\u00fap \u0111\u1ee1 h\u1ebft m\u00ecnh \u0111\u1ec3 The Stations c\u00f3 th\u1ec3 d\u1ec5 d\u00e0ng \u0111\u01b0a nh\u1eefng cu\u1ed1n s\u00e1ch ehon sang ph\u1ee5c v\u1ee5 nhu c\u1ea7u c\u1ee7a ng\u01b0\u1eddi Vi\u1ec7t t\u1ea1i Ch\u00e2u \u00c2u. V\u00e0 kh\u00f4ng g\u00ec vui m\u1eebng h\u01a1n l\u00e0 nh\u1eefng b\u1ea1n \u0111\u1ed9c gi\u1ea3 nh\u00ed c\u00f3 th\u1ec3 ti\u1ebfp c\u1eadn v\u00e0 c\u1ea7m tr\u00ean tay nh\u1eefng cu\u1ed1n s\u00e1ch ch\u1ea5t l\u01b0\u1ee3ng \u0111\u01b0\u1ee3c \u0111\u1ea7u t\u01b0 t\u1ec9 m\u1ec9, k\u1ef9 c\u00e0ng ch\u1ec9n chu v\u1ec1 c\u1ea3 n\u1ed9i dung l\u1eabn h\u00ecnh th\u1ee9c b\u1eb1ng ti\u1ebfng Vi\u1ec7t.<\/p>\n<p><strong>SACHVIET.EU<\/strong> lu\u00f4n tin t\u01b0\u1edfng r\u1eb1ng ng\u00f4n ng\u1eef m\u1eb9 \u0111\u1ebb lu\u00f4n l\u00e0 th\u1ee9 ng\u00f4n ng\u1eef thi\u00eang li\u00eang nh\u1ea5t v\u00e0 lu\u00f4n mong mu\u1ed1n c\u00e1c \u0111\u1ed9c gi\u1ea3 Vi\u1ec7t c\u00f3 c\u01a1 h\u1ed9i \u0111\u01b0\u1ee3c s\u1edf h\u1eefu nh\u1eefng cu\u1ed1n s\u00e1ch b\u1ea3n quy\u1ec1n \u0111\u1ea7y ch\u1ea5t l\u01b0\u1ee3ng b\u00e1n s\u1eb5n t\u1ea1i Ch\u00e2u \u00c2u<\/p>\n<p>\u00a0<\/p>\n\n[\/col]\n\n[\/row]\n\n<!-- \/wp:flatsome\/uxbuilder -->","post_title":"Wabooks","post_excerpt":"","post_status":"publish","comment_status":"closed","ping_status":"closed","post_password":"","post_name":"wabooks","to_ping":"","pinged":"","post_modified":"2022-12-19 22:37:02","post_modified_gmt":"2022-12-19 20:37:02","post_content_filtered":"","post_parent":0,"guid":"https:\/\/sachviet.eu\/?post_type=publisher&#038;p=1420","menu_order":0,"post_type":"publisher","post_mime_type":"","comment_count":"0","filter":"raw"}},"_links":{"self":[{"href":"https:\/\/sachviet.eu\/en\/wp-json\/wp\/v2\/product\/12487","targetHints":{"allow":["GET"]}}],"collection":[{"href":"https:\/\/sachviet.eu\/en\/wp-json\/wp\/v2\/product"}],"about":[{"href":"https:\/\/sachviet.eu\/en\/wp-json\/wp\/v2\/types\/product"}],"wp:featuredmedia":[{"embeddable":true,"href":"https:\/\/sachviet.eu\/en\/wp-json\/wp\/v2\/media\/12486"}],"wp:attachment":[{"href":"https:\/\/sachviet.eu\/en\/wp-json\/wp\/v2\/media?parent=12487"}],"wp:term":[{"taxonomy":"product_brand","embeddable":true,"href":"https:\/\/sachviet.eu\/en\/wp-json\/wp\/v2\/product_brand?post=12487"},{"taxonomy":"product_cat","embeddable":true,"href":"https:\/\/sachviet.eu\/en\/wp-json\/wp\/v2\/product_cat?post=12487"},{"taxonomy":"product_tag","embeddable":true,"href":"https:\/\/sachviet.eu\/en\/wp-json\/wp\/v2\/product_tag?post=12487"}],"curies":[{"name":"wp","href":"https:\/\/api.w.org\/{rel}","templated":true}]}}