{"id":12485,"date":"2021-06-11T14:28:46","date_gmt":"2021-06-11T11:28:46","guid":{"rendered":"https:\/\/sachviet.eu\/shop\/the-thao-vui-biet-bao\/"},"modified":"2022-04-20T23:35:27","modified_gmt":"2022-04-20T20:35:27","slug":"the-thao-vui-biet-bao","status":"publish","type":"product","link":"https:\/\/sachviet.eu\/en\/shop\/the-thao-vui-biet-bao\/","title":{"rendered":"Th\u1ec3 thao vui bi\u1ebft bao!"},"content":{"rendered":"<p>Em th\u00edch ch\u01a1i th\u1ec3 thao l\u1eafm \u00e0? Cu\u1ed1n s\u00e1ch n\u00e0y ch\u00ednh l\u00e0 d\u00e0nh cho em r\u1ed3i!<\/p>\n<p>C\u00f2n em th\u00ec sao? Em ch\u01b0a th\u00edch ch\u01a1i th\u1ec3 thao l\u1eafm? Ch\u00fang ch\u00e1n \u00f2m \u1ea5y \u00e0? \u1ea4y l\u00e0 v\u00ec em ch\u01b0a bi\u1ebft r\u1eb1ng c\u00f3 ti t\u1ec9 c\u00e1c m\u00f4n si\u00eau th\u00fa v\u1ecb v\u1edbi c\u00e1c lu\u1eadt ch\u01a1i \u0111a d\u1ea1ng, d\u00e0nh cho c\u1ea3 nh\u1eefng em \u01b0a v\u1eadn \u0111\u1ed9ng l\u1eabn nh\u1eefng em th\u00edch \u0111\u1eddi s\u1ed1ng h\u01b0\u1edbng n\u1ed9i. T\u00f2 m\u00f2 kh\u00f4ng? H\u00e3y \u0111\u1ecdc cu\u1ed1n s\u00e1ch n\u00e0y nh\u00e9!<\/p>\n<p>Th\u1ec3 thao vui bi\u1ebft bao! <\/p>\n<p>\u0110\u00e2y l\u00e0 cu\u1ed1n s\u00e1ch d\u00e0nh cho nh\u1eefng em th\u00edch th\u1ec3 thao l\u1eabn nh\u1eefng em kh\u00f4ng \u01b0a v\u1eadn \u0111\u1ed9ng, v\u00ec n\u00f3 s\u1ebd d\u1eabn d\u1eaft v\u00e0 cu\u1ed1n h\u00fat em v\u00e0o th\u1ebf gi\u1edbi mu\u00f4n m\u00e0u c\u1ee7a th\u1ec3 thao. Cu\u1ed1n b\u00e1ch khoa (v\u1eafn t\u1eaft) b\u1eb1ng h\u00ecnh \u1ea3nh h\u00e0i h\u01b0\u1edbc n\u00e0y \u0111\u01b0\u1ee3c ch\u1eaft l\u1ecdc trong h\u01a1n 8.000 m\u00f4n th\u1ec3 thao hi\u1ec7n c\u00f3 tr\u00ean th\u1ebf gi\u1edbi \u0111\u1ec3 gi\u1edbi thi\u1ec7u cho em 50 m\u00f4n h\u1ea5p d\u1eabn nh\u1ea5t. Em s\u1ebd \u0111\u01b0\u1ee3c kh\u00e1m ph\u00e1 c\u00e1c m\u00f4n th\u1ec3 thao t\u1eeb ph\u1ed5 bi\u1ebfn nh\u1ea5t (b\u00f3ng \u0111\u00e1, b\u00f3ng r\u1ed5, leo n\u00fai, ch\u1ea1y b\u1ed9\u2026) \u0111\u1ebfn hi\u1ebfm g\u1eb7p (n\u00e9m kh\u00fac g\u1ed7, tr\u01b0\u1ee3t tuy\u1ebft \u0111\u1ed5 \u0111\u00e8o, n\u00e2ng \u0111\u00e1\u2026). Th\u00f4ng qua cu\u1ed1n s\u00e1ch, em s\u1ebd bi\u1ebft \u0111\u01b0\u1ee3c t\u00ean g\u1ecdi, lu\u1eadt ch\u01a1i v\u00e0 c\u00f3 khi c\u1ea3 l\u00fd do ng\u01b0\u1eddi ta y\u00eau th\u00edch m\u1ed9t m\u00f4n th\u1ec3 thao, ch\u1ec9 v\u1edbi v\u00e0i trang ng\u1eafn g\u1ecdn cho t\u1eebng m\u00f4n.<\/p>\n<p>D\u00f9 cung c\u1ea5p l\u01b0\u1ee3ng th\u00f4ng tin v\u1ec1 th\u1ec3 thao nhi\u1ec1u nh\u01b0ng cu\u1ed1n s\u00e1ch \u0111\u01b0\u1ee3c thi\u1ebft k\u1ebf kh\u00e9o l\u00e9o \u0111\u1ec3 kh\u00f4ng l\u00e0m em c\u1ea3m th\u1ea5y ch\u00e1n ng\u00e1n. Tr\u01b0\u1edbc h\u1ebft l\u00e0 nh\u1edd gi\u1ecdng v\u0103n \u0111\u1ea7y pha tr\u00f2 v\u00e0 h\u00ecnh v\u1ebd ng\u1ed9 ngh\u0129nh c\u1ee7a ch\u00fa Ole K\u00f6nnecke, em h\u1eb3n s\u1ebd ph\u1ea3i b\u1eadt c\u01b0\u1eddi nhi\u1ec1u l\u1ea7n khi kh\u00e1m ph\u00e1 c\u00e2u chuy\u1ec7n th\u1ec3 thao th\u00fa v\u1ecb n\u00e0y. H\u01a1n n\u1eefa, ch\u00fa Ole c\u00f2n ch\u1ee7 \u0111\u00edch t\u1ea1o nhi\u1ec1u kho\u1ea3ng tr\u1ed1ng tr\u00ean trang s\u00e1ch gi\u1eefa c\u00e1c m\u00f4n th\u1ec3 thao, gi\u00fap qu\u00e1 tr\u00ecnh \u0111\u1ecdc c\u1ee7a em d\u1ec5 d\u00e0ng v\u00e0 th\u01b0 th\u00e1i h\u01a1n. V\u00ec nh\u01b0 v\u1eady, em s\u1ebd c\u00f3 nhi\u1ec1u c\u01a1 h\u1ed9i \u0111\u1ec3 t\u1ea1m ngh\u1ec9, \u0111\u1ec3 ng\u1eafm tranh v\u00e0 \u0111\u1ec3 so s\u00e1nh, \u0111\u1ed1i chi\u1ebfu c\u00e1c m\u00f4n th\u1ec3 thao v\u1edbi nhau.<\/p>\n<p>Nh\u00e2n v\u1eadt trong cu\u1ed1n s\u00e1ch l\u00e0 c\u00e1c con v\u1eadt m\u00e0 em quen thu\u1ed9c, \u0111\u01b0\u1ee3c nh\u00e2n h\u00f3a th\u00e0nh nh\u1eefng v\u1eadn \u0111\u1ed9ng vi\u00ean theo phong c\u00e1ch v\u1ebd truy\u1ec7n tranh vui nh\u1ed9n. \u0110i\u1ec3m chung l\u00e0 c\u00e1c v\u1eadn \u0111\u1ed9ng vi\u00ean n\u00e0y \u0111\u1ec1u s\u00f4i s\u1ee5c kh\u00ed th\u1ebf, h\u0103ng h\u00e1i ch\u01a1i th\u1ec3 thao, b\u1ea5t k\u1ec3 l\u00e0 m\u00f4n th\u1ec3 thao g\u00ec, lu\u1eadt ch\u01a1i kh\u00f3 nh\u1eb1n ra sao. \u0110i\u1ec1u n\u00e0y th\u1ec3 hi\u1ec7n tinh th\u1ea7n xuy\u00ean su\u1ed1t cu\u1ed1n s\u00e1ch: \u201cT\u1ea5t c\u1ea3 c\u00e1c m\u00f4n th\u1ec3 thao \u0111\u1ec1u tuy\u1ec7t v\u1eddi\u201d. Do \u0111\u00f3, khi c\u1ea7m cu\u1ed1n s\u00e1ch n\u00e0y tr\u00ean tay, ch\u1eafc ch\u1eafn c\u00e1c \u0111\u1ed9c gi\u1ea3 nh\u1ecf c\u0169ng s\u1ebd c\u1ea3m nh\u1eadn \u0111\u01b0\u1ee3c tinh th\u1ea7n th\u1ec3 thao h\u1eebng h\u1ef1c c\u1ee7a c\u00e1c v\u1eadn \u0111\u1ed9ng vi\u00ean \u0111\u1ed9ng v\u1eadt trong s\u00e1ch v\u00e0 t\u00ecm th\u1ea5y cho b\u1ea3n th\u00e2n m\u1ed9t ch\u00fat h\u1ee9ng kh\u1edfi ch\u01a1i th\u1ec3 thao. Ngay c\u1ea3 khi em ch\u01b0a mu\u1ed1n ch\u01a1i m\u1ed9t m\u00f4n th\u1ec3 thao n\u00e0o sau khi kh\u00e9p l\u1ea1i cu\u1ed1n s\u00e1ch, nh\u1eefng ki\u1ebfn th\u1ee9c c\u01a1 b\u1ea3n v\u1ec1 lu\u1eadt ch\u01a1i c\u00e1c m\u00f4n v\u1eabn h\u1eefu \u00edch cho em khi \u0111i h\u1ecdc (v\u1edbi m\u00f4n th\u1ec3 d\u1ee5c trong tr\u01b0\u1eddng), cho c\u00e1c em th\u00edch xem c\u00e1c tr\u1eadn \u0111\u1ea5u th\u1ec3 thao v\u00e0 cho t\u1ea5t c\u1ea3 nh\u1eefng em t\u00f2 m\u00f2 v\u1ec1 v\u0169 tr\u1ee5 bao la c\u1ee7a th\u1ec3 thao!<\/p>\n<p>&#8220;Th\u00f4ng tin phong ph\u00fa, \u0111\u01b0\u1ee3c tr\u00ecnh b\u00e0y \u0111\u1ea7y h\u00e0i h\u01b0\u1edbc v\u00e0 th\u00fa v\u1ecb. C\u1ea3 tr\u1ebb em v\u00e0 ng\u01b0\u1eddi l\u1edbn s\u1ebd c\u01b0\u1eddi th\u1eadt nhi\u1ec1u v\u00e0 h\u1ecdc h\u1ecfi nhi\u1ec1u h\u01a1n n\u1eefa qua cu\u1ed1n s\u00e1ch n\u00e0y&#8221; &#8211; Kirkus Reviews<\/p>\n","protected":false},"excerpt":{"rendered":"<p>R\u00f5 r\u00e0nh r\u00e0nh ai c\u0169ng bi\u1ebft r\u1eb1ng r\u00e8n luy\u1ec7n th\u00e2n th\u1ec3 r\u1ea5t c\u1ea7n thi\u1ebft cho s\u1ee9c kh\u1ecfe. C\u00e1c lu\u1eadt ch\u01a1i c\u00f9ng nh\u1eefng kho\u1ea3nh kh\u1eafc thi \u0111\u1ea5u c\u1ef1c k\u1ef3 h\u1ea5p d\u1eabn. Ch\u00ednh v\u00ec th\u1ebf n\u00ean th\u1ec3 thao m\u1edbi c\u1ef1c k\u1ef3 ph\u1ed5 bi\u1ebfn su\u1ed1t h\u1eb1ng tr\u0103m n\u0103m qua. T\u00e1c gi\u1ea3 Ole K\u00f6nnecke gi\u1edbi thi\u1ec7u nh\u1eefng m\u00f4n th\u1ec3 thao th\u00fa v\u1ecb nh\u1ea5t \u2013 v\u1eeba mang t\u00ednh gi\u00e1o d\u1ee5c, v\u1eeba mang t\u00ednh ch\u1ec9 d\u1eabn, v\u00e0 tr\u00ean h\u1ebft: lu\u00f4n lu\u00f4n d\u00ed d\u1ecfm.<\/p>\n<p>C\u00f3 r\u1ea5t nhi\u1ec1u m\u00f4n th\u1ec3 thao v\u00e0 m\u1ed7i m\u00f4n \u0111\u1ec1u c\u00f3 lu\u1eadt ch\u01a1i ri\u00eang: ai ch\u01a1i b\u00f3ng \u0111\u00e1 c\u0169ng vui t\u00edt, tr\u1eeb phi \u0111\u1ed9i c\u1ee7a em li\u00ean t\u1ee5c b\u1ecf l\u1ee1 c\u01a1 h\u1ed9i ghi b\u00e0n v\u00e0 thua cu\u1ed9c. Qu\u1ea7n v\u1ee3t th\u1eadt h\u1ea5p d\u1eabn v\u00ec em c\u00f3 th\u1ec3 t\u1ef1 do di chuy\u1ec3n trong s\u00e2n, mi\u1ec5n l\u00e0 \u0111\u1ed1i th\u1ee7 c\u1ee7a em ch\u01a1i \u0111\u00fang lu\u1eadt. Ng\u01b0\u1ee3c l\u1ea1i, m\u00faa ba-l\u00ea t\u1eadp trung v\u00e0o t\u01b0 th\u1ebf v\u00e0 bi\u1ec3u c\u1ea3m h\u01a1n l\u00e0 t\u1ed1c \u0111\u1ed9 v\u00e0 s\u1ef1 c\u1ea1nh tranh \u2013 \u0111i\u1ec1u n\u00e0y khi\u1ebfn nhi\u1ec1u ng\u01b0\u1eddi th\u1eafc m\u1eafc li\u1ec7u \u0111\u00e2y c\u00f3 ph\u1ea3i l\u00e0 m\u1ed9t m\u00f4n th\u1ec3 thao hay kh\u00f4ng. Ng\u01b0\u1eddi ch\u01a1i golf ph\u1ea3i \u0111\u00e1nh b\u00f3ng tr\u00fang 18 l\u1ed7, ho\u1eb7c ch\u00ed \u00edt c\u0169ng ph\u1ea3i t\u1eadp l\u00e0m quen v\u1edbi nh\u1eefng c\u00e1i ao v\u00e0 b\u00e3i c\u00e1t. Tr\u01b0\u1ee3t tuy\u1ebft th\u00ec ph\u1ed5 bi\u1ebfn qu\u00e1 r\u1ed3i nh\u01b0ng kh\u00f4ng ph\u1ea3i l\u00fac n\u00e0o c\u0169ng \u0111\u01b0a em v\u1ec1 \u0111\u1ebfn n\u01a1i \u0111\u1ebfn ch\u1ed1n, ch\u01b0a k\u1ec3 c\u00f3 nh\u1eefng l\u00fac em s\u1ebd tr\u01b0\u1ee3t c\u1ea3 qu\u00e3ng \u0111\u1ed3i tuy\u1ebft b\u1eb1ng&#8230; m\u00f4ng qu\u1ea7n.<\/p>\n<p>\u201cTh\u1ec3 thao vui bi\u1ebft bao!\u201d qu\u1ea3 l\u00e0 m\u1ed9t cu\u1ed1n s\u00e1ch tranh \u0111\u1ed9c \u0111\u00e1o v\u00e0 h\u00e0i h\u01b0\u1edbc \u0111\u1ee7 khi\u1ebfn em mu\u1ed1n \u0111i ra ngo\u00e0i v\u00e0 ch\u01a1i th\u1ec3 thao ngay t\u1eafp l\u1ef1!<\/p>\n","protected":false},"featured_media":12479,"template":"","meta":{"_acf_changed":false},"product_brand":[],"product_cat":[25,17,26],"product_tag":[],"class_list":{"0":"post-12485","1":"product","2":"type-product","3":"status-publish","4":"has-post-thumbnail","6":"product_cat-nhi-dong-6-tuoi-12-tuoi","7":"product_cat-sach-danh-cho-cac-be","8":"product_cat-thieu-nien-11-tuoi-18-tuoi","10":"first","11":"instock","12":"taxable","13":"shipping-taxable","14":"purchasable","15":"product-type-simple"},"supplier_id":null,"supplier_sku":"","barcode":null,"atum_controlled":true,"out_stock_date":null,"out_stock_threshold":null,"inheritable":false,"inbound_stock":0,"stock_on_hold":0,"sold_today":0,"sales_last_days":0,"reserved_stock":0,"customer_returns":0,"warehouse_damage":0,"lost_in_post":0,"other_logs":0,"out_stock_days":0,"lost_sales":0,"has_location":false,"update_date":"2026-01-28T23:10:51","atum_locations":[],"atum_stock_status":"instock","restock_status":false,"low_stock_amount":"","sales_update_date":"2026-01-28T23:10:51","calc_backorders":null,"acf":{"publisher":{"ID":1458,"post_author":"1","post_date":"2021-02-17 01:12:22","post_date_gmt":"2021-02-16 23:12:22","post_content":"<!-- wp:flatsome\/uxbuilder -->\n<h1 style=\"text-align: center\"><strong>Crabit Kidbooks<\/strong><\/h1>\n[row]\n\n[col span=\"8\" span__sm=\"12\"]\n\n<p>Crabit Kidbooks l\u00e0 nh\u00e0 ph\u00e1t h\u00e0nh s\u00e1ch thi\u1ebfu nhi thu\u1ed9c C\u00f4ng ty CPTM &amp; XNK Ng\u1ecdc \u00c1nh \u2013 \u0111\u01a1n v\u1ecb h\u01a1n 20 n\u0103m kinh nghi\u1ec7m trong ng\u00e0nh in \u1ea5n v\u00e0 l\u00e0 \u0111\u1ed1i t\u00e1c uy t\u00edn cung c\u1ea5p h\u1ecdc li\u1ec7u, s\u00e1ch v\u1edf h\u1ecdc sinh cho h\u01a1n 5000 kh\u00e1ch h\u00e0ng kh\u1eafp 28 t\u1ec9nh th\u00e0nh ph\u00eda B\u1eafc Vi\u1ec7t Nam H\u1ec7 th\u1ed1ng s\u1ea3n ph\u1ea9m Crabit Kidbooks<\/p>\n<p>Theo s\u1ef1 t\u00ecm hi\u1ec3u c\u1ee7a <strong>SACHVIET.EU<\/strong><strong>\u00a0<\/strong>tuy Crabit Kidbooks l\u00e0 m\u1ed9t nh\u00e0 ph\u00e1t h\u00e0nh tr\u1ebb t\u1ea1i Vi\u1ec7t Nam nh\u01b0ng l\u1ea1i mang \u0111\u1ebfn s\u1ef1 ch\u1ec9n chu qua t\u1eebng trang s\u00e1ch, t\u1eeb ch\u1ea5t li\u1ec7u gi\u1ea5y cao c\u1ea5p, b\u00eca c\u1ee9ng gi\u1eef g\u00ecn s\u00e1ch \u0111\u01b0\u1ee3c b\u1ec1n l\u00e2u \u0111\u1ebfn l\u1eddi v\u0103n c\u00e2u ch\u1eef \u0111\u01b0\u1ee3c ch\u1ecdn l\u1ecdc ch\u1ec9nh s\u1eeda sao cho ti\u1ebfp c\u1eadn th\u00e2n thi\u1ec7n nh\u1ea5t v\u1edbi tr\u1ebb em. <strong>SACHVIET.EU<\/strong> th\u1ef1c s\u1ef1 \u1ea5n t\u01b0\u1ee3ng b\u1edfi t\u1ea7m nh\u00ecn v\u00e0 s\u1ef1 c\u1ed1 g\u1eafng ho\u00e0n thi\u1ec7n nh\u1eefng t\u00e1c ph\u1ea9m c\u00f3 gi\u00e1 tr\u1ecb tuy\u1ec7t v\u1eddi m\u00e0 Crabit Kidbooks mang l\u1ea1i. \u0110\u00e2y c\u0169ng l\u00e0 nh\u00e0 ph\u00e1t h\u00e0nh duy nh\u1ea5t t\u1edbi th\u1eddi \u0111i\u1ec3m n\u00e0y m\u00e0 <strong>SACHVIET.EU<\/strong> quy\u1ebft t\u00e2m h\u1ee3p t\u00e1c mang h\u1ebft t\u1ea5t c\u1ea3 c\u00e1c \u0111\u1ea7u s\u00e1ch m\u00e0 Crabit Kidbooks c\u00f3 \u0111\u1ec3 \u0111em \u0111\u1ebfn Ch\u00e2u \u00c2u ph\u1ee5c v\u1ee5 m\u1ecdi ng\u01b0\u1eddi. \u0110\u00e2y th\u1ef1c s\u1ef1 l\u00e0 m\u1ed9t s\u1ef1 li\u1ec1u l\u0129nh c\u1ee7a <strong>SACHVIET.EU<\/strong>, tuy nhi\u00ean ch\u00fang m\u00ecnh tin t\u01b0\u1edfng v\u00e0 t\u1ef1 tin r\u1eb1ng t\u1eebng cu\u1ed1n s\u00e1ch m\u00e0 ch\u00fang m\u00ecnh gi\u1edbi thi\u1ec7u x\u1ee9ng \u0111\u00e1ng v\u1edbi nh\u1eefng g\u00ec ch\u00fang m\u00ecnh theo \u0111u\u1ed5i.<\/p>\n\n[\/col]\n[col span=\"4\" span__sm=\"12\"]\n\n[ux_image id=\"1701\" image_size=\"medium\"]\n\n\n[\/col]\n\n[\/row]\n\n<!-- \/wp:flatsome\/uxbuilder -->","post_title":"Crabit Kidbooks","post_excerpt":"","post_status":"publish","comment_status":"closed","ping_status":"closed","post_password":"","post_name":"crabit-kidbooks","to_ping":"","pinged":"","post_modified":"2022-12-19 23:12:10","post_modified_gmt":"2022-12-19 21:12:10","post_content_filtered":"","post_parent":0,"guid":"https:\/\/sachviet.eu\/nha-phat-hanh\/crabitkidbooks\/","menu_order":0,"post_type":"publisher","post_mime_type":"","comment_count":"0","filter":"raw"}},"_links":{"self":[{"href":"https:\/\/sachviet.eu\/en\/wp-json\/wp\/v2\/product\/12485","targetHints":{"allow":["GET"]}}],"collection":[{"href":"https:\/\/sachviet.eu\/en\/wp-json\/wp\/v2\/product"}],"about":[{"href":"https:\/\/sachviet.eu\/en\/wp-json\/wp\/v2\/types\/product"}],"wp:featuredmedia":[{"embeddable":true,"href":"https:\/\/sachviet.eu\/en\/wp-json\/wp\/v2\/media\/12479"}],"wp:attachment":[{"href":"https:\/\/sachviet.eu\/en\/wp-json\/wp\/v2\/media?parent=12485"}],"wp:term":[{"taxonomy":"product_brand","embeddable":true,"href":"https:\/\/sachviet.eu\/en\/wp-json\/wp\/v2\/product_brand?post=12485"},{"taxonomy":"product_cat","embeddable":true,"href":"https:\/\/sachviet.eu\/en\/wp-json\/wp\/v2\/product_cat?post=12485"},{"taxonomy":"product_tag","embeddable":true,"href":"https:\/\/sachviet.eu\/en\/wp-json\/wp\/v2\/product_tag?post=12485"}],"curies":[{"name":"wp","href":"https:\/\/api.w.org\/{rel}","templated":true}]}}