{"id":12478,"date":"2021-06-11T14:27:59","date_gmt":"2021-06-11T11:27:59","guid":{"rendered":"https:\/\/sachviet.eu\/shop\/gia-dinh-nao-cung-tuyet\/"},"modified":"2022-02-18T19:55:48","modified_gmt":"2022-02-18T17:55:48","slug":"gia-dinh-nao-cung-tuyet","status":"publish","type":"product","link":"https:\/\/sachviet.eu\/en\/shop\/gia-dinh-nao-cung-tuyet\/","title":{"rendered":"Gia \u0110\u00ecnh N\u00e0o C\u0169ng Tuy\u1ec7t!"},"content":{"rendered":"<p>Gia \u0110\u00ecnh N\u00e0o C\u0169ng Tuy\u1ec7t l\u00e0 m\u1ed9t d\u1ef1 \u00e1n gi\u00e1o d\u1ee5c th\u1ef1c \u0111\u1ecba cho tr\u1ebb em, gi\u00fap c\u00e1c em nh\u1eadn th\u1ee9c v\u00e0 hi\u1ec3u th\u00eam v\u1ec1 s\u1ef1 \u0111a d\u1ea1ng c\u1ee7a c\u00e1c m\u00f4 h\u00ecnh gia \u0111\u00ecnh b\u00ean c\u1ea1nh m\u00f4 h\u00ecnh ph\u1ed5 bi\u1ebfn m\u1ed9t b\u1ed1, m\u1ed9t m\u1eb9 v\u00e0 con (b\u1ed1 m\u1eb9 li d\u1ecb, hai b\u1ed1, hai m\u1eb9, b\u1ed1 m\u1eb9 \u0111\u01a1n th\u00e2n, v\u1ee3 ch\u1ed3ng kh\u00f4ng c\u00f3 con, b\u1ed1 m\u1eb9 nh\u1eadn con nu\u00f4i, con s\u1ed1ng c\u00f9ng h\u1ecd h\u00e0ng, c\u00e1c con s\u1ed1ng t\u1ea1i tr\u1ea1i tr\u1ebb m\u1ed3 c\u00f4i&#8230;)<\/p>\n<p>\u201cC\u00f3 m\u1ed9t c\u00e2u n\u00f3i n\u1ed5i ti\u1ebfng \u201cH\u1ea1nh ph\u00fac c\u1ee7a con ng\u01b0\u1eddi l\u00e0 khi s\u00e1ng d\u1eady mu\u1ed1n \u0111\u1ebfn ch\u1ed7 l\u00e0m v\u00e0 chi\u1ec1u xong vi\u1ec7c mu\u1ed1n v\u1ec1 nh\u00e0\u201d n\u00ean gia \u0111\u00ecnh h\u1ea1nh ph\u00fac l\u00e0 n\u1ec1n t\u1ea3ng c\u01a1 b\u1ea3n cho h\u1ea1nh ph\u00fac c\u1ee7a m\u1ed7i ng\u01b0\u1eddi. Trong th\u1eddi to\u00e0n c\u1ea7u h\u00f3a, h\u00ecnh m\u1eabu gia \u0111\u00ecnh c\u0169ng li\u00ean t\u1ee5c bi\u1ebfn \u0111\u1ed5i, kh\u00f4ng ch\u1ec9 \u0111\u01a1n gi\u1ea3n l\u00e0 h\u00ecnh th\u00e1i gia \u0111\u00ecnh g\u1ed3m b\u1ed1 m\u1eb9 v\u00e0 con c\u00e1i&#8230; C\u00f3 \u0111i\u1ec1u g\u00ec chung gi\u1eefa c\u00e1c gia \u0111\u00ecnh n\u00e0y? H\u00e3y \u0111\u1ecdc cu\u1ed1n s\u00e1ch th\u00fa v\u1ecb n\u00e0y \u0111\u1ec3 t\u00ecm ra b\u00ed quy\u1ebft gi\u00fap m\u1ecdi gia \u0111\u00ecnh \u0111\u01b0\u1ee3c h\u1ea1nh ph\u00fac b\u1ea1n nh\u00e9.\u201d<\/p>\n","protected":false},"excerpt":{"rendered":"<p>Gia \u0110\u00ecnh N\u00e0o C\u0169ng Tuy\u1ec7t l\u00e0 m\u1ed9t d\u1ef1 \u00e1n gi\u00e1o d\u1ee5c th\u1ef1c \u0111\u1ecba cho tr\u1ebb em, gi\u00fap c\u00e1c em nh\u1eadn th\u1ee9c v\u00e0 hi\u1ec3u th\u00eam v\u1ec1 s\u1ef1 \u0111a d\u1ea1ng c\u1ee7a c\u00e1c m\u00f4 h\u00ecnh gia \u0111\u00ecnh b\u00ean c\u1ea1nh m\u00f4 h\u00ecnh ph\u1ed5 bi\u1ebfn m\u1ed9t b\u1ed1, m\u1ed9t m\u1eb9 v\u00e0 con (b\u1ed1 m\u1eb9 li d\u1ecb, hai b\u1ed1, hai m\u1eb9, b\u1ed1 m\u1eb9 \u0111\u01a1n th\u00e2n, v\u1ee3 ch\u1ed3ng kh\u00f4ng c\u00f3 con, b\u1ed1 m\u1eb9 nh\u1eadn con nu\u00f4i, con s\u1ed1ng c\u00f9ng h\u1ecd h\u00e0ng, c\u00e1c con s\u1ed1ng t\u1ea1i tr\u1ea1i tr\u1ebb m\u1ed3 c\u00f4i&#8230;)<\/p>\n<p>\u201cC\u00f3 m\u1ed9t c\u00e2u n\u00f3i n\u1ed5i ti\u1ebfng \u201cH\u1ea1nh ph\u00fac c\u1ee7a con ng\u01b0\u1eddi l\u00e0 khi s\u00e1ng d\u1eady mu\u1ed1n \u0111\u1ebfn ch\u1ed7 l\u00e0m v\u00e0 chi\u1ec1u xong vi\u1ec7c mu\u1ed1n v\u1ec1 nh\u00e0\u201d n\u00ean gia \u0111\u00ecnh h\u1ea1nh ph\u00fac l\u00e0 n\u1ec1n t\u1ea3ng c\u01a1 b\u1ea3n cho h\u1ea1nh ph\u00fac c\u1ee7a m\u1ed7i ng\u01b0\u1eddi. Trong th\u1eddi to\u00e0n c\u1ea7u h\u00f3a, h\u00ecnh m\u1eabu gia \u0111\u00ecnh c\u0169ng li\u00ean t\u1ee5c bi\u1ebfn \u0111\u1ed5i, kh\u00f4ng ch\u1ec9 \u0111\u01a1n gi\u1ea3n l\u00e0 h\u00ecnh th\u00e1i gia \u0111\u00ecnh g\u1ed3m b\u1ed1 m\u1eb9 v\u00e0 con c\u00e1i&#8230; C\u00f3 \u0111i\u1ec1u g\u00ec chung gi\u1eefa c\u00e1c gia \u0111\u00ecnh n\u00e0y? H\u00e3y \u0111\u1ecdc cu\u1ed1n s\u00e1ch th\u00fa v\u1ecb n\u00e0y \u0111\u1ec3 t\u00ecm ra b\u00ed quy\u1ebft gi\u00fap m\u1ecdi gia \u0111\u00ecnh \u0111\u01b0\u1ee3c h\u1ea1nh ph\u00fac b\u1ea1n nh\u00e9.\u201d<\/p>\n","protected":false},"featured_media":12476,"template":"","meta":{"_acf_changed":false},"product_brand":[],"product_cat":[17,25,71],"product_tag":[],"class_list":{"0":"post-12478","1":"product","2":"type-product","3":"status-publish","4":"has-post-thumbnail","6":"product_cat-sach-danh-cho-cac-be","7":"product_cat-nhi-dong-6-tuoi-12-tuoi","8":"product_cat-sach-tre-em-thuan-viet","10":"first","11":"outofstock","12":"taxable","13":"shipping-taxable","14":"purchasable","15":"product-type-simple"},"supplier_id":null,"supplier_sku":"","barcode":null,"atum_controlled":true,"out_stock_date":"2022-02-18 15:55:48","out_stock_threshold":null,"inheritable":false,"inbound_stock":0,"stock_on_hold":0,"sold_today":0,"sales_last_days":0,"reserved_stock":0,"customer_returns":0,"warehouse_damage":0,"lost_in_post":0,"other_logs":0,"out_stock_days":1440,"lost_sales":0,"has_location":false,"update_date":"2026-01-28T23:10:51","atum_locations":[],"atum_stock_status":"outofstock","restock_status":false,"low_stock_amount":"","sales_update_date":"2026-01-28T23:10:51","calc_backorders":null,"acf":{"publisher":{"ID":10224,"post_author":"1","post_date":"2021-06-02 18:46:58","post_date_gmt":"2021-06-02 15:46:58","post_content":"","post_title":"Ph\u01b0\u01a1ng Nam","post_excerpt":"","post_status":"publish","comment_status":"closed","ping_status":"closed","post_password":"","post_name":"phuong-nam","to_ping":"","pinged":"","post_modified":"2021-06-02 18:46:58","post_modified_gmt":"2021-06-02 15:46:58","post_content_filtered":"","post_parent":0,"guid":"https:\/\/sachviet.eu\/nha-phat-hanh\/phuong-nam\/","menu_order":0,"post_type":"publisher","post_mime_type":"","comment_count":"0","filter":"raw"}},"_links":{"self":[{"href":"https:\/\/sachviet.eu\/en\/wp-json\/wp\/v2\/product\/12478","targetHints":{"allow":["GET"]}}],"collection":[{"href":"https:\/\/sachviet.eu\/en\/wp-json\/wp\/v2\/product"}],"about":[{"href":"https:\/\/sachviet.eu\/en\/wp-json\/wp\/v2\/types\/product"}],"wp:featuredmedia":[{"embeddable":true,"href":"https:\/\/sachviet.eu\/en\/wp-json\/wp\/v2\/media\/12476"}],"wp:attachment":[{"href":"https:\/\/sachviet.eu\/en\/wp-json\/wp\/v2\/media?parent=12478"}],"wp:term":[{"taxonomy":"product_brand","embeddable":true,"href":"https:\/\/sachviet.eu\/en\/wp-json\/wp\/v2\/product_brand?post=12478"},{"taxonomy":"product_cat","embeddable":true,"href":"https:\/\/sachviet.eu\/en\/wp-json\/wp\/v2\/product_cat?post=12478"},{"taxonomy":"product_tag","embeddable":true,"href":"https:\/\/sachviet.eu\/en\/wp-json\/wp\/v2\/product_tag?post=12478"}],"curies":[{"name":"wp","href":"https:\/\/api.w.org\/{rel}","templated":true}]}}