{"id":12475,"date":"2021-06-11T14:27:54","date_gmt":"2021-06-11T11:27:54","guid":{"rendered":"https:\/\/sachviet.eu\/shop\/ra-vuon-nhat-nang-4-0-bia-cung\/"},"modified":"2021-08-25T00:15:20","modified_gmt":"2021-08-24T21:15:20","slug":"ra-vuon-nhat-nang-4-0-bia-cung","status":"publish","type":"product","link":"https:\/\/sachviet.eu\/en\/shop\/ra-vuon-nhat-nang-4-0-bia-cung\/","title":{"rendered":"Ra V\u01b0\u1eddn Nh\u1eb7t N\u1eafng 4.0\u00a0&#8211;\u00a0B\u00eca C\u1ee9ng"},"content":{"rendered":"<p>Nh\u1eefng v\u1ea7n th\u01a1 tuy\u1ec7t \u0111\u1eb9p n\u00e0y g\u1ee3i nh\u1eafc m\u1ed9t c\u00e2u h\u1ecfi (c\u00f3 l\u1ebd) v\u1eabn thi tho\u1ea3ng l\u1eedng l\u01a1 r\u1ed3i nh\u1eb9 nh\u00e0ng bi\u1ebfn m\u1ea5t trong t\u00e2m tr\u00ed m\u1ed9t s\u1ed1 ng\u01b0\u1eddi, \u0111\u1eb7c bi\u1ec7t l\u00e0 c\u00e1c b\u1eadc cha m\u1eb9: Bao l\u00e2u r\u1ed3i \u1edf Vi\u1ec7t Nam ch\u01b0a c\u00f3 m\u1ed9t t\u1eadp th\u01a1 ch\u1ea5t l\u01b0\u1ee3ng \u0111\u00fang ngh\u0129a cho tr\u1ebb con?<\/p>\n<p>Th\u01a1 cho tr\u1ebb con. Kh\u00f4ng h\u1ec1 \u0111\u01a1n gi\u1ea3n. Th\u01a1 cho tr\u1ebb con ph\u1ea3i \u0111\u01b0\u1ee3c tr\u1ebb con y\u00eau th\u00edch, ph\u1ea3i l\u00e0 th\u1ebf gi\u1edbi quan c\u1ee7a tr\u1ebb con nh\u01b0ng v\u1eabn c\u1ea7n l\u00e0 m\u1ed9t l\u1ed1i d\u1eabn t\u1ef1 nhi\u00ean cho ng\u00f4n ng\u1eef, c\u1ea3m x\u00fac, tri th\u1ee9c \u0111\u00fang \u0111\u1eafn h\u01b0\u1edbng \u0111\u1ebfn s\u1ef1 ph\u00e1t tri\u1ec3n c\u1ee7a tr\u1ebb.<\/p>\n<p>T\u1eadp th\u01a1 &#8211; tranh Ra v\u01b0\u1eddn nh\u1eb7t n\u1eafng c\u1ee7a nh\u00e0 th\u01a1 Nguy\u1ec5n Th\u1ebf Ho\u00e0ng Linh v\u00e0 L\u00e1 Studio ch\u00ednh l\u00e0 s\u1ef1 k\u1ebft h\u1ee3p n\u00e0y, s\u1ef1 k\u1ebft h\u1ee3p gi\u1eefa hay v\u00e0 \u0111\u1eb9p. Hay \u2013 kh\u00f4ng ch\u1ec9 \u1edf ng\u00f4n ng\u1eef th\u01a1 tinh t\u1ebf, m\u00e0 c\u00f2n \u1edf nh\u1eefng trong tr\u1ebbo h\u1ed3n nhi\u00ean. \u0110\u1eb9p \u2013 kh\u00f4ng ch\u1ec9 \u1edf nh\u1eefng \u00fd t\u01b0\u1edfng l\u1ea5p l\u00e1nh, m\u00e0 c\u00f2n th\u1ec3 hi\u1ec7n qua h\u00ecnh th\u1ee9c r\u1ef1c r\u1ee1. C\u00f3 th\u1ec3 n\u00f3i \u0111\u00e2y l\u00e0 \u1ea5n ph\u1ea9m m\u00e0 t\u1eebng t\u1eeb ng\u1eef \u0111\u01b0\u1ee3c \u0111\u1ecdc ra m\u00e0u s\u1eafc v\u00e0 t\u1eebng n\u00e9t v\u1ebd \u0111\u01b0\u1ee3c ng\u1eafm th\u00e0nh v\u1ea7n \u0111i\u1ec7u. \u0110\u01a1n gi\u1ea3n, tr\u1ebb con c\u00f3 th\u1ec3 xem th\u01a1 m\u00ea m\u1ea3i nh\u01b0 xem m\u1ed9t tranh truy\u1ec7n h\u1ea5p d\u1eabn. Nh\u01b0ng v\u00ec \u0111\u00f3 l\u00e0 th\u01a1, n\u00ean gi\u00e1 tr\u1ecb t\u1eeb ng\u00f4n ng\u1eef, \u0111\u1eb7c bi\u1ec7t l\u00e0 th\u01a1 ti\u1ebfng m\u1eb9 \u0111\u1ebb, s\u1ebd \u0111em \u0111\u1ebfn t\u00e2m h\u1ed3n tr\u1ebb nh\u1ecf nh\u1eefng r\u1ef1c r\u1ee1 kh\u00f4ng ng\u1edd. C\u0169ng nh\u01b0 v\u1eady \u0111\u1ed1i v\u1edbi t\u00e2m h\u1ed3n tr\u1ebb th\u01a1 s\u1eb5n c\u00f3 b\u00ean trong b\u1ea5t k\u1ef3 ng\u01b0\u1eddi l\u1edbn n\u00e0o.<\/p>\n","protected":false},"excerpt":{"rendered":"<p>Nh\u1eefng v\u1ea7n th\u01a1 tuy\u1ec7t \u0111\u1eb9p n\u00e0y g\u1ee3i nh\u1eafc m\u1ed9t c\u00e2u h\u1ecfi (c\u00f3 l\u1ebd) v\u1eabn thi tho\u1ea3ng l\u1eedng l\u01a1 r\u1ed3i nh\u1eb9 nh\u00e0ng bi\u1ebfn m\u1ea5t trong t\u00e2m tr\u00ed m\u1ed9t s\u1ed1 ng\u01b0\u1eddi, \u0111\u1eb7c bi\u1ec7t l\u00e0 c\u00e1c b\u1eadc cha m\u1eb9: Bao l\u00e2u r\u1ed3i \u1edf Vi\u1ec7t Nam ch\u01b0a c\u00f3 m\u1ed9t t\u1eadp th\u01a1 ch\u1ea5t l\u01b0\u1ee3ng \u0111\u00fang ngh\u0129a cho tr\u1ebb con?<\/p>\n<p>Th\u01a1 cho tr\u1ebb con. Kh\u00f4ng h\u1ec1 \u0111\u01a1n gi\u1ea3n. Th\u01a1 cho tr\u1ebb con ph\u1ea3i \u0111\u01b0\u1ee3c tr\u1ebb con y\u00eau th\u00edch, ph\u1ea3i l\u00e0 th\u1ebf gi\u1edbi quan c\u1ee7a tr\u1ebb con nh\u01b0ng v\u1eabn c\u1ea7n l\u00e0 m\u1ed9t l\u1ed1i d\u1eabn t\u1ef1 nhi\u00ean cho ng\u00f4n ng\u1eef, c\u1ea3m x\u00fac, tri th\u1ee9c \u0111\u00fang \u0111\u1eafn h\u01b0\u1edbng \u0111\u1ebfn s\u1ef1 ph\u00e1t tri\u1ec3n c\u1ee7a tr\u1ebb.<\/p>\n<p>T\u1eadp th\u01a1 &#8211; tranh Ra v\u01b0\u1eddn nh\u1eb7t n\u1eafng c\u1ee7a nh\u00e0 th\u01a1 Nguy\u1ec5n Th\u1ebf Ho\u00e0ng Linh v\u00e0 L\u00e1 Studio ch\u00ednh l\u00e0 s\u1ef1 k\u1ebft h\u1ee3p n\u00e0y, s\u1ef1 k\u1ebft h\u1ee3p gi\u1eefa hay v\u00e0 \u0111\u1eb9p. Hay \u2013 kh\u00f4ng ch\u1ec9 \u1edf ng\u00f4n ng\u1eef th\u01a1 tinh t\u1ebf, m\u00e0 c\u00f2n \u1edf nh\u1eefng trong tr\u1ebbo h\u1ed3n nhi\u00ean. \u0110\u1eb9p \u2013 kh\u00f4ng ch\u1ec9 \u1edf nh\u1eefng \u00fd t\u01b0\u1edfng l\u1ea5p l\u00e1nh, m\u00e0 c\u00f2n th\u1ec3 hi\u1ec7n qua h\u00ecnh th\u1ee9c r\u1ef1c r\u1ee1. C\u00f3 th\u1ec3 n\u00f3i \u0111\u00e2y l\u00e0 \u1ea5n ph\u1ea9m m\u00e0 t\u1eebng t\u1eeb ng\u1eef \u0111\u01b0\u1ee3c \u0111\u1ecdc ra m\u00e0u s\u1eafc v\u00e0 t\u1eebng n\u00e9t v\u1ebd \u0111\u01b0\u1ee3c ng\u1eafm th\u00e0nh v\u1ea7n \u0111i\u1ec7u. \u0110\u01a1n gi\u1ea3n, tr\u1ebb con c\u00f3 th\u1ec3 xem th\u01a1 m\u00ea m\u1ea3i nh\u01b0 xem m\u1ed9t tranh truy\u1ec7n h\u1ea5p d\u1eabn. Nh\u01b0ng v\u00ec \u0111\u00f3 l\u00e0 th\u01a1, n\u00ean gi\u00e1 tr\u1ecb t\u1eeb ng\u00f4n ng\u1eef, \u0111\u1eb7c bi\u1ec7t l\u00e0 th\u01a1 ti\u1ebfng m\u1eb9 \u0111\u1ebb, s\u1ebd \u0111em \u0111\u1ebfn t\u00e2m h\u1ed3n tr\u1ebb nh\u1ecf nh\u1eefng r\u1ef1c r\u1ee1 kh\u00f4ng ng\u1edd. C\u0169ng nh\u01b0 v\u1eady \u0111\u1ed1i v\u1edbi t\u00e2m h\u1ed3n tr\u1ebb th\u01a1 s\u1eb5n c\u00f3 b\u00ean trong b\u1ea5t k\u1ef3 ng\u01b0\u1eddi l\u1edbn n\u00e0o.<\/p>\n","protected":false},"featured_media":12470,"template":"","meta":{"_acf_changed":false},"product_brand":[],"product_cat":[17,25,71,26],"product_tag":[],"class_list":{"0":"post-12475","1":"product","2":"type-product","3":"status-publish","4":"has-post-thumbnail","6":"product_cat-sach-danh-cho-cac-be","7":"product_cat-nhi-dong-6-tuoi-12-tuoi","8":"product_cat-sach-tre-em-thuan-viet","9":"product_cat-thieu-nien-11-tuoi-18-tuoi","11":"first","12":"outofstock","13":"taxable","14":"shipping-taxable","15":"purchasable","16":"product-type-simple"},"supplier_id":null,"supplier_sku":"","barcode":null,"atum_controlled":true,"out_stock_date":"2021-08-24 21:15:21","out_stock_threshold":null,"inheritable":false,"inbound_stock":0,"stock_on_hold":0,"sold_today":0,"sales_last_days":0,"reserved_stock":0,"customer_returns":0,"warehouse_damage":0,"lost_in_post":0,"other_logs":0,"out_stock_days":1618,"lost_sales":0,"has_location":false,"update_date":"2026-01-28T23:10:51","atum_locations":[],"atum_stock_status":"outofstock","restock_status":false,"low_stock_amount":"","sales_update_date":"2026-01-28T23:10:51","calc_backorders":null,"acf":{"publisher":{"ID":1517,"post_author":"1","post_date":"2021-02-17 01:14:41","post_date_gmt":"2021-02-16 23:14:41","post_content":"","post_title":"NXB Tr\u1ebb","post_excerpt":"","post_status":"publish","comment_status":"closed","ping_status":"closed","post_password":"","post_name":"nxb-tre","to_ping":"","pinged":"","post_modified":"2021-02-17 01:14:41","post_modified_gmt":"2021-02-16 23:14:41","post_content_filtered":"","post_parent":0,"guid":"https:\/\/sachviet.eu\/nha-phat-hanh\/nxb-tre\/","menu_order":0,"post_type":"publisher","post_mime_type":"","comment_count":"0","filter":"raw"}},"_links":{"self":[{"href":"https:\/\/sachviet.eu\/en\/wp-json\/wp\/v2\/product\/12475","targetHints":{"allow":["GET"]}}],"collection":[{"href":"https:\/\/sachviet.eu\/en\/wp-json\/wp\/v2\/product"}],"about":[{"href":"https:\/\/sachviet.eu\/en\/wp-json\/wp\/v2\/types\/product"}],"wp:featuredmedia":[{"embeddable":true,"href":"https:\/\/sachviet.eu\/en\/wp-json\/wp\/v2\/media\/12470"}],"wp:attachment":[{"href":"https:\/\/sachviet.eu\/en\/wp-json\/wp\/v2\/media?parent=12475"}],"wp:term":[{"taxonomy":"product_brand","embeddable":true,"href":"https:\/\/sachviet.eu\/en\/wp-json\/wp\/v2\/product_brand?post=12475"},{"taxonomy":"product_cat","embeddable":true,"href":"https:\/\/sachviet.eu\/en\/wp-json\/wp\/v2\/product_cat?post=12475"},{"taxonomy":"product_tag","embeddable":true,"href":"https:\/\/sachviet.eu\/en\/wp-json\/wp\/v2\/product_tag?post=12475"}],"curies":[{"name":"wp","href":"https:\/\/api.w.org\/{rel}","templated":true}]}}