{"id":12469,"date":"2021-06-11T14:27:15","date_gmt":"2021-06-11T11:27:15","guid":{"rendered":"https:\/\/sachviet.eu\/shop\/ra-vuon-nhat-nang-4-0-bia-mem\/"},"modified":"2021-08-24T11:34:12","modified_gmt":"2021-08-24T08:34:12","slug":"ra-vuon-nhat-nang-4-0-bia-mem","status":"publish","type":"product","link":"https:\/\/sachviet.eu\/en\/shop\/ra-vuon-nhat-nang-4-0-bia-mem\/","title":{"rendered":"Ra V\u01b0\u1eddn Nh\u1eb7t N\u1eafng 4.0\u00a0&#8211;\u00a0B\u00eca m\u1ec1m"},"content":{"rendered":"<p>Ra V\u01b0\u1eddn Nh\u1eb7t N\u1eafng<\/p>\n<p>\u201c\u00d4ng ra v\u01b0\u1eddn nh\u1eb7t n\u1eafng<\/p>\n<p>Tha th\u1ea9n su\u1ed1t bu\u1ed5i chi\u1ec1u<\/p>\n<p>\u00d4ng kh\u00f4ng c\u00f2n tr\u00ed nh\u1edb<\/p>\n<p>\u00d4ng ch\u1ec9 c\u00f2n t\u00ecnh y\u00eau&#8230;\u201d<\/p>\n<p>&#8212;-<\/p>\n<p>\u201cN\u1ee5 c\u01b0\u1eddi n\u1edf tr\u00ean m\u1eb7t \u0111\u1ea5t<\/p>\n<p>H\u1eb3n l\u00e0 c\u00f3 l\u00ed do g\u00ec<\/p>\n<p>Ch\u1eafc t\u1ea1i cu\u1ed9c \u0111\u1eddi \u0111\u1eb9p qu\u00e1<\/p>\n<p>D\u00f9 ai l\u00e0m n\u00f3 x\u1ea5u \u0111i&#8230;\u201d<\/p>\n<p>&#8212;-<\/p>\n<p>\u201cRa v\u01b0\u1eddn nh\u1eb7t n\u1eafng\u201d l\u00e0 m\u00f3n qu\u00e0 d\u00e0nh cho tr\u1ebb con; nh\u01b0ng n\u00f3 c\u0169ng l\u00e0 m\u00f3n qu\u00e0 d\u00e0nh cho ng\u01b0\u1eddi l\u1edbn &#8211; cho m\u00ecnh, cho b\u1ea1n v\u00e0 cho t\u1ea5t c\u1ea3 nh\u1eefng ai \u0111\u00e3 t\u1eebng \u0111i qua th\u01a1 d\u1ea1i. M\u1ed7i b\u00e0i th\u01a1 l\u00e0 m\u1ed9t c\u00e2u chuy\u1ec7n vu v\u01a1, m\u1ed9t ng\u01b0\u1eddi th\u00e2n thi\u1ebft, m\u1ed9t tr\u00f2 ch\u01a1i c\u0169 k\u1ef9&#8230; \u0111\u01b0\u1ee3c k\u1ec3 l\u1ea1i b\u1eb1ng gi\u1ecdng th\u01a1 trong veo, qua l\u0103ng k\u00ednh c\u1ee7a m\u1ed9t \u0111\u1ee9a tr\u1ebb, ng\u00f4 ngh\u00ea v\u00e0 th\u00fa v\u1ecb. M\u00e0 kh\u00f4ng ph\u1ea3i ch\u1ec9 c\u00f3 th\u1ebf \u0111\u00e2u. C\u00e1i ch\u1ea5t tr\u1ebb th\u01a1 \u0111\u00e3 th\u1ea5m \u0111\u1eabm v\u00e0o t\u1eebng trang s\u00e1ch th\u01a1m tho r\u1ed3i. Cu\u1ed1n s\u00e1ch ch\u1eafc s\u1ebd b\u1edbt d\u1ec5 th\u01b0\u01a1ng \u0111i nhi\u1ec1u l\u1eafm n\u1ebfu thi\u1ebfu n\u00e9t ch\u1eef vi\u1ebft tay ngu\u1ec7ch ngo\u1ea1c, hay nh\u1eefng b\u1ee9c h\u00ecnh minh ho\u1ea1 \u0111\u00e1ng y\u00eau, ng\u1ed9 ngh\u0129nh. N\u1ebfu \u0111\u00e3 l\u00e2u b\u1ea1n ch\u01b0a ng\u1ed3i l\u1ea1i \u0111\u1ec3 h\u1ed3i t\u01b0\u1edfng v\u1ec1 tu\u1ed5i th\u01a1 c\u1ee7a m\u00ecnh th\u00ec \u0111\u1ecdc \u201cRa v\u01b0\u1eddn nh\u1eb7t n\u1eafng\u201d \u0111i; bi\u1ebft \u0111\u00e2u b\u1ea1n l\u1ea1i \u201cnh\u1eb7t\u201d \u0111\u01b0\u1ee3c ch\u00ednh m\u00ecnh \u0111\u00e2u \u0111\u00f3 trong t\u1eebng d\u00f2ng th\u01a1 &#8211; m\u1ed9t c\u00f4 c\u1eadu nh\u00f3c \u0111ang ng\u1ed3i tr\u00ean m\u00e1i nh\u00e0 v\u00e0o m\u1ed9t ng\u00e0y m\u00f9a h\u00e8 n\u0103m 6 tu\u1ed5i, nh\u00ecn th\u00eanh thang v\u1ec1 c\u00e1nh \u0111\u1ed3ng ph\u00eda xa v\u00e0 m\u01a1 t\u01b0\u1edfng v\u1ec1 m\u1ed9t t\u01b0\u01a1ng lai l\u1ea5p l\u00e1nh \u0111\u1ea7y m\u01a1 m\u1ed9ng. Bi\u1ebft \u0111\u00e2u&#8230;<\/p>\n","protected":false},"excerpt":{"rendered":"<p>Ra V\u01b0\u1eddn Nh\u1eb7t N\u1eafng<\/p>\n<p>\u201c\u00d4ng ra v\u01b0\u1eddn nh\u1eb7t n\u1eafng<\/p>\n<p>Tha th\u1ea9n su\u1ed1t bu\u1ed5i chi\u1ec1u<\/p>\n<p>\u00d4ng kh\u00f4ng c\u00f2n tr\u00ed nh\u1edb<\/p>\n<p>\u00d4ng ch\u1ec9 c\u00f2n t\u00ecnh y\u00eau&#8230;\u201d<\/p>\n<p>&#8212;-<\/p>\n<p>\u201cN\u1ee5 c\u01b0\u1eddi n\u1edf tr\u00ean m\u1eb7t \u0111\u1ea5t<\/p>\n<p>H\u1eb3n l\u00e0 c\u00f3 l\u00ed do g\u00ec<\/p>\n<p>Ch\u1eafc t\u1ea1i cu\u1ed9c \u0111\u1eddi \u0111\u1eb9p qu\u00e1<\/p>\n<p>D\u00f9 ai l\u00e0m n\u00f3 x\u1ea5u \u0111i&#8230;\u201d<\/p>\n<p>&#8212;-<\/p>\n<p>\u201cRa v\u01b0\u1eddn nh\u1eb7t n\u1eafng\u201d l\u00e0 m\u00f3n qu\u00e0 d\u00e0nh cho tr\u1ebb con; nh\u01b0ng n\u00f3 c\u0169ng l\u00e0 m\u00f3n qu\u00e0 d\u00e0nh cho ng\u01b0\u1eddi l\u1edbn &#8211; cho m\u00ecnh, cho b\u1ea1n v\u00e0 cho t\u1ea5t c\u1ea3 nh\u1eefng ai \u0111\u00e3 t\u1eebng \u0111i qua th\u01a1 d\u1ea1i. M\u1ed7i b\u00e0i th\u01a1 l\u00e0 m\u1ed9t c\u00e2u chuy\u1ec7n vu v\u01a1, m\u1ed9t ng\u01b0\u1eddi th\u00e2n thi\u1ebft, m\u1ed9t tr\u00f2 ch\u01a1i c\u0169 k\u1ef9&#8230; \u0111\u01b0\u1ee3c k\u1ec3 l\u1ea1i b\u1eb1ng gi\u1ecdng th\u01a1 trong veo, qua l\u0103ng k\u00ednh c\u1ee7a m\u1ed9t \u0111\u1ee9a tr\u1ebb, ng\u00f4 ngh\u00ea v\u00e0 th\u00fa v\u1ecb. M\u00e0 kh\u00f4ng ph\u1ea3i ch\u1ec9 c\u00f3 th\u1ebf \u0111\u00e2u. C\u00e1i ch\u1ea5t tr\u1ebb th\u01a1 \u0111\u00e3 th\u1ea5m \u0111\u1eabm v\u00e0o t\u1eebng trang s\u00e1ch th\u01a1m tho r\u1ed3i. Cu\u1ed1n s\u00e1ch ch\u1eafc s\u1ebd b\u1edbt d\u1ec5 th\u01b0\u01a1ng \u0111i nhi\u1ec1u l\u1eafm n\u1ebfu thi\u1ebfu n\u00e9t ch\u1eef vi\u1ebft tay ngu\u1ec7ch ngo\u1ea1c, hay nh\u1eefng b\u1ee9c h\u00ecnh minh ho\u1ea1 \u0111\u00e1ng y\u00eau, ng\u1ed9 ngh\u0129nh. N\u1ebfu \u0111\u00e3 l\u00e2u b\u1ea1n ch\u01b0a ng\u1ed3i l\u1ea1i \u0111\u1ec3 h\u1ed3i t\u01b0\u1edfng v\u1ec1 tu\u1ed5i th\u01a1 c\u1ee7a m\u00ecnh th\u00ec \u0111\u1ecdc \u201cRa v\u01b0\u1eddn nh\u1eb7t n\u1eafng\u201d \u0111i; bi\u1ebft \u0111\u00e2u b\u1ea1n l\u1ea1i \u201cnh\u1eb7t\u201d \u0111\u01b0\u1ee3c ch\u00ednh m\u00ecnh \u0111\u00e2u \u0111\u00f3 trong t\u1eebng d\u00f2ng th\u01a1 &#8211; m\u1ed9t c\u00f4 c\u1eadu nh\u00f3c \u0111ang ng\u1ed3i tr\u00ean m\u00e1i nh\u00e0 v\u00e0o m\u1ed9t ng\u00e0y m\u00f9a h\u00e8 n\u0103m 6 tu\u1ed5i, nh\u00ecn th\u00eanh thang v\u1ec1 c\u00e1nh \u0111\u1ed3ng ph\u00eda xa v\u00e0 m\u01a1 t\u01b0\u1edfng v\u1ec1 m\u1ed9t t\u01b0\u01a1ng lai l\u1ea5p l\u00e1nh \u0111\u1ea7y m\u01a1 m\u1ed9ng. Bi\u1ebft \u0111\u00e2u&#8230;<\/p>\n","protected":false},"featured_media":12465,"template":"","meta":{"_acf_changed":false},"product_brand":[],"product_cat":[17,25,71],"product_tag":[],"class_list":{"0":"post-12469","1":"product","2":"type-product","3":"status-publish","4":"has-post-thumbnail","6":"product_cat-sach-danh-cho-cac-be","7":"product_cat-nhi-dong-6-tuoi-12-tuoi","8":"product_cat-sach-tre-em-thuan-viet","10":"first","11":"instock","12":"taxable","13":"shipping-taxable","14":"purchasable","15":"product-type-simple"},"supplier_id":null,"supplier_sku":"","barcode":null,"atum_controlled":true,"out_stock_date":null,"out_stock_threshold":null,"inheritable":false,"inbound_stock":0,"stock_on_hold":0,"sold_today":0,"sales_last_days":0,"reserved_stock":0,"customer_returns":0,"warehouse_damage":0,"lost_in_post":0,"other_logs":0,"out_stock_days":0,"lost_sales":0,"has_location":false,"update_date":"2026-01-28T23:10:51","atum_locations":[],"atum_stock_status":"instock","restock_status":false,"low_stock_amount":"","sales_update_date":"2026-01-28T23:10:51","calc_backorders":null,"acf":{"publisher":{"ID":1517,"post_author":"1","post_date":"2021-02-17 01:14:41","post_date_gmt":"2021-02-16 23:14:41","post_content":"","post_title":"NXB Tr\u1ebb","post_excerpt":"","post_status":"publish","comment_status":"closed","ping_status":"closed","post_password":"","post_name":"nxb-tre","to_ping":"","pinged":"","post_modified":"2021-02-17 01:14:41","post_modified_gmt":"2021-02-16 23:14:41","post_content_filtered":"","post_parent":0,"guid":"https:\/\/sachviet.eu\/nha-phat-hanh\/nxb-tre\/","menu_order":0,"post_type":"publisher","post_mime_type":"","comment_count":"0","filter":"raw"}},"_links":{"self":[{"href":"https:\/\/sachviet.eu\/en\/wp-json\/wp\/v2\/product\/12469","targetHints":{"allow":["GET"]}}],"collection":[{"href":"https:\/\/sachviet.eu\/en\/wp-json\/wp\/v2\/product"}],"about":[{"href":"https:\/\/sachviet.eu\/en\/wp-json\/wp\/v2\/types\/product"}],"wp:featuredmedia":[{"embeddable":true,"href":"https:\/\/sachviet.eu\/en\/wp-json\/wp\/v2\/media\/12465"}],"wp:attachment":[{"href":"https:\/\/sachviet.eu\/en\/wp-json\/wp\/v2\/media?parent=12469"}],"wp:term":[{"taxonomy":"product_brand","embeddable":true,"href":"https:\/\/sachviet.eu\/en\/wp-json\/wp\/v2\/product_brand?post=12469"},{"taxonomy":"product_cat","embeddable":true,"href":"https:\/\/sachviet.eu\/en\/wp-json\/wp\/v2\/product_cat?post=12469"},{"taxonomy":"product_tag","embeddable":true,"href":"https:\/\/sachviet.eu\/en\/wp-json\/wp\/v2\/product_tag?post=12469"}],"curies":[{"name":"wp","href":"https:\/\/api.w.org\/{rel}","templated":true}]}}