{"id":12463,"date":"2021-06-11T14:24:31","date_gmt":"2021-06-11T11:24:31","guid":{"rendered":"https:\/\/sachviet.eu\/shop\/nhung-cuon-sach-hay-nhat-ve-phuong-tien-giao-thong-set-7-quyen\/"},"modified":"2025-06-26T21:04:07","modified_gmt":"2025-06-26T18:04:07","slug":"nhung-cuon-sach-hay-nhat-ve-phuong-tien-giao-thong-set-7-quyen","status":"publish","type":"product","link":"https:\/\/sachviet.eu\/en\/shop\/nhung-cuon-sach-hay-nhat-ve-phuong-tien-giao-thong-set-7-quyen\/","title":{"rendered":"Nh\u1eefng cu\u1ed1n s\u00e1ch hay nh\u1ea5t v\u1ec1 ph\u01b0\u01a1ng ti\u1ec7n giao th\u00f4ng &#8211; Set 7 quy\u1ec3n"},"content":{"rendered":"<p>B\u1ed9 s\u00e1ch \u0111\u01b0\u1ee3c ch\u1ecdn l\u1ecdc v\u1ec1 ch\u1ee7 \u0111\u1ec1 ph\u01b0\u01a1ng ti\u1ec7n giao th\u00f4ng, th\u00f4ng qua \u0111\u00f3 gi\u00fap c\u00e1c b\u00e9 v\u01b0\u1ee3t qua n\u1ed7i s\u1ee3 h\u00e3i trong cu\u1ed9c s\u1ed1ng, t\u0103ng kh\u1ea3 n\u0103ng quan s\u00e1t, gi\u00fap b\u00e9 l\u00e0m quen v\u1edbi s\u00e1ch m\u1ed9t c\u00e1c d\u1ec5 d\u00e0ng c\u0169ng nh\u01b0 ph\u00e1t tri\u1ec3n t\u01b0 duy. B\u1ed9 s\u00e1ch bao g\u1ed3m 7 cu\u1ed1n: <\/p>\n<p>1.Xe bu\u00fdt Bento<br \/>\nB\u1ea1n xe bu\u00fdt Bento t\u1edbi r\u1ed3i, m\u1eddi m\u1ecdi c\u00f9ng l\u00ean xe bu\u00fdt n\u00e0o. S\u1ebd c\u00f3 nh\u1eefng b\u1ea1n n\u00e0o l\u00ean \u0111\u00e2y nh\u1ec9??? M\u1ed9t \u0111i\u1ec1u th\u00fa v\u1ecb s\u1ebd xu\u1ea5t hi\u1ec7n \u1edf cu\u1ed1i truy\u1ec7n. C\u00e1c b\u1ea1n c\u00f9ng kh\u00e1m ph\u00e1 nh\u00e9!<br \/>\n2.T\u00e0u \u0111i\u1ec7n c\u00f3 \u0111\u1ebfn kh\u00f4ng nh\u1ec9?<br \/>\nT\u00e2m tr\u1ea1ng h\u00e1o h\u1ee9c, h\u1ed3i h\u1ed9p c\u1ee7a c\u00e1c b\u1ea1n \u0111\u1ed9ng v\u1eadt khi ch\u1edd t\u00e0u \u0111i\u1ec7n v\u00e0 ni\u1ec1m vui v\u1ee1 \u00f2a khi t\u00e0u \u0111i\u1ec7n \u0111\u00e3 \u0111\u1ebfn. C\u00e1c b\u1ea1n nh\u1ecf h\u00e3y c\u00f9ng k\u1ec3 t\u00ean c\u00f3 nh\u1eefng b\u1ea1n \u0111\u1ed9ng v\u1eadt n\u00e0o xu\u1ea5t hi\u1ec7n trong truy\u1ec7n, m\u00e0u s\u1eafc c\u1ee7a m\u1ed7i b\u1ea1n v\u00e0 \u0111i\u1ec1u \u0111\u1eb7c bi\u1ec7t \u1edf chuy\u1ebfn t\u00e0u cu\u1ed1i c\u00f9ng nh\u00e9!<br \/>\n3.Tu tu x\u00ecnh x\u1ecbch<br \/>\nCh\u00fang ta c\u00f9ng g\u1eb7p l\u1ea1i b\u1ea1n t\u00e0u \u0111i\u1ec7n nh\u00e9! Tu tu x\u00ecnh x\u1ecbch, t\u00e0u \u0111i\u1ec7n \u0111\u1ebfn r\u1ed3i! Cho t\u00f4i l\u00ean v\u1edbi! Cho t\u00f4i l\u00ean v\u1edbi! L\u1ea7n n\u00e0y b\u1ea1n t\u00e0u \u0111i\u1ec7n s\u1ebd \u0111i \u0111\u1ebfn \u0111\u00e2u nh\u1ec9???<br \/>\n4.Tu tu x\u00ecnh x\u1ecbch r\u00ec r\u00e0o r\u00ec r\u00e0o<br \/>\nTu tu x\u00ecnh x\u1ecbch, t\u00e0u \u0111i\u1ec7n \u0111\u1ebfn r\u1ed3i! Cho t\u00f4i l\u00ean v\u1edbi! Cho t\u00f4i l\u00ean v\u1edbi! T\u00f4i s\u1ebd \u0111\u01b0a b\u1ea1n \u0111\u1ebfn v\u1edbi b\u00e3i bi\u1ec3n \u0111\u1ea7y s\u1eafc m\u00e0u.<br \/>\n5.Aka \u2013 Kun d\u1ea1o ph\u1ed1<br \/>\nB\u1ea1n Aka-kun v\u00e0 b\u1ea1n Ao-kun c\u00f9ng \u0111i d\u1ea1o ph\u1ed1. Trong th\u00e0nh ph\u1ed1 c\u00e1c b\u1ea1n g\u1eb7p nh\u1eefng chi\u1ebfc xe l\u00e0m vi\u1ec7c kh\u00e1c nhau. H\u00e3y ch\u00fa \u00fd t\u1edbi nh\u1eefng nh\u00e2n v\u1eadt, nh\u1eefng chi ti\u1ebft \u1edf trong c\u00e2u chuy\u1ec7n, s\u1ebd c\u00f3 m\u1ed9t \u0111i\u1ec1u th\u00fa v\u1ecb \u0111ang ch\u1edd \u0111\u00f3n b\u1ea1n \u0111\u1ea5y nh\u00e9!<br \/>\n6.B\u1ea1n T\u00e0u \u0110i\u1ec7n Ng\u1ea7m Gin-chan<br \/>\nGin-chan l\u00e0 m\u1ed9t b\u1ea1n t\u00e0u \u0111i\u1ec7n ng\u1ea7m nh\u01b0ng l\u1ea1i s\u1ee3 nh\u1eefng n\u01a1i t\u1ed1i. M\u1ed9t ng\u00e0y kia, Gin-chan s\u1ee3 h\u00e3i ch\u1ea1y trong trong \u0111\u01b0\u1eddng h\u1ea7m th\u00ec b\u1ea1n t\u00e0u \u0111i\u1ec7n chuy\u1ebfn sau \u0111\u00e3 \u0111u\u1ed5i k\u1ecbp, c\u1eadu ch\u1ea1y bi\u1ebfn t\u1edbi t\u1eadn ch\u1ed7 ngh\u1ec9 c\u1ee7a t\u00e0u \u0111i\u1ec7n. Cu\u1ed9c g\u1eb7p g\u1ee1 \u0111\u1eb7c bi\u1ec7t gi\u1eefa hai b\u1ea1n t\u00e0u \u0111i\u1ec7n ng\u1ea7m di\u1ec5n ra\u2026<br \/>\n7.B\u00e1c L\u00e1i Xe Bu\u00fdt Voi<br \/>\nHai t\u00e1c gi\u1ea3 Hirotaka Nakagawa v\u00e0 Jun Ichihara \u0111\u00e3 c\u00f9ng h\u1ee3p t\u00e1c \u0111\u1ec3 t\u1ea1o n\u00ean m\u1ed9t cu\u1ed1n truy\u1ec7n \u1ea5m \u00e1p v\u00e0 d\u1ec5 th\u01b0\u01a1ng. Cu\u1ed1n truy\u1ec7n s\u1ebd gi\u00fap c\u00e1c b\u00e9 l\u00e0m quen v\u1edbi c\u00f4ng vi\u1ec7c c\u1ee7a m\u1ed9t b\u00e1c t\u00e0i x\u1ebf xe bu\u00fdt t\u1ed1t b\u1ee5ng.<br \/>\nB\u00e1c Voi l\u00e0 t\u00e0i x\u1ebf l\u00e1i xe bu\u00fdt. Trong m\u1ed9t ng\u00e0y l\u00e0m vi\u1ec7c c\u1ee7a m\u00ecnh, b\u00e1c Voi g\u1eb7p bi\u1ebft bao nhi\u00eau h\u00e0nh kh\u00e1ch v\u1eeba quen v\u1eeba l\u1ea1. Li\u1ec7u ng\u00e0y h\u00f4m nay c\u00f3 g\u00ec kh\u00e1c kh\u00f4ng nh\u1ec9? C\u00e1c b\u00e9 h\u00e3y c\u00f9ng t\u00ecm hi\u1ec3u nh\u00e9!<\/p>\n","protected":false},"excerpt":{"rendered":"<p>B\u1ed9 s\u00e1ch \u0111\u01b0\u1ee3c ch\u1ecdn l\u1ecdc v\u1ec1 ch\u1ee7 \u0111\u1ec1 ph\u01b0\u01a1ng ti\u1ec7n giao th\u00f4ng, th\u00f4ng qua \u0111\u00f3 gi\u00fap c\u00e1c b\u00e9 v\u01b0\u1ee3t qua n\u1ed7i s\u1ee3 h\u00e3i trong cu\u1ed9c s\u1ed1ng, t\u0103ng kh\u1ea3 n\u0103ng quan s\u00e1t, gi\u00fap b\u00e9 l\u00e0m quen v\u1edbi s\u00e1ch m\u1ed9t c\u00e1c d\u1ec5 d\u00e0ng c\u0169ng nh\u01b0 ph\u00e1t tri\u1ec3n t\u01b0 duy. B\u1ed9 s\u00e1ch bao g\u1ed3m 7 cu\u1ed1n: <\/p>\n<p>1.Xe bu\u00fdt Bento<br \/>\nB\u1ea1n xe bu\u00fdt Bento t\u1edbi r\u1ed3i, m\u1eddi m\u1ecdi c\u00f9ng l\u00ean xe bu\u00fdt n\u00e0o. S\u1ebd c\u00f3 nh\u1eefng b\u1ea1n n\u00e0o l\u00ean \u0111\u00e2y nh\u1ec9??? M\u1ed9t \u0111i\u1ec1u th\u00fa v\u1ecb s\u1ebd xu\u1ea5t hi\u1ec7n \u1edf cu\u1ed1i truy\u1ec7n. C\u00e1c b\u1ea1n c\u00f9ng kh\u00e1m ph\u00e1 nh\u00e9!<br \/>\n2.T\u00e0u \u0111i\u1ec7n c\u00f3 \u0111\u1ebfn kh\u00f4ng nh\u1ec9?<br \/>\nT\u00e2m tr\u1ea1ng h\u00e1o h\u1ee9c, h\u1ed3i h\u1ed9p c\u1ee7a c\u00e1c b\u1ea1n \u0111\u1ed9ng v\u1eadt khi ch\u1edd t\u00e0u \u0111i\u1ec7n v\u00e0 ni\u1ec1m vui v\u1ee1 \u00f2a khi t\u00e0u \u0111i\u1ec7n \u0111\u00e3 \u0111\u1ebfn. C\u00e1c b\u1ea1n nh\u1ecf h\u00e3y c\u00f9ng k\u1ec3 t\u00ean c\u00f3 nh\u1eefng b\u1ea1n \u0111\u1ed9ng v\u1eadt n\u00e0o xu\u1ea5t hi\u1ec7n trong truy\u1ec7n, m\u00e0u s\u1eafc c\u1ee7a m\u1ed7i b\u1ea1n v\u00e0 \u0111i\u1ec1u \u0111\u1eb7c bi\u1ec7t \u1edf chuy\u1ebfn t\u00e0u cu\u1ed1i c\u00f9ng nh\u00e9!<br \/>\n3.Tu tu x\u00ecnh x\u1ecbch<br \/>\nCh\u00fang ta c\u00f9ng g\u1eb7p l\u1ea1i b\u1ea1n t\u00e0u \u0111i\u1ec7n nh\u00e9! Tu tu x\u00ecnh x\u1ecbch, t\u00e0u \u0111i\u1ec7n \u0111\u1ebfn r\u1ed3i! Cho t\u00f4i l\u00ean v\u1edbi! Cho t\u00f4i l\u00ean v\u1edbi! L\u1ea7n n\u00e0y b\u1ea1n t\u00e0u \u0111i\u1ec7n s\u1ebd \u0111i \u0111\u1ebfn \u0111\u00e2u nh\u1ec9???<br \/>\n4.Tu tu x\u00ecnh x\u1ecbch r\u00ec r\u00e0o r\u00ec r\u00e0o<br \/>\nTu tu x\u00ecnh x\u1ecbch, t\u00e0u \u0111i\u1ec7n \u0111\u1ebfn r\u1ed3i! Cho t\u00f4i l\u00ean v\u1edbi! Cho t\u00f4i l\u00ean v\u1edbi! T\u00f4i s\u1ebd \u0111\u01b0a b\u1ea1n \u0111\u1ebfn v\u1edbi b\u00e3i bi\u1ec3n \u0111\u1ea7y s\u1eafc m\u00e0u.<br \/>\n5.Aka \u2013 Kun d\u1ea1o ph\u1ed1<br \/>\nB\u1ea1n Aka-kun v\u00e0 b\u1ea1n Ao-kun c\u00f9ng \u0111i d\u1ea1o ph\u1ed1. Trong th\u00e0nh ph\u1ed1 c\u00e1c b\u1ea1n g\u1eb7p nh\u1eefng chi\u1ebfc xe l\u00e0m vi\u1ec7c kh\u00e1c nhau. H\u00e3y ch\u00fa \u00fd t\u1edbi nh\u1eefng nh\u00e2n v\u1eadt, nh\u1eefng chi ti\u1ebft \u1edf trong c\u00e2u chuy\u1ec7n, s\u1ebd c\u00f3 m\u1ed9t \u0111i\u1ec1u th\u00fa v\u1ecb \u0111ang ch\u1edd \u0111\u00f3n b\u1ea1n \u0111\u1ea5y nh\u00e9!<br \/>\n6.B\u1ea1n T\u00e0u \u0110i\u1ec7n Ng\u1ea7m Gin-chan<br \/>\nGin-chan l\u00e0 m\u1ed9t b\u1ea1n t\u00e0u \u0111i\u1ec7n ng\u1ea7m nh\u01b0ng l\u1ea1i s\u1ee3 nh\u1eefng n\u01a1i t\u1ed1i. M\u1ed9t ng\u00e0y kia, Gin-chan s\u1ee3 h\u00e3i ch\u1ea1y trong trong \u0111\u01b0\u1eddng h\u1ea7m th\u00ec b\u1ea1n t\u00e0u \u0111i\u1ec7n chuy\u1ebfn sau \u0111\u00e3 \u0111u\u1ed5i k\u1ecbp, c\u1eadu ch\u1ea1y bi\u1ebfn t\u1edbi t\u1eadn ch\u1ed7 ngh\u1ec9 c\u1ee7a t\u00e0u \u0111i\u1ec7n. Cu\u1ed9c g\u1eb7p g\u1ee1 \u0111\u1eb7c bi\u1ec7t gi\u1eefa hai b\u1ea1n t\u00e0u \u0111i\u1ec7n ng\u1ea7m di\u1ec5n ra\u2026<br \/>\n7.B\u00e1c L\u00e1i Xe Bu\u00fdt Voi<br \/>\nHai t\u00e1c gi\u1ea3 Hirotaka Nakagawa v\u00e0 Jun Ichihara \u0111\u00e3 c\u00f9ng h\u1ee3p t\u00e1c \u0111\u1ec3 t\u1ea1o n\u00ean m\u1ed9t cu\u1ed1n truy\u1ec7n \u1ea5m \u00e1p v\u00e0 d\u1ec5 th\u01b0\u01a1ng. Cu\u1ed1n truy\u1ec7n s\u1ebd gi\u00fap c\u00e1c b\u00e9 l\u00e0m quen v\u1edbi c\u00f4ng vi\u1ec7c c\u1ee7a m\u1ed9t b\u00e1c t\u00e0i x\u1ebf xe bu\u00fdt t\u1ed1t b\u1ee5ng.<br \/>\nB\u00e1c Voi l\u00e0 t\u00e0i x\u1ebf l\u00e1i xe bu\u00fdt. Trong m\u1ed9t ng\u00e0y l\u00e0m vi\u1ec7c c\u1ee7a m\u00ecnh, b\u00e1c Voi g\u1eb7p bi\u1ebft bao nhi\u00eau h\u00e0nh kh\u00e1ch v\u1eeba quen v\u1eeba l\u1ea1. Li\u1ec7u ng\u00e0y h\u00f4m nay c\u00f3 g\u00ec kh\u00e1c kh\u00f4ng nh\u1ec9? C\u00e1c b\u00e9 h\u00e3y c\u00f9ng t\u00ecm hi\u1ec3u nh\u00e9!<\/p>\n","protected":false},"featured_media":12455,"template":"","meta":{"_acf_changed":false},"product_brand":[],"product_cat":[24,25,17],"product_tag":[],"class_list":{"0":"post-12463","1":"product","2":"type-product","3":"status-publish","4":"has-post-thumbnail","6":"product_cat-nha-tre-mau-giao-0-tuoi-6-tuoi","7":"product_cat-nhi-dong-6-tuoi-12-tuoi","8":"product_cat-sach-danh-cho-cac-be","10":"first","11":"outofstock","12":"taxable","13":"shipping-taxable","14":"purchasable","15":"product-type-simple"},"supplier_id":null,"supplier_sku":"","barcode":null,"atum_controlled":true,"out_stock_date":"2025-06-26 18:04:07","out_stock_threshold":null,"inheritable":false,"inbound_stock":0,"stock_on_hold":0,"sold_today":0,"sales_last_days":0,"reserved_stock":0,"customer_returns":0,"warehouse_damage":0,"lost_in_post":0,"other_logs":0,"out_stock_days":216,"lost_sales":0,"has_location":false,"update_date":"2026-01-28T23:11:30","atum_locations":[],"atum_stock_status":"outofstock","restock_status":false,"low_stock_amount":"","sales_update_date":"2026-01-28T23:11:30","calc_backorders":null,"acf":{"publisher":{"ID":9154,"post_author":"2","post_date":"2021-05-21 19:37:16","post_date_gmt":"2021-05-21 16:37:16","post_content":"<!-- wp:html \/-->\n\n<!-- wp:image {\"id\":9157,\"sizeSlug\":\"large\",\"linkDestination\":\"media\"} -->\n<figure class=\"wp-block-image size-large\"><a href=\"https:\/\/sachviet.eu\/wp-content\/uploads\/2021\/05\/123004127_112271897340455_8566439221456752927_n-1.jpg\"><img src=\"https:\/\/sachviet.eu\/wp-content\/uploads\/2021\/05\/123004127_112271897340455_8566439221456752927_n-1-1024x666.jpg\" alt=\"\" class=\"wp-image-9157\" \/><\/a><\/figure>\n<!-- \/wp:image -->\n\n<!-- wp:heading {\"level\":3} -->\n<h3>M\u1ee4C TI\u00caU<\/h3>\n<!-- \/wp:heading -->\n\n<!-- wp:paragraph -->\n<p>D\u1ef1 \u00e1n M\u1ecdt s\u00e1ch Mogu \u0111ang ph\u00e1t tri\u1ec3n k\u1ebf ho\u1ea1ch h\u1ee3p t\u00e1c c\u00f9ng c\u00e1c tr\u01b0\u1eddng n\u1ea7m non, c\u00e1c \u0111\u01a1n v\u1ecb l\u00e0m v\u1ec1 s\u00e1ch, c\u00e1c \u0111\u01a1n v\u1ecb c\u00f3 c\u00f9ng m\u1ee5c ti\u00eau ph\u00e1t tri\u1ec3n v\u0103n h\u00f3a \u0111\u1ecdc v\u1ec1 vi\u1ec7c \u0111\u1ecdc truy\u1ec7n Ehoncho tr\u1ebb v\u00e0 nh\u1eadn \u0111\u01b0\u1ee3c r\u1ea5t nhi\u1ec1u s\u1ef1 quan t\u00e2m c\u1ee7a c\u00e1c v\u1ecb ph\u1ee5 huynh c\u0169ng nh\u01b0 c\u00e1c b\u00e9.<\/p>\n<!-- \/wp:paragraph -->\n\n<!-- wp:heading {\"level\":3} -->\n<h3>S\u1ee8 M\u1ec6NH<\/h3>\n<!-- \/wp:heading -->\n\n<!-- wp:paragraph -->\n<p>M\u1ecdt s\u00e1ch Mogu l\u00e0 d\u1ef1 \u00e1n \u0111\u1ecdc tranh truy\u1ec7n Ehon mi\u1ec5n ph\u00ed cho tr\u1ebb nh\u1ecf c\u1ee7a c\u00f4ng ty More Production Vi\u1ec7t Nam t\u1eeb n\u0103m 2014. V\u1edbi mong mu\u1ed1n c\u00e1c b\u1ea1n nh\u1ecf \u0111\u01b0\u1ee3c ti\u1ebfp x\u00fac t\u1edbi s\u00e1ch truy\u1ec7n t\u1eeb khi c\u00f2n nh\u1ecf v\u00e0 ph\u00e1t tri\u1ec3n t\u00ecnh y\u00eau v\u1edbi s\u00e1ch khi l\u1edbn l\u00ean.<\/p>\n<!-- \/wp:paragraph -->\n\n<!-- wp:heading {\"level\":3} -->\n<h3><\/h3>\n<!-- \/wp:heading -->","post_title":"Mogu","post_excerpt":"","post_status":"publish","comment_status":"closed","ping_status":"closed","post_password":"","post_name":"mogu","to_ping":"","pinged":"","post_modified":"2021-05-21 19:37:19","post_modified_gmt":"2021-05-21 16:37:19","post_content_filtered":"","post_parent":0,"guid":"https:\/\/sachviet.eu\/?post_type=publisher&#038;p=9154","menu_order":0,"post_type":"publisher","post_mime_type":"","comment_count":"0","filter":"raw"}},"_links":{"self":[{"href":"https:\/\/sachviet.eu\/en\/wp-json\/wp\/v2\/product\/12463","targetHints":{"allow":["GET"]}}],"collection":[{"href":"https:\/\/sachviet.eu\/en\/wp-json\/wp\/v2\/product"}],"about":[{"href":"https:\/\/sachviet.eu\/en\/wp-json\/wp\/v2\/types\/product"}],"wp:featuredmedia":[{"embeddable":true,"href":"https:\/\/sachviet.eu\/en\/wp-json\/wp\/v2\/media\/12455"}],"wp:attachment":[{"href":"https:\/\/sachviet.eu\/en\/wp-json\/wp\/v2\/media?parent=12463"}],"wp:term":[{"taxonomy":"product_brand","embeddable":true,"href":"https:\/\/sachviet.eu\/en\/wp-json\/wp\/v2\/product_brand?post=12463"},{"taxonomy":"product_cat","embeddable":true,"href":"https:\/\/sachviet.eu\/en\/wp-json\/wp\/v2\/product_cat?post=12463"},{"taxonomy":"product_tag","embeddable":true,"href":"https:\/\/sachviet.eu\/en\/wp-json\/wp\/v2\/product_tag?post=12463"}],"curies":[{"name":"wp","href":"https:\/\/api.w.org\/{rel}","templated":true}]}}