{"id":12440,"date":"2021-06-11T14:23:35","date_gmt":"2021-06-11T11:23:35","guid":{"rendered":"https:\/\/sachviet.eu\/shop\/noi-buon-oc-sen\/"},"modified":"2022-01-30T22:30:36","modified_gmt":"2022-01-30T20:30:36","slug":"noi-buon-oc-sen","status":"publish","type":"product","link":"https:\/\/sachviet.eu\/en\/shop\/noi-buon-oc-sen\/","title":{"rendered":"N\u1ed7i Bu\u1ed3n \u1ed0c S\u00ean"},"content":{"rendered":"<p>\u0110\u00e2y l\u00e0 cu\u1ed1n Ehon \u0111\u01b0\u1ee3c Ho\u00e0ng Th\u00e1i h\u1eadu Nh\u1eadt B\u1ea3n Michiko \u0111\u1eb7c bi\u1ec7t y\u00eau th\u00edch v\u00e0 gi\u1edbi thi\u1ec7u v\u1edbi m\u1ecdi ng\u01b0\u1eddi. Cu\u1ed1n truy\u1ec7n b\u00e0 \u0111\u00e3 \u0111\u1ecdc khi b\u00e9 \u0111\u00e3 gi\u00fap b\u00e0 v\u01b0\u1ee3t qua nh\u1eefng kh\u00f3 kh\u0103n khi \u0111\u00e3 tr\u01b0\u1edfng th\u00e0nh.<\/p>\n<p>M\u1ed9t ch\u00fa \u1ed0c s\u00ean v\u00f4 c\u00f9ng bu\u1ed3n kh\u1ed5 khi ngh\u0129 r\u1eb1ng chi\u1ebfc v\u1ecf tr\u00ean l\u01b0ng m\u00ecnh ch\u1ea5t \u0111\u1ea7y n\u1ed7i bu\u1ed3n n\u00ean ch\u00fa l\u00fac n\u00e0o c\u0169ng ch\u1eadm ch\u1ea1p v\u00e0 n\u1eb7ng n\u1ec1 nh\u01b0 v\u1eady. Ch\u00fa c\u00f5ng chi\u1ebfc v\u1ecf \u0111i kh\u1eafp n\u01a1i \u0111\u1ec3 b\u00e0y t\u1ecf n\u1ed7i bu\u1ed3n c\u1ee7a m\u00ecnh v\u1edbi t\u1ea5t c\u1ea3 b\u1ea1n b\u00e8, r\u1ed3i n\u1ed7i bu\u1ed3n c\u1ee7a ch\u00fa c\u00f3 tan bi\u1ebfn hay kh\u00f4ng?<\/p>\n","protected":false},"excerpt":{"rendered":"<p>\u0110\u00e2y l\u00e0 cu\u1ed1n Ehon \u0111\u01b0\u1ee3c Ho\u00e0ng Th\u00e1i h\u1eadu Nh\u1eadt B\u1ea3n Michiko \u0111\u1eb7c bi\u1ec7t y\u00eau th\u00edch v\u00e0 gi\u1edbi thi\u1ec7u v\u1edbi m\u1ecdi ng\u01b0\u1eddi. Cu\u1ed1n truy\u1ec7n b\u00e0 \u0111\u00e3 \u0111\u1ecdc khi b\u00e9 \u0111\u00e3 gi\u00fap b\u00e0 v\u01b0\u1ee3t qua nh\u1eefng kh\u00f3 kh\u0103n khi \u0111\u00e3 tr\u01b0\u1edfng th\u00e0nh.<\/p>\n<p>M\u1ed9t ch\u00fa \u1ed0c s\u00ean v\u00f4 c\u00f9ng bu\u1ed3n kh\u1ed5 khi ngh\u0129 r\u1eb1ng chi\u1ebfc v\u1ecf tr\u00ean l\u01b0ng m\u00ecnh ch\u1ea5t \u0111\u1ea7y n\u1ed7i bu\u1ed3n n\u00ean ch\u00fa l\u00fac n\u00e0o c\u0169ng ch\u1eadm ch\u1ea1p v\u00e0 n\u1eb7ng n\u1ec1 nh\u01b0 v\u1eady. Ch\u00fa c\u00f5ng chi\u1ebfc v\u1ecf \u0111i kh\u1eafp n\u01a1i \u0111\u1ec3 b\u00e0y t\u1ecf n\u1ed7i bu\u1ed3n c\u1ee7a m\u00ecnh v\u1edbi t\u1ea5t c\u1ea3 b\u1ea1n b\u00e8, r\u1ed3i n\u1ed7i bu\u1ed3n c\u1ee7a ch\u00fa c\u00f3 tan bi\u1ebfn hay kh\u00f4ng?<\/p>\n","protected":false},"featured_media":12439,"template":"","meta":{"_acf_changed":false},"product_brand":[],"product_cat":[24,25,17],"product_tag":[],"class_list":{"0":"post-12440","1":"product","2":"type-product","3":"status-publish","4":"has-post-thumbnail","6":"product_cat-nha-tre-mau-giao-0-tuoi-6-tuoi","7":"product_cat-nhi-dong-6-tuoi-12-tuoi","8":"product_cat-sach-danh-cho-cac-be","10":"first","11":"instock","12":"taxable","13":"shipping-taxable","14":"purchasable","15":"product-type-simple"},"supplier_id":null,"supplier_sku":"","barcode":null,"atum_controlled":true,"out_stock_date":null,"out_stock_threshold":null,"inheritable":false,"inbound_stock":0,"stock_on_hold":0,"sold_today":0,"sales_last_days":0,"reserved_stock":0,"customer_returns":0,"warehouse_damage":0,"lost_in_post":0,"other_logs":0,"out_stock_days":0,"lost_sales":0,"has_location":false,"update_date":"2026-01-28T23:10:51","atum_locations":[],"atum_stock_status":"instock","restock_status":false,"low_stock_amount":"","sales_update_date":"2026-01-28T23:10:51","calc_backorders":null,"acf":{"publisher":{"ID":9154,"post_author":"2","post_date":"2021-05-21 19:37:16","post_date_gmt":"2021-05-21 16:37:16","post_content":"<!-- wp:html \/-->\n\n<!-- wp:image {\"id\":9157,\"sizeSlug\":\"large\",\"linkDestination\":\"media\"} -->\n<figure class=\"wp-block-image size-large\"><a href=\"https:\/\/sachviet.eu\/wp-content\/uploads\/2021\/05\/123004127_112271897340455_8566439221456752927_n-1.jpg\"><img src=\"https:\/\/sachviet.eu\/wp-content\/uploads\/2021\/05\/123004127_112271897340455_8566439221456752927_n-1-1024x666.jpg\" alt=\"\" class=\"wp-image-9157\" \/><\/a><\/figure>\n<!-- \/wp:image -->\n\n<!-- wp:heading {\"level\":3} -->\n<h3>M\u1ee4C TI\u00caU<\/h3>\n<!-- \/wp:heading -->\n\n<!-- wp:paragraph -->\n<p>D\u1ef1 \u00e1n M\u1ecdt s\u00e1ch Mogu \u0111ang ph\u00e1t tri\u1ec3n k\u1ebf ho\u1ea1ch h\u1ee3p t\u00e1c c\u00f9ng c\u00e1c tr\u01b0\u1eddng n\u1ea7m non, c\u00e1c \u0111\u01a1n v\u1ecb l\u00e0m v\u1ec1 s\u00e1ch, c\u00e1c \u0111\u01a1n v\u1ecb c\u00f3 c\u00f9ng m\u1ee5c ti\u00eau ph\u00e1t tri\u1ec3n v\u0103n h\u00f3a \u0111\u1ecdc v\u1ec1 vi\u1ec7c \u0111\u1ecdc truy\u1ec7n Ehoncho tr\u1ebb v\u00e0 nh\u1eadn \u0111\u01b0\u1ee3c r\u1ea5t nhi\u1ec1u s\u1ef1 quan t\u00e2m c\u1ee7a c\u00e1c v\u1ecb ph\u1ee5 huynh c\u0169ng nh\u01b0 c\u00e1c b\u00e9.<\/p>\n<!-- \/wp:paragraph -->\n\n<!-- wp:heading {\"level\":3} -->\n<h3>S\u1ee8 M\u1ec6NH<\/h3>\n<!-- \/wp:heading -->\n\n<!-- wp:paragraph -->\n<p>M\u1ecdt s\u00e1ch Mogu l\u00e0 d\u1ef1 \u00e1n \u0111\u1ecdc tranh truy\u1ec7n Ehon mi\u1ec5n ph\u00ed cho tr\u1ebb nh\u1ecf c\u1ee7a c\u00f4ng ty More Production Vi\u1ec7t Nam t\u1eeb n\u0103m 2014. V\u1edbi mong mu\u1ed1n c\u00e1c b\u1ea1n nh\u1ecf \u0111\u01b0\u1ee3c ti\u1ebfp x\u00fac t\u1edbi s\u00e1ch truy\u1ec7n t\u1eeb khi c\u00f2n nh\u1ecf v\u00e0 ph\u00e1t tri\u1ec3n t\u00ecnh y\u00eau v\u1edbi s\u00e1ch khi l\u1edbn l\u00ean.<\/p>\n<!-- \/wp:paragraph -->\n\n<!-- wp:heading {\"level\":3} -->\n<h3><\/h3>\n<!-- \/wp:heading -->","post_title":"Mogu","post_excerpt":"","post_status":"publish","comment_status":"closed","ping_status":"closed","post_password":"","post_name":"mogu","to_ping":"","pinged":"","post_modified":"2021-05-21 19:37:19","post_modified_gmt":"2021-05-21 16:37:19","post_content_filtered":"","post_parent":0,"guid":"https:\/\/sachviet.eu\/?post_type=publisher&#038;p=9154","menu_order":0,"post_type":"publisher","post_mime_type":"","comment_count":"0","filter":"raw"}},"_links":{"self":[{"href":"https:\/\/sachviet.eu\/en\/wp-json\/wp\/v2\/product\/12440","targetHints":{"allow":["GET"]}}],"collection":[{"href":"https:\/\/sachviet.eu\/en\/wp-json\/wp\/v2\/product"}],"about":[{"href":"https:\/\/sachviet.eu\/en\/wp-json\/wp\/v2\/types\/product"}],"wp:featuredmedia":[{"embeddable":true,"href":"https:\/\/sachviet.eu\/en\/wp-json\/wp\/v2\/media\/12439"}],"wp:attachment":[{"href":"https:\/\/sachviet.eu\/en\/wp-json\/wp\/v2\/media?parent=12440"}],"wp:term":[{"taxonomy":"product_brand","embeddable":true,"href":"https:\/\/sachviet.eu\/en\/wp-json\/wp\/v2\/product_brand?post=12440"},{"taxonomy":"product_cat","embeddable":true,"href":"https:\/\/sachviet.eu\/en\/wp-json\/wp\/v2\/product_cat?post=12440"},{"taxonomy":"product_tag","embeddable":true,"href":"https:\/\/sachviet.eu\/en\/wp-json\/wp\/v2\/product_tag?post=12440"}],"curies":[{"name":"wp","href":"https:\/\/api.w.org\/{rel}","templated":true}]}}