{"id":12438,"date":"2021-06-11T14:23:30","date_gmt":"2021-06-11T11:23:30","guid":{"rendered":"https:\/\/sachviet.eu\/shop\/tiem-sushi-meo\/"},"modified":"2025-04-24T12:28:53","modified_gmt":"2025-04-24T09:28:53","slug":"tiem-sushi-meo","status":"publish","type":"product","link":"https:\/\/sachviet.eu\/en\/shop\/tiem-sushi-meo\/","title":{"rendered":"Ti\u1ec7m Sushi M\u00e8o"},"content":{"rendered":"<p>D\u00e0nh cho c\u00e1c b\u1ea1n nh\u1ecf y\u00eau th\u00edch m\u00f3n sushi ngon l\u00e0nh, cu\u1ed1n truy\u1ec7n k\u1ec3 v\u1ec1 nh\u1eefng ch\u00fa m\u00e8o s\u1ed1ng \u1edf m\u1ed9t v\u00f9ng qu\u00ea r\u1ea5t xa bi\u1ec3n v\u00e0 lu\u00f4n ao \u01b0\u1edbc \u0111\u01b0\u1ee3c \u0103n \u0111\u1ee7 lo\u1ea1i sushi tr\u00ean \u0111\u1eddi. Ch\u1eafc h\u1eb3n c\u00e1c \u0111\u1ed9c gi\u1ea3 nh\u00ed s\u1ebd r\u1ea5t ng\u1ea1c nhi\u00ean v\u00e0 th\u00edch th\u00fa v\u1edbi c\u00e1c b\u1ea1n m\u00e8o ham \u0103n nh\u01b0ng h\u1ebft s\u1ee9c ngoan ngo\u00e3n v\u00e0 d\u1ec5 th\u01b0\u01a1ng n\u00e0y.<\/p>\n<p>M\u1ed9t h\u00f4m, ti\u1ec7m sushi di \u0111\u1ed9ng \u0111i ngang qua n\u01a1i \u1edf c\u1ee7a l\u0169 m\u00e8o. L\u0169 m\u00e8o l\u00fac n\u00e0o c\u0169ng th\u00e8m \u0103n sushi \u0111\u00e3 \u0111\u01b0\u1ee3c \u0103n \u0111\u1ebfn no c\u0103ng c\u1ea3 b\u1ee5ng. N\u00e0o l\u00e0 sushi c\u00e1 ng\u1eeb, sushi b\u1ea1ch tu\u1ed9c, sushi tr\u1ee9ng c\u00e1 h\u1ed3i\u2026 Th\u1ebf nh\u01b0ng\u2026<\/p>\n","protected":false},"excerpt":{"rendered":"<p>D\u00e0nh cho c\u00e1c b\u1ea1n nh\u1ecf y\u00eau th\u00edch m\u00f3n sushi ngon l\u00e0nh, cu\u1ed1n truy\u1ec7n k\u1ec3 v\u1ec1 nh\u1eefng ch\u00fa m\u00e8o s\u1ed1ng \u1edf m\u1ed9t v\u00f9ng qu\u00ea r\u1ea5t xa bi\u1ec3n v\u00e0 lu\u00f4n ao \u01b0\u1edbc \u0111\u01b0\u1ee3c \u0103n \u0111\u1ee7 lo\u1ea1i sushi tr\u00ean \u0111\u1eddi. Ch\u1eafc h\u1eb3n c\u00e1c \u0111\u1ed9c gi\u1ea3 nh\u00ed s\u1ebd r\u1ea5t ng\u1ea1c nhi\u00ean v\u00e0 th\u00edch th\u00fa v\u1edbi c\u00e1c b\u1ea1n m\u00e8o ham \u0103n nh\u01b0ng h\u1ebft s\u1ee9c ngoan ngo\u00e3n v\u00e0 d\u1ec5 th\u01b0\u01a1ng n\u00e0y.<\/p>\n<p>M\u1ed9t h\u00f4m, ti\u1ec7m sushi di \u0111\u1ed9ng \u0111i ngang qua n\u01a1i \u1edf c\u1ee7a l\u0169 m\u00e8o. L\u0169 m\u00e8o l\u00fac n\u00e0o c\u0169ng th\u00e8m \u0103n sushi \u0111\u00e3 \u0111\u01b0\u1ee3c \u0103n \u0111\u1ebfn no c\u0103ng c\u1ea3 b\u1ee5ng. N\u00e0o l\u00e0 sushi c\u00e1 ng\u1eeb, sushi b\u1ea1ch tu\u1ed9c, sushi tr\u1ee9ng c\u00e1 h\u1ed3i\u2026 Th\u1ebf nh\u01b0ng\u2026<\/p>\n","protected":false},"featured_media":12436,"template":"","meta":{"_acf_changed":false},"product_brand":[],"product_cat":[24,25,17],"product_tag":[81],"class_list":{"0":"post-12438","1":"product","2":"type-product","3":"status-publish","4":"has-post-thumbnail","6":"product_cat-nha-tre-mau-giao-0-tuoi-6-tuoi","7":"product_cat-nhi-dong-6-tuoi-12-tuoi","8":"product_cat-sach-danh-cho-cac-be","9":"product_tag-sach-gia-uu-dai","11":"first","12":"outofstock","13":"sale","14":"taxable","15":"shipping-taxable","16":"purchasable","17":"product-type-simple"},"supplier_id":null,"supplier_sku":"","barcode":null,"atum_controlled":true,"out_stock_date":"2025-04-24 09:28:54","out_stock_threshold":null,"inheritable":false,"inbound_stock":0,"stock_on_hold":0,"sold_today":0,"sales_last_days":0,"reserved_stock":0,"customer_returns":0,"warehouse_damage":0,"lost_in_post":0,"other_logs":0,"out_stock_days":279,"lost_sales":198,"has_location":false,"update_date":"2026-01-28T23:11:28","atum_locations":[],"atum_stock_status":"outofstock","restock_status":false,"low_stock_amount":"","sales_update_date":"2026-01-28T23:11:28","calc_backorders":null,"acf":{"publisher":{"ID":9154,"post_author":"2","post_date":"2021-05-21 19:37:16","post_date_gmt":"2021-05-21 16:37:16","post_content":"<!-- wp:html \/-->\n\n<!-- wp:image {\"id\":9157,\"sizeSlug\":\"large\",\"linkDestination\":\"media\"} -->\n<figure class=\"wp-block-image size-large\"><a href=\"https:\/\/sachviet.eu\/wp-content\/uploads\/2021\/05\/123004127_112271897340455_8566439221456752927_n-1.jpg\"><img src=\"https:\/\/sachviet.eu\/wp-content\/uploads\/2021\/05\/123004127_112271897340455_8566439221456752927_n-1-1024x666.jpg\" alt=\"\" class=\"wp-image-9157\" \/><\/a><\/figure>\n<!-- \/wp:image -->\n\n<!-- wp:heading {\"level\":3} -->\n<h3>M\u1ee4C TI\u00caU<\/h3>\n<!-- \/wp:heading -->\n\n<!-- wp:paragraph -->\n<p>D\u1ef1 \u00e1n M\u1ecdt s\u00e1ch Mogu \u0111ang ph\u00e1t tri\u1ec3n k\u1ebf ho\u1ea1ch h\u1ee3p t\u00e1c c\u00f9ng c\u00e1c tr\u01b0\u1eddng n\u1ea7m non, c\u00e1c \u0111\u01a1n v\u1ecb l\u00e0m v\u1ec1 s\u00e1ch, c\u00e1c \u0111\u01a1n v\u1ecb c\u00f3 c\u00f9ng m\u1ee5c ti\u00eau ph\u00e1t tri\u1ec3n v\u0103n h\u00f3a \u0111\u1ecdc v\u1ec1 vi\u1ec7c \u0111\u1ecdc truy\u1ec7n Ehoncho tr\u1ebb v\u00e0 nh\u1eadn \u0111\u01b0\u1ee3c r\u1ea5t nhi\u1ec1u s\u1ef1 quan t\u00e2m c\u1ee7a c\u00e1c v\u1ecb ph\u1ee5 huynh c\u0169ng nh\u01b0 c\u00e1c b\u00e9.<\/p>\n<!-- \/wp:paragraph -->\n\n<!-- wp:heading {\"level\":3} -->\n<h3>S\u1ee8 M\u1ec6NH<\/h3>\n<!-- \/wp:heading -->\n\n<!-- wp:paragraph -->\n<p>M\u1ecdt s\u00e1ch Mogu l\u00e0 d\u1ef1 \u00e1n \u0111\u1ecdc tranh truy\u1ec7n Ehon mi\u1ec5n ph\u00ed cho tr\u1ebb nh\u1ecf c\u1ee7a c\u00f4ng ty More Production Vi\u1ec7t Nam t\u1eeb n\u0103m 2014. V\u1edbi mong mu\u1ed1n c\u00e1c b\u1ea1n nh\u1ecf \u0111\u01b0\u1ee3c ti\u1ebfp x\u00fac t\u1edbi s\u00e1ch truy\u1ec7n t\u1eeb khi c\u00f2n nh\u1ecf v\u00e0 ph\u00e1t tri\u1ec3n t\u00ecnh y\u00eau v\u1edbi s\u00e1ch khi l\u1edbn l\u00ean.<\/p>\n<!-- \/wp:paragraph -->\n\n<!-- wp:heading {\"level\":3} -->\n<h3><\/h3>\n<!-- \/wp:heading -->","post_title":"Mogu","post_excerpt":"","post_status":"publish","comment_status":"closed","ping_status":"closed","post_password":"","post_name":"mogu","to_ping":"","pinged":"","post_modified":"2021-05-21 19:37:19","post_modified_gmt":"2021-05-21 16:37:19","post_content_filtered":"","post_parent":0,"guid":"https:\/\/sachviet.eu\/?post_type=publisher&#038;p=9154","menu_order":0,"post_type":"publisher","post_mime_type":"","comment_count":"0","filter":"raw"}},"_links":{"self":[{"href":"https:\/\/sachviet.eu\/en\/wp-json\/wp\/v2\/product\/12438","targetHints":{"allow":["GET"]}}],"collection":[{"href":"https:\/\/sachviet.eu\/en\/wp-json\/wp\/v2\/product"}],"about":[{"href":"https:\/\/sachviet.eu\/en\/wp-json\/wp\/v2\/types\/product"}],"wp:featuredmedia":[{"embeddable":true,"href":"https:\/\/sachviet.eu\/en\/wp-json\/wp\/v2\/media\/12436"}],"wp:attachment":[{"href":"https:\/\/sachviet.eu\/en\/wp-json\/wp\/v2\/media?parent=12438"}],"wp:term":[{"taxonomy":"product_brand","embeddable":true,"href":"https:\/\/sachviet.eu\/en\/wp-json\/wp\/v2\/product_brand?post=12438"},{"taxonomy":"product_cat","embeddable":true,"href":"https:\/\/sachviet.eu\/en\/wp-json\/wp\/v2\/product_cat?post=12438"},{"taxonomy":"product_tag","embeddable":true,"href":"https:\/\/sachviet.eu\/en\/wp-json\/wp\/v2\/product_tag?post=12438"}],"curies":[{"name":"wp","href":"https:\/\/api.w.org\/{rel}","templated":true}]}}