{"id":12435,"date":"2021-06-11T14:23:23","date_gmt":"2021-06-11T11:23:23","guid":{"rendered":"https:\/\/sachviet.eu\/shop\/cua-hang-banh-mi-qua\/"},"modified":"2025-04-20T10:34:30","modified_gmt":"2025-04-20T07:34:30","slug":"cua-hang-banh-mi-qua","status":"publish","type":"product","link":"https:\/\/sachviet.eu\/en\/shop\/cua-hang-banh-mi-qua\/","title":{"rendered":"C\u1eeda H\u00e0ng B\u00e1nh M\u00ec Qu\u1ea1"},"content":{"rendered":"<p>Cu\u1ed1n tranh truy\u1ec7n Ehon n\u1ed5i ti\u1ebfng Nh\u1eadt B\u1ea3n n\u00e0y \u0111\u01b0\u1ee3c xu\u1ea5t b\u1ea3n l\u1ea7n \u0111\u1ea7u v\u00e0o n\u0103m 1973 v\u00e0 tr\u1edf th\u00e0nh m\u1ed9t ph\u1ea7n tu\u1ed5i th\u01a1 c\u1ee7a nhi\u1ec1u ng\u01b0\u1eddi Nh\u1eadt B\u1ea3n. T\u00e1c gi\u1ea3 \u0111\u00e3 t\u1ec9 m\u1ec9 v\u1ebd t\u1edbi tr\u00ean 80 lo\u1ea1i b\u00e1nh m\u00ec kh\u00e1c nhau trong cu\u1ed1n Ehon. Tranh v\u1ebd c\u1ee7a truy\u1ec7n r\u1ea5t chi ti\u1ebft v\u00e0 th\u00fa v\u1ecb n\u00ean c\u00e1c b\u00e9 ch\u1ec9 c\u1ea7n xem tranh th\u00f4i c\u0169ng \u0111\u00e3 \u0111\u1ee7 th\u1ea5y th\u00edch th\u00fa.<\/p>\n<p>Gia \u0111\u00ecnh nh\u00e0 Qu\u1ea1 c\u00f3 m\u1ed9t c\u1eeda h\u00e0ng b\u00e1nh m\u00ec. B\u1ed1 Qu\u1ea1, m\u1eb9 Qu\u1ea1 l\u00e0m vi\u1ec7c v\u1ea5t v\u1ea3 \u0111\u1ec3 nu\u00f4i b\u1ed1n b\u1ea1n qu\u1ea1 con. C\u00e1c b\u1ea1n Qu\u1ea1 con d\u00f9 ngh\u1ecbch ng\u1ee3m nh\u01b0ng \u0111\u00e3 bi\u1ebft gi\u00fap \u0111\u1ee1 b\u1ed1 m\u1eb9 l\u00e0m ra r\u1ea5t nhi\u1ec1u b\u00e1nh m\u00ec v\u1edbi \u0111\u1ee7 h\u00ecnh d\u1ea1ng kh\u00e1c nhau. Qu\u1ea1 n\u00e0y truy\u1ec1n tai Qu\u1ea1 kia, ch\u1eb3ng hi\u1ec3u sao c\u1ea3 khu r\u1eebng nh\u1ed1n nh\u00e1o k\u00e9o \u0111\u1ebfn C\u1eeda h\u00e0ng b\u00e1nh m\u00ec Qu\u1ea1\u2026<\/p>\n","protected":false},"excerpt":{"rendered":"<p>Cu\u1ed1n tranh truy\u1ec7n Ehon n\u1ed5i ti\u1ebfng Nh\u1eadt B\u1ea3n n\u00e0y \u0111\u01b0\u1ee3c xu\u1ea5t b\u1ea3n l\u1ea7n \u0111\u1ea7u v\u00e0o n\u0103m 1973 v\u00e0 tr\u1edf th\u00e0nh m\u1ed9t ph\u1ea7n tu\u1ed5i th\u01a1 c\u1ee7a nhi\u1ec1u ng\u01b0\u1eddi Nh\u1eadt B\u1ea3n. T\u00e1c gi\u1ea3 \u0111\u00e3 t\u1ec9 m\u1ec9 v\u1ebd t\u1edbi tr\u00ean 80 lo\u1ea1i b\u00e1nh m\u00ec kh\u00e1c nhau trong cu\u1ed1n Ehon. Tranh v\u1ebd c\u1ee7a truy\u1ec7n r\u1ea5t chi ti\u1ebft v\u00e0 th\u00fa v\u1ecb n\u00ean c\u00e1c b\u00e9 ch\u1ec9 c\u1ea7n xem tranh th\u00f4i c\u0169ng \u0111\u00e3 \u0111\u1ee7 th\u1ea5y th\u00edch th\u00fa.<\/p>\n<p>Gia \u0111\u00ecnh nh\u00e0 Qu\u1ea1 c\u00f3 m\u1ed9t c\u1eeda h\u00e0ng b\u00e1nh m\u00ec. B\u1ed1 Qu\u1ea1, m\u1eb9 Qu\u1ea1 l\u00e0m vi\u1ec7c v\u1ea5t v\u1ea3 \u0111\u1ec3 nu\u00f4i b\u1ed1n b\u1ea1n qu\u1ea1 con. C\u00e1c b\u1ea1n Qu\u1ea1 con d\u00f9 ngh\u1ecbch ng\u1ee3m nh\u01b0ng \u0111\u00e3 bi\u1ebft gi\u00fap \u0111\u1ee1 b\u1ed1 m\u1eb9 l\u00e0m ra r\u1ea5t nhi\u1ec1u b\u00e1nh m\u00ec v\u1edbi \u0111\u1ee7 h\u00ecnh d\u1ea1ng kh\u00e1c nhau. Qu\u1ea1 n\u00e0y truy\u1ec1n tai Qu\u1ea1 kia, ch\u1eb3ng hi\u1ec3u sao c\u1ea3 khu r\u1eebng nh\u1ed1n nh\u00e1o k\u00e9o \u0111\u1ebfn C\u1eeda h\u00e0ng b\u00e1nh m\u00ec Qu\u1ea1\u2026<\/p>\n","protected":false},"featured_media":12433,"template":"","meta":{"_acf_changed":false},"product_brand":[],"product_cat":[24,25,17],"product_tag":[],"class_list":{"0":"post-12435","1":"product","2":"type-product","3":"status-publish","4":"has-post-thumbnail","6":"product_cat-nha-tre-mau-giao-0-tuoi-6-tuoi","7":"product_cat-nhi-dong-6-tuoi-12-tuoi","8":"product_cat-sach-danh-cho-cac-be","10":"first","11":"instock","12":"taxable","13":"shipping-taxable","14":"purchasable","15":"product-type-simple"},"supplier_id":null,"supplier_sku":"","barcode":null,"atum_controlled":true,"out_stock_date":null,"out_stock_threshold":null,"inheritable":false,"inbound_stock":0,"stock_on_hold":0,"sold_today":0,"sales_last_days":0,"reserved_stock":0,"customer_returns":0,"warehouse_damage":0,"lost_in_post":0,"other_logs":0,"out_stock_days":0,"lost_sales":0,"has_location":false,"update_date":"2026-01-28T23:11:28","atum_locations":[],"atum_stock_status":"instock","restock_status":false,"low_stock_amount":"","sales_update_date":"2026-01-28T23:11:28","calc_backorders":null,"acf":{"publisher":{"ID":9154,"post_author":"2","post_date":"2021-05-21 19:37:16","post_date_gmt":"2021-05-21 16:37:16","post_content":"<!-- wp:html \/-->\n\n<!-- wp:image {\"id\":9157,\"sizeSlug\":\"large\",\"linkDestination\":\"media\"} -->\n<figure class=\"wp-block-image size-large\"><a href=\"https:\/\/sachviet.eu\/wp-content\/uploads\/2021\/05\/123004127_112271897340455_8566439221456752927_n-1.jpg\"><img src=\"https:\/\/sachviet.eu\/wp-content\/uploads\/2021\/05\/123004127_112271897340455_8566439221456752927_n-1-1024x666.jpg\" alt=\"\" class=\"wp-image-9157\" \/><\/a><\/figure>\n<!-- \/wp:image -->\n\n<!-- wp:heading {\"level\":3} -->\n<h3>M\u1ee4C TI\u00caU<\/h3>\n<!-- \/wp:heading -->\n\n<!-- wp:paragraph -->\n<p>D\u1ef1 \u00e1n M\u1ecdt s\u00e1ch Mogu \u0111ang ph\u00e1t tri\u1ec3n k\u1ebf ho\u1ea1ch h\u1ee3p t\u00e1c c\u00f9ng c\u00e1c tr\u01b0\u1eddng n\u1ea7m non, c\u00e1c \u0111\u01a1n v\u1ecb l\u00e0m v\u1ec1 s\u00e1ch, c\u00e1c \u0111\u01a1n v\u1ecb c\u00f3 c\u00f9ng m\u1ee5c ti\u00eau ph\u00e1t tri\u1ec3n v\u0103n h\u00f3a \u0111\u1ecdc v\u1ec1 vi\u1ec7c \u0111\u1ecdc truy\u1ec7n Ehoncho tr\u1ebb v\u00e0 nh\u1eadn \u0111\u01b0\u1ee3c r\u1ea5t nhi\u1ec1u s\u1ef1 quan t\u00e2m c\u1ee7a c\u00e1c v\u1ecb ph\u1ee5 huynh c\u0169ng nh\u01b0 c\u00e1c b\u00e9.<\/p>\n<!-- \/wp:paragraph -->\n\n<!-- wp:heading {\"level\":3} -->\n<h3>S\u1ee8 M\u1ec6NH<\/h3>\n<!-- \/wp:heading -->\n\n<!-- wp:paragraph -->\n<p>M\u1ecdt s\u00e1ch Mogu l\u00e0 d\u1ef1 \u00e1n \u0111\u1ecdc tranh truy\u1ec7n Ehon mi\u1ec5n ph\u00ed cho tr\u1ebb nh\u1ecf c\u1ee7a c\u00f4ng ty More Production Vi\u1ec7t Nam t\u1eeb n\u0103m 2014. V\u1edbi mong mu\u1ed1n c\u00e1c b\u1ea1n nh\u1ecf \u0111\u01b0\u1ee3c ti\u1ebfp x\u00fac t\u1edbi s\u00e1ch truy\u1ec7n t\u1eeb khi c\u00f2n nh\u1ecf v\u00e0 ph\u00e1t tri\u1ec3n t\u00ecnh y\u00eau v\u1edbi s\u00e1ch khi l\u1edbn l\u00ean.<\/p>\n<!-- \/wp:paragraph -->\n\n<!-- wp:heading {\"level\":3} -->\n<h3><\/h3>\n<!-- \/wp:heading -->","post_title":"Mogu","post_excerpt":"","post_status":"publish","comment_status":"closed","ping_status":"closed","post_password":"","post_name":"mogu","to_ping":"","pinged":"","post_modified":"2021-05-21 19:37:19","post_modified_gmt":"2021-05-21 16:37:19","post_content_filtered":"","post_parent":0,"guid":"https:\/\/sachviet.eu\/?post_type=publisher&#038;p=9154","menu_order":0,"post_type":"publisher","post_mime_type":"","comment_count":"0","filter":"raw"}},"_links":{"self":[{"href":"https:\/\/sachviet.eu\/en\/wp-json\/wp\/v2\/product\/12435","targetHints":{"allow":["GET"]}}],"collection":[{"href":"https:\/\/sachviet.eu\/en\/wp-json\/wp\/v2\/product"}],"about":[{"href":"https:\/\/sachviet.eu\/en\/wp-json\/wp\/v2\/types\/product"}],"wp:featuredmedia":[{"embeddable":true,"href":"https:\/\/sachviet.eu\/en\/wp-json\/wp\/v2\/media\/12433"}],"wp:attachment":[{"href":"https:\/\/sachviet.eu\/en\/wp-json\/wp\/v2\/media?parent=12435"}],"wp:term":[{"taxonomy":"product_brand","embeddable":true,"href":"https:\/\/sachviet.eu\/en\/wp-json\/wp\/v2\/product_brand?post=12435"},{"taxonomy":"product_cat","embeddable":true,"href":"https:\/\/sachviet.eu\/en\/wp-json\/wp\/v2\/product_cat?post=12435"},{"taxonomy":"product_tag","embeddable":true,"href":"https:\/\/sachviet.eu\/en\/wp-json\/wp\/v2\/product_tag?post=12435"}],"curies":[{"name":"wp","href":"https:\/\/api.w.org\/{rel}","templated":true}]}}