{"id":12432,"date":"2021-06-11T14:23:12","date_gmt":"2021-06-11T11:23:12","guid":{"rendered":"https:\/\/sachviet.eu\/shop\/chau-khong-bi-om-dau\/"},"modified":"2023-01-27T15:16:38","modified_gmt":"2023-01-27T13:16:38","slug":"chau-khong-bi-om-dau","status":"publish","type":"product","link":"https:\/\/sachviet.eu\/en\/shop\/chau-khong-bi-om-dau\/","title":{"rendered":"Ch\u00e1u kh\u00f4ng b\u1ecb \u1ed1m \u0111\u00e2u"},"content":{"rendered":"<p>B\u1eb1ng n\u00e9t v\u1ebd g\u1ea7n g\u0169i, t\u00e1c gi\u1ea3 Eiko Kadono &amp; Moko Taruishi \u0111\u00e3 t\u1ea1o ra c\u00e2u chuy\u1ec7n tuy\u1ec7t v\u1eddi v\u1ec1 b\u00e1c s\u0129 G\u1ea5u. Cu\u1ed1n s\u00e1ch c\u0169ng d\u1ea1y tr\u1ebb nh\u1eefng vi\u1ec7c ph\u1ea3i l\u00e0m khi b\u1ecb \u1ed1m.<\/p>\n<p>T\u00f3m t\u1eaft<br \/>\nSau b\u1eefa t\u1ed1i b\u00e9 Ken ho \u201ckh\u1ee5 kh\u1ee5\u201d. Mai b\u00e9 \u0111\u00e3 h\u1eb9n \u0111i c\u00e2u c\u00e1 v\u1edbi anh h\u1ecd, v\u00ec r\u1ea5t mong ch\u1edd ng\u00e0y n\u00e0y n\u00ean b\u00e9 kh\u00f4ng th\u1ec3 b\u1ecb \u1ed1m \u0111\u01b0\u1ee3c. Th\u1ebf r\u1ed3i b\u00e1c s\u0129 G\u1ea5u \u0111\u00e3 \u0111\u1ebfn v\u00e0 k\u1ecbp th\u1eddi c\u1ee9u nguy v\u1edbi ph\u01b0\u01a1ng ph\u00e1p v\u00f4 c\u00f9ng \u0111\u1eb7c bi\u1ec7t.<\/p>\n<p>\u0110\u1ed1i t\u01b0\u1ee3ng \u0111\u1ed9c gi\u1ea3<br \/>\n\u0110\u1ecdc cho b\u00e9: t\u1eeb 2 tu\u1ed5i tr\u1edf l\u00ean<\/p>\n<p>B\u00e9 t\u1ef1 \u0111\u1ecdc: t\u1eeb 6 tu\u1ed5i tr\u1edf l\u00ean<\/p>\n<p>T\u00e1c gi\u1ea3: Eiko Kadono &amp; Moko Taruishi<br \/>\nC\u00f4ng ty ph\u00e1t h\u00e0nh: More Production Vietnam<br \/>\nK\u00edch th\u01b0\u1edbc: 19 cm x 26 cm<br \/>\nLo\u1ea1i b\u00eca: B\u00eca m\u1ec1m<br \/>\nS\u1ed1 trang: 26<br \/>\n\u0110\u1ed9 tu\u1ed5i: T\u1eeb 2 &#8211; 6 tu\u1ed5i tr\u1edf l\u00ean<br \/>\nNh\u00e0 xu\u1ea5t b\u1ea3n li\u00ean k\u1ebft: NXB Kim \u0110\u1ed3ng<br \/>\nH\u01b0\u1edbng d\u1eabn \u0111\u1ecdc s\u00e1ch cho b\u00e9: https:\/\/youtu.be\/V0n7MnkppQc<\/p>\n","protected":false},"excerpt":{"rendered":"<p>B\u1eb1ng n\u00e9t v\u1ebd g\u1ea7n g\u0169i, t\u00e1c gi\u1ea3 Eiko Kadono &amp; Moko Taruishi \u0111\u00e3 t\u1ea1o ra c\u00e2u chuy\u1ec7n tuy\u1ec7t v\u1eddi v\u1ec1 b\u00e1c s\u0129 G\u1ea5u. Cu\u1ed1n s\u00e1ch c\u0169ng d\u1ea1y tr\u1ebb nh\u1eefng vi\u1ec7c ph\u1ea3i l\u00e0m khi b\u1ecb \u1ed1m.<\/p>\n<p>T\u00f3m t\u1eaft<br \/>\nSau b\u1eefa t\u1ed1i b\u00e9 Ken ho \u201ckh\u1ee5 kh\u1ee5\u201d. Mai b\u00e9 \u0111\u00e3 h\u1eb9n \u0111i c\u00e2u c\u00e1 v\u1edbi anh h\u1ecd, v\u00ec r\u1ea5t mong ch\u1edd ng\u00e0y n\u00e0y n\u00ean b\u00e9 kh\u00f4ng th\u1ec3 b\u1ecb \u1ed1m \u0111\u01b0\u1ee3c. Th\u1ebf r\u1ed3i b\u00e1c s\u0129 G\u1ea5u \u0111\u00e3 \u0111\u1ebfn v\u00e0 k\u1ecbp th\u1eddi c\u1ee9u nguy v\u1edbi ph\u01b0\u01a1ng ph\u00e1p v\u00f4 c\u00f9ng \u0111\u1eb7c bi\u1ec7t.<\/p>\n<p>\u0110\u1ed1i t\u01b0\u1ee3ng \u0111\u1ed9c gi\u1ea3<br \/>\n\u0110\u1ecdc cho b\u00e9: t\u1eeb 2 tu\u1ed5i tr\u1edf l\u00ean<\/p>\n<p>B\u00e9 t\u1ef1 \u0111\u1ecdc: t\u1eeb 6 tu\u1ed5i tr\u1edf l\u00ean<\/p>\n","protected":false},"featured_media":12430,"template":"","meta":{"_acf_changed":false},"product_brand":[],"product_cat":[25,17],"product_tag":[],"class_list":{"0":"post-12432","1":"product","2":"type-product","3":"status-publish","4":"has-post-thumbnail","6":"product_cat-nhi-dong-6-tuoi-12-tuoi","7":"product_cat-sach-danh-cho-cac-be","9":"first","10":"instock","11":"taxable","12":"shipping-taxable","13":"purchasable","14":"product-type-simple"},"supplier_id":null,"supplier_sku":"","barcode":null,"atum_controlled":true,"out_stock_date":null,"out_stock_threshold":null,"inheritable":false,"inbound_stock":0,"stock_on_hold":0,"sold_today":0,"sales_last_days":0,"reserved_stock":0,"customer_returns":0,"warehouse_damage":0,"lost_in_post":0,"other_logs":0,"out_stock_days":0,"lost_sales":0,"has_location":false,"update_date":"2026-01-28T23:10:51","atum_locations":[],"atum_stock_status":"instock","restock_status":false,"low_stock_amount":"","sales_update_date":"2026-01-28T23:10:51","calc_backorders":null,"acf":{"publisher":{"ID":9154,"post_author":"2","post_date":"2021-05-21 19:37:16","post_date_gmt":"2021-05-21 16:37:16","post_content":"<!-- wp:html \/-->\n\n<!-- wp:image {\"id\":9157,\"sizeSlug\":\"large\",\"linkDestination\":\"media\"} -->\n<figure class=\"wp-block-image size-large\"><a href=\"https:\/\/sachviet.eu\/wp-content\/uploads\/2021\/05\/123004127_112271897340455_8566439221456752927_n-1.jpg\"><img src=\"https:\/\/sachviet.eu\/wp-content\/uploads\/2021\/05\/123004127_112271897340455_8566439221456752927_n-1-1024x666.jpg\" alt=\"\" class=\"wp-image-9157\" \/><\/a><\/figure>\n<!-- \/wp:image -->\n\n<!-- wp:heading {\"level\":3} -->\n<h3>M\u1ee4C TI\u00caU<\/h3>\n<!-- \/wp:heading -->\n\n<!-- wp:paragraph -->\n<p>D\u1ef1 \u00e1n M\u1ecdt s\u00e1ch Mogu \u0111ang ph\u00e1t tri\u1ec3n k\u1ebf ho\u1ea1ch h\u1ee3p t\u00e1c c\u00f9ng c\u00e1c tr\u01b0\u1eddng n\u1ea7m non, c\u00e1c \u0111\u01a1n v\u1ecb l\u00e0m v\u1ec1 s\u00e1ch, c\u00e1c \u0111\u01a1n v\u1ecb c\u00f3 c\u00f9ng m\u1ee5c ti\u00eau ph\u00e1t tri\u1ec3n v\u0103n h\u00f3a \u0111\u1ecdc v\u1ec1 vi\u1ec7c \u0111\u1ecdc truy\u1ec7n Ehoncho tr\u1ebb v\u00e0 nh\u1eadn \u0111\u01b0\u1ee3c r\u1ea5t nhi\u1ec1u s\u1ef1 quan t\u00e2m c\u1ee7a c\u00e1c v\u1ecb ph\u1ee5 huynh c\u0169ng nh\u01b0 c\u00e1c b\u00e9.<\/p>\n<!-- \/wp:paragraph -->\n\n<!-- wp:heading {\"level\":3} -->\n<h3>S\u1ee8 M\u1ec6NH<\/h3>\n<!-- \/wp:heading -->\n\n<!-- wp:paragraph -->\n<p>M\u1ecdt s\u00e1ch Mogu l\u00e0 d\u1ef1 \u00e1n \u0111\u1ecdc tranh truy\u1ec7n Ehon mi\u1ec5n ph\u00ed cho tr\u1ebb nh\u1ecf c\u1ee7a c\u00f4ng ty More Production Vi\u1ec7t Nam t\u1eeb n\u0103m 2014. V\u1edbi mong mu\u1ed1n c\u00e1c b\u1ea1n nh\u1ecf \u0111\u01b0\u1ee3c ti\u1ebfp x\u00fac t\u1edbi s\u00e1ch truy\u1ec7n t\u1eeb khi c\u00f2n nh\u1ecf v\u00e0 ph\u00e1t tri\u1ec3n t\u00ecnh y\u00eau v\u1edbi s\u00e1ch khi l\u1edbn l\u00ean.<\/p>\n<!-- \/wp:paragraph -->\n\n<!-- wp:heading {\"level\":3} -->\n<h3><\/h3>\n<!-- \/wp:heading -->","post_title":"Mogu","post_excerpt":"","post_status":"publish","comment_status":"closed","ping_status":"closed","post_password":"","post_name":"mogu","to_ping":"","pinged":"","post_modified":"2021-05-21 19:37:19","post_modified_gmt":"2021-05-21 16:37:19","post_content_filtered":"","post_parent":0,"guid":"https:\/\/sachviet.eu\/?post_type=publisher&#038;p=9154","menu_order":0,"post_type":"publisher","post_mime_type":"","comment_count":"0","filter":"raw"}},"_links":{"self":[{"href":"https:\/\/sachviet.eu\/en\/wp-json\/wp\/v2\/product\/12432","targetHints":{"allow":["GET"]}}],"collection":[{"href":"https:\/\/sachviet.eu\/en\/wp-json\/wp\/v2\/product"}],"about":[{"href":"https:\/\/sachviet.eu\/en\/wp-json\/wp\/v2\/types\/product"}],"wp:featuredmedia":[{"embeddable":true,"href":"https:\/\/sachviet.eu\/en\/wp-json\/wp\/v2\/media\/12430"}],"wp:attachment":[{"href":"https:\/\/sachviet.eu\/en\/wp-json\/wp\/v2\/media?parent=12432"}],"wp:term":[{"taxonomy":"product_brand","embeddable":true,"href":"https:\/\/sachviet.eu\/en\/wp-json\/wp\/v2\/product_brand?post=12432"},{"taxonomy":"product_cat","embeddable":true,"href":"https:\/\/sachviet.eu\/en\/wp-json\/wp\/v2\/product_cat?post=12432"},{"taxonomy":"product_tag","embeddable":true,"href":"https:\/\/sachviet.eu\/en\/wp-json\/wp\/v2\/product_tag?post=12432"}],"curies":[{"name":"wp","href":"https:\/\/api.w.org\/{rel}","templated":true}]}}