{"id":12429,"date":"2021-06-11T14:23:04","date_gmt":"2021-06-11T11:23:04","guid":{"rendered":"https:\/\/sachviet.eu\/shop\/bac-si-an-ton-em-be-day\/"},"modified":"2024-03-06T10:26:42","modified_gmt":"2024-03-06T08:26:42","slug":"bac-si-an-ton-em-be-day","status":"publish","type":"product","link":"https:\/\/sachviet.eu\/en\/shop\/bac-si-an-ton-em-be-day\/","title":{"rendered":"B\u00e1c S\u0129 An-t\u00f4n: Em b\u00e9 \u0111\u00e2y"},"content":{"rendered":"<p>V\u1eabn l\u00e0 n\u00e9t v\u1ebd \u0111\u00e1ng y\u00eau c\u1ee7a t\u00e1c gi\u1ea3 Toshio Nishimura, b\u00e1c s\u0129 An-t\u00f4n quay tr\u1edf l\u1ea1i v\u1edbi h\u00ecnh \u1ea3nh hi\u1ec1n h\u1eadu v\u00e0 th\u00e2n thi\u1ec7n. Cu\u1ed1n truy\u1ec7n trong nh\u00f3m T\u01af DUY s\u1ebd nh\u1eb9 nh\u00e0ng \u0111an xen b\u00e0i h\u1ecdc v\u1ec1 gi\u00fap \u0111\u1ee1 ng\u01b0\u1eddi kh\u00e1c trong cu\u1ed9c s\u1ed1ng c\u0169ng nh\u01b0 ni\u1ec1m vui \u0111\u00f3n ch\u00e0o em b\u00e9 ra \u0111\u1eddi cho tr\u1ebb nh\u1ecf.<\/p>\n<p>B\u1ec7nh vi\u1ec7n cho \u0111\u1ed9ng v\u1eadt c\u1ee7a b\u00e1c s\u0129 An-t\u00f4n m\u1ed7i ng\u00e0y \u0111\u1ec1u \u0111\u00f3n ti\u1ebfp r\u1ea5t nhi\u1ec1u b\u1ec7nh nh\u00e2n. M\u1ed9t ng\u00e0y n\u1ecd, hai v\u1ee3 ch\u1ed3ng nh\u00e0 heo l\u00e0 B\u01b0-ta v\u00e0 B\u01b0-k\u00f4 \u0111\u1ebfn b\u1ec7nh vi\u1ec7n c\u1ee7a b\u00e1c s\u0129 An-t\u00f4n. Sau khi kh\u00e1m, b\u00e1c s\u0129 b\u1ea3o trong b\u1ee5ng c\u1ee7a B\u01b0-k\u00f4 h\u00ecnh nh\u01b0 \u0111\u00e3 c\u00f3 em b\u00e9! C\u00f9ng d\u00f5i theo h\u00e0nh tr\u00ecnh chu\u1ea9n b\u1ecb \u0111\u00f3n em b\u00e9 c\u1ee7a gia \u0111\u00ecnh B\u01b0-ta v\u00e0 B\u01b0-k\u00f4 nh\u00e9!<\/p>\n","protected":false},"excerpt":{"rendered":"<p>V\u1eabn l\u00e0 n\u00e9t v\u1ebd \u0111\u00e1ng y\u00eau c\u1ee7a t\u00e1c gi\u1ea3 Toshio Nishimura, b\u00e1c s\u0129 An-t\u00f4n quay tr\u1edf l\u1ea1i v\u1edbi h\u00ecnh \u1ea3nh hi\u1ec1n h\u1eadu v\u00e0 th\u00e2n thi\u1ec7n. Cu\u1ed1n truy\u1ec7n trong nh\u00f3m T\u01af DUY s\u1ebd nh\u1eb9 nh\u00e0ng \u0111an xen b\u00e0i h\u1ecdc v\u1ec1 gi\u00fap \u0111\u1ee1 ng\u01b0\u1eddi kh\u00e1c trong cu\u1ed9c s\u1ed1ng c\u0169ng nh\u01b0 ni\u1ec1m vui \u0111\u00f3n ch\u00e0o em b\u00e9 ra \u0111\u1eddi cho tr\u1ebb nh\u1ecf.<\/p>\n<p>B\u1ec7nh vi\u1ec7n cho \u0111\u1ed9ng v\u1eadt c\u1ee7a b\u00e1c s\u0129 An-t\u00f4n m\u1ed7i ng\u00e0y \u0111\u1ec1u \u0111\u00f3n ti\u1ebfp r\u1ea5t nhi\u1ec1u b\u1ec7nh nh\u00e2n. M\u1ed9t ng\u00e0y n\u1ecd, hai v\u1ee3 ch\u1ed3ng nh\u00e0 heo l\u00e0 B\u01b0-ta v\u00e0 B\u01b0-k\u00f4 \u0111\u1ebfn b\u1ec7nh vi\u1ec7n c\u1ee7a b\u00e1c s\u0129 An-t\u00f4n. Sau khi kh\u00e1m, b\u00e1c s\u0129 b\u1ea3o trong b\u1ee5ng c\u1ee7a B\u01b0-k\u00f4 h\u00ecnh nh\u01b0 \u0111\u00e3 c\u00f3 em b\u00e9! C\u00f9ng d\u00f5i theo h\u00e0nh tr\u00ecnh chu\u1ea9n b\u1ecb \u0111\u00f3n em b\u00e9 c\u1ee7a gia \u0111\u00ecnh B\u01b0-ta v\u00e0 B\u01b0-k\u00f4 nh\u00e9!<\/p>\n<p>T\u00e1c gi\u1ea3: Toshio Nishimura<br \/>\nC\u00f4ng ty ph\u00e1t h\u00e0nh: More Production Vietnam<br \/>\nK\u00edch th\u01b0\u1edbc: 20,8 cm x 25,7 cm<br \/>\nLo\u1ea1i b\u00eca: B\u00eca m\u1ec1m<br \/>\nS\u1ed1 trang: 36<br \/>\n\u0110\u1ed9 tu\u1ed5i: T\u1eeb 2 &#8211; 6 tu\u1ed5i tr\u1edf l\u00ean<br \/>\nNh\u00e0 xu\u1ea5t b\u1ea3n li\u00ean k\u1ebft: NXB Kim \u0110\u1ed3ng<\/p>\n","protected":false},"featured_media":12427,"template":"","meta":{"_acf_changed":false},"product_brand":[],"product_cat":[25,17],"product_tag":[],"class_list":{"0":"post-12429","1":"product","2":"type-product","3":"status-publish","4":"has-post-thumbnail","6":"product_cat-nhi-dong-6-tuoi-12-tuoi","7":"product_cat-sach-danh-cho-cac-be","9":"first","10":"instock","11":"taxable","12":"shipping-taxable","13":"purchasable","14":"product-type-simple"},"supplier_id":null,"supplier_sku":"","barcode":null,"atum_controlled":true,"out_stock_date":null,"out_stock_threshold":null,"inheritable":false,"inbound_stock":0,"stock_on_hold":0,"sold_today":0,"sales_last_days":0,"reserved_stock":0,"customer_returns":0,"warehouse_damage":0,"lost_in_post":0,"other_logs":0,"out_stock_days":0,"lost_sales":0,"has_location":false,"update_date":"2026-01-28T23:10:51","atum_locations":[],"atum_stock_status":"instock","restock_status":false,"low_stock_amount":"","sales_update_date":"2026-01-28T23:10:51","calc_backorders":null,"acf":{"publisher":{"ID":9154,"post_author":"2","post_date":"2021-05-21 19:37:16","post_date_gmt":"2021-05-21 16:37:16","post_content":"<!-- wp:html \/-->\n\n<!-- wp:image {\"id\":9157,\"sizeSlug\":\"large\",\"linkDestination\":\"media\"} -->\n<figure class=\"wp-block-image size-large\"><a href=\"https:\/\/sachviet.eu\/wp-content\/uploads\/2021\/05\/123004127_112271897340455_8566439221456752927_n-1.jpg\"><img src=\"https:\/\/sachviet.eu\/wp-content\/uploads\/2021\/05\/123004127_112271897340455_8566439221456752927_n-1-1024x666.jpg\" alt=\"\" class=\"wp-image-9157\" \/><\/a><\/figure>\n<!-- \/wp:image -->\n\n<!-- wp:heading {\"level\":3} -->\n<h3>M\u1ee4C TI\u00caU<\/h3>\n<!-- \/wp:heading -->\n\n<!-- wp:paragraph -->\n<p>D\u1ef1 \u00e1n M\u1ecdt s\u00e1ch Mogu \u0111ang ph\u00e1t tri\u1ec3n k\u1ebf ho\u1ea1ch h\u1ee3p t\u00e1c c\u00f9ng c\u00e1c tr\u01b0\u1eddng n\u1ea7m non, c\u00e1c \u0111\u01a1n v\u1ecb l\u00e0m v\u1ec1 s\u00e1ch, c\u00e1c \u0111\u01a1n v\u1ecb c\u00f3 c\u00f9ng m\u1ee5c ti\u00eau ph\u00e1t tri\u1ec3n v\u0103n h\u00f3a \u0111\u1ecdc v\u1ec1 vi\u1ec7c \u0111\u1ecdc truy\u1ec7n Ehoncho tr\u1ebb v\u00e0 nh\u1eadn \u0111\u01b0\u1ee3c r\u1ea5t nhi\u1ec1u s\u1ef1 quan t\u00e2m c\u1ee7a c\u00e1c v\u1ecb ph\u1ee5 huynh c\u0169ng nh\u01b0 c\u00e1c b\u00e9.<\/p>\n<!-- \/wp:paragraph -->\n\n<!-- wp:heading {\"level\":3} -->\n<h3>S\u1ee8 M\u1ec6NH<\/h3>\n<!-- \/wp:heading -->\n\n<!-- wp:paragraph -->\n<p>M\u1ecdt s\u00e1ch Mogu l\u00e0 d\u1ef1 \u00e1n \u0111\u1ecdc tranh truy\u1ec7n Ehon mi\u1ec5n ph\u00ed cho tr\u1ebb nh\u1ecf c\u1ee7a c\u00f4ng ty More Production Vi\u1ec7t Nam t\u1eeb n\u0103m 2014. V\u1edbi mong mu\u1ed1n c\u00e1c b\u1ea1n nh\u1ecf \u0111\u01b0\u1ee3c ti\u1ebfp x\u00fac t\u1edbi s\u00e1ch truy\u1ec7n t\u1eeb khi c\u00f2n nh\u1ecf v\u00e0 ph\u00e1t tri\u1ec3n t\u00ecnh y\u00eau v\u1edbi s\u00e1ch khi l\u1edbn l\u00ean.<\/p>\n<!-- \/wp:paragraph -->\n\n<!-- wp:heading {\"level\":3} -->\n<h3><\/h3>\n<!-- \/wp:heading -->","post_title":"Mogu","post_excerpt":"","post_status":"publish","comment_status":"closed","ping_status":"closed","post_password":"","post_name":"mogu","to_ping":"","pinged":"","post_modified":"2021-05-21 19:37:19","post_modified_gmt":"2021-05-21 16:37:19","post_content_filtered":"","post_parent":0,"guid":"https:\/\/sachviet.eu\/?post_type=publisher&#038;p=9154","menu_order":0,"post_type":"publisher","post_mime_type":"","comment_count":"0","filter":"raw"}},"_links":{"self":[{"href":"https:\/\/sachviet.eu\/en\/wp-json\/wp\/v2\/product\/12429","targetHints":{"allow":["GET"]}}],"collection":[{"href":"https:\/\/sachviet.eu\/en\/wp-json\/wp\/v2\/product"}],"about":[{"href":"https:\/\/sachviet.eu\/en\/wp-json\/wp\/v2\/types\/product"}],"wp:featuredmedia":[{"embeddable":true,"href":"https:\/\/sachviet.eu\/en\/wp-json\/wp\/v2\/media\/12427"}],"wp:attachment":[{"href":"https:\/\/sachviet.eu\/en\/wp-json\/wp\/v2\/media?parent=12429"}],"wp:term":[{"taxonomy":"product_brand","embeddable":true,"href":"https:\/\/sachviet.eu\/en\/wp-json\/wp\/v2\/product_brand?post=12429"},{"taxonomy":"product_cat","embeddable":true,"href":"https:\/\/sachviet.eu\/en\/wp-json\/wp\/v2\/product_cat?post=12429"},{"taxonomy":"product_tag","embeddable":true,"href":"https:\/\/sachviet.eu\/en\/wp-json\/wp\/v2\/product_tag?post=12429"}],"curies":[{"name":"wp","href":"https:\/\/api.w.org\/{rel}","templated":true}]}}