{"id":12402,"date":"2021-06-11T14:21:52","date_gmt":"2021-06-11T11:21:52","guid":{"rendered":"https:\/\/sachviet.eu\/shop\/co-ca-taiko-set-2-quyen\/"},"modified":"2021-08-25T00:15:21","modified_gmt":"2021-08-24T21:15:21","slug":"co-ca-taiko-set-2-quyen","status":"publish","type":"product","link":"https:\/\/sachviet.eu\/en\/shop\/co-ca-taiko-set-2-quyen\/","title":{"rendered":"C\u00f4 c\u00e1 Taiko &#8211; Set 2 quy\u1ec3n"},"content":{"rendered":"<p>Truy\u1ec7n k\u1ec3 v\u1ec1 c\u00f4 c\u00e1 Taiko. L\u00e0 c\u00e1 Tr\u00e1p nh\u01b0ng c\u00f4 c\u00e1 Taiko c\u00e1i g\u00ec c\u0169ng mu\u1ed1n th\u1eed, c\u00e1i g\u00ec mu\u1ed1n l\u00e0m. Nhi\u1ec1u \u0111i\u1ec1u th\u00fa v\u1ecb c\u1ea7n c\u00f4 Taiko ph\u1ea3i kh\u00e1m ph\u00e1 qu\u00e1! B\u00e1ch h\u00f3a tr\u00ean m\u1eb7t \u0111\u1ea5t vui qu\u00e1 khi\u1ebfn c\u00f4 m\u00ea m\u1ea3i h\u1ebft t\u1eeb ch\u1ed7 n\u00e0y \u0111\u1ebfn ch\u1ed7 kia, h\u1ebft \u0111i l\u00ean r\u1ed3i l\u1ea1i \u0111i xu\u1ed1ng. Nh\u01b0ng \u00f4 k\u00eca, t\u1ea1i sao \u0111ang vui m\u00e0 c\u00f4 l\u1ea1i b\u1ecf v\u1ec1 th\u1ebf???<br \/>\n H\u00e3y c\u00f9ng v\u1edbi Mogu v\u00e0 c\u00f4 c\u00e1 Taiko \u0111i kh\u00e1m ph\u00e1 m\u1ed9t b\u00e1ch h\u00f3a t\u1ed5ng h\u1ee3p \u0111\u1ec3 xem b\u00e1ch h\u00f3a t\u1ed5ng h\u1ee3p m\u00e0 c\u00f4 c\u00e1 Taiko \u0111i c\u00f3 gi\u1ed1ng v\u1edbi n\u01a1i m\u00e0 c\u00e1c b\u1ea1n M\u1ecdt nh\u00ed hay \u0111i kh\u00f4ng nh\u00e9!<br \/>\n N\u1ed9i dung trong s\u00e1ng, d\u1ec5 th\u01b0\u01a1ng, ph\u00f9 h\u1ee3p v\u1edbi t\u1eebng \u0111\u1ed9 tu\u1ed5i; h\u00ecnh v\u1ebd minh h\u1ecda r\u1ef1c r\u1ee1, sinh \u0111\u1ed9ng<br \/>\n T\u0103ng ph\u1ea3n x\u1ea1 n\u00e3o, m\u1eaft, tay \u1edf tr\u1ebb. K\u00edch th\u00edch kh\u1ea3 n\u0103ng quan s\u00e1t.<br \/>\n Kh\u01a1i d\u1eady tr\u00ed t\u01b0\u1edfng t\u01b0\u1ee3ng, ph\u00e1t huy s\u1ee9c s\u00e1ng t\u1ea1o, m\u1edf ra th\u1ebf gi\u1edbi t\u00e2m h\u1ed3n t\u01b0\u01a1i vui cho b\u00e9<br \/>\n M\u1edf r\u1ed9ng v\u1ed1n t\u1eeb v\u1ef1ng v\u1ec1 c\u1ea3m x\u00fac, c\u00e1c lo\u00e0i \u0111\u1ed9ng v\u1eadt sinh s\u1ed1ng d\u01b0\u1edbi bi\u1ec3n<br \/>\n G\u1eafn k\u1ebft b\u1ed1 m\u1eb9 v\u00e0 b\u00e9 qua nh\u1eefng ph\u00fat gi\u00e2y \u0111\u1ecdc truy\u1ec7n cho b\u00e9 nghe, r\u00e8n th\u00f3i quen \u0111\u1ecdc s\u00e1ch cho b\u00e9<br \/>\n D\u00e0nh cho c\u00e1c b\u1ea1n t\u1eeb 3 &#8211; 6 tu\u1ed5i<\/p>\n","protected":false},"excerpt":{"rendered":"<p>L\u00e0 cu\u1ed1n truy\u1ec7n n\u1eb1m trong series truy\u1ec7n k\u1ec3 v\u1ec1 c\u00f4 c\u00e1 Taiko ham vui, mu\u1ed1n th\u1eed l\u00e0m m\u1ecdi th\u1ee9 c\u1ee7a t\u00e1c gi\u1ea3 Nagano Hideko. Nh\u1eefng h\u00ecnh v\u1ebd t\u1ec9 m\u1ec9, \u0111\u1eb9p m\u1eaft trong truy\u1ec7n s\u1ebd g\u00e2y b\u1ea5t ng\u1edd v\u00e0 \u201cng\u1ed1n\u201d r\u1ea5t nhi\u1ec1u th\u1eddi gian c\u1ee7a \u0111\u1ed9c gi\u1ea3.<\/p>\n<p>Truy\u1ec7n k\u1ec3 v\u1ec1 c\u00f4 c\u00e1 Taiko. L\u00e0 c\u00e1 Tr\u00e1p nh\u01b0ng c\u00f4 c\u00e1 Taiko c\u00e1i g\u00ec c\u0169ng mu\u1ed1n th\u1eed, c\u00e1i g\u00ec mu\u1ed1n l\u00e0m. Nhi\u1ec1u \u0111i\u1ec1u th\u00fa v\u1ecb c\u1ea7n c\u00f4 Taiko ph\u1ea3i kh\u00e1m ph\u00e1 qu\u00e1! B\u00e1ch h\u00f3a tr\u00ean m\u1eb7t \u0111\u1ea5t vui qu\u00e1 khi\u1ebfn c\u00f4 m\u00ea m\u1ea3i h\u1ebft t\u1eeb ch\u1ed7 n\u00e0y \u0111\u1ebfn ch\u1ed7 kia, h\u1ebft \u0111i l\u00ean r\u1ed3i l\u1ea1i \u0111i xu\u1ed1ng. Nh\u01b0ng \u00f4 k\u00eca, t\u1ea1i sao \u0111ang vui m\u00e0 c\u00f4 l\u1ea1i b\u1ecf v\u1ec1 th\u1ebf?<\/p>\n","protected":false},"featured_media":12399,"template":"","meta":{"_acf_changed":false},"product_brand":[],"product_cat":[24,25,17],"product_tag":[],"class_list":{"0":"post-12402","1":"product","2":"type-product","3":"status-publish","4":"has-post-thumbnail","6":"product_cat-nha-tre-mau-giao-0-tuoi-6-tuoi","7":"product_cat-nhi-dong-6-tuoi-12-tuoi","8":"product_cat-sach-danh-cho-cac-be","10":"first","11":"instock","12":"taxable","13":"shipping-taxable","14":"purchasable","15":"product-type-simple"},"supplier_id":null,"supplier_sku":"","barcode":null,"atum_controlled":true,"out_stock_date":null,"out_stock_threshold":null,"inheritable":false,"inbound_stock":0,"stock_on_hold":0,"sold_today":0,"sales_last_days":0,"reserved_stock":0,"customer_returns":0,"warehouse_damage":0,"lost_in_post":0,"other_logs":0,"out_stock_days":0,"lost_sales":0,"has_location":false,"update_date":"2026-01-28T23:10:50","atum_locations":[],"atum_stock_status":"instock","restock_status":false,"low_stock_amount":"","sales_update_date":"2026-01-28T23:10:50","calc_backorders":null,"acf":{"publisher":{"ID":9154,"post_author":"2","post_date":"2021-05-21 19:37:16","post_date_gmt":"2021-05-21 16:37:16","post_content":"<!-- wp:html \/-->\n\n<!-- wp:image {\"id\":9157,\"sizeSlug\":\"large\",\"linkDestination\":\"media\"} -->\n<figure class=\"wp-block-image size-large\"><a href=\"https:\/\/sachviet.eu\/wp-content\/uploads\/2021\/05\/123004127_112271897340455_8566439221456752927_n-1.jpg\"><img src=\"https:\/\/sachviet.eu\/wp-content\/uploads\/2021\/05\/123004127_112271897340455_8566439221456752927_n-1-1024x666.jpg\" alt=\"\" class=\"wp-image-9157\" \/><\/a><\/figure>\n<!-- \/wp:image -->\n\n<!-- wp:heading {\"level\":3} -->\n<h3>M\u1ee4C TI\u00caU<\/h3>\n<!-- \/wp:heading -->\n\n<!-- wp:paragraph -->\n<p>D\u1ef1 \u00e1n M\u1ecdt s\u00e1ch Mogu \u0111ang ph\u00e1t tri\u1ec3n k\u1ebf ho\u1ea1ch h\u1ee3p t\u00e1c c\u00f9ng c\u00e1c tr\u01b0\u1eddng n\u1ea7m non, c\u00e1c \u0111\u01a1n v\u1ecb l\u00e0m v\u1ec1 s\u00e1ch, c\u00e1c \u0111\u01a1n v\u1ecb c\u00f3 c\u00f9ng m\u1ee5c ti\u00eau ph\u00e1t tri\u1ec3n v\u0103n h\u00f3a \u0111\u1ecdc v\u1ec1 vi\u1ec7c \u0111\u1ecdc truy\u1ec7n Ehoncho tr\u1ebb v\u00e0 nh\u1eadn \u0111\u01b0\u1ee3c r\u1ea5t nhi\u1ec1u s\u1ef1 quan t\u00e2m c\u1ee7a c\u00e1c v\u1ecb ph\u1ee5 huynh c\u0169ng nh\u01b0 c\u00e1c b\u00e9.<\/p>\n<!-- \/wp:paragraph -->\n\n<!-- wp:heading {\"level\":3} -->\n<h3>S\u1ee8 M\u1ec6NH<\/h3>\n<!-- \/wp:heading -->\n\n<!-- wp:paragraph -->\n<p>M\u1ecdt s\u00e1ch Mogu l\u00e0 d\u1ef1 \u00e1n \u0111\u1ecdc tranh truy\u1ec7n Ehon mi\u1ec5n ph\u00ed cho tr\u1ebb nh\u1ecf c\u1ee7a c\u00f4ng ty More Production Vi\u1ec7t Nam t\u1eeb n\u0103m 2014. V\u1edbi mong mu\u1ed1n c\u00e1c b\u1ea1n nh\u1ecf \u0111\u01b0\u1ee3c ti\u1ebfp x\u00fac t\u1edbi s\u00e1ch truy\u1ec7n t\u1eeb khi c\u00f2n nh\u1ecf v\u00e0 ph\u00e1t tri\u1ec3n t\u00ecnh y\u00eau v\u1edbi s\u00e1ch khi l\u1edbn l\u00ean.<\/p>\n<!-- \/wp:paragraph -->\n\n<!-- wp:heading {\"level\":3} -->\n<h3><\/h3>\n<!-- \/wp:heading -->","post_title":"Mogu","post_excerpt":"","post_status":"publish","comment_status":"closed","ping_status":"closed","post_password":"","post_name":"mogu","to_ping":"","pinged":"","post_modified":"2021-05-21 19:37:19","post_modified_gmt":"2021-05-21 16:37:19","post_content_filtered":"","post_parent":0,"guid":"https:\/\/sachviet.eu\/?post_type=publisher&#038;p=9154","menu_order":0,"post_type":"publisher","post_mime_type":"","comment_count":"0","filter":"raw"}},"_links":{"self":[{"href":"https:\/\/sachviet.eu\/en\/wp-json\/wp\/v2\/product\/12402","targetHints":{"allow":["GET"]}}],"collection":[{"href":"https:\/\/sachviet.eu\/en\/wp-json\/wp\/v2\/product"}],"about":[{"href":"https:\/\/sachviet.eu\/en\/wp-json\/wp\/v2\/types\/product"}],"wp:featuredmedia":[{"embeddable":true,"href":"https:\/\/sachviet.eu\/en\/wp-json\/wp\/v2\/media\/12399"}],"wp:attachment":[{"href":"https:\/\/sachviet.eu\/en\/wp-json\/wp\/v2\/media?parent=12402"}],"wp:term":[{"taxonomy":"product_brand","embeddable":true,"href":"https:\/\/sachviet.eu\/en\/wp-json\/wp\/v2\/product_brand?post=12402"},{"taxonomy":"product_cat","embeddable":true,"href":"https:\/\/sachviet.eu\/en\/wp-json\/wp\/v2\/product_cat?post=12402"},{"taxonomy":"product_tag","embeddable":true,"href":"https:\/\/sachviet.eu\/en\/wp-json\/wp\/v2\/product_tag?post=12402"}],"curies":[{"name":"wp","href":"https:\/\/api.w.org\/{rel}","templated":true}]}}