{"id":12398,"date":"2021-06-11T14:21:40","date_gmt":"2021-06-11T11:21:40","guid":{"rendered":"https:\/\/sachviet.eu\/shop\/gu-ri-va-gu-ra-set-7-quyen\/"},"modified":"2021-06-12T18:15:58","modified_gmt":"2021-06-12T15:15:58","slug":"gu-ri-va-gu-ra-set-7-quyen","status":"publish","type":"product","link":"https:\/\/sachviet.eu\/en\/shop\/gu-ri-va-gu-ra-set-7-quyen\/","title":{"rendered":"G\u01b0-ri v\u00e0 G\u01b0-ra &#8211; Set 7 quy\u1ec3n"},"content":{"rendered":"<p>Ra \u0111\u1eddi t\u1eeb n\u0103m 1963, \u201cG\u01b0-ri v\u00e0 G\u01b0-ra\u201d l\u00e0 series ehon n\u1ed5i ti\u1ebfng t\u1ea1i Nh\u1eadt B\u1ea3n \u0111\u00e3 \u0111\u01b0\u1ee3c d\u1ecbch ra 14 th\u1ee9 ti\u1ebfng v\u00e0 ph\u00e1t h\u00e0nh tr\u00ean 20,800,000 b\u1ea3n tr\u00ean kh\u1eafp th\u1ebf gi\u1edbi. C\u00f3 t\u1edbi 19 cu\u1ed1n truy\u1ec7n li\u00ean quan \u0111\u1ebfn seris \u0111\u01b0\u1ee3c ph\u00e1t h\u00e0nh, nhi\u1ec1u b\u1eadc cha m\u1eb9 v\u00e0 c\u00e1c con thu\u1ed9c hai th\u1ebf h\u1ec7 v\u1eabn ti\u1ebfp t\u1ee5c l\u00e0 \u0111\u1ed9c gi\u1ea3 c\u1ee7a \u201cG\u01b0-ri v\u00e0 G\u01b0-ra\u201d.<\/p>\n<p>Hai b\u1ea1n chu\u1ed9t \u0111\u1ed3ng G\u01b0-ri v\u00e0 G\u01b0-ra r\u1ea5t th\u00edch n\u1ea5u n\u01b0\u1edbng, \u0103n u\u1ed1ng.. H\u00e3y c\u00f9ng theo ch\u00e2n 2 b\u1ea1n chu\u1ed9t \u0111\u1ed3ng kh\u00e1m ph\u00e1 nh\u1eefng \u0111i\u1ec1u th\u00fa v\u1ecb v\u1ec1 th\u1ebf gi\u1edbi xung quanh \u0111\u1ea7y m\u1edbi l\u1ea1 v\u1edbi combo \u201cG\u01b0-ri, G\u01b0-ra du k\u00fd\u201d c\u1ee7a T\u1ee7 s\u00e1ch Mogu. B\u1eadt m\u00ed l\u00e0 c\u00e1c b\u00e9 s\u1ebd h\u1ecdc th\u00eam \u0111\u01b0\u1ee3c r\u1ea5t nhi\u1ec1u \u0111i\u1ec1u b\u1ed5 \u00edch v\u00e0 l\u00fd th\u00fa \u0111\u1ea5y nh\u00e9.<br \/>\nD\u00e0nh cho tr\u1ebb t\u1eeb 3 &#8211; 6 tu\u1ed5i tr\u1edf l\u00ean.<\/p>\n","protected":false},"excerpt":{"rendered":"<p>Ra \u0111\u1eddi t\u1eeb n\u0103m 1963, \u201cG\u01b0-ri v\u00e0 G\u01b0-ra\u201d l\u00e0 series ehon n\u1ed5i ti\u1ebfng t\u1ea1i Nh\u1eadt B\u1ea3n \u0111\u00e3 \u0111\u01b0\u1ee3c d\u1ecbch ra 14 th\u1ee9 ti\u1ebfng v\u00e0 ph\u00e1t h\u00e0nh tr\u00ean 20,800,000 b\u1ea3n tr\u00ean kh\u1eafp th\u1ebf gi\u1edbi. C\u00f3 t\u1edbi 19 cu\u1ed1n truy\u1ec7n li\u00ean quan \u0111\u1ebfn seris \u0111\u01b0\u1ee3c ph\u00e1t h\u00e0nh, nhi\u1ec1u b\u1eadc cha m\u1eb9 v\u00e0 c\u00e1c con thu\u1ed9c hai th\u1ebf h\u1ec7 v\u1eabn ti\u1ebfp t\u1ee5c l\u00e0 \u0111\u1ed9c gi\u1ea3 c\u1ee7a \u201cG\u01b0-ri v\u00e0 G\u01b0-ra\u201d. Hi\u1ec7n t\u1ea1i \u1edf Vi\u1ec7t Nam \u0111\u00e3 d\u1ecbch v\u00e0 ph\u00e1t h\u00e0nh tr\u1ecdn b\u1ed9 \u0111\u01b0\u1ee3c 7 cu\u1ed1n t\u1ea5t c\u1ea3.<\/p>\n<p>Hai b\u1ea1n chu\u1ed9t \u0111\u1ed3ng G\u01b0-ri v\u00e0 G\u01b0-ra r\u1ea5t th\u00edch n\u1ea5u n\u01b0\u1edbng, \u0103n u\u1ed1ng.. H\u00e3y c\u00f9ng theo ch\u00e2n 2 b\u1ea1n chu\u1ed9t \u0111\u1ed3ng kh\u00e1m ph\u00e1 nh\u1eefng \u0111i\u1ec1u th\u00fa v\u1ecb v\u1ec1 th\u1ebf gi\u1edbi xung quanh \u0111\u1ea7y m\u1edbi l\u1ea1 v\u1edbi combo \u201cG\u01b0-ri, G\u01b0-ra du k\u00fd\u201d c\u1ee7a T\u1ee7 s\u00e1ch Mogu. B\u1eadt m\u00ed l\u00e0 c\u00e1c b\u00e9 s\u1ebd h\u1ecdc th\u00eam \u0111\u01b0\u1ee3c r\u1ea5t nhi\u1ec1u \u0111i\u1ec1u b\u1ed5 \u00edch v\u00e0 l\u00fd th\u00fa \u0111\u1ea5y nh\u00e9.<br \/>\nD\u00e0nh cho tr\u1ebb t\u1eeb 3 &#8211; 6 tu\u1ed5i tr\u1edf l\u00ean.<\/p>\n","protected":false},"featured_media":12389,"template":"","meta":{"_acf_changed":false},"product_brand":[],"product_cat":[24,25,17],"product_tag":[],"class_list":{"0":"post-12398","1":"product","2":"type-product","3":"status-publish","4":"has-post-thumbnail","6":"product_cat-nha-tre-mau-giao-0-tuoi-6-tuoi","7":"product_cat-nhi-dong-6-tuoi-12-tuoi","8":"product_cat-sach-danh-cho-cac-be","10":"first","11":"instock","12":"taxable","13":"shipping-taxable","14":"purchasable","15":"product-type-simple"},"supplier_id":null,"supplier_sku":"","barcode":null,"atum_controlled":true,"out_stock_date":null,"out_stock_threshold":null,"inheritable":false,"inbound_stock":0,"stock_on_hold":0,"sold_today":0,"sales_last_days":0,"reserved_stock":0,"customer_returns":0,"warehouse_damage":0,"lost_in_post":0,"other_logs":0,"out_stock_days":0,"lost_sales":0,"has_location":false,"update_date":"2026-01-28T23:10:50","atum_locations":[],"atum_stock_status":"instock","restock_status":false,"low_stock_amount":"","sales_update_date":"2026-01-28T23:10:50","calc_backorders":null,"acf":{"publisher":{"ID":9154,"post_author":"2","post_date":"2021-05-21 19:37:16","post_date_gmt":"2021-05-21 16:37:16","post_content":"<!-- wp:html \/-->\n\n<!-- wp:image {\"id\":9157,\"sizeSlug\":\"large\",\"linkDestination\":\"media\"} -->\n<figure class=\"wp-block-image size-large\"><a href=\"https:\/\/sachviet.eu\/wp-content\/uploads\/2021\/05\/123004127_112271897340455_8566439221456752927_n-1.jpg\"><img src=\"https:\/\/sachviet.eu\/wp-content\/uploads\/2021\/05\/123004127_112271897340455_8566439221456752927_n-1-1024x666.jpg\" alt=\"\" class=\"wp-image-9157\" \/><\/a><\/figure>\n<!-- \/wp:image -->\n\n<!-- wp:heading {\"level\":3} -->\n<h3>M\u1ee4C TI\u00caU<\/h3>\n<!-- \/wp:heading -->\n\n<!-- wp:paragraph -->\n<p>D\u1ef1 \u00e1n M\u1ecdt s\u00e1ch Mogu \u0111ang ph\u00e1t tri\u1ec3n k\u1ebf ho\u1ea1ch h\u1ee3p t\u00e1c c\u00f9ng c\u00e1c tr\u01b0\u1eddng n\u1ea7m non, c\u00e1c \u0111\u01a1n v\u1ecb l\u00e0m v\u1ec1 s\u00e1ch, c\u00e1c \u0111\u01a1n v\u1ecb c\u00f3 c\u00f9ng m\u1ee5c ti\u00eau ph\u00e1t tri\u1ec3n v\u0103n h\u00f3a \u0111\u1ecdc v\u1ec1 vi\u1ec7c \u0111\u1ecdc truy\u1ec7n Ehoncho tr\u1ebb v\u00e0 nh\u1eadn \u0111\u01b0\u1ee3c r\u1ea5t nhi\u1ec1u s\u1ef1 quan t\u00e2m c\u1ee7a c\u00e1c v\u1ecb ph\u1ee5 huynh c\u0169ng nh\u01b0 c\u00e1c b\u00e9.<\/p>\n<!-- \/wp:paragraph -->\n\n<!-- wp:heading {\"level\":3} -->\n<h3>S\u1ee8 M\u1ec6NH<\/h3>\n<!-- \/wp:heading -->\n\n<!-- wp:paragraph -->\n<p>M\u1ecdt s\u00e1ch Mogu l\u00e0 d\u1ef1 \u00e1n \u0111\u1ecdc tranh truy\u1ec7n Ehon mi\u1ec5n ph\u00ed cho tr\u1ebb nh\u1ecf c\u1ee7a c\u00f4ng ty More Production Vi\u1ec7t Nam t\u1eeb n\u0103m 2014. V\u1edbi mong mu\u1ed1n c\u00e1c b\u1ea1n nh\u1ecf \u0111\u01b0\u1ee3c ti\u1ebfp x\u00fac t\u1edbi s\u00e1ch truy\u1ec7n t\u1eeb khi c\u00f2n nh\u1ecf v\u00e0 ph\u00e1t tri\u1ec3n t\u00ecnh y\u00eau v\u1edbi s\u00e1ch khi l\u1edbn l\u00ean.<\/p>\n<!-- \/wp:paragraph -->\n\n<!-- wp:heading {\"level\":3} -->\n<h3><\/h3>\n<!-- \/wp:heading -->","post_title":"Mogu","post_excerpt":"","post_status":"publish","comment_status":"closed","ping_status":"closed","post_password":"","post_name":"mogu","to_ping":"","pinged":"","post_modified":"2021-05-21 19:37:19","post_modified_gmt":"2021-05-21 16:37:19","post_content_filtered":"","post_parent":0,"guid":"https:\/\/sachviet.eu\/?post_type=publisher&#038;p=9154","menu_order":0,"post_type":"publisher","post_mime_type":"","comment_count":"0","filter":"raw"}},"_links":{"self":[{"href":"https:\/\/sachviet.eu\/en\/wp-json\/wp\/v2\/product\/12398","targetHints":{"allow":["GET"]}}],"collection":[{"href":"https:\/\/sachviet.eu\/en\/wp-json\/wp\/v2\/product"}],"about":[{"href":"https:\/\/sachviet.eu\/en\/wp-json\/wp\/v2\/types\/product"}],"wp:featuredmedia":[{"embeddable":true,"href":"https:\/\/sachviet.eu\/en\/wp-json\/wp\/v2\/media\/12389"}],"wp:attachment":[{"href":"https:\/\/sachviet.eu\/en\/wp-json\/wp\/v2\/media?parent=12398"}],"wp:term":[{"taxonomy":"product_brand","embeddable":true,"href":"https:\/\/sachviet.eu\/en\/wp-json\/wp\/v2\/product_brand?post=12398"},{"taxonomy":"product_cat","embeddable":true,"href":"https:\/\/sachviet.eu\/en\/wp-json\/wp\/v2\/product_cat?post=12398"},{"taxonomy":"product_tag","embeddable":true,"href":"https:\/\/sachviet.eu\/en\/wp-json\/wp\/v2\/product_tag?post=12398"}],"curies":[{"name":"wp","href":"https:\/\/api.w.org\/{rel}","templated":true}]}}