{"id":12388,"date":"2021-06-11T14:21:17","date_gmt":"2021-06-11T11:21:17","guid":{"rendered":"https:\/\/sachviet.eu\/shop\/ba-phi-qua-set-3-quyen\/"},"modified":"2024-09-07T19:35:50","modified_gmt":"2024-09-07T16:35:50","slug":"ba-phi-qua-set-3-quyen","status":"publish","type":"product","link":"https:\/\/sachviet.eu\/en\/shop\/ba-phi-qua-set-3-quyen\/","title":{"rendered":"B\u00e0 Ph\u00ed Qu\u00e1 &#8211; Set 3 quy\u1ec3n"},"content":{"rendered":"<p>B\u00c0 PH\u00cd QU\u00c1 l\u00e0m m\u00ecnh th\u1ea5y nh\u1edb b\u00e0 n\u1ed9i m\u00ecnh kinh kh\u1ee7ng. Ng\u00e0y x\u01b0a, m\u00ecnh v\u1ec1 qu\u00ea, th\u1ea5y l\u00e1 chu\u1ed1i kh\u00f4 bu\u1ed9c th\u00e0nh t\u1eebng b\u00f3 ch\u1ea5t k\u00edn hi\u00ean nh\u00e0, m\u00ecnh b\u1ea3o b\u00e0 l\u00e0 v\u1ee9t \u0111i, l\u1ee1 ch\u00e1y nh\u00e0 th\u00ec kh\u1ed5. B\u00e0 b\u1ea3o l\u00e1 chu\u1ed1i kh\u00f4 \u0111\u1ec3 cu\u1ed1i n\u0103m b\u00e1n cho ng\u01b0\u1eddi l\u00e0m b\u00e1nh gai, \u0111\u01b0\u1ee3c ti\u1ec1n l\u1eafm. C\u00e1i v\u01b0\u1eddn nho nh\u1ecf nh\u01b0 n\u00e0y th\u00f4i, m\u1ea5y c\u00e2y chu\u1ed1i, m\u1ea5y c\u00e2y ch\u00e8 nh\u01b0 n\u00e0y m\u00e0 ch\u1ecbu kh\u00f3 thu v\u00e9n th\u00ec m\u1ed7i n\u0103m c\u0169ng thu \u0111\u01b0\u1ee3c \u1ed1i ti\u1ec1n \u0111\u1ea5y.<br \/>\nT\u1ea5t c\u1ea3 c\u00e1c t\u00fai nylon m\u00e0 r\u01a1i v\u00e0o tay b\u00e0 th\u00ec \u0111\u1ec1u \u0111\u01b0\u1ee3c r\u1eeda s\u1ea1ch, g\u1ea5p g\u1ecdn g\u00e0ng. B\u00e0 b\u1ea3o b\u00e0 \u0111i ch\u1ee3 m\u1ea5y m\u01b0\u01a1i n\u0103m nh\u01b0ng ch\u01b0a bao gi\u1edd ph\u1ea3i m\u1ea5t ti\u1ec1n mua t\u00fai nylon \u0111\u1ef1ng \u0111\u1ed3 cho kh\u00e1ch. T\u1ea5t c\u1ea3 \u0111\u1ec1u \u0111\u01b0\u1ee3c t\u00e1i s\u1eed d\u1ee5ng<br \/>\nT\u1ee5i m\u00ecnh m\u00e0 \u0103n u\u1ed1ng r\u01a1i v\u00e3i l\u00e0 b\u00e0 nh\u1eb7t l\u00ean \u0103n ti\u1ebfp.<br \/>\nBu\u1ed3ng c\u1ee7a b\u00e0 nh\u01b0 m\u1ed9t c\u00e1i kho b\u00e1u v\u00f4 \u0111\u00e1y, \u0111\u1ed9ng v\u00e0o \u0111\u00e2u c\u0169ng ch\u1ed3ng ch\u1ed3ng l\u1edbp l\u1edbp h\u1ebft th\u1ee9 n\u00e0y th\u1ee9 n\u1ecd, ch\u1eadt ch\u1ed9i ng\u1ed9t ng\u1ea1t v\u00f4 c\u00f9ng. Nh\u01b0ng kh\u00f4ng ai b\u1ecf \u0111\u01b0\u1ee3c b\u1ea5t k\u00ec c\u00e1i g\u00ec c\u1ee7a b\u00e0 \u0111i. B\u00e0 b\u1ea3o th\u1ec3 n\u00e0o c\u0169ng c\u00f3 l\u00fac d\u00f9ng \u0111\u1ebfn.<br \/>\nKhi b\u00e0 95, 96 tu\u1ed5i g\u00ec \u0111\u1ea5y, b\u00e1c m\u00ecnh x\u00e2y nh\u00e0 m\u00e0 ng\u00e0y n\u00e0o b\u00e0 c\u0169ng ra gi\u00e1m s\u00e1t nh\u1eafc nh\u1edf, v\u00e0 lu\u00f4n mi\u1ec7ng ph\u00e0n n\u00e0n \u0111\u00e1m th\u1ee3 thuy\u1ec1n l\u00e3ng ph\u00ed qu\u00e1.<br \/>\nB\u00e0 k\u1ec3 v\u1edbi m\u00ecnh h\u00e0ng tr\u0103m h\u00e0ng ngh\u00ecn l\u1ea7n, kh\u00f4ng gi\u1ea5u \u0111\u01b0\u1ee3c s\u1ef1 t\u1ef1 h\u00e0o m\u00e3n nguy\u1ec7n, r\u1eb1ng nh\u1edd s\u1ef1 ti\u1ebft ki\u1ec7m, t\u1ea3o t\u1ea7n c\u1ee7a b\u00e0 m\u00e0 b\u00e0 nu\u00f4i \u0111\u01b0\u1ee3c 5 ng\u01b0\u1eddi con kh\u00f4n l\u1edbn. B\u00e1c c\u1ea3 \u0111\u00e3 hy sinh c\u00f2n l\u1ea1i 4 ng\u01b0\u1eddi con b\u00e0 \u0111\u1ec1u nu\u00f4i cho h\u1ecdc h\u1ebft \u0111\u1ea1i h\u1ecdc.<br \/>\nKhi m\u1edbi nu\u00f4i con, m\u00ecnh mu\u1ed1n con tr\u1edf th\u00e0nh nh\u1eefng con ng\u01b0\u1eddi h\u00e0o s\u1ea3ng, ph\u00f3ng kho\u00e1ng v\u00e0 kh\u00f4ng ph\u1ea3i l\u00fac n\u00e0o c\u0169ng b\u1eadn t\u00e2m v\u1ec1 chuy\u1ec7n ti\u1ec1n nong. M\u00ecnh c\u0169ng mu\u1ed1n cho ch\u00fang n\u00f3 th\u1ea5y r\u1eb1ng, m\u00ecnh kh\u00f4ng ti\u1ebfc ch\u00fang n\u00f3 \u0111i\u1ec1u g\u00ec c\u1ea3, v\u00e0 lu\u00f4n s\u1eb5n s\u00e0ng d\u00e0nh cho ch\u00fang n\u00f3 nh\u1eefng th\u1ee9 t\u1ed1t nh\u1ea5t. Nh\u01b0ng b\u00e2y gi\u1edd, khi ch\u00fang n\u00f3 qu\u00e1 l\u00e3ng ph\u00ed v\u00e0 kh\u00f4ng bi\u1ebft tr\u00e2n tr\u1ecdng \u0111\u1ed3ng ti\u1ec1n, m\u00ecnh nh\u1eadn ra r\u1eb1ng m\u00ecnh \u0111\u00e3 c\u00f3 ch\u00fat sai l\u1ea7m v\u00e0 c\u1ea7n \u0111i\u1ec1u ch\u1ec9nh.<br \/>\nB\u00e0 b\u1ed9 s\u00e1ch B\u00c0 PH\u00cd QU\u00c1 n\u00e0y \u0111\u1ebfn v\u00e0o th\u1eddi \u0111i\u1ec3m kh\u00f4ng th\u1ec3 \u0111\u00fang l\u00fac h\u01a1n.<br \/>\nC\u0169ng th\u1eadt may m\u1eafn r\u1eb1ng, trong h\u1ea7u h\u1ebft c\u00e1c gia \u0111\u00ecnh VN, gia \u0111\u00ecnh n\u00e0o c\u0169ng c\u00f3 m\u1ed9t B\u00c0 PH\u00cd QU\u00c1.<br \/>\nM\u00ecnh nghe danh Mogu M\u1ecdt s\u00e1ch \u0111\u00e3 l\u00e2u m\u00e0 gi\u1edd m\u1edbi b\u00e1n s\u00e1ch b\u00ean \u0111\u00f3, th\u1ef1c s\u1ef1 l\u00e0 c\u00f3 m\u1ed9t m\u1ed1i thi\u1ec7n c\u1ea3m r\u1ea5t l\u1edbn. S\u00e1ch hay v\u00e0 \u0111\u01b0\u1ee3c l\u00e0m r\u1ea5t ch\u1ec9n chu, r\u1ea5t \u0111\u1eb9p. M\u00ecnh kh\u00f4ng bi\u1ebft ch\u00ednh x\u00e1c ti\u00eau chu\u1ea9n c\u1ee7a s\u00e1ch Nh\u1eadt l\u00e0 nh\u01b0 th\u1ebf n\u00e0o, nh\u01b0ng b\u1ed9 s\u00e1ch n\u00e0y khi\u1ebfn m\u00ecnh c\u00f3 c\u1ea3m gi\u00e1c \u201cchu\u1ea9n Nh\u1eadt\u201d<br \/>\nB\u1ed9 s\u00e1ch B\u00c0 PH\u00cd QU\u00c1 c\u00f3 3 cu\u1ed1n<br \/>\nB\u00e0 Ph\u00ed Qu\u00e1<br \/>\nH\u00e3y \u0103n v\u1edbi l\u00f2ng bi\u1ebft \u01a1n<br \/>\nB\u00e0 Ph\u00ed Qu\u00e1 \u0111i theo s\u00f4ng<\/p>\n","protected":false},"excerpt":{"rendered":"<p>\ud835\udc36\ud835\udc48\u0300\ud835\udc41\ud835\udc3a \ud835\udc49\ud835\udc42\u031b\u0301\ud835\udc3c \ud835\udc35\ud835\udc34\u0300 \ud835\udc43\ud835\udc3b\ud835\udc3c\u0301 \ud835\udc44\ud835\udc48\ud835\udc34\u0301 &#8211; \ud835\udc37\ud835\udc34\u0323\ud835\udc4c \ud835\udc47\ud835\udc45\ud835\udc38\u0309 \ud835\udc47\ud835\udc3b\ud835\udc42\u0301\ud835\udc3c \ud835\udc44\ud835\udc48\ud835\udc38\ud835\udc41 \ud835\udc47\ud835\udc3c\ud835\udc38\u0302\u0301\ud835\udc47 \ud835\udc3e\ud835\udc3c\ud835\udc38\u0323\u0302\ud835\udc40<\/p>\n<p>\u1ede Nh\u1eadt, ti\u1ebft ki\u1ec7m \u0111\u01b0\u1ee3c coi l\u00e0 m\u1ef9 \u0111\u1ee9c. Gi\u00e1o d\u1ee5c tr\u1ebb ti\u1ebft ki\u1ec7m \u0111\u01b0\u1ee3c coi l\u00e0 m\u1ed9t n\u1ed9i dung gi\u00e1o d\u1ee5c gi\u1ea3ng d\u1ea1y \u0111\u1ea1o \u0111\u1ee9c quan tr\u1ecdng b\u1eadc nh\u1ea5t gi\u00fap trau d\u1ed3i ph\u1ea9m ch\u1ea5t v\u00e0 h\u00ecnh th\u00e0nh nh\u00e2n c\u00e1ch l\u00e0nh m\u1ea1nh \u1edf tr\u1ebb.<\/p>\n<p>V\u1edbi c\u00e1c b\u00e0 m\u1eb9 Nh\u1eadt B\u1ea3n, Ehon lu\u00f4n l\u00e0 m\u1ed9t trong nh\u1eefng ph\u01b0\u01a1ng ph\u00e1p \u201cgi\u00e1o d\u1ee5c \u0111\u1ea1o \u0111\u1ee9c\u201d r\u1ea5t t\u1ef1 nhi\u00ean, nh\u1eb9 nh\u00e0ng \u0111\u1ec3 h\u00ecnh th\u00e0nh cho tr\u1ebb th\u00f3i quen v\u00e0 suy ngh\u0129 ti\u1ebft ki\u1ec7m.<\/p>\n<p>Series truy\u1ec7n \u201c#B\u00e0_Ph\u00ed_Qu\u00e1\u201d v\u1eabn lu\u00f4n \u0111\u01b0\u1ee3c y\u00eau th\u00edch b\u1edfi n\u1ed9i dung g\u1ea7n g\u0169i v\u00e0 c\u00e1ch truy\u1ec1n t\u1ea3i ki\u1ebfn th\u1ee9c v\u00f4 c\u00f9ng th\u00fa v\u1ecb. B\u00e0 Ph\u00ed Qu\u00e1 s\u1ebd #\u0111\u1ed3ng_h\u00e0nh c\u00f9ng b\u1ed1 m\u1eb9 trong vi\u1ec7c r\u00e8n luy\u1ec7n th\u00f3i quen ti\u1ebft ki\u1ec7m c\u1ee7a tr\u1ebb<\/p>\n<p>\u201cB\u00e0 Ph\u00ed Qu\u00e1\u201d \u2013 l\u00e0m quen v\u1edbi nh\u1eefng vi\u1ec7c \u0111\u01a1n gi\u1ea3n h\u00e0ng ng\u00e0y: V\u1eb7n v\u00f2i n\u01b0\u1edbc ngay khi kh\u00f4ng s\u1eed d\u1ee5ng, t\u1eaft \u0111i\u1ec7n khi kh\u00f4ng d\u00f9ng t\u1edbi, t\u00e1i s\u1eed d\u1ee5ng v\u1eadt d\u1ee5ng, \u0111\u1ed3 d\u00f9ng h\u00e0ng ng\u00e0y<br \/>\n\u201cB\u00e0 Ph\u00ed Qu\u00e1 \u0111i theo s\u00f4ng\u201d &#8211; Gi\u00fap tr\u1ebb hi\u1ec3u v\u1ec1 v\u00f2ng tu\u1ea7n ho\u00e0n c\u1ee7a n\u01b0\u1edbc v\u00e0 t\u1ea7m quan tr\u1ecdng c\u1ee7a n\u01b0\u1edbc \u0111\u1ed1i v\u1edbi cu\u1ed9c s\u1ed1ng h\u00e0ng ng\u00e0y.<br \/>\n\u201cB\u00e0 Ph\u00ed Qu\u00e1 \u2013 h\u00e3y \u0103n v\u1edbi l\u00f2ng bi\u1ebft \u01a1n\u201d &#8211; Gi\u00fap tr\u1ebb tr\u00e2n tr\u1ecdng \u0111\u1ed3 \u0103n v\u00e0 r\u00e8n luy\u1ec7n cho tr\u1ebb th\u00f3i quen \u0103n u\u1ed1ng \u0111\u01a1n gi\u1ea3n, l\u00e0nh m\u1ea1nh v\u00e0 tr\u00e1nh l\u00e3ng ph\u00ed th\u1ef1c ph\u1ea9m.<\/p>\n","protected":false},"featured_media":12373,"template":"","meta":{"_acf_changed":false},"product_brand":[],"product_cat":[24,25,17],"product_tag":[],"class_list":{"0":"post-12388","1":"product","2":"type-product","3":"status-publish","4":"has-post-thumbnail","6":"product_cat-nha-tre-mau-giao-0-tuoi-6-tuoi","7":"product_cat-nhi-dong-6-tuoi-12-tuoi","8":"product_cat-sach-danh-cho-cac-be","10":"first","11":"instock","12":"sale","13":"taxable","14":"shipping-taxable","15":"purchasable","16":"product-type-simple"},"supplier_id":null,"supplier_sku":"","barcode":null,"atum_controlled":true,"out_stock_date":null,"out_stock_threshold":null,"inheritable":false,"inbound_stock":0,"stock_on_hold":0,"sold_today":0,"sales_last_days":0,"reserved_stock":0,"customer_returns":0,"warehouse_damage":0,"lost_in_post":0,"other_logs":0,"out_stock_days":0,"lost_sales":0,"has_location":false,"update_date":"2026-01-28T23:11:25","atum_locations":[],"atum_stock_status":"instock","restock_status":false,"low_stock_amount":"","sales_update_date":"2026-01-28T23:11:25","calc_backorders":null,"acf":{"publisher":{"ID":9154,"post_author":"2","post_date":"2021-05-21 19:37:16","post_date_gmt":"2021-05-21 16:37:16","post_content":"<!-- wp:html \/-->\n\n<!-- wp:image {\"id\":9157,\"sizeSlug\":\"large\",\"linkDestination\":\"media\"} -->\n<figure class=\"wp-block-image size-large\"><a href=\"https:\/\/sachviet.eu\/wp-content\/uploads\/2021\/05\/123004127_112271897340455_8566439221456752927_n-1.jpg\"><img src=\"https:\/\/sachviet.eu\/wp-content\/uploads\/2021\/05\/123004127_112271897340455_8566439221456752927_n-1-1024x666.jpg\" alt=\"\" class=\"wp-image-9157\" \/><\/a><\/figure>\n<!-- \/wp:image -->\n\n<!-- wp:heading {\"level\":3} -->\n<h3>M\u1ee4C TI\u00caU<\/h3>\n<!-- \/wp:heading -->\n\n<!-- wp:paragraph -->\n<p>D\u1ef1 \u00e1n M\u1ecdt s\u00e1ch Mogu \u0111ang ph\u00e1t tri\u1ec3n k\u1ebf ho\u1ea1ch h\u1ee3p t\u00e1c c\u00f9ng c\u00e1c tr\u01b0\u1eddng n\u1ea7m non, c\u00e1c \u0111\u01a1n v\u1ecb l\u00e0m v\u1ec1 s\u00e1ch, c\u00e1c \u0111\u01a1n v\u1ecb c\u00f3 c\u00f9ng m\u1ee5c ti\u00eau ph\u00e1t tri\u1ec3n v\u0103n h\u00f3a \u0111\u1ecdc v\u1ec1 vi\u1ec7c \u0111\u1ecdc truy\u1ec7n Ehoncho tr\u1ebb v\u00e0 nh\u1eadn \u0111\u01b0\u1ee3c r\u1ea5t nhi\u1ec1u s\u1ef1 quan t\u00e2m c\u1ee7a c\u00e1c v\u1ecb ph\u1ee5 huynh c\u0169ng nh\u01b0 c\u00e1c b\u00e9.<\/p>\n<!-- \/wp:paragraph -->\n\n<!-- wp:heading {\"level\":3} -->\n<h3>S\u1ee8 M\u1ec6NH<\/h3>\n<!-- \/wp:heading -->\n\n<!-- wp:paragraph -->\n<p>M\u1ecdt s\u00e1ch Mogu l\u00e0 d\u1ef1 \u00e1n \u0111\u1ecdc tranh truy\u1ec7n Ehon mi\u1ec5n ph\u00ed cho tr\u1ebb nh\u1ecf c\u1ee7a c\u00f4ng ty More Production Vi\u1ec7t Nam t\u1eeb n\u0103m 2014. V\u1edbi mong mu\u1ed1n c\u00e1c b\u1ea1n nh\u1ecf \u0111\u01b0\u1ee3c ti\u1ebfp x\u00fac t\u1edbi s\u00e1ch truy\u1ec7n t\u1eeb khi c\u00f2n nh\u1ecf v\u00e0 ph\u00e1t tri\u1ec3n t\u00ecnh y\u00eau v\u1edbi s\u00e1ch khi l\u1edbn l\u00ean.<\/p>\n<!-- \/wp:paragraph -->\n\n<!-- wp:heading {\"level\":3} -->\n<h3><\/h3>\n<!-- \/wp:heading -->","post_title":"Mogu","post_excerpt":"","post_status":"publish","comment_status":"closed","ping_status":"closed","post_password":"","post_name":"mogu","to_ping":"","pinged":"","post_modified":"2021-05-21 19:37:19","post_modified_gmt":"2021-05-21 16:37:19","post_content_filtered":"","post_parent":0,"guid":"https:\/\/sachviet.eu\/?post_type=publisher&#038;p=9154","menu_order":0,"post_type":"publisher","post_mime_type":"","comment_count":"0","filter":"raw"}},"_links":{"self":[{"href":"https:\/\/sachviet.eu\/en\/wp-json\/wp\/v2\/product\/12388","targetHints":{"allow":["GET"]}}],"collection":[{"href":"https:\/\/sachviet.eu\/en\/wp-json\/wp\/v2\/product"}],"about":[{"href":"https:\/\/sachviet.eu\/en\/wp-json\/wp\/v2\/types\/product"}],"wp:featuredmedia":[{"embeddable":true,"href":"https:\/\/sachviet.eu\/en\/wp-json\/wp\/v2\/media\/12373"}],"wp:attachment":[{"href":"https:\/\/sachviet.eu\/en\/wp-json\/wp\/v2\/media?parent=12388"}],"wp:term":[{"taxonomy":"product_brand","embeddable":true,"href":"https:\/\/sachviet.eu\/en\/wp-json\/wp\/v2\/product_brand?post=12388"},{"taxonomy":"product_cat","embeddable":true,"href":"https:\/\/sachviet.eu\/en\/wp-json\/wp\/v2\/product_cat?post=12388"},{"taxonomy":"product_tag","embeddable":true,"href":"https:\/\/sachviet.eu\/en\/wp-json\/wp\/v2\/product_tag?post=12388"}],"curies":[{"name":"wp","href":"https:\/\/api.w.org\/{rel}","templated":true}]}}