{"id":12361,"date":"2021-06-11T14:19:46","date_gmt":"2021-06-11T11:19:46","guid":{"rendered":"https:\/\/sachviet.eu\/shop\/lang-nghe-tieng-nang-boxset-2-tap\/"},"modified":"2021-07-04T18:02:34","modified_gmt":"2021-07-04T15:02:34","slug":"lang-nghe-tieng-nang-boxset-2-tap","status":"publish","type":"product","link":"https:\/\/sachviet.eu\/en\/shop\/lang-nghe-tieng-nang-boxset-2-tap\/","title":{"rendered":"L\u1eafng Nghe Ti\u1ebfng N\u1eafng (Boxset 2 T\u1eadp)"},"content":{"rendered":"<p>M\u1ed9t h\u00f4m, nh\u01b0 th\u01b0\u1eddng l\u1ec7, c\u1eadu ng\u1ed3i c\u00e2m l\u1eb7ng d\u01b0\u1edbi t\u00e1n l\u00e1 cho b\u1eefa tr\u01b0a m\u1ed9t m\u00ecnh.<\/p>\n<p>B\u1ea5t th\u1ea7n, m\u1ed9t ng\u01b0\u1eddi t\u1eeb tr\u00ean cao k\u00e9o theo b\u00f3ng n\u1eafng \u0111\u1ed5 nh\u00e0o xu\u1ed1ng ch\u1ed7 c\u1eadu.<\/p>\n<p>Tr\u00e1i ng\u01b0\u1ee3c nh\u01b0 \u1ed3n \u00e0o v\u00e0 l\u1eb7ng l\u1ebd, nh\u01b0ng c\u0169ng x\u00e2m l\u1ea5n nh\u01b0 \u1ed3n \u00e0o v\u00e0o l\u1eb7ng l\u1ebd, ng\u01b0\u1eddi \u1ea5y \u0111\u00e3 t\u1eebng b\u01b0\u1edbc hi\u1ec7n di\u1ec7n r\u00f5 r\u1ec7t trong \u0111\u1eddi c\u1eadu. L\u00f4i c\u1eadu ra kh\u1ecfi l\u1ed1i sinh ho\u1ea1t c\u00f4 \u0111\u01a1n bu\u1ed3n t\u1ebb. L\u00e0m c\u1eadu bu\u1ed3n c\u01b0\u1eddi v\u00ec ki\u1ec3u ch\u00e9p b\u00e0i nh\u01b0 g\u00e0 b\u1edbi. C\u1ed5 v\u0169 c\u1eadu r\u1eb1ng khuy\u1ebft t\u1eadt \u0111\u00e2u ph\u1ea3i l\u00e0 c\u00e1i t\u1ed9i. Gi\u00fap c\u1eadu t\u00ecm th\u1ea5y ni\u1ec1m vui trong vi\u1ec7c n\u1ea5u \u0103n cho ch\u1ec9 m\u1ed9t ng\u01b0\u1eddi. V\u00e0 khi\u1ebfn c\u1eadu, l\u1ea7n \u0111\u1ea7u ti\u00ean trong \u0111\u1eddi quy\u1ebft gi\u00e3i b\u00e0y t\u00ecnh c\u1ea3m\u2026<\/p>\n<p>\u0110\u1ec3 r\u1ed3i, ng\u01b0\u1eddi \u1ea5y ng\u01a1 ng\u00e1c.<\/p>\n<p>\u0110\u1ec3 r\u1ed3i, c\u1eadu th\u1ea5y th\u01b0\u01a1ng t\u1ed5n.<\/p>\n<p>\u0110\u1ec3 r\u1ed3i h\u1ea1nh ph\u00fac c\u1ee7a h\u1ecd c\u1ee9 \u1edf l\u01b0ng ch\u1eebng\u2026<\/p>\n<p>T\u1eeb l\u01b0ng ch\u1eebng \u1ea5y, hai ng\u01b0\u1eddi s\u1ebd l\u00f9i l\u1ea1i hay ti\u1ebfn t\u1edbi, li\u1ec7u c\u00f3 l\u00e0m n\u00ean d\u1ea5u \u1ea5n c\u1ee7a m\u1ed9t thanh xu\u00e2n?<\/p>\n","protected":false},"excerpt":{"rendered":"<p>M\u1ed9t h\u00f4m, nh\u01b0 th\u01b0\u1eddng l\u1ec7, c\u1eadu ng\u1ed3i c\u00e2m l\u1eb7ng d\u01b0\u1edbi t\u00e1n l\u00e1 cho b\u1eefa tr\u01b0a m\u1ed9t m\u00ecnh.<\/p>\n<p>B\u1ea5t th\u1ea7n, m\u1ed9t ng\u01b0\u1eddi t\u1eeb tr\u00ean cao k\u00e9o theo b\u00f3ng n\u1eafng \u0111\u1ed5 nh\u00e0o xu\u1ed1ng ch\u1ed7 c\u1eadu.<\/p>\n<p>Tr\u00e1i ng\u01b0\u1ee3c nh\u01b0 \u1ed3n \u00e0o v\u00e0 l\u1eb7ng l\u1ebd, nh\u01b0ng c\u0169ng x\u00e2m l\u1ea5n nh\u01b0 \u1ed3n \u00e0o v\u00e0o l\u1eb7ng l\u1ebd, ng\u01b0\u1eddi \u1ea5y \u0111\u00e3 t\u1eebng b\u01b0\u1edbc hi\u1ec7n di\u1ec7n r\u00f5 r\u1ec7t trong \u0111\u1eddi c\u1eadu. L\u00f4i c\u1eadu ra kh\u1ecfi l\u1ed1i sinh ho\u1ea1t c\u00f4 \u0111\u01a1n bu\u1ed3n t\u1ebb. L\u00e0m c\u1eadu bu\u1ed3n c\u01b0\u1eddi v\u00ec ki\u1ec3u ch\u00e9p b\u00e0i nh\u01b0 g\u00e0 b\u1edbi. C\u1ed5 v\u0169 c\u1eadu r\u1eb1ng khuy\u1ebft t\u1eadt \u0111\u00e2u ph\u1ea3i l\u00e0 c\u00e1i t\u1ed9i. Gi\u00fap c\u1eadu t\u00ecm th\u1ea5y ni\u1ec1m vui trong vi\u1ec7c n\u1ea5u \u0103n cho ch\u1ec9 m\u1ed9t ng\u01b0\u1eddi. V\u00e0 khi\u1ebfn c\u1eadu, l\u1ea7n \u0111\u1ea7u ti\u00ean trong \u0111\u1eddi quy\u1ebft gi\u00e3i b\u00e0y t\u00ecnh c\u1ea3m\u2026<\/p>\n<p>\u0110\u1ec3 r\u1ed3i, ng\u01b0\u1eddi \u1ea5y ng\u01a1 ng\u00e1c.<\/p>\n<p>\u0110\u1ec3 r\u1ed3i, c\u1eadu th\u1ea5y th\u01b0\u01a1ng t\u1ed5n.<\/p>\n<p>\u0110\u1ec3 r\u1ed3i h\u1ea1nh ph\u00fac c\u1ee7a h\u1ecd c\u1ee9 \u1edf l\u01b0ng ch\u1eebng\u2026<\/p>\n<p>T\u1eeb l\u01b0ng ch\u1eebng \u1ea5y, hai ng\u01b0\u1eddi s\u1ebd l\u00f9i l\u1ea1i hay ti\u1ebfn t\u1edbi, li\u1ec7u c\u00f3 l\u00e0m n\u00ean d\u1ea5u \u1ea5n c\u1ee7a m\u1ed9t thanh xu\u00e2n?<\/p>\n","protected":false},"featured_media":12359,"template":"","meta":{"_acf_changed":false},"product_brand":[],"product_cat":[73,15],"product_tag":[],"class_list":{"0":"post-12361","1":"product","2":"type-product","3":"status-publish","4":"has-post-thumbnail","6":"product_cat-dam-my-ngon-tinh","7":"product_cat-sach-danh-cho-nguoi-lon","9":"first","10":"outofstock","11":"taxable","12":"shipping-taxable","13":"purchasable","14":"product-type-simple"},"supplier_id":null,"supplier_sku":"","barcode":null,"atum_controlled":true,"out_stock_date":"2021-07-04 15:02:34","out_stock_threshold":null,"inheritable":false,"inbound_stock":0,"stock_on_hold":0,"sold_today":0,"sales_last_days":0,"reserved_stock":0,"customer_returns":0,"warehouse_damage":0,"lost_in_post":0,"other_logs":0,"out_stock_days":1669,"lost_sales":0,"has_location":false,"update_date":"2026-01-28T23:10:50","atum_locations":[],"atum_stock_status":"outofstock","restock_status":false,"low_stock_amount":"","sales_update_date":"2026-01-28T23:10:50","calc_backorders":null,"acf":{"publisher":{"ID":8612,"post_author":"1","post_date":"2021-04-28 14:27:30","post_date_gmt":"2021-04-28 11:27:30","post_content":"","post_title":"IPM","post_excerpt":"","post_status":"publish","comment_status":"closed","ping_status":"closed","post_password":"","post_name":"ipm","to_ping":"","pinged":"","post_modified":"2021-04-28 14:27:30","post_modified_gmt":"2021-04-28 11:27:30","post_content_filtered":"","post_parent":0,"guid":"https:\/\/sachviet.eu\/nha-phat-hanh\/ipm\/","menu_order":0,"post_type":"publisher","post_mime_type":"","comment_count":"0","filter":"raw"}},"_links":{"self":[{"href":"https:\/\/sachviet.eu\/en\/wp-json\/wp\/v2\/product\/12361","targetHints":{"allow":["GET"]}}],"collection":[{"href":"https:\/\/sachviet.eu\/en\/wp-json\/wp\/v2\/product"}],"about":[{"href":"https:\/\/sachviet.eu\/en\/wp-json\/wp\/v2\/types\/product"}],"wp:featuredmedia":[{"embeddable":true,"href":"https:\/\/sachviet.eu\/en\/wp-json\/wp\/v2\/media\/12359"}],"wp:attachment":[{"href":"https:\/\/sachviet.eu\/en\/wp-json\/wp\/v2\/media?parent=12361"}],"wp:term":[{"taxonomy":"product_brand","embeddable":true,"href":"https:\/\/sachviet.eu\/en\/wp-json\/wp\/v2\/product_brand?post=12361"},{"taxonomy":"product_cat","embeddable":true,"href":"https:\/\/sachviet.eu\/en\/wp-json\/wp\/v2\/product_cat?post=12361"},{"taxonomy":"product_tag","embeddable":true,"href":"https:\/\/sachviet.eu\/en\/wp-json\/wp\/v2\/product_tag?post=12361"}],"curies":[{"name":"wp","href":"https:\/\/api.w.org\/{rel}","templated":true}]}}